{"id":35727,"date":"2022-11-01T11:11:03","date_gmt":"2022-11-01T11:11:03","guid":{"rendered":"https:\/\/jackpotlotteryonline.com\/?page_id=35727"},"modified":"2022-12-19T08:05:54","modified_gmt":"2022-12-19T08:05:54","slug":"nasil-oynanir","status":"publish","type":"page","link":"https:\/\/jackpotlotteryonline.com\/tr\/nasil-oynanir\/","title":{"rendered":"Nas\u0131l oynan\u0131r"},"content":{"rendered":"<h2>\u00c7evrimi\u00e7i Piyango Etkinlikleri ve Oyunlar\u0131<\/h2>\n<p>Milyoner olma \u015fans\u0131n\u0131 yakalamak ister misiniz? \u00d6yleyse, d\u00fcnyan\u0131n d\u00f6rt bir yan\u0131ndaki milyonlarca insana kat\u0131l\u0131n ve \u00e7evrimi\u00e7i piyango oynamaya ba\u015flay\u0131n. Nerede olursan\u0131z olun, ister Amerika Birle\u015fik Devletleri&#8217;nde, ister Birle\u015fik Krall\u0131k&#8217;ta, ister Avustralya&#8217;da veya Yeni Zelanda&#8217;da, aralar\u0131ndan se\u00e7im yapabilece\u011finiz, hepsi de kazanma \u015fans\u0131na sahip olman\u0131z i\u00e7in b\u00fcy\u00fck ikramiyeler i\u00e7eren bir\u00e7ok farkl\u0131 t\u00fcrde Uluslararas\u0131 loto oyunu vard\u0131r.<br \/>\n<img loading=\"lazy\" decoding=\"async\" class=\"size-full wp-image-17816 alignright\" src=\"http:\/\/jackpotlotteryonline.com\/wp-content\/uploads\/2022\/10\/lotteryticket.jpg\" alt=\"\u00e7evrimi\u00e7i piyango oyna\" width=\"212\" height=\"142\" \/><\/p>\n<p>\u00c7evrimi\u00e7i loto oynamaya ba\u015flamak \u00e7ok basittir. Yapman\u0131z gereken ilk \u015feylerden biri web sitemizi ziyaret etmek ve mevcut farkl\u0131 lotolara g\u00f6z atmakt\u0131r. Bunu, baz\u0131lar\u0131 El Gordo Piyangosu, Birle\u015fik Krall\u0131k Milli Piyangosu, Thunderball Lotto, New York Piyangosu ve \u00e7ok daha fazlas\u0131n\u0131 i\u00e7eren listelenmi\u015f piyangolardan birini veya birka\u00e7\u0131n\u0131 se\u00e7erek kolayca yapabilirsiniz.<\/p>\n<p>Her bir piyango t\u00fcr\u00fcnde bilmeniz gereken her \u015feyi \u00f6\u011frenebileceksiniz. Daha sonra<a href=\"https:\/\/jackpotlotteryonline.com\/tr\/bilet-satin-al\"> online bilet sat\u0131n<\/a> almak i\u00e7in hizmetimizi kullanabilirsiniz.<\/p>\n<p>Her piyango a\u00e7\u0131klamas\u0131nda, \u015fu anda b\u00fcy\u00fck ikramiyenin ne oldu\u011fu, kazan\u0131ld\u0131ktan sonra ne kadar ba\u015flayaca\u011f\u0131, b\u00fcy\u00fck ikramiye \u00f6d\u00fcl\u00fcn\u00fc kazanmak i\u00e7in ka\u00e7 say\u0131y\u0131 e\u015fle\u015ftirmeniz gerekti\u011fi ve di\u011fer \u00f6d\u00fcl kademelerinin ne oldu\u011fu gibi ayr\u0131nt\u0131lar\u0131 bulacaks\u0131n\u0131z. Ayr\u0131ca, her t\u00fcr i\u00e7in \u00e7evrimi\u00e7i piyango oyunlar\u0131 oynayabilmek i\u00e7in ka\u00e7 ya\u015f\u0131nda olman\u0131z gerekti\u011fi ve \u00e7ekili\u015flerin hangi g\u00fcn ve saatlerde yap\u0131ld\u0131\u011f\u0131 gibi bilgileri de \u00f6\u011frenebileceksiniz.<\/p>\n<section class=\"layout\" style=\"border: solid 1px; width: 100%;\">\n<div class=\"img-div\" style=\"margin-top: 5px;\"><img decoding=\"async\" class=\"wp-image-17212 alignleft\" style=\"height: 45px; margin: 8px 8px 0px;\" src=\"http:\/\/jackpotlotteryonline.com\/wp-content\/uploads\/2022\/11\/read1.jpg\" alt=\"nas\u0131l oynan\u0131r\" width=\"\" height=\"\" \/><\/div>\n<div style=\"padding-left: 5px;\">\n<div style=\"font-size: 1.1em;\">\n<p><strong>Numaralar\u0131n\u0131z\u0131 se\u00e7mek i\u00e7in birka\u00e7 p\u00fcf noktas\u0131 ve ipucu<\/strong><\/p>\n<p style=\"font-size: 0.85em; margin-top: -1.5em;\">Kazanma \u015fans\u0131n\u0131z\u0131 art\u0131r\u0131n &#8211; say\u0131lar\u0131n\u0131z\u0131 se\u00e7mek i\u00e7in biraz strateji kullan\u0131n<a href=\"https:\/\/jackpotlotteryonline.com\/tr\/a-few-tricks-and-tips-for-choosing-your-numbers\">Daha fazla bilgi edinin<\/a><\/p>\n<\/div>\n<\/div>\n<\/section>\n<h2>Uluslararas\u0131 loto<\/h2>\n<p>M\u00fcmk\u00fcn olan en y\u00fcksek ikramiyeyi kazanma \u015fans\u0131n\u0131z\u0131 en \u00fcst d\u00fczeye \u00e7\u0131karmak i\u00e7in, mevcut ikramiyelerin ne oldu\u011funu bulacaks\u0131n\u0131z. Bu, hangi piyango oyunlar\u0131n\u0131 \u00e7evrimi\u00e7i oynayaca\u011f\u0131n\u0131z\u0131 stratejik olarak se\u00e7ece\u011finiz ve mevcut en y\u00fcksek ikramiyelere sahip olanlar\u0131 oynamay\u0131 se\u00e7ece\u011finiz anlam\u0131na gelir.<\/p>\n<p>Ayr\u0131ca \u00e7evrimi\u00e7i olarak birka\u00e7 piyango oyunu oynayabileceksiniz. Bu, yaln\u0131zca tek bir piyango t\u00fcr\u00fcne bilet koymak zorunda olmad\u0131\u011f\u0131n\u0131z, ayn\u0131 zamanda isterseniz farkl\u0131 t\u00fcrleri de oynayabilece\u011finiz anlam\u0131na gelir. \u00d6rne\u011fin, isterseniz ayn\u0131 anda hem ABD hem de \u0130ngiltere merkezli bir piyango oynayabilirsiniz, bu da nakit \u00f6d\u00fcl kazanma \u015fans\u0131n\u0131z\u0131 b\u00fcy\u00fck \u00f6l\u00e7\u00fcde art\u0131racakt\u0131r.<br \/>\n<img loading=\"lazy\" decoding=\"async\" class=\"alignright size-full wp-image-18329\" src=\"http:\/\/jackpotlotteryonline.com\/wp-content\/uploads\/2022\/10\/ticket_numbers_pick.jpg\" alt=\"online loto bileti\" width=\"212\" height=\"142\" \/><\/p>\n<p>Nerede olursan\u0131z olun uluslararas\u0131 piyango oyunlar\u0131n\u0131 \u00e7evrimi\u00e7i oynayabilmenin yan\u0131 s\u0131ra, piyango oyunlar\u0131n\u0131n sonu\u00e7lar\u0131n\u0131 da kontrol edebileceksiniz. Hangisi oldu\u011funa bak\u0131lmaks\u0131z\u0131n <a href=\"http:\/\/jackpotlotteryonline.com\/tr\/kazanan-sayilar\">her piyango oyunu i\u00e7in t\u00fcm sonu\u00e7lar<\/a> \u00e7evrimi\u00e7i olarak ger\u00e7ek zamanl\u0131 olarak g\u00fcncellenecektir. Bu, oynamay\u0131 se\u00e7ti\u011finiz oyun i\u00e7in piyango \u00e7ekili\u015fi yap\u0131l\u0131r yap\u0131lmaz, sonu\u00e7lar\u0131n daha sonra \u00e7ok h\u0131zl\u0131 bir \u015fekilde g\u00f6rmeniz i\u00e7in haz\u0131r olaca\u011f\u0131 anlam\u0131na gelir.<\/p>\n<p>Ayr\u0131ca, her bir piyango oyununun tam olarak nas\u0131l oynanaca\u011f\u0131na dair ayr\u0131nt\u0131lar\u0131 \u00e7evrimi\u00e7i olarak bulacaks\u0131n\u0131z. \u00d6rne\u011fin, asla \u00e7ok az veya \u00e7ok fazla say\u0131 se\u00e7emezsiniz &#8211; bilet sistemimiz b\u00f6yle bir hata yapt\u0131\u011f\u0131n\u0131zda size bir mesaj g\u00f6sterecek ve bunu nas\u0131l d\u00fczeltece\u011finizi g\u00f6sterecektir.<\/p>\n<p>Bu nedenle, ge\u00e7mi\u015fte belirli bir \u00fclkenin piyangosunu hi\u00e7 oynamam\u0131\u015f olsan\u0131z bile, bir profesyonel gibi oynaman\u0131z i\u00e7in t\u00fcm ayr\u0131nt\u0131lara haz\u0131r olacaks\u0131n\u0131z!<\/p>\n","protected":false},"excerpt":{"rendered":"<p>\u00c7evrimi\u00e7i Piyango Etkinlikleri ve Oyunlar\u0131 Milyoner olma \u015fans\u0131n\u0131 yakalamak ister misiniz? \u00d6yleyse, d\u00fcnyan\u0131n d\u00f6rt bir yan\u0131ndaki milyonlarca insana kat\u0131l\u0131n ve \u00e7evrimi\u00e7i piyango oynamaya ba\u015flay\u0131n. Nerede olursan\u0131z olun, ister Amerika Birle\u015fik Devletleri&#8217;nde, ister Birle\u015fik Krall\u0131k&#8217;ta, ister Avustralya&#8217;da veya Yeni Zelanda&#8217;da, aralar\u0131ndan se\u00e7im yapabilece\u011finiz, hepsi de kazanma \u015fans\u0131na sahip olman\u0131z i\u00e7in b\u00fcy\u00fck ikramiyeler i\u00e7eren bir\u00e7ok farkl\u0131 t\u00fcrde [&hellip;]<\/p>\n","protected":false},"author":1,"featured_media":0,"parent":0,"menu_order":2,"comment_status":"closed","ping_status":"closed","template":"Play-all.php","meta":{"_et_pb_use_builder":"","_et_pb_old_content":"","_et_gb_content_width":"","exclude_from_search":false,"footnotes":""},"class_list":["post-35727","page","type-page","status-publish","hentry"],"yoast_head":"<!-- This site is optimized with the Yoast SEO plugin v23.3 - https:\/\/yoast.com\/wordpress\/plugins\/seo\/ -->\n<title>Uluslararas\u0131 piyango etkinliklerine \u00e7evrimi\u00e7i kat\u0131labilir miyim?<\/title>\n<meta name=\"description\" content=\"Herhangi bir \u00fclkenin piyango ikramiyelerine kat\u0131lmak i\u00e7in o \u00fclkede ikamet ediyor olman\u0131z gerekmez\" \/>\n<meta name=\"robots\" content=\"index, follow, max-snippet:-1, max-image-preview:large, max-video-preview:-1\" \/>\n<link rel=\"canonical\" href=\"https:\/\/jackpotlotteryonline.com\/tr\/nasil-oynanir\/\" \/>\n<meta property=\"og:locale\" content=\"tr_TR\" \/>\n<meta property=\"og:type\" content=\"article\" \/>\n<meta property=\"og:title\" content=\"Uluslararas\u0131 piyango etkinliklerine \u00e7evrimi\u00e7i kat\u0131labilir miyim?\" \/>\n<meta property=\"og:description\" content=\"Herhangi bir \u00fclkenin piyango ikramiyelerine kat\u0131lmak i\u00e7in o \u00fclkede ikamet ediyor olman\u0131z gerekmez\" \/>\n<meta property=\"og:url\" content=\"https:\/\/jackpotlotteryonline.com\/tr\/nasil-oynanir\/\" \/>\n<meta property=\"og:site_name\" content=\"Lotto Online - Crack The International Lottery Jackpots\" \/>\n<meta property=\"article:modified_time\" content=\"2022-12-19T08:05:54+00:00\" \/>\n<meta property=\"og:image\" content=\"http:\/\/jackpotlotteryonline.com\/wp-content\/uploads\/2022\/10\/lotteryticket.jpg\" \/>\n<meta name=\"twitter:card\" content=\"summary_large_image\" \/>\n<meta name=\"twitter:label1\" content=\"Tahmini okuma s\u00fcresi\" \/>\n\t<meta name=\"twitter:data1\" content=\"3 dakika\" \/>\n<!-- \/ Yoast SEO plugin. -->","yoast_head_json":{"title":"Uluslararas\u0131 piyango etkinliklerine \u00e7evrimi\u00e7i kat\u0131labilir miyim?","description":"Herhangi bir \u00fclkenin piyango ikramiyelerine kat\u0131lmak i\u00e7in o \u00fclkede ikamet ediyor olman\u0131z gerekmez","robots":{"index":"index","follow":"follow","max-snippet":"max-snippet:-1","max-image-preview":"max-image-preview:large","max-video-preview":"max-video-preview:-1"},"canonical":"https:\/\/jackpotlotteryonline.com\/tr\/nasil-oynanir\/","og_locale":"tr_TR","og_type":"article","og_title":"Uluslararas\u0131 piyango etkinliklerine \u00e7evrimi\u00e7i kat\u0131labilir miyim?","og_description":"Herhangi bir \u00fclkenin piyango ikramiyelerine kat\u0131lmak i\u00e7in o \u00fclkede ikamet ediyor olman\u0131z gerekmez","og_url":"https:\/\/jackpotlotteryonline.com\/tr\/nasil-oynanir\/","og_site_name":"Lotto Online - Crack The International Lottery Jackpots","article_modified_time":"2022-12-19T08:05:54+00:00","og_image":[{"url":"http:\/\/jackpotlotteryonline.com\/wp-content\/uploads\/2022\/10\/lotteryticket.jpg"}],"twitter_card":"summary_large_image","twitter_misc":{"Tahmini okuma s\u00fcresi":"3 dakika"},"schema":{"@context":"https:\/\/schema.org","@graph":[{"@type":"WebPage","@id":"https:\/\/jackpotlotteryonline.com\/tr\/nasil-oynanir\/","url":"https:\/\/jackpotlotteryonline.com\/tr\/nasil-oynanir\/","name":"Uluslararas\u0131 piyango etkinliklerine \u00e7evrimi\u00e7i kat\u0131labilir miyim?","isPartOf":{"@id":"https:\/\/jackpotlotteryonline.com\/#website"},"primaryImageOfPage":{"@id":"https:\/\/jackpotlotteryonline.com\/tr\/nasil-oynanir\/#primaryimage"},"image":{"@id":"https:\/\/jackpotlotteryonline.com\/tr\/nasil-oynanir\/#primaryimage"},"thumbnailUrl":"http:\/\/jackpotlotteryonline.com\/wp-content\/uploads\/2022\/10\/lotteryticket.jpg","datePublished":"2022-11-01T11:11:03+00:00","dateModified":"2022-12-19T08:05:54+00:00","description":"Herhangi bir \u00fclkenin piyango ikramiyelerine kat\u0131lmak i\u00e7in o \u00fclkede ikamet ediyor olman\u0131z gerekmez","breadcrumb":{"@id":"https:\/\/jackpotlotteryonline.com\/tr\/nasil-oynanir\/#breadcrumb"},"inLanguage":"tr","potentialAction":[{"@type":"ReadAction","target":["https:\/\/jackpotlotteryonline.com\/tr\/nasil-oynanir\/"]}]},{"@type":"ImageObject","inLanguage":"tr","@id":"https:\/\/jackpotlotteryonline.com\/tr\/nasil-oynanir\/#primaryimage","url":"http:\/\/jackpotlotteryonline.com\/wp-content\/uploads\/2022\/10\/lotteryticket.jpg","contentUrl":"http:\/\/jackpotlotteryonline.com\/wp-content\/uploads\/2022\/10\/lotteryticket.jpg"},{"@type":"BreadcrumbList","@id":"https:\/\/jackpotlotteryonline.com\/tr\/nasil-oynanir\/#breadcrumb","itemListElement":[{"@type":"ListItem","position":1,"name":"Home","item":"https:\/\/jackpotlotteryonline.com\/tr\/"},{"@type":"ListItem","position":2,"name":"Nas\u0131l oynan\u0131r"}]},{"@type":"WebSite","@id":"https:\/\/jackpotlotteryonline.com\/#website","url":"https:\/\/jackpotlotteryonline.com\/","name":"Lotto Online - Crack The International Lottery Jackpots","description":"","potentialAction":[{"@type":"SearchAction","target":{"@type":"EntryPoint","urlTemplate":"https:\/\/jackpotlotteryonline.com\/?s={search_term_string}"},"query-input":"required name=search_term_string"}],"inLanguage":"tr"}]}},"_links":{"self":[{"href":"https:\/\/jackpotlotteryonline.com\/tr\/wp-json\/wp\/v2\/pages\/35727","targetHints":{"allow":["GET"]}}],"collection":[{"href":"https:\/\/jackpotlotteryonline.com\/tr\/wp-json\/wp\/v2\/pages"}],"about":[{"href":"https:\/\/jackpotlotteryonline.com\/tr\/wp-json\/wp\/v2\/types\/page"}],"author":[{"embeddable":true,"href":"https:\/\/jackpotlotteryonline.com\/tr\/wp-json\/wp\/v2\/users\/1"}],"replies":[{"embeddable":true,"href":"https:\/\/jackpotlotteryonline.com\/tr\/wp-json\/wp\/v2\/comments?post=35727"}],"version-history":[{"count":0,"href":"https:\/\/jackpotlotteryonline.com\/tr\/wp-json\/wp\/v2\/pages\/35727\/revisions"}],"wp:attachment":[{"href":"https:\/\/jackpotlotteryonline.com\/tr\/wp-json\/wp\/v2\/media?parent=35727"}],"curies":[{"name":"wp","href":"https:\/\/api.w.org\/{rel}","templated":true}]}}