{"id":35786,"date":"2022-11-01T13:52:08","date_gmt":"2022-11-01T13:52:08","guid":{"rendered":"https:\/\/jackpotlotteryonline.com\/?page_id=35786"},"modified":"2022-12-19T11:37:29","modified_gmt":"2022-12-19T11:37:29","slug":"bilet-satin-al","status":"publish","type":"page","link":"https:\/\/jackpotlotteryonline.com\/tr\/bilet-satin-al\/","title":{"rendered":"\u0130nternetten Piyango Bileti Nas\u0131l Al\u0131n\u0131r"},"content":{"rendered":"<p>\u00c7evrimi\u00e7i piyango bileti sat\u0131n almak art\u0131k son derece pop\u00fcler hale geldi. D\u00fcnyan\u0131n her yerinden loto hayranlar\u0131 \u00e7evrimi\u00e7i piyango bileti hizmetimizi kullan\u0131yor. Ve bunun i\u00e7in pek \u00e7ok iyi neden var.<\/p>\n<p>Baz\u0131 piyango oyuncular\u0131 i\u00e7in bu, piyango bileti sat\u0131n alman\u0131n tek yoludur, \u00e7\u00fcnk\u00fc ikamet ettikleri \u00fclkede piyango mevcut de\u011fildir. Bu y\u00fczden b\u00fcy\u00fck miktarlarda para kazanma \u015fans\u0131na sahip olman\u0131n yollar\u0131n\u0131 ararlar ve bunun i\u00e7in di\u011fer \u00fclkelerdeki piyangolara bakarlar. Ve web sitemizde, aralar\u0131ndan se\u00e7im yapabilece\u011finiz bir\u00e7ok piyango ikramiyesi var.<\/p>\n<p>Di\u011fer loto tutkunlar\u0131n\u0131n kendi \u00fclkelerinde de piyangolar vard\u0131r, ancak bu piyangolar onlar i\u00e7in o kadar cazip olmayabilir. Genellikle bu yerel piyangolar\u0131n daha k\u00fc\u00e7\u00fck b\u00fcy\u00fck \u00f6d\u00fclleri ve ikramiyeleri vard\u0131r veya haftada sadece bir kez oynan\u0131rlar. Dolay\u0131s\u0131yla oyuncular ba\u015fka, <a href=\"https:\/\/jackpotlotteryonline.com\/tr\/nasil-oynanir\">daha kazan\u00e7l\u0131 se\u00e7enekler arayacakt\u0131r<\/a>.<\/p>\n<h2>Di\u011fer \u00fclkelerdeki piyangolar\u0131n sundu\u011fu daha y\u00fcksek \u00f6demeler<\/h2>\n<p><img loading=\"lazy\" decoding=\"async\" class=\"alignright wp-image-17212\" src=\"https:\/\/jackpotlotteryonline.com\/wp-content\/uploads\/2022\/10\/1_buy_ticket_online.jpg\" alt=\"online piyango sat\u0131n al\" width=\"272\" height=\"204\" \/><\/p>\n<p>B\u00fcy\u00fck ikramiyeler \u00e7ok y\u00fcksek oldu\u011funda bir piyango biletine para yat\u0131rman\u0131n daha mant\u0131kl\u0131 oldu\u011fu iyi bilinen bir ilkedir. Sonu\u00e7ta, biletinizi sat\u0131n ald\u0131\u011f\u0131n\u0131zda, paran\u0131z\u0131n kar\u015f\u0131l\u0131\u011f\u0131n\u0131 maksimum d\u00fczeyde almak istersiniz. Bu da bilet fiyat\u0131n\u0131n ayn\u0131 olmas\u0131 durumunda, potansiyel olarak daha y\u00fcksek bir \u00f6d\u00fcl\u00fcn paran\u0131z\u0131n kar\u015f\u0131l\u0131\u011f\u0131n\u0131 daha iyi verece\u011fi anlam\u0131na gelir.<\/p>\n<p>Ancak oynamak istedi\u011finiz piyango i\u00e7in \u00e7evrimi\u00e7i bilet, yerel piyango biletinden iki kat daha pahal\u0131 olsa bile, \u00e7o\u011fu zaman daha pahal\u0131 olan \u00e7evrimi\u00e7i bileti sat\u0131n almak mant\u0131kl\u0131 olacakt\u0131r. Olas\u0131 ikramiye yerel ikramiyenizin iki kat\u0131ndan fazlaysa, matematiksel kazanma \u015fans\u0131n\u0131z online bilet alman\u0131z gereken piyango i\u00e7in daha y\u00fcksektir.<\/p>\n<h2>D\u00fcnyan\u0131n bir yerinde her zaman b\u00fcy\u00fck bir ikramiye vard\u0131r<\/h2>\n<p>\u0130\u015fte bu, \u00e7evrimi\u00e7i piyango bileti sat\u0131n alman\u0131n ana nedenidir. \u00c7evrimi\u00e7i bilet hizmeti arac\u0131l\u0131\u011f\u0131yla eri\u015febilece\u011finiz \u00e7ok say\u0131da piyango ile her zaman yat\u0131r\u0131m yapmaya de\u011fer b\u00fcy\u00fck bir ikramiye bulacaks\u0131n\u0131z. Nitekim m\u00fc\u015fterilerimizin b\u00fcy\u00fck bir k\u0131sm\u0131 basit bir strateji izlemektedir: \u015eu anda hangi piyango en b\u00fcy\u00fck ikramiyeye sahipse, biletlerini o piyango i\u00e7in al\u0131yorlar. \u00c7ok mant\u0131kl\u0131, de\u011fil mi?<\/p>\n<section class=\"layout\" style=\"border: solid 1px; width: 100%;\">\n<div class=\"img-div\" style=\"margin-top: 5px;\"><img decoding=\"async\" class=\"wp-image-17212 alignleft\" style=\"height: 45px; margin: 8px 8px 0px;\" src=\"https:\/\/jackpotlotteryonline.com\/wp-content\/uploads\/2022\/11\/read1.jpg\" alt=\"Doland\u0131r\u0131c\u0131 piyangolara dikkat edin\" width=\"\" height=\"\" \/><\/div>\n<div style=\"padding-left: 5px;\">\n<div style=\"font-size: 1.1em;\">\n<p><strong>Dikkat etmeniz gereken piyango doland\u0131r\u0131c\u0131l\u0131klar\u0131<\/strong><\/p>\n<p style=\"font-size: 0.85em; margin-top: -1.5em;\">Piyango tuzaklar\u0131na d\u00fc\u015fmeyin \u00a0<a href=\"https:\/\/jackpotlotteryonline.com\/tr\/online-piyango-dolandiriciligina-dikkat-edin\">daha fazla oku<\/a><\/p>\n<\/div>\n<\/div>\n<\/section>\n<h2>Bu piyangolardan biri i\u00e7in internetten bilet almak yasal m\u0131?<\/h2>\n<p>Evet, yasal. ABD&#8217;de oldu\u011funuzu ve yerel Powerball piyangosunun b\u00fcy\u00fck bir ikramiyeye sahip oldu\u011funu d\u00fc\u015f\u00fcn\u00fcn. Gidip bir bilet al\u0131yorsunuz ve o bilet kazan\u0131yor. Elbette, <a href=\"https:\/\/jackpotlotteryonline.com\/tr\/kazanan-sayilar\">\u00e7ekili\u015fin yap\u0131ld\u0131\u011f\u0131 s\u0131rada<\/a> art\u0131k \u00fclkede olmasan\u0131z bile piyango size \u00f6deme yapmak zorundad\u0131r. Yasal olarak bir bilet sat\u0131n ald\u0131n\u0131z. ABD&#8217;de ya\u015f\u0131yor olman\u0131z ya da olmaman\u0131z \u00f6nemli de\u011fildir. Ve d\u00fcnya \u00e7ap\u0131ndaki di\u011fer t\u00fcm piyangolarda da ayn\u0131 \u015fekilde \u00e7al\u0131\u015f\u0131r.<\/p>\n<p>Online hizmetimizin fark\u0131, ger\u00e7ek bileti sizin ad\u0131n\u0131za bizim sat\u0131n al\u0131yor olmam\u0131zd\u0131r. Siz online sipari\u015f verirsiniz ve yerel temsilcilerimizden biri sizin i\u00e7in fiziksel bir bilet sat\u0131n al\u0131r. Ayr\u0131ca biletinizi tarayacaklar ve sizin i\u00e7in ger\u00e7ek bir bilet ald\u0131\u011f\u0131m\u0131z\u0131 g\u00f6rebilmeniz i\u00e7in oyuncu hesab\u0131n\u0131za y\u00fcklenecektir.<br \/>\n<img loading=\"lazy\" decoding=\"async\" class=\"alignright size-medium wp-image-25854\" src=\"https:\/\/jackpotlotteryonline.com\/wp-content\/uploads\/2022\/10\/1_results_tickets_lotto-300x212.jpg\" alt=\"piyango bileti\" width=\"300\" height=\"212\" srcset=\"https:\/\/jackpotlotteryonline.com\/wp-content\/uploads\/2022\/10\/1_results_tickets_lotto-300x212.jpg 300w, https:\/\/jackpotlotteryonline.com\/wp-content\/uploads\/2022\/10\/1_results_tickets_lotto.jpg 320w\" sizes=\"auto, (max-width: 300px) 100vw, 300px\" \/><\/p>\n<p>E\u011fer b\u00fcy\u00fck kazan\u0131rsan\u0131z, piyangonun d\u00fczenlendi\u011fi \u00fclkeye gitmek isteyip istemedi\u011finiz size ba\u011fl\u0131d\u0131r. \u0130sterseniz, biletinizi bizden alabilir ve kazanan bileti piyango komisyonuna \u015fahsen sunabilirsiniz. Kimin sat\u0131n ald\u0131\u011f\u0131n\u0131 nas\u0131l bilecekler?<\/p>\n<p>Ama asl\u0131nda, bunu bu \u015fekilde yapmak zorunda de\u011filsiniz. \u00c7\u00fcnk\u00fc online piyango bileti hizmetimizin bir par\u00e7as\u0131 da \u00f6demeyi sizin i\u00e7in halledebilmemizdir. Kazanc\u0131n\u0131z\u0131 biz i\u015fleriz ve piyango komisyonu ya size bir \u00e7ek g\u00f6nderir ya da kazanc\u0131n\u0131z\u0131 banka hesab\u0131n\u0131za aktar\u0131r.<\/p>\n<p>Ve t\u00fcm k\u00fc\u00e7\u00fck kazan\u00e7lar\u0131n (2500,00 \u20ac&#8217;nun alt\u0131nda) web sitemizdeki oyuncu hesab\u0131n\u0131za an\u0131nda yat\u0131r\u0131laca\u011f\u0131n\u0131 biliyor muydunuz? Bu k\u00fc\u00e7\u00fck kazan\u00e7lar\u0131 elde etmek i\u00e7in hi\u00e7bir \u015fey yapman\u0131za gerek yok. Ve istedi\u011finiz zaman para \u00e7ekme talebinde bulunabilirsiniz ve biz de bu paralar\u0131 banka hesab\u0131n\u0131za, kredi kart\u0131n\u0131za veya kripto para c\u00fczdan\u0131n\u0131za (e\u011fer varsa) nakde \u00e7eviririz.<\/p>\n<h2>Piyango biletlerinizi \u00e7evrimi\u00e7i sat\u0131n alman\u0131n di\u011fer avantajlar\u0131<\/h2>\n<p>Bilet hizmetimizin olduk\u00e7a belirgin ba\u015fka avantajlar\u0131 da vard\u0131r:<\/p>\n<ul>\n<li>Biletinizi almak i\u00e7in evden \u00e7\u0131kman\u0131za gerek yok<\/li>\n<li>Piyango acentesinde veya ma\u011fazada kuyruk yok (\u00f6zellikle ikramiyeler b\u00fcy\u00fck oldu\u011funda \u00f6nemli!)<\/li>\n<li>Biletiniz tarand\u0131\u011f\u0131 ve g\u00fcvenli kasalar\u0131m\u0131zda sakland\u0131\u011f\u0131 i\u00e7in kaybolmaz<\/li>\n<\/ul>\n<p>Peki, ne i\u00e7in bekliyorsunuz? Bir piyango se\u00e7in ve online biletlerinizi bug\u00fcn sat\u0131n al\u0131n &#8211; biraz \u015fansla yar\u0131n\u0131n b\u00fcy\u00fck ikramiye kazanan\u0131 siz olabilirsiniz!<\/p>\n","protected":false},"excerpt":{"rendered":"<p>\u00c7evrimi\u00e7i piyango bileti sat\u0131n almak art\u0131k son derece pop\u00fcler hale geldi. D\u00fcnyan\u0131n her yerinden loto hayranlar\u0131 \u00e7evrimi\u00e7i piyango bileti hizmetimizi kullan\u0131yor. Ve bunun i\u00e7in pek \u00e7ok iyi neden var. Baz\u0131 piyango oyuncular\u0131 i\u00e7in bu, piyango bileti sat\u0131n alman\u0131n tek yoludur, \u00e7\u00fcnk\u00fc ikamet ettikleri \u00fclkede piyango mevcut de\u011fildir. Bu y\u00fczden b\u00fcy\u00fck miktarlarda para kazanma \u015fans\u0131na sahip [&hellip;]<\/p>\n","protected":false},"author":1,"featured_media":0,"parent":0,"menu_order":3,"comment_status":"closed","ping_status":"closed","template":"Information.php","meta":{"_et_pb_use_builder":"","_et_pb_old_content":"","_et_gb_content_width":"","exclude_from_search":false,"footnotes":""},"class_list":["post-35786","page","type-page","status-publish","hentry"],"yoast_head":"<!-- This site is optimized with the Yoast SEO plugin v23.3 - https:\/\/yoast.com\/wordpress\/plugins\/seo\/ -->\n<title>D\u00fcnya \u00e7ap\u0131ndaki piyangolar i\u00e7in \u00e7evrimi\u00e7i bilet sat\u0131n alma<\/title>\n<meta name=\"description\" content=\"Uluslararas\u0131 piyangolar i\u00e7in biletlerinizi \u00e7evrimi\u00e7i sat\u0131n al\u0131rken nelere dikkat etmelisiniz? Baz\u0131 \u00e7evrimi\u00e7i bilet hizmetleri daha az tavsiye edilir, hangileri oldu\u011funu \u00f6\u011frenin\" \/>\n<meta name=\"robots\" content=\"index, follow, max-snippet:-1, max-image-preview:large, max-video-preview:-1\" \/>\n<link rel=\"canonical\" href=\"https:\/\/jackpotlotteryonline.com\/tr\/bilet-satin-al\/\" \/>\n<meta property=\"og:locale\" content=\"tr_TR\" \/>\n<meta property=\"og:type\" content=\"article\" \/>\n<meta property=\"og:title\" content=\"D\u00fcnya \u00e7ap\u0131ndaki piyangolar i\u00e7in \u00e7evrimi\u00e7i bilet sat\u0131n alma\" \/>\n<meta property=\"og:description\" content=\"Uluslararas\u0131 piyangolar i\u00e7in biletlerinizi \u00e7evrimi\u00e7i sat\u0131n al\u0131rken nelere dikkat etmelisiniz? Baz\u0131 \u00e7evrimi\u00e7i bilet hizmetleri daha az tavsiye edilir, hangileri oldu\u011funu \u00f6\u011frenin\" \/>\n<meta property=\"og:url\" content=\"https:\/\/jackpotlotteryonline.com\/tr\/bilet-satin-al\/\" \/>\n<meta property=\"og:site_name\" content=\"Lotto Online - Crack The International Lottery Jackpots\" \/>\n<meta property=\"article:modified_time\" content=\"2022-12-19T11:37:29+00:00\" \/>\n<meta property=\"og:image\" content=\"https:\/\/jackpotlotteryonline.com\/wp-content\/uploads\/2022\/10\/1_buy_ticket_online.jpg\" \/>\n<meta name=\"twitter:card\" content=\"summary_large_image\" \/>\n<meta name=\"twitter:label1\" content=\"Tahmini okuma s\u00fcresi\" \/>\n\t<meta name=\"twitter:data1\" content=\"3 dakika\" \/>\n<!-- \/ Yoast SEO plugin. -->","yoast_head_json":{"title":"D\u00fcnya \u00e7ap\u0131ndaki piyangolar i\u00e7in \u00e7evrimi\u00e7i bilet sat\u0131n alma","description":"Uluslararas\u0131 piyangolar i\u00e7in biletlerinizi \u00e7evrimi\u00e7i sat\u0131n al\u0131rken nelere dikkat etmelisiniz? Baz\u0131 \u00e7evrimi\u00e7i bilet hizmetleri daha az tavsiye edilir, hangileri oldu\u011funu \u00f6\u011frenin","robots":{"index":"index","follow":"follow","max-snippet":"max-snippet:-1","max-image-preview":"max-image-preview:large","max-video-preview":"max-video-preview:-1"},"canonical":"https:\/\/jackpotlotteryonline.com\/tr\/bilet-satin-al\/","og_locale":"tr_TR","og_type":"article","og_title":"D\u00fcnya \u00e7ap\u0131ndaki piyangolar i\u00e7in \u00e7evrimi\u00e7i bilet sat\u0131n alma","og_description":"Uluslararas\u0131 piyangolar i\u00e7in biletlerinizi \u00e7evrimi\u00e7i sat\u0131n al\u0131rken nelere dikkat etmelisiniz? Baz\u0131 \u00e7evrimi\u00e7i bilet hizmetleri daha az tavsiye edilir, hangileri oldu\u011funu \u00f6\u011frenin","og_url":"https:\/\/jackpotlotteryonline.com\/tr\/bilet-satin-al\/","og_site_name":"Lotto Online - Crack The International Lottery Jackpots","article_modified_time":"2022-12-19T11:37:29+00:00","og_image":[{"url":"https:\/\/jackpotlotteryonline.com\/wp-content\/uploads\/2022\/10\/1_buy_ticket_online.jpg"}],"twitter_card":"summary_large_image","twitter_misc":{"Tahmini okuma s\u00fcresi":"3 dakika"},"schema":{"@context":"https:\/\/schema.org","@graph":[{"@type":"WebPage","@id":"https:\/\/jackpotlotteryonline.com\/tr\/bilet-satin-al\/","url":"https:\/\/jackpotlotteryonline.com\/tr\/bilet-satin-al\/","name":"D\u00fcnya \u00e7ap\u0131ndaki piyangolar i\u00e7in \u00e7evrimi\u00e7i bilet sat\u0131n alma","isPartOf":{"@id":"https:\/\/jackpotlotteryonline.com\/#website"},"primaryImageOfPage":{"@id":"https:\/\/jackpotlotteryonline.com\/tr\/bilet-satin-al\/#primaryimage"},"image":{"@id":"https:\/\/jackpotlotteryonline.com\/tr\/bilet-satin-al\/#primaryimage"},"thumbnailUrl":"https:\/\/jackpotlotteryonline.com\/wp-content\/uploads\/2022\/10\/1_buy_ticket_online.jpg","datePublished":"2022-11-01T13:52:08+00:00","dateModified":"2022-12-19T11:37:29+00:00","description":"Uluslararas\u0131 piyangolar i\u00e7in biletlerinizi \u00e7evrimi\u00e7i sat\u0131n al\u0131rken nelere dikkat etmelisiniz? Baz\u0131 \u00e7evrimi\u00e7i bilet hizmetleri daha az tavsiye edilir, hangileri oldu\u011funu \u00f6\u011frenin","breadcrumb":{"@id":"https:\/\/jackpotlotteryonline.com\/tr\/bilet-satin-al\/#breadcrumb"},"inLanguage":"tr","potentialAction":[{"@type":"ReadAction","target":["https:\/\/jackpotlotteryonline.com\/tr\/bilet-satin-al\/"]}]},{"@type":"ImageObject","inLanguage":"tr","@id":"https:\/\/jackpotlotteryonline.com\/tr\/bilet-satin-al\/#primaryimage","url":"https:\/\/jackpotlotteryonline.com\/wp-content\/uploads\/2022\/10\/1_buy_ticket_online.jpg","contentUrl":"https:\/\/jackpotlotteryonline.com\/wp-content\/uploads\/2022\/10\/1_buy_ticket_online.jpg"},{"@type":"BreadcrumbList","@id":"https:\/\/jackpotlotteryonline.com\/tr\/bilet-satin-al\/#breadcrumb","itemListElement":[{"@type":"ListItem","position":1,"name":"Home","item":"https:\/\/jackpotlotteryonline.com\/tr\/"},{"@type":"ListItem","position":2,"name":"\u0130nternetten Piyango Bileti Nas\u0131l Al\u0131n\u0131r"}]},{"@type":"WebSite","@id":"https:\/\/jackpotlotteryonline.com\/#website","url":"https:\/\/jackpotlotteryonline.com\/","name":"Lotto Online - Crack The International Lottery Jackpots","description":"","potentialAction":[{"@type":"SearchAction","target":{"@type":"EntryPoint","urlTemplate":"https:\/\/jackpotlotteryonline.com\/?s={search_term_string}"},"query-input":"required name=search_term_string"}],"inLanguage":"tr"}]}},"_links":{"self":[{"href":"https:\/\/jackpotlotteryonline.com\/tr\/wp-json\/wp\/v2\/pages\/35786","targetHints":{"allow":["GET"]}}],"collection":[{"href":"https:\/\/jackpotlotteryonline.com\/tr\/wp-json\/wp\/v2\/pages"}],"about":[{"href":"https:\/\/jackpotlotteryonline.com\/tr\/wp-json\/wp\/v2\/types\/page"}],"author":[{"embeddable":true,"href":"https:\/\/jackpotlotteryonline.com\/tr\/wp-json\/wp\/v2\/users\/1"}],"replies":[{"embeddable":true,"href":"https:\/\/jackpotlotteryonline.com\/tr\/wp-json\/wp\/v2\/comments?post=35786"}],"version-history":[{"count":0,"href":"https:\/\/jackpotlotteryonline.com\/tr\/wp-json\/wp\/v2\/pages\/35786\/revisions"}],"wp:attachment":[{"href":"https:\/\/jackpotlotteryonline.com\/tr\/wp-json\/wp\/v2\/media?parent=35786"}],"curies":[{"name":"wp","href":"https:\/\/api.w.org\/{rel}","templated":true}]}}