{"id":35860,"date":"2022-11-02T07:48:12","date_gmt":"2022-11-02T07:48:12","guid":{"rendered":"https:\/\/jackpotlotteryonline.com\/?page_id=35860"},"modified":"2022-12-26T08:44:35","modified_gmt":"2022-12-26T08:44:35","slug":"kazanan-sayilar","status":"publish","type":"page","link":"https:\/\/jackpotlotteryonline.com\/tr\/kazanan-sayilar\/","title":{"rendered":"Piyango sonu\u00e7lar\u0131"},"content":{"rendered":"<h2>Piyango sonu\u00e7lar\u0131 \u00e7evrimi\u00e7i<\/h2>\n<p>Oynayabilece\u011finiz bu kadar geni\u015f bir piyango yelpazesi ve g\u00fcn\u00fcm\u00fczde hepimizin internete eri\u015fim kolayl\u0131\u011f\u0131 ile bir\u00e7ok ki\u015fi piyango sonu\u00e7lar\u0131n\u0131 \u00e7evrimi\u00e7i olarak h\u0131zl\u0131 bir \u015fekilde kontrol etmeyi tercih ediyor. Bir piyango bileti sat\u0131n ald\u0131ysan\u0131z, o \u00e7ekili\u015f i\u00e7in kazanan numaralar\u0131n ne oldu\u011funu \u00f6\u011frenmek i\u00e7in endi\u015feleneceksiniz. <strong>Art\u0131k uluslararas\u0131 loto ikramiyelerinin sonu\u00e7lar\u0131n\u0131 saniyeler i\u00e7inde \u00e7evrimi\u00e7i olarak kolayca kontrol edebilirsiniz.<\/strong><\/p>\n<p>Bu hizmet d\u00fcnyan\u0131n her yerinde mevcuttur, bu nedenle nerede olursan\u0131z olun, ister tatilde, ister deniza\u015f\u0131r\u0131 bir i\u015f gezisinde, ister sadece i\u015fte veya arkada\u015flar\u0131n\u0131zla d\u0131\u015far\u0131da olun, art\u0131k yerel gazetenin etraf\u0131nda dola\u015fman\u0131za veya ikramiye kazan\u0131p kazanmad\u0131\u011f\u0131n\u0131z\u0131 \u00f6\u011frenmek i\u00e7in birka\u00e7 g\u00fcn beklemenize gerek yok. Art\u0131k web sitemizi ziyaret edebilir ve bahis oynad\u0131\u011f\u0131n\u0131z lotonun sonu\u00e7lar\u0131n\u0131 se\u00e7erek herhangi bir say\u0131y\u0131 tutturup tutturmad\u0131\u011f\u0131n\u0131z\u0131 h\u0131zl\u0131ca \u00f6\u011frenebilirsiniz.<\/p>\n<section class=\"layout\" style=\"border: solid 1px; width: 100%;\">\n<div class=\"img-div\" style=\"margin-top: 5px;\"><img decoding=\"async\" class=\"wp-image-17212 alignleft\" style=\"height: 45px; margin: 8px 8px 0px;\" src=\"https:\/\/jackpotlotteryonline.com\/wp-content\/uploads\/2022\/11\/read1.jpg\" alt=\"okuyun\" width=\"\" height=\"\" \/><\/div>\n<div style=\"padding-left: 5px;\">\n<div style=\"font-size: 1.1em;\">\n<p><strong>Piyango numaralar\u0131n\u0131z\u0131n \u00e7ekili\u015fini canl\u0131 izleyin<\/strong><\/p>\n<p style=\"font-size: 0.85em; margin-top: -1.5em;\">En sevdi\u011finiz piyangolar\u0131n canl\u0131 \u00e7ekili\u015flerini nas\u0131l izleyebilirsiniz?\u00a0 <a href=\"https:\/\/jackpotlotteryonline.com\/tr\/piyango-numaralarinizin-cekilisini-canli-izleyin\"> daha fazla oku<\/a><\/p>\n<\/div>\n<\/div>\n<\/section>\n<h2>Uluslararas\u0131 jackpot kazanan loto numaralar\u0131<\/h2>\n<p>Web sitemizde g\u00fcnl\u00fck olarak g\u00fcncellenen en b\u00fcy\u00fck uluslararas\u0131 piyango ikramiyeleri i\u00e7in bu haftan\u0131n kazanan loto numaralar\u0131n\u0131 kontrol edin. El Gordo, Euromillions, Mega Millions, Powerball, SuperEnaLotto ve \u00e7ok daha fazlas\u0131 dahil olmak \u00fczere Gezegendeki en iyi ve en b\u00fcy\u00fck lotolar\u0131 listeliyoruz.<br \/>\n<img loading=\"lazy\" decoding=\"async\" class=\"alignright size-medium wp-image-19277\" src=\"https:\/\/jackpotlotteryonline.com\/wp-content\/uploads\/2022\/10\/2_ticket_powerball_au2-163x300.jpg\" alt=\"piyango bileti taramas\u0131\" width=\"163\" height=\"300\" srcset=\"https:\/\/jackpotlotteryonline.com\/wp-content\/uploads\/2022\/10\/2_ticket_powerball_au2-163x300.jpg 163w, https:\/\/jackpotlotteryonline.com\/wp-content\/uploads\/2022\/10\/2_ticket_powerball_au2.jpg 250w\" sizes=\"auto, (max-width: 163px) 100vw, 163px\" \/><\/p>\n<p><strong>Bu piyangolar\u0131n \u00e7o\u011funun oynayamayaca\u011f\u0131n\u0131z\u0131 d\u00fc\u015f\u00fcnebilirsiniz, ancak bu do\u011fru de\u011fil!<\/strong> G\u00fcn\u00fcm\u00fczde, neredeyse t\u00fcm piyangolar i\u00e7in <a href=\"https:\/\/jackpotlotteryonline.com\/tr\/bilet-satin-al\">\u00e7evrimi\u00e7i bilet sat\u0131n almak<\/a> kolayd\u0131r. Bu, piyangonun d\u00fczenlendi\u011fi \u00fclkede ya\u015famak zorunda olmad\u0131\u011f\u0131n\u0131z anlam\u0131na gelir.<\/p>\n<p><strong>Bu, taraf\u0131m\u0131zdan sa\u011flanan bir hizmetle m\u00fcmk\u00fcn olmaktad\u0131r.<\/strong><\/p>\n<p>Yukar\u0131daki <a href=\"https:\/\/jackpotlotteryonline.com\/tr\/nasil-oynanir\">&#8220;Oyna&#8221; d\u00fc\u011fmelerinden<\/a> herhangi birine t\u0131klad\u0131\u011f\u0131n\u0131zda, s\u00f6z konusu piyango i\u00e7in numara se\u00e7me sayfas\u0131na y\u00f6nlendirileceksiniz. Numaralar\u0131n\u0131z\u0131 se\u00e7in, kaydolun ve \u00e7evrimi\u00e7i \u00f6deme yap\u0131n &#8211; bu kadar basit! Sat\u0131n alma i\u015flemi tamamland\u0131ktan hemen sonra ki\u015fisel biletinizin onay\u0131n\u0131 ve bir s\u00fcre sonra da biletinizin taranm\u0131\u015f halini alacaks\u0131n\u0131z. Ayr\u0131ca kazand\u0131\u011f\u0131n\u0131z paray\u0131 ald\u0131\u011f\u0131n\u0131zdan da emin olaca\u011f\u0131z. D\u00fcnya \u00e7ap\u0131ndaki bu ikramiyeler genellikle yerel piyangonuzdan 100 kat daha b\u00fcy\u00fck olabilir, \u00f6yleyse ne bekliyorsunuz? Se\u00e7iminizi yap\u0131n!<\/p>\n<h2>Kazan\u0131p kazanmad\u0131\u011f\u0131n\u0131z\u0131 g\u00f6r\u00fcn &#8211; biletinizi kazanan numaralarla kar\u015f\u0131la\u015ft\u0131r\u0131n<\/h2>\n<p>Piyango sonu\u00e7lar\u0131n\u0131 yaln\u0131zca diz\u00fcst\u00fc bilgisayar\u0131n\u0131zdan, masa\u00fcst\u00fc bilgisayar\u0131n\u0131zdan ve hatta iPhone&#8217;unuzdan evde veya ofiste \u00e7evrimi\u00e7i olarak kontrol etmekle kalmaz, ayn\u0131 zamanda pek \u00e7ok piyango i\u00e7in sonu\u00e7lar\u0131 tek bir sayfada hemen kontrol edebilirsiniz.<\/p>\n<p>Her loto \u00e7ekili\u015fi ger\u00e7ekle\u015fti\u011finde, her birinin sonu\u00e7lar\u0131 ger\u00e7ek zamanl\u0131 olarak g\u00fcncellenir. Bu, uluslararas\u0131 jackpotlar\u0131n sonu\u00e7lar\u0131n\u0131n \u00e7evrimi\u00e7i olarak mevcut oldu\u011fu veya \u00e7ekili\u015fin ger\u00e7ekle\u015fmesinden birka\u00e7 dakika sonra eri\u015febilece\u011finiz anlam\u0131na gelir.<br \/>\n<img loading=\"lazy\" decoding=\"async\" class=\"alignright wp-image-19599\" src=\"https:\/\/jackpotlotteryonline.com\/wp-content\/uploads\/2022\/10\/1_balls_draw_lotto_numbers-200x300.jpg\" alt=\"piyango kazanan numaralar\" width=\"154\" height=\"231\" srcset=\"https:\/\/jackpotlotteryonline.com\/wp-content\/uploads\/2022\/10\/1_balls_draw_lotto_numbers-200x300.jpg 200w, https:\/\/jackpotlotteryonline.com\/wp-content\/uploads\/2022\/10\/1_balls_draw_lotto_numbers.jpg 320w\" sizes=\"auto, (max-width: 154px) 100vw, 154px\" \/><\/p>\n<p>Hangi t\u00fcr loto olursa olsun, \u00e7evrimi\u00e7i bir loto bileti sat\u0131n almay\u0131 se\u00e7tiyseniz, loto sonu\u00e7lar\u0131n\u0131z\u0131 burada sitemizde \u00e7evrimi\u00e7i olarak kontrol etmek daha da kolayd\u0131r. Bunun nedeni, loto biletinizi \u00e7evrimi\u00e7i olarak yerle\u015ftirdi\u011finiz s\u0131rada e-posta adresinizi girmenizin istenecek olmas\u0131d\u0131r. Bu yaln\u0131zca oynamak \u00fczere bir hesap a\u00e7abilmeniz i\u00e7in gerekli de\u011fildir, ayn\u0131 zamanda size bir galibiyet bildirmek amac\u0131yla da gereklidir.<\/p>\n<p>Loto \u00e7ekili\u015fi ger\u00e7ekle\u015ftikten sonra, size nakit \u00f6d\u00fcl kazand\u0131rabilecek herhangi bir say\u0131y\u0131 e\u015fle\u015ftirdiyseniz, otomatik olarak e-posta yoluyla bilgilendirileceksiniz. E-posta gelen kutunuzu kontrol etmeniz yeterlidir.<\/p>\n<p>Ayr\u0131ca, piyango biletinizi buradan \u00e7evrimi\u00e7i olarak sat\u0131n ald\u0131ysan\u0131z, m\u00fc\u015fteri hesab\u0131n\u0131za giri\u015f yapabilirsiniz ve sonu\u00e7lar kar\u015f\u0131la\u015ft\u0131rma i\u00e7in biletinizin hemen yan\u0131nda g\u00f6r\u00fcnt\u00fclenecektir. Biletinizdeki \u00e7ekili\u015fle e\u015fle\u015fen numaralar vurgulanacakt\u0131r. Bu insani olarak m\u00fcmk\u00fcn oldu\u011fu kadar kullan\u0131\u015fl\u0131!<\/p>\n<p>Piyango sonu\u00e7lar\u0131n\u0131z\u0131 \u00e7evrimi\u00e7i olarak h\u0131zl\u0131 bir \u015fekilde kontrol edebilmek gibi pek \u00e7ok harika avantaj ve kullan\u0131\u015fl\u0131 \u00f6zellik sayesinde, <strong>bir\u00e7ok ki\u015fi art\u0131k loto biletlerini ma\u011fazalar yerine \u00e7evrimi\u00e7i sat\u0131n almay\u0131 tercih ediyor.<\/strong><\/p>\n","protected":false},"excerpt":{"rendered":"<p>Piyango sonu\u00e7lar\u0131 \u00e7evrimi\u00e7i Oynayabilece\u011finiz bu kadar geni\u015f bir piyango yelpazesi ve g\u00fcn\u00fcm\u00fczde hepimizin internete eri\u015fim kolayl\u0131\u011f\u0131 ile bir\u00e7ok ki\u015fi piyango sonu\u00e7lar\u0131n\u0131 \u00e7evrimi\u00e7i olarak h\u0131zl\u0131 bir \u015fekilde kontrol etmeyi tercih ediyor. Bir piyango bileti sat\u0131n ald\u0131ysan\u0131z, o \u00e7ekili\u015f i\u00e7in kazanan numaralar\u0131n ne oldu\u011funu \u00f6\u011frenmek i\u00e7in endi\u015feleneceksiniz. Art\u0131k uluslararas\u0131 loto ikramiyelerinin sonu\u00e7lar\u0131n\u0131 saniyeler i\u00e7inde \u00e7evrimi\u00e7i olarak kolayca [&hellip;]<\/p>\n","protected":false},"author":1,"featured_media":0,"parent":0,"menu_order":4,"comment_status":"closed","ping_status":"closed","template":"Results.php","meta":{"_et_pb_use_builder":"","_et_pb_old_content":"","_et_gb_content_width":"","exclude_from_search":false,"footnotes":""},"class_list":["post-35860","page","type-page","status-publish","hentry"],"yoast_head":"<!-- This site is optimized with the Yoast SEO plugin v23.3 - https:\/\/yoast.com\/wordpress\/plugins\/seo\/ -->\n<title>Uluslararas\u0131 loto ikramiyeleri i\u00e7in kazanan numaralar ve sonu\u00e7lar<\/title>\n<meta name=\"description\" content=\"Bu sayfa, \u00e7o\u011fu uluslararas\u0131 \u00e7evrimi\u00e7i jackpot piyangosunun sonu\u00e7lar\u0131n\u0131 ve kazanan numaralar\u0131n\u0131 g\u00f6sterir\" \/>\n<meta name=\"robots\" content=\"index, follow, max-snippet:-1, max-image-preview:large, max-video-preview:-1\" \/>\n<link rel=\"canonical\" href=\"https:\/\/jackpotlotteryonline.com\/tr\/kazanan-sayilar\/\" \/>\n<meta property=\"og:locale\" content=\"tr_TR\" \/>\n<meta property=\"og:type\" content=\"article\" \/>\n<meta property=\"og:title\" content=\"Uluslararas\u0131 loto ikramiyeleri i\u00e7in kazanan numaralar ve sonu\u00e7lar\" \/>\n<meta property=\"og:description\" content=\"Bu sayfa, \u00e7o\u011fu uluslararas\u0131 \u00e7evrimi\u00e7i jackpot piyangosunun sonu\u00e7lar\u0131n\u0131 ve kazanan numaralar\u0131n\u0131 g\u00f6sterir\" \/>\n<meta property=\"og:url\" content=\"https:\/\/jackpotlotteryonline.com\/tr\/kazanan-sayilar\/\" \/>\n<meta property=\"og:site_name\" content=\"Lotto Online - Crack The International Lottery Jackpots\" \/>\n<meta property=\"article:modified_time\" content=\"2022-12-26T08:44:35+00:00\" \/>\n<meta property=\"og:image\" content=\"https:\/\/jackpotlotteryonline.com\/wp-content\/uploads\/2022\/11\/read1.jpg\" \/>\n<meta name=\"twitter:card\" content=\"summary_large_image\" \/>\n<meta name=\"twitter:label1\" content=\"Tahmini okuma s\u00fcresi\" \/>\n\t<meta name=\"twitter:data1\" content=\"3 dakika\" \/>\n<!-- \/ Yoast SEO plugin. -->","yoast_head_json":{"title":"Uluslararas\u0131 loto ikramiyeleri i\u00e7in kazanan numaralar ve sonu\u00e7lar","description":"Bu sayfa, \u00e7o\u011fu uluslararas\u0131 \u00e7evrimi\u00e7i jackpot piyangosunun sonu\u00e7lar\u0131n\u0131 ve kazanan numaralar\u0131n\u0131 g\u00f6sterir","robots":{"index":"index","follow":"follow","max-snippet":"max-snippet:-1","max-image-preview":"max-image-preview:large","max-video-preview":"max-video-preview:-1"},"canonical":"https:\/\/jackpotlotteryonline.com\/tr\/kazanan-sayilar\/","og_locale":"tr_TR","og_type":"article","og_title":"Uluslararas\u0131 loto ikramiyeleri i\u00e7in kazanan numaralar ve sonu\u00e7lar","og_description":"Bu sayfa, \u00e7o\u011fu uluslararas\u0131 \u00e7evrimi\u00e7i jackpot piyangosunun sonu\u00e7lar\u0131n\u0131 ve kazanan numaralar\u0131n\u0131 g\u00f6sterir","og_url":"https:\/\/jackpotlotteryonline.com\/tr\/kazanan-sayilar\/","og_site_name":"Lotto Online - Crack The International Lottery Jackpots","article_modified_time":"2022-12-26T08:44:35+00:00","og_image":[{"url":"https:\/\/jackpotlotteryonline.com\/wp-content\/uploads\/2022\/11\/read1.jpg"}],"twitter_card":"summary_large_image","twitter_misc":{"Tahmini okuma s\u00fcresi":"3 dakika"},"schema":{"@context":"https:\/\/schema.org","@graph":[{"@type":"WebPage","@id":"https:\/\/jackpotlotteryonline.com\/tr\/kazanan-sayilar\/","url":"https:\/\/jackpotlotteryonline.com\/tr\/kazanan-sayilar\/","name":"Uluslararas\u0131 loto ikramiyeleri i\u00e7in kazanan numaralar ve sonu\u00e7lar","isPartOf":{"@id":"https:\/\/jackpotlotteryonline.com\/#website"},"primaryImageOfPage":{"@id":"https:\/\/jackpotlotteryonline.com\/tr\/kazanan-sayilar\/#primaryimage"},"image":{"@id":"https:\/\/jackpotlotteryonline.com\/tr\/kazanan-sayilar\/#primaryimage"},"thumbnailUrl":"https:\/\/jackpotlotteryonline.com\/wp-content\/uploads\/2022\/11\/read1.jpg","datePublished":"2022-11-02T07:48:12+00:00","dateModified":"2022-12-26T08:44:35+00:00","description":"Bu sayfa, \u00e7o\u011fu uluslararas\u0131 \u00e7evrimi\u00e7i jackpot piyangosunun sonu\u00e7lar\u0131n\u0131 ve kazanan numaralar\u0131n\u0131 g\u00f6sterir","breadcrumb":{"@id":"https:\/\/jackpotlotteryonline.com\/tr\/kazanan-sayilar\/#breadcrumb"},"inLanguage":"tr","potentialAction":[{"@type":"ReadAction","target":["https:\/\/jackpotlotteryonline.com\/tr\/kazanan-sayilar\/"]}]},{"@type":"ImageObject","inLanguage":"tr","@id":"https:\/\/jackpotlotteryonline.com\/tr\/kazanan-sayilar\/#primaryimage","url":"https:\/\/jackpotlotteryonline.com\/wp-content\/uploads\/2022\/11\/read1.jpg","contentUrl":"https:\/\/jackpotlotteryonline.com\/wp-content\/uploads\/2022\/11\/read1.jpg"},{"@type":"BreadcrumbList","@id":"https:\/\/jackpotlotteryonline.com\/tr\/kazanan-sayilar\/#breadcrumb","itemListElement":[{"@type":"ListItem","position":1,"name":"Home","item":"https:\/\/jackpotlotteryonline.com\/tr\/"},{"@type":"ListItem","position":2,"name":"Piyango sonu\u00e7lar\u0131"}]},{"@type":"WebSite","@id":"https:\/\/jackpotlotteryonline.com\/#website","url":"https:\/\/jackpotlotteryonline.com\/","name":"Lotto Online - Crack The International Lottery Jackpots","description":"","potentialAction":[{"@type":"SearchAction","target":{"@type":"EntryPoint","urlTemplate":"https:\/\/jackpotlotteryonline.com\/?s={search_term_string}"},"query-input":"required name=search_term_string"}],"inLanguage":"tr"}]}},"_links":{"self":[{"href":"https:\/\/jackpotlotteryonline.com\/tr\/wp-json\/wp\/v2\/pages\/35860","targetHints":{"allow":["GET"]}}],"collection":[{"href":"https:\/\/jackpotlotteryonline.com\/tr\/wp-json\/wp\/v2\/pages"}],"about":[{"href":"https:\/\/jackpotlotteryonline.com\/tr\/wp-json\/wp\/v2\/types\/page"}],"author":[{"embeddable":true,"href":"https:\/\/jackpotlotteryonline.com\/tr\/wp-json\/wp\/v2\/users\/1"}],"replies":[{"embeddable":true,"href":"https:\/\/jackpotlotteryonline.com\/tr\/wp-json\/wp\/v2\/comments?post=35860"}],"version-history":[{"count":0,"href":"https:\/\/jackpotlotteryonline.com\/tr\/wp-json\/wp\/v2\/pages\/35860\/revisions"}],"wp:attachment":[{"href":"https:\/\/jackpotlotteryonline.com\/tr\/wp-json\/wp\/v2\/media?parent=35860"}],"curies":[{"name":"wp","href":"https:\/\/api.w.org\/{rel}","templated":true}]}}