{"id":35916,"date":"2022-11-02T10:05:51","date_gmt":"2022-11-02T10:05:51","guid":{"rendered":"https:\/\/jackpotlotteryonline.com\/?page_id=35916"},"modified":"2022-12-19T09:34:51","modified_gmt":"2022-12-19T09:34:51","slug":"powerball","status":"publish","type":"page","link":"https:\/\/jackpotlotteryonline.com\/tr\/nasil-oynanir\/powerball\/","title":{"rendered":"Powerball ABD"},"content":{"rendered":"<h2>Powerball Piyangosu B\u00fcy\u00fck \u0130kramiyesi \u00e7evrimi\u00e7i<\/h2>\n<p><img loading=\"lazy\" decoding=\"async\" class=\"alignright size-full wp-image-19358\" src=\"http:\/\/jackpotlotteryonline.com\/wp-content\/uploads\/2022\/10\/2_ticket_powerball3.jpg\" alt=\"powerball bi\u0307leti\u0307\" width=\"180\" height=\"194\" \/><\/p>\n<p>\u015eu anda ABD&#8217;nin en eski ve en b\u00fcy\u00fck piyangolar\u0131ndan birine bak\u0131yorsunuz. Powerball Piyango \u0130kramiyesi, 41 ABD eyaletinin olu\u015fturdu\u011fu \u00e7ok eyaletli bir piyango komisyonu taraf\u0131ndan sunulmaktad\u0131r. ABD&#8217;nin 8 eyaleti (Nevada, California, Utah, Mississippi, Wyoming, Alabama, Hawaii ve Alaska) d\u0131\u015f\u0131nda t\u00fcm eyaletlerinde (Virgin Adalar\u0131 ve Columbia B\u00f6lgesi dahil) d\u00fczenlenmektedir.<\/p>\n<p>Powerball \u00e7evrimi\u00e7i piyango ikramiyesi birka\u00e7 kez 300 milyon $ ikramiye tutar\u0131n\u0131 a\u015fm\u0131\u015ft\u0131r ve \u015fimdiye kadarki en y\u00fcksek ikramiye 1500 milyon $ olmu\u015ftur. Normalde, ikramiyeler 20 milyon dolardan ba\u015flar ve ikramiyenin isabet etmedi\u011fi her seferde en az 5 milyon dolar artar.<\/p>\n<section class=\"layout\" style=\"border: solid 1px; width: 100%;\">\n<div class=\"img-div\" style=\"margin-top: 5px;\"><img decoding=\"async\" class=\"wp-image-17212 alignleft\" style=\"height: 45px; margin: 8px 8px 0px;\" src=\"http:\/\/jackpotlotteryonline.com\/wp-content\/uploads\/2022\/11\/read1.jpg\" alt=\"en b\u00fcy\u00fck loto ikramiyesi\" width=\"\" height=\"\" \/><\/div>\n<div style=\"padding-left: 5px;\">\n<div style=\"font-size: 1.1em;\">\n<p><strong>Tarihi, rekor k\u0131ran piyango ikramiyeleri<\/strong><\/p>\n<p style=\"font-size: 0.85em; margin-top: -1.5em;\">Tarihteki en b\u00fcy\u00fck loto ikramiyeleri ba\u015f\u0131n\u0131z\u0131 d\u00f6nd\u00fcrecek <a href=\"https:\/\/jackpotlotteryonline.com\/tr\/tarihteki-en-buyuk-loto-ikramiyeleri\">daha fazla oku<\/a><\/p>\n<\/div>\n<\/div>\n<\/section>\n<h2>Powerball piyangosu nas\u0131l oynan\u0131r?<\/h2>\n<p><strong><a href=\"https:\/\/jackpotlotteryonline.com\/tr\/bilet-satin-al\/powerball\">Piyango biletinizi web sitemiz<\/a> arac\u0131l\u0131\u011f\u0131yla \u00e7evrimi\u00e7i olarak kolayca alabilirsiniz. Powerball piyango ikramiyesini oynamak ve kazanmak i\u00e7in<\/strong> ABD vatanda\u015f\u0131 olman\u0131z gerekmez &#8211; ABD d\u0131\u015f\u0131nda ya\u015f\u0131yor olabilirsiniz, ancak en az 18 ya\u015f\u0131nda olman\u0131z gerekir. Tek yapman\u0131z gereken piyango afi\u015flerinden birine t\u0131klamak, kay\u0131t olmak, kendinizi do\u011frulamak ve \u00f6demeyi yapmakt\u0131r. Gerisini sipari\u015f verdi\u011finizde biz halledece\u011fiz. Bilet sat\u0131n alma, teslimat ve para lojisti\u011fi ile ilgili yard\u0131m, yard\u0131m alabilece\u011finiz alanlard\u0131r.<br \/>\n<img loading=\"lazy\" decoding=\"async\" class=\"alignright size-full wp-image-18167\" src=\"http:\/\/jackpotlotteryonline.com\/wp-content\/uploads\/2022\/10\/powerball_globe_logo.png\" alt=\"online powerball oyna\" width=\"200\" height=\"212\" \/><\/p>\n<p>Powerball Lottery Jackpot&#8217;u kazanmak i\u00e7in 59 say\u0131dan be\u015fini do\u011fru tutturman\u0131z ve 1 ile 39 aras\u0131ndaki Powerball numaras\u0131n\u0131 tutturman\u0131z gerekir. Kazanman\u0131n dokuz yolu vard\u0131r ve Powerball numaras\u0131n\u0131 tutturursan\u0131z zaten bir fiyat al\u0131rs\u0131n\u0131z.<\/p>\n<p><a href=\"http:\/\/jackpotlotteryonline.com\/tr\/bilet-satin-al\/powerball\">\u00c7evrimi\u00e7i Powerball piyango<\/a> ikramiyesi geleneksel iki davullu bir piyango oyunudur. Bir davul 59 beyaz topla, ikinci davul ise 39 k\u0131rm\u0131z\u0131 topla gelir. 5 beyaz top ve bir k\u0131rm\u0131z\u0131 top se\u00e7meniz gerekecektir. Toplar rastgele se\u00e7ilebilir ve se\u00e7im s\u0131ras\u0131n\u0131n sonu\u00e7 \u00fczerinde herhangi bir etkisi yoktur.<\/p>\n<p>Kesinlikle Powerball piyango ikramiyesini \u00e7evrimi\u00e7i oynaman\u0131n kendine \u00f6zg\u00fc avantajlar\u0131 vard\u0131r ve harika kazanma \u015fans\u0131 nedeniyle bu piyangoya b\u00fcy\u00fck bir talep vard\u0131r.<\/p>\n<h2>Powerball&#8217;da \u015fans\u0131n\u0131z\u0131 denemenin tam zaman\u0131<\/h2>\n<p>E\u011fer \u015fans oyunlar\u0131nda \u015fans\u0131n\u0131 denemekten ho\u015flanan biriyseniz, Powerball piyangosu kesinlikle ba\u015flaman\u0131z gereken yerdir. Web sitemizde hangi numaralar\u0131 se\u00e7ip oynayaca\u011f\u0131n\u0131za karar vermenize yard\u0131mc\u0131 olabilecek \u00e7ok daha fazla bilgi mevcuttur.<\/p>\n<p>Bir\u00e7ok insan piyangonun bir \u015fans oyunu oldu\u011funu d\u00fc\u015f\u00fcnme e\u011filimindedir. Ancak Powerball piyangosunun nas\u0131l \u00e7al\u0131\u015ft\u0131\u011f\u0131n\u0131 anlad\u0131klar\u0131nda biraz farkl\u0131 d\u00fc\u015f\u00fcnme e\u011filiminde olabilirler. <strong>Powerball&#8217;da \u00e7oktan kazanan bir\u00e7ok ki\u015fi var ve sizin de onlardan biri olmaman\u0131z i\u00e7in hi\u00e7bir neden yok. \u015eimdi ba\u015flay\u0131n&#8230;!<\/strong><\/p>\n","protected":false},"excerpt":{"rendered":"<p>Powerball Piyangosu B\u00fcy\u00fck \u0130kramiyesi \u00e7evrimi\u00e7i \u015eu anda ABD&#8217;nin en eski ve en b\u00fcy\u00fck piyangolar\u0131ndan birine bak\u0131yorsunuz. Powerball Piyango \u0130kramiyesi, 41 ABD eyaletinin olu\u015fturdu\u011fu \u00e7ok eyaletli bir piyango komisyonu taraf\u0131ndan sunulmaktad\u0131r. ABD&#8217;nin 8 eyaleti (Nevada, California, Utah, Mississippi, Wyoming, Alabama, Hawaii ve Alaska) d\u0131\u015f\u0131nda t\u00fcm eyaletlerinde (Virgin Adalar\u0131 ve Columbia B\u00f6lgesi dahil) d\u00fczenlenmektedir. Powerball \u00e7evrimi\u00e7i piyango [&hellip;]<\/p>\n","protected":false},"author":1,"featured_media":0,"parent":35727,"menu_order":1,"comment_status":"closed","ping_status":"closed","template":"powerball-usa.php","meta":{"_et_pb_use_builder":"","_et_pb_old_content":"","_et_gb_content_width":"","exclude_from_search":false,"footnotes":""},"class_list":["post-35916","page","type-page","status-publish","hentry"],"yoast_head":"<!-- This site is optimized with the Yoast SEO plugin v23.3 - https:\/\/yoast.com\/wordpress\/plugins\/seo\/ -->\n<title>ABD d\u0131\u015f\u0131ndan \u00c7evrimi\u00e7i Powerball Piyangosu oynay\u0131n<\/title>\n<meta name=\"description\" content=\"Powerball piyangosu ABD&#039;nin en eski piyangolar\u0131ndan biridir - bug\u00fcn \u00e7evrimi\u00e7i olarak ve ABD d\u0131\u015f\u0131ndaki bir \u00fclkeden nas\u0131l oynayabilece\u011finizi \u00f6\u011frenmek i\u00e7in bunu okuyun!\" \/>\n<meta name=\"robots\" content=\"index, follow, max-snippet:-1, max-image-preview:large, max-video-preview:-1\" \/>\n<link rel=\"canonical\" href=\"https:\/\/jackpotlotteryonline.com\/play-online\/powerball\/\" \/>\n<meta property=\"og:locale\" content=\"tr_TR\" \/>\n<meta property=\"og:type\" content=\"article\" \/>\n<meta property=\"og:title\" content=\"ABD d\u0131\u015f\u0131ndan \u00c7evrimi\u00e7i Powerball Piyangosu oynay\u0131n\" \/>\n<meta property=\"og:description\" content=\"Powerball piyangosu ABD&#039;nin en eski piyangolar\u0131ndan biridir - bug\u00fcn \u00e7evrimi\u00e7i olarak ve ABD d\u0131\u015f\u0131ndaki bir \u00fclkeden nas\u0131l oynayabilece\u011finizi \u00f6\u011frenmek i\u00e7in bunu okuyun!\" \/>\n<meta property=\"og:url\" content=\"https:\/\/jackpotlotteryonline.com\/play-online\/powerball\/\" \/>\n<meta property=\"og:site_name\" content=\"Lotto Online - Crack The International Lottery Jackpots\" \/>\n<meta property=\"article:modified_time\" content=\"2022-12-19T09:34:51+00:00\" \/>\n<meta property=\"og:image\" content=\"http:\/\/jackpotlotteryonline.com\/wp-content\/uploads\/2022\/10\/2_ticket_powerball3.jpg\" \/>\n<meta name=\"twitter:card\" content=\"summary_large_image\" \/>\n<meta name=\"twitter:label1\" content=\"Tahmini okuma s\u00fcresi\" \/>\n\t<meta name=\"twitter:data1\" content=\"2 dakika\" \/>\n<!-- \/ Yoast SEO plugin. -->","yoast_head_json":{"title":"ABD d\u0131\u015f\u0131ndan \u00c7evrimi\u00e7i Powerball Piyangosu oynay\u0131n","description":"Powerball piyangosu ABD'nin en eski piyangolar\u0131ndan biridir - bug\u00fcn \u00e7evrimi\u00e7i olarak ve ABD d\u0131\u015f\u0131ndaki bir \u00fclkeden nas\u0131l oynayabilece\u011finizi \u00f6\u011frenmek i\u00e7in bunu okuyun!","robots":{"index":"index","follow":"follow","max-snippet":"max-snippet:-1","max-image-preview":"max-image-preview:large","max-video-preview":"max-video-preview:-1"},"canonical":"https:\/\/jackpotlotteryonline.com\/play-online\/powerball\/","og_locale":"tr_TR","og_type":"article","og_title":"ABD d\u0131\u015f\u0131ndan \u00c7evrimi\u00e7i Powerball Piyangosu oynay\u0131n","og_description":"Powerball piyangosu ABD'nin en eski piyangolar\u0131ndan biridir - bug\u00fcn \u00e7evrimi\u00e7i olarak ve ABD d\u0131\u015f\u0131ndaki bir \u00fclkeden nas\u0131l oynayabilece\u011finizi \u00f6\u011frenmek i\u00e7in bunu okuyun!","og_url":"https:\/\/jackpotlotteryonline.com\/play-online\/powerball\/","og_site_name":"Lotto Online - Crack The International Lottery Jackpots","article_modified_time":"2022-12-19T09:34:51+00:00","og_image":[{"url":"http:\/\/jackpotlotteryonline.com\/wp-content\/uploads\/2022\/10\/2_ticket_powerball3.jpg"}],"twitter_card":"summary_large_image","twitter_misc":{"Tahmini okuma s\u00fcresi":"2 dakika"},"schema":{"@context":"https:\/\/schema.org","@graph":[{"@type":"WebPage","@id":"https:\/\/jackpotlotteryonline.com\/play-online\/powerball\/","url":"https:\/\/jackpotlotteryonline.com\/play-online\/powerball\/","name":"ABD d\u0131\u015f\u0131ndan \u00c7evrimi\u00e7i Powerball Piyangosu oynay\u0131n","isPartOf":{"@id":"https:\/\/jackpotlotteryonline.com\/#website"},"primaryImageOfPage":{"@id":"https:\/\/jackpotlotteryonline.com\/play-online\/powerball\/#primaryimage"},"image":{"@id":"https:\/\/jackpotlotteryonline.com\/play-online\/powerball\/#primaryimage"},"thumbnailUrl":"http:\/\/jackpotlotteryonline.com\/wp-content\/uploads\/2022\/10\/2_ticket_powerball3.jpg","datePublished":"2022-11-02T10:05:51+00:00","dateModified":"2022-12-19T09:34:51+00:00","description":"Powerball piyangosu ABD'nin en eski piyangolar\u0131ndan biridir - bug\u00fcn \u00e7evrimi\u00e7i olarak ve ABD d\u0131\u015f\u0131ndaki bir \u00fclkeden nas\u0131l oynayabilece\u011finizi \u00f6\u011frenmek i\u00e7in bunu okuyun!","breadcrumb":{"@id":"https:\/\/jackpotlotteryonline.com\/play-online\/powerball\/#breadcrumb"},"inLanguage":"tr","potentialAction":[{"@type":"ReadAction","target":["https:\/\/jackpotlotteryonline.com\/play-online\/powerball\/"]}]},{"@type":"ImageObject","inLanguage":"tr","@id":"https:\/\/jackpotlotteryonline.com\/play-online\/powerball\/#primaryimage","url":"http:\/\/jackpotlotteryonline.com\/wp-content\/uploads\/2022\/10\/2_ticket_powerball3.jpg","contentUrl":"http:\/\/jackpotlotteryonline.com\/wp-content\/uploads\/2022\/10\/2_ticket_powerball3.jpg"},{"@type":"BreadcrumbList","@id":"https:\/\/jackpotlotteryonline.com\/play-online\/powerball\/#breadcrumb","itemListElement":[{"@type":"ListItem","position":1,"name":"Home","item":"https:\/\/jackpotlotteryonline.com\/tr\/"},{"@type":"ListItem","position":2,"name":"Nas\u0131l oynan\u0131r","item":"https:\/\/jackpotlotteryonline.com\/tr\/nasil-oynanir\/"},{"@type":"ListItem","position":3,"name":"Powerball ABD"}]},{"@type":"WebSite","@id":"https:\/\/jackpotlotteryonline.com\/#website","url":"https:\/\/jackpotlotteryonline.com\/","name":"Lotto Online - Crack The International Lottery Jackpots","description":"","potentialAction":[{"@type":"SearchAction","target":{"@type":"EntryPoint","urlTemplate":"https:\/\/jackpotlotteryonline.com\/?s={search_term_string}"},"query-input":"required name=search_term_string"}],"inLanguage":"tr"}]}},"_links":{"self":[{"href":"https:\/\/jackpotlotteryonline.com\/tr\/wp-json\/wp\/v2\/pages\/35916","targetHints":{"allow":["GET"]}}],"collection":[{"href":"https:\/\/jackpotlotteryonline.com\/tr\/wp-json\/wp\/v2\/pages"}],"about":[{"href":"https:\/\/jackpotlotteryonline.com\/tr\/wp-json\/wp\/v2\/types\/page"}],"author":[{"embeddable":true,"href":"https:\/\/jackpotlotteryonline.com\/tr\/wp-json\/wp\/v2\/users\/1"}],"replies":[{"embeddable":true,"href":"https:\/\/jackpotlotteryonline.com\/tr\/wp-json\/wp\/v2\/comments?post=35916"}],"version-history":[{"count":0,"href":"https:\/\/jackpotlotteryonline.com\/tr\/wp-json\/wp\/v2\/pages\/35916\/revisions"}],"up":[{"embeddable":true,"href":"https:\/\/jackpotlotteryonline.com\/tr\/wp-json\/wp\/v2\/pages\/35727"}],"wp:attachment":[{"href":"https:\/\/jackpotlotteryonline.com\/tr\/wp-json\/wp\/v2\/media?parent=35916"}],"curies":[{"name":"wp","href":"https:\/\/api.w.org\/{rel}","templated":true}]}}