{"id":35981,"date":"2022-11-02T13:41:39","date_gmt":"2022-11-02T13:41:39","guid":{"rendered":"https:\/\/jackpotlotteryonline.com\/?page_id=35981"},"modified":"2022-12-30T19:39:23","modified_gmt":"2022-12-30T19:39:23","slug":"mega-millions","status":"publish","type":"page","link":"https:\/\/jackpotlotteryonline.com\/tr\/nasil-oynanir\/mega-millions\/","title":{"rendered":"Mega Millions ABD"},"content":{"rendered":"<h2>Mega Millions \u00c7evrimi\u00e7i Loto \u0130kramiyesi<\/h2>\n<p>Mega Millions Jackpot Lotosu ABD&#8217;nin Michigan eyaletinde d\u00fczenlenmekte ve ABD&#8217;nin 12 federal eyaletinde oynanmaktad\u0131r. \u00c7ekili\u015fler her Sal\u0131 ve Cuma ak\u015fam\u0131 saat 8&#8217;de yap\u0131ld\u0131\u011f\u0131ndan, \u015fansl\u0131 bir oyuncu i\u00e7in kazanma s\u0131kl\u0131\u011f\u0131 olduk\u00e7a y\u00fcksek olabilir. Bir Mega Millions bileti nispeten ucuzdur ve \u015fimdiye kadar \u00f6denen en b\u00fcy\u00fck ikramiye 1500 milyon dolardan fazlad\u0131r.<br \/>\n<img loading=\"lazy\" decoding=\"async\" class=\"alignright size-full wp-image-17546\" src=\"https:\/\/jackpotlotteryonline.com\/wp-content\/uploads\/2022\/10\/logo_Mega_Millions_233x110.png\" alt=\"mega millions online oyna\" width=\"232\" height=\"110\" \/><\/p>\n<p>E\u011fer Mega Millions oynamay\u0131 d\u00fc\u015f\u00fcn\u00fcyorsan\u0131z ve bunu d\u00fczenli olarak yap\u0131yorsan\u0131z, haftada iki kez piyangoya gitmenin ne kadar zaman ve enerji gerektirdi\u011fini tahmin edebilirsiniz. Karma\u015f\u0131kl\u0131klar\u0131 ortadan kald\u0131rman\u0131n ve zamandan tasarruf etmenin en iyi yolu \u00e7evrimi\u00e7i oynamak olacakt\u0131r. <a href=\"https:\/\/jackpotlotteryonline.com\/tr\/kazanan-sayilar\/mega-millions\">Bileti en sevdi\u011finiz<\/a> numaralarla sat\u0131n almak ve kap\u0131n\u0131za kadar teslim etmek hi\u00e7 bu kadar kolay olmam\u0131\u015ft\u0131. Bizim yard\u0131m\u0131m\u0131zla Mega Millions Loto Jackpot&#8217;u d\u00fcnyadaki herkes taraf\u0131ndan \u00e7evrimi\u00e7i olarak kazan\u0131labilir!<\/p>\n<h2>Mega Millions \u00e7evrimi\u00e7i nas\u0131l oynan\u0131r<\/h2>\n<p>Mega Millions piyangosu 20 milyon $ ile ba\u015flay\u0131p 1.5 milyar $&#8217;a ula\u015farak ABD tarihindeki en y\u00fcksek piyango ikramiyesi olarak tarihe ge\u00e7mi\u015ftir! Oyuncular 1 ile 56 (beyaz top) aras\u0131nda be\u015f say\u0131 ve 1 ile 46 (alt\u0131n top) aras\u0131nda Mega say\u0131 olarak adland\u0131r\u0131lan bir say\u0131 se\u00e7ebilirler.<br \/>\n<img loading=\"lazy\" decoding=\"async\" class=\"alignright size-full wp-image-19115\" src=\"https:\/\/jackpotlotteryonline.com\/wp-content\/uploads\/2022\/10\/2_ticket_mega_millions3.jpg\" alt=\"mega millions bi\u0307let taramasi\" width=\"180\" height=\"193\" \/><\/p>\n<p>Bu ikramiyeyi kazanmak i\u00e7in be\u015f say\u0131y\u0131 ve mega say\u0131y\u0131 da do\u011fru tutturman\u0131z gerekmektedir. Ancak b\u00fcy\u00fck ikramiyeyi tutturamasan\u0131z bile, 40 biletten 1&#8217;i kazand\u0131\u011f\u0131 i\u00e7in kazanma \u015fans\u0131n\u0131z y\u00fcksektir. Bunlar\u0131n bir piyango kazanmak i\u00e7in \u00e7ok iyi oranlar oldu\u011funu herkes kabul eder.<\/p>\n<p>B\u00fcy\u00fck ikramiye, y\u0131ll\u0131k \u00f6deme se\u00e7ene\u011fi olarak da adland\u0131r\u0131lan 26 y\u0131ll\u0131k \u00f6demeler halinde \u00f6denecek veya y\u0131ll\u0131k \u00f6demenin bug\u00fcnk\u00fc de\u011ferinin size \u00f6denece\u011fi tamamen nakit bir anla\u015fmay\u0131 tercih edebilirsiniz. <a href=\"https:\/\/jackpotlotteryonline.com\/tr\/kazanan-sayilar\/mega-millions\">\u00c7ekili\u015fler<\/a> genellikle Idaho&#8217;da (Georgia) yap\u0131l\u0131r ancak b\u00fcy\u00fck ikramiye 200 milyon dolar\u0131 ge\u00e7ti\u011finde \u00e7ekili\u015f Times Square&#8217;de (New York City) yap\u0131l\u0131r.<\/p>\n<p>Bu piyangoyu oynamak i\u00e7in en az 18 ya\u015f\u0131nda olman\u0131z gerekir, ancak ABD vatanda\u015f\u0131 veya mukimi olman\u0131z gerekmez. Yard\u0131m\u0131m\u0131zla, ABD d\u0131\u015f\u0131ndan, asl\u0131nda d\u00fcnyan\u0131n herhangi bir yerinden oynayabilirsiniz. Asl\u0131nda, kazand\u0131\u011f\u0131n\u0131z para \u00f6d\u00fcl\u00fcn\u00fc herhangi bir sorun ya\u015famadan g\u00fcvenli bir \u015fekilde size ula\u015ft\u0131rman\u0131za da yard\u0131mc\u0131 olaca\u011f\u0131z.<\/p>\n<h2>Ekstralar<\/h2>\n<p>Mega Millions&#8217;\u0131n neredeyse t\u00fcm yetki alanlar\u0131nda (Kaliforniya hari\u00e7 43&#8217;\u00fcn 42&#8217;si), oyuncular Megaplier ad\u0131 verilen bir ekstray\u0131 etkinle\u015ftirme se\u00e7ene\u011fine sahiptir. Megaplier, oyundaki bahsi iki kat\u0131na \u00e7\u0131kar\u0131r ve oyuncular jackpot olmayan \u00f6d\u00fclleri 2,3 veya 4 ile \u00e7arpabilirler. Tabii ki, burada oranlar\u0131n d\u00fc\u015ft\u00fc\u011f\u00fcnden bahsetmeye gerek yoktur.<\/p>\n<p>Yani, bu kadar \u00e7ok \u015fey tehlikedeyken, Mega Millions oynamay\u0131 d\u00fc\u015f\u00fcnmenin zaman\u0131 geldi, hayallerinizi ger\u00e7ekle\u015ftirmenizi sa\u011flayabilir. Web sitemize kaydolun ve \u015fimdiye kadarki en b\u00fcy\u00fck ABD piyangosunu deneyin.<\/p>\n<section class=\"layout\" style=\"border: solid 1px; width: 100%;\">\n<div class=\"img-div\" style=\"margin-top: 5px;\"><img decoding=\"async\" class=\"wp-image-17212 alignleft\" style=\"height: 45px; margin: 8px 8px 0px;\" src=\"https:\/\/jackpotlotteryonline.com\/wp-content\/uploads\/2022\/11\/read1.jpg\" alt=\"okuyun\" width=\"\" height=\"\" \/><\/div>\n<div style=\"padding-left: 5px;\">\n<div style=\"font-size: 1.1em;\">\n<p><strong>Uluslararas\u0131 kar\u015f\u0131la\u015ft\u0131rmada milli piyangonuz<\/strong><\/p>\n<p style=\"font-size: 0.85em; margin-top: -1.5em;\">Yerel piyangonuz en k\u00f6t\u00fc se\u00e7ene\u011finiz olabilir &#8211; neden daha fazla \u00f6deyip daha b\u00fcy\u00fck ikramiyelere y\u00f6nelmek daha mant\u0131kl\u0131?\u00a0<a href=\"https:\/\/jackpotlotteryonline.com\/tr\/uluslararasi-karsilastirmada-ulusal-potonuz\"> daha fazla oku<\/a><\/p>\n<\/div>\n<\/div>\n<\/section>\n","protected":false},"excerpt":{"rendered":"<p>Mega Millions \u00c7evrimi\u00e7i Loto \u0130kramiyesi Mega Millions Jackpot Lotosu ABD&#8217;nin Michigan eyaletinde d\u00fczenlenmekte ve ABD&#8217;nin 12 federal eyaletinde oynanmaktad\u0131r. \u00c7ekili\u015fler her Sal\u0131 ve Cuma ak\u015fam\u0131 saat 8&#8217;de yap\u0131ld\u0131\u011f\u0131ndan, \u015fansl\u0131 bir oyuncu i\u00e7in kazanma s\u0131kl\u0131\u011f\u0131 olduk\u00e7a y\u00fcksek olabilir. Bir Mega Millions bileti nispeten ucuzdur ve \u015fimdiye kadar \u00f6denen en b\u00fcy\u00fck ikramiye 1500 milyon dolardan fazlad\u0131r. E\u011fer [&hellip;]<\/p>\n","protected":false},"author":1,"featured_media":0,"parent":35727,"menu_order":2,"comment_status":"closed","ping_status":"closed","template":"megamillion.php","meta":{"_et_pb_use_builder":"","_et_pb_old_content":"","_et_gb_content_width":"","exclude_from_search":false,"footnotes":""},"class_list":["post-35981","page","type-page","status-publish","hentry"],"yoast_head":"<!-- This site is optimized with the Yoast SEO plugin v23.3 - https:\/\/yoast.com\/wordpress\/plugins\/seo\/ -->\n<title>ABD d\u0131\u015f\u0131ndan Online Mega Millions oynay\u0131n<\/title>\n<meta name=\"description\" content=\"ABD Mega Millions loto ikramiyesi t\u00fcm piyangolar\u0131n anas\u0131d\u0131r ve ABD d\u0131\u015f\u0131nda ya\u015f\u0131yor olsan\u0131z bile \u015fimdi \u00e7evrimi\u00e7i oynayabilirsiniz\" \/>\n<meta name=\"robots\" content=\"index, follow, max-snippet:-1, max-image-preview:large, max-video-preview:-1\" \/>\n<link rel=\"canonical\" href=\"https:\/\/jackpotlotteryonline.com\/play-online\/mega-millions\/\" \/>\n<meta property=\"og:locale\" content=\"tr_TR\" \/>\n<meta property=\"og:type\" content=\"article\" \/>\n<meta property=\"og:title\" content=\"ABD d\u0131\u015f\u0131ndan Online Mega Millions oynay\u0131n\" \/>\n<meta property=\"og:description\" content=\"ABD Mega Millions loto ikramiyesi t\u00fcm piyangolar\u0131n anas\u0131d\u0131r ve ABD d\u0131\u015f\u0131nda ya\u015f\u0131yor olsan\u0131z bile \u015fimdi \u00e7evrimi\u00e7i oynayabilirsiniz\" \/>\n<meta property=\"og:url\" content=\"https:\/\/jackpotlotteryonline.com\/play-online\/mega-millions\/\" \/>\n<meta property=\"og:site_name\" content=\"Lotto Online - Crack The International Lottery Jackpots\" \/>\n<meta property=\"article:modified_time\" content=\"2022-12-30T19:39:23+00:00\" \/>\n<meta property=\"og:image\" content=\"https:\/\/jackpotlotteryonline.com\/wp-content\/uploads\/2022\/10\/logo_Mega_Millions_233x110.png\" \/>\n<meta name=\"twitter:card\" content=\"summary_large_image\" \/>\n<meta name=\"twitter:label1\" content=\"Tahmini okuma s\u00fcresi\" \/>\n\t<meta name=\"twitter:data1\" content=\"3 dakika\" \/>\n<!-- \/ Yoast SEO plugin. -->","yoast_head_json":{"title":"ABD d\u0131\u015f\u0131ndan Online Mega Millions oynay\u0131n","description":"ABD Mega Millions loto ikramiyesi t\u00fcm piyangolar\u0131n anas\u0131d\u0131r ve ABD d\u0131\u015f\u0131nda ya\u015f\u0131yor olsan\u0131z bile \u015fimdi \u00e7evrimi\u00e7i oynayabilirsiniz","robots":{"index":"index","follow":"follow","max-snippet":"max-snippet:-1","max-image-preview":"max-image-preview:large","max-video-preview":"max-video-preview:-1"},"canonical":"https:\/\/jackpotlotteryonline.com\/play-online\/mega-millions\/","og_locale":"tr_TR","og_type":"article","og_title":"ABD d\u0131\u015f\u0131ndan Online Mega Millions oynay\u0131n","og_description":"ABD Mega Millions loto ikramiyesi t\u00fcm piyangolar\u0131n anas\u0131d\u0131r ve ABD d\u0131\u015f\u0131nda ya\u015f\u0131yor olsan\u0131z bile \u015fimdi \u00e7evrimi\u00e7i oynayabilirsiniz","og_url":"https:\/\/jackpotlotteryonline.com\/play-online\/mega-millions\/","og_site_name":"Lotto Online - Crack The International Lottery Jackpots","article_modified_time":"2022-12-30T19:39:23+00:00","og_image":[{"url":"https:\/\/jackpotlotteryonline.com\/wp-content\/uploads\/2022\/10\/logo_Mega_Millions_233x110.png"}],"twitter_card":"summary_large_image","twitter_misc":{"Tahmini okuma s\u00fcresi":"3 dakika"},"schema":{"@context":"https:\/\/schema.org","@graph":[{"@type":"WebPage","@id":"https:\/\/jackpotlotteryonline.com\/play-online\/mega-millions\/","url":"https:\/\/jackpotlotteryonline.com\/play-online\/mega-millions\/","name":"ABD d\u0131\u015f\u0131ndan Online Mega Millions oynay\u0131n","isPartOf":{"@id":"https:\/\/jackpotlotteryonline.com\/#website"},"primaryImageOfPage":{"@id":"https:\/\/jackpotlotteryonline.com\/play-online\/mega-millions\/#primaryimage"},"image":{"@id":"https:\/\/jackpotlotteryonline.com\/play-online\/mega-millions\/#primaryimage"},"thumbnailUrl":"https:\/\/jackpotlotteryonline.com\/wp-content\/uploads\/2022\/10\/logo_Mega_Millions_233x110.png","datePublished":"2022-11-02T13:41:39+00:00","dateModified":"2022-12-30T19:39:23+00:00","description":"ABD Mega Millions loto ikramiyesi t\u00fcm piyangolar\u0131n anas\u0131d\u0131r ve ABD d\u0131\u015f\u0131nda ya\u015f\u0131yor olsan\u0131z bile \u015fimdi \u00e7evrimi\u00e7i oynayabilirsiniz","breadcrumb":{"@id":"https:\/\/jackpotlotteryonline.com\/play-online\/mega-millions\/#breadcrumb"},"inLanguage":"tr","potentialAction":[{"@type":"ReadAction","target":["https:\/\/jackpotlotteryonline.com\/play-online\/mega-millions\/"]}]},{"@type":"ImageObject","inLanguage":"tr","@id":"https:\/\/jackpotlotteryonline.com\/play-online\/mega-millions\/#primaryimage","url":"https:\/\/jackpotlotteryonline.com\/wp-content\/uploads\/2022\/10\/logo_Mega_Millions_233x110.png","contentUrl":"https:\/\/jackpotlotteryonline.com\/wp-content\/uploads\/2022\/10\/logo_Mega_Millions_233x110.png"},{"@type":"BreadcrumbList","@id":"https:\/\/jackpotlotteryonline.com\/play-online\/mega-millions\/#breadcrumb","itemListElement":[{"@type":"ListItem","position":1,"name":"Home","item":"https:\/\/jackpotlotteryonline.com\/tr\/"},{"@type":"ListItem","position":2,"name":"Nas\u0131l oynan\u0131r","item":"https:\/\/jackpotlotteryonline.com\/tr\/nasil-oynanir\/"},{"@type":"ListItem","position":3,"name":"Mega Millions ABD"}]},{"@type":"WebSite","@id":"https:\/\/jackpotlotteryonline.com\/#website","url":"https:\/\/jackpotlotteryonline.com\/","name":"Lotto Online - Crack The International Lottery Jackpots","description":"","potentialAction":[{"@type":"SearchAction","target":{"@type":"EntryPoint","urlTemplate":"https:\/\/jackpotlotteryonline.com\/?s={search_term_string}"},"query-input":"required name=search_term_string"}],"inLanguage":"tr"}]}},"_links":{"self":[{"href":"https:\/\/jackpotlotteryonline.com\/tr\/wp-json\/wp\/v2\/pages\/35981","targetHints":{"allow":["GET"]}}],"collection":[{"href":"https:\/\/jackpotlotteryonline.com\/tr\/wp-json\/wp\/v2\/pages"}],"about":[{"href":"https:\/\/jackpotlotteryonline.com\/tr\/wp-json\/wp\/v2\/types\/page"}],"author":[{"embeddable":true,"href":"https:\/\/jackpotlotteryonline.com\/tr\/wp-json\/wp\/v2\/users\/1"}],"replies":[{"embeddable":true,"href":"https:\/\/jackpotlotteryonline.com\/tr\/wp-json\/wp\/v2\/comments?post=35981"}],"version-history":[{"count":0,"href":"https:\/\/jackpotlotteryonline.com\/tr\/wp-json\/wp\/v2\/pages\/35981\/revisions"}],"up":[{"embeddable":true,"href":"https:\/\/jackpotlotteryonline.com\/tr\/wp-json\/wp\/v2\/pages\/35727"}],"wp:attachment":[{"href":"https:\/\/jackpotlotteryonline.com\/tr\/wp-json\/wp\/v2\/media?parent=35981"}],"curies":[{"name":"wp","href":"https:\/\/api.w.org\/{rel}","templated":true}]}}