{"id":36046,"date":"2022-11-03T08:45:26","date_gmt":"2022-11-03T08:45:26","guid":{"rendered":"https:\/\/jackpotlotteryonline.com\/?page_id=36046"},"modified":"2022-12-30T20:28:05","modified_gmt":"2022-12-30T20:28:05","slug":"euromillions","status":"publish","type":"page","link":"https:\/\/jackpotlotteryonline.com\/tr\/nasil-oynanir\/euromillions\/","title":{"rendered":"Euro Millions oynay\u0131n"},"content":{"rendered":"<h2>Euromillions i\u00e7in online bilet al\u0131n<\/h2>\n<p><img loading=\"lazy\" decoding=\"async\" class=\"alignright wp-image-18926\" src=\"https:\/\/jackpotlotteryonline.com\/wp-content\/uploads\/2022\/10\/2_ticket_euromillions3-111x300.jpg\" alt=\"euromillions bileti\" width=\"83\" height=\"224\" srcset=\"https:\/\/jackpotlotteryonline.com\/wp-content\/uploads\/2022\/10\/2_ticket_euromillions3-111x300.jpg 111w, https:\/\/jackpotlotteryonline.com\/wp-content\/uploads\/2022\/10\/2_ticket_euromillions3.jpg 180w\" sizes=\"auto, (max-width: 83px) 100vw, 83px\" \/><\/p>\n<p>Euromillions, Fransa, \u0130ngiltere, \u0130spanya, \u0130rlanda, Bel\u00e7ika, L\u00fcksemburg ve \u0130svi\u00e7re gibi bir\u00e7ok Avrupa \u00fclkesinde d\u00fczenlenen bir piyangodur. Euromillions Online piyango ikramiyesi 15 milyon \u20ac ile ba\u015flar ve rekor ikramiye 190 milyon \u20ac&#8217;dur.<\/p>\n<p>Euromillions jackpot lotosunu oynamak i\u00e7in en az 18 ya\u015f\u0131nda olman\u0131z gerekir, ancak bu web sitesinde sa\u011flad\u0131\u011f\u0131m\u0131z hizmeti kullanarak d\u00fcnyan\u0131n herhangi bir \u00fclkesinden oynayabilirsiniz. Sundu\u011fumuz hizmet, Almanya, Hollanda, \u0130talya ve hatta Avrupa d\u0131\u015f\u0131ndaki \u00fclkeler de dahil olmak \u00fczere d\u00fcnyan\u0131n d\u00f6rt bir yan\u0131ndaki herkese \u00e7evrimi\u00e7i olarak b\u00fcy\u00fck ikramiyeyi oynama ve kazanma f\u0131rsat\u0131 vermesi a\u00e7\u0131s\u0131ndan olduk\u00e7a benzersizdir. \u015eansl\u0131 bir se\u00e7im se\u00e7ene\u011fi sunarak, kendi gri h\u00fccrelerinize bask\u0131 yapmak yerine rastgele say\u0131lar\u0131 se\u00e7mek daha kolayd\u0131r.<\/p>\n<h2>Euromillions ikramiyesi i\u00e7in biletinizi Avrupa d\u0131\u015f\u0131ndan nas\u0131l sat\u0131n alabilirsiniz?<\/h2>\n<p><a href=\"https:\/\/jackpotlotteryonline.com\/tr\/bilet-satin-al\/euromillions\">Euromillions \u00e7evrimi\u00e7i piyango ikramiyesi i\u00e7in bilet sat\u0131n almak<\/a> bizim arac\u0131l\u0131\u011f\u0131m\u0131zla daha az s\u0131k\u0131c\u0131 hale getirilebilir. Sitemize kay\u0131t olduktan ve do\u011fruland\u0131ktan sonra, yaln\u0131zca piyangonuzu se\u00e7meniz ve gerekli \u00f6demeyi yapman\u0131z gerekecektir. Bu yap\u0131ld\u0131ktan sonra, sizin ad\u0131n\u0131za bir piyango bileti sat\u0131n al\u0131n\u0131r ve se\u00e7ti\u011finiz \u00f6deme y\u00f6ntemiyle \u00f6deme yapt\u0131ktan sonra hesab\u0131n\u0131za bir tarama y\u00fcklenir.<\/p>\n<p>Ayr\u0131ca, bir s\u00fcre Euromillions online jackpot oynamaya devam etmek istiyorsan\u0131z, say\u0131lar\u0131n\u0131z\u0131 se\u00e7ebilir veya rastgele hale getirebilir ve birden fazla \u00e7ekili\u015fe kat\u0131labilirsiniz, ancak yaln\u0131zca birka\u00e7 haftada bir \u00f6deme yapman\u0131z gerekecektir.<\/p>\n<h2>Euromillions \u00e7evrimi\u00e7i piyango ikramiyesi nas\u0131l \u00e7al\u0131\u015f\u0131r?<\/h2>\n<p><img loading=\"lazy\" decoding=\"async\" class=\"alignright wp-image-17411\" src=\"https:\/\/jackpotlotteryonline.com\/wp-content\/uploads\/2022\/10\/euromillions.png\" alt=\"euromillions online oyna\" width=\"143\" height=\"152\" \/><\/p>\n<p>B\u00fcy\u00fck ikramiyeyi kazanmak i\u00e7in 1 ile 50 aras\u0131nda be\u015f say\u0131 art\u0131 2 ek \u015eans Y\u0131ld\u0131z\u0131 say\u0131s\u0131 (1 ile 9 aras\u0131nda) se\u00e7meniz gerekir. <a href=\"https:\/\/jackpotlotteryonline.com\/tr\/kazanan-sayilar\/euromillions\">Euromillions b\u00fcy\u00fck ikramiye \u00e7ekili\u015fi<\/a> her Cuma ak\u015fam\u0131 ger\u00e7ekle\u015fir ve b\u00fcy\u00fck ikramiyenin yan\u0131 s\u0131ra 11 \u00f6d\u00fcl seviyesi vard\u0131r. En az bir \u00f6d\u00fcl kazanma olas\u0131l\u0131\u011f\u0131 24&#8217;te birdir.<\/p>\n<h2>Sonu\u00e7lar\u0131 kontrol etme<\/h2>\n<p>\u00c7ekili\u015f bittikten sonra sonu\u00e7lar\u0131 istedi\u011finiz zaman \u00e7evrimi\u00e7i olarak kontrol edebilirsiniz. Asl\u0131nda, her \u015feyi takip etmek i\u00e7in iPad&#8217;inizi, iPhone&#8217;unuzu veya bu t\u00fcr herhangi bir cihaz\u0131 kullanabilirsiniz. Bir \u00f6d\u00fcl veya Euromillions piyangosu \u00e7evrimi\u00e7i ikramiyesi kazand\u0131\u011f\u0131n\u0131z i\u00e7in \u015fansl\u0131 oldu\u011funuzda, \u00f6d\u00fcl\u00fc talep etmenize ve size teslim edildi\u011finden emin olman\u0131za da yard\u0131mc\u0131 olaca\u011f\u0131z.<\/p>\n<section class=\"layout\" style=\"border: solid 1px; width: 100%;\">\n<div class=\"img-div\" style=\"margin-top: 5px;\"><img decoding=\"async\" class=\"wp-image-17212 alignleft\" style=\"height: 45px; margin: 8px 8px 0px;\" src=\"https:\/\/jackpotlotteryonline.com\/wp-content\/uploads\/2022\/11\/read1.jpg\" alt=\"okuyun\" width=\"\" height=\"\" \/><\/div>\n<div style=\"padding-left: 5px;\">\n<div style=\"font-size: 1.1em;\">\n<p><strong>B\u00fcy\u00fck kazanman\u0131z i\u00e7in en iyi oranlara sahip piyangolar<\/strong><\/p>\n<p style=\"font-size: 0.85em; margin-top: -1.5em;\">Hangi piyango en iyi kazanma \u015fans\u0131na sahip?\u00a0 <a href=\"https:\/\/jackpotlotteryonline.com\/tr\/hangi-piyango-en-iyi-kazanma-sansina-sahiptir\"> daha fazla oku<\/a><\/p>\n<\/div>\n<\/div>\n<\/section>\n<h2>Euromillions \u00e7evrimi\u00e7i piyango ikramiyesi<\/h2>\n<p>Euromillions b\u00fcy\u00fck ikramiyesi ilk olarak 7 \u015eubat 2004 tarihinde ba\u015flat\u0131lm\u0131\u015f ve ilk \u00e7ekili\u015fi 13 \u015eubat 2004 tarihinde Paris&#8217;te ger\u00e7ekle\u015ftirilmi\u015ftir. En \u00f6nemli ikramiye kazan\u0131m\u0131 son \u00e7ekili\u015flerden birinde (12 Temmuz 2011) ger\u00e7ekle\u015fmi\u015f ve 185.000.000 \u20ac Glasgow&#8217;dan (\u0130ngiltere) Colin ve Chris Weir taraf\u0131ndan cebe indirilmi\u015ftir.<\/p>\n<p>Euromillions Piyangosunun online ikramiyesi, \u00f6zellikle 2009 y\u0131l\u0131nda Bel\u00e7ika&#8217;da ortaya \u00e7\u0131kan skandallardan pay\u0131n\u0131 almam\u0131\u015ft\u0131r. Bununla birlikte, bu skandallar herhangi bir ge\u00e7erli nedene dayanm\u0131yordu ve o zamandan beri bast\u0131r\u0131ld\u0131. Dolay\u0131s\u0131yla, \u015fimdiye kadarki en b\u00fcy\u00fck parasal tekliflerden birinde \u015fans\u0131n\u0131z\u0131 denemenin zaman\u0131 geldi.<\/p>\n","protected":false},"excerpt":{"rendered":"<p>Euromillions i\u00e7in online bilet al\u0131n Euromillions, Fransa, \u0130ngiltere, \u0130spanya, \u0130rlanda, Bel\u00e7ika, L\u00fcksemburg ve \u0130svi\u00e7re gibi bir\u00e7ok Avrupa \u00fclkesinde d\u00fczenlenen bir piyangodur. Euromillions Online piyango ikramiyesi 15 milyon \u20ac ile ba\u015flar ve rekor ikramiye 190 milyon \u20ac&#8217;dur. Euromillions jackpot lotosunu oynamak i\u00e7in en az 18 ya\u015f\u0131nda olman\u0131z gerekir, ancak bu web sitesinde sa\u011flad\u0131\u011f\u0131m\u0131z hizmeti kullanarak d\u00fcnyan\u0131n [&hellip;]<\/p>\n","protected":false},"author":1,"featured_media":0,"parent":35727,"menu_order":3,"comment_status":"closed","ping_status":"closed","template":"euromillions.php","meta":{"_et_pb_use_builder":"","_et_pb_old_content":"","_et_gb_content_width":"","exclude_from_search":false,"footnotes":""},"class_list":["post-36046","page","type-page","status-publish","hentry"],"yoast_head":"<!-- This site is optimized with the Yoast SEO plugin v23.3 - https:\/\/yoast.com\/wordpress\/plugins\/seo\/ -->\n<title>Euromillions&#039;\u0131 Avrupa d\u0131\u015f\u0131nda bile her yerden \u00e7evrimi\u00e7i oynay\u0131n<\/title>\n<meta name=\"description\" content=\"Euromillions Piyangosu en \u00e7ok ra\u011fbet g\u00f6ren piyangolardan biridir. Avrupa d\u0131\u015f\u0131nda olsan\u0131z bile \u015fimdi \u00e7evrimi\u00e7i bir biletle oynayabilirsiniz\" \/>\n<meta name=\"robots\" content=\"index, follow, max-snippet:-1, max-image-preview:large, max-video-preview:-1\" \/>\n<link rel=\"canonical\" href=\"https:\/\/jackpotlotteryonline.com\/play-online\/euromillions\/\" \/>\n<meta property=\"og:locale\" content=\"tr_TR\" \/>\n<meta property=\"og:type\" content=\"article\" \/>\n<meta property=\"og:title\" content=\"Euromillions&#039;\u0131 Avrupa d\u0131\u015f\u0131nda bile her yerden \u00e7evrimi\u00e7i oynay\u0131n\" \/>\n<meta property=\"og:description\" content=\"Euromillions Piyangosu en \u00e7ok ra\u011fbet g\u00f6ren piyangolardan biridir. Avrupa d\u0131\u015f\u0131nda olsan\u0131z bile \u015fimdi \u00e7evrimi\u00e7i bir biletle oynayabilirsiniz\" \/>\n<meta property=\"og:url\" content=\"https:\/\/jackpotlotteryonline.com\/play-online\/euromillions\/\" \/>\n<meta property=\"og:site_name\" content=\"Lotto Online - Crack The International Lottery Jackpots\" \/>\n<meta property=\"article:modified_time\" content=\"2022-12-30T20:28:05+00:00\" \/>\n<meta property=\"og:image\" content=\"https:\/\/jackpotlotteryonline.com\/wp-content\/uploads\/2022\/10\/2_ticket_euromillions3-111x300.jpg\" \/>\n<meta name=\"twitter:card\" content=\"summary_large_image\" \/>\n<meta name=\"twitter:label1\" content=\"Tahmini okuma s\u00fcresi\" \/>\n\t<meta name=\"twitter:data1\" content=\"3 dakika\" \/>\n<!-- \/ Yoast SEO plugin. -->","yoast_head_json":{"title":"Euromillions'\u0131 Avrupa d\u0131\u015f\u0131nda bile her yerden \u00e7evrimi\u00e7i oynay\u0131n","description":"Euromillions Piyangosu en \u00e7ok ra\u011fbet g\u00f6ren piyangolardan biridir. Avrupa d\u0131\u015f\u0131nda olsan\u0131z bile \u015fimdi \u00e7evrimi\u00e7i bir biletle oynayabilirsiniz","robots":{"index":"index","follow":"follow","max-snippet":"max-snippet:-1","max-image-preview":"max-image-preview:large","max-video-preview":"max-video-preview:-1"},"canonical":"https:\/\/jackpotlotteryonline.com\/play-online\/euromillions\/","og_locale":"tr_TR","og_type":"article","og_title":"Euromillions'\u0131 Avrupa d\u0131\u015f\u0131nda bile her yerden \u00e7evrimi\u00e7i oynay\u0131n","og_description":"Euromillions Piyangosu en \u00e7ok ra\u011fbet g\u00f6ren piyangolardan biridir. Avrupa d\u0131\u015f\u0131nda olsan\u0131z bile \u015fimdi \u00e7evrimi\u00e7i bir biletle oynayabilirsiniz","og_url":"https:\/\/jackpotlotteryonline.com\/play-online\/euromillions\/","og_site_name":"Lotto Online - Crack The International Lottery Jackpots","article_modified_time":"2022-12-30T20:28:05+00:00","og_image":[{"url":"https:\/\/jackpotlotteryonline.com\/wp-content\/uploads\/2022\/10\/2_ticket_euromillions3-111x300.jpg"}],"twitter_card":"summary_large_image","twitter_misc":{"Tahmini okuma s\u00fcresi":"3 dakika"},"schema":{"@context":"https:\/\/schema.org","@graph":[{"@type":"WebPage","@id":"https:\/\/jackpotlotteryonline.com\/play-online\/euromillions\/","url":"https:\/\/jackpotlotteryonline.com\/play-online\/euromillions\/","name":"Euromillions'\u0131 Avrupa d\u0131\u015f\u0131nda bile her yerden \u00e7evrimi\u00e7i oynay\u0131n","isPartOf":{"@id":"https:\/\/jackpotlotteryonline.com\/#website"},"primaryImageOfPage":{"@id":"https:\/\/jackpotlotteryonline.com\/play-online\/euromillions\/#primaryimage"},"image":{"@id":"https:\/\/jackpotlotteryonline.com\/play-online\/euromillions\/#primaryimage"},"thumbnailUrl":"https:\/\/jackpotlotteryonline.com\/wp-content\/uploads\/2022\/10\/2_ticket_euromillions3-111x300.jpg","datePublished":"2022-11-03T08:45:26+00:00","dateModified":"2022-12-30T20:28:05+00:00","description":"Euromillions Piyangosu en \u00e7ok ra\u011fbet g\u00f6ren piyangolardan biridir. Avrupa d\u0131\u015f\u0131nda olsan\u0131z bile \u015fimdi \u00e7evrimi\u00e7i bir biletle oynayabilirsiniz","breadcrumb":{"@id":"https:\/\/jackpotlotteryonline.com\/play-online\/euromillions\/#breadcrumb"},"inLanguage":"tr","potentialAction":[{"@type":"ReadAction","target":["https:\/\/jackpotlotteryonline.com\/play-online\/euromillions\/"]}]},{"@type":"ImageObject","inLanguage":"tr","@id":"https:\/\/jackpotlotteryonline.com\/play-online\/euromillions\/#primaryimage","url":"https:\/\/jackpotlotteryonline.com\/wp-content\/uploads\/2022\/10\/2_ticket_euromillions3-111x300.jpg","contentUrl":"https:\/\/jackpotlotteryonline.com\/wp-content\/uploads\/2022\/10\/2_ticket_euromillions3-111x300.jpg"},{"@type":"BreadcrumbList","@id":"https:\/\/jackpotlotteryonline.com\/play-online\/euromillions\/#breadcrumb","itemListElement":[{"@type":"ListItem","position":1,"name":"Home","item":"https:\/\/jackpotlotteryonline.com\/tr\/"},{"@type":"ListItem","position":2,"name":"Nas\u0131l oynan\u0131r","item":"https:\/\/jackpotlotteryonline.com\/tr\/nasil-oynanir\/"},{"@type":"ListItem","position":3,"name":"Euro Millions oynay\u0131n"}]},{"@type":"WebSite","@id":"https:\/\/jackpotlotteryonline.com\/#website","url":"https:\/\/jackpotlotteryonline.com\/","name":"Lotto Online - Crack The International Lottery Jackpots","description":"","potentialAction":[{"@type":"SearchAction","target":{"@type":"EntryPoint","urlTemplate":"https:\/\/jackpotlotteryonline.com\/?s={search_term_string}"},"query-input":"required name=search_term_string"}],"inLanguage":"tr"}]}},"_links":{"self":[{"href":"https:\/\/jackpotlotteryonline.com\/tr\/wp-json\/wp\/v2\/pages\/36046","targetHints":{"allow":["GET"]}}],"collection":[{"href":"https:\/\/jackpotlotteryonline.com\/tr\/wp-json\/wp\/v2\/pages"}],"about":[{"href":"https:\/\/jackpotlotteryonline.com\/tr\/wp-json\/wp\/v2\/types\/page"}],"author":[{"embeddable":true,"href":"https:\/\/jackpotlotteryonline.com\/tr\/wp-json\/wp\/v2\/users\/1"}],"replies":[{"embeddable":true,"href":"https:\/\/jackpotlotteryonline.com\/tr\/wp-json\/wp\/v2\/comments?post=36046"}],"version-history":[{"count":0,"href":"https:\/\/jackpotlotteryonline.com\/tr\/wp-json\/wp\/v2\/pages\/36046\/revisions"}],"up":[{"embeddable":true,"href":"https:\/\/jackpotlotteryonline.com\/tr\/wp-json\/wp\/v2\/pages\/35727"}],"wp:attachment":[{"href":"https:\/\/jackpotlotteryonline.com\/tr\/wp-json\/wp\/v2\/media?parent=36046"}],"curies":[{"name":"wp","href":"https:\/\/api.w.org\/{rel}","templated":true}]}}