{"id":36099,"date":"2022-11-03T10:19:52","date_gmt":"2022-11-03T10:19:52","guid":{"rendered":"https:\/\/jackpotlotteryonline.com\/?page_id=36099"},"modified":"2022-12-30T21:15:52","modified_gmt":"2022-12-30T21:15:52","slug":"eurojackpot","status":"publish","type":"page","link":"https:\/\/jackpotlotteryonline.com\/tr\/nasil-oynanir\/eurojackpot\/","title":{"rendered":"EuroJackpot"},"content":{"rendered":"<h2>Herhangi bir \u00fclkeden Eurojackpot&#8217;a nas\u0131l kat\u0131labilirsiniz?<\/h2>\n<p><strong>Eurojackpot<\/strong>, Euromillions ile birlikte t\u00fcm Avrupa&#8217;daki en b\u00fcy\u00fck ve en pop\u00fcler piyangolardan biridir ve her hafta d\u00fcnya \u00e7ap\u0131nda milyonlarca ki\u015fi taraf\u0131ndan oynanmaktad\u0131r. Eurojackpot ilk olarak 1994 y\u0131l\u0131nda olu\u015fturuldu, ancak kurallarda ve formatta yap\u0131lan birka\u00e7 de\u011fi\u015fiklikle, 2004 y\u0131l\u0131nda Avrupa&#8217;da nihayet ba\u015flat\u0131l\u0131p oynamaya haz\u0131r olana kadar birka\u00e7 y\u0131l ertelendi.<br \/>\n<img loading=\"lazy\" decoding=\"async\" class=\"alignright wp-image-18574\" src=\"https:\/\/jackpotlotteryonline.com\/wp-content\/uploads\/2022\/10\/1_online_ticket_eurojackpot2.jpg\" alt=\"eurojackpot online oyna\" width=\"260\" height=\"173\" \/><\/p>\n<p>\u0130lk \u00e7ekili\u015fin yap\u0131ld\u0131\u011f\u0131 2004 y\u0131l\u0131ndan bu yana milyonlarca insan bu muhte\u015fem \u015fans oyununu oynamakta ve baz\u0131lar\u0131 180 milyon Euro&#8217;yu a\u015fan jackpot \u00f6d\u00fcllerini kazanacak kadar \u015fansl\u0131 olan bir\u00e7ok jackpot talihlisi bulunmaktad\u0131r!<\/p>\n<p>Hayat de\u011fi\u015ftiren 15 milyon Euro&#8217;luk standart jackpot \u00f6d\u00fcl\u00fc ile EuroJackpot&#8217;un her hafta milyonlarca ki\u015fi taraf\u0131ndan online olarak oynanmas\u0131 hi\u00e7 de \u015fa\u015f\u0131rt\u0131c\u0131 de\u011fil. Kurallar \u00e7ok basittir &#8211; oynamak ve ikramiyeyi kazanmak i\u00e7in 1 ile 50 aras\u0131nda 5 say\u0131y\u0131 do\u011fru se\u00e7meli, ayr\u0131ca 1 ile 11 aras\u0131nda &#8220;\u015fansl\u0131 y\u0131ld\u0131zlar&#8221; olarak adland\u0131r\u0131lan 2 say\u0131y\u0131 daha do\u011fru e\u015fle\u015ftirmelisiniz.<\/p>\n<p><a href=\"https:\/\/jackpotlotteryonline.com\/tr\/bilet-satin-al\/eurojackpot\">Online biletinizi \u015fimdi<\/a> hizmetimiz arac\u0131l\u0131\u011f\u0131yla al\u0131n &#8211; herkes kat\u0131labilir ve kazanabilir!<\/p>\n<section class=\"layout\" style=\"border: solid 1px; width: 100%;\">\n<div class=\"img-div\" style=\"margin-top: 5px;\"><img decoding=\"async\" class=\"wp-image-17212 alignleft\" style=\"height: 45px; margin: 8px 8px 0px;\" src=\"https:\/\/jackpotlotteryonline.com\/wp-content\/uploads\/2022\/11\/read1.jpg\" alt=\"okuyun\" width=\"\" height=\"\" \/><\/div>\n<div style=\"padding-left: 5px;\">\n<div style=\"font-size: 1.1em;\">\n<p><strong>Hangi Uluslararas\u0131 Piyango En \u0130yisidir?<\/strong><\/p>\n<p style=\"font-size: 0.85em; margin-top: -1.5em;\">Uluslararas\u0131 Piyangolardan hangisi\u00a0 kazanmak i\u00e7in en iyi oranlara sahiptir?\u00a0<a href=\"https:\/\/jackpotlotteryonline.com\/tr\/hangi-uluslararasi-piyango-en-iyisidir\"> daha fazla oku<\/a><\/p>\n<\/div>\n<\/div>\n<\/section>\n<h2>EuroJackpot i\u00e7in online bilet al\u0131n<\/h2>\n<p><strong>EuroJackpot&#8217;u \u00e7evrimi\u00e7i oynaman\u0131n en g\u00fczel<\/strong> yan\u0131, kazan\u0131lacak bir\u00e7ok \u00f6d\u00fcl\u00fcn olmas\u0131d\u0131r, bu nedenle jackpot kazanan\u0131 de\u011filseniz, endi\u015felenmeyin, \u00e7\u00fcnk\u00fc hala b\u00fcy\u00fck nakit \u00f6d\u00fcller kazanma \u015fans\u0131n\u0131z olabilir. EuroJackpot i\u00e7in online bir bilet sat\u0131n ald\u0131\u011f\u0131n\u0131zda kazanabilece\u011finiz b\u00fcy\u00fck ikramiye \u00f6d\u00fcl\u00fcne ek olarak, kazanabilece\u011finiz 13 farkl\u0131 \u00f6d\u00fcl vard\u0131r.<br \/>\n<img loading=\"lazy\" decoding=\"async\" class=\"alignright size-medium wp-image-18736\" src=\"https:\/\/jackpotlotteryonline.com\/wp-content\/uploads\/2022\/10\/2_ticket_eurojackpot-141x300.jpg\" alt=\"eurojackpot bileti\" width=\"141\" height=\"300\" srcset=\"https:\/\/jackpotlotteryonline.com\/wp-content\/uploads\/2022\/10\/2_ticket_eurojackpot-141x300.jpg 141w, https:\/\/jackpotlotteryonline.com\/wp-content\/uploads\/2022\/10\/2_ticket_eurojackpot.jpg 150w\" sizes=\"auto, (max-width: 141px) 100vw, 141px\" \/><\/p>\n<p>B\u00fcy\u00fck ikramiye \u00f6d\u00fcl\u00fcn\u00fc kazanan olmazsa, Eurojackpot ba\u015fka bir haftaya devreder. Bu nedenle ge\u00e7mi\u015fte 100 milyon Euro veya daha fazla b\u00fcy\u00fck ikramiyeler olmu\u015ftur. Bu piyango genellikle Avrupa \u00fclkelerinde ya\u015fayanlar taraf\u0131ndan oynanmaktad\u0131r, bu nedenle her hafta \u0130ngiltere, Fransa, Almanya ve \u0130svi\u00e7re gibi yerlerdeki kat\u0131l\u0131mc\u0131lar EuroJackpot i\u00e7in online bilet sat\u0131n almaktad\u0131r.<\/p>\n<p>Online piyango bileti sat\u0131n almak, Eurojackpot piyangosunu oynaman\u0131n en pop\u00fcler yolu haline gelmektedir. Kurallar ayn\u0131d\u0131r, ancak t\u00fcm oyun s\u00fcreci biletinizi sat\u0131n alma a\u00e7\u0131s\u0131ndan \u00e7ok daha h\u0131zl\u0131 ve kolayd\u0131r. \u00d6rne\u011fin, fiziksel bir bilet sat\u0131n almak i\u00e7in yerel ma\u011fazan\u0131za gitmek yerine, oyun sitesine giri\u015f yapabilir ve kendi numaralar\u0131n\u0131z\u0131 kendi evinizin rahatl\u0131\u011f\u0131nda, hatta ofisinizde saniyeler i\u00e7inde se\u00e7ebilirsiniz.<\/p>\n<p>\u015eansl\u0131 say\u0131lar\u0131n\u0131z\u0131, hatta kazanma \u015fans\u0131n\u0131z\u0131 ger\u00e7ekten art\u0131rmak istiyorsan\u0131z birka\u00e7 say\u0131 k\u00fcmesini se\u00e7tikten sonra, biletinizin \u00f6demesini de \u00e7evrimi\u00e7i olarak g\u00fcvenli bir \u015fekilde yapabilirsiniz. Her <a href=\"https:\/\/jackpotlotteryonline.com\/tr\/kazanan-sayilar\/euromillions\">Eurojackpot piyango \u00e7ekili\u015finden<\/a> sonra, sonu\u00e7lar her hafta son say\u0131 a\u00e7\u0131kland\u0131ktan sonra bir dakika i\u00e7inde \u00e7evrimi\u00e7i olarak g\u00fcncellenecektir. Bu, hesab\u0131n\u0131za tekrar giri\u015f yapabilece\u011finiz ve kazanan numaralar\u0131 saniyeler i\u00e7inde g\u00f6r\u00fcnt\u00fcleyebilece\u011finiz anlam\u0131na gelir ve sonu\u00e7lar i\u00e7in gazetelerde arama yapma ihtiyac\u0131n\u0131 ortadan kald\u0131r\u0131r.<\/p>\n<p>Dahas\u0131, EuroJackpot&#8217;u bizimle \u00e7evrimi\u00e7i oynad\u0131\u011f\u0131n\u0131zda, herhangi bir say\u0131y\u0131 e\u015fle\u015ftirdi\u011finizde size otomatik olarak bir e-posta da g\u00f6nderilecektir.<\/p>\n","protected":false},"excerpt":{"rendered":"<p>Herhangi bir \u00fclkeden Eurojackpot&#8217;a nas\u0131l kat\u0131labilirsiniz? Eurojackpot, Euromillions ile birlikte t\u00fcm Avrupa&#8217;daki en b\u00fcy\u00fck ve en pop\u00fcler piyangolardan biridir ve her hafta d\u00fcnya \u00e7ap\u0131nda milyonlarca ki\u015fi taraf\u0131ndan oynanmaktad\u0131r. Eurojackpot ilk olarak 1994 y\u0131l\u0131nda olu\u015fturuldu, ancak kurallarda ve formatta yap\u0131lan birka\u00e7 de\u011fi\u015fiklikle, 2004 y\u0131l\u0131nda Avrupa&#8217;da nihayet ba\u015flat\u0131l\u0131p oynamaya haz\u0131r olana kadar birka\u00e7 y\u0131l ertelendi. \u0130lk \u00e7ekili\u015fin [&hellip;]<\/p>\n","protected":false},"author":1,"featured_media":0,"parent":35727,"menu_order":4,"comment_status":"closed","ping_status":"closed","template":"eurojackpot.php","meta":{"_et_pb_use_builder":"","_et_pb_old_content":"","_et_gb_content_width":"","exclude_from_search":false,"footnotes":""},"class_list":["post-36099","page","type-page","status-publish","hentry"],"yoast_head":"<!-- This site is optimized with the Yoast SEO plugin v23.3 - https:\/\/yoast.com\/wordpress\/plugins\/seo\/ -->\n<title>Avrupa d\u0131\u015f\u0131ndan bile online Eurojackpot oynay\u0131n<\/title>\n<meta name=\"description\" content=\"Eurojackpot Online oynamak sizi milyoner olmaya yakla\u015ft\u0131r\u0131yor!\" \/>\n<meta name=\"robots\" content=\"index, follow, max-snippet:-1, max-image-preview:large, max-video-preview:-1\" \/>\n<link rel=\"canonical\" href=\"https:\/\/jackpotlotteryonline.com\/play-online\/eurojackpot\/\" \/>\n<meta property=\"og:locale\" content=\"tr_TR\" \/>\n<meta property=\"og:type\" content=\"article\" \/>\n<meta property=\"og:title\" content=\"Avrupa d\u0131\u015f\u0131ndan bile online Eurojackpot oynay\u0131n\" \/>\n<meta property=\"og:description\" content=\"Eurojackpot Online oynamak sizi milyoner olmaya yakla\u015ft\u0131r\u0131yor!\" \/>\n<meta property=\"og:url\" content=\"https:\/\/jackpotlotteryonline.com\/play-online\/eurojackpot\/\" \/>\n<meta property=\"og:site_name\" content=\"Lotto Online - Crack The International Lottery Jackpots\" \/>\n<meta property=\"article:modified_time\" content=\"2022-12-30T21:15:52+00:00\" \/>\n<meta property=\"og:image\" content=\"https:\/\/jackpotlotteryonline.com\/wp-content\/uploads\/2022\/10\/1_online_ticket_eurojackpot2.jpg\" \/>\n<meta name=\"twitter:card\" content=\"summary_large_image\" \/>\n<meta name=\"twitter:label1\" content=\"Tahmini okuma s\u00fcresi\" \/>\n\t<meta name=\"twitter:data1\" content=\"3 dakika\" \/>\n<!-- \/ Yoast SEO plugin. -->","yoast_head_json":{"title":"Avrupa d\u0131\u015f\u0131ndan bile online Eurojackpot oynay\u0131n","description":"Eurojackpot Online oynamak sizi milyoner olmaya yakla\u015ft\u0131r\u0131yor!","robots":{"index":"index","follow":"follow","max-snippet":"max-snippet:-1","max-image-preview":"max-image-preview:large","max-video-preview":"max-video-preview:-1"},"canonical":"https:\/\/jackpotlotteryonline.com\/play-online\/eurojackpot\/","og_locale":"tr_TR","og_type":"article","og_title":"Avrupa d\u0131\u015f\u0131ndan bile online Eurojackpot oynay\u0131n","og_description":"Eurojackpot Online oynamak sizi milyoner olmaya yakla\u015ft\u0131r\u0131yor!","og_url":"https:\/\/jackpotlotteryonline.com\/play-online\/eurojackpot\/","og_site_name":"Lotto Online - Crack The International Lottery Jackpots","article_modified_time":"2022-12-30T21:15:52+00:00","og_image":[{"url":"https:\/\/jackpotlotteryonline.com\/wp-content\/uploads\/2022\/10\/1_online_ticket_eurojackpot2.jpg"}],"twitter_card":"summary_large_image","twitter_misc":{"Tahmini okuma s\u00fcresi":"3 dakika"},"schema":{"@context":"https:\/\/schema.org","@graph":[{"@type":"WebPage","@id":"https:\/\/jackpotlotteryonline.com\/play-online\/eurojackpot\/","url":"https:\/\/jackpotlotteryonline.com\/play-online\/eurojackpot\/","name":"Avrupa d\u0131\u015f\u0131ndan bile online Eurojackpot oynay\u0131n","isPartOf":{"@id":"https:\/\/jackpotlotteryonline.com\/#website"},"primaryImageOfPage":{"@id":"https:\/\/jackpotlotteryonline.com\/play-online\/eurojackpot\/#primaryimage"},"image":{"@id":"https:\/\/jackpotlotteryonline.com\/play-online\/eurojackpot\/#primaryimage"},"thumbnailUrl":"https:\/\/jackpotlotteryonline.com\/wp-content\/uploads\/2022\/10\/1_online_ticket_eurojackpot2.jpg","datePublished":"2022-11-03T10:19:52+00:00","dateModified":"2022-12-30T21:15:52+00:00","description":"Eurojackpot Online oynamak sizi milyoner olmaya yakla\u015ft\u0131r\u0131yor!","breadcrumb":{"@id":"https:\/\/jackpotlotteryonline.com\/play-online\/eurojackpot\/#breadcrumb"},"inLanguage":"tr","potentialAction":[{"@type":"ReadAction","target":["https:\/\/jackpotlotteryonline.com\/play-online\/eurojackpot\/"]}]},{"@type":"ImageObject","inLanguage":"tr","@id":"https:\/\/jackpotlotteryonline.com\/play-online\/eurojackpot\/#primaryimage","url":"https:\/\/jackpotlotteryonline.com\/wp-content\/uploads\/2022\/10\/1_online_ticket_eurojackpot2.jpg","contentUrl":"https:\/\/jackpotlotteryonline.com\/wp-content\/uploads\/2022\/10\/1_online_ticket_eurojackpot2.jpg"},{"@type":"BreadcrumbList","@id":"https:\/\/jackpotlotteryonline.com\/play-online\/eurojackpot\/#breadcrumb","itemListElement":[{"@type":"ListItem","position":1,"name":"Home","item":"https:\/\/jackpotlotteryonline.com\/tr\/"},{"@type":"ListItem","position":2,"name":"Nas\u0131l oynan\u0131r","item":"https:\/\/jackpotlotteryonline.com\/tr\/nasil-oynanir\/"},{"@type":"ListItem","position":3,"name":"EuroJackpot"}]},{"@type":"WebSite","@id":"https:\/\/jackpotlotteryonline.com\/#website","url":"https:\/\/jackpotlotteryonline.com\/","name":"Lotto Online - Crack The International Lottery Jackpots","description":"","potentialAction":[{"@type":"SearchAction","target":{"@type":"EntryPoint","urlTemplate":"https:\/\/jackpotlotteryonline.com\/?s={search_term_string}"},"query-input":"required name=search_term_string"}],"inLanguage":"tr"}]}},"_links":{"self":[{"href":"https:\/\/jackpotlotteryonline.com\/tr\/wp-json\/wp\/v2\/pages\/36099","targetHints":{"allow":["GET"]}}],"collection":[{"href":"https:\/\/jackpotlotteryonline.com\/tr\/wp-json\/wp\/v2\/pages"}],"about":[{"href":"https:\/\/jackpotlotteryonline.com\/tr\/wp-json\/wp\/v2\/types\/page"}],"author":[{"embeddable":true,"href":"https:\/\/jackpotlotteryonline.com\/tr\/wp-json\/wp\/v2\/users\/1"}],"replies":[{"embeddable":true,"href":"https:\/\/jackpotlotteryonline.com\/tr\/wp-json\/wp\/v2\/comments?post=36099"}],"version-history":[{"count":0,"href":"https:\/\/jackpotlotteryonline.com\/tr\/wp-json\/wp\/v2\/pages\/36099\/revisions"}],"up":[{"embeddable":true,"href":"https:\/\/jackpotlotteryonline.com\/tr\/wp-json\/wp\/v2\/pages\/35727"}],"wp:attachment":[{"href":"https:\/\/jackpotlotteryonline.com\/tr\/wp-json\/wp\/v2\/media?parent=36099"}],"curies":[{"name":"wp","href":"https:\/\/api.w.org\/{rel}","templated":true}]}}