{"id":36153,"date":"2022-11-03T13:58:28","date_gmt":"2022-11-03T13:58:28","guid":{"rendered":"https:\/\/jackpotlotteryonline.com\/?page_id=36153"},"modified":"2022-12-31T07:50:23","modified_gmt":"2022-12-31T07:50:23","slug":"superenalotto","status":"publish","type":"page","link":"https:\/\/jackpotlotteryonline.com\/tr\/nasil-oynanir\/superenalotto\/","title":{"rendered":"SuperEnaLotto \u0130talya"},"content":{"rendered":"<h2>Superenalotto \u0130talya<\/h2>\n<p>Bu, ilk kez 3 Aral\u0131k 1997&#8217;de \u00e7ekilen \u0130talyan Jackpot Piyangosudur ve <strong>Superenalotto online jackpotu<\/strong> \u00e7ok s\u0131k astronomik mebla\u011flara ula\u015fmaktad\u0131r. Her Sal\u0131, Per\u015fembe ve Cumartesi g\u00fcnleri saat tam 20:00&#8217;de \u00e7ekilmektedir. En b\u00fcy\u00fck ikramiye miktarlar\u0131n\u0131n s\u00f6z konusu oldu\u011fu bu piyangoyu kazanma \u015fans\u0131 en d\u00fc\u015f\u00fckler aras\u0131ndad\u0131r. <strong>Superenalotto Italia&#8217;<\/strong>n\u0131n 250 milyon avronun \u00fczerinde ikramiye tutarlar\u0131na ula\u015ft\u0131\u011f\u0131 bilinmektedir.<\/p>\n<section class=\"layout\" style=\"border: solid 1px; width: 100%;\">\n<div class=\"img-div\" style=\"margin-top: 5px;\"><img decoding=\"async\" class=\"wp-image-17212 alignleft\" style=\"height: 45px; margin: 8px 8px 0px;\" src=\"https:\/\/jackpotlotteryonline.com\/wp-content\/uploads\/2022\/11\/read1.jpg\" alt=\"okuyun\" width=\"\" height=\"\" \/><\/div>\n<div style=\"padding-left: 5px;\">\n<div style=\"font-size: 1.1em;\">\n<p><strong>Avrupa Piyangolar\u0131<\/strong><\/p>\n<p style=\"font-size: 0.85em; margin-top: -1.5em;\">Hangi Avrupa piyangolar\u0131 en iyisidir?\u00a0<a href=\"https:\/\/jackpotlotteryonline.com\/tr\/en-i\u0307yi\u0307-avrupa-pi\u0307yangolari-hangi\u0307leri\u0307di\u0307r\"> daha fazla oku<\/a><\/p>\n<\/div>\n<\/div>\n<\/section>\n<h2>Superenalotto nas\u0131l \u00e7al\u0131\u015f\u0131r?<\/h2>\n<p><img loading=\"lazy\" decoding=\"async\" class=\"alignright wp-image-17735\" src=\"https:\/\/jackpotlotteryonline.com\/wp-content\/uploads\/2022\/10\/logo_superenalotto.png\" alt=\"superenalotto online oyna\" width=\"168\" height=\"178\" \/><\/p>\n<p><strong>Superenalotto,<\/strong> 90 say\u0131 aras\u0131ndan 6 say\u0131n\u0131n e\u015fle\u015ftirilmesini i\u00e7erir. <a href=\"https:\/\/jackpotlotteryonline.com\/tr\/kazanan-sayilar\/superenalotto\">Ana \u00e7ekili\u015f<\/a>, Jolly numaras\u0131n\u0131 da i\u00e7eren 6 numaran\u0131n tamam\u0131n\u0131n \u00e7ekili\u015fini i\u00e7erir ve ard\u0131ndan Superstar numaras\u0131 i\u00e7in ikinci ve ba\u011f\u0131ms\u0131z bir \u00e7ekili\u015f yap\u0131l\u0131r. <strong>Superenalotto Italia<\/strong>&#8216;da herhangi bir \u015fey kazanma \u015fans\u0131na sahip olmak i\u00e7in, en az 3 say\u0131y\u0131 e\u015fle\u015ftirmek gerekir ve bunu ba\u015farma olas\u0131l\u0131\u011f\u0131 327&#8217;de 1&#8217;dir. B\u00fcy\u00fck ikramiyeyi kazanma ihtimali ise 622 milyonda 1&#8217;dir.<\/p>\n<p>S\u00fcperstar numaras\u0131n\u0131 oynamak ekstra \u00fccrete tabidir, ancak e\u011fer \u015fansl\u0131ysan\u0131z ve bu numaray\u0131 tutturabilirseniz, para \u00f6d\u00fcl\u00fcn\u00fc 100 kat art\u0131rabilirsiniz. Asl\u0131nda, S\u00fcperstar numaras\u0131n\u0131 e\u015fle\u015ftirirseniz ve alt\u0131 temel numaray\u0131 e\u015fle\u015ftirmezseniz, sabit bir miktar para \u00f6d\u00fcl\u00fc ile de uzakla\u015fabilirsiniz.<\/p>\n<h2>Superenalotto Jackpot ile ne kazanabilirsiniz?<\/h2>\n<p>2022 y\u0131l\u0131 \u015fu anda 295 milyon <strong>Euro ile Superenalotto Italia&#8217;n\u0131n \u015fimdiye kadarki<\/strong> en b\u00fcy\u00fck ikramiyesine sahne olmaktad\u0131r. Bu, \u0130talya loto tarihinde kazan\u0131lan a\u00e7\u0131k ara en b\u00fcy\u00fck ikramiyedir ve bu sayfan\u0131n g\u00fcncellendi\u011fi s\u0131rada hen\u00fcz kazanan bulunamam\u0131\u015ft\u0131r!<br \/>\n<img loading=\"lazy\" decoding=\"async\" class=\"alignright size-medium wp-image-19493\" src=\"https:\/\/jackpotlotteryonline.com\/wp-content\/uploads\/2022\/10\/2_ticket_superenalotto4-211x300.jpg\" alt=\"s\u00fcperenalotto bi\u0307leti\u0307\" width=\"211\" height=\"300\" srcset=\"https:\/\/jackpotlotteryonline.com\/wp-content\/uploads\/2022\/10\/2_ticket_superenalotto4-211x300.jpg 211w, https:\/\/jackpotlotteryonline.com\/wp-content\/uploads\/2022\/10\/2_ticket_superenalotto4.jpg 300w\" sizes=\"auto, (max-width: 211px) 100vw, 211px\" \/><\/p>\n<p>Ancak, cesaretinizin k\u0131r\u0131lmas\u0131 i\u00e7in hi\u00e7bir neden yok. Asl\u0131nda, oranlar ne kadar y\u00fcksekse, kazan\u0131lacak ikramiye de o kadar y\u00fcksek ve adrenalin patlamas\u0131 da o kadar iyi olur. Piyango her zaman bir \u015fans oyunu olmu\u015ftur ve bir sonraki \u015fansl\u0131 ki\u015finin siz olma ihtimali y\u00fcksektir.<\/p>\n<p><strong>Superena piyangosunun \u00e7evrimi\u00e7i<\/strong> ikramiyesinin en iyi y\u00f6n\u00fc, \u0130talya d\u0131\u015f\u0131ndan bile olsa d\u00fcnyan\u0131n herhangi bir yerinden herkesin kat\u0131labilmesidir ve kat\u0131l\u0131m\u0131n tek temeli 18 ya\u015f\u0131ndan b\u00fcy\u00fck olmakt\u0131r. <strong>Web sitemiz<\/strong> size <a href=\"https:\/\/jackpotlotteryonline.com\/tr\/bilet-satin-al\/superenalotto\">Superenalotto Italia&#8217;da en iyi \u015fans\u0131<\/a> verir ve e\u011fer hen\u00fcz oynamad\u0131ysan\u0131z, \u015fans\u0131n\u0131z\u0131 yanl\u0131\u015f yerde zorluyorsunuz demektir.<\/p>\n<p>Web sitemize kaydolduktan ve kimlik bilgilerinizi do\u011frulad\u0131ktan sonra yapman\u0131z gereken tek \u015fey numaralar\u0131n\u0131z\u0131 se\u00e7mek ve milyonlara giden otob\u00fcste yerinizi ay\u0131rtt\u0131\u011f\u0131n\u0131zdan emin olmak i\u00e7in \u00f6demeyi yapmakt\u0131r. Yerel temsilcimiz biletinizi belirtti\u011finiz numaralarla yerel olarak sat\u0131n alacak ve k\u0131sa bir s\u00fcre sonra bu biletin taramas\u0131n\u0131 g\u00f6rebilece\u011finizden emin olacakt\u0131r.<\/p>\n<p><strong>Superenalotto Italia<\/strong>&#8216;y\u0131 kazanmak olumsuz bir ihtimal olsa da, hizmetimizin yard\u0131m\u0131yla d\u00fcnya \u00e7ap\u0131nda \u00e7evrimi\u00e7i oynayabilece\u011finiz di\u011fer piyangolara da g\u00f6z atabilirsiniz.<\/p>\n<p>En sevdi\u011finiz \u015fans oyunlar\u0131n\u0131 se\u00e7in ve bug\u00fcn kullan\u0131c\u0131lar\u0131m\u0131z\u0131n toplulu\u011funa kat\u0131larak kazanma y\u00fczdelerinizi y\u00fckseltin. \u015eans\u0131n\u0131z\u0131 en \u00fcst d\u00fczeyde test etmenin zaman\u0131 geldi.<\/p>\n","protected":false},"excerpt":{"rendered":"<p>Superenalotto \u0130talya Bu, ilk kez 3 Aral\u0131k 1997&#8217;de \u00e7ekilen \u0130talyan Jackpot Piyangosudur ve Superenalotto online jackpotu \u00e7ok s\u0131k astronomik mebla\u011flara ula\u015fmaktad\u0131r. Her Sal\u0131, Per\u015fembe ve Cumartesi g\u00fcnleri saat tam 20:00&#8217;de \u00e7ekilmektedir. En b\u00fcy\u00fck ikramiye miktarlar\u0131n\u0131n s\u00f6z konusu oldu\u011fu bu piyangoyu kazanma \u015fans\u0131 en d\u00fc\u015f\u00fckler aras\u0131ndad\u0131r. Superenalotto Italia&#8217;n\u0131n 250 milyon avronun \u00fczerinde ikramiye tutarlar\u0131na ula\u015ft\u0131\u011f\u0131 bilinmektedir. [&hellip;]<\/p>\n","protected":false},"author":1,"featured_media":0,"parent":35727,"menu_order":5,"comment_status":"closed","ping_status":"closed","template":"superenalotto.php","meta":{"_et_pb_use_builder":"","_et_pb_old_content":"","_et_gb_content_width":"","exclude_from_search":false,"footnotes":""},"class_list":["post-36153","page","type-page","status-publish","hentry"],"yoast_head":"<!-- This site is optimized with the Yoast SEO plugin v23.3 - https:\/\/yoast.com\/wordpress\/plugins\/seo\/ -->\n<title>\u0130talya D\u0131\u015f\u0131ndan Online SuperEnaLotto Oynay\u0131n<\/title>\n<meta name=\"description\" content=\"Superenalotto k\u0131r\u0131lmas\u0131 zor bir ceviz gibi g\u00f6r\u00fcnebilir ama b\u00fcy\u00fck ikramiyeyi tutturursan\u0131z, b\u00fcy\u00fck kazan\u0131rs\u0131n\u0131z. \u0130talya d\u0131\u015f\u0131ndan Superenalotto&#039;yu buradan oynay\u0131n!\" \/>\n<meta name=\"robots\" content=\"index, follow, max-snippet:-1, max-image-preview:large, max-video-preview:-1\" \/>\n<link rel=\"canonical\" href=\"https:\/\/jackpotlotteryonline.com\/tr\/nasil-oynanir\/superenalotto\/\" \/>\n<meta property=\"og:locale\" content=\"tr_TR\" \/>\n<meta property=\"og:type\" content=\"article\" \/>\n<meta property=\"og:title\" content=\"\u0130talya D\u0131\u015f\u0131ndan Online SuperEnaLotto Oynay\u0131n\" \/>\n<meta property=\"og:description\" content=\"Superenalotto k\u0131r\u0131lmas\u0131 zor bir ceviz gibi g\u00f6r\u00fcnebilir ama b\u00fcy\u00fck ikramiyeyi tutturursan\u0131z, b\u00fcy\u00fck kazan\u0131rs\u0131n\u0131z. \u0130talya d\u0131\u015f\u0131ndan Superenalotto&#039;yu buradan oynay\u0131n!\" \/>\n<meta property=\"og:url\" content=\"https:\/\/jackpotlotteryonline.com\/tr\/nasil-oynanir\/superenalotto\/\" \/>\n<meta property=\"og:site_name\" content=\"Lotto Online - Crack The International Lottery Jackpots\" \/>\n<meta property=\"article:modified_time\" content=\"2022-12-31T07:50:23+00:00\" \/>\n<meta property=\"og:image\" content=\"https:\/\/jackpotlotteryonline.com\/wp-content\/uploads\/2022\/11\/read1.jpg\" \/>\n<meta name=\"twitter:card\" content=\"summary_large_image\" \/>\n<meta name=\"twitter:label1\" content=\"Tahmini okuma s\u00fcresi\" \/>\n\t<meta name=\"twitter:data1\" content=\"3 dakika\" \/>\n<!-- \/ Yoast SEO plugin. -->","yoast_head_json":{"title":"\u0130talya D\u0131\u015f\u0131ndan Online SuperEnaLotto Oynay\u0131n","description":"Superenalotto k\u0131r\u0131lmas\u0131 zor bir ceviz gibi g\u00f6r\u00fcnebilir ama b\u00fcy\u00fck ikramiyeyi tutturursan\u0131z, b\u00fcy\u00fck kazan\u0131rs\u0131n\u0131z. \u0130talya d\u0131\u015f\u0131ndan Superenalotto'yu buradan oynay\u0131n!","robots":{"index":"index","follow":"follow","max-snippet":"max-snippet:-1","max-image-preview":"max-image-preview:large","max-video-preview":"max-video-preview:-1"},"canonical":"https:\/\/jackpotlotteryonline.com\/tr\/nasil-oynanir\/superenalotto\/","og_locale":"tr_TR","og_type":"article","og_title":"\u0130talya D\u0131\u015f\u0131ndan Online SuperEnaLotto Oynay\u0131n","og_description":"Superenalotto k\u0131r\u0131lmas\u0131 zor bir ceviz gibi g\u00f6r\u00fcnebilir ama b\u00fcy\u00fck ikramiyeyi tutturursan\u0131z, b\u00fcy\u00fck kazan\u0131rs\u0131n\u0131z. \u0130talya d\u0131\u015f\u0131ndan Superenalotto'yu buradan oynay\u0131n!","og_url":"https:\/\/jackpotlotteryonline.com\/tr\/nasil-oynanir\/superenalotto\/","og_site_name":"Lotto Online - Crack The International Lottery Jackpots","article_modified_time":"2022-12-31T07:50:23+00:00","og_image":[{"url":"https:\/\/jackpotlotteryonline.com\/wp-content\/uploads\/2022\/11\/read1.jpg"}],"twitter_card":"summary_large_image","twitter_misc":{"Tahmini okuma s\u00fcresi":"3 dakika"},"schema":{"@context":"https:\/\/schema.org","@graph":[{"@type":"WebPage","@id":"https:\/\/jackpotlotteryonline.com\/tr\/nasil-oynanir\/superenalotto\/","url":"https:\/\/jackpotlotteryonline.com\/tr\/nasil-oynanir\/superenalotto\/","name":"\u0130talya D\u0131\u015f\u0131ndan Online SuperEnaLotto Oynay\u0131n","isPartOf":{"@id":"https:\/\/jackpotlotteryonline.com\/#website"},"primaryImageOfPage":{"@id":"https:\/\/jackpotlotteryonline.com\/tr\/nasil-oynanir\/superenalotto\/#primaryimage"},"image":{"@id":"https:\/\/jackpotlotteryonline.com\/tr\/nasil-oynanir\/superenalotto\/#primaryimage"},"thumbnailUrl":"https:\/\/jackpotlotteryonline.com\/wp-content\/uploads\/2022\/11\/read1.jpg","datePublished":"2022-11-03T13:58:28+00:00","dateModified":"2022-12-31T07:50:23+00:00","description":"Superenalotto k\u0131r\u0131lmas\u0131 zor bir ceviz gibi g\u00f6r\u00fcnebilir ama b\u00fcy\u00fck ikramiyeyi tutturursan\u0131z, b\u00fcy\u00fck kazan\u0131rs\u0131n\u0131z. \u0130talya d\u0131\u015f\u0131ndan Superenalotto'yu buradan oynay\u0131n!","breadcrumb":{"@id":"https:\/\/jackpotlotteryonline.com\/tr\/nasil-oynanir\/superenalotto\/#breadcrumb"},"inLanguage":"tr","potentialAction":[{"@type":"ReadAction","target":["https:\/\/jackpotlotteryonline.com\/tr\/nasil-oynanir\/superenalotto\/"]}]},{"@type":"ImageObject","inLanguage":"tr","@id":"https:\/\/jackpotlotteryonline.com\/tr\/nasil-oynanir\/superenalotto\/#primaryimage","url":"https:\/\/jackpotlotteryonline.com\/wp-content\/uploads\/2022\/11\/read1.jpg","contentUrl":"https:\/\/jackpotlotteryonline.com\/wp-content\/uploads\/2022\/11\/read1.jpg"},{"@type":"BreadcrumbList","@id":"https:\/\/jackpotlotteryonline.com\/tr\/nasil-oynanir\/superenalotto\/#breadcrumb","itemListElement":[{"@type":"ListItem","position":1,"name":"Home","item":"https:\/\/jackpotlotteryonline.com\/tr\/"},{"@type":"ListItem","position":2,"name":"Nas\u0131l oynan\u0131r","item":"https:\/\/jackpotlotteryonline.com\/tr\/nasil-oynanir\/"},{"@type":"ListItem","position":3,"name":"SuperEnaLotto \u0130talya"}]},{"@type":"WebSite","@id":"https:\/\/jackpotlotteryonline.com\/#website","url":"https:\/\/jackpotlotteryonline.com\/","name":"Lotto Online - Crack The International Lottery Jackpots","description":"","potentialAction":[{"@type":"SearchAction","target":{"@type":"EntryPoint","urlTemplate":"https:\/\/jackpotlotteryonline.com\/?s={search_term_string}"},"query-input":"required name=search_term_string"}],"inLanguage":"tr"}]}},"_links":{"self":[{"href":"https:\/\/jackpotlotteryonline.com\/tr\/wp-json\/wp\/v2\/pages\/36153","targetHints":{"allow":["GET"]}}],"collection":[{"href":"https:\/\/jackpotlotteryonline.com\/tr\/wp-json\/wp\/v2\/pages"}],"about":[{"href":"https:\/\/jackpotlotteryonline.com\/tr\/wp-json\/wp\/v2\/types\/page"}],"author":[{"embeddable":true,"href":"https:\/\/jackpotlotteryonline.com\/tr\/wp-json\/wp\/v2\/users\/1"}],"replies":[{"embeddable":true,"href":"https:\/\/jackpotlotteryonline.com\/tr\/wp-json\/wp\/v2\/comments?post=36153"}],"version-history":[{"count":0,"href":"https:\/\/jackpotlotteryonline.com\/tr\/wp-json\/wp\/v2\/pages\/36153\/revisions"}],"up":[{"embeddable":true,"href":"https:\/\/jackpotlotteryonline.com\/tr\/wp-json\/wp\/v2\/pages\/35727"}],"wp:attachment":[{"href":"https:\/\/jackpotlotteryonline.com\/tr\/wp-json\/wp\/v2\/media?parent=36153"}],"curies":[{"name":"wp","href":"https:\/\/api.w.org\/{rel}","templated":true}]}}