{"id":36215,"date":"2022-11-04T07:03:59","date_gmt":"2022-11-04T07:03:59","guid":{"rendered":"https:\/\/jackpotlotteryonline.com\/?page_id=36215"},"modified":"2023-01-03T08:36:28","modified_gmt":"2023-01-03T08:36:28","slug":"el-gordo","status":"publish","type":"page","link":"https:\/\/jackpotlotteryonline.com\/tr\/nasil-oynanir\/el-gordo\/","title":{"rendered":"\u0130spanya El Gordo Loto Oyna"},"content":{"rendered":"<h2>El Gordo Online Loto \u0130kramiyesi<\/h2>\n<p><img loading=\"lazy\" decoding=\"async\" class=\"alignright wp-image-18709\" src=\"https:\/\/jackpotlotteryonline.com\/wp-content\/uploads\/2022\/10\/2_ticket_el_gordo3-218x300.jpg\" alt=\"el gordo bi\u0307leti\u0307\" width=\"174\" height=\"239\" srcset=\"https:\/\/jackpotlotteryonline.com\/wp-content\/uploads\/2022\/10\/2_ticket_el_gordo3-218x300.jpg 218w, https:\/\/jackpotlotteryonline.com\/wp-content\/uploads\/2022\/10\/2_ticket_el_gordo3.jpg 570w\" sizes=\"auto, (max-width: 174px) 100vw, 174px\" \/><\/p>\n<p>Ortalama bir \u0130spanyol 2009 y\u0131l\u0131nda El Gordo loto ikramiyesi i\u00e7in 60 \u20ac gibi m\u00fcthi\u015f bir miktar harcam\u0131\u015ft\u0131r. Evet, 60 \u20ac b\u00fcy\u00fck bir rakam gibi g\u00f6r\u00fcnmeyebilir, ancak bunu \u0130spanyol n\u00fcfusu ile \u00e7arparsan\u0131z, \u015fa\u015fk\u0131na d\u00f6nebilirsiniz. \u0130spanya&#8217;n\u0131n Noel piyangosu olarak bilinen El Gordo piyangosu ayn\u0131 zamanda haftal\u0131k bir etkinliktir.<\/p>\n<p>H<a href=\"https:\/\/jackpotlotteryonline.com\/tr\/kazanan-sayilar\/el-gordo-draw-results\">aftada bir \u00e7ekili\u015fi olan (her Pazar)<\/a> bir piyangodur ve 54 say\u0131 aral\u0131\u011f\u0131ndan 5 say\u0131 se\u00e7meniz gerekir. Bu arada El Gordo ismi \u0130spanyolca&#8217;da &#8220;B\u00fcy\u00fck Olan&#8221; anlam\u0131na gelmektedir.<\/p>\n<h2>El Gordo Noel \u00e7ekili\u015fi<\/h2>\n<p>Y\u0131lda bir kez Noel zaman\u0131nda oynanan El Gordo Navidad, d\u00fcnyadaki di\u011fer benzer piyangolardan \u00e7ok farkl\u0131d\u0131r, \u00e7\u00fcnk\u00fc sadece 85000 piyango numaras\u0131 mevcuttur (00000&#8217;dan 84999&#8217;a kadar) ve piyango \u00e7ekili\u015fi, kurulmas\u0131 ve y\u00fcr\u00fct\u00fclmesi uzun zaman alan \u00e7ok \u00f6zel bir etkinliktir.<\/p>\n<section class=\"layout\" style=\"border: solid 1px; width: 100%;\">\n<div class=\"img-div\" style=\"margin-top: 5px;\"><img decoding=\"async\" class=\"wp-image-17212 alignleft\" style=\"height: 45px; margin: 8px 8px 0px;\" src=\"https:\/\/jackpotlotteryonline.com\/wp-content\/uploads\/2022\/11\/read1.jpg\" alt=\"okuyun\" width=\"\" height=\"\" \/><\/div>\n<div style=\"padding-left: 5px;\">\n<div style=\"font-size: 1.1em;\">\n<p><strong>D\u00fcnyan\u0131n en b\u00fcy\u00fck piyango ikramiyeleri i\u00e7in \u00e7ekili\u015f zamanlar\u0131n\u0131 ka\u00e7\u0131rmay\u0131n<\/strong><\/p>\n<p style=\"font-size: 0.85em; margin-top: -1.5em;\">Uluslararas\u0131 Piyangolar i\u00e7in \u00c7ekili\u015f Zamanlar\u0131n\u0131n bir listesi <a href=\"https:\/\/jackpotlotteryonline.com\/tr\/uluslararasi-pi\u0307yango-ceki\u0307li\u0307s-saatleri\u0307-ne-zaman\">daha fazla oku<\/a><\/p>\n<\/div>\n<\/div>\n<\/section>\n<h2>Noel El Gordo neden benzersizdir?<\/h2>\n<p><img loading=\"lazy\" decoding=\"async\" class=\"alignright size-full wp-image-17870\" src=\"https:\/\/jackpotlotteryonline.com\/wp-content\/uploads\/2022\/10\/lotto_euros.jpg\" alt=\"Noel'i kazan El Gordo\" width=\"225\" height=\"134\" \/><\/p>\n<p>\u00c7ekili\u015fin kendisi \u00e7ok benzersiz ve farkl\u0131d\u0131r. Neredeyse hi\u00e7 makine ya da teknoloji kullan\u0131lm\u0131yor. B\u00fcy\u00fck bir k\u00fcre, her birinin \u00fczerinde 5 basamakl\u0131 say\u0131lardan biri bulunan ah\u015fap toplarla doldurulur. \u0130kinci bir k\u00fcre ise \u00f6d\u00fcllerin bulundu\u011fu toplar\u0131 i\u00e7erir. \u00c7ekili\u015f, kazanan numaray\u0131 ve bu numaran\u0131n kazand\u0131\u011f\u0131 \u00f6d\u00fcl\u00fc belirleyen her k\u00fcreden bir top alan iki \u00e7ocuk taraf\u0131ndan yap\u0131l\u0131r.<\/p>\n<p>Tamamen insan eliyle \u00e7ekilen El Gordo Online loto ikramiyesi \u00e7ok benzersizdir ve Avrupa anakaras\u0131nda en \u00e7ok aranan ikramiyelerden biridir. \u00dc\u00e7 b\u00fcy\u00fck \u00f6d\u00fcl ve 1000&#8217;den fazla k\u00fc\u00e7\u00fck \u00f6d\u00fcl vard\u0131r ve ilk \u00fc\u00e7 \u00f6d\u00fcl say\u0131s\u0131yla k\u0131smen e\u015fle\u015fen say\u0131lar da bir \u015feyler kazan\u0131r. Bu da kazanma \u015fans\u0131n\u0131 olduk\u00e7a y\u00fckseltmektedir.<\/p>\n<p>El Gordo, her y\u0131l 3 Milyar Euro&#8217;nun \u00fczerinde toplam para \u00f6d\u00fcl\u00fc ile d\u00fcnyan\u0131n en b\u00fcy\u00fck piyango ikramiyelerinden biridir (\u015fu an itibariyle ve s\u00fcrekli artmaktad\u0131r). \u0130spanyol veya Avrupa vatanda\u015f\u0131 olmak zorunda de\u011filsiniz, 18 ya\u015f\u0131ndan b\u00fcy\u00fck herkes El Gordo Loto oynayabilir.<\/p>\n<h2>El Gordo Online&#8217;\u0131 nas\u0131l ve neden oynamal\u0131s\u0131n\u0131z?<\/h2>\n<p>Zenginli\u011fe giden yolda yerinizi ay\u0131rtt\u0131\u011f\u0131n\u0131zdan emin olmak i\u00e7in bug\u00fcn web sitemize kaydolun. \u0130spanya d\u0131\u015f\u0131ndan oyuncular\u0131n El Gordo Lotosuna kat\u0131lmalar\u0131na yard\u0131mc\u0131 olaca\u011f\u0131z. Tek yapman\u0131z gereken hesab\u0131n\u0131z\u0131 olu\u015fturmak, numaralar\u0131n\u0131z\u0131 se\u00e7mek ve \u00f6demeyi tamamlamak. Ard\u0131ndan, <a href=\"https:\/\/jackpotlotteryonline.com\/tr\/bilet-satin-al\/el-gordo\">El Gordo loto ikramiyesi i\u00e7in sizin<\/a> ad\u0131n\u0131za bir bilet al\u0131nmas\u0131n\u0131 sa\u011flayaca\u011f\u0131z. Se\u00e7ti\u011finiz numaralar\u0131 i\u00e7eren bilet sizin i\u00e7in taranacak ve bir servet kazanman\u0131z durumunda, paran\u0131n size m\u00fcmk\u00fcn olan en k\u0131sa s\u00fcrede gitmesini sa\u011flamaya da yard\u0131mc\u0131 olaca\u011f\u0131z. Biletinizi favori numaralar\u0131n\u0131zla bug\u00fcn ay\u0131rtman\u0131z tavsiye edilir.<\/p>\n","protected":false},"excerpt":{"rendered":"<p>El Gordo Online Loto \u0130kramiyesi Ortalama bir \u0130spanyol 2009 y\u0131l\u0131nda El Gordo loto ikramiyesi i\u00e7in 60 \u20ac gibi m\u00fcthi\u015f bir miktar harcam\u0131\u015ft\u0131r. Evet, 60 \u20ac b\u00fcy\u00fck bir rakam gibi g\u00f6r\u00fcnmeyebilir, ancak bunu \u0130spanyol n\u00fcfusu ile \u00e7arparsan\u0131z, \u015fa\u015fk\u0131na d\u00f6nebilirsiniz. \u0130spanya&#8217;n\u0131n Noel piyangosu olarak bilinen El Gordo piyangosu ayn\u0131 zamanda haftal\u0131k bir etkinliktir. Haftada bir \u00e7ekili\u015fi olan [&hellip;]<\/p>\n","protected":false},"author":1,"featured_media":0,"parent":35727,"menu_order":6,"comment_status":"closed","ping_status":"closed","template":"el-gordo.php","meta":{"_et_pb_use_builder":"","_et_pb_old_content":"","_et_gb_content_width":"","exclude_from_search":false,"footnotes":""},"class_list":["post-36215","page","type-page","status-publish","hentry"],"yoast_head":"<!-- This site is optimized with the Yoast SEO plugin v23.3 - https:\/\/yoast.com\/wordpress\/plugins\/seo\/ -->\n<title>\u0130spanya&#039;n\u0131n El Gordo Loto&#039;sunu \u00e7evrimi\u00e7i oynay\u0131n - \u0130spanya d\u0131\u015f\u0131ndan bile<\/title>\n<meta name=\"description\" content=\"El Gordo Online Loto \u0130kramiyesi d\u00fcnyan\u0131n en b\u00fcy\u00fck ikramiyelerinden biridir ve \u0130spanya d\u0131\u015f\u0131ndaki \u00fclkelerden online olarak oynanabilir.\" \/>\n<meta name=\"robots\" content=\"index, follow, max-snippet:-1, max-image-preview:large, max-video-preview:-1\" \/>\n<link rel=\"canonical\" href=\"https:\/\/jackpotlotteryonline.com\/play-online\/el-gordo\/\" \/>\n<meta property=\"og:locale\" content=\"tr_TR\" \/>\n<meta property=\"og:type\" content=\"article\" \/>\n<meta property=\"og:title\" content=\"\u0130spanya&#039;n\u0131n El Gordo Loto&#039;sunu \u00e7evrimi\u00e7i oynay\u0131n - \u0130spanya d\u0131\u015f\u0131ndan bile\" \/>\n<meta property=\"og:description\" content=\"El Gordo Online Loto \u0130kramiyesi d\u00fcnyan\u0131n en b\u00fcy\u00fck ikramiyelerinden biridir ve \u0130spanya d\u0131\u015f\u0131ndaki \u00fclkelerden online olarak oynanabilir.\" \/>\n<meta property=\"og:url\" content=\"https:\/\/jackpotlotteryonline.com\/play-online\/el-gordo\/\" \/>\n<meta property=\"og:site_name\" content=\"Lotto Online - Crack The International Lottery Jackpots\" \/>\n<meta property=\"article:modified_time\" content=\"2023-01-03T08:36:28+00:00\" \/>\n<meta property=\"og:image\" content=\"https:\/\/jackpotlotteryonline.com\/wp-content\/uploads\/2022\/10\/2_ticket_el_gordo3-218x300.jpg\" \/>\n<meta name=\"twitter:card\" content=\"summary_large_image\" \/>\n<meta name=\"twitter:label1\" content=\"Tahmini okuma s\u00fcresi\" \/>\n\t<meta name=\"twitter:data1\" content=\"3 dakika\" \/>\n<!-- \/ Yoast SEO plugin. -->","yoast_head_json":{"title":"\u0130spanya'n\u0131n El Gordo Loto'sunu \u00e7evrimi\u00e7i oynay\u0131n - \u0130spanya d\u0131\u015f\u0131ndan bile","description":"El Gordo Online Loto \u0130kramiyesi d\u00fcnyan\u0131n en b\u00fcy\u00fck ikramiyelerinden biridir ve \u0130spanya d\u0131\u015f\u0131ndaki \u00fclkelerden online olarak oynanabilir.","robots":{"index":"index","follow":"follow","max-snippet":"max-snippet:-1","max-image-preview":"max-image-preview:large","max-video-preview":"max-video-preview:-1"},"canonical":"https:\/\/jackpotlotteryonline.com\/play-online\/el-gordo\/","og_locale":"tr_TR","og_type":"article","og_title":"\u0130spanya'n\u0131n El Gordo Loto'sunu \u00e7evrimi\u00e7i oynay\u0131n - \u0130spanya d\u0131\u015f\u0131ndan bile","og_description":"El Gordo Online Loto \u0130kramiyesi d\u00fcnyan\u0131n en b\u00fcy\u00fck ikramiyelerinden biridir ve \u0130spanya d\u0131\u015f\u0131ndaki \u00fclkelerden online olarak oynanabilir.","og_url":"https:\/\/jackpotlotteryonline.com\/play-online\/el-gordo\/","og_site_name":"Lotto Online - Crack The International Lottery Jackpots","article_modified_time":"2023-01-03T08:36:28+00:00","og_image":[{"url":"https:\/\/jackpotlotteryonline.com\/wp-content\/uploads\/2022\/10\/2_ticket_el_gordo3-218x300.jpg"}],"twitter_card":"summary_large_image","twitter_misc":{"Tahmini okuma s\u00fcresi":"3 dakika"},"schema":{"@context":"https:\/\/schema.org","@graph":[{"@type":"WebPage","@id":"https:\/\/jackpotlotteryonline.com\/play-online\/el-gordo\/","url":"https:\/\/jackpotlotteryonline.com\/play-online\/el-gordo\/","name":"\u0130spanya'n\u0131n El Gordo Loto'sunu \u00e7evrimi\u00e7i oynay\u0131n - \u0130spanya d\u0131\u015f\u0131ndan bile","isPartOf":{"@id":"https:\/\/jackpotlotteryonline.com\/#website"},"primaryImageOfPage":{"@id":"https:\/\/jackpotlotteryonline.com\/play-online\/el-gordo\/#primaryimage"},"image":{"@id":"https:\/\/jackpotlotteryonline.com\/play-online\/el-gordo\/#primaryimage"},"thumbnailUrl":"https:\/\/jackpotlotteryonline.com\/wp-content\/uploads\/2022\/10\/2_ticket_el_gordo3-218x300.jpg","datePublished":"2022-11-04T07:03:59+00:00","dateModified":"2023-01-03T08:36:28+00:00","description":"El Gordo Online Loto \u0130kramiyesi d\u00fcnyan\u0131n en b\u00fcy\u00fck ikramiyelerinden biridir ve \u0130spanya d\u0131\u015f\u0131ndaki \u00fclkelerden online olarak oynanabilir.","breadcrumb":{"@id":"https:\/\/jackpotlotteryonline.com\/play-online\/el-gordo\/#breadcrumb"},"inLanguage":"tr","potentialAction":[{"@type":"ReadAction","target":["https:\/\/jackpotlotteryonline.com\/play-online\/el-gordo\/"]}]},{"@type":"ImageObject","inLanguage":"tr","@id":"https:\/\/jackpotlotteryonline.com\/play-online\/el-gordo\/#primaryimage","url":"https:\/\/jackpotlotteryonline.com\/wp-content\/uploads\/2022\/10\/2_ticket_el_gordo3-218x300.jpg","contentUrl":"https:\/\/jackpotlotteryonline.com\/wp-content\/uploads\/2022\/10\/2_ticket_el_gordo3-218x300.jpg"},{"@type":"BreadcrumbList","@id":"https:\/\/jackpotlotteryonline.com\/play-online\/el-gordo\/#breadcrumb","itemListElement":[{"@type":"ListItem","position":1,"name":"Home","item":"https:\/\/jackpotlotteryonline.com\/tr\/"},{"@type":"ListItem","position":2,"name":"Nas\u0131l oynan\u0131r","item":"https:\/\/jackpotlotteryonline.com\/tr\/nasil-oynanir\/"},{"@type":"ListItem","position":3,"name":"\u0130spanya El Gordo Loto Oyna"}]},{"@type":"WebSite","@id":"https:\/\/jackpotlotteryonline.com\/#website","url":"https:\/\/jackpotlotteryonline.com\/","name":"Lotto Online - Crack The International Lottery Jackpots","description":"","potentialAction":[{"@type":"SearchAction","target":{"@type":"EntryPoint","urlTemplate":"https:\/\/jackpotlotteryonline.com\/?s={search_term_string}"},"query-input":"required name=search_term_string"}],"inLanguage":"tr"}]}},"_links":{"self":[{"href":"https:\/\/jackpotlotteryonline.com\/tr\/wp-json\/wp\/v2\/pages\/36215","targetHints":{"allow":["GET"]}}],"collection":[{"href":"https:\/\/jackpotlotteryonline.com\/tr\/wp-json\/wp\/v2\/pages"}],"about":[{"href":"https:\/\/jackpotlotteryonline.com\/tr\/wp-json\/wp\/v2\/types\/page"}],"author":[{"embeddable":true,"href":"https:\/\/jackpotlotteryonline.com\/tr\/wp-json\/wp\/v2\/users\/1"}],"replies":[{"embeddable":true,"href":"https:\/\/jackpotlotteryonline.com\/tr\/wp-json\/wp\/v2\/comments?post=36215"}],"version-history":[{"count":0,"href":"https:\/\/jackpotlotteryonline.com\/tr\/wp-json\/wp\/v2\/pages\/36215\/revisions"}],"up":[{"embeddable":true,"href":"https:\/\/jackpotlotteryonline.com\/tr\/wp-json\/wp\/v2\/pages\/35727"}],"wp:attachment":[{"href":"https:\/\/jackpotlotteryonline.com\/tr\/wp-json\/wp\/v2\/media?parent=36215"}],"curies":[{"name":"wp","href":"https:\/\/api.w.org\/{rel}","templated":true}]}}