{"id":36268,"date":"2022-11-04T08:44:38","date_gmt":"2022-11-04T08:44:38","guid":{"rendered":"https:\/\/jackpotlotteryonline.com\/?page_id=36268"},"modified":"2022-12-31T11:10:26","modified_gmt":"2022-12-31T11:10:26","slug":"france-lotto","status":"publish","type":"page","link":"https:\/\/jackpotlotteryonline.com\/tr\/nasil-oynanir\/france-lotto\/","title":{"rendered":"Frans\u0131z Piyangosu Oynay\u0131n"},"content":{"rendered":"<h2>Fransa Loto \u00e7evrimi\u00e7i<\/h2>\n<p><img loading=\"lazy\" decoding=\"async\" class=\"alignright size-full wp-image-18410\" src=\"http:\/\/jackpotlotteryonline.com\/wp-content\/uploads\/2022\/10\/win_big.jpg\" alt=\"play france lotto online\" width=\"224\" height=\"134\" \/><\/p>\n<p>France Lotto, Avrupa&#8217;n\u0131n en eski organize piyangolar\u0131ndan biridir ve Francaise des Jeux Group taraf\u0131ndan d\u00fczenlenmekte ve y\u00f6netilmektedir. Fransa&#8217;da ve Avrupa&#8217;n\u0131n di\u011fer b\u00f6lgelerinde olduk\u00e7a pop\u00fclerdir. Frans\u0131zlar \u015fans oyunlar\u0131n\u0131n son derece tutkulu hayranlar\u0131 olduklar\u0131ndan, haftada sadece iki kez \u00e7ekilen di\u011fer Avrupa piyangolar\u0131n\u0131n \u00e7o\u011funun aksine,<strong><a href=\"https:\/\/jackpotlotteryonline.com\/tr\/kazanan-sayilar\/france-lotto-2\"> France Lotto online haftada \u00fc\u00e7 kez (Pazartesi, \u00c7ar\u015famba ve Cumartesi)<\/a><\/strong> \u00e7ekilmektedir. Frans\u0131z Loto&#8217;su taraf\u0131ndan da\u011f\u0131t\u0131lan toplam \u00f6d\u00fcllerin y\u0131lda 4,4 milyar\u0131n \u00fczerinde oldu\u011fu tahmin edilmektedir ve b\u00fcy\u00fck bir ikramiye ile birlikte gelir.<\/p>\n<p>Fransa&#8217;da ikamet ediyor olman\u0131z gerekmez &#8211; <strong>Fransa d\u0131\u015f\u0131ndan Frans\u0131z lotosunu oynamak bizim yard\u0131m\u0131m\u0131zla \u00e7evrimi\u00e7i olarak m\u00fcmk\u00fcnd\u00fcr.<\/strong><\/p>\n<p>Di\u011fer Avrupa piyangolar\u0131yla kar\u015f\u0131la\u015ft\u0131r\u0131ld\u0131\u011f\u0131nda, online Frans\u0131z Loto&#8217;su, ikramiye bir milyon Euro artt\u0131\u011f\u0131 i\u00e7in sundu\u011fu ikramiyelerde b\u00fcy\u00fck bir art\u0131\u015f g\u00f6r\u00fcyor. Haftal\u0131k \u00fc\u00e7 \u00e7ekili\u015fle, kazan\u0131lana kadar olduk\u00e7a h\u0131zl\u0131 bir \u015fekilde birikir ve y\u00fckselir. B\u00fcy\u00fck ikramiyenin piyangolar aras\u0131nda en y\u00fcksek ikramiye olarak say\u0131lmamas\u0131, b\u00fcy\u00fck ikramiyenin di\u011fer piyangolardan daha fazla kazan\u0131ld\u0131\u011f\u0131n\u0131 kan\u0131tlamaktad\u0131r.<\/p>\n<p>France Lotto online&#8217;\u0131n Avrupa&#8217;daki di\u011fer benzer piyangolardan daha fazla milyoner yaratt\u0131\u011f\u0131 s\u00f6ylenmektedir.<a href=\"https:\/\/jackpotlotteryonline.com\/tr\/bilet-satin-al\/lotto-france\"> \u015eans\u0131n\u0131z\u0131 denemeli ve Fransa Loto i\u00e7in<\/a> \u00e7evrimi\u00e7i bir bilet sat\u0131n almal\u0131 ve bir sonraki milyoner olmal\u0131s\u0131n\u0131z.<\/p>\n<p>Fransa Loto&#8217;sunu \u00e7evrimi\u00e7i oynaman\u0131za yard\u0131mc\u0131 olmak i\u00e7in buraday\u0131z. Bu oyunu oynamak ABC kadar basittir ve yol boyunca size yard\u0131mc\u0131 olacaklard\u0131r.<\/p>\n<section class=\"layout\" style=\"border: solid 1px; width: 100%;\">\n<div class=\"img-div\" style=\"margin-top: 5px;\"><img decoding=\"async\" class=\"wp-image-17212 alignleft\" style=\"height: 45px; margin: 8px 8px 0px;\" src=\"http:\/\/jackpotlotteryonline.com\/wp-content\/uploads\/2022\/11\/read1.jpg\" alt=\"okuyun\" width=\"\" height=\"\" \/><\/div>\n<div style=\"padding-left: 5px;\">\n<div style=\"font-size: 1.1em;\">\n<p><strong>Piyango numaralar\u0131n\u0131z\u0131n \u00e7ekili\u015fini canl\u0131 izleyin<\/strong><\/p>\n<p style=\"font-size: 0.85em; margin-top: -1.5em;\">En sevdi\u011finiz piyangolar\u0131n canl\u0131 \u00e7ekili\u015flerini nas\u0131l izleyebilirsiniz?\u00a0<a href=\"https:\/\/jackpotlotteryonline.com\/tr\/piyango-numaralarinizin-cekilisini-canli-izleyin\"> daha fazla oku<\/a><\/p>\n<\/div>\n<\/div>\n<\/section>\n<h2>Fransa Loto&#8217;su \u00e7evrimi\u00e7i nas\u0131l oynan\u0131r?<\/h2>\n<p><img loading=\"lazy\" decoding=\"async\" class=\"alignright wp-image-27131\" src=\"http:\/\/jackpotlotteryonline.com\/wp-content\/uploads\/2022\/11\/1_jckpot_win_online.jpg\" alt=\"french lottery jackpot\" width=\"159\" height=\"159\" srcset=\"https:\/\/jackpotlotteryonline.com\/wp-content\/uploads\/2022\/11\/1_jckpot_win_online.jpg 300w, https:\/\/jackpotlotteryonline.com\/wp-content\/uploads\/2022\/11\/1_jckpot_win_online-100x100.jpg 100w, https:\/\/jackpotlotteryonline.com\/wp-content\/uploads\/2022\/11\/1_jckpot_win_online-150x150.jpg 150w\" sizes=\"auto, (max-width: 159px) 100vw, 159px\" \/><\/p>\n<p>Di\u011fer t\u00fcm piyangolar gibi, Fransa lotosu da 49 say\u0131dan 5 say\u0131 ve 10 say\u0131dan olu\u015fan ba\u015fka bir gruptan tek bir say\u0131 se\u00e7meyi i\u00e7erir. Bir bilet sat\u0131n almak kolayd\u0131r, bizim arac\u0131l\u0131\u011f\u0131m\u0131zla sipari\u015f verdi\u011finizde, sizin ad\u0131n\u0131za bir bilet sat\u0131n alaca\u011f\u0131z. Sat\u0131n alma i\u015fleminden hemen sonra, se\u00e7ti\u011finiz say\u0131lar\u0131 hesab\u0131n\u0131zda g\u00f6rebilirsiniz ve bir s\u00fcre sonra, giri\u015finizin bir taramas\u0131 da hesab\u0131n\u0131zda g\u00f6r\u00fcnecektir.<\/p>\n<p>Say\u0131lar\u0131 se\u00e7me konusunda \u015f\u00fcpheleriniz varsa, bir piyango say\u0131 \u00fcretecimiz de var ve France Lotto online&#8217;\u0131n H\u0131zl\u0131 Se\u00e7im se\u00e7ene\u011fi rastgele say\u0131lar\u0131n oynanmas\u0131na izin veriyor.<\/p>\n<p>Fransa loto online bileti sat\u0131n almak i\u00e7in 18 ya\u015f\u0131ndan b\u00fcy\u00fck olman\u0131z gerekir ve bunu bizim arac\u0131l\u0131\u011f\u0131m\u0131zla yapmadan \u00f6nce, kendi \u015fansl\u0131 say\u0131lar\u0131n\u0131z\u0131 se\u00e7menize yard\u0131mc\u0131 olmak i\u00e7in ge\u00e7mi\u015f sonu\u00e7lar hakk\u0131nda biraz ara\u015ft\u0131rma yapabilirsiniz.<\/p>\n<h2>Fransa loto online&#8217;dan \u00f6d\u00fcllerinizi alma<\/h2>\n<p>B\u00fcy\u00fck ikramiyenin yan\u0131 s\u0131ra, France Lotto online e\u015fle\u015fen say\u0131lar i\u00e7in ba\u015fka \u00f6d\u00fcller de sunar. Amerikan piyangolar\u0131n\u0131n aksine, \u00f6d\u00fcller tam ve nakit olarak \u00f6denir. Taleplerinizi \u00e7ekili\u015f tarihinden itibaren 2 ay i\u00e7inde yapman\u0131z gerekecektir, bu konuda size yard\u0131mc\u0131 olaca\u011f\u0131z. 2500 Euro&#8217;nun alt\u0131ndaki \u00f6d\u00fcl paralar\u0131 web sitemizdeki hesab\u0131n\u0131za yat\u0131r\u0131lacakt\u0131r. Bu tutar\u0131n \u00fczerindeki \u00f6d\u00fcl paralar\u0131n\u0131n Francaise des Jeux \u00f6deme merkezine y\u00f6nlendirilmesi gerekir.<\/p>\n<p>Bizim arac\u0131l\u0131\u011f\u0131m\u0131zla oynuyorsan\u0131z, sizin ad\u0131n\u0131za talepte bulunarak ve \u00f6d\u00fcl\u00fcn size m\u00fcmk\u00fcn olan en k\u0131sa s\u00fcrede teslim edilmesini sa\u011flayarak \u00f6d\u00fcllerinizi alman\u0131za da yard\u0131mc\u0131 olaca\u011f\u0131z. Gelin, bug\u00fcn \u00fccretsiz kaydolun ve beklenmedik avantajlardan yararlan\u0131n&#8230;!<\/p>\n<p>France Lotto&#8217;da kazan\u0131lan t\u00fcm \u00f6d\u00fcller vergiden muaf olarak \u00f6denir!<\/p>\n","protected":false},"excerpt":{"rendered":"<p>Fransa Loto \u00e7evrimi\u00e7i France Lotto, Avrupa&#8217;n\u0131n en eski organize piyangolar\u0131ndan biridir ve Francaise des Jeux Group taraf\u0131ndan d\u00fczenlenmekte ve y\u00f6netilmektedir. Fransa&#8217;da ve Avrupa&#8217;n\u0131n di\u011fer b\u00f6lgelerinde olduk\u00e7a pop\u00fclerdir. Frans\u0131zlar \u015fans oyunlar\u0131n\u0131n son derece tutkulu hayranlar\u0131 olduklar\u0131ndan, haftada sadece iki kez \u00e7ekilen di\u011fer Avrupa piyangolar\u0131n\u0131n \u00e7o\u011funun aksine, France Lotto online haftada \u00fc\u00e7 kez (Pazartesi, \u00c7ar\u015famba ve Cumartesi) [&hellip;]<\/p>\n","protected":false},"author":1,"featured_media":0,"parent":35727,"menu_order":9,"comment_status":"closed","ping_status":"closed","template":"lotto-fr.php","meta":{"_et_pb_use_builder":"","_et_pb_old_content":"","_et_gb_content_width":"","exclude_from_search":false,"footnotes":""},"class_list":["post-36268","page","type-page","status-publish","hentry"],"yoast_head":"<!-- This site is optimized with the Yoast SEO plugin v23.3 - https:\/\/yoast.com\/wordpress\/plugins\/seo\/ -->\n<title>Fransa d\u0131\u015f\u0131ndan online olarak Fransa Loto&#039;suna kat\u0131l\u0131n<\/title>\n<meta name=\"description\" content=\"Fransa loto bileti buradan sat\u0131n al\u0131n - Fransa d\u0131\u015f\u0131ndan loto hayranlar\u0131n\u0131n bu pop\u00fcler loto i\u00e7in bilet almalar\u0131n\u0131 sa\u011fl\u0131yoruz\" \/>\n<meta name=\"robots\" content=\"index, follow, max-snippet:-1, max-image-preview:large, max-video-preview:-1\" \/>\n<link rel=\"canonical\" href=\"https:\/\/jackpotlotteryonline.com\/play-online\/france-lotto\/\" \/>\n<meta property=\"og:locale\" content=\"tr_TR\" \/>\n<meta property=\"og:type\" content=\"article\" \/>\n<meta property=\"og:title\" content=\"Fransa d\u0131\u015f\u0131ndan online olarak Fransa Loto&#039;suna kat\u0131l\u0131n\" \/>\n<meta property=\"og:description\" content=\"Fransa loto bileti buradan sat\u0131n al\u0131n - Fransa d\u0131\u015f\u0131ndan loto hayranlar\u0131n\u0131n bu pop\u00fcler loto i\u00e7in bilet almalar\u0131n\u0131 sa\u011fl\u0131yoruz\" \/>\n<meta property=\"og:url\" content=\"https:\/\/jackpotlotteryonline.com\/play-online\/france-lotto\/\" \/>\n<meta property=\"og:site_name\" content=\"Lotto Online - Crack The International Lottery Jackpots\" \/>\n<meta property=\"article:modified_time\" content=\"2022-12-31T11:10:26+00:00\" \/>\n<meta property=\"og:image\" content=\"http:\/\/jackpotlotteryonline.com\/wp-content\/uploads\/2022\/10\/win_big.jpg\" \/>\n<meta name=\"twitter:card\" content=\"summary_large_image\" \/>\n<meta name=\"twitter:label1\" content=\"Tahmini okuma s\u00fcresi\" \/>\n\t<meta name=\"twitter:data1\" content=\"3 dakika\" \/>\n<!-- \/ Yoast SEO plugin. -->","yoast_head_json":{"title":"Fransa d\u0131\u015f\u0131ndan online olarak Fransa Loto'suna kat\u0131l\u0131n","description":"Fransa loto bileti buradan sat\u0131n al\u0131n - Fransa d\u0131\u015f\u0131ndan loto hayranlar\u0131n\u0131n bu pop\u00fcler loto i\u00e7in bilet almalar\u0131n\u0131 sa\u011fl\u0131yoruz","robots":{"index":"index","follow":"follow","max-snippet":"max-snippet:-1","max-image-preview":"max-image-preview:large","max-video-preview":"max-video-preview:-1"},"canonical":"https:\/\/jackpotlotteryonline.com\/play-online\/france-lotto\/","og_locale":"tr_TR","og_type":"article","og_title":"Fransa d\u0131\u015f\u0131ndan online olarak Fransa Loto'suna kat\u0131l\u0131n","og_description":"Fransa loto bileti buradan sat\u0131n al\u0131n - Fransa d\u0131\u015f\u0131ndan loto hayranlar\u0131n\u0131n bu pop\u00fcler loto i\u00e7in bilet almalar\u0131n\u0131 sa\u011fl\u0131yoruz","og_url":"https:\/\/jackpotlotteryonline.com\/play-online\/france-lotto\/","og_site_name":"Lotto Online - Crack The International Lottery Jackpots","article_modified_time":"2022-12-31T11:10:26+00:00","og_image":[{"url":"http:\/\/jackpotlotteryonline.com\/wp-content\/uploads\/2022\/10\/win_big.jpg"}],"twitter_card":"summary_large_image","twitter_misc":{"Tahmini okuma s\u00fcresi":"3 dakika"},"schema":{"@context":"https:\/\/schema.org","@graph":[{"@type":"WebPage","@id":"https:\/\/jackpotlotteryonline.com\/play-online\/france-lotto\/","url":"https:\/\/jackpotlotteryonline.com\/play-online\/france-lotto\/","name":"Fransa d\u0131\u015f\u0131ndan online olarak Fransa Loto'suna kat\u0131l\u0131n","isPartOf":{"@id":"https:\/\/jackpotlotteryonline.com\/#website"},"primaryImageOfPage":{"@id":"https:\/\/jackpotlotteryonline.com\/play-online\/france-lotto\/#primaryimage"},"image":{"@id":"https:\/\/jackpotlotteryonline.com\/play-online\/france-lotto\/#primaryimage"},"thumbnailUrl":"http:\/\/jackpotlotteryonline.com\/wp-content\/uploads\/2022\/10\/win_big.jpg","datePublished":"2022-11-04T08:44:38+00:00","dateModified":"2022-12-31T11:10:26+00:00","description":"Fransa loto bileti buradan sat\u0131n al\u0131n - Fransa d\u0131\u015f\u0131ndan loto hayranlar\u0131n\u0131n bu pop\u00fcler loto i\u00e7in bilet almalar\u0131n\u0131 sa\u011fl\u0131yoruz","breadcrumb":{"@id":"https:\/\/jackpotlotteryonline.com\/play-online\/france-lotto\/#breadcrumb"},"inLanguage":"tr","potentialAction":[{"@type":"ReadAction","target":["https:\/\/jackpotlotteryonline.com\/play-online\/france-lotto\/"]}]},{"@type":"ImageObject","inLanguage":"tr","@id":"https:\/\/jackpotlotteryonline.com\/play-online\/france-lotto\/#primaryimage","url":"http:\/\/jackpotlotteryonline.com\/wp-content\/uploads\/2022\/10\/win_big.jpg","contentUrl":"http:\/\/jackpotlotteryonline.com\/wp-content\/uploads\/2022\/10\/win_big.jpg"},{"@type":"BreadcrumbList","@id":"https:\/\/jackpotlotteryonline.com\/play-online\/france-lotto\/#breadcrumb","itemListElement":[{"@type":"ListItem","position":1,"name":"Home","item":"https:\/\/jackpotlotteryonline.com\/tr\/"},{"@type":"ListItem","position":2,"name":"Nas\u0131l oynan\u0131r","item":"https:\/\/jackpotlotteryonline.com\/tr\/nasil-oynanir\/"},{"@type":"ListItem","position":3,"name":"Frans\u0131z Piyangosu Oynay\u0131n"}]},{"@type":"WebSite","@id":"https:\/\/jackpotlotteryonline.com\/#website","url":"https:\/\/jackpotlotteryonline.com\/","name":"Lotto Online - Crack The International Lottery Jackpots","description":"","potentialAction":[{"@type":"SearchAction","target":{"@type":"EntryPoint","urlTemplate":"https:\/\/jackpotlotteryonline.com\/?s={search_term_string}"},"query-input":"required name=search_term_string"}],"inLanguage":"tr"}]}},"_links":{"self":[{"href":"https:\/\/jackpotlotteryonline.com\/tr\/wp-json\/wp\/v2\/pages\/36268","targetHints":{"allow":["GET"]}}],"collection":[{"href":"https:\/\/jackpotlotteryonline.com\/tr\/wp-json\/wp\/v2\/pages"}],"about":[{"href":"https:\/\/jackpotlotteryonline.com\/tr\/wp-json\/wp\/v2\/types\/page"}],"author":[{"embeddable":true,"href":"https:\/\/jackpotlotteryonline.com\/tr\/wp-json\/wp\/v2\/users\/1"}],"replies":[{"embeddable":true,"href":"https:\/\/jackpotlotteryonline.com\/tr\/wp-json\/wp\/v2\/comments?post=36268"}],"version-history":[{"count":0,"href":"https:\/\/jackpotlotteryonline.com\/tr\/wp-json\/wp\/v2\/pages\/36268\/revisions"}],"up":[{"embeddable":true,"href":"https:\/\/jackpotlotteryonline.com\/tr\/wp-json\/wp\/v2\/pages\/35727"}],"wp:attachment":[{"href":"https:\/\/jackpotlotteryonline.com\/tr\/wp-json\/wp\/v2\/media?parent=36268"}],"curies":[{"name":"wp","href":"https:\/\/api.w.org\/{rel}","templated":true}]}}