{"id":36326,"date":"2022-11-04T10:14:59","date_gmt":"2022-11-04T10:14:59","guid":{"rendered":"https:\/\/jackpotlotteryonline.com\/?page_id=36326"},"modified":"2022-12-31T10:15:20","modified_gmt":"2022-12-31T10:15:20","slug":"german-lotto","status":"publish","type":"page","link":"https:\/\/jackpotlotteryonline.com\/tr\/nasil-oynanir\/german-lotto\/","title":{"rendered":"Alman Loto"},"content":{"rendered":"<h2>Alman Loto&#8217;su art\u0131k \u00e7evrimi\u00e7i<\/h2>\n<p><img loading=\"lazy\" decoding=\"async\" class=\"alignright wp-image-18464 size-full\" src=\"https:\/\/jackpotlotteryonline.com\/wp-content\/uploads\/2022\/10\/win_lottery_online.jpg\" alt=\"online alman loto oyna\" width=\"231\" height=\"130\" \/><\/p>\n<p>Almanya&#8217;da loto 5 y\u0131ldan daha eskidir ve online Alman lotosu Deutscher Lotto ve Toto Block taraf\u0131ndan organize edilmekte ve y\u00f6netilmektedir. \u00c7ar\u015famba ve Cumartesi g\u00fcnleri olmak \u00fczere <a href=\"https:\/\/jackpotlotteryonline.com\/tr\/kazanan-sayilar\/german-lotto\">haftada iki kez \u00e7ekili\u015fi<\/a> yap\u0131lan Online Alman Loto&#8217;su, \u00e7o\u011fu zaman Avrupa&#8217;n\u0131n en b\u00fcy\u00fck ikramiyelerinden birine sahiptir. Bu nedenle, Almanya d\u0131\u015f\u0131nda ya\u015f\u0131yorsan\u0131z Alman lotosunu \u00e7evrimi\u00e7i bir biletle oynaman\u0131z i\u00e7in her t\u00fcrl\u00fc neden vard\u0131r.<\/p>\n<p>Almanya&#8217;da ya\u015fam\u0131yorsan\u0131z, \u00e7evrimi\u00e7i Alman loto oynamak i\u00e7in tek se\u00e7ene\u011finiz biziz. Web sitemize kaydolduktan sonra, Alman lotosuyla ilgili t\u00fcm bilgileri \u00e7evrimi\u00e7i olarak alabilirsiniz. Buna eski sonu\u00e7lar, piyango numaralar\u0131 olu\u015fturucu ve biletin sat\u0131n al\u0131naca\u011f\u0131 alan da dahildir. Hatta \u00f6d\u00fcl\u00fc talep etmenize ve teslim alman\u0131za bile yard\u0131mc\u0131 olacaklar.<\/p>\n<h2>Online Alman lotosu nas\u0131l \u00e7al\u0131\u015f\u0131r?<\/h2>\n<p>Tek yapman\u0131z gereken, 49 say\u0131dan olu\u015fan bir gruptan 6 say\u0131 se\u00e7erek \u00e7evrimi\u00e7i <a href=\"https:\/\/jackpotlotteryonline.com\/tr\/bilet-satin-al\/lotto-germany\">Alman loto bileti sat\u0131n almakt\u0131r<\/a>. 1 ile 10 aras\u0131nda bir s\u00fcper say\u0131 se\u00e7me se\u00e7ene\u011finiz de olacakt\u0131r. Ana \u00e7ekili\u015f temel say\u0131lar i\u00e7indir ve daha sonra s\u00fcper say\u0131 i\u00e7in bir \u00e7ekili\u015f yap\u0131l\u0131r. 6 temel say\u0131 e\u015fle\u015fti\u011finde, ilk \u00f6d\u00fcl \u00f6d\u00fcl\u00fcn\u00fc kazan\u0131rs\u0131n\u0131z. As\u0131l b\u00fcy\u00fck ikramiye, 6 temel numaran\u0131z ve s\u00fcper numaran\u0131z \u00e7ekili\u015fte e\u015fle\u015fti\u011finde verilir.<\/p>\n<p>Almanya d\u0131\u015f\u0131ndan ki\u015filerin de Alman lotosunu \u00e7evrimi\u00e7i oynamas\u0131na izin verilir. Web sitemizde, \u015fans\u0131n\u0131z\u0131 denemek ve lojisti\u011fin geri kalan\u0131n\u0131 bize b\u0131rakmak i\u00e7in bu f\u0131rsattan yararlanabilirsiniz. Online bir biletle Alman lotosu oynamak i\u00e7in 18 ya\u015f\u0131ndan b\u00fcy\u00fck olman\u0131z gerekir.<\/p>\n<section class=\"layout\" style=\"border: solid 1px; width: 100%;\">\n<div class=\"img-div\" style=\"margin-top: 5px;\"><img decoding=\"async\" class=\"wp-image-17212 alignleft\" style=\"height: 45px; margin: 8px 8px 0px;\" src=\"https:\/\/jackpotlotteryonline.com\/wp-content\/uploads\/2022\/11\/read1.jpg\" alt=\"okuyun\" width=\"\" height=\"\" \/><\/div>\n<div style=\"padding-left: 5px;\">\n<div style=\"font-size: 1.1em;\">\n<p><strong>Piyangoyu kazan\u0131rsan\u0131z hangi arabay\u0131 al\u0131rs\u0131n\u0131z?<\/strong><\/p>\n<p style=\"font-size: 0.85em; margin-top: -1.5em;\">Piyangoyu kazan\u0131n ve yeni bir araba al\u0131n\u00a0<a href=\"https:\/\/jackpotlotteryonline.com\/tr\/piyangoyu-kazansaniz-hangi-arabayi-alirdiniz\"> daha fazla oku<\/a><\/p>\n<\/div>\n<\/div>\n<\/section>\n<h2>Online Alman lotosunu kazanmak<\/h2>\n<p><img loading=\"lazy\" decoding=\"async\" class=\"alignright size-medium wp-image-33350\" src=\"https:\/\/jackpotlotteryonline.com\/wp-content\/uploads\/2022\/11\/2_ticket_euromillions3-1-111x300.jpg\" alt=\"alman loto bi\u0307leti\u0307\" width=\"111\" height=\"300\" srcset=\"https:\/\/jackpotlotteryonline.com\/wp-content\/uploads\/2022\/11\/2_ticket_euromillions3-1-111x300.jpg 111w, https:\/\/jackpotlotteryonline.com\/wp-content\/uploads\/2022\/11\/2_ticket_euromillions3-1.jpg 180w\" sizes=\"auto, (max-width: 111px) 100vw, 111px\" \/><\/p>\n<p>\u00c7evrimi\u00e7i Alman lotosunu kazanmak bir \u015fans meselesidir, ancak di\u011fer piyangolar da \u00f6yledir. \u015eansl\u0131 numaralar\u0131n\u0131z\u0131 se\u00e7menize yard\u0131mc\u0131 olmak i\u00e7in piyango numaralar\u0131 \u00fcretecimizi kullanarak ve size ge\u00e7mi\u015f sonu\u00e7lar hakk\u0131nda bilgi vererek \u00e7evrimi\u00e7i Alman lotosunu kazanma \u015fans\u0131n\u0131z\u0131 art\u0131raca\u011f\u0131z. Online Alman lotosu ile ilgili t\u00fcm bilgiler burada mevcuttur ve \u015fans\u0131n\u0131z\u0131 art\u0131rmak i\u00e7in sonuna kadar kullanabilirsiniz.<\/p>\n<p>Online Alman lotosu sadece Avrupa&#8217;daki en b\u00fcy\u00fck ikramiyelerden biri de\u011fil, ayn\u0131 zamanda d\u00fcnyadaki en organize piyangodur ve \u00e7ok profesyonel bir \u015fekilde y\u00fcr\u00fct\u00fcl\u00fcr. Online Alman lotosu oynad\u0131\u011f\u0131n\u0131zda ve kazan\u0131rsan\u0131z, \u00f6d\u00fcl\u00fcn\u00fcz\u00fc herhangi bir zorluk ya\u015famadan talep etmenize yard\u0131mc\u0131 olaca\u011f\u0131z ve \u00f6d\u00fcl tutar\u0131n\u0131n herhangi bir aksakl\u0131k olmadan size teslim edilmesini sa\u011flayaca\u011f\u0131z.<\/p>\n<p>Online Alman lotosu Avrupa&#8217;daki en eski lotolardan biri olmas\u0131na ra\u011fmen di\u011ferleri kadar pop\u00fcler de\u011fildir. Bunun nedeni, Almanya d\u0131\u015f\u0131nda \u00e7ok fazla duyurulmamas\u0131d\u0131r. <strong>Her neyse, bu \u00e7evrimi\u00e7i Alman loto oynamamak i\u00e7in bir neden de\u011fildir. Bug\u00fcn Almanya&#8217;da lotoda \u015fans\u0131n\u0131z\u0131 deneyin.<\/strong><\/p>\n","protected":false},"excerpt":{"rendered":"<p>Alman Loto&#8217;su art\u0131k \u00e7evrimi\u00e7i Almanya&#8217;da loto 5 y\u0131ldan daha eskidir ve online Alman lotosu Deutscher Lotto ve Toto Block taraf\u0131ndan organize edilmekte ve y\u00f6netilmektedir. \u00c7ar\u015famba ve Cumartesi g\u00fcnleri olmak \u00fczere haftada iki kez \u00e7ekili\u015fi yap\u0131lan Online Alman Loto&#8217;su, \u00e7o\u011fu zaman Avrupa&#8217;n\u0131n en b\u00fcy\u00fck ikramiyelerinden birine sahiptir. Bu nedenle, Almanya d\u0131\u015f\u0131nda ya\u015f\u0131yorsan\u0131z Alman lotosunu \u00e7evrimi\u00e7i bir [&hellip;]<\/p>\n","protected":false},"author":1,"featured_media":0,"parent":35727,"menu_order":8,"comment_status":"closed","ping_status":"closed","template":"lotto-german.php","meta":{"_et_pb_use_builder":"","_et_pb_old_content":"","_et_gb_content_width":"","exclude_from_search":false,"footnotes":""},"class_list":["post-36326","page","type-page","status-publish","hentry"],"yoast_head":"<!-- This site is optimized with the Yoast SEO plugin v23.3 - https:\/\/yoast.com\/wordpress\/plugins\/seo\/ -->\n<title>Online biletle Almanya d\u0131\u015f\u0131ndan Alman Loto&#039;sunu oynay\u0131n<\/title>\n<meta name=\"description\" content=\"Almanya d\u0131\u015f\u0131nda m\u0131 ya\u015f\u0131yorsunuz? Sorun de\u011fil - bizden bir online bilet alarak Alman lotosunu oynay\u0131n.\" \/>\n<meta name=\"robots\" content=\"index, follow, max-snippet:-1, max-image-preview:large, max-video-preview:-1\" \/>\n<link rel=\"canonical\" href=\"https:\/\/jackpotlotteryonline.com\/tr\/nasil-oynanir\/german-lotto\/\" \/>\n<meta property=\"og:locale\" content=\"tr_TR\" \/>\n<meta property=\"og:type\" content=\"article\" \/>\n<meta property=\"og:title\" content=\"Online biletle Almanya d\u0131\u015f\u0131ndan Alman Loto&#039;sunu oynay\u0131n\" \/>\n<meta property=\"og:description\" content=\"Almanya d\u0131\u015f\u0131nda m\u0131 ya\u015f\u0131yorsunuz? Sorun de\u011fil - bizden bir online bilet alarak Alman lotosunu oynay\u0131n.\" \/>\n<meta property=\"og:url\" content=\"https:\/\/jackpotlotteryonline.com\/tr\/nasil-oynanir\/german-lotto\/\" \/>\n<meta property=\"og:site_name\" content=\"Lotto Online - Crack The International Lottery Jackpots\" \/>\n<meta property=\"article:modified_time\" content=\"2022-12-31T10:15:20+00:00\" \/>\n<meta property=\"og:image\" content=\"https:\/\/jackpotlotteryonline.com\/wp-content\/uploads\/2022\/10\/win_lottery_online.jpg\" \/>\n<meta name=\"twitter:card\" content=\"summary_large_image\" \/>\n<meta name=\"twitter:label1\" content=\"Tahmini okuma s\u00fcresi\" \/>\n\t<meta name=\"twitter:data1\" content=\"2 dakika\" \/>\n<!-- \/ Yoast SEO plugin. -->","yoast_head_json":{"title":"Online biletle Almanya d\u0131\u015f\u0131ndan Alman Loto'sunu oynay\u0131n","description":"Almanya d\u0131\u015f\u0131nda m\u0131 ya\u015f\u0131yorsunuz? Sorun de\u011fil - bizden bir online bilet alarak Alman lotosunu oynay\u0131n.","robots":{"index":"index","follow":"follow","max-snippet":"max-snippet:-1","max-image-preview":"max-image-preview:large","max-video-preview":"max-video-preview:-1"},"canonical":"https:\/\/jackpotlotteryonline.com\/tr\/nasil-oynanir\/german-lotto\/","og_locale":"tr_TR","og_type":"article","og_title":"Online biletle Almanya d\u0131\u015f\u0131ndan Alman Loto'sunu oynay\u0131n","og_description":"Almanya d\u0131\u015f\u0131nda m\u0131 ya\u015f\u0131yorsunuz? Sorun de\u011fil - bizden bir online bilet alarak Alman lotosunu oynay\u0131n.","og_url":"https:\/\/jackpotlotteryonline.com\/tr\/nasil-oynanir\/german-lotto\/","og_site_name":"Lotto Online - Crack The International Lottery Jackpots","article_modified_time":"2022-12-31T10:15:20+00:00","og_image":[{"url":"https:\/\/jackpotlotteryonline.com\/wp-content\/uploads\/2022\/10\/win_lottery_online.jpg"}],"twitter_card":"summary_large_image","twitter_misc":{"Tahmini okuma s\u00fcresi":"2 dakika"},"schema":{"@context":"https:\/\/schema.org","@graph":[{"@type":"WebPage","@id":"https:\/\/jackpotlotteryonline.com\/tr\/nasil-oynanir\/german-lotto\/","url":"https:\/\/jackpotlotteryonline.com\/tr\/nasil-oynanir\/german-lotto\/","name":"Online biletle Almanya d\u0131\u015f\u0131ndan Alman Loto'sunu oynay\u0131n","isPartOf":{"@id":"https:\/\/jackpotlotteryonline.com\/#website"},"primaryImageOfPage":{"@id":"https:\/\/jackpotlotteryonline.com\/tr\/nasil-oynanir\/german-lotto\/#primaryimage"},"image":{"@id":"https:\/\/jackpotlotteryonline.com\/tr\/nasil-oynanir\/german-lotto\/#primaryimage"},"thumbnailUrl":"https:\/\/jackpotlotteryonline.com\/wp-content\/uploads\/2022\/10\/win_lottery_online.jpg","datePublished":"2022-11-04T10:14:59+00:00","dateModified":"2022-12-31T10:15:20+00:00","description":"Almanya d\u0131\u015f\u0131nda m\u0131 ya\u015f\u0131yorsunuz? Sorun de\u011fil - bizden bir online bilet alarak Alman lotosunu oynay\u0131n.","breadcrumb":{"@id":"https:\/\/jackpotlotteryonline.com\/tr\/nasil-oynanir\/german-lotto\/#breadcrumb"},"inLanguage":"tr","potentialAction":[{"@type":"ReadAction","target":["https:\/\/jackpotlotteryonline.com\/tr\/nasil-oynanir\/german-lotto\/"]}]},{"@type":"ImageObject","inLanguage":"tr","@id":"https:\/\/jackpotlotteryonline.com\/tr\/nasil-oynanir\/german-lotto\/#primaryimage","url":"https:\/\/jackpotlotteryonline.com\/wp-content\/uploads\/2022\/10\/win_lottery_online.jpg","contentUrl":"https:\/\/jackpotlotteryonline.com\/wp-content\/uploads\/2022\/10\/win_lottery_online.jpg"},{"@type":"BreadcrumbList","@id":"https:\/\/jackpotlotteryonline.com\/tr\/nasil-oynanir\/german-lotto\/#breadcrumb","itemListElement":[{"@type":"ListItem","position":1,"name":"Home","item":"https:\/\/jackpotlotteryonline.com\/tr\/"},{"@type":"ListItem","position":2,"name":"Nas\u0131l oynan\u0131r","item":"https:\/\/jackpotlotteryonline.com\/tr\/nasil-oynanir\/"},{"@type":"ListItem","position":3,"name":"Alman Loto"}]},{"@type":"WebSite","@id":"https:\/\/jackpotlotteryonline.com\/#website","url":"https:\/\/jackpotlotteryonline.com\/","name":"Lotto Online - Crack The International Lottery Jackpots","description":"","potentialAction":[{"@type":"SearchAction","target":{"@type":"EntryPoint","urlTemplate":"https:\/\/jackpotlotteryonline.com\/?s={search_term_string}"},"query-input":"required name=search_term_string"}],"inLanguage":"tr"}]}},"_links":{"self":[{"href":"https:\/\/jackpotlotteryonline.com\/tr\/wp-json\/wp\/v2\/pages\/36326","targetHints":{"allow":["GET"]}}],"collection":[{"href":"https:\/\/jackpotlotteryonline.com\/tr\/wp-json\/wp\/v2\/pages"}],"about":[{"href":"https:\/\/jackpotlotteryonline.com\/tr\/wp-json\/wp\/v2\/types\/page"}],"author":[{"embeddable":true,"href":"https:\/\/jackpotlotteryonline.com\/tr\/wp-json\/wp\/v2\/users\/1"}],"replies":[{"embeddable":true,"href":"https:\/\/jackpotlotteryonline.com\/tr\/wp-json\/wp\/v2\/comments?post=36326"}],"version-history":[{"count":0,"href":"https:\/\/jackpotlotteryonline.com\/tr\/wp-json\/wp\/v2\/pages\/36326\/revisions"}],"up":[{"embeddable":true,"href":"https:\/\/jackpotlotteryonline.com\/tr\/wp-json\/wp\/v2\/pages\/35727"}],"wp:attachment":[{"href":"https:\/\/jackpotlotteryonline.com\/tr\/wp-json\/wp\/v2\/media?parent=36326"}],"curies":[{"name":"wp","href":"https:\/\/api.w.org\/{rel}","templated":true}]}}