{"id":36437,"date":"2022-11-07T07:45:31","date_gmt":"2022-11-07T07:45:31","guid":{"rendered":"https:\/\/jackpotlotteryonline.com\/?page_id=36437"},"modified":"2022-12-19T16:53:32","modified_gmt":"2022-12-19T16:53:32","slug":"powerball","status":"publish","type":"page","link":"https:\/\/jackpotlotteryonline.com\/tr\/bilet-satin-al\/powerball\/","title":{"rendered":"ABD Powerball piyangosu"},"content":{"rendered":"<h2>ABD d\u0131\u015f\u0131ndan Powerball biletleri nas\u0131l al\u0131n\u0131r?<\/h2>\n<p>D\u00fcnya \u00fczerindeki hemen hemen her \u00fclkede bir piyango vard\u0131r, ancak t\u00fcm piyangolar ABD&#8217;nin b\u00fcy\u00fck piyangolar\u0131 olan Powerball ve Mega Millions gibi de\u011fildir. ABD&#8217;deki loto ikramiyeleri 1,5 Milyar $ (2016&#8217;da) gibi y\u00fcksek miktarlara ula\u015fm\u0131\u015ft\u0131r. Di\u011fer \u00fclkelerdeki loto ikramiyeleri hi\u00e7bir zaman b\u00f6yle bir miktara ula\u015fmam\u0131\u015ft\u0131r, bu nedenle loto hayranlar\u0131 ABD&#8217;de rekor k\u0131ran ba\u015fka bir loto ikramiyesini okuduklar\u0131nda kendilerine bir soru sorarlar: <strong><a href=\"https:\/\/jackpotlotteryonline.com\/tr\/nasil-oynanir\/powerball\">Powerball&#8217;u ABD d\u0131\u015f\u0131ndan<\/a>, belki de internet \u00fczerinden oynayabilir miyim?<\/strong><\/p>\n<p><strong>Basit cevap evet &#8211; ABD d\u0131\u015f\u0131nda ya\u015f\u0131yor olsan\u0131z<\/strong> bile Powerball oynayabilirsiniz. Biz, bu b\u00fcy\u00fck piyangolar veya di\u011fer baz\u0131 uluslararas\u0131 piyangolar i\u00e7in bilet sat\u0131n alman\u0131z\u0131 sa\u011flayan sayg\u0131n bir hizmetiz. Olabildi\u011fince basit &#8211; say\u0131lar\u0131n\u0131z\u0131 \u00e7evrimi\u00e7i olarak se\u00e7iyorsunuz ve biz de ABD&#8217;deki temsilcilerimizi sizin i\u00e7in bilet almaya g\u00f6nderiyoruz. Bu loto biletleri size aittir, dolay\u0131s\u0131yla piyango komisyonunun kendisine kar\u015f\u0131 me\u015fru bir hak talebiniz vard\u0131r. Kazan\u0131rsan\u0131z, paran\u0131z\u0131 alman\u0131zda da size yard\u0131mc\u0131 olaca\u011f\u0131z.<\/p>\n<p>\u00d6nemli olan k\u0131s\u0131m, burada orijinal bir loto bileti alaca\u011f\u0131n\u0131z ve bir t\u00fcr loto doland\u0131r\u0131c\u0131l\u0131\u011f\u0131na kat\u0131lmayaca\u011f\u0131n\u0131z ger\u00e7e\u011fidir!<\/p>\n<h2>Piyango biletinizi \u00e7evrimi\u00e7i sat\u0131n alma s\u00fcreci<\/h2>\n<p><img loading=\"lazy\" decoding=\"async\" class=\"alignright size-full wp-image-34943\" src=\"http:\/\/jackpotlotteryonline.com\/wp-content\/uploads\/2022\/11\/2_ticket_powerball3-1.jpg\" alt=\"powerball bi\u0307leti\u0307\" width=\"180\" height=\"194\" \/><\/p>\n<p><strong>\u0130lk olarak, web sitemizin \u00fcst k\u0131sm\u0131na bakars\u0131n\u0131z<\/strong>, burada banner&#8217;lardan birine t\u0131klars\u0131n\u0131z ve kat\u0131lmak istedi\u011finiz piyangoyu se\u00e7ersiniz. Web sitemiz 20&#8217;den fazla farkl\u0131 dilde mevcuttur. \u00c7o\u011fu m\u00fc\u015fteri ABD piyangolar\u0131 Powerball ve\/veya Mega Millions i\u00e7in bilet al\u0131r, ancak \u00e7o\u011fu zaman di\u011fer uluslararas\u0131 piyangolar\u0131n da b\u00fcy\u00fck ikramiyeleri vard\u0131r. Bunlar\u0131 ikramiyenin b\u00fcy\u00fckl\u00fc\u011f\u00fcne g\u00f6re s\u0131ralayabilir ve sadece \u015fu anda en y\u00fcksek miktara sahip olan lotoyu oynayabilirsiniz. Birden fazla piyango oynamak istiyorsan\u0131z, bu da kolayd\u0131r &#8211; \u00f6rne\u011fin, Powerball i\u00e7in bir bilet ve \u0130spanyol El Gordo i\u00e7in ba\u015fka bir bilet sat\u0131n alabilirsiniz.<\/p>\n<p>Ard\u0131ndan, numaralar\u0131n\u0131z\u0131 se\u00e7ersiniz &#8211; bu kolayd\u0131r \u00e7\u00fcnk\u00fc web sitemiz size ka\u00e7 numara se\u00e7meniz gerekti\u011fini g\u00f6sterecektir. Tercih ederseniz say\u0131lar\u0131 rastgele olu\u015fturan h\u0131zl\u0131 bir se\u00e7im i\u015flevi vard\u0131r. Bundan sonra, ka\u00e7 bilet sat\u0131n almak istedi\u011finizi ve biletinizin<a href=\"https:\/\/jackpotlotteryonline.com\/tr\/kazanan-sayilar\/powerball\"> ka\u00e7 \u00e7ekili\u015f (hafta)<\/a> boyunca ge\u00e7erli olmas\u0131n\u0131 istedi\u011finizi se\u00e7in. Biletinizin ka\u00e7 hafta kat\u0131laca\u011f\u0131na ba\u011fl\u0131 olarak, bilet i\u00e7in \u00f6dedi\u011finiz fiyatta bir indirim alacaks\u0131n\u0131z.<\/p>\n<p>T\u00fcm se\u00e7eneklerinizi se\u00e7tikten sonra toplam fiyat\u0131 g\u00f6rebilirsiniz ve bir sonraki ad\u0131m bir m\u00fc\u015fteri hesab\u0131 a\u00e7makt\u0131r. Piyango biletleriniz i\u00e7in \u00f6deme yapmak da kolayd\u0131r &#8211; \u00e7o\u011fu m\u00fc\u015fteri kredi kart\u0131 \u00f6deme se\u00e7ene\u011fini se\u00e7er, ancak (bulundu\u011funuz \u00fclkeye ba\u011fl\u0131 olarak) an\u0131nda banka havalesi veya kripto para birimleri gibi ba\u015fka se\u00e7enekler de vard\u0131r.<\/p>\n<p>\u00d6demeleriniz i\u00e7in en yeni ve en g\u00fcvenli protokoller kullan\u0131lacakt\u0131r, b\u00f6ylece herhangi bir kredi kart\u0131 sahtekarl\u0131\u011f\u0131ndan korkman\u0131za gerek kalmaz. \u0130sterseniz birden fazla \u00e7ekili\u015f i\u00e7in bilet alma se\u00e7ene\u011fini se\u00e7ebilirsiniz, numaralar\u0131n\u0131z Powerball&#8217;a veya se\u00e7ti\u011finiz piyangoya arka arkaya 2, 4, 6 ve hatta 8 \u00e7ekili\u015f i\u00e7in kat\u0131lacakt\u0131r.\u00a0 Yine de bu bir se\u00e7enektir &#8211; bu kutuyu i\u015faretlemezseniz, yaln\u0131zca bir \u00e7ekili\u015f i\u00e7in \u00fccretlendirilirsiniz!<\/p>\n<p>ABD d\u0131\u015f\u0131ndaki \u00e7o\u011fu insan, \u00e7evrimi\u00e7i uluslararas\u0131 loto oynama se\u00e7ene\u011finin fark\u0131nda olmadan yaln\u0131zca yerel lotolar\u0131n\u0131 oynar. Ama art\u0131k bildi\u011finize g\u00f6re, ikamet etti\u011finiz \u00fclkede kazanabilece\u011finizden genellikle 100 kat daha y\u00fcksek ikramiyeler i\u00e7in oynaman\u0131z\u0131 engelleyen nedir? Belki de bir sonraki Powerball ikramiyesini kazanan siz olacaks\u0131n\u0131z!<\/p>\n<section class=\"layout\" style=\"border: solid 1px; width: 100%;\">\n<div class=\"img-div\" style=\"margin-top: 5px;\"><img decoding=\"async\" class=\"wp-image-17212 alignleft\" style=\"height: 45px; margin: 8px 8px 0px;\" src=\"http:\/\/jackpotlotteryonline.com\/wp-content\/uploads\/2022\/11\/read1.jpg\" alt=\"ABD d\u0131\u015f\u0131ndan powerball oynay\u0131n\" width=\"\" height=\"\" \/><\/div>\n<div style=\"padding-left: 5px;\">\n<div style=\"font-size: 1.1em;\">\n<p><strong>Di\u011fer \u00dclkelerin Piyangolar\u0131n\u0131 \u00c7evrimi\u00e7i Oynamak Yasal m\u0131?<\/strong><\/p>\n<p style=\"font-size: 0.85em; margin-top: -1.5em;\">\u0130nternetten piyango bileti almak yasal m\u0131 ve ger\u00e7ekten \u00f6deme alacak m\u0131y\u0131m? <a href=\"https:\/\/jackpotlotteryonline.com\/tr\/diger-ulkelerden-cevrimici-piyango-oynamak-yasal-mi\">\u00a0daha fazla oku<\/a><\/p>\n<\/div>\n<\/div>\n<\/section>\n<h2>Lotto USA Online Genel Bak\u0131\u015f<\/h2>\n<p>Amerika Birle\u015fik Devletleri&#8217;nde 43 eyaletin yan\u0131 s\u0131ra Columbia B\u00f6lgesi, ABD Virgin Adalar\u0131 ve Porto Riko&#8217;da piyango d\u00fczenlenmektedir. Bu b\u00f6lgelerin her birinde <strong>Lotto USA kategorisin<\/strong>e giren eyalet piyangolar\u0131 bulunmaktad\u0131r. D\u00fczenlenen ba\u015fl\u0131ca Lotto USA piyangolar\u0131ndan baz\u0131lar\u0131 Mega Millions ve Powerball&#8217;dur. Bunlar, ABD&#8217;nin her yerinden sakinlere sunulan b\u00fcy\u00fck piyangolard\u0131r ve \u015fimdi, yurtd\u0131\u015f\u0131ndan oyuncular bu hizmetimiz arac\u0131l\u0131\u011f\u0131yla \u00e7evrimi\u00e7i olarak kat\u0131labilirler.<\/p>\n<h2>Powerball Loto ABD<\/h2>\n<p><img loading=\"lazy\" decoding=\"async\" class=\"alignright size-full wp-image-31721\" src=\"http:\/\/jackpotlotteryonline.com\/wp-content\/uploads\/2022\/11\/powerball_globe_logo.png\" alt=\"online powerball sat\u0131n al\" width=\"200\" height=\"212\" \/><\/p>\n<p>En pop\u00fcler Loto ABD oyunu Powerball&#8217;dur. Powerball, ABD&#8217;nin Florida eyaletindeki Universal Studios&#8217;ta \u00e7ekilmektedir, ancak ikamet zorunlulu\u011fu yoktur, yani Powerball olmayan eyaletlerde ikamet edenler ve hatta ABD d\u0131\u015f\u0131ndaki oyuncular bile bu Lotto USA oyununa kat\u0131labilir.<\/p>\n<p>Powerball oynamaya hak kazanabilmek i\u00e7in oyuncular\u0131n en az 18 ya\u015f\u0131nda olmas\u0131 gerekmektedir. Oyuncular\u0131n alt\u0131 say\u0131 se\u00e7mesi gerekir &#8211; 1 ile 59 aras\u0131nda be\u015f say\u0131 ve 1 ile 39 aras\u0131nda bir PowerBall say\u0131s\u0131. Oyuncular, sizin i\u00e7in rastgele 6 say\u0131 se\u00e7ecek olan H\u0131zl\u0131 Se\u00e7im i\u015flevini kullanabilirler.<\/p>\n<p>Powerball ikramiyeleri genellikle on milyonlarca dolard\u0131r, ancak ge\u00e7mi\u015fte olduk\u00e7a s\u0131k 200 milyon dolar\u0131 a\u015fm\u0131\u015flard\u0131r.<\/p>\n<h2>Mega Millions Loto ABD<\/h2>\n<p>Mega Millions, ABD&#8217;de d\u00fczenlenen bir <strong>di\u011fer Lotto USA<\/strong> piyangosudur ve asl\u0131nda Atlanta, Georgia&#8217;da \u00e7ekilmektedir. Buna ra\u011fmen, Mega Millions&#8217;\u0131n ikamet zorunlulu\u011fu yoktur, yani Mega Milyon olmayan eyaletlerin sakinleri ve hatta ABD&#8217;de ikamet etmeyenler Mega Millions Lotto USA&#8217;ya kat\u0131labilir ve kazanabilir.<\/p>\n<p>Mega Milyon Loto ABD&#8217;yi oynayabilmek i\u00e7in 18 ya\u015f\u0131nda veya daha b\u00fcy\u00fck olman\u0131z gerekmektedir. 6 say\u0131 se\u00e7melisiniz &#8211; 1 ile 56 aras\u0131nda be\u015f say\u0131 ve 1 ile 46 aras\u0131nda bir Mega Ball say\u0131s\u0131. Say\u0131lar\u0131 sizin i\u00e7in rastgele se\u00e7ecek olan H\u0131zl\u0131 Se\u00e7im se\u00e7ene\u011finden yararlanabilirsiniz.<\/p>\n<p>Mega Million Lotto USA oyunu nakit \u00f6d\u00fcllerin yan\u0131 s\u0131ra bir jackpot \u00f6d\u00fcl\u00fc de sunmaktad\u0131r. Hayat de\u011fi\u015ftiren b\u00fcy\u00fck ikramiyenin y\u00fcz milyonlarca dolara \u00e7\u0131kt\u0131\u011f\u0131 bilinmektedir ve bu da onu olduk\u00e7a pop\u00fcler hale getirmektedir.<\/p>\n<h2>NASPL &#8211; ABD Loto Birli\u011fi<\/h2>\n<p>Kuzey Amerika Eyalet ve \u0130l Piyangolar\u0131 Birli\u011fi (NASPL) ABD&#8217;deki t\u00fcm eyalet piyangolar\u0131n\u0131, il piyangolar\u0131n\u0131 ve Kanada piyangolar\u0131n\u0131 temsil etmektedir. Lotto USA, NASPL arac\u0131l\u0131\u011f\u0131yla daha etkin bir \u015fekilde i\u015fletilmektedir. Lotto USA i\u00e7in bir aray\u00fcz g\u00f6revi g\u00f6r\u00fcr, bilgi sa\u011flar, ara\u015ft\u0131rma ve geli\u015ftirme yapar, g\u00fcvenli\u011fi sa\u011flar ve Lotto USA personelini e\u011fitir. ABD&#8217;deki t\u00fcm b\u00fcy\u00fck piyangolar NASPL \u00fcyesidir.<\/p>\n","protected":false},"excerpt":{"rendered":"<p>ABD d\u0131\u015f\u0131ndan Powerball biletleri nas\u0131l al\u0131n\u0131r? D\u00fcnya \u00fczerindeki hemen hemen her \u00fclkede bir piyango vard\u0131r, ancak t\u00fcm piyangolar ABD&#8217;nin b\u00fcy\u00fck piyangolar\u0131 olan Powerball ve Mega Millions gibi de\u011fildir. ABD&#8217;deki loto ikramiyeleri 1,5 Milyar $ (2016&#8217;da) gibi y\u00fcksek miktarlara ula\u015fm\u0131\u015ft\u0131r. Di\u011fer \u00fclkelerdeki loto ikramiyeleri hi\u00e7bir zaman b\u00f6yle bir miktara ula\u015fmam\u0131\u015ft\u0131r, bu nedenle loto hayranlar\u0131 ABD&#8217;de rekor [&hellip;]<\/p>\n","protected":false},"author":1,"featured_media":0,"parent":35786,"menu_order":1,"comment_status":"closed","ping_status":"closed","template":"powerball-usa-info.php","meta":{"_et_pb_use_builder":"","_et_pb_old_content":"","_et_gb_content_width":"","exclude_from_search":false,"footnotes":""},"class_list":["post-36437","page","type-page","status-publish","hentry"],"yoast_head":"<!-- This site is optimized with the Yoast SEO plugin v23.3 - https:\/\/yoast.com\/wordpress\/plugins\/seo\/ -->\n<title>ABD d\u0131\u015f\u0131ndaki herhangi bir \u00fclkeden \u00e7evrimi\u00e7i Powerball bileti sat\u0131n al\u0131n<\/title>\n<meta name=\"description\" content=\"Di\u011fer \u00fclkelerde ikamet edenlerin b\u00fcy\u00fck Powerball piyango ikramiyeleri i\u00e7in \u00e7evrimi\u00e7i olarak nas\u0131l oynayabileceklerini \u00f6\u011frenin - ABD d\u0131\u015f\u0131nda olabilir ve yine de oynayabilirsiniz\" \/>\n<meta name=\"robots\" content=\"index, follow, max-snippet:-1, max-image-preview:large, max-video-preview:-1\" \/>\n<link rel=\"canonical\" href=\"https:\/\/jackpotlotteryonline.com\/buy-tickets\/powerball\/\" \/>\n<meta property=\"og:locale\" content=\"tr_TR\" \/>\n<meta property=\"og:type\" content=\"article\" \/>\n<meta property=\"og:title\" content=\"ABD d\u0131\u015f\u0131ndaki herhangi bir \u00fclkeden \u00e7evrimi\u00e7i Powerball bileti sat\u0131n al\u0131n\" \/>\n<meta property=\"og:description\" content=\"Di\u011fer \u00fclkelerde ikamet edenlerin b\u00fcy\u00fck Powerball piyango ikramiyeleri i\u00e7in \u00e7evrimi\u00e7i olarak nas\u0131l oynayabileceklerini \u00f6\u011frenin - ABD d\u0131\u015f\u0131nda olabilir ve yine de oynayabilirsiniz\" \/>\n<meta property=\"og:url\" content=\"https:\/\/jackpotlotteryonline.com\/buy-tickets\/powerball\/\" \/>\n<meta property=\"og:site_name\" content=\"Lotto Online - Crack The International Lottery Jackpots\" \/>\n<meta property=\"article:modified_time\" content=\"2022-12-19T16:53:32+00:00\" \/>\n<meta property=\"og:image\" content=\"http:\/\/jackpotlotteryonline.com\/wp-content\/uploads\/2022\/11\/2_ticket_powerball3-1.jpg\" \/>\n<meta name=\"twitter:card\" content=\"summary_large_image\" \/>\n<meta name=\"twitter:label1\" content=\"Tahmini okuma s\u00fcresi\" \/>\n\t<meta name=\"twitter:data1\" content=\"5 dakika\" \/>\n<!-- \/ Yoast SEO plugin. -->","yoast_head_json":{"title":"ABD d\u0131\u015f\u0131ndaki herhangi bir \u00fclkeden \u00e7evrimi\u00e7i Powerball bileti sat\u0131n al\u0131n","description":"Di\u011fer \u00fclkelerde ikamet edenlerin b\u00fcy\u00fck Powerball piyango ikramiyeleri i\u00e7in \u00e7evrimi\u00e7i olarak nas\u0131l oynayabileceklerini \u00f6\u011frenin - ABD d\u0131\u015f\u0131nda olabilir ve yine de oynayabilirsiniz","robots":{"index":"index","follow":"follow","max-snippet":"max-snippet:-1","max-image-preview":"max-image-preview:large","max-video-preview":"max-video-preview:-1"},"canonical":"https:\/\/jackpotlotteryonline.com\/buy-tickets\/powerball\/","og_locale":"tr_TR","og_type":"article","og_title":"ABD d\u0131\u015f\u0131ndaki herhangi bir \u00fclkeden \u00e7evrimi\u00e7i Powerball bileti sat\u0131n al\u0131n","og_description":"Di\u011fer \u00fclkelerde ikamet edenlerin b\u00fcy\u00fck Powerball piyango ikramiyeleri i\u00e7in \u00e7evrimi\u00e7i olarak nas\u0131l oynayabileceklerini \u00f6\u011frenin - ABD d\u0131\u015f\u0131nda olabilir ve yine de oynayabilirsiniz","og_url":"https:\/\/jackpotlotteryonline.com\/buy-tickets\/powerball\/","og_site_name":"Lotto Online - Crack The International Lottery Jackpots","article_modified_time":"2022-12-19T16:53:32+00:00","og_image":[{"url":"http:\/\/jackpotlotteryonline.com\/wp-content\/uploads\/2022\/11\/2_ticket_powerball3-1.jpg"}],"twitter_card":"summary_large_image","twitter_misc":{"Tahmini okuma s\u00fcresi":"5 dakika"},"schema":{"@context":"https:\/\/schema.org","@graph":[{"@type":"WebPage","@id":"https:\/\/jackpotlotteryonline.com\/buy-tickets\/powerball\/","url":"https:\/\/jackpotlotteryonline.com\/buy-tickets\/powerball\/","name":"ABD d\u0131\u015f\u0131ndaki herhangi bir \u00fclkeden \u00e7evrimi\u00e7i Powerball bileti sat\u0131n al\u0131n","isPartOf":{"@id":"https:\/\/jackpotlotteryonline.com\/#website"},"primaryImageOfPage":{"@id":"https:\/\/jackpotlotteryonline.com\/buy-tickets\/powerball\/#primaryimage"},"image":{"@id":"https:\/\/jackpotlotteryonline.com\/buy-tickets\/powerball\/#primaryimage"},"thumbnailUrl":"http:\/\/jackpotlotteryonline.com\/wp-content\/uploads\/2022\/11\/2_ticket_powerball3-1.jpg","datePublished":"2022-11-07T07:45:31+00:00","dateModified":"2022-12-19T16:53:32+00:00","description":"Di\u011fer \u00fclkelerde ikamet edenlerin b\u00fcy\u00fck Powerball piyango ikramiyeleri i\u00e7in \u00e7evrimi\u00e7i olarak nas\u0131l oynayabileceklerini \u00f6\u011frenin - ABD d\u0131\u015f\u0131nda olabilir ve yine de oynayabilirsiniz","breadcrumb":{"@id":"https:\/\/jackpotlotteryonline.com\/buy-tickets\/powerball\/#breadcrumb"},"inLanguage":"tr","potentialAction":[{"@type":"ReadAction","target":["https:\/\/jackpotlotteryonline.com\/buy-tickets\/powerball\/"]}]},{"@type":"ImageObject","inLanguage":"tr","@id":"https:\/\/jackpotlotteryonline.com\/buy-tickets\/powerball\/#primaryimage","url":"http:\/\/jackpotlotteryonline.com\/wp-content\/uploads\/2022\/11\/2_ticket_powerball3-1.jpg","contentUrl":"http:\/\/jackpotlotteryonline.com\/wp-content\/uploads\/2022\/11\/2_ticket_powerball3-1.jpg"},{"@type":"BreadcrumbList","@id":"https:\/\/jackpotlotteryonline.com\/buy-tickets\/powerball\/#breadcrumb","itemListElement":[{"@type":"ListItem","position":1,"name":"Home","item":"https:\/\/jackpotlotteryonline.com\/tr\/"},{"@type":"ListItem","position":2,"name":"\u0130nternetten Piyango Bileti Nas\u0131l Al\u0131n\u0131r","item":"https:\/\/jackpotlotteryonline.com\/tr\/bilet-satin-al\/"},{"@type":"ListItem","position":3,"name":"ABD Powerball piyangosu"}]},{"@type":"WebSite","@id":"https:\/\/jackpotlotteryonline.com\/#website","url":"https:\/\/jackpotlotteryonline.com\/","name":"Lotto Online - Crack The International Lottery Jackpots","description":"","potentialAction":[{"@type":"SearchAction","target":{"@type":"EntryPoint","urlTemplate":"https:\/\/jackpotlotteryonline.com\/?s={search_term_string}"},"query-input":"required name=search_term_string"}],"inLanguage":"tr"}]}},"_links":{"self":[{"href":"https:\/\/jackpotlotteryonline.com\/tr\/wp-json\/wp\/v2\/pages\/36437","targetHints":{"allow":["GET"]}}],"collection":[{"href":"https:\/\/jackpotlotteryonline.com\/tr\/wp-json\/wp\/v2\/pages"}],"about":[{"href":"https:\/\/jackpotlotteryonline.com\/tr\/wp-json\/wp\/v2\/types\/page"}],"author":[{"embeddable":true,"href":"https:\/\/jackpotlotteryonline.com\/tr\/wp-json\/wp\/v2\/users\/1"}],"replies":[{"embeddable":true,"href":"https:\/\/jackpotlotteryonline.com\/tr\/wp-json\/wp\/v2\/comments?post=36437"}],"version-history":[{"count":0,"href":"https:\/\/jackpotlotteryonline.com\/tr\/wp-json\/wp\/v2\/pages\/36437\/revisions"}],"up":[{"embeddable":true,"href":"https:\/\/jackpotlotteryonline.com\/tr\/wp-json\/wp\/v2\/pages\/35786"}],"wp:attachment":[{"href":"https:\/\/jackpotlotteryonline.com\/tr\/wp-json\/wp\/v2\/media?parent=36437"}],"curies":[{"name":"wp","href":"https:\/\/api.w.org\/{rel}","templated":true}]}}