{"id":36490,"date":"2022-11-07T09:00:27","date_gmt":"2022-11-07T09:00:27","guid":{"rendered":"https:\/\/jackpotlotteryonline.com\/?page_id=36490"},"modified":"2022-12-19T20:03:47","modified_gmt":"2022-12-19T20:03:47","slug":"euromillions","status":"publish","type":"page","link":"https:\/\/jackpotlotteryonline.com\/tr\/bilet-satin-al\/euromillions\/","title":{"rendered":"Euromillions i\u00e7in Avrupa d\u0131\u015f\u0131ndan bilet alabilir miyim?"},"content":{"rendered":"<h2>Avrupa&#8217;n\u0131n en b\u00fcy\u00fck piyangosu Euromillions<\/h2>\n<p><img loading=\"lazy\" decoding=\"async\" class=\"alignright wp-image-17411 size-full\" src=\"https:\/\/jackpotlotteryonline.com\/wp-content\/uploads\/2022\/10\/euromillions.png\" alt=\"euromillions online sat\u0131n al\" width=\"200\" height=\"212\" \/><\/p>\n<p><a href=\"https:\/\/jackpotlotteryonline.com\/tr\/nasil-oynanir\/euromillions\">Euromillions<\/a>, \u00e7e\u015fitli Avrupa \u00fclkelerinde sunulan bir piyangodur. S\u00f6z konusu \u00fclkelerin ulusal piyangolar\u0131ndan \u00e7ok daha b\u00fcy\u00fck ikramiyeler sunmak \u00fczere tasarlanm\u0131\u015ft\u0131r. Bu, daha d\u00fc\u015f\u00fck olas\u0131l\u0131kl\u0131, yani daha fazla olas\u0131 say\u0131 kombinasyonuna sahip bir piyango yap\u0131s\u0131 olu\u015fturularak ba\u015far\u0131lm\u0131\u015ft\u0131r. Bu t\u00fcr ikramiyelerin kazan\u0131lmas\u0131n\u0131n genellikle daha uzun s\u00fcrmesi, 10 milyon Euro&#8217;luk daha b\u00fcy\u00fck bir ba\u015flang\u0131\u00e7 ikramiyesi ile birle\u015fti\u011finde, d\u00fczenli olarak 100 milyon Euro&#8217;nun \u00fczerinde ikramiyelerin kazan\u0131lmas\u0131na yol a\u00e7m\u0131\u015ft\u0131r.<\/p>\n<h2>Oynamak i\u00e7in neden bir online bilet hizmetine ihtiyac\u0131n\u0131z var?<\/h2>\n<p>E\u011fer kat\u0131l\u0131mc\u0131 Avrupa \u00fclkelerinden birinde ya\u015f\u0131yorsan\u0131z, bizimki gibi bir hizmete ihtiyac\u0131n\u0131z olmayacakt\u0131r. Ancak ya\u015fam\u0131yorsan\u0131z veya Avrupa d\u0131\u015f\u0131ndaysan\u0131z, Euromillions i\u00e7in bilet alman\u0131z\u0131n tek yolu \u00e7evrimi\u00e7i olmakt\u0131r. Tek yapman\u0131z gereken<strong> \u00fcstteki Euromillions banner&#8217;\u0131na t\u0131klamak<\/strong> ve biletlerinizi sipari\u015f etmek, ard\u0131ndan kat\u0131l\u0131m\u0131n\u0131z g\u00fcvence alt\u0131na al\u0131n\u0131r. Bu arada, ger\u00e7ek Euromillions biletlerini Avrupa&#8217;da bulunan resmi bir bilet sat\u0131c\u0131s\u0131 arac\u0131l\u0131\u011f\u0131yla sat\u0131n al\u0131yoruz.<\/p>\n<section class=\"layout\" style=\"border: solid 1px; width: 100%;\">\n<div class=\"img-div\" style=\"margin-top: 5px;\"><img decoding=\"async\" class=\"wp-image-17212 alignleft\" style=\"height: 45px; margin: 8px 8px 0px;\" src=\"https:\/\/jackpotlotteryonline.com\/wp-content\/uploads\/2022\/11\/read1.jpg\" alt=\"Euromillions oyna\" width=\"\" height=\"\" \/><\/div>\n<div style=\"padding-left: 5px;\">\n<div style=\"font-size: 1.1em;\">\n<p><strong>B\u00fcy\u00fck kazanman\u0131z i\u00e7in en iyi oranlara sahip piyangolar<\/strong><\/p>\n<p style=\"font-size: 0.85em; margin-top: -1.5em;\">Hangi piyango en iyi kazanma \u015fans\u0131na sahip?\u00a0<a href=\"https:\/\/jackpotlotteryonline.com\/tr\/hangi-piyango-en-iyi-kazanma-sansina-sahiptir\"> daha fazla oku<\/a><\/p>\n<\/div>\n<\/div>\n<\/section>\n<h2>Euromillions Hakk\u0131nda<\/h2>\n<p><a href=\"https:\/\/jackpotlotteryonline.com\/tr\/kazanan-sayilar\/euromillions\">Bu piyango Sal\u0131 ve Cuma g\u00fcnleri olmak \u00fczere iki haftal\u0131k \u00e7ekili\u015fe sahiptir.<\/a> Eurojackpot ile ayn\u0131 \u015fekilde yap\u0131land\u0131r\u0131lm\u0131\u015ft\u0131r, ancak ikramiye s\u0131n\u0131r\u0131 yoktur ve 1 ile 12 aras\u0131nda iki ekstra say\u0131 se\u00e7meniz gerekir. Ayr\u0131ca 13 \u00f6d\u00fcl kademesine sahiptir.<\/p>\n<h2>Uluslararas\u0131 piyangolar i\u00e7in bilet sat\u0131n alma hizmeti<\/h2>\n<p><img loading=\"lazy\" decoding=\"async\" class=\"alignright size-full wp-image-33431\" src=\"https:\/\/jackpotlotteryonline.com\/wp-content\/uploads\/2022\/11\/2_ticket_euromillions-112x300-1.jpg\" alt=\"euromillions bileti\" width=\"112\" height=\"300\" \/><\/p>\n<p>Size Euromillions ve Eurojackpot i\u00e7in online bilet sa\u011flaman\u0131n yan\u0131 s\u0131ra, aralar\u0131ndan se\u00e7im yapabilece\u011finiz toplam 20&#8217;den fazla piyangoya sahibiz. Her zaman en b\u00fcy\u00fck ikramiyeye sahip olan\u0131 se\u00e7mek isteyebilirsiniz, ancak baz\u0131 &#8220;k\u00fc\u00e7\u00fck&#8221; piyangolar da d\u00fc\u015f\u00fcnmeye de\u011fer. Kazanmak i\u00e7in daha avantajl\u0131 oranlar veya daha d\u00fc\u015f\u00fck bilet fiyatlar\u0131 sunabilirler.<\/p>\n<p>\u00d6deme ve veri g\u00fcvenli\u011fi konusunda da endi\u015felenmenize gerek yok. \u00d6deme i\u015flemleri i\u00e7in son derece g\u00fcvenli protokoller kullan\u0131yoruz. Kredi kartlar\u0131, kripto para birimleri, banka havalesi ve bir dizi ba\u015fka se\u00e7enekle \u00f6deme kabul ediyoruz.<\/p>\n<p>&nbsp;<\/p>\n","protected":false},"excerpt":{"rendered":"<p>Avrupa&#8217;n\u0131n en b\u00fcy\u00fck piyangosu Euromillions Euromillions, \u00e7e\u015fitli Avrupa \u00fclkelerinde sunulan bir piyangodur. S\u00f6z konusu \u00fclkelerin ulusal piyangolar\u0131ndan \u00e7ok daha b\u00fcy\u00fck ikramiyeler sunmak \u00fczere tasarlanm\u0131\u015ft\u0131r. Bu, daha d\u00fc\u015f\u00fck olas\u0131l\u0131kl\u0131, yani daha fazla olas\u0131 say\u0131 kombinasyonuna sahip bir piyango yap\u0131s\u0131 olu\u015fturularak ba\u015far\u0131lm\u0131\u015ft\u0131r. Bu t\u00fcr ikramiyelerin kazan\u0131lmas\u0131n\u0131n genellikle daha uzun s\u00fcrmesi, 10 milyon Euro&#8217;luk daha b\u00fcy\u00fck bir ba\u015flang\u0131\u00e7 [&hellip;]<\/p>\n","protected":false},"author":1,"featured_media":0,"parent":35786,"menu_order":3,"comment_status":"closed","ping_status":"closed","template":"euromillions-info.php","meta":{"_et_pb_use_builder":"","_et_pb_old_content":"","_et_gb_content_width":"","exclude_from_search":false,"footnotes":""},"class_list":["post-36490","page","type-page","status-publish","hentry"],"yoast_head":"<!-- This site is optimized with the Yoast SEO plugin v23.3 - https:\/\/yoast.com\/wordpress\/plugins\/seo\/ -->\n<title>Avrupa d\u0131\u015f\u0131ndan Euromillions i\u00e7in bilet al\u0131n<\/title>\n<meta name=\"description\" content=\"Euromillions&#039;a Avrupa d\u0131\u015f\u0131ndan \u00e7evrimi\u00e7i olarak nas\u0131l kat\u0131labilirsiniz - biletinizi web sitemizden \u00e7evrimi\u00e7i olarak sat\u0131n alman\u0131z yeterlidir\" \/>\n<meta name=\"robots\" content=\"index, follow, max-snippet:-1, max-image-preview:large, max-video-preview:-1\" \/>\n<link rel=\"canonical\" href=\"https:\/\/jackpotlotteryonline.com\/buy-tickets\/euromillions\/\" \/>\n<meta property=\"og:locale\" content=\"tr_TR\" \/>\n<meta property=\"og:type\" content=\"article\" \/>\n<meta property=\"og:title\" content=\"Avrupa d\u0131\u015f\u0131ndan Euromillions i\u00e7in bilet al\u0131n\" \/>\n<meta property=\"og:description\" content=\"Euromillions&#039;a Avrupa d\u0131\u015f\u0131ndan \u00e7evrimi\u00e7i olarak nas\u0131l kat\u0131labilirsiniz - biletinizi web sitemizden \u00e7evrimi\u00e7i olarak sat\u0131n alman\u0131z yeterlidir\" \/>\n<meta property=\"og:url\" content=\"https:\/\/jackpotlotteryonline.com\/buy-tickets\/euromillions\/\" \/>\n<meta property=\"og:site_name\" content=\"Lotto Online - Crack The International Lottery Jackpots\" \/>\n<meta property=\"article:modified_time\" content=\"2022-12-19T20:03:47+00:00\" \/>\n<meta property=\"og:image\" content=\"https:\/\/jackpotlotteryonline.com\/wp-content\/uploads\/2022\/10\/euromillions.png\" \/>\n<meta name=\"twitter:card\" content=\"summary_large_image\" \/>\n<meta name=\"twitter:label1\" content=\"Tahmini okuma s\u00fcresi\" \/>\n\t<meta name=\"twitter:data1\" content=\"2 dakika\" \/>\n<!-- \/ Yoast SEO plugin. -->","yoast_head_json":{"title":"Avrupa d\u0131\u015f\u0131ndan Euromillions i\u00e7in bilet al\u0131n","description":"Euromillions'a Avrupa d\u0131\u015f\u0131ndan \u00e7evrimi\u00e7i olarak nas\u0131l kat\u0131labilirsiniz - biletinizi web sitemizden \u00e7evrimi\u00e7i olarak sat\u0131n alman\u0131z yeterlidir","robots":{"index":"index","follow":"follow","max-snippet":"max-snippet:-1","max-image-preview":"max-image-preview:large","max-video-preview":"max-video-preview:-1"},"canonical":"https:\/\/jackpotlotteryonline.com\/buy-tickets\/euromillions\/","og_locale":"tr_TR","og_type":"article","og_title":"Avrupa d\u0131\u015f\u0131ndan Euromillions i\u00e7in bilet al\u0131n","og_description":"Euromillions'a Avrupa d\u0131\u015f\u0131ndan \u00e7evrimi\u00e7i olarak nas\u0131l kat\u0131labilirsiniz - biletinizi web sitemizden \u00e7evrimi\u00e7i olarak sat\u0131n alman\u0131z yeterlidir","og_url":"https:\/\/jackpotlotteryonline.com\/buy-tickets\/euromillions\/","og_site_name":"Lotto Online - Crack The International Lottery Jackpots","article_modified_time":"2022-12-19T20:03:47+00:00","og_image":[{"url":"https:\/\/jackpotlotteryonline.com\/wp-content\/uploads\/2022\/10\/euromillions.png"}],"twitter_card":"summary_large_image","twitter_misc":{"Tahmini okuma s\u00fcresi":"2 dakika"},"schema":{"@context":"https:\/\/schema.org","@graph":[{"@type":"WebPage","@id":"https:\/\/jackpotlotteryonline.com\/buy-tickets\/euromillions\/","url":"https:\/\/jackpotlotteryonline.com\/buy-tickets\/euromillions\/","name":"Avrupa d\u0131\u015f\u0131ndan Euromillions i\u00e7in bilet al\u0131n","isPartOf":{"@id":"https:\/\/jackpotlotteryonline.com\/#website"},"primaryImageOfPage":{"@id":"https:\/\/jackpotlotteryonline.com\/buy-tickets\/euromillions\/#primaryimage"},"image":{"@id":"https:\/\/jackpotlotteryonline.com\/buy-tickets\/euromillions\/#primaryimage"},"thumbnailUrl":"https:\/\/jackpotlotteryonline.com\/wp-content\/uploads\/2022\/10\/euromillions.png","datePublished":"2022-11-07T09:00:27+00:00","dateModified":"2022-12-19T20:03:47+00:00","description":"Euromillions'a Avrupa d\u0131\u015f\u0131ndan \u00e7evrimi\u00e7i olarak nas\u0131l kat\u0131labilirsiniz - biletinizi web sitemizden \u00e7evrimi\u00e7i olarak sat\u0131n alman\u0131z yeterlidir","breadcrumb":{"@id":"https:\/\/jackpotlotteryonline.com\/buy-tickets\/euromillions\/#breadcrumb"},"inLanguage":"tr","potentialAction":[{"@type":"ReadAction","target":["https:\/\/jackpotlotteryonline.com\/buy-tickets\/euromillions\/"]}]},{"@type":"ImageObject","inLanguage":"tr","@id":"https:\/\/jackpotlotteryonline.com\/buy-tickets\/euromillions\/#primaryimage","url":"https:\/\/jackpotlotteryonline.com\/wp-content\/uploads\/2022\/10\/euromillions.png","contentUrl":"https:\/\/jackpotlotteryonline.com\/wp-content\/uploads\/2022\/10\/euromillions.png"},{"@type":"BreadcrumbList","@id":"https:\/\/jackpotlotteryonline.com\/buy-tickets\/euromillions\/#breadcrumb","itemListElement":[{"@type":"ListItem","position":1,"name":"Home","item":"https:\/\/jackpotlotteryonline.com\/tr\/"},{"@type":"ListItem","position":2,"name":"\u0130nternetten Piyango Bileti Nas\u0131l Al\u0131n\u0131r","item":"https:\/\/jackpotlotteryonline.com\/tr\/bilet-satin-al\/"},{"@type":"ListItem","position":3,"name":"Euromillions i\u00e7in Avrupa d\u0131\u015f\u0131ndan bilet alabilir miyim?"}]},{"@type":"WebSite","@id":"https:\/\/jackpotlotteryonline.com\/#website","url":"https:\/\/jackpotlotteryonline.com\/","name":"Lotto Online - Crack The International Lottery Jackpots","description":"","potentialAction":[{"@type":"SearchAction","target":{"@type":"EntryPoint","urlTemplate":"https:\/\/jackpotlotteryonline.com\/?s={search_term_string}"},"query-input":"required name=search_term_string"}],"inLanguage":"tr"}]}},"_links":{"self":[{"href":"https:\/\/jackpotlotteryonline.com\/tr\/wp-json\/wp\/v2\/pages\/36490","targetHints":{"allow":["GET"]}}],"collection":[{"href":"https:\/\/jackpotlotteryonline.com\/tr\/wp-json\/wp\/v2\/pages"}],"about":[{"href":"https:\/\/jackpotlotteryonline.com\/tr\/wp-json\/wp\/v2\/types\/page"}],"author":[{"embeddable":true,"href":"https:\/\/jackpotlotteryonline.com\/tr\/wp-json\/wp\/v2\/users\/1"}],"replies":[{"embeddable":true,"href":"https:\/\/jackpotlotteryonline.com\/tr\/wp-json\/wp\/v2\/comments?post=36490"}],"version-history":[{"count":0,"href":"https:\/\/jackpotlotteryonline.com\/tr\/wp-json\/wp\/v2\/pages\/36490\/revisions"}],"up":[{"embeddable":true,"href":"https:\/\/jackpotlotteryonline.com\/tr\/wp-json\/wp\/v2\/pages\/35786"}],"wp:attachment":[{"href":"https:\/\/jackpotlotteryonline.com\/tr\/wp-json\/wp\/v2\/media?parent=36490"}],"curies":[{"name":"wp","href":"https:\/\/api.w.org\/{rel}","templated":true}]}}