{"id":36545,"date":"2022-11-07T11:04:58","date_gmt":"2022-11-07T11:04:58","guid":{"rendered":"https:\/\/jackpotlotteryonline.com\/?page_id=36545"},"modified":"2023-01-03T20:16:53","modified_gmt":"2023-01-03T20:16:53","slug":"eurojackpot","status":"publish","type":"page","link":"https:\/\/jackpotlotteryonline.com\/tr\/bilet-satin-al\/eurojackpot\/","title":{"rendered":"Kat\u0131l\u0131mc\u0131 \u00fclkeler d\u0131\u015f\u0131ndan Eurojackpot i\u00e7in bilet sat\u0131n al\u0131n"},"content":{"rendered":"<h2>EuroJackpot Hakk\u0131nda<\/h2>\n<p><a href=\"https:\/\/jackpotlotteryonline.com\/tr\/nasil-oynanir\/eurojackpot\">Eurojackpot&#8217;un<\/a> bilmeniz gereken heyecan verici bir \u00f6zelli\u011fi var: B\u00fcy\u00fck ikramiye 90 milyona ula\u015ft\u0131\u011f\u0131nda, kazanabilece\u011finiz ikramiyenin bir s\u0131n\u0131r\u0131 vard\u0131r. Bu, 90 milyon \u20ac&#8217;yu a\u015fan bilet sat\u0131\u015flar\u0131ndan elde edilen t\u00fcm fonlar\u0131n ikinci kademe fiyat\u0131na eklenece\u011fi anlam\u0131na gelir. Bu ikinci kademe fiyat\u0131 daha sonra \u00f6nemli \u00f6l\u00e7\u00fcde daha y\u00fcksek olacakt\u0131r. B\u00fcy\u00fck ikramiyeye k\u0131yasla bu \u00f6d\u00fcl\u00fc kazanma olas\u0131l\u0131\u011f\u0131n\u0131z\u0131n 10 kat daha fazla oldu\u011fu d\u00fc\u015f\u00fcn\u00fcld\u00fc\u011f\u00fcnde, 90 milyon \u20ac e\u015fi\u011fine ula\u015ft\u0131\u011f\u0131nda bu piyangoya odaklanmak her zaman iyi bir stratejidir.<\/p>\n<p><a href=\"https:\/\/jackpotlotteryonline.com\/tr\/kazanan-sayilar\/eurojackpot\">Eurojackpot i\u00e7in sadece bir haftal\u0131k \u00e7ekili\u015f g\u00fcn\u00fc<\/a> vard\u0131r, o da Cuma g\u00fcn\u00fcd\u00fcr. 50 say\u0131dan 5&#8217;ini ve 1 ile 10 aras\u0131nda iki ek say\u0131 se\u00e7in ve toplam 12 kademeden bir \u00f6d\u00fcl kazanma yolundas\u0131n\u0131z.<\/p>\n<h2>Eurojackpot biletleri nas\u0131l sat\u0131n al\u0131n\u0131r<\/h2>\n<p><img loading=\"lazy\" decoding=\"async\" class=\"wp-image-26077 size-medium alignright\" src=\"https:\/\/jackpotlotteryonline.com\/wp-content\/uploads\/2022\/11\/1_buy_eurojackpot_ticket-300x99.jpg\" alt=\"eurojackpot biletlerini online sat\u0131n al\u0131n\" width=\"300\" height=\"99\" srcset=\"https:\/\/jackpotlotteryonline.com\/wp-content\/uploads\/2022\/11\/1_buy_eurojackpot_ticket-300x99.jpg 300w, https:\/\/jackpotlotteryonline.com\/wp-content\/uploads\/2022\/11\/1_buy_eurojackpot_ticket.jpg 350w\" sizes=\"auto, (max-width: 300px) 100vw, 300px\" \/><\/p>\n<p>Eurojackpot bir Avrupa piyangosudur ve giri\u015fler \u00e7o\u011funlukla Eurojackpot \u00fclkelerinde sat\u0131lmaktad\u0131r. Eurojackpot piyangosuna kat\u0131lan 18 \u00fclke vard\u0131r ve bu \u00fclkelerde ya\u015fayan herkes piyangoya kat\u0131labilir. Eurojackpot \u00fclkeleri H\u0131rvatistan, Danimarka, Estonya, Finlandiya, Almanya, \u0130zlanda, \u0130talya, Letonya, Litvanya, Hollanda, Norve\u00e7, Slovenya, \u0130spanya ve \u0130sve\u00e7&#8217;tir.<\/p>\n<p>Eurojackpot&#8217;a \u00fcye olan 18 \u00fclke olmas\u0131na ra\u011fmen, k\u0131tadaki baz\u0131 kat\u0131l\u0131mc\u0131 olmayan \u00fclkelerde de piyango kuponlar\u0131 sat\u0131lmaktad\u0131r. Bu \u00fclkelerden herhangi birindeki oyuncular herhangi bir piyango bayisine gidip piyango kuponu sat\u0131n alabilirler. Bu durum, Eurojackpot&#8217;a kat\u0131lmak isteyen Avrupa d\u0131\u015f\u0131ndaki oyuncular i\u00e7in ge\u00e7erli de\u011fildir.<\/p>\n<h2>Avrupa d\u0131\u015f\u0131nda ya\u015f\u0131yorsan\u0131z ne yapmal\u0131s\u0131n\u0131z?<\/h2>\n<p>K\u0131ta d\u0131\u015f\u0131nda ya\u015f\u0131yorsan\u0131z ve Eurojackpot&#8217;a kat\u0131lmak istiyorsan\u0131z, en iyi se\u00e7enek \u00e7evrimi\u00e7i olmakt\u0131r. Bunu web \u00fczerinden veya bir mobil cihaz \u00fczerinden yapabilirsiniz. Yapman\u0131z gereken bir piyango sitesi bulmak, biletinizi sat\u0131n almak ve \u00e7ekili\u015fe kat\u0131lmakt\u0131r. Ard\u0131ndan kazan\u0131p kazanmad\u0131\u011f\u0131n\u0131z\u0131 g\u00f6rmek i\u00e7in bekleyin. Bu basit bir s\u00fcre\u00e7tir ancak dikkat etmeniz gereken birka\u00e7 \u015fey vard\u0131r.<\/p>\n<p>Eurojackpot&#8217;a giri\u015fler internetteki \u00e7e\u015fitli sitelerde sat\u0131lmaktad\u0131r, ancak yasal bir \u00e7evrimi\u00e7i sat\u0131c\u0131 aramak \u00f6nemlidir. \u0130nternet size sadece Eurojackpot&#8217;a de\u011fil, harika uluslararas\u0131 piyangolara eri\u015fim sa\u011flar. Ancak, piyangonun sonucuna kar\u015f\u0131 bahis yapmak yerine Eurojackpot&#8217;a girdi\u011finizden emin olman\u0131z gerekir. Evet, arada bir fark var.<\/p>\n<section class=\"layout\" style=\"border: solid 1px; width: 100%;\">\n<div class=\"img-div\" style=\"margin-top: 5px;\"><img decoding=\"async\" class=\"wp-image-17212 alignleft\" style=\"height: 45px; margin: 8px 8px 0px;\" src=\"https:\/\/jackpotlotteryonline.com\/wp-content\/uploads\/2022\/11\/read1.jpg\" alt=\"Okuyun\" width=\"\" height=\"\" \/><\/div>\n<div style=\"padding-left: 5px;\">\n<div style=\"font-size: 1.1em;\">\n<p><strong>Hangi Uluslararas\u0131 Piyango En \u0130yisidir?<\/strong><\/p>\n<p style=\"font-size: 0.85em; margin-top: -1.5em;\">Uluslararas\u0131 Piyangolardan hangisi\u00a0 kazanmak i\u00e7in en iyi oranlara sahiptir? \u00a0<a href=\"https:\/\/jackpotlotteryonline.com\/tr\/hangi-uluslararasi-piyango-en-iyisidir\">daha fazla oku<\/a><\/p>\n<\/div>\n<\/div>\n<\/section>\n<h2>Eurojackpot biletleri nereden al\u0131n\u0131r<\/h2>\n<p>Bir Eurojackpot sat\u0131c\u0131s\u0131 aramak i\u00e7in \u00e7evrimi\u00e7i oldu\u011funuzda, bir konsiyerj sitesi oldu\u011funu bilmiyorsan\u0131z bir Eurojackpot giri\u015fi sat\u0131n almak i\u00e7in acele etmeyin. Bunun gibi siteler, oyunculara piyango fi\u015fleri sa\u011flayarak Eurojackpot gibi en iyi uluslararas\u0131 piyangolara eri\u015fim sa\u011flar.<\/p>\n<p>\u0130nternet \u00fczerinden bir Eurojackpot kuponu sat\u0131n almak ve yine de piyangoya kat\u0131lmamak m\u00fcmk\u00fcnd\u00fcr. Bunun nedeni, bu sitelerin oyuncular\u0131n yaln\u0131zca piyangonun sonucuna bahis oynamas\u0131na izin vermesidir. Jackpotlotteryonline.com&#8217;da, nerede olursan\u0131z olun Eurojackpot piyangosuna girmenizi sa\u011fl\u0131yoruz.<\/p>\n<p>Bizden bir giri\u015f sat\u0131n ald\u0131\u011f\u0131n\u0131zda, i\u00e7erikteki temsilcilerimiz d\u0131\u015far\u0131 \u00e7\u0131kacak ve kar\u015f\u0131l\u0131k gelen numaralarla fiziksel bir Eurojackpot fi\u015fi sat\u0131n alacakt\u0131r. Bu \u015fekilde, \u00fclkede fiziksel olarak bulunmasan\u0131z bile Eurojackpot&#8217;a kat\u0131lm\u0131\u015f olursunuz. E\u011fer kuponunuz \u00e7ekilen say\u0131larla e\u015fle\u015firse, \u00f6d\u00fcl\u00fc kazan\u0131rs\u0131n\u0131z. Ayr\u0131ca, Eurojackpot \u00f6d\u00fcl\u00fcn\u00fcz\u00fc talep etme konusunda endi\u015felenmenize gerek yok \u00e7\u00fcnk\u00fc bunu sizin i\u00e7in biz hallediyoruz. Tek yapman\u0131z gereken \u00f6d\u00fcl\u00fcn\u00fcz\u00fc platformumuzdan online hesab\u0131n\u0131za \u00e7ekmek.<\/p>\n<h2>Jackpotlotteryonline.com&#8217;a kaydolman\u0131n faydalar\u0131<\/h2>\n<p><img loading=\"lazy\" decoding=\"async\" class=\"alignright size-medium wp-image-28886\" src=\"https:\/\/jackpotlotteryonline.com\/wp-content\/uploads\/2022\/11\/1_pick_for_eurojackpot-300x100.jpg\" alt=\"eurojackpot bileti\" width=\"300\" height=\"100\" srcset=\"https:\/\/jackpotlotteryonline.com\/wp-content\/uploads\/2022\/11\/1_pick_for_eurojackpot-300x100.jpg 300w, https:\/\/jackpotlotteryonline.com\/wp-content\/uploads\/2022\/11\/1_pick_for_eurojackpot-600x200.jpg 600w, https:\/\/jackpotlotteryonline.com\/wp-content\/uploads\/2022\/11\/1_pick_for_eurojackpot.jpg 734w\" sizes=\"auto, (max-width: 300px) 100vw, 300px\" \/><\/p>\n<p>Jackpotlotteryonline.com bir konsiyerj sitesidir, bu nedenle m\u00fc\u015fterilerimizin d\u00fcnyan\u0131n d\u00f6rt bir yan\u0131ndan piyangolara girmesini m\u00fcmk\u00fcn k\u0131l\u0131yoruz. Eurojackpot&#8217;un yasal ya\u015f ve kapasiteye sahip herkes i\u00e7in mevcut olmas\u0131 gerekti\u011fine inan\u0131yoruz ve bu tutkuyu hizmet sunumumuza getirdik. Bize kaydoldu\u011funuzda, i\u015fte elde edecekleriniz:<\/p>\n<ul>\n<li>Eurojackpot dahil iki d\u00fczineden fazla uluslararas\u0131 piyangoya eri\u015fim<\/li>\n<li>Piyango oynaman\u0131n sorunsuz bir yolu<\/li>\n<li>Tek bir yerde birden fazla piyango oynayabilir ve \u00e7e\u015fitli \u00e7ekili\u015flere kat\u0131labilirsiniz<\/li>\n<li>T\u00fcm Eurojackpot piyango biletlerinizi takip etmek zorunda de\u011filsiniz, bunu sizin i\u00e7in biz yap\u0131yoruz<\/li>\n<li>Ayr\u0131ca kazan\u00e7lar\u0131n\u0131z\u0131 takip ediyor ve \u00f6d\u00fcl\u00fcn\u00fcz\u00fc almay\u0131 ka\u00e7\u0131rmaman\u0131z i\u00e7in sizi uyar\u0131yoruz<\/li>\n<li>\u00d6d\u00fcllerinizi platformumuzdan \u00e7evrimi\u00e7i hesab\u0131n\u0131za kolayca nakde \u00e7evirin<\/li>\n<\/ul>\n<p>Odak noktam\u0131z, piyango oynarken keyifli bir deneyim ya\u015faman\u0131z\u0131 sa\u011flamakt\u0131r. Hizmetlerimizde ince ayarlar yapt\u0131k ve oyuncular\u0131m\u0131z i\u00e7in daha sezgisel olmas\u0131 i\u00e7in s\u00fcreci iyile\u015ftirmeye devam ediyoruz.<\/p>\n<h2>Eurojackpot&#8217;a girmek i\u00e7in a\u015fa\u011f\u0131daki ad\u0131mlar\u0131 izleyin<\/h2>\n<p><strong>1. Ad\u0131m:<\/strong> jackpotlotteryonline.com adresini ziyaret edin ve girmek istedi\u011finiz piyangoya, bu durumda Eurojackpot&#8217;a gidin. \u00dczerine t\u0131klay\u0131n.<\/p>\n<p><strong>Ad\u0131m 2:<\/strong> 5 ana say\u0131 ve 2 ekstra say\u0131 se\u00e7in. Eurojackpot&#8217;u kazanma \u015fans\u0131n\u0131z\u0131 art\u0131rmak i\u00e7in birka\u00e7 giri\u015f sat\u0131r\u0131 se\u00e7ebilirsiniz. Belirli bir numaran\u0131z yoksa, se\u00e7im s\u00fcrecini daha h\u0131zl\u0131 hale getirmek i\u00e7in &#8220;H\u0131zl\u0131 T\u00fcm\u00fcn\u00fc Se\u00e7&#8221; se\u00e7ene\u011fini kullan\u0131n.<\/p>\n<p><strong>3. Ad\u0131m:<\/strong> Sat\u0131n almak istedi\u011finiz bilet t\u00fcr\u00fcn\u00fc se\u00e7in. Tek bir bilet alabilir ya da birden fazla \u00e7ekili\u015fe kat\u0131lman\u0131z\u0131 sa\u011flayacak \u00e7oklu \u00e7ekili\u015f sat\u0131n alabilirsiniz. Yine, birden fazla \u00e7ekili\u015fe kat\u0131lmak size Eurojackpot&#8217;u kazanma \u015fans\u0131n\u0131 art\u0131r\u0131r.<\/p>\n<p><strong>4. Ad\u0131m:<\/strong> \u00d6deme sayfas\u0131na gidin. \u00d6deme sayfas\u0131nda, kaydolman\u0131z veya kay\u0131t olman\u0131z istenecektir. Bunun nedeni \u00fc\u00e7 y\u00f6nl\u00fcd\u00fcr:<\/p>\n<ol>\n<li>Eurojackpot kuponunuza her zaman eri\u015febildi\u011finizden emin olmak i\u00e7in, \u00e7\u00fcnk\u00fc bir \u00f6d\u00fcl talep edebilmenizin tek yolu budur<\/li>\n<li>B\u00f6ylece Eurojackpot&#8217;u veya di\u011fer kademelerdeki \u00f6d\u00fcllerden herhangi birini kazan\u0131rsan\u0131z sizi uyarabiliriz. Bunu platform \u00fczerinden ve ayr\u0131ca e-postan\u0131z arac\u0131l\u0131\u011f\u0131yla yapaca\u011f\u0131z<\/li>\n<li>\u00d6d\u00fcl\u00fcn\u00fcz\u00fc talep etmenizi ve \u00e7ekmenizi kolayla\u015ft\u0131rmak i\u00e7in<\/li>\n<\/ol>\n<p>\u0130\u015fte bu kadar. Nerede olursan\u0131z olun Eurojackpot&#8217;a girmek bu \u00fc\u00e7 ad\u0131m\u0131 takip etmek kadar basittir. Art\u0131k bilgisayar\u0131n\u0131z\u0131n veya mobil cihaz\u0131n\u0131z\u0131n rahatl\u0131\u011f\u0131nda g\u00fcvenli ve sorunsuz bahis oynaman\u0131n keyfini \u00e7\u0131karabilirsiniz.<\/p>\n<p>Avrupa d\u0131\u015f\u0131ndan Eurojackpot bileti sat\u0131n almak i\u00e7in neden bug\u00fcn bize kaydolmuyorsunuz? Piyango oynamak heyecan vericidir ve ne zaman \u015fansl\u0131 olaca\u011f\u0131n\u0131z\u0131 asla bilemezsiniz. Milyoner olma \u015fans\u0131n\u0131 yakalamak istiyorsan\u0131z, bug\u00fcn \u00e7evrimi\u00e7i olun ve Eurojackpot&#8217;a kat\u0131l\u0131n.<\/p>\n","protected":false},"excerpt":{"rendered":"<p>EuroJackpot Hakk\u0131nda Eurojackpot&#8217;un bilmeniz gereken heyecan verici bir \u00f6zelli\u011fi var: B\u00fcy\u00fck ikramiye 90 milyona ula\u015ft\u0131\u011f\u0131nda, kazanabilece\u011finiz ikramiyenin bir s\u0131n\u0131r\u0131 vard\u0131r. Bu, 90 milyon \u20ac&#8217;yu a\u015fan bilet sat\u0131\u015flar\u0131ndan elde edilen t\u00fcm fonlar\u0131n ikinci kademe fiyat\u0131na eklenece\u011fi anlam\u0131na gelir. Bu ikinci kademe fiyat\u0131 daha sonra \u00f6nemli \u00f6l\u00e7\u00fcde daha y\u00fcksek olacakt\u0131r. B\u00fcy\u00fck ikramiyeye k\u0131yasla bu \u00f6d\u00fcl\u00fc kazanma olas\u0131l\u0131\u011f\u0131n\u0131z\u0131n [&hellip;]<\/p>\n","protected":false},"author":1,"featured_media":0,"parent":35786,"menu_order":4,"comment_status":"closed","ping_status":"closed","template":"eurojackpot-info.php","meta":{"_et_pb_use_builder":"","_et_pb_old_content":"","_et_gb_content_width":"","exclude_from_search":false,"footnotes":""},"class_list":["post-36545","page","type-page","status-publish","hentry"],"yoast_head":"<!-- This site is optimized with the Yoast SEO plugin v23.3 - https:\/\/yoast.com\/wordpress\/plugins\/seo\/ -->\n<title>Avrupa d\u0131\u015f\u0131ndan Eurojackpot biletleri sat\u0131n al\u0131n | Online bilet al\u0131n<\/title>\n<meta name=\"description\" content=\"Baz\u0131 Avrupa \u00fclkelerinde Eurojackpot biletlerini ma\u011fazadan sat\u0131n alabilirsiniz. Ancak burada Avrupa d\u0131\u015f\u0131ndan bile bilet alabilirsiniz\" \/>\n<meta name=\"robots\" content=\"index, follow, max-snippet:-1, max-image-preview:large, max-video-preview:-1\" \/>\n<link rel=\"canonical\" href=\"https:\/\/jackpotlotteryonline.com\/buy-tickets\/eurojackpot\/\" \/>\n<meta property=\"og:locale\" content=\"tr_TR\" \/>\n<meta property=\"og:type\" content=\"article\" \/>\n<meta property=\"og:title\" content=\"Avrupa d\u0131\u015f\u0131ndan Eurojackpot biletleri sat\u0131n al\u0131n | Online bilet al\u0131n\" \/>\n<meta property=\"og:description\" content=\"Baz\u0131 Avrupa \u00fclkelerinde Eurojackpot biletlerini ma\u011fazadan sat\u0131n alabilirsiniz. Ancak burada Avrupa d\u0131\u015f\u0131ndan bile bilet alabilirsiniz\" \/>\n<meta property=\"og:url\" content=\"https:\/\/jackpotlotteryonline.com\/buy-tickets\/eurojackpot\/\" \/>\n<meta property=\"og:site_name\" content=\"Lotto Online - Crack The International Lottery Jackpots\" \/>\n<meta property=\"article:modified_time\" content=\"2023-01-03T20:16:53+00:00\" \/>\n<meta property=\"og:image\" content=\"https:\/\/jackpotlotteryonline.com\/wp-content\/uploads\/2022\/11\/1_buy_eurojackpot_ticket-300x99.jpg\" \/>\n<meta name=\"twitter:card\" content=\"summary_large_image\" \/>\n<meta name=\"twitter:label1\" content=\"Tahmini okuma s\u00fcresi\" \/>\n\t<meta name=\"twitter:data1\" content=\"4 dakika\" \/>\n<!-- \/ Yoast SEO plugin. -->","yoast_head_json":{"title":"Avrupa d\u0131\u015f\u0131ndan Eurojackpot biletleri sat\u0131n al\u0131n | Online bilet al\u0131n","description":"Baz\u0131 Avrupa \u00fclkelerinde Eurojackpot biletlerini ma\u011fazadan sat\u0131n alabilirsiniz. Ancak burada Avrupa d\u0131\u015f\u0131ndan bile bilet alabilirsiniz","robots":{"index":"index","follow":"follow","max-snippet":"max-snippet:-1","max-image-preview":"max-image-preview:large","max-video-preview":"max-video-preview:-1"},"canonical":"https:\/\/jackpotlotteryonline.com\/buy-tickets\/eurojackpot\/","og_locale":"tr_TR","og_type":"article","og_title":"Avrupa d\u0131\u015f\u0131ndan Eurojackpot biletleri sat\u0131n al\u0131n | Online bilet al\u0131n","og_description":"Baz\u0131 Avrupa \u00fclkelerinde Eurojackpot biletlerini ma\u011fazadan sat\u0131n alabilirsiniz. Ancak burada Avrupa d\u0131\u015f\u0131ndan bile bilet alabilirsiniz","og_url":"https:\/\/jackpotlotteryonline.com\/buy-tickets\/eurojackpot\/","og_site_name":"Lotto Online - Crack The International Lottery Jackpots","article_modified_time":"2023-01-03T20:16:53+00:00","og_image":[{"url":"https:\/\/jackpotlotteryonline.com\/wp-content\/uploads\/2022\/11\/1_buy_eurojackpot_ticket-300x99.jpg"}],"twitter_card":"summary_large_image","twitter_misc":{"Tahmini okuma s\u00fcresi":"4 dakika"},"schema":{"@context":"https:\/\/schema.org","@graph":[{"@type":"WebPage","@id":"https:\/\/jackpotlotteryonline.com\/buy-tickets\/eurojackpot\/","url":"https:\/\/jackpotlotteryonline.com\/buy-tickets\/eurojackpot\/","name":"Avrupa d\u0131\u015f\u0131ndan Eurojackpot biletleri sat\u0131n al\u0131n | Online bilet al\u0131n","isPartOf":{"@id":"https:\/\/jackpotlotteryonline.com\/#website"},"primaryImageOfPage":{"@id":"https:\/\/jackpotlotteryonline.com\/buy-tickets\/eurojackpot\/#primaryimage"},"image":{"@id":"https:\/\/jackpotlotteryonline.com\/buy-tickets\/eurojackpot\/#primaryimage"},"thumbnailUrl":"https:\/\/jackpotlotteryonline.com\/wp-content\/uploads\/2022\/11\/1_buy_eurojackpot_ticket-300x99.jpg","datePublished":"2022-11-07T11:04:58+00:00","dateModified":"2023-01-03T20:16:53+00:00","description":"Baz\u0131 Avrupa \u00fclkelerinde Eurojackpot biletlerini ma\u011fazadan sat\u0131n alabilirsiniz. Ancak burada Avrupa d\u0131\u015f\u0131ndan bile bilet alabilirsiniz","breadcrumb":{"@id":"https:\/\/jackpotlotteryonline.com\/buy-tickets\/eurojackpot\/#breadcrumb"},"inLanguage":"tr","potentialAction":[{"@type":"ReadAction","target":["https:\/\/jackpotlotteryonline.com\/buy-tickets\/eurojackpot\/"]}]},{"@type":"ImageObject","inLanguage":"tr","@id":"https:\/\/jackpotlotteryonline.com\/buy-tickets\/eurojackpot\/#primaryimage","url":"https:\/\/jackpotlotteryonline.com\/wp-content\/uploads\/2022\/11\/1_buy_eurojackpot_ticket-300x99.jpg","contentUrl":"https:\/\/jackpotlotteryonline.com\/wp-content\/uploads\/2022\/11\/1_buy_eurojackpot_ticket-300x99.jpg"},{"@type":"BreadcrumbList","@id":"https:\/\/jackpotlotteryonline.com\/buy-tickets\/eurojackpot\/#breadcrumb","itemListElement":[{"@type":"ListItem","position":1,"name":"Home","item":"https:\/\/jackpotlotteryonline.com\/tr\/"},{"@type":"ListItem","position":2,"name":"\u0130nternetten Piyango Bileti Nas\u0131l Al\u0131n\u0131r","item":"https:\/\/jackpotlotteryonline.com\/tr\/bilet-satin-al\/"},{"@type":"ListItem","position":3,"name":"Kat\u0131l\u0131mc\u0131 \u00fclkeler d\u0131\u015f\u0131ndan Eurojackpot i\u00e7in bilet sat\u0131n al\u0131n"}]},{"@type":"WebSite","@id":"https:\/\/jackpotlotteryonline.com\/#website","url":"https:\/\/jackpotlotteryonline.com\/","name":"Lotto Online - Crack The International Lottery Jackpots","description":"","potentialAction":[{"@type":"SearchAction","target":{"@type":"EntryPoint","urlTemplate":"https:\/\/jackpotlotteryonline.com\/?s={search_term_string}"},"query-input":"required name=search_term_string"}],"inLanguage":"tr"}]}},"_links":{"self":[{"href":"https:\/\/jackpotlotteryonline.com\/tr\/wp-json\/wp\/v2\/pages\/36545","targetHints":{"allow":["GET"]}}],"collection":[{"href":"https:\/\/jackpotlotteryonline.com\/tr\/wp-json\/wp\/v2\/pages"}],"about":[{"href":"https:\/\/jackpotlotteryonline.com\/tr\/wp-json\/wp\/v2\/types\/page"}],"author":[{"embeddable":true,"href":"https:\/\/jackpotlotteryonline.com\/tr\/wp-json\/wp\/v2\/users\/1"}],"replies":[{"embeddable":true,"href":"https:\/\/jackpotlotteryonline.com\/tr\/wp-json\/wp\/v2\/comments?post=36545"}],"version-history":[{"count":0,"href":"https:\/\/jackpotlotteryonline.com\/tr\/wp-json\/wp\/v2\/pages\/36545\/revisions"}],"up":[{"embeddable":true,"href":"https:\/\/jackpotlotteryonline.com\/tr\/wp-json\/wp\/v2\/pages\/35786"}],"wp:attachment":[{"href":"https:\/\/jackpotlotteryonline.com\/tr\/wp-json\/wp\/v2\/media?parent=36545"}],"curies":[{"name":"wp","href":"https:\/\/api.w.org\/{rel}","templated":true}]}}