{"id":36599,"date":"2022-11-08T07:03:27","date_gmt":"2022-11-08T07:03:27","guid":{"rendered":"https:\/\/jackpotlotteryonline.com\/?page_id=36599"},"modified":"2023-01-03T20:33:36","modified_gmt":"2023-01-03T20:33:36","slug":"superenalotto","status":"publish","type":"page","link":"https:\/\/jackpotlotteryonline.com\/tr\/bilet-satin-al\/superenalotto\/","title":{"rendered":"Superenalotto biletleri sat\u0131n al\u0131n"},"content":{"rendered":"<h2>Neden Superenalotto?<\/h2>\n<p>Superenalotto biletlerini \u0130talya d\u0131\u015f\u0131ndan nas\u0131l sat\u0131n alabilece\u011finizi merak ediyor musunuz? Superenalotto, Avrupa k\u0131tas\u0131ndaki en pop\u00fcler piyangolardan biridir. \u015ea\u015f\u0131rt\u0131c\u0131 olmayan bir \u015fekilde, d\u00fcnyan\u0131n d\u00f6rt bir yan\u0131ndaki oyuncular d\u00fczenli olarak piyangoya bahis oynamaktad\u0131r.<\/p>\n<p>Jackpotlotteryonline.com&#8217;da oyunculara Superenalotto gibi en iyi uluslararas\u0131 piyangolara eri\u015fim sa\u011fl\u0131yoruz. Bilet sat\u0131n alman\u0131z\u0131, \u00e7ekili\u015f sonu\u00e7lar\u0131n\u0131 kontrol etmenizi ve kazan\u00e7lar\u0131n\u0131za eri\u015fmenizi m\u00fcmk\u00fcn k\u0131l\u0131yoruz.<\/p>\n<p>K\u00fcresel piyangolar\u0131n \u00e7o\u011falmas\u0131yla birlikte, bir oyuncu neden Superenalotto&#8217;ya bahis oynamay\u0131 se\u00e7er? Superenalotto&#8217;nun bahis\u00e7iler aras\u0131nda h\u0131zla tercih edilen piyango haline gelmesinin baz\u0131 nedenlerine de\u011finece\u011fiz. Bahsinizi oynamak i\u00e7in acele ediyorsan\u0131z, Superenalotto&#8217;da b\u00fcy\u00fck kazanma \u015fans\u0131 i\u00e7in \u015fimdi bizi ziyaret edebilirsiniz.<\/p>\n<h2>Superenalotto&#8217;da inan\u0131lmaz ikramiyeler var<\/h2>\n<p>Oyuncular\u0131n \u0130talya&#8217;n\u0131n Superenalotto&#8217;sunu sevmelerinin bir numaral\u0131 nedeni muhtemelen inan\u0131lmaz jackpot \u00f6d\u00fcl\u00fcd\u00fcr. \u0130lgin\u00e7 bir \u015fekilde, b\u00fcy\u00fck ikramiye minimum 2 milyon \u20ac ile ba\u015flamaktad\u0131r. Bir\u00e7ok piyangonun bu miktar\u0131 sundu\u011funu d\u00fc\u015f\u00fcnd\u00fc\u011f\u00fcn\u00fczde bu etkileyici bir rakam gibi g\u00f6r\u00fcnm\u00fcyor.<\/p>\n<p>Yine de sat\u0131\u015f noktas\u0131, Superenalotto ikramiyesinde bir s\u0131n\u0131r olmamas\u0131d\u0131r. Bir \u00e7ekili\u015ften sonra kazanan olmazsa, ikramiye devrediyor ve her \u00e7ekili\u015ften sonra bir kazanan \u00e7\u0131kana kadar devretmeye devam ediyor. Bunu daha da ileri g\u00f6t\u00fcrmek i\u00e7in, Superenalotto piyangosunun<a href=\"https:\/\/jackpotlotteryonline.com\/tr\/kazanan-sayilar\/superenalotto\"> haftada \u00fc\u00e7 \u00e7ekili\u015fi vard\u0131r.<\/a> B\u00fcy\u00fck ikramiyenin ka\u00e7 kez devredebilece\u011fine dair neredeyse hi\u00e7bir s\u0131n\u0131r yoktur.<\/p>\n<p>Asl\u0131nda, b\u00fcy\u00fck ikramiye birka\u00e7 y\u0131l \u00f6nce o kadar \u00e7ok devretti ki, rekor ikramiye 2019&#8217;da 209,1 milyon Avro oldu.<\/p>\n<h2>Haftada \u00fc\u00e7 \u00e7ekili\u015ften bahsetmi\u015f miydik?<\/h2>\n<p>Superenalotto oynad\u0131\u011f\u0131n\u0131zda, her hafta b\u00fcy\u00fck kazanmak i\u00e7in \u00fc\u00e7 \u015fans\u0131n\u0131z olur. Bunun nedeni, Superenalotto piyangosunun \u00e7ekili\u015flerini Sal\u0131, Per\u015fembe ve Cumartesi g\u00fcnleri olmak \u00fczere haftada \u00fc\u00e7 kez d\u00fczenlemesidir.<\/p>\n<p>Bu, kazanan olmamas\u0131 durumunda ikramiye miktar\u0131n\u0131n daha h\u0131zl\u0131 artaca\u011f\u0131 anlam\u0131na gelir. Superenalotto ikramiyesi sadece bir hafta i\u00e7inde \u00fc\u00e7 kat\u0131na \u00e7\u0131km\u0131\u015f olabilir. Bu, bahis\u00e7ilerin bahislerini oynamak i\u00e7in acele etmelerini sa\u011flamak i\u00e7in yeterlidir.<\/p>\n<p>Bir sonraki \u00e7ekili\u015fi kaybetmek istemiyor musunuz? Neden jackpotlotteryonline.com adresine gidip Superenalotto i\u00e7in bahsinizi \u015fimdi oynam\u0131yorsunuz? \u015eans\u0131n ne zaman sizden yana olaca\u011f\u0131n\u0131 asla bilemezsiniz.<\/p>\n<h2>En iyi 5 Superenalotto kazanan\u0131<\/h2>\n<p><img loading=\"lazy\" decoding=\"async\" class=\"alignright size-full wp-image-31316\" src=\"https:\/\/jackpotlotteryonline.com\/wp-content\/uploads\/2022\/11\/logo_superenalotto.png\" alt=\"Superenalotto piyango topu\" width=\"200\" height=\"212\" \/><\/p>\n<p>Superenalotto piyangosuna bahis oynamak isteyip istemedi\u011finizden hala emin de\u011fil misiniz? Hi\u00e7 sorun de\u011fil. \u00d6nceki kazananlar\u0131n eve g\u00f6t\u00fcrd\u00fc\u011f\u00fc a\u011f\u0131z suland\u0131ran miktarlar\u0131 okudu\u011funuzda te\u015fvik edileceksiniz.<\/p>\n<p>En b\u00fcy\u00fck ikramiye 2019 y\u0131l\u0131nda bir piyango sendikas\u0131 taraf\u0131ndan kazan\u0131ld\u0131 ve miktar\u0131 209,1 milyon \u20ac idi. Bundan daha \u00f6nce k\u0131saca bahsetmi\u015ftik, ancak bahsetmedi\u011fimiz ba\u015fka bir \u015fey daha var. Bu ikramiye tek bir bilet sahibi taraf\u0131ndan kazan\u0131ld\u0131. Eve iki y\u00fcz milyon Euro&#8217;nun \u00fczerinde bir parayla d\u00f6nmeyi hayal edebiliyor musunuz?<\/p>\n<p>\u0130kinci en b\u00fcy\u00fck ikramiye 2010 y\u0131l\u0131nda bir piyango sendikas\u0131 taraf\u0131ndan kazan\u0131ld\u0131 ve miktar\u0131 177.7 milyon Avro idi. Bunu 2016 y\u0131l\u0131nda tek bir biletle kazan\u0131lan 163,5 milyon Avroluk ikramiye takip etmektedir. Bir sonraki en b\u00fcy\u00fck ikramiye 2009 y\u0131l\u0131nda ba\u015fka bir tek bilet sahibi taraf\u0131ndan kazan\u0131lm\u0131\u015f ve 147.8 milyon Avro olmu\u015ftur. Son olarak, 2010 y\u0131l\u0131nda iki bilet 139 milyon Avroluk ikramiye \u00f6d\u00fcl\u00fcn\u00fc payla\u015fm\u0131\u015ft\u0131r.<\/p>\n<h2>Superenalotto nas\u0131l oynan\u0131r<\/h2>\n<p><a href=\"https:\/\/jackpotlotteryonline.com\/tr\/nasil-oynanir\/superenalotto\">Superenalotto oynamak i\u00e7in<\/a> 1 ile 90 aras\u0131nda alt\u0131 ana say\u0131 se\u00e7in. Piyangoyu kazanma \u015fans\u0131n\u0131z\u0131 art\u0131rmak i\u00e7in birden fazla say\u0131 sat\u0131r\u0131 se\u00e7ebilirsiniz. Ard\u0131ndan, girmek istedi\u011finiz \u00e7ekili\u015f say\u0131s\u0131n\u0131 se\u00e7in. \u0130sterseniz \u00f6n\u00fcm\u00fczdeki 5 hafta boyunca her hafta her \u00e7ekili\u015fe girmeye karar verebilirsiniz. Ne kadar \u00e7ok \u00e7ekili\u015fe kat\u0131l\u0131rsan\u0131z, \u00f6d\u00fcl kazanma \u015fans\u0131n\u0131z o kadar y\u00fcksek olur.<\/p>\n<p>Ayr\u0131ca, SuperStar olarak bilinen ve kazanma \u015fans\u0131n\u0131z\u0131 art\u0131rmaya yard\u0131mc\u0131 olan bir se\u00e7enek de vard\u0131r. Ayr\u0131ca 1&#8217;den 90&#8217;a kadar se\u00e7ilen &#8220;Jolly numaras\u0131&#8221; da sat\u0131n alabilirsiniz. Jolly say\u0131s\u0131 ikramiyeyi etkilemez ancak ikinci \u00f6d\u00fcl kategorisinin kazanan\u0131n\u0131 belirlemede kullan\u0131l\u0131r.<\/p>\n<p>Numaralar\u0131n\u0131z\u0131 se\u00e7tikten sonra biletiniz i\u00e7in \u00f6deme yap\u0131n ve \u00e7ekili\u015fleri bekleyin. Bize kay\u0131t oldu\u011funuzda, daha sorunsuz bir deneyim i\u00e7in s\u00fcreci otomatikle\u015ftiriyoruz. \u0130\u015flemin stresini ortadan kald\u0131r\u0131yoruz, b\u00f6ylece hi\u00e7bir g\u00fc\u00e7l\u00fckle kar\u015f\u0131la\u015fmadan e\u011flencenin tad\u0131n\u0131 \u00e7\u0131karabilirsiniz.<\/p>\n<section class=\"layout\" style=\"border: solid 1px; width: 100%;\">\n<div class=\"img-div\" style=\"margin-top: 5px;\"><img decoding=\"async\" class=\"wp-image-17212 alignleft\" style=\"height: 45px; margin: 8px 8px 0px;\" src=\"https:\/\/jackpotlotteryonline.com\/wp-content\/uploads\/2022\/11\/read1.jpg\" alt=\"okuyun\" width=\"\" height=\"\" \/><\/div>\n<div style=\"padding-left: 5px;\">\n<div style=\"font-size: 1.1em;\">\n<p><strong>Kazanan loto numaralar\u0131n\u0131 manuel olarak veya bir RNG kullanarak se\u00e7in<\/strong><\/p>\n<p style=\"font-size: 0.85em; margin-top: -1.5em;\">Kazanan loto numaralar\u0131 nas\u0131l olu\u015fturulur? \u00a0<a href=\"https:\/\/jackpotlotteryonline.com\/tr\/kazanan-loto-numaralari-nasil-olusturulur\">daha fazla oku<\/a><\/p>\n<\/div>\n<\/div>\n<\/section>\n<h2>Superenalotto&#8217;yu kazanma ihtimali nedir?<\/h2>\n<p>Genel olarak, piyangonun oyuncular i\u00e7in b\u00fcy\u00fck oranlara sahip oldu\u011fu bilinmemektedir. Ger\u00e7ek \u015fu ki, kazanma \u015fans\u0131 \u00e7ok y\u00fcksek de\u011fildir. \u0130lgin\u00e7 bir \u015fekilde, bu durum piyango oynamay\u0131 \u00e7ok daha heyecanl\u0131 hale getirir. \u00c7\u00fcnk\u00fc olas\u0131l\u0131klar sizin lehinize de\u011filmi\u015f gibi g\u00f6r\u00fcnd\u00fc\u011f\u00fcnde kazanmak oyunculara y\u00fcksek bir keyif verir. Ayr\u0131ca \u015fans\u0131n sizden yana oldu\u011funu bilmenin harika bir yoludur.<\/p>\n<p>Superenalotto ikramiyesini kazanma olas\u0131l\u0131\u011f\u0131 622.614.630&#8217;da 1&#8217;dir. Ancak, 6 \u00f6d\u00fcl kategorisi ve 25 \u20ac de\u011ferinde bir An\u0131nda kazanma kategorisi bulunmaktad\u0131r. Bunlar\u0131 g\u00f6z \u00f6n\u00fcnde bulundurdu\u011funuzda, herhangi bir \u00f6d\u00fcl\u00fc kazanma olas\u0131l\u0131\u011f\u0131 16&#8217;da 1&#8217;dir.<\/p>\n<p>Herhangi bir bahis\u00e7i, bunlar\u0131n oyuncunun lehine olan inan\u0131lmaz oranlar oldu\u011funu kabul edecektir.<\/p>\n<h2>Superenalotto \u00f6d\u00fcl kategorileri<\/h2>\n<p><img loading=\"lazy\" decoding=\"async\" class=\"size-medium wp-image-35376 alignright\" src=\"https:\/\/jackpotlotteryonline.com\/wp-content\/uploads\/2022\/11\/2_ticket_superenalotto4-1-211x300.jpg\" alt=\"Superenalotto \u00f6d\u00fcl bileti\" width=\"211\" height=\"300\" srcset=\"https:\/\/jackpotlotteryonline.com\/wp-content\/uploads\/2022\/11\/2_ticket_superenalotto4-1-211x300.jpg 211w, https:\/\/jackpotlotteryonline.com\/wp-content\/uploads\/2022\/11\/2_ticket_superenalotto4-1.jpg 300w\" sizes=\"auto, (max-width: 211px) 100vw, 211px\" \/><\/p>\n<p>\u00c7ekili\u015fler s\u0131ras\u0131nda, 1&#8217;den 90&#8217;a kadar say\u0131lar i\u00e7eren toplar\u0131n bulundu\u011fu bir tamburdan rastgele alt\u0131 say\u0131 se\u00e7ilir. \u00c7ekilen say\u0131larla e\u015fle\u015fen herhangi bir bilet b\u00fcy\u00fck ikramiyeyi kazan\u0131r.<\/p>\n<p>Superenalotto b\u00fcy\u00fck ikramiye \u00f6d\u00fcl\u00fc 2 milyon Avro&#8217;dan ba\u015flar ancak devretti\u011fi i\u00e7in genellikle bundan \u00e7ok daha y\u00fcksek olur. Di\u011fer \u00f6d\u00fcl kategorileri, mevcut fonlar\u0131n y\u00fczdesine g\u00f6re belirlenir. Dolay\u0131s\u0131yla, her \u00e7ekili\u015fte ne kadar da\u011f\u0131t\u0131laca\u011f\u0131 m\u00fcmk\u00fcn de\u011fildir.<\/p>\n<p>6 say\u0131 &#8211; b\u00fcy\u00fck ikramiye (toplam fonun %17,4&#8217;\u00fc)<br \/>\n5 + Ne\u015feli Say\u0131 &#8211; %13<br \/>\n5 numara &#8211; %4,2<br \/>\n4 numara &#8211; %4,2<br \/>\n3 numara &#8211; %12,8<br \/>\n2 numara &#8211; %40<\/p>\n<p><strong>Daha iyi bir bak\u0131\u015f a\u00e7\u0131s\u0131 elde etmek i\u00e7in, \u00e7ekili\u015f ba\u015f\u0131na ortalama tutar\u0131 burada bulabilirsiniz.<\/strong><\/p>\n<p>6 say\u0131 &#8211; 92.056.091,66 \u20ac<br \/>\n5 + Jolly say\u0131s\u0131 &#8211; 594.951,95 \u20ac<br \/>\n5 say\u0131 &#8211; 49,736.38 \u20ac<br \/>\n4 say\u0131 &#8211; 354,83 \u20ac<br \/>\n3 numara &#8211; \u20ac27.15<br \/>\n2 say\u0131 &#8211; 5,48 \u20ac<\/p>\n<h2>Superenalotto&#8217;yu internette oynay\u0131n<\/h2>\n<p>Superenalotto bir \u0130talyan piyangosudur ve giri\u015fler sadece \u0130talya&#8217;da sat\u0131lmaktad\u0131r. Bu nedenle, \u0130talya d\u0131\u015f\u0131nda ya\u015f\u0131yorsan\u0131z Superenalotto&#8217;ya eri\u015fmenin tek yolu \u00e7evrimi\u00e7i bir giri\u015f sat\u0131n almak olacakt\u0131r. Bunu jackpotlotteryonline.com gibi bir internet piyango sat\u0131c\u0131s\u0131ndan yapabilirsiniz.<\/p>\n<h2>Superenalotto giri\u015flerini \u00e7evrimi\u00e7i sat\u0131n alman\u0131n faydalar\u0131<\/h2>\n<ul>\n<li>Piyangoya h\u0131zl\u0131 ve an\u0131nda eri\u015fim elde edersiniz<\/li>\n<li>Evinizin konforundan ayr\u0131lman\u0131za gerek olmad\u0131\u011f\u0131 i\u00e7in \u00e7ok kullan\u0131\u015fl\u0131d\u0131r<\/li>\n<li>Ayr\u0131ca biletiniz dijital olarak sakland\u0131\u011f\u0131 i\u00e7in daha g\u00fcvenlidir. Bu \u00f6nemlidir \u00e7\u00fcnk\u00fc kazanc\u0131n\u0131z\u0131 talep etmenin tek yolu budur.<\/li>\n<li>Kazanc\u0131n\u0131z\u0131 ka\u00e7\u0131rman\u0131za gerek yok \u00e7\u00fcnk\u00fc herhangi bir \u00f6d\u00fcl kazand\u0131\u011f\u0131n\u0131zda sizi hemen uyaraca\u011f\u0131z<\/li>\n<li>Herhangi bir yere gitmeden herhangi bir kazanc\u0131 \u00e7evrimi\u00e7i olarak kolayca \u00e7ekebilirsiniz<\/li>\n<\/ul>\n<h2>Superenalotto oynamak i\u00e7in bize kaydolun<\/h2>\n<p>\u0130talya d\u0131\u015f\u0131nda ya\u015f\u0131yorsan\u0131z ve Superenalotto piyangosuna eri\u015fim sat\u0131n almak istiyorsan\u0131z, bunu bize kaydolarak yapabilirsiniz. Superenalotto da dahil olmak \u00fczere en iyi uluslararas\u0131 piyangolara an\u0131nda eri\u015fmenizi sa\u011flayan bir konsiyerj hizmeti sunuyoruz.<\/p>\n<p>Amac\u0131m\u0131z, piyango deneyimini m\u00fc\u015fterilerimiz i\u00e7in keyifli bir deneyim haline getirmektir. Basit \u015feylerin stresini ortadan kald\u0131r\u0131yoruz ve size bahislerinizi oynaman\u0131n keyfini \u00e7\u0131karman\u0131z\u0131 b\u0131rak\u0131yoruz. Superenalotto&#8217;da b\u00fcy\u00fck kazanma \u015fans\u0131 i\u00e7in piyango biletlerinizi \u015fimdi bizimle sat\u0131n al\u0131n.<\/p>\n","protected":false},"excerpt":{"rendered":"<p>Neden Superenalotto? Superenalotto biletlerini \u0130talya d\u0131\u015f\u0131ndan nas\u0131l sat\u0131n alabilece\u011finizi merak ediyor musunuz? Superenalotto, Avrupa k\u0131tas\u0131ndaki en pop\u00fcler piyangolardan biridir. \u015ea\u015f\u0131rt\u0131c\u0131 olmayan bir \u015fekilde, d\u00fcnyan\u0131n d\u00f6rt bir yan\u0131ndaki oyuncular d\u00fczenli olarak piyangoya bahis oynamaktad\u0131r. Jackpotlotteryonline.com&#8217;da oyunculara Superenalotto gibi en iyi uluslararas\u0131 piyangolara eri\u015fim sa\u011fl\u0131yoruz. Bilet sat\u0131n alman\u0131z\u0131, \u00e7ekili\u015f sonu\u00e7lar\u0131n\u0131 kontrol etmenizi ve kazan\u00e7lar\u0131n\u0131za eri\u015fmenizi m\u00fcmk\u00fcn k\u0131l\u0131yoruz. [&hellip;]<\/p>\n","protected":false},"author":1,"featured_media":0,"parent":35786,"menu_order":5,"comment_status":"closed","ping_status":"closed","template":"superenalotto.php","meta":{"_et_pb_use_builder":"","_et_pb_old_content":"","_et_gb_content_width":"","exclude_from_search":false,"footnotes":""},"class_list":["post-36599","page","type-page","status-publish","hentry"],"yoast_head":"<!-- This site is optimized with the Yoast SEO plugin v23.3 - https:\/\/yoast.com\/wordpress\/plugins\/seo\/ -->\n<title>\u0130talya d\u0131\u015f\u0131ndan Superenalotto biletleri sat\u0131n al\u0131n | Online bilet al\u0131n<\/title>\n<meta name=\"description\" content=\"\u0130talya&#039;da ya\u015fam\u0131yor ama Superenalotto&#039;ya kat\u0131lmak m\u0131 istiyorsunuz? Superenalotto i\u00e7in online biletinizi bizim arac\u0131l\u0131\u011f\u0131m\u0131zla al\u0131n\" \/>\n<meta name=\"robots\" content=\"index, follow, max-snippet:-1, max-image-preview:large, max-video-preview:-1\" \/>\n<link rel=\"canonical\" href=\"https:\/\/jackpotlotteryonline.com\/buy-tickets\/superenalotto\/\" \/>\n<meta property=\"og:locale\" content=\"tr_TR\" \/>\n<meta property=\"og:type\" content=\"article\" \/>\n<meta property=\"og:title\" content=\"\u0130talya d\u0131\u015f\u0131ndan Superenalotto biletleri sat\u0131n al\u0131n | Online bilet al\u0131n\" \/>\n<meta property=\"og:description\" content=\"\u0130talya&#039;da ya\u015fam\u0131yor ama Superenalotto&#039;ya kat\u0131lmak m\u0131 istiyorsunuz? Superenalotto i\u00e7in online biletinizi bizim arac\u0131l\u0131\u011f\u0131m\u0131zla al\u0131n\" \/>\n<meta property=\"og:url\" content=\"https:\/\/jackpotlotteryonline.com\/buy-tickets\/superenalotto\/\" \/>\n<meta property=\"og:site_name\" content=\"Lotto Online - Crack The International Lottery Jackpots\" \/>\n<meta property=\"article:modified_time\" content=\"2023-01-03T20:33:36+00:00\" \/>\n<meta property=\"og:image\" content=\"https:\/\/jackpotlotteryonline.com\/wp-content\/uploads\/2022\/11\/logo_superenalotto.png\" \/>\n<meta name=\"twitter:card\" content=\"summary_large_image\" \/>\n<meta name=\"twitter:label1\" content=\"Tahmini okuma s\u00fcresi\" \/>\n\t<meta name=\"twitter:data1\" content=\"5 dakika\" \/>\n<!-- \/ Yoast SEO plugin. -->","yoast_head_json":{"title":"\u0130talya d\u0131\u015f\u0131ndan Superenalotto biletleri sat\u0131n al\u0131n | Online bilet al\u0131n","description":"\u0130talya'da ya\u015fam\u0131yor ama Superenalotto'ya kat\u0131lmak m\u0131 istiyorsunuz? Superenalotto i\u00e7in online biletinizi bizim arac\u0131l\u0131\u011f\u0131m\u0131zla al\u0131n","robots":{"index":"index","follow":"follow","max-snippet":"max-snippet:-1","max-image-preview":"max-image-preview:large","max-video-preview":"max-video-preview:-1"},"canonical":"https:\/\/jackpotlotteryonline.com\/buy-tickets\/superenalotto\/","og_locale":"tr_TR","og_type":"article","og_title":"\u0130talya d\u0131\u015f\u0131ndan Superenalotto biletleri sat\u0131n al\u0131n | Online bilet al\u0131n","og_description":"\u0130talya'da ya\u015fam\u0131yor ama Superenalotto'ya kat\u0131lmak m\u0131 istiyorsunuz? Superenalotto i\u00e7in online biletinizi bizim arac\u0131l\u0131\u011f\u0131m\u0131zla al\u0131n","og_url":"https:\/\/jackpotlotteryonline.com\/buy-tickets\/superenalotto\/","og_site_name":"Lotto Online - Crack The International Lottery Jackpots","article_modified_time":"2023-01-03T20:33:36+00:00","og_image":[{"url":"https:\/\/jackpotlotteryonline.com\/wp-content\/uploads\/2022\/11\/logo_superenalotto.png"}],"twitter_card":"summary_large_image","twitter_misc":{"Tahmini okuma s\u00fcresi":"5 dakika"},"schema":{"@context":"https:\/\/schema.org","@graph":[{"@type":"WebPage","@id":"https:\/\/jackpotlotteryonline.com\/buy-tickets\/superenalotto\/","url":"https:\/\/jackpotlotteryonline.com\/buy-tickets\/superenalotto\/","name":"\u0130talya d\u0131\u015f\u0131ndan Superenalotto biletleri sat\u0131n al\u0131n | Online bilet al\u0131n","isPartOf":{"@id":"https:\/\/jackpotlotteryonline.com\/#website"},"primaryImageOfPage":{"@id":"https:\/\/jackpotlotteryonline.com\/buy-tickets\/superenalotto\/#primaryimage"},"image":{"@id":"https:\/\/jackpotlotteryonline.com\/buy-tickets\/superenalotto\/#primaryimage"},"thumbnailUrl":"https:\/\/jackpotlotteryonline.com\/wp-content\/uploads\/2022\/11\/logo_superenalotto.png","datePublished":"2022-11-08T07:03:27+00:00","dateModified":"2023-01-03T20:33:36+00:00","description":"\u0130talya'da ya\u015fam\u0131yor ama Superenalotto'ya kat\u0131lmak m\u0131 istiyorsunuz? Superenalotto i\u00e7in online biletinizi bizim arac\u0131l\u0131\u011f\u0131m\u0131zla al\u0131n","breadcrumb":{"@id":"https:\/\/jackpotlotteryonline.com\/buy-tickets\/superenalotto\/#breadcrumb"},"inLanguage":"tr","potentialAction":[{"@type":"ReadAction","target":["https:\/\/jackpotlotteryonline.com\/buy-tickets\/superenalotto\/"]}]},{"@type":"ImageObject","inLanguage":"tr","@id":"https:\/\/jackpotlotteryonline.com\/buy-tickets\/superenalotto\/#primaryimage","url":"https:\/\/jackpotlotteryonline.com\/wp-content\/uploads\/2022\/11\/logo_superenalotto.png","contentUrl":"https:\/\/jackpotlotteryonline.com\/wp-content\/uploads\/2022\/11\/logo_superenalotto.png"},{"@type":"BreadcrumbList","@id":"https:\/\/jackpotlotteryonline.com\/buy-tickets\/superenalotto\/#breadcrumb","itemListElement":[{"@type":"ListItem","position":1,"name":"Home","item":"https:\/\/jackpotlotteryonline.com\/tr\/"},{"@type":"ListItem","position":2,"name":"\u0130nternetten Piyango Bileti Nas\u0131l Al\u0131n\u0131r","item":"https:\/\/jackpotlotteryonline.com\/tr\/bilet-satin-al\/"},{"@type":"ListItem","position":3,"name":"Superenalotto biletleri sat\u0131n al\u0131n"}]},{"@type":"WebSite","@id":"https:\/\/jackpotlotteryonline.com\/#website","url":"https:\/\/jackpotlotteryonline.com\/","name":"Lotto Online - Crack The International Lottery Jackpots","description":"","potentialAction":[{"@type":"SearchAction","target":{"@type":"EntryPoint","urlTemplate":"https:\/\/jackpotlotteryonline.com\/?s={search_term_string}"},"query-input":"required name=search_term_string"}],"inLanguage":"tr"}]}},"_links":{"self":[{"href":"https:\/\/jackpotlotteryonline.com\/tr\/wp-json\/wp\/v2\/pages\/36599","targetHints":{"allow":["GET"]}}],"collection":[{"href":"https:\/\/jackpotlotteryonline.com\/tr\/wp-json\/wp\/v2\/pages"}],"about":[{"href":"https:\/\/jackpotlotteryonline.com\/tr\/wp-json\/wp\/v2\/types\/page"}],"author":[{"embeddable":true,"href":"https:\/\/jackpotlotteryonline.com\/tr\/wp-json\/wp\/v2\/users\/1"}],"replies":[{"embeddable":true,"href":"https:\/\/jackpotlotteryonline.com\/tr\/wp-json\/wp\/v2\/comments?post=36599"}],"version-history":[{"count":0,"href":"https:\/\/jackpotlotteryonline.com\/tr\/wp-json\/wp\/v2\/pages\/36599\/revisions"}],"up":[{"embeddable":true,"href":"https:\/\/jackpotlotteryonline.com\/tr\/wp-json\/wp\/v2\/pages\/35786"}],"wp:attachment":[{"href":"https:\/\/jackpotlotteryonline.com\/tr\/wp-json\/wp\/v2\/media?parent=36599"}],"curies":[{"name":"wp","href":"https:\/\/api.w.org\/{rel}","templated":true}]}}