{"id":36651,"date":"2022-11-08T08:42:10","date_gmt":"2022-11-08T08:42:10","guid":{"rendered":"https:\/\/jackpotlotteryonline.com\/?page_id=36651"},"modified":"2023-01-03T20:50:00","modified_gmt":"2023-01-03T20:50:00","slug":"el-gordo","status":"publish","type":"page","link":"https:\/\/jackpotlotteryonline.com\/tr\/bilet-satin-al\/el-gordo\/","title":{"rendered":"El Gordo biletleri sat\u0131n al\u0131n"},"content":{"rendered":"<h2>\u0130nan\u0131lmaz \u0130spanyol Piyangosu<\/h2>\n<p>El Gordo yakla\u015f\u0131yor ve herkes \u0130spanya&#8217;da ya\u015fayacak ya da \u0130spanya&#8217;ya seyahat edecek kadar \u015fansl\u0131 de\u011fil. Yine de, her yerdeki bahis\u00e7iler bu piyangoya e\u015flik eden e\u011flence ve \u015fenliklere kat\u0131lma d\u00fc\u015f\u00fcncesiyle heyecanlan\u0131yor. \u00dclke d\u0131\u015f\u0131nda ya\u015fayan oyuncular da bu piyangoya kat\u0131labilir ve size bunu nas\u0131l yapaca\u011f\u0131n\u0131z\u0131 g\u00f6sterece\u011fiz.<\/p>\n<p>E\u011fer<a href=\"https:\/\/jackpotlotteryonline.com\/tr\/nasil-oynanir\/el-gordo\"> piyango oynama<\/a> konusunda yeniyseniz, bunun bir \u0130spanyol piyangosu oldu\u011funu bilmek ilginizi \u00e7ekebilir. B\u00fcy\u00fck ikramiyesi nedeniyle &#8220;\u015ei\u015fman Olan&#8221; anlam\u0131na gelen El Gordo olarak adland\u0131r\u0131l\u0131r. D\u00fcnyan\u0131n en b\u00fcy\u00fck ikramiyesi oldu\u011fu s\u00f6ylenmektedir.<\/p>\n<p>Peki, \u0130spanya&#8217;da ya\u015fam\u0131yor olsan\u0131z bile nas\u0131l bir par\u00e7a kazanabilirsiniz? Okumaya devam edin, size her \u015feyi anlataca\u011f\u0131z.<\/p>\n<h2>\u0130spanya d\u0131\u015f\u0131ndan El Gordo biletleri nas\u0131l sat\u0131n al\u0131n\u0131r<\/h2>\n<p><img loading=\"lazy\" decoding=\"async\" class=\"size-full wp-image-17870 alignright\" src=\"https:\/\/jackpotlotteryonline.com\/wp-content\/uploads\/2022\/10\/lotto_euros.jpg\" alt=\"El Gordo biletini online sat\u0131n al\u0131n\" width=\"225\" height=\"134\" \/><\/p>\n<p>El Gordo piyangosuna bilet alman\u0131n en kolay yolu internet \u00fczerinden jackpotlotteryonline.com gibi bir online piyango sat\u0131c\u0131s\u0131ndan bilet almakt\u0131r. En iyi uluslararas\u0131 piyangolar\u0131 oynamay\u0131 zahmetsiz bir deneyim haline getiren kusursuz bir hizmet sunuyoruz. Bize kaydoldu\u011funuzda, ihtiya\u00e7lar\u0131n\u0131za g\u00f6re uyarlanm\u0131\u015f \u0131smarlama bir platform elde edersiniz.<\/p>\n<p>M\u00fc\u015fterilerimizin piyango oynaman\u0131n verdi\u011fi keyfi ya\u015famalar\u0131n\u0131 sa\u011flamak istiyoruz. El Gordo&#8217;ya kat\u0131ld\u0131\u011f\u0131n\u0131zda, tarihin ve gelene\u011fin bir par\u00e7as\u0131 olursunuz. Bu \u0130spanyol piyangosu ayn\u0131 zamanda Noel piyangosu olarak da bilinir ve sezon onsuz ayn\u0131 de\u011fildir.<\/p>\n<p>\u0130spanyol Noel piyangosuna kat\u0131lmak, e\u011fer ilk kez kat\u0131l\u0131yorsan\u0131z biraz kafa kar\u0131\u015ft\u0131r\u0131c\u0131 olabilir. Di\u011fer piyangolar\u0131n aksine, numaralar\u0131n\u0131z\u0131 siz se\u00e7emezsiniz. Her fi\u015fin \u00fczerinde zaten bas\u0131l\u0131 numaralar vard\u0131r. Kar\u0131\u015f\u0131kl\u0131\u011f\u0131 artt\u0131rmak i\u00e7in, El Gordo piyangosunda 100.000 say\u0131 vard\u0131r. Jackpotlotteryonline.com&#8217;da size her ad\u0131mda rehberlik ediyoruz.<\/p>\n<h2>El Gordo&#8217;ya neden kat\u0131lmal\u0131s\u0131n\u0131z?<\/h2>\n<p>T\u00fcm d\u00fcnyadaki oyuncular\u0131n El Gordo&#8217;yu sevmesinin birka\u00e7 nedeni var. Tarih ve geleneklerle dolu oldu\u011fu ger\u00e7e\u011finden bahsetmi\u015ftik. Piyango ilk \u00e7ekili\u015fini 1812 y\u0131l\u0131nda ger\u00e7ekle\u015ftirdi; bu da 200 y\u0131ldan daha eski oldu\u011fu anlam\u0131na geliyor. El Gordo d\u00fcnyan\u0131n en eski ikinci piyangosudur ve \u0130spanya k\u00fclt\u00fcr\u00fcn\u00fcn bir par\u00e7as\u0131 haline gelmi\u015ftir.<\/p>\n<p><a href=\"https:\/\/jackpotlotteryonline.com\/tr\/kazanan-sayilar\/el-gordo-draw-results\">\u00c7ekili\u015f<\/a> her y\u0131l 22 Aral\u0131k&#8217;ta yap\u0131lmaktad\u0131r, bu nedenle bayram sezonuna renk katmak i\u00e7in harika bir yoldur. \u00c7ekili\u015f sonu\u00e7lar\u0131 San Ildefonso okulunun \u00f6\u011frencileri taraf\u0131ndan s\u00f6ylendi\u011fi i\u00e7in \u00e7ekili\u015fin kendisi de bir ba\u015fka b\u00fcy\u00fck olayd\u0131r. El Gordo&#8217;nun geleneklerle dolu oldu\u011fundan bahsetmi\u015f miydik? Bu kesinlikle eski ve yeni bahis\u00e7ilerin her y\u0131l d\u00f6rt g\u00f6zle bekledi\u011fi bir \u015fey.<\/p>\n<p>Bunun \u00f6tesinde, El Gordo toplumu te\u015fvik eden ve kutlayan bir piyangodur. Biletler \u00e7e\u015fitli alt b\u00f6l\u00fcmlere ayr\u0131lm\u0131\u015ft\u0131r ve bir alt b\u00f6l\u00fcme abone olan mahalleler bulmak olduk\u00e7a yayg\u0131nd\u0131r. \u00d6yleyse neden El Gordo&#8217;ya birlikte kat\u0131larak aileniz ve arkada\u015flar\u0131n\u0131z i\u00e7in \u00f6zel bir \u015fey yapmayas\u0131n\u0131z? Noel&#8217;i kutlamak i\u00e7in harika bir yoldur.<\/p>\n<section class=\"layout\" style=\"border: solid 1px; width: 100%;\">\n<div class=\"img-div\" style=\"margin-top: 5px;\"><img decoding=\"async\" class=\"wp-image-17212 alignleft\" style=\"height: 45px; margin: 8px 8px 0px;\" src=\"https:\/\/jackpotlotteryonline.com\/wp-content\/uploads\/2022\/11\/read1.jpg\" alt=\"okuyun\" width=\"\" height=\"\" \/><\/div>\n<div style=\"padding-left: 5px;\">\n<div style=\"font-size: 1.1em;\">\n<p><strong>D\u00fcnyan\u0131n en b\u00fcy\u00fck piyango ikramiyeleri i\u00e7in \u00e7ekili\u015f zamanlar\u0131n\u0131 ka\u00e7\u0131rmay\u0131n<\/strong><\/p>\n<p style=\"font-size: 0.85em; margin-top: -1.5em;\">Uluslararas\u0131 Piyangolar i\u00e7in \u00c7ekili\u015f Zamanlar\u0131n\u0131n bir listesi \u00a0<a href=\"https:\/\/jackpotlotteryonline.com\/tr\/uluslararasi-pi\u0307yango-ceki\u0307li\u0307s-saatleri\u0307-ne-zaman\">daha fazla oku<\/a><\/p>\n<\/div>\n<\/div>\n<\/section>\n<h2>El Gordo nas\u0131l oynan\u0131r?<\/h2>\n<p><img loading=\"lazy\" decoding=\"async\" class=\"alignright size-full wp-image-32459\" src=\"https:\/\/jackpotlotteryonline.com\/wp-content\/uploads\/2022\/11\/2_ticket_el_gordo-1.jpg\" alt=\"El Gordo piyango bileti\" width=\"213\" height=\"300\" \/><\/p>\n<p>\u0130spanyol Noel piyangosuna kat\u0131ld\u0131\u011f\u0131n\u0131zda, fi\u015finizde 00000 ile 99999 aras\u0131nda de\u011fi\u015fen say\u0131lar olabilir. Her bilet, daha da alt b\u00f6l\u00fcmlere ayr\u0131lan on par\u00e7aya b\u00f6l\u00fcnm\u00fc\u015ft\u00fcr. Yani b\u00fct\u00e7eniz ne olursa olsun, bir bilet almaya g\u00fcc\u00fcn\u00fcz yeter.<\/p>\n<p>El Gordo oyuncular\u0131n\u0131n kazanma \u015fans\u0131n\u0131n \u00e7ok y\u00fcksek olmas\u0131 da ayn\u0131 derecede ilgin\u00e7tir. Toplam ikramiye milyarlarca Euro&#8217;dur ve olas\u0131l\u0131klar inan\u0131lmazd\u0131r. Yani oyuncular birincilik \u00f6d\u00fcl\u00fcn\u00fc kazanamasalar bile evlerine binlerce Euro ile d\u00f6nebilirler.<\/p>\n<p>Biletinizi ald\u0131ktan sonra tek yapman\u0131z gereken 22 Aral\u0131k&#8217;taki \u00e7ekili\u015fi beklemek. Sitemizde, m\u00fc\u015fterilerimizden kay\u0131t olmalar\u0131n\u0131 istiyoruz, b\u00f6ylece bir \u00f6d\u00fcl kazand\u0131klar\u0131 anda onlara haber verebiliyoruz. Ayr\u0131ca, platformumuzdan yapabilece\u011finiz gibi kazanc\u0131n\u0131z\u0131 nakde \u00e7evirmek de kolayd\u0131r.<\/p>\n<h2>Online El Gordo Oynamak i\u00e7in Ad\u0131mlar<\/h2>\n<ol>\n<li>Art\u0131k \u0130spanyol Noel piyangosu i\u00e7in siz de bizim kadar heyecanl\u0131 oldu\u011funuza g\u00f6re, size ad\u0131mlar\u0131 g\u00f6sterelim.<\/li>\n<li>El Gordo biletinizi sitemizden sat\u0131n al\u0131n<\/li>\n<li>Kazanman\u0131z halinde sizinle ileti\u015fime ge\u00e7ebilmemiz i\u00e7in kay\u0131t olun<\/li>\n<li>\u00c7ekili\u015fi bekleyin<\/li>\n<\/ol>\n<h2>Kazan\u0131rsan\u0131z kazanc\u0131n\u0131z\u0131 geri \u00e7ekin<\/h2>\n<p>Bize kay\u0131t oldu\u011funuzda her \u015fey bu kadar basit. Karma\u015f\u0131kl\u0131\u011f\u0131 ortadan kald\u0131r\u0131yoruz, b\u00f6ylece siz oyunun e\u011flencesiyle ba\u015f ba\u015fa kal\u0131yorsunuz. Keyif alabilece\u011finiz iyi oranlara sahip bir piyango oyunu ar\u0131yorsan\u0131z, ba\u015fka yere bakman\u0131za gerek yok.<\/p>\n<p>El Gordo&#8217;nun b\u00fcy\u00fck oranlara sahip olmas\u0131na ra\u011fmen bir \u015fans oyunu oldu\u011funu belirtmeliyiz. Kazanaca\u011f\u0131n\u0131z\u0131 garanti etmenin bir yolu yoktur ve kazanamayaca\u011f\u0131n\u0131z\u0131 da s\u00f6yleyecek bir \u015fey yoktur. Ancak, bir \u00f6d\u00fcl kazanma \u015fans\u0131 elde edebilmenizin tek yolu, ilk etapta piyangoya kat\u0131lman\u0131zd\u0131r. Bu y\u00fczden \u0130spanyol Noel piyango biletlerini sat\u0131n almak i\u00e7in \u015fimdi bize kaydolun.<\/p>\n","protected":false},"excerpt":{"rendered":"<p>\u0130nan\u0131lmaz \u0130spanyol Piyangosu El Gordo yakla\u015f\u0131yor ve herkes \u0130spanya&#8217;da ya\u015fayacak ya da \u0130spanya&#8217;ya seyahat edecek kadar \u015fansl\u0131 de\u011fil. Yine de, her yerdeki bahis\u00e7iler bu piyangoya e\u015flik eden e\u011flence ve \u015fenliklere kat\u0131lma d\u00fc\u015f\u00fcncesiyle heyecanlan\u0131yor. \u00dclke d\u0131\u015f\u0131nda ya\u015fayan oyuncular da bu piyangoya kat\u0131labilir ve size bunu nas\u0131l yapaca\u011f\u0131n\u0131z\u0131 g\u00f6sterece\u011fiz. E\u011fer piyango oynama konusunda yeniyseniz, bunun bir \u0130spanyol [&hellip;]<\/p>\n","protected":false},"author":1,"featured_media":0,"parent":35786,"menu_order":6,"comment_status":"closed","ping_status":"closed","template":"el-gordo-info.php","meta":{"_et_pb_use_builder":"","_et_pb_old_content":"","_et_gb_content_width":"","exclude_from_search":false,"footnotes":""},"class_list":["post-36651","page","type-page","status-publish","hentry"],"yoast_head":"<!-- This site is optimized with the Yoast SEO plugin v23.3 - https:\/\/yoast.com\/wordpress\/plugins\/seo\/ -->\n<title>\u0130spanya d\u0131\u015f\u0131ndan El Gordo bileti sat\u0131n al\u0131n | El Gordo online bilet<\/title>\n<meta name=\"description\" content=\"\u0130spanya d\u0131\u015f\u0131nda ya\u015f\u0131yorsan\u0131z El Gordo biletlerini online olarak sat\u0131n alabilirsiniz - bu online bilet servisi arac\u0131l\u0131\u011f\u0131yla\" \/>\n<meta name=\"robots\" content=\"index, follow, max-snippet:-1, max-image-preview:large, max-video-preview:-1\" \/>\n<link rel=\"canonical\" href=\"https:\/\/jackpotlotteryonline.com\/tr\/bilet-satin-al\/el-gordo\/\" \/>\n<meta property=\"og:locale\" content=\"tr_TR\" \/>\n<meta property=\"og:type\" content=\"article\" \/>\n<meta property=\"og:title\" content=\"\u0130spanya d\u0131\u015f\u0131ndan El Gordo bileti sat\u0131n al\u0131n | El Gordo online bilet\" \/>\n<meta property=\"og:description\" content=\"\u0130spanya d\u0131\u015f\u0131nda ya\u015f\u0131yorsan\u0131z El Gordo biletlerini online olarak sat\u0131n alabilirsiniz - bu online bilet servisi arac\u0131l\u0131\u011f\u0131yla\" \/>\n<meta property=\"og:url\" content=\"https:\/\/jackpotlotteryonline.com\/tr\/bilet-satin-al\/el-gordo\/\" \/>\n<meta property=\"og:site_name\" content=\"Lotto Online - Crack The International Lottery Jackpots\" \/>\n<meta property=\"article:modified_time\" content=\"2023-01-03T20:50:00+00:00\" \/>\n<meta property=\"og:image\" content=\"https:\/\/jackpotlotteryonline.com\/wp-content\/uploads\/2022\/10\/lotto_euros.jpg\" \/>\n<meta name=\"twitter:card\" content=\"summary_large_image\" \/>\n<meta name=\"twitter:label1\" content=\"Tahmini okuma s\u00fcresi\" \/>\n\t<meta name=\"twitter:data1\" content=\"4 dakika\" \/>\n<!-- \/ Yoast SEO plugin. -->","yoast_head_json":{"title":"\u0130spanya d\u0131\u015f\u0131ndan El Gordo bileti sat\u0131n al\u0131n | El Gordo online bilet","description":"\u0130spanya d\u0131\u015f\u0131nda ya\u015f\u0131yorsan\u0131z El Gordo biletlerini online olarak sat\u0131n alabilirsiniz - bu online bilet servisi arac\u0131l\u0131\u011f\u0131yla","robots":{"index":"index","follow":"follow","max-snippet":"max-snippet:-1","max-image-preview":"max-image-preview:large","max-video-preview":"max-video-preview:-1"},"canonical":"https:\/\/jackpotlotteryonline.com\/tr\/bilet-satin-al\/el-gordo\/","og_locale":"tr_TR","og_type":"article","og_title":"\u0130spanya d\u0131\u015f\u0131ndan El Gordo bileti sat\u0131n al\u0131n | El Gordo online bilet","og_description":"\u0130spanya d\u0131\u015f\u0131nda ya\u015f\u0131yorsan\u0131z El Gordo biletlerini online olarak sat\u0131n alabilirsiniz - bu online bilet servisi arac\u0131l\u0131\u011f\u0131yla","og_url":"https:\/\/jackpotlotteryonline.com\/tr\/bilet-satin-al\/el-gordo\/","og_site_name":"Lotto Online - Crack The International Lottery Jackpots","article_modified_time":"2023-01-03T20:50:00+00:00","og_image":[{"url":"https:\/\/jackpotlotteryonline.com\/wp-content\/uploads\/2022\/10\/lotto_euros.jpg"}],"twitter_card":"summary_large_image","twitter_misc":{"Tahmini okuma s\u00fcresi":"4 dakika"},"schema":{"@context":"https:\/\/schema.org","@graph":[{"@type":"WebPage","@id":"https:\/\/jackpotlotteryonline.com\/tr\/bilet-satin-al\/el-gordo\/","url":"https:\/\/jackpotlotteryonline.com\/tr\/bilet-satin-al\/el-gordo\/","name":"\u0130spanya d\u0131\u015f\u0131ndan El Gordo bileti sat\u0131n al\u0131n | El Gordo online bilet","isPartOf":{"@id":"https:\/\/jackpotlotteryonline.com\/#website"},"primaryImageOfPage":{"@id":"https:\/\/jackpotlotteryonline.com\/tr\/bilet-satin-al\/el-gordo\/#primaryimage"},"image":{"@id":"https:\/\/jackpotlotteryonline.com\/tr\/bilet-satin-al\/el-gordo\/#primaryimage"},"thumbnailUrl":"https:\/\/jackpotlotteryonline.com\/wp-content\/uploads\/2022\/10\/lotto_euros.jpg","datePublished":"2022-11-08T08:42:10+00:00","dateModified":"2023-01-03T20:50:00+00:00","description":"\u0130spanya d\u0131\u015f\u0131nda ya\u015f\u0131yorsan\u0131z El Gordo biletlerini online olarak sat\u0131n alabilirsiniz - bu online bilet servisi arac\u0131l\u0131\u011f\u0131yla","breadcrumb":{"@id":"https:\/\/jackpotlotteryonline.com\/tr\/bilet-satin-al\/el-gordo\/#breadcrumb"},"inLanguage":"tr","potentialAction":[{"@type":"ReadAction","target":["https:\/\/jackpotlotteryonline.com\/tr\/bilet-satin-al\/el-gordo\/"]}]},{"@type":"ImageObject","inLanguage":"tr","@id":"https:\/\/jackpotlotteryonline.com\/tr\/bilet-satin-al\/el-gordo\/#primaryimage","url":"https:\/\/jackpotlotteryonline.com\/wp-content\/uploads\/2022\/10\/lotto_euros.jpg","contentUrl":"https:\/\/jackpotlotteryonline.com\/wp-content\/uploads\/2022\/10\/lotto_euros.jpg"},{"@type":"BreadcrumbList","@id":"https:\/\/jackpotlotteryonline.com\/tr\/bilet-satin-al\/el-gordo\/#breadcrumb","itemListElement":[{"@type":"ListItem","position":1,"name":"Home","item":"https:\/\/jackpotlotteryonline.com\/tr\/"},{"@type":"ListItem","position":2,"name":"\u0130nternetten Piyango Bileti Nas\u0131l Al\u0131n\u0131r","item":"https:\/\/jackpotlotteryonline.com\/tr\/bilet-satin-al\/"},{"@type":"ListItem","position":3,"name":"El Gordo biletleri sat\u0131n al\u0131n"}]},{"@type":"WebSite","@id":"https:\/\/jackpotlotteryonline.com\/#website","url":"https:\/\/jackpotlotteryonline.com\/","name":"Lotto Online - Crack The International Lottery Jackpots","description":"","potentialAction":[{"@type":"SearchAction","target":{"@type":"EntryPoint","urlTemplate":"https:\/\/jackpotlotteryonline.com\/?s={search_term_string}"},"query-input":"required name=search_term_string"}],"inLanguage":"tr"}]}},"_links":{"self":[{"href":"https:\/\/jackpotlotteryonline.com\/tr\/wp-json\/wp\/v2\/pages\/36651","targetHints":{"allow":["GET"]}}],"collection":[{"href":"https:\/\/jackpotlotteryonline.com\/tr\/wp-json\/wp\/v2\/pages"}],"about":[{"href":"https:\/\/jackpotlotteryonline.com\/tr\/wp-json\/wp\/v2\/types\/page"}],"author":[{"embeddable":true,"href":"https:\/\/jackpotlotteryonline.com\/tr\/wp-json\/wp\/v2\/users\/1"}],"replies":[{"embeddable":true,"href":"https:\/\/jackpotlotteryonline.com\/tr\/wp-json\/wp\/v2\/comments?post=36651"}],"version-history":[{"count":0,"href":"https:\/\/jackpotlotteryonline.com\/tr\/wp-json\/wp\/v2\/pages\/36651\/revisions"}],"up":[{"embeddable":true,"href":"https:\/\/jackpotlotteryonline.com\/tr\/wp-json\/wp\/v2\/pages\/35786"}],"wp:attachment":[{"href":"https:\/\/jackpotlotteryonline.com\/tr\/wp-json\/wp\/v2\/media?parent=36651"}],"curies":[{"name":"wp","href":"https:\/\/api.w.org\/{rel}","templated":true}]}}