{"id":36705,"date":"2022-11-08T10:56:25","date_gmt":"2022-11-08T10:56:25","guid":{"rendered":"https:\/\/jackpotlotteryonline.com\/?page_id=36705"},"modified":"2023-01-03T21:20:03","modified_gmt":"2023-01-03T21:20:03","slug":"lotto-germany","status":"publish","type":"page","link":"https:\/\/jackpotlotteryonline.com\/tr\/bilet-satin-al\/lotto-germany\/","title":{"rendered":"Almanya Loto i\u00e7in bilet sat\u0131n al\u0131n"},"content":{"rendered":"<p>Almanya d\u0131\u015f\u0131nda ya\u015fayan oyuncular Alman lotosu i\u00e7in bilet almay\u0131 biraz zor bulabilirler, ancak bu \u015fekilde olmak zorunda de\u011fil. Alman Loto&#8217;su 6 aus 49 olarak da bilinir ve Avrupa&#8217;n\u0131n en uzun s\u00fcredir devam eden lotolar\u0131ndan biridir. 1955 y\u0131l\u0131nda kurulan bu oyun, k\u0131sa s\u00fcrede \u00fclkenin \u00f6nde gelen piyango oyunu haline gelmi\u015ftir.<\/p>\n<p>Bu piyangoya giri\u015fler Almanya&#8217;daki akredite sat\u0131c\u0131larda mevcuttur. Ancak d\u00fcnyan\u0131n ba\u015fka bir yerinde ya\u015f\u0131yorsan\u0131z, jackpotlotteryoneline.com gibi g\u00fcvenilir bir \u00e7evrimi\u00e7i piyango sitesine g\u00fcvenmeniz gerekir.<\/p>\n<p><a href=\"https:\/\/jackpotlotteryonline.com\/tr\/nasil-oynanir\/german-lotto\">\u00c7evrimi\u00e7i piyango oynamak<\/a> basittir ve sitemizi kulland\u0131\u011f\u0131n\u0131zda sorunsuz ve zevkli bir deneyim haline gelir.<\/p>\n<h2>Sitemizde Alman Loto&#8217;su nas\u0131l oynan\u0131r?<\/h2>\n<p><img loading=\"lazy\" decoding=\"async\" class=\"alignright size-medium wp-image-33350\" src=\"https:\/\/jackpotlotteryonline.com\/wp-content\/uploads\/2022\/11\/2_ticket_euromillions3-1-111x300.jpg\" alt=\"alman loto bi\u0307leti\u0307\" width=\"111\" height=\"300\" srcset=\"https:\/\/jackpotlotteryonline.com\/wp-content\/uploads\/2022\/11\/2_ticket_euromillions3-1-111x300.jpg 111w, https:\/\/jackpotlotteryonline.com\/wp-content\/uploads\/2022\/11\/2_ticket_euromillions3-1.jpg 180w\" sizes=\"auto, (max-width: 111px) 100vw, 111px\" \/><\/p>\n<p>6 aus 49&#8217;un birebir \u00e7evirisi 49&#8217;da alt\u0131d\u0131r. Alman lotosunu oynamak i\u00e7in 1 ile 49 aras\u0131nda alt\u0131 say\u0131 ve 0 ile 9 aras\u0131nda bir bonus say\u0131 se\u00e7meniz gerekir. Bu, ister \u00e7evrimd\u0131\u015f\u0131 ister internet \u00fczerinden oynay\u0131n, ayn\u0131d\u0131r.<\/p>\n<p>Sitemizden Alman lotosuna bir giri\u015f sat\u0131n ald\u0131\u011f\u0131n\u0131zda, 49 \u00fczerinden 6 say\u0131 se\u00e7ersiniz. Her biri bir giri\u015f i\u00e7in say\u0131ld\u0131\u011f\u0131ndan birden fazla say\u0131 sat\u0131r\u0131 se\u00e7ebilirsiniz, bu da size daha y\u00fcksek oranlar verir. Ard\u0131ndan, tek bir \u00e7ekili\u015f i\u00e7in mi yoksa birden fazla \u00e7ekili\u015f i\u00e7in mi girmek istedi\u011finizi se\u00e7ebilirsiniz.<\/p>\n<p><a href=\"https:\/\/jackpotlotteryonline.com\/tr\/kazanan-sayilar\/german-lotto\">Alman piyangosunun \u00c7ar\u015famba ve Cumartesi<\/a> g\u00fcnleri olmak \u00fczere haftada iki \u00e7ekili\u015fi vard\u0131r; tekli veya \u00e7oklu \u00e7ekili\u015flere kat\u0131lmaya karar verebilirsiniz. Se\u00e7iminizi yapt\u0131ktan sonra, bir sonraki ad\u0131m sat\u0131n alma i\u015fleminiz i\u00e7in \u00f6deme yapmakt\u0131r. Bu noktada sizden bize kay\u0131t olman\u0131z\u0131 isteyece\u011fiz. Bu birka\u00e7 nedenden dolay\u0131 gereklidir:<\/p>\n<ul>\n<li>Kay\u0131t olarak, herhangi bir kazanc\u0131 talep etmek i\u00e7in ihtiya\u00e7 duyaca\u011f\u0131n\u0131z i\u00e7in giri\u015f fi\u015flerinizi g\u00fcvende tutabilirsiniz<\/li>\n<li>\u00c7ekili\u015f sonu\u00e7lar\u0131n\u0131 kolayca kontrol edebilirsiniz, ancak herhangi bir \u00f6d\u00fcl kazan\u0131rsan\u0131z, kontrol panelinizden ve e-posta yoluyla size bildirece\u011fiz.<\/li>\n<li>Ayr\u0131ca kazand\u0131\u011f\u0131n\u0131z \u00f6d\u00fclleri do\u011frudan platformumuz \u00fczerinden nakde \u00e7evirebilirsiniz<\/li>\n<\/ul>\n<h2>Piyango nas\u0131l kazan\u0131l\u0131r<\/h2>\n<p>\u00c7ekili\u015fler s\u0131ras\u0131nda 1 &#8211; 49 aras\u0131nda alt\u0131 say\u0131 \u00e7ekilir. Superzahl olarak bilinen bonus numaras\u0131 ba\u015fka bir makineden \u00e7ekilir. E\u011fer say\u0131lar\u0131n\u0131z \u00e7ekilen say\u0131larla e\u015fle\u015firse, b\u00fcy\u00fck ikramiyeyi kazan\u0131rs\u0131n\u0131z.<\/p>\n<p>Oyuncular\u0131n Alman lotosunu oynad\u0131klar\u0131nda kazanabilecekleri tek \u00f6d\u00fcl\u00fcn b\u00fcy\u00fck ikramiye olmad\u0131\u011f\u0131n\u0131 belirtmek \u00f6nemlidir. Bu Avrupa piyangosunun 10 farkl\u0131 \u00f6d\u00fcl kategorisi vard\u0131r ve sadece iki say\u0131y\u0131 ve bonus numaras\u0131n\u0131 e\u015fle\u015ftirmek i\u00e7in bir \u00f6d\u00fcl vard\u0131r.<\/p>\n<p>Daha \u00f6nce de belirtti\u011fimiz gibi, bu piyangoyu kazanma \u015fans\u0131 olduk\u00e7a y\u00fcksektir. B\u00fcy\u00fck ikramiyeyi kazanma olas\u0131l\u0131\u011f\u0131 139.838.160&#8217;da 1&#8217;dir ve genel \u00f6d\u00fcl kazanma olas\u0131l\u0131\u011f\u0131 31&#8217;de 1&#8217;dir. E\u011fer daha \u00f6nce hi\u00e7 Alman 6 aus 49 oynamad\u0131ysan\u0131z, bahis oynamay\u0131 d\u00fc\u015f\u00fcnmek i\u00e7in iyi bir zaman. Bunu jackpotlotteryoneline.com adresinden piyango i\u00e7in bir giri\u015f sat\u0131n alarak yapabilirsiniz.<\/p>\n<section class=\"layout\" style=\"border: solid 1px; width: 100%;\">\n<div class=\"img-div\" style=\"margin-top: 5px;\"><img decoding=\"async\" class=\"wp-image-17212 alignleft\" style=\"height: 45px; margin: 8px 8px 0px;\" src=\"https:\/\/jackpotlotteryonline.com\/wp-content\/uploads\/2022\/11\/read1.jpg\" alt=\"okuyun\" width=\"\" height=\"\" \/><\/div>\n<div style=\"padding-left: 5px;\">\n<div style=\"font-size: 1.1em;\">\n<p><strong>Piyangoyu kazan\u0131rsan\u0131z hangi arabay\u0131 al\u0131rs\u0131n\u0131z?<\/strong><\/p>\n<p style=\"font-size: 0.85em; margin-top: -1.5em;\">Piyangoyu kazan\u0131n ve yeni bir araba al\u0131n \u00a0<a href=\"https:\/\/jackpotlotteryonline.com\/tr\/piyangoyu-kazansaniz-hangi-arabayi-alirdiniz\">daha fazla oku<\/a><\/p>\n<\/div>\n<\/div>\n<\/section>\n<h2>Ger\u00e7ek bir biletim oldu\u011funu nas\u0131l bilebilirim?<\/h2>\n<p>Bu, \u00f6zellikle \u00e7evrimi\u00e7i Alman piyango kuponu sat\u0131n al\u0131rken \u00e7ok \u00f6nemli bir sorudur. Piyangoya giri\u015f oldu\u011funa inand\u0131\u011f\u0131n\u0131z bir bileti sat\u0131n alman\u0131z ve yine de piyangoya girmemeniz m\u00fcmk\u00fcnd\u00fcr.<\/p>\n<p>Lotoda her biletin \u00fczerinde seri numaralar\u0131 bulunur ve bunlar bir biletin ger\u00e7ek olup olmad\u0131\u011f\u0131n\u0131 belirlemede \u00f6nemlidir. jackpotlotteryonline.com&#8217;da m\u00fc\u015fterilerimiz i\u00e7in bir konsiyerj hizmeti y\u00fcr\u00fct\u00fcyoruz. Demek istedi\u011fimiz, \u00e7evrimi\u00e7i piyango kuponlar\u0131n\u0131z\u0131 bizden sat\u0131n ald\u0131\u011f\u0131n\u0131zda, kuponlar\u0131n\u0131z Alman piyangosundan gelen seri numaralar\u0131na sahip olacakt\u0131r.<\/p>\n<p>Ba\u015fka bir deyi\u015fle, hizmetimiz sayesinde piyangoya eri\u015febileceksiniz. \u00c7ekilen numaralar\u0131 e\u015fle\u015ftirirseniz, b\u00fcy\u00fck ikramiyeyi kazan\u0131rs\u0131n\u0131z.<\/p>\n<h2>Kazanc\u0131m\u0131 nas\u0131l talep edebilirim?<\/h2>\n<p><img loading=\"lazy\" decoding=\"async\" class=\"size-medium wp-image-27698 alignright\" src=\"https:\/\/jackpotlotteryonline.com\/wp-content\/uploads\/2022\/11\/1_lottery_results-300x150.jpg\" alt=\"almanya-lotterry toplari\" width=\"300\" height=\"150\" srcset=\"https:\/\/jackpotlotteryonline.com\/wp-content\/uploads\/2022\/11\/1_lottery_results-300x150.jpg 300w, https:\/\/jackpotlotteryonline.com\/wp-content\/uploads\/2022\/11\/1_lottery_results.jpg 350w\" sizes=\"auto, (max-width: 300px) 100vw, 300px\" \/><\/p>\n<p>Bizimle piyango oynaman\u0131n avantaj\u0131, kazanc\u0131n\u0131z\u0131 talep etme konusunda endi\u015felenmenize gerek olmamas\u0131d\u0131r. Her \u015feyden \u00f6nce, kuponunuz hesab\u0131n\u0131zda g\u00fcvendedir ve kaybetme korkusu yoktur. Kazanc\u0131n\u0131z\u0131 talep etmek i\u00e7in kupona ihtiyac\u0131n\u0131z olaca\u011f\u0131ndan, bu iyi bir \u015feydir. 2021 y\u0131l\u0131nda, 11,3 milyon Avroluk bir ikramiye \u00f6d\u00fcl\u00fc, 3 y\u0131l boyunca sahipsiz kald\u0131\u011f\u0131 i\u00e7in havuza geri d\u00f6nd\u00fc. Bunun sizin ba\u015f\u0131n\u0131za gelmesini istemeyiz.<\/p>\n<p>\u0130kincisi, e\u011fer bir \u015fey kazan\u0131rsan\u0131z, size hemen haber verece\u011fiz ve hesab\u0131n\u0131za bir sonraki giri\u015finizde, paran\u0131z tam orada sizi bekliyor olacak. Paray\u0131 banka hesab\u0131n\u0131za \u00e7ekmeniz yeterlidir ve kazanc\u0131n\u0131z\u0131n keyfini \u00e7\u0131karmaya haz\u0131rs\u0131n\u0131z.<\/p>\n<p>Piyango oynad\u0131\u011f\u0131n\u0131zda, iyi vakit ge\u00e7irme konusunda endi\u015felendi\u011finizi biliyoruz. Sonu\u00e7ta bunun e\u011flenceli bir oyun olmas\u0131 gerekiyor. Bu nedenle, s\u00fcreci sorunsuz ve zahmetsiz olacak \u015fekilde k\u00fc\u00e7\u00fcltmek i\u00e7in yorulmadan \u00e7al\u0131\u015f\u0131yoruz ve sizi oyunun tad\u0131n\u0131 \u00e7\u0131karmakta \u00f6zg\u00fcr b\u0131rak\u0131yoruz.<\/p>\n<h2>6 aus 49 \u00f6d\u00fcl kademesi<\/h2>\n<p>Alman lotosunu oynad\u0131\u011f\u0131n\u0131zda ne kazanabilece\u011finizi bilmek ister misiniz? \u0130\u015fte farkl\u0131 \u00f6d\u00fcl kademeleri ve her kademeye tahsis edilen \u00f6d\u00fcl fonu y\u00fczdesi.<\/p>\n<p>Match 6 + Superzahl &#8211; %12,80 (Jackpot)<br \/>\nSadece 6. Ma\u00e7 &#8211; %10<br \/>\nMatch 5 + Superzahl &#8211; %5<br \/>\nSadece 5. Ma\u00e7 &#8211; %15<br \/>\nMatch 4 + Superzahl &#8211; %5<br \/>\nSadece 4. Ma\u00e7 &#8211; %10<br \/>\nMatch 3 + Superzahl &#8211; %10<br \/>\nSadece 3. Ma\u00e7 &#8211; %45<br \/>\nMatch 2 + Superzahl &#8211; \u20ac6<\/p>\n<p>Di\u011fer \u00f6d\u00fcllerin, b\u00fcy\u00fck ikramiye \u00f6d\u00fcl havuzundan \u00e7\u0131kar\u0131ld\u0131ktan sonra belirlendi\u011fini unutmay\u0131n.<\/p>\n<h2>B\u00fcy\u00fck ikramiye ne kadar?<\/h2>\n<p>Alman lotosunun b\u00fcy\u00fck ikramiye \u00f6d\u00fcl\u00fc 2 milyon \u20ac&#8217;dan ba\u015flar ve her \u00e7ekili\u015ften sonra kazanan olmazsa devredilir. Sonu\u00e7 olarak, b\u00fcy\u00fck ikramiye a\u011f\u0131z suland\u0131ran bir miktara ula\u015fana kadar b\u00fcy\u00fcr.<\/p>\n<p>\u00d6rne\u011fin, Ekim 2020&#8217;de tek bir bilet sahibi 42.583.626 Avroluk bir ikramiye \u00f6d\u00fcl\u00fc kazand\u0131. Bu kazan\u00e7, Alman loto tarihindeki en b\u00fcy\u00fck ikramiyeydi. Hemen ard\u0131ndan yine bir piyango oyuncusu taraf\u0131ndan kazan\u0131lan 33.832.008 Avroluk ikramiye \u00f6d\u00fcl\u00fc geldi.<\/p>\n<p>Di\u011fer baz\u0131 Alman piyango bileti sahipleri de milyonlarca Avro de\u011ferinde ikramiye \u00f6d\u00fclleri kazanm\u0131\u015ft\u0131r. Bu nedenle, d\u00fcnyan\u0131n d\u00f6rt bir yan\u0131ndaki bahis\u00e7ilerin haftal\u0131k \u00e7ekili\u015flere kat\u0131lmak i\u00e7in acele etmeleri \u015fa\u015f\u0131rt\u0131c\u0131 de\u011fildir.<\/p>\n<h2>\u00c7evrimi\u00e7i piyango oynamak i\u00e7in bize kaydolun<\/h2>\n<p>Alman piyangosuna kat\u0131lmak i\u00e7in Almanya&#8217;da ya\u015famak zorunda de\u011filsiniz. Bize kaydoldu\u011funuzda, en iyi uluslararas\u0131 piyangolara eri\u015fim elde edersiniz. Bu ger\u00e7ekten bir olas\u0131l\u0131klar d\u00fcnyas\u0131n\u0131n kap\u0131lar\u0131n\u0131 a\u00e7\u0131yor. Ayr\u0131ca piyangodan elde edilen paran\u0131n Almanya&#8217;da vergiye tabi olmad\u0131\u011f\u0131n\u0131 da unutmay\u0131n. Ancak, ya\u015fad\u0131\u011f\u0131n\u0131z yerdeki vergi yasalar\u0131n\u0131 kontrol etmenizi tavsiye ederiz.<\/p>\n<p>\u00d6yleyse, ne bekliyorsunuz? Alman loto biletlerinizi \u00e7evrimi\u00e7i sat\u0131n almak i\u00e7in bize kaydolun ve uluslararas\u0131 piyango oyunlar\u0131n\u0131n heyecan verici d\u00fcnyas\u0131na atlay\u0131n.<\/p>\n","protected":false},"excerpt":{"rendered":"<p>Almanya d\u0131\u015f\u0131nda ya\u015fayan oyuncular Alman lotosu i\u00e7in bilet almay\u0131 biraz zor bulabilirler, ancak bu \u015fekilde olmak zorunda de\u011fil. Alman Loto&#8217;su 6 aus 49 olarak da bilinir ve Avrupa&#8217;n\u0131n en uzun s\u00fcredir devam eden lotolar\u0131ndan biridir. 1955 y\u0131l\u0131nda kurulan bu oyun, k\u0131sa s\u00fcrede \u00fclkenin \u00f6nde gelen piyango oyunu haline gelmi\u015ftir. Bu piyangoya giri\u015fler Almanya&#8217;daki akredite sat\u0131c\u0131larda [&hellip;]<\/p>\n","protected":false},"author":1,"featured_media":0,"parent":35786,"menu_order":8,"comment_status":"closed","ping_status":"closed","template":"lotto-german-info.php","meta":{"_et_pb_use_builder":"","_et_pb_old_content":"","_et_gb_content_width":"","exclude_from_search":false,"footnotes":""},"class_list":["post-36705","page","type-page","status-publish","hentry"],"yoast_head":"<!-- This site is optimized with the Yoast SEO plugin v23.3 - https:\/\/yoast.com\/wordpress\/plugins\/seo\/ -->\n<title>Almanya d\u0131\u015f\u0131nda Alman Loto&#039;su i\u00e7in bilet sat\u0131n al\u0131n | Almanya Loto&#039;su \u00e7evrimi\u00e7i<\/title>\n<meta name=\"description\" content=\"Alman Loto 6\/49 biletlerine buradan ula\u015fabilir, Almanya d\u0131\u015f\u0131ndan g\u00fcvenli bir \u015fekilde buradan online sat\u0131n alabilirsiniz\" \/>\n<meta name=\"robots\" content=\"index, follow, max-snippet:-1, max-image-preview:large, max-video-preview:-1\" \/>\n<link rel=\"canonical\" href=\"https:\/\/jackpotlotteryonline.com\/buy-tickets\/lotto-germany\/\" \/>\n<meta property=\"og:locale\" content=\"tr_TR\" \/>\n<meta property=\"og:type\" content=\"article\" \/>\n<meta property=\"og:title\" content=\"Almanya d\u0131\u015f\u0131nda Alman Loto&#039;su i\u00e7in bilet sat\u0131n al\u0131n | Almanya Loto&#039;su \u00e7evrimi\u00e7i\" \/>\n<meta property=\"og:description\" content=\"Alman Loto 6\/49 biletlerine buradan ula\u015fabilir, Almanya d\u0131\u015f\u0131ndan g\u00fcvenli bir \u015fekilde buradan online sat\u0131n alabilirsiniz\" \/>\n<meta property=\"og:url\" content=\"https:\/\/jackpotlotteryonline.com\/buy-tickets\/lotto-germany\/\" \/>\n<meta property=\"og:site_name\" content=\"Lotto Online - Crack The International Lottery Jackpots\" \/>\n<meta property=\"article:modified_time\" content=\"2023-01-03T21:20:03+00:00\" \/>\n<meta property=\"og:image\" content=\"https:\/\/jackpotlotteryonline.com\/wp-content\/uploads\/2022\/11\/2_ticket_euromillions3-1-111x300.jpg\" \/>\n<meta name=\"twitter:card\" content=\"summary_large_image\" \/>\n<meta name=\"twitter:label1\" content=\"Tahmini okuma s\u00fcresi\" \/>\n\t<meta name=\"twitter:data1\" content=\"5 dakika\" \/>\n<!-- \/ Yoast SEO plugin. -->","yoast_head_json":{"title":"Almanya d\u0131\u015f\u0131nda Alman Loto'su i\u00e7in bilet sat\u0131n al\u0131n | Almanya Loto'su \u00e7evrimi\u00e7i","description":"Alman Loto 6\/49 biletlerine buradan ula\u015fabilir, Almanya d\u0131\u015f\u0131ndan g\u00fcvenli bir \u015fekilde buradan online sat\u0131n alabilirsiniz","robots":{"index":"index","follow":"follow","max-snippet":"max-snippet:-1","max-image-preview":"max-image-preview:large","max-video-preview":"max-video-preview:-1"},"canonical":"https:\/\/jackpotlotteryonline.com\/buy-tickets\/lotto-germany\/","og_locale":"tr_TR","og_type":"article","og_title":"Almanya d\u0131\u015f\u0131nda Alman Loto'su i\u00e7in bilet sat\u0131n al\u0131n | Almanya Loto'su \u00e7evrimi\u00e7i","og_description":"Alman Loto 6\/49 biletlerine buradan ula\u015fabilir, Almanya d\u0131\u015f\u0131ndan g\u00fcvenli bir \u015fekilde buradan online sat\u0131n alabilirsiniz","og_url":"https:\/\/jackpotlotteryonline.com\/buy-tickets\/lotto-germany\/","og_site_name":"Lotto Online - Crack The International Lottery Jackpots","article_modified_time":"2023-01-03T21:20:03+00:00","og_image":[{"url":"https:\/\/jackpotlotteryonline.com\/wp-content\/uploads\/2022\/11\/2_ticket_euromillions3-1-111x300.jpg"}],"twitter_card":"summary_large_image","twitter_misc":{"Tahmini okuma s\u00fcresi":"5 dakika"},"schema":{"@context":"https:\/\/schema.org","@graph":[{"@type":"WebPage","@id":"https:\/\/jackpotlotteryonline.com\/buy-tickets\/lotto-germany\/","url":"https:\/\/jackpotlotteryonline.com\/buy-tickets\/lotto-germany\/","name":"Almanya d\u0131\u015f\u0131nda Alman Loto'su i\u00e7in bilet sat\u0131n al\u0131n | Almanya Loto'su \u00e7evrimi\u00e7i","isPartOf":{"@id":"https:\/\/jackpotlotteryonline.com\/#website"},"primaryImageOfPage":{"@id":"https:\/\/jackpotlotteryonline.com\/buy-tickets\/lotto-germany\/#primaryimage"},"image":{"@id":"https:\/\/jackpotlotteryonline.com\/buy-tickets\/lotto-germany\/#primaryimage"},"thumbnailUrl":"https:\/\/jackpotlotteryonline.com\/wp-content\/uploads\/2022\/11\/2_ticket_euromillions3-1-111x300.jpg","datePublished":"2022-11-08T10:56:25+00:00","dateModified":"2023-01-03T21:20:03+00:00","description":"Alman Loto 6\/49 biletlerine buradan ula\u015fabilir, Almanya d\u0131\u015f\u0131ndan g\u00fcvenli bir \u015fekilde buradan online sat\u0131n alabilirsiniz","breadcrumb":{"@id":"https:\/\/jackpotlotteryonline.com\/buy-tickets\/lotto-germany\/#breadcrumb"},"inLanguage":"tr","potentialAction":[{"@type":"ReadAction","target":["https:\/\/jackpotlotteryonline.com\/buy-tickets\/lotto-germany\/"]}]},{"@type":"ImageObject","inLanguage":"tr","@id":"https:\/\/jackpotlotteryonline.com\/buy-tickets\/lotto-germany\/#primaryimage","url":"https:\/\/jackpotlotteryonline.com\/wp-content\/uploads\/2022\/11\/2_ticket_euromillions3-1-111x300.jpg","contentUrl":"https:\/\/jackpotlotteryonline.com\/wp-content\/uploads\/2022\/11\/2_ticket_euromillions3-1-111x300.jpg"},{"@type":"BreadcrumbList","@id":"https:\/\/jackpotlotteryonline.com\/buy-tickets\/lotto-germany\/#breadcrumb","itemListElement":[{"@type":"ListItem","position":1,"name":"Home","item":"https:\/\/jackpotlotteryonline.com\/tr\/"},{"@type":"ListItem","position":2,"name":"\u0130nternetten Piyango Bileti Nas\u0131l Al\u0131n\u0131r","item":"https:\/\/jackpotlotteryonline.com\/tr\/bilet-satin-al\/"},{"@type":"ListItem","position":3,"name":"Almanya Loto i\u00e7in bilet sat\u0131n al\u0131n"}]},{"@type":"WebSite","@id":"https:\/\/jackpotlotteryonline.com\/#website","url":"https:\/\/jackpotlotteryonline.com\/","name":"Lotto Online - Crack The International Lottery Jackpots","description":"","potentialAction":[{"@type":"SearchAction","target":{"@type":"EntryPoint","urlTemplate":"https:\/\/jackpotlotteryonline.com\/?s={search_term_string}"},"query-input":"required name=search_term_string"}],"inLanguage":"tr"}]}},"_links":{"self":[{"href":"https:\/\/jackpotlotteryonline.com\/tr\/wp-json\/wp\/v2\/pages\/36705","targetHints":{"allow":["GET"]}}],"collection":[{"href":"https:\/\/jackpotlotteryonline.com\/tr\/wp-json\/wp\/v2\/pages"}],"about":[{"href":"https:\/\/jackpotlotteryonline.com\/tr\/wp-json\/wp\/v2\/types\/page"}],"author":[{"embeddable":true,"href":"https:\/\/jackpotlotteryonline.com\/tr\/wp-json\/wp\/v2\/users\/1"}],"replies":[{"embeddable":true,"href":"https:\/\/jackpotlotteryonline.com\/tr\/wp-json\/wp\/v2\/comments?post=36705"}],"version-history":[{"count":0,"href":"https:\/\/jackpotlotteryonline.com\/tr\/wp-json\/wp\/v2\/pages\/36705\/revisions"}],"up":[{"embeddable":true,"href":"https:\/\/jackpotlotteryonline.com\/tr\/wp-json\/wp\/v2\/pages\/35786"}],"wp:attachment":[{"href":"https:\/\/jackpotlotteryonline.com\/tr\/wp-json\/wp\/v2\/media?parent=36705"}],"curies":[{"name":"wp","href":"https:\/\/api.w.org\/{rel}","templated":true}]}}