{"id":36758,"date":"2022-11-08T13:07:07","date_gmt":"2022-11-08T13:07:07","guid":{"rendered":"https:\/\/jackpotlotteryonline.com\/?page_id=36758"},"modified":"2022-12-21T15:59:12","modified_gmt":"2022-12-21T15:59:12","slug":"la-primitiva","status":"publish","type":"page","link":"https:\/\/jackpotlotteryonline.com\/tr\/bilet-satin-al\/la-primitiva\/","title":{"rendered":"La Primitiva biletlerini sat\u0131n al\u0131n"},"content":{"rendered":"<h2>La Primitiva \u00c7evrimi\u00e7i<\/h2>\n<p>\u0130spanyol piyangolar\u0131 her zaman bir\u00e7ok ki\u015finin hayal g\u00fcc\u00fcn\u00fc yakalam\u0131\u015ft\u0131r ve La Primitiva da bir istisna de\u011fildir. Ve art\u0131k <strong>La Primitiva i\u00e7in \u0130spanya d\u0131\u015f\u0131ndan online bilet sat\u0131n alabilirsiniz<\/strong>. \u00d6nceleri La Primitiva sadece \u0130spanyol vatanda\u015flar\u0131yla s\u0131n\u0131rl\u0131yd\u0131, ancak ileti\u015fimin yayg\u0131nla\u015fmas\u0131yla birlikte yeni nesle ta\u015f\u0131nd\u0131 ve 18 ya\u015f\u0131ndan b\u00fcy\u00fck herkese sunuluyor.<\/p>\n<p>Web sitemiz arac\u0131l\u0131\u011f\u0131yla La Primitiva Loto art\u0131k \u00e7evrimi\u00e7i olarak oynanabilmektedir. Avrupa&#8217;n\u0131n en b\u00fcy\u00fck piyangolar\u0131ndan biridir ve b\u00fcy\u00fck \u00f6d\u00fcllerle birlikte gelir.<\/p>\n<p>La Primitiva loto i\u00e7in \u00e7evrimi\u00e7i bir bilet sat\u0131n almak istiyorsan\u0131z ve \u0130spanya d\u0131\u015f\u0131nda ya\u015f\u0131yorsan\u0131z, sahip oldu\u011funuz tek se\u00e7enek bizden sat\u0131n almak olacakt\u0131r. D\u00fcnyan\u0131n d\u00f6rt bir yan\u0131ndan bir\u00e7ok m\u00fc\u015fterimizle, La Primitiva biletini sizin ad\u0131n\u0131za sat\u0131n almak, say\u0131lar\u0131 se\u00e7menize yard\u0131mc\u0131 olmak ve para \u00f6d\u00fcl\u00fcn\u00fcn size g\u00fcvenli bir \u015fekilde teslim edilmesini sa\u011flamak dahil olmak \u00fczere size en iyi hizmetleri sunuyoruz.<\/p>\n<section class=\"layout\" style=\"border: solid 1px; width: 100%;\">\n<div class=\"img-div\" style=\"margin-top: 5px;\"><img decoding=\"async\" class=\"wp-image-17212 alignleft\" style=\"height: 45px; margin: 8px 8px 0px;\" src=\"https:\/\/jackpotlotteryonline.com\/wp-content\/uploads\/2022\/11\/read1.jpg\" alt=\"okuyun\" width=\"\" height=\"\" \/><\/div>\n<div style=\"padding-left: 5px;\">\n<div style=\"font-size: 1.1em;\">\n<p><strong>Piyango ba\u015far\u0131s\u0131n\u0131n s\u0131rr\u0131 nedir?<\/strong><\/p>\n<p style=\"font-size: 0.85em; margin-top: -1.5em;\">Piyango Nas\u0131l Ba\u015far\u0131yla Oynan\u0131r? \u00a0<a href=\"https:\/\/jackpotlotteryonline.com\/tr\/piyango-basarisinin-sirri-ne-dir\">daha fazla oku<\/a><\/p>\n<\/div>\n<\/div>\n<\/section>\n<h2>Neden La Primitiva Online oynamal\u0131s\u0131n\u0131z?<\/h2>\n<p><a href=\"https:\/\/jackpotlotteryonline.com\/tr\/kazanan-sayilar\/la-primitiva\">La Primitiva Online haftada<\/a> \u00fc\u00e7 kez \u00e7ekili\u015f yapar. Bu, ikramiyelerin h\u0131zla y\u00fckselmesi i\u00e7in zaman tan\u0131r. Ayn\u0131 zamanda, en \u00fcst \u00f6d\u00fcl kademeleri i\u00e7in bile kazanma \u015fans\u0131 olduk\u00e7a y\u00fcksektir. La Primitiva Online&#8217;a kat\u0131lan her loto hayran\u0131n\u0131n nakit \u00f6d\u00fcl kazanma ihtimali 1&#8217;e 6&#8217;d\u0131r.<\/p>\n<h2>La Primitiva vs El Gordo vs \u0130spanyol Noel Piyangosu<\/h2>\n<p>Sunulan \u00f6d\u00fcller a\u00e7\u0131s\u0131ndan a\u00e7\u0131k ara en b\u00fcy\u00fck piyangolardan biri olan La Primitiva, <a href=\"https:\/\/jackpotlotteryonline.com\/tr\/nasil-oynanir\/la-primitiva-2\">sitemizde oynayabilece\u011finiz<\/a> bir\u00e7ok loto ikramiyesi aras\u0131nda en \u00e7ok arananlardan biridir. \u0130spanya&#8217;da ya\u015fam\u0131yor olsan\u0131z bile umudunuzu veya f\u0131rsat\u0131n\u0131z\u0131 kaybetmeniz i\u00e7in hi\u00e7bir neden yok. E\u011fer 18 ya\u015f\u0131ndan b\u00fcy\u00fckseniz d\u00fcnyan\u0131n her yerinden oynayabilirsiniz.<\/p>\n<p>El Gordo tamamen farkl\u0131 bir piyangodur, ancak onu da sitemizde oynayabilirsiniz. El Gordo haftada sadece bir kez, Pazar g\u00fcnleri \u00e7ekilir.<\/p>\n<p>La Primitiva ve El Gordo&#8217;nun d\u00fczenli haftal\u0131k \u00e7ekili\u015flerine ek olarak, El Gordo&#8217;nun y\u0131lda sadece bir kez, 22 Aral\u0131k&#8217;ta \u00e7ekilen Noel bask\u0131s\u0131 vard\u0131r.<\/p>\n","protected":false},"excerpt":{"rendered":"<p>La Primitiva \u00c7evrimi\u00e7i \u0130spanyol piyangolar\u0131 her zaman bir\u00e7ok ki\u015finin hayal g\u00fcc\u00fcn\u00fc yakalam\u0131\u015ft\u0131r ve La Primitiva da bir istisna de\u011fildir. Ve art\u0131k La Primitiva i\u00e7in \u0130spanya d\u0131\u015f\u0131ndan online bilet sat\u0131n alabilirsiniz. \u00d6nceleri La Primitiva sadece \u0130spanyol vatanda\u015flar\u0131yla s\u0131n\u0131rl\u0131yd\u0131, ancak ileti\u015fimin yayg\u0131nla\u015fmas\u0131yla birlikte yeni nesle ta\u015f\u0131nd\u0131 ve 18 ya\u015f\u0131ndan b\u00fcy\u00fck herkese sunuluyor. Web sitemiz arac\u0131l\u0131\u011f\u0131yla La Primitiva [&hellip;]<\/p>\n","protected":false},"author":1,"featured_media":0,"parent":35786,"menu_order":7,"comment_status":"closed","ping_status":"closed","template":"la-primitiva-info.php","meta":{"_et_pb_use_builder":"","_et_pb_old_content":"","_et_gb_content_width":"","exclude_from_search":false,"footnotes":""},"class_list":["post-36758","page","type-page","status-publish","hentry"],"yoast_head":"<!-- This site is optimized with the Yoast SEO plugin v23.3 - https:\/\/yoast.com\/wordpress\/plugins\/seo\/ -->\n<title>La Primitiva Lotto i\u00e7in Online ve \u0130spanya d\u0131\u015f\u0131ndan bilet sat\u0131n al\u0131n<\/title>\n<meta name=\"description\" content=\"La Primitiva Lotto i\u00e7in \u0130spanya d\u0131\u015f\u0131ndan bilet al\u0131n, parmaklar\u0131n\u0131z\u0131 \u00e7aprazlay\u0131n, bekleyin ve b\u00fcy\u00fck kazan\u0131n!\" \/>\n<meta name=\"robots\" content=\"index, follow, max-snippet:-1, max-image-preview:large, max-video-preview:-1\" \/>\n<link rel=\"canonical\" href=\"https:\/\/jackpotlotteryonline.com\/buy-tickets\/la-primitiva\/\" \/>\n<meta property=\"og:locale\" content=\"tr_TR\" \/>\n<meta property=\"og:type\" content=\"article\" \/>\n<meta property=\"og:title\" content=\"La Primitiva Lotto i\u00e7in Online ve \u0130spanya d\u0131\u015f\u0131ndan bilet sat\u0131n al\u0131n\" \/>\n<meta property=\"og:description\" content=\"La Primitiva Lotto i\u00e7in \u0130spanya d\u0131\u015f\u0131ndan bilet al\u0131n, parmaklar\u0131n\u0131z\u0131 \u00e7aprazlay\u0131n, bekleyin ve b\u00fcy\u00fck kazan\u0131n!\" \/>\n<meta property=\"og:url\" content=\"https:\/\/jackpotlotteryonline.com\/buy-tickets\/la-primitiva\/\" \/>\n<meta property=\"og:site_name\" content=\"Lotto Online - Crack The International Lottery Jackpots\" \/>\n<meta property=\"article:modified_time\" content=\"2022-12-21T15:59:12+00:00\" \/>\n<meta property=\"og:image\" content=\"https:\/\/jackpotlotteryonline.com\/wp-content\/uploads\/2022\/11\/read1.jpg\" \/>\n<meta name=\"twitter:card\" content=\"summary_large_image\" \/>\n<meta name=\"twitter:label1\" content=\"Tahmini okuma s\u00fcresi\" \/>\n\t<meta name=\"twitter:data1\" content=\"2 dakika\" \/>\n<!-- \/ Yoast SEO plugin. -->","yoast_head_json":{"title":"La Primitiva Lotto i\u00e7in Online ve \u0130spanya d\u0131\u015f\u0131ndan bilet sat\u0131n al\u0131n","description":"La Primitiva Lotto i\u00e7in \u0130spanya d\u0131\u015f\u0131ndan bilet al\u0131n, parmaklar\u0131n\u0131z\u0131 \u00e7aprazlay\u0131n, bekleyin ve b\u00fcy\u00fck kazan\u0131n!","robots":{"index":"index","follow":"follow","max-snippet":"max-snippet:-1","max-image-preview":"max-image-preview:large","max-video-preview":"max-video-preview:-1"},"canonical":"https:\/\/jackpotlotteryonline.com\/buy-tickets\/la-primitiva\/","og_locale":"tr_TR","og_type":"article","og_title":"La Primitiva Lotto i\u00e7in Online ve \u0130spanya d\u0131\u015f\u0131ndan bilet sat\u0131n al\u0131n","og_description":"La Primitiva Lotto i\u00e7in \u0130spanya d\u0131\u015f\u0131ndan bilet al\u0131n, parmaklar\u0131n\u0131z\u0131 \u00e7aprazlay\u0131n, bekleyin ve b\u00fcy\u00fck kazan\u0131n!","og_url":"https:\/\/jackpotlotteryonline.com\/buy-tickets\/la-primitiva\/","og_site_name":"Lotto Online - Crack The International Lottery Jackpots","article_modified_time":"2022-12-21T15:59:12+00:00","og_image":[{"url":"https:\/\/jackpotlotteryonline.com\/wp-content\/uploads\/2022\/11\/read1.jpg"}],"twitter_card":"summary_large_image","twitter_misc":{"Tahmini okuma s\u00fcresi":"2 dakika"},"schema":{"@context":"https:\/\/schema.org","@graph":[{"@type":"WebPage","@id":"https:\/\/jackpotlotteryonline.com\/buy-tickets\/la-primitiva\/","url":"https:\/\/jackpotlotteryonline.com\/buy-tickets\/la-primitiva\/","name":"La Primitiva Lotto i\u00e7in Online ve \u0130spanya d\u0131\u015f\u0131ndan bilet sat\u0131n al\u0131n","isPartOf":{"@id":"https:\/\/jackpotlotteryonline.com\/#website"},"primaryImageOfPage":{"@id":"https:\/\/jackpotlotteryonline.com\/buy-tickets\/la-primitiva\/#primaryimage"},"image":{"@id":"https:\/\/jackpotlotteryonline.com\/buy-tickets\/la-primitiva\/#primaryimage"},"thumbnailUrl":"https:\/\/jackpotlotteryonline.com\/wp-content\/uploads\/2022\/11\/read1.jpg","datePublished":"2022-11-08T13:07:07+00:00","dateModified":"2022-12-21T15:59:12+00:00","description":"La Primitiva Lotto i\u00e7in \u0130spanya d\u0131\u015f\u0131ndan bilet al\u0131n, parmaklar\u0131n\u0131z\u0131 \u00e7aprazlay\u0131n, bekleyin ve b\u00fcy\u00fck kazan\u0131n!","breadcrumb":{"@id":"https:\/\/jackpotlotteryonline.com\/buy-tickets\/la-primitiva\/#breadcrumb"},"inLanguage":"tr","potentialAction":[{"@type":"ReadAction","target":["https:\/\/jackpotlotteryonline.com\/buy-tickets\/la-primitiva\/"]}]},{"@type":"ImageObject","inLanguage":"tr","@id":"https:\/\/jackpotlotteryonline.com\/buy-tickets\/la-primitiva\/#primaryimage","url":"https:\/\/jackpotlotteryonline.com\/wp-content\/uploads\/2022\/11\/read1.jpg","contentUrl":"https:\/\/jackpotlotteryonline.com\/wp-content\/uploads\/2022\/11\/read1.jpg"},{"@type":"BreadcrumbList","@id":"https:\/\/jackpotlotteryonline.com\/buy-tickets\/la-primitiva\/#breadcrumb","itemListElement":[{"@type":"ListItem","position":1,"name":"Home","item":"https:\/\/jackpotlotteryonline.com\/tr\/"},{"@type":"ListItem","position":2,"name":"\u0130nternetten Piyango Bileti Nas\u0131l Al\u0131n\u0131r","item":"https:\/\/jackpotlotteryonline.com\/tr\/bilet-satin-al\/"},{"@type":"ListItem","position":3,"name":"La Primitiva biletlerini sat\u0131n al\u0131n"}]},{"@type":"WebSite","@id":"https:\/\/jackpotlotteryonline.com\/#website","url":"https:\/\/jackpotlotteryonline.com\/","name":"Lotto Online - Crack The International Lottery Jackpots","description":"","potentialAction":[{"@type":"SearchAction","target":{"@type":"EntryPoint","urlTemplate":"https:\/\/jackpotlotteryonline.com\/?s={search_term_string}"},"query-input":"required name=search_term_string"}],"inLanguage":"tr"}]}},"_links":{"self":[{"href":"https:\/\/jackpotlotteryonline.com\/tr\/wp-json\/wp\/v2\/pages\/36758","targetHints":{"allow":["GET"]}}],"collection":[{"href":"https:\/\/jackpotlotteryonline.com\/tr\/wp-json\/wp\/v2\/pages"}],"about":[{"href":"https:\/\/jackpotlotteryonline.com\/tr\/wp-json\/wp\/v2\/types\/page"}],"author":[{"embeddable":true,"href":"https:\/\/jackpotlotteryonline.com\/tr\/wp-json\/wp\/v2\/users\/1"}],"replies":[{"embeddable":true,"href":"https:\/\/jackpotlotteryonline.com\/tr\/wp-json\/wp\/v2\/comments?post=36758"}],"version-history":[{"count":0,"href":"https:\/\/jackpotlotteryonline.com\/tr\/wp-json\/wp\/v2\/pages\/36758\/revisions"}],"up":[{"embeddable":true,"href":"https:\/\/jackpotlotteryonline.com\/tr\/wp-json\/wp\/v2\/pages\/35786"}],"wp:attachment":[{"href":"https:\/\/jackpotlotteryonline.com\/tr\/wp-json\/wp\/v2\/media?parent=36758"}],"curies":[{"name":"wp","href":"https:\/\/api.w.org\/{rel}","templated":true}]}}