{"id":36812,"date":"2022-11-09T07:34:14","date_gmt":"2022-11-09T07:34:14","guid":{"rendered":"https:\/\/jackpotlotteryonline.com\/?page_id=36812"},"modified":"2023-01-03T21:47:49","modified_gmt":"2023-01-03T21:47:49","slug":"lotto-france","status":"publish","type":"page","link":"https:\/\/jackpotlotteryonline.com\/tr\/bilet-satin-al\/lotto-france\/","title":{"rendered":"Fransa Loto bileti sat\u0131n al\u0131n"},"content":{"rendered":"<p>Avrupa \u00fclkesi d\u0131\u015f\u0131ndan Frans\u0131z Loto&#8217;su i\u00e7in bilet sat\u0131n alabilir misiniz? Belki deneyimli bir bahis\u00e7isiniz ya da acemisiniz ve neden bu \u00f6zel piyango ile ilgilenece\u011finizi merak ediyorsunuz. Frans\u0131z milli piyangosunun oynamak i\u00e7in harika bir oyun oldu\u011funa inanmam\u0131z\u0131n birka\u00e7 nedenini sizinle payla\u015faca\u011f\u0131z. D\u00fcnyan\u0131n ba\u015fka bir yerinden gelen bir oyuncuysan\u0131z, bu piyangoya nas\u0131l giri\u015f yapabilece\u011finizi de ke\u015ffedeceksiniz.<\/p>\n<p>Piyango bir \u015fans oyunudur ve bazen daha b\u00fcy\u00fck bal\u0131klar\u0131 yakalamak i\u00e7in a\u011f\u0131n\u0131z\u0131 yayman\u0131z gerekebilir. Temel olarak bu, kazanma \u015fans\u0131n\u0131z\u0131 art\u0131rabilmek i\u00e7in di\u011fer piyangolar\u0131 ke\u015ffetmek anlam\u0131na gelir. Frans\u0131z piyangosu bir\u00e7ok nedenden dolay\u0131 denemek i\u00e7in iyi bir piyangodur ve bu makalede bunlara de\u011finece\u011fiz.<\/p>\n<h2>\u0130nan\u0131lmaz ikramiye miktarlar\u0131<\/h2>\n<p>France Lotto ya da k\u0131saca Loto olarak da adland\u0131r\u0131lan Frans\u0131z lotosu, d\u00fcnyan\u0131n d\u00f6rt bir yan\u0131ndan oyuncular\u0131 \u00e7eken \u00e7ok cazip ikramiyelere sahiptir. Ba\u015flang\u0131\u00e7 tutar\u0131 2 milyon \u20ac olan ikramiye, her \u00e7ekili\u015ften sonra kazan\u0131lmad\u0131\u011f\u0131 takdirde \u00e7ok daha fazla b\u00fcy\u00fcme potansiyeline sahiptir.<\/p>\n<p>Frans\u0131z piyangosunun b\u00fcy\u00fck ikramiyesi, kazanan olmad\u0131\u011f\u0131nda devrediyor ve \u00f6nemli bir miktara ula\u015fana kadar artmaya devam ediyor. Bu Avrupa piyangosunu oynad\u0131\u011f\u0131n\u0131zda, 11 milyon \u20ac veya daha fazla bir ikramiyenin kazanan\u0131 olabilirsiniz.<\/p>\n<p>Ba\u011flam i\u00e7in, ikramiye her \u00e7ekili\u015ften sonra 1 milyon \u20ac artar ve devretmeyi durdurmadan \u00f6nce art arda 34 kez artabilir. T\u00fcm bunlar\u0131n ne kadar tutabilece\u011fini hayal etmeye \u00e7al\u0131\u015f\u0131n, hem de olduk\u00e7a h\u0131zl\u0131 bir \u015fekilde.<\/p>\n<h2>Haftada birka\u00e7 \u00e7ekili\u015f<\/h2>\n<p>Jackpot \u00f6d\u00fcl\u00fcn\u00fcn bu kadar h\u0131zl\u0131 b\u00fcy\u00fcmesinin nedeni, sahip oldu\u011fu \u00e7ekili\u015f say\u0131s\u0131d\u0131r. <a href=\"https:\/\/jackpotlotteryonline.com\/tr\/kazanan-sayilar\/france-lotto-2\">Frans\u0131z piyangosunun haftada \u00fc\u00e7 \u00e7ekili\u015fi vard\u0131r<\/a>, bu da oyunculara b\u00fcy\u00fck kazanma \u015fans\u0131 verir. \u00c7ekili\u015fler Pazartesi, \u00c7ar\u015famba ve Cumartesi g\u00fcnleri ger\u00e7ekle\u015fir.<\/p>\n<p>Bu piyangoya kat\u0131lmaya karar verirseniz, kazanma \u015fans\u0131n\u0131z\u0131 art\u0131rman\u0131n harika bir yolu oldu\u011fu i\u00e7in birden fazla \u00e7ekili\u015fe kat\u0131lman\u0131z\u0131 \u00f6neririz.<\/p>\n<h2>10 farkl\u0131 \u00f6d\u00fcl kategorisi<\/h2>\n<p><img loading=\"lazy\" decoding=\"async\" class=\"alignright size-full wp-image-30344\" src=\"http:\/\/jackpotlotteryonline.com\/wp-content\/uploads\/2022\/11\/1_winning_numbers_euromillions.jpg\" alt=\"Fransa piyango \u00f6d\u00fcl kategorisi\" width=\"300\" height=\"300\" srcset=\"https:\/\/jackpotlotteryonline.com\/wp-content\/uploads\/2022\/11\/1_winning_numbers_euromillions.jpg 300w, https:\/\/jackpotlotteryonline.com\/wp-content\/uploads\/2022\/11\/1_winning_numbers_euromillions-100x100.jpg 100w, https:\/\/jackpotlotteryonline.com\/wp-content\/uploads\/2022\/11\/1_winning_numbers_euromillions-150x150.jpg 150w\" sizes=\"auto, (max-width: 300px) 100vw, 300px\" \/><\/p>\n<p>B\u00fcy\u00fck ikramiye \u00f6d\u00fcl\u00fc caziptir, ancak <a href=\"https:\/\/jackpotlotteryonline.com\/tr\/nasil-oynanir\/france-lotto\">Frans\u0131z loto oynad\u0131\u011f\u0131n\u0131zda<\/a> kazanabilece\u011finiz tek \u015fey bu de\u011fildir. 1978&#8217;de kurulan bu piyangoda on farkl\u0131 \u00f6d\u00fcl kategorisi bulunmaktad\u0131r. \u015eans numaras\u0131n\u0131 e\u015fle\u015ftirmek i\u00e7in bile bir \u00f6d\u00fcl vard\u0131r.<\/p>\n<p>\u00d6d\u00fcl kategorileri a\u015fa\u011f\u0131da listelenmi\u015ftir.<\/p>\n<p>5 say\u0131y\u0131 e\u015fle\u015ftir + \u015eans say\u0131s\u0131 &#8211; Jackpot<br \/>\nSadece 5 say\u0131y\u0131 e\u015fle\u015ftirin &#8211; \u00f6d\u00fcl fonunun %8,44&#8217;\u00fc<br \/>\n4 say\u0131 + \u015eans say\u0131s\u0131n\u0131 e\u015fle\u015ftirin &#8211; \u00f6d\u00fcl fonunun %2,06&#8217;s\u0131<br \/>\nSadece 4 say\u0131y\u0131 e\u015fle\u015ftirin &#8211; \u00f6d\u00fcl fonunun %7,43&#8217;\u00fc<br \/>\n3 say\u0131 + \u015eans say\u0131s\u0131n\u0131 e\u015fle\u015ftirin &#8211; \u00f6d\u00fcl fonunun %4,44&#8217;\u00fc<br \/>\nSadece 3 say\u0131y\u0131 e\u015fle\u015ftirin &#8211; \u00f6d\u00fcl fonunun %15,98&#8217;i<br \/>\n2 say\u0131 + \u015eans say\u0131s\u0131n\u0131 e\u015fle\u015ftirin &#8211; \u00f6d\u00fcl fonunun %12,43&#8217;\u00fc<br \/>\nSadece 2 say\u0131y\u0131 e\u015fle\u015ftirin &#8211; \u00f6d\u00fcl fonunun %49,22&#8217;si<br \/>\n1 numara + \u015eans numaras\u0131 e\u015fle\u015ftirin &#8211; 2,20 \u20ac<br \/>\nSadece \u015fans say\u0131s\u0131 &#8211; 2,20 \u20ac<\/p>\n<h2>\u00c7evrimd\u0131\u015f\u0131 ve \u00e7evrimi\u00e7i oynamas\u0131 kolay<\/h2>\n<p>Frans\u0131z piyangosunu oynamay\u0131 d\u00fc\u015f\u00fcnmek i\u00e7in bir ba\u015fka neden de piyangoya girmenin olduk\u00e7a kolay olmas\u0131d\u0131r. Fransa&#8217;da ya\u015f\u0131yorsan\u0131z, piyangoya kat\u0131lmak, kay\u0131tl\u0131 bir piyango bayisine gidip bir piyango kuponu sat\u0131n almak kadar basittir. Fi\u015f \u00fczerinde 5 ana say\u0131 ve bir \u015fans say\u0131s\u0131 se\u00e7ebilirsiniz. Piyangoyu kazanma \u015fans\u0131n\u0131z\u0131 art\u0131rmak i\u00e7in birden fazla say\u0131 sat\u0131r\u0131 se\u00e7ebilirsiniz.<\/p>\n<p>Ancak Fransa d\u0131\u015f\u0131nda ya\u015f\u0131yorsan\u0131z, piyangoya kat\u0131lmak daha az basittir. Bu piyango i\u00e7in piyango bileti sat\u0131n almak i\u00e7in bir ma\u011fazaya giremezsiniz, bu nedenle biletleri \u00e7evrimi\u00e7i sat\u0131n alma se\u00e7ene\u011fi vard\u0131r. E\u011fer piyangoya internet \u00fczerinden kat\u0131l\u0131yorsan\u0131z, ayn\u0131 prensip ge\u00e7erlidir. Yani, 5 ana numara ve bir \u015fans numaras\u0131 se\u00e7in.<\/p>\n<p>Piyangoyu ister \u00e7evrimd\u0131\u015f\u0131 ister \u00e7evrimi\u00e7i oynuyor olun, girmek istedi\u011finiz \u00e7ekili\u015f say\u0131s\u0131n\u0131 se\u00e7meniz gerekir. \u00c7ekili\u015flerin sonunda, \u00e7ekilen say\u0131larla e\u015fle\u015fen bilet piyangoyu kazan\u0131r.<\/p>\n<section class=\"layout\" style=\"border: solid 1px; width: 100%;\">\n<div class=\"img-div\" style=\"margin-top: 5px;\"><img decoding=\"async\" class=\"wp-image-17212 alignleft\" style=\"height: 45px; margin: 8px 8px 0px;\" src=\"http:\/\/jackpotlotteryonline.com\/wp-content\/uploads\/2022\/11\/read1.jpg\" alt=\"okuyun\" width=\"\" height=\"\" \/><\/div>\n<div style=\"padding-left: 5px;\">\n<div style=\"font-size: 1.1em;\">\n<p><strong>Piyango numaralar\u0131n\u0131z\u0131n \u00e7ekili\u015fini canl\u0131 izleyin<\/strong><\/p>\n<p style=\"font-size: 0.85em; margin-top: -1.5em;\">En sevdi\u011finiz piyangolar\u0131n canl\u0131 \u00e7ekili\u015flerini nas\u0131l izleyebilirsiniz?\u00a0 <a href=\"https:\/\/jackpotlotteryonline.com\/tr\/piyango-numaralarinizin-cekilisini-canli-izleyin\"> daha fazla oku<\/a><\/p>\n<\/div>\n<\/div>\n<\/section>\n<h2>Jackpotlotteryonline.com ile Frans\u0131z Loto&#8217;sunu oynay\u0131n<\/h2>\n<p>\u0130nternet \u00fczerinden piyango oynama konusunda yeniyseniz, i\u015fler ger\u00e7ekten \u00e7ok h\u0131zl\u0131 bir \u015fekilde kafa kar\u0131\u015ft\u0131r\u0131c\u0131 olabilir. Ger\u00e7ek sat\u0131c\u0131lara piyango bileti satt\u0131\u011f\u0131n\u0131 iddia eden t\u00fcm farkl\u0131 siteleri nas\u0131l s\u0131ralars\u0131n\u0131z? \u00c7ok basit. Konsiyerj hizmetleri sunan bir site aray\u0131n.<\/p>\n<p>jackpotlotteryoneline.com&#8217;da m\u00fc\u015fterilerimize istedikleri piyangolara eri\u015febilmelerini sa\u011flamak i\u00e7in konsiyerj hizmetleri sunuyoruz. Sitemizden bir giri\u015f sat\u0131n ald\u0131\u011f\u0131n\u0131zda, Fransa&#8217;daki acentelerimiz se\u00e7ti\u011finiz numara ile fiziksel fi\u015fler sat\u0131n alacakt\u0131r.<\/p>\n<p>Bunun nedeni, sadece piyangonun sonucuna bahis oynamad\u0131\u011f\u0131n\u0131zdan, ayn\u0131 zamanda b\u00fcy\u00fck ikramiyeyi kazanma \u015fans\u0131 i\u00e7in \u00e7ekili\u015flere ger\u00e7ekten kat\u0131ld\u0131\u011f\u0131n\u0131zdan emin olmakt\u0131r.<\/p>\n<h2>Kazanma \u015fans\u0131n\u0131z\u0131 art\u0131racak ipu\u00e7lar\u0131<\/h2>\n<p><img loading=\"lazy\" decoding=\"async\" class=\"alignright size-full wp-image-35051\" src=\"http:\/\/jackpotlotteryonline.com\/wp-content\/uploads\/2022\/11\/2_ticket_saturday_lotto_au-1-166x300-1.jpg\" alt=\"Fransa piyango bileti\" width=\"166\" height=\"300\" \/><\/p>\n<p>Piyango bir say\u0131 oyunudur. Ne kadar \u00e7ok oynarsan\u0131z, kazanma \u015fans\u0131n\u0131z o kadar y\u00fcksek olur. Piyango kazananlar\u0131n\u0131n b\u00fcy\u00fck bir y\u00fczdesi, kazanmadan \u00f6nce birka\u00e7 y\u0131l boyunca oynad\u0131klar\u0131n\u0131 ortaya koymu\u015ftur. \u0130\u015fte size piyangoyu kazanma \u015fans\u0131n\u0131z\u0131 art\u0131rman\u0131n baz\u0131 yollar\u0131.<\/p>\n<ul>\n<li>Piyango i\u00e7in birka\u00e7 giri\u015f sat\u0131n al\u0131n. Bu \u00e7ok a\u00e7\u0131k g\u00f6r\u00fcn\u00fcyor ancak tek bir \u00e7ekili\u015f i\u00e7in tek bir giri\u015f sat\u0131n alan ve daha sonra kazanmad\u0131klar\u0131 i\u00e7in hayal k\u0131r\u0131kl\u0131\u011f\u0131na u\u011frayan insanlar var. Kazanma \u015fans\u0131n\u0131z\u0131 art\u0131rmak istiyorsan\u0131z, birden fazla giri\u015f sat\u0131n almal\u0131s\u0131n\u0131z.<\/li>\n<li>Birden fazla \u00e7ekili\u015fe de kat\u0131l\u0131n. \u00c7ekili\u015fler i\u00e7in de mant\u0131k ayn\u0131d\u0131r. Ne kadar \u00e7ok \u00e7ekili\u015fe girerseniz, b\u00fcy\u00fck kazanma \u015fans\u0131n\u0131z o kadar y\u00fcksek olur.<\/li>\n<li>Bir piyango sendikas\u0131na kat\u0131lmay\u0131 deneyin. Bu, piyango oynayabilmek i\u00e7in kaynaklar\u0131n\u0131 bir araya getirmek \u00fczere bir araya gelen bir grup insand\u0131r. Havuzlanm\u0131\u015f kaynaklarla, daha fazla giri\u015f sat\u0131n alabilir ve birka\u00e7 \u00e7ekili\u015fe kat\u0131labilirler. \u0130lgin\u00e7 bir \u015fekilde, bir\u00e7ok piyango sendikas\u0131 y\u0131llar i\u00e7inde inan\u0131lmaz ikramiyeler kazanm\u0131\u015ft\u0131r, bu y\u00fczden denemek i\u00e7in iyi bir se\u00e7enektir.<\/li>\n<li>Kazanaca\u011f\u0131n\u0131za inan\u0131n. \u00c7ekim yasas\u0131 bir \u015feydir ve bir\u00e7ok piyango kazanan\u0131 size piyangoyu kazanacaklar\u0131na dair inan\u00e7lar\u0131 oldu\u011funu s\u00f6yleyecektir. E\u011fer piyango oynamak i\u00e7in zaman harcayacaksan\u0131z, kazanaca\u011f\u0131n\u0131za dair g\u00fc\u00e7l\u00fc bir inanc\u0131n\u0131z\u0131n olmas\u0131 iyi bir fikirdir.<\/li>\n<li>Vazge\u00e7meyin. Kazanmadan birka\u00e7 kez oynad\u0131\u011f\u0131n\u0131zda vazge\u00e7mek cazip gelebilir. Ancak ger\u00e7ekten b\u00fcy\u00fck kazanmak istiyorsan\u0131z, tutarl\u0131 olman\u0131z gerekir. Sadece kar\u015f\u0131layabilece\u011finiz kadar bahis yap\u0131n.<\/li>\n<li>Piyango oynarken e\u011flenmeyi unutmay\u0131n. G\u00fcn\u00fcn sonunda, bu hala bir oyun ve deneyimden keyif ald\u0131\u011f\u0131n\u0131z s\u00fcrece buna de\u011fer.<\/li>\n<\/ul>\n<h2>Frans\u0131z Loto biletlerinizi \u015fimdi sat\u0131n al\u0131n<\/h2>\n<p>E\u011fer siz de bizim gibi Frans\u0131z piyangosu i\u00e7in heyecanlan\u0131yorsan\u0131z, piyango biletinizi sat\u0131n alma zaman\u0131 gelmi\u015f demektir. Neyse ki, biletlerinizi online olarak sat\u0131n alabilece\u011finiz i\u00e7in art\u0131k nerede ya\u015fad\u0131\u011f\u0131n\u0131z\u0131n bir \u00f6nemi yok.<\/p>\n<p>Bize kay\u0131t oldu\u011funuzda, biletlerinizi kaybetme veya sonu\u00e7lar\u0131 kontrol etmeyi unutma konusunda endi\u015felenmenize gerek yok. T\u00fcm bunlar\u0131 sizin i\u00e7in hallediyoruz ve sahip olabilece\u011finiz kazan\u00e7lar konusunda sizi uyar\u0131yoruz. Ayr\u0131ca kazanc\u0131n\u0131z\u0131 platformumuz \u00fczerinden kolayca \u00e7ekebilirsiniz.<\/p>\n<p>Sitemizde oynad\u0131\u011f\u0131n\u0131zda piyango oynamak sorunsuz ve stressiz bir deneyimdir. \u015eans\u0131n sizden yana olaca\u011f\u0131 g\u00fcn\u00fcn bug\u00fcn olup olmad\u0131\u011f\u0131n\u0131 asla bilemezsiniz. \u00d6yleyse neden Frans\u0131z lotosuna bilet sat\u0131n almak i\u00e7in bug\u00fcn bize kaydolmuyorsunuz?<\/p>\n","protected":false},"excerpt":{"rendered":"<p>Avrupa \u00fclkesi d\u0131\u015f\u0131ndan Frans\u0131z Loto&#8217;su i\u00e7in bilet sat\u0131n alabilir misiniz? Belki deneyimli bir bahis\u00e7isiniz ya da acemisiniz ve neden bu \u00f6zel piyango ile ilgilenece\u011finizi merak ediyorsunuz. Frans\u0131z milli piyangosunun oynamak i\u00e7in harika bir oyun oldu\u011funa inanmam\u0131z\u0131n birka\u00e7 nedenini sizinle payla\u015faca\u011f\u0131z. D\u00fcnyan\u0131n ba\u015fka bir yerinden gelen bir oyuncuysan\u0131z, bu piyangoya nas\u0131l giri\u015f yapabilece\u011finizi de ke\u015ffedeceksiniz. Piyango [&hellip;]<\/p>\n","protected":false},"author":1,"featured_media":0,"parent":35786,"menu_order":9,"comment_status":"closed","ping_status":"closed","template":"lotto-fr-info.php","meta":{"_et_pb_use_builder":"","_et_pb_old_content":"","_et_gb_content_width":"","exclude_from_search":false,"footnotes":""},"class_list":["post-36812","page","type-page","status-publish","hentry"],"yoast_head":"<!-- This site is optimized with the Yoast SEO plugin v23.3 - https:\/\/yoast.com\/wordpress\/plugins\/seo\/ -->\n<title>Fransa d\u0131\u015f\u0131ndan Frans\u0131z Loto bileti sat\u0131n al\u0131n | Fransa Loto biletlerini \u00e7evrimi\u00e7i al\u0131n<\/title>\n<meta name=\"description\" content=\"Fransa Loto bileti sat\u0131n almak i\u00e7in Fransa&#039;da olman\u0131za gerek yok. Frans\u0131z lotosu i\u00e7in biletlerinizi buradan online olarak al\u0131n!\" \/>\n<meta name=\"robots\" content=\"index, follow, max-snippet:-1, max-image-preview:large, max-video-preview:-1\" \/>\n<link rel=\"canonical\" href=\"https:\/\/jackpotlotteryonline.com\/buy-tickets\/lotto-france\/\" \/>\n<meta property=\"og:locale\" content=\"tr_TR\" \/>\n<meta property=\"og:type\" content=\"article\" \/>\n<meta property=\"og:title\" content=\"Fransa d\u0131\u015f\u0131ndan Frans\u0131z Loto bileti sat\u0131n al\u0131n | Fransa Loto biletlerini \u00e7evrimi\u00e7i al\u0131n\" \/>\n<meta property=\"og:description\" content=\"Fransa Loto bileti sat\u0131n almak i\u00e7in Fransa&#039;da olman\u0131za gerek yok. Frans\u0131z lotosu i\u00e7in biletlerinizi buradan online olarak al\u0131n!\" \/>\n<meta property=\"og:url\" content=\"https:\/\/jackpotlotteryonline.com\/buy-tickets\/lotto-france\/\" \/>\n<meta property=\"og:site_name\" content=\"Lotto Online - Crack The International Lottery Jackpots\" \/>\n<meta property=\"article:modified_time\" content=\"2023-01-03T21:47:49+00:00\" \/>\n<meta property=\"og:image\" content=\"http:\/\/jackpotlotteryonline.com\/wp-content\/uploads\/2022\/11\/1_winning_numbers_euromillions.jpg\" \/>\n<meta name=\"twitter:card\" content=\"summary_large_image\" \/>\n<meta name=\"twitter:label1\" content=\"Tahmini okuma s\u00fcresi\" \/>\n\t<meta name=\"twitter:data1\" content=\"5 dakika\" \/>\n<!-- \/ Yoast SEO plugin. -->","yoast_head_json":{"title":"Fransa d\u0131\u015f\u0131ndan Frans\u0131z Loto bileti sat\u0131n al\u0131n | Fransa Loto biletlerini \u00e7evrimi\u00e7i al\u0131n","description":"Fransa Loto bileti sat\u0131n almak i\u00e7in Fransa'da olman\u0131za gerek yok. Frans\u0131z lotosu i\u00e7in biletlerinizi buradan online olarak al\u0131n!","robots":{"index":"index","follow":"follow","max-snippet":"max-snippet:-1","max-image-preview":"max-image-preview:large","max-video-preview":"max-video-preview:-1"},"canonical":"https:\/\/jackpotlotteryonline.com\/buy-tickets\/lotto-france\/","og_locale":"tr_TR","og_type":"article","og_title":"Fransa d\u0131\u015f\u0131ndan Frans\u0131z Loto bileti sat\u0131n al\u0131n | Fransa Loto biletlerini \u00e7evrimi\u00e7i al\u0131n","og_description":"Fransa Loto bileti sat\u0131n almak i\u00e7in Fransa'da olman\u0131za gerek yok. Frans\u0131z lotosu i\u00e7in biletlerinizi buradan online olarak al\u0131n!","og_url":"https:\/\/jackpotlotteryonline.com\/buy-tickets\/lotto-france\/","og_site_name":"Lotto Online - Crack The International Lottery Jackpots","article_modified_time":"2023-01-03T21:47:49+00:00","og_image":[{"url":"http:\/\/jackpotlotteryonline.com\/wp-content\/uploads\/2022\/11\/1_winning_numbers_euromillions.jpg"}],"twitter_card":"summary_large_image","twitter_misc":{"Tahmini okuma s\u00fcresi":"5 dakika"},"schema":{"@context":"https:\/\/schema.org","@graph":[{"@type":"WebPage","@id":"https:\/\/jackpotlotteryonline.com\/buy-tickets\/lotto-france\/","url":"https:\/\/jackpotlotteryonline.com\/buy-tickets\/lotto-france\/","name":"Fransa d\u0131\u015f\u0131ndan Frans\u0131z Loto bileti sat\u0131n al\u0131n | Fransa Loto biletlerini \u00e7evrimi\u00e7i al\u0131n","isPartOf":{"@id":"https:\/\/jackpotlotteryonline.com\/#website"},"primaryImageOfPage":{"@id":"https:\/\/jackpotlotteryonline.com\/buy-tickets\/lotto-france\/#primaryimage"},"image":{"@id":"https:\/\/jackpotlotteryonline.com\/buy-tickets\/lotto-france\/#primaryimage"},"thumbnailUrl":"http:\/\/jackpotlotteryonline.com\/wp-content\/uploads\/2022\/11\/1_winning_numbers_euromillions.jpg","datePublished":"2022-11-09T07:34:14+00:00","dateModified":"2023-01-03T21:47:49+00:00","description":"Fransa Loto bileti sat\u0131n almak i\u00e7in Fransa'da olman\u0131za gerek yok. Frans\u0131z lotosu i\u00e7in biletlerinizi buradan online olarak al\u0131n!","breadcrumb":{"@id":"https:\/\/jackpotlotteryonline.com\/buy-tickets\/lotto-france\/#breadcrumb"},"inLanguage":"tr","potentialAction":[{"@type":"ReadAction","target":["https:\/\/jackpotlotteryonline.com\/buy-tickets\/lotto-france\/"]}]},{"@type":"ImageObject","inLanguage":"tr","@id":"https:\/\/jackpotlotteryonline.com\/buy-tickets\/lotto-france\/#primaryimage","url":"http:\/\/jackpotlotteryonline.com\/wp-content\/uploads\/2022\/11\/1_winning_numbers_euromillions.jpg","contentUrl":"http:\/\/jackpotlotteryonline.com\/wp-content\/uploads\/2022\/11\/1_winning_numbers_euromillions.jpg"},{"@type":"BreadcrumbList","@id":"https:\/\/jackpotlotteryonline.com\/buy-tickets\/lotto-france\/#breadcrumb","itemListElement":[{"@type":"ListItem","position":1,"name":"Home","item":"https:\/\/jackpotlotteryonline.com\/tr\/"},{"@type":"ListItem","position":2,"name":"\u0130nternetten Piyango Bileti Nas\u0131l Al\u0131n\u0131r","item":"https:\/\/jackpotlotteryonline.com\/tr\/bilet-satin-al\/"},{"@type":"ListItem","position":3,"name":"Fransa Loto bileti sat\u0131n al\u0131n"}]},{"@type":"WebSite","@id":"https:\/\/jackpotlotteryonline.com\/#website","url":"https:\/\/jackpotlotteryonline.com\/","name":"Lotto Online - Crack The International Lottery Jackpots","description":"","potentialAction":[{"@type":"SearchAction","target":{"@type":"EntryPoint","urlTemplate":"https:\/\/jackpotlotteryonline.com\/?s={search_term_string}"},"query-input":"required name=search_term_string"}],"inLanguage":"tr"}]}},"_links":{"self":[{"href":"https:\/\/jackpotlotteryonline.com\/tr\/wp-json\/wp\/v2\/pages\/36812","targetHints":{"allow":["GET"]}}],"collection":[{"href":"https:\/\/jackpotlotteryonline.com\/tr\/wp-json\/wp\/v2\/pages"}],"about":[{"href":"https:\/\/jackpotlotteryonline.com\/tr\/wp-json\/wp\/v2\/types\/page"}],"author":[{"embeddable":true,"href":"https:\/\/jackpotlotteryonline.com\/tr\/wp-json\/wp\/v2\/users\/1"}],"replies":[{"embeddable":true,"href":"https:\/\/jackpotlotteryonline.com\/tr\/wp-json\/wp\/v2\/comments?post=36812"}],"version-history":[{"count":0,"href":"https:\/\/jackpotlotteryonline.com\/tr\/wp-json\/wp\/v2\/pages\/36812\/revisions"}],"up":[{"embeddable":true,"href":"https:\/\/jackpotlotteryonline.com\/tr\/wp-json\/wp\/v2\/pages\/35786"}],"wp:attachment":[{"href":"https:\/\/jackpotlotteryonline.com\/tr\/wp-json\/wp\/v2\/media?parent=36812"}],"curies":[{"name":"wp","href":"https:\/\/api.w.org\/{rel}","templated":true}]}}