{"id":36865,"date":"2022-11-09T09:24:15","date_gmt":"2022-11-09T09:24:15","guid":{"rendered":"https:\/\/jackpotlotteryonline.com\/?page_id=36865"},"modified":"2023-01-04T09:24:13","modified_gmt":"2023-01-04T09:24:13","slug":"lotto-america","status":"publish","type":"page","link":"https:\/\/jackpotlotteryonline.com\/tr\/bilet-satin-al\/lotto-america\/","title":{"rendered":"Lotto America biletleri \u00e7evrimi\u00e7i"},"content":{"rendered":"<p>Mart 2018&#8217;de bir aile 23 milyon dolarl\u0131k Amerika Loto ikramiyesini kazand\u0131. Bu, \u015fimdiye kadar herhangi bir oyuncunun kazand\u0131\u011f\u0131 en y\u00fcksek \u00f6d\u00fcld\u00fcr, ancak dikkatleri bu piyangoya \u00e7ekmi\u015ftir. 1988 y\u0131l\u0131nda yedi Amerikan eyaleti taraf\u0131ndan kurulan piyangoya daha sonra bir\u00e7ok eyalet daha kat\u0131ld\u0131. Y\u0131llar i\u00e7inde, birka\u00e7 milyoner \u00fcretmi\u015ftir.<\/p>\n<p>Kat\u0131l\u0131mc\u0131 eyaletlerden herhangi birinde bu piyango i\u00e7in bilet sat\u0131n alabilirsiniz. \u0130lgin\u00e7 bir \u015fekilde, bu ABD&#8217;deki tek piyango de\u011fildir, ancak s\u00fcrekli olarak her yerden oyuncular\u0131 \u00e7ekmi\u015ftir. Kuzey Amerika d\u0131\u015f\u0131nda bir oyuncuysan\u0131z, bu piyangoya nas\u0131l bilet alaca\u011f\u0131n\u0131z\u0131 merak ediyor olabilirsiniz.<\/p>\n<p><a href=\"https:\/\/jackpotlotteryonline.com\/tr\/nasil-oynanir\/lotto-america-2\">Amerika d\u0131\u015f\u0131ndan bu piyangoyu ba\u015far\u0131l\u0131 bir \u015fekilde oynaman\u0131z<\/a> i\u00e7in size rehberlik edece\u011fiz. Ayr\u0131ca Lotto America ve piyangoya nas\u0131l kat\u0131laca\u011f\u0131n\u0131z hakk\u0131nda akl\u0131n\u0131za gelebilecek t\u00fcm sorular\u0131 yan\u0131tlamak i\u00e7in elimizden geleni yapaca\u011f\u0131z.<\/p>\n<h2>Piyango nas\u0131l \u00e7al\u0131\u015f\u0131r?<\/h2>\n<p><img loading=\"lazy\" decoding=\"async\" class=\"size-full wp-image-29993 alignright\" src=\"https:\/\/jackpotlotteryonline.com\/wp-content\/uploads\/2022\/11\/1_win_lottery_usa_online.jpg\" alt=\"Lotto America biletleri \u00e7evrimi\u00e7i\" width=\"300\" height=\"200\" \/><\/p>\n<p>\u00c7o\u011fu piyango oyunu gibi, bu da birden fazla y\u00f6nden bir say\u0131 oyunudur. Oyuncular\u0131n kazanma \u015fans\u0131n\u0131n y\u00fcksek olmad\u0131\u011f\u0131 bir say\u0131 oyunudur. Ancak piyango budur ve \u015fans\u0131n bir oyuncuyu ne zaman destekleyece\u011fini s\u00f6ylemek m\u00fcmk\u00fcn de\u011fildir. Ayn\u0131 zamanda oyunun oynan\u0131\u015f \u015fekli a\u00e7\u0131s\u0131ndan da bir say\u0131 oyunudur.<\/p>\n<p>Bu ABD piyangosu i\u00e7in oyuncular\u0131n 1 ile 52 aras\u0131nda be\u015f ana say\u0131 se\u00e7mesi gerekir. Ayr\u0131ca 1 ile 10 aras\u0131nda bir Y\u0131ld\u0131z Topu numaras\u0131 se\u00e7meniz gerekir. Bu toplam 6 say\u0131d\u0131r. Se\u00e7ece\u011finiz say\u0131lardan emin de\u011filseniz, daha h\u0131zl\u0131 hale getirmek i\u00e7in bir otomatik se\u00e7ici kullanabilirsiniz. Ayr\u0131ca, kazanma \u015fans\u0131n\u0131z\u0131 art\u0131rmak i\u00e7in birden fazla say\u0131 sat\u0131r\u0131 se\u00e7ebilirsiniz.<\/p>\n<p>Ard\u0131ndan, ka\u00e7 \u00e7ekili\u015fe kat\u0131lmak istedi\u011finizi se\u00e7ersiniz. Bu Amerikan piyangosu Pazartesi, \u00c7ar\u015famba ve Cumartesi g\u00fcnleri olmak \u00fczere haftada \u00fc\u00e7 \u00e7ekili\u015f d\u00fczenlemektedir. Birden fazla \u00e7ekili\u015fe kat\u0131labilirsiniz.<\/p>\n<h2>All Star Bonusunu Oynamak<\/h2>\n<p>All Star Bonusu, kazanc\u0131n\u0131z\u0131 katlaman\u0131n bir yoludur. Say\u0131lar\u0131n\u0131z\u0131 se\u00e7ti\u011finizde, ek bir \u00fccret kar\u015f\u0131l\u0131\u011f\u0131nda All Star bonusunu dahil edebilirsiniz. Bu, di\u011fer kategorilerde \u00f6d\u00fcl kazananlar i\u00e7in \u00f6zellikle yararl\u0131d\u0131r, \u00e7\u00fcnk\u00fc eve g\u00f6t\u00fcrd\u00fcklerini \u00f6nemli \u00f6l\u00e7\u00fcde art\u0131rabilir.<\/p>\n<p>All Star Bonusu rastgele se\u00e7ilir ve <a href=\"https:\/\/jackpotlotteryonline.com\/tr\/kazanan-sayilar\/lotto-america\">\u00e7ekili\u015f g\u00fcn\u00fcnde<\/a> duyurulur. Sat\u0131n alma i\u015fleminizi ger\u00e7ekle\u015ftirdikten sonra bunu dahil edemeyece\u011finizi unutmay\u0131n. Bilet sat\u0131n al\u0131m\u0131yla birlikte dahil edilmelidir.<\/p>\n<section class=\"layout\" style=\"border: solid 1px; width: 100%;\">\n<div class=\"img-div\" style=\"margin-top: 5px;\"><img decoding=\"async\" class=\"wp-image-17212 alignleft\" style=\"height: 45px; margin: 8px 8px 0px;\" src=\"https:\/\/jackpotlotteryonline.com\/wp-content\/uploads\/2022\/11\/read1.jpg\" alt=\"okuyun\" width=\"\" height=\"\" \/><\/div>\n<div style=\"padding-left: 5px;\">\n<div style=\"font-size: 1.1em;\">\n<p><strong>Baz\u0131 piyango talihlileri topluma geri d\u00f6nd\u00fc<\/strong><\/p>\n<p style=\"font-size: 0.85em; margin-top: -1.5em;\">Geri \u00f6deme yapan piyango kazananlar\u0131 hakk\u0131nda baz\u0131 ilgin\u00e7 ve i\u00e7 a\u00e7\u0131c\u0131 hikayeler\u00a0<a href=\"https:\/\/jackpotlotteryonline.com\/tr\/piyango-kazananlari-geri-verme-hakkinda-hikayeler\"> daha fazla oku<\/a><\/p>\n<\/div>\n<\/div>\n<\/section>\n<h2>Jackpot&#8217;u Kazanmak<\/h2>\n<p>B\u00fcy\u00fck ikramiye 2 milyon dolardan ba\u015flar. Bir \u00e7ekili\u015ften sonra kazanan olmazsa, bir sonraki \u00e7ekili\u015fe devredilir. \u0130kramiye 10 milyon dolara ula\u015fana kadar devretmeye devam eder. Ba\u015fta da belirtti\u011fimiz gibi, 10 milyon dolar\u0131 \u00e7oktan ge\u00e7ebilir.<\/p>\n<p>Bir oyuncunun bu Amerikan piyangosunu oynarken kazanabilece\u011fi tek \u00f6d\u00fcl\u00fcn b\u00fcy\u00fck ikramiye olmad\u0131\u011f\u0131n\u0131 belirtmekte fayda var. Sadece Y\u0131ld\u0131z Topunu e\u015fle\u015ftirmek i\u00e7in bir \u00f6d\u00fcl de dahil olmak \u00fczere sekiz \u00f6d\u00fcl seviyesi daha vard\u0131r. All Star Bonusu ile e\u015fle\u015ftirildi\u011finde, ikincil bir \u00f6d\u00fcl kazanan bir oyuncu evine \u00e7ok daha zengin d\u00f6nebilir.<\/p>\n<h2>Kazand\u0131\u011f\u0131n\u0131zda<\/h2>\n<p>Lotto America web sitesine g\u00f6re, \u00f6d\u00fcl\u00fc yaln\u0131zca kazand\u0131\u011f\u0131n\u0131z eyalette talep edebilirsiniz. Dolay\u0131s\u0131yla, \u00f6rne\u011fin biletinizi Maine&#8217;den ald\u0131ysan\u0131z, kazanc\u0131n\u0131z\u0131 talep etmek i\u00e7in o eyalete gitmeniz gerekir. Ancak, Amerika Birle\u015fik Devletleri d\u0131\u015f\u0131nda ya\u015f\u0131yorsan\u0131z, i\u015fler biraz farkl\u0131d\u0131r.<\/p>\n<h2>ABD d\u0131\u015f\u0131ndan loto Amerika biletleri nas\u0131l al\u0131n\u0131r<\/h2>\n<p><img loading=\"lazy\" decoding=\"async\" class=\"alignright size-medium wp-image-34079\" src=\"https:\/\/jackpotlotteryonline.com\/wp-content\/uploads\/2022\/11\/2_ticket_mon_wed_lotto_au-176x300.jpg\" alt=\"ABD d\u0131\u015f\u0131ndan loto Amerika biletleri\" width=\"176\" height=\"300\" srcset=\"https:\/\/jackpotlotteryonline.com\/wp-content\/uploads\/2022\/11\/2_ticket_mon_wed_lotto_au-176x300.jpg 176w, https:\/\/jackpotlotteryonline.com\/wp-content\/uploads\/2022\/11\/2_ticket_mon_wed_lotto_au.jpg 250w\" sizes=\"auto, (max-width: 176px) 100vw, 176px\" \/><\/p>\n<p>Bu piyangoya kat\u0131lman\u0131n sadece iki yolu vard\u0131r. Birincisi, biletlerin sat\u0131ld\u0131\u011f\u0131 herhangi bir eyaletteki bir sat\u0131c\u0131dan bilet sat\u0131n almakt\u0131r. \u0130kinci se\u00e7enek ise internet \u00fczerinden piyangoya eri\u015fim sa\u011flamakt\u0131r. Daha fazla bahis\u00e7i \u00e7evrimi\u00e7i uluslararas\u0131 piyangolara kat\u0131l\u0131yor.<\/p>\n<p>Oyunculara d\u00fcnyan\u0131n d\u00f6rt bir yan\u0131ndaki piyangolara yasal eri\u015fim sa\u011flayan piyango siteleri vard\u0131r. Bu sitelerden herhangi birini kullanmadan \u00f6nce, her \u015feyden \u00f6nce bir konsiyerj sitesi olup olmad\u0131\u011f\u0131n\u0131 \u00f6\u011frenmek \u00f6nemlidir. B\u00f6ylece piyangoya kat\u0131lmak yerine piyango sonu\u00e7lar\u0131 \u00fczerine bahis oynam\u0131\u015f olmazs\u0131n\u0131z.<\/p>\n<p>Piyango biletinizi bizden sat\u0131n ald\u0131\u011f\u0131n\u0131zda, se\u00e7ti\u011finiz piyangoya eri\u015fim elde edersiniz. D\u00fcnyan\u0131n d\u00f6rt bir yan\u0131ndaki acentelerimizle bir konsiyerj hizmeti y\u00fcr\u00fct\u00fcyoruz. Biletinizi \u00e7evrimi\u00e7i olarak sat\u0131n ald\u0131\u011f\u0131n\u0131zda, o \u00fclkedeki acentelerimiz de ilgili numaralar\u0131 i\u00e7eren fiziksel bir fi\u015f alacakt\u0131r. Nerede olursan\u0131z olun, b\u00fcy\u00fck kazanma \u015fans\u0131n\u0131z oldu\u011fundan emin olabilirsiniz.<\/p>\n","protected":false},"excerpt":{"rendered":"<p>Mart 2018&#8217;de bir aile 23 milyon dolarl\u0131k Amerika Loto ikramiyesini kazand\u0131. Bu, \u015fimdiye kadar herhangi bir oyuncunun kazand\u0131\u011f\u0131 en y\u00fcksek \u00f6d\u00fcld\u00fcr, ancak dikkatleri bu piyangoya \u00e7ekmi\u015ftir. 1988 y\u0131l\u0131nda yedi Amerikan eyaleti taraf\u0131ndan kurulan piyangoya daha sonra bir\u00e7ok eyalet daha kat\u0131ld\u0131. Y\u0131llar i\u00e7inde, birka\u00e7 milyoner \u00fcretmi\u015ftir. Kat\u0131l\u0131mc\u0131 eyaletlerden herhangi birinde bu piyango i\u00e7in bilet sat\u0131n alabilirsiniz. [&hellip;]<\/p>\n","protected":false},"author":1,"featured_media":0,"parent":35786,"menu_order":13,"comment_status":"closed","ping_status":"closed","template":"lotto-america-info.php","meta":{"_et_pb_use_builder":"","_et_pb_old_content":"","_et_gb_content_width":"","exclude_from_search":false,"footnotes":""},"class_list":["post-36865","page","type-page","status-publish","hentry"],"yoast_head":"<!-- This site is optimized with the Yoast SEO plugin v23.3 - https:\/\/yoast.com\/wordpress\/plugins\/seo\/ -->\n<title>ABD d\u0131\u015f\u0131ndan Lotto America bileti sat\u0131n al\u0131n | Lotto America \u00e7evrimi\u00e7i<\/title>\n<meta name=\"description\" content=\"Lotto America ABD d\u0131\u015f\u0131ndan da oynanabilir - Lotto America biletinizi \u00e7evrimi\u00e7i bilet hizmetimiz arac\u0131l\u0131\u011f\u0131yla sat\u0131n alman\u0131z yeterlidir\" \/>\n<meta name=\"robots\" content=\"index, follow, max-snippet:-1, max-image-preview:large, max-video-preview:-1\" \/>\n<link rel=\"canonical\" href=\"https:\/\/jackpotlotteryonline.com\/buy-tickets\/lotto-america\/\" \/>\n<meta property=\"og:locale\" content=\"tr_TR\" \/>\n<meta property=\"og:type\" content=\"article\" \/>\n<meta property=\"og:title\" content=\"ABD d\u0131\u015f\u0131ndan Lotto America bileti sat\u0131n al\u0131n | Lotto America \u00e7evrimi\u00e7i\" \/>\n<meta property=\"og:description\" content=\"Lotto America ABD d\u0131\u015f\u0131ndan da oynanabilir - Lotto America biletinizi \u00e7evrimi\u00e7i bilet hizmetimiz arac\u0131l\u0131\u011f\u0131yla sat\u0131n alman\u0131z yeterlidir\" \/>\n<meta property=\"og:url\" content=\"https:\/\/jackpotlotteryonline.com\/buy-tickets\/lotto-america\/\" \/>\n<meta property=\"og:site_name\" content=\"Lotto Online - Crack The International Lottery Jackpots\" \/>\n<meta property=\"article:modified_time\" content=\"2023-01-04T09:24:13+00:00\" \/>\n<meta property=\"og:image\" content=\"https:\/\/jackpotlotteryonline.com\/wp-content\/uploads\/2022\/11\/1_win_lottery_usa_online.jpg\" \/>\n<meta name=\"twitter:card\" content=\"summary_large_image\" \/>\n<meta name=\"twitter:label1\" content=\"Tahmini okuma s\u00fcresi\" \/>\n\t<meta name=\"twitter:data1\" content=\"4 dakika\" \/>\n<!-- \/ Yoast SEO plugin. -->","yoast_head_json":{"title":"ABD d\u0131\u015f\u0131ndan Lotto America bileti sat\u0131n al\u0131n | Lotto America \u00e7evrimi\u00e7i","description":"Lotto America ABD d\u0131\u015f\u0131ndan da oynanabilir - Lotto America biletinizi \u00e7evrimi\u00e7i bilet hizmetimiz arac\u0131l\u0131\u011f\u0131yla sat\u0131n alman\u0131z yeterlidir","robots":{"index":"index","follow":"follow","max-snippet":"max-snippet:-1","max-image-preview":"max-image-preview:large","max-video-preview":"max-video-preview:-1"},"canonical":"https:\/\/jackpotlotteryonline.com\/buy-tickets\/lotto-america\/","og_locale":"tr_TR","og_type":"article","og_title":"ABD d\u0131\u015f\u0131ndan Lotto America bileti sat\u0131n al\u0131n | Lotto America \u00e7evrimi\u00e7i","og_description":"Lotto America ABD d\u0131\u015f\u0131ndan da oynanabilir - Lotto America biletinizi \u00e7evrimi\u00e7i bilet hizmetimiz arac\u0131l\u0131\u011f\u0131yla sat\u0131n alman\u0131z yeterlidir","og_url":"https:\/\/jackpotlotteryonline.com\/buy-tickets\/lotto-america\/","og_site_name":"Lotto Online - Crack The International Lottery Jackpots","article_modified_time":"2023-01-04T09:24:13+00:00","og_image":[{"url":"https:\/\/jackpotlotteryonline.com\/wp-content\/uploads\/2022\/11\/1_win_lottery_usa_online.jpg"}],"twitter_card":"summary_large_image","twitter_misc":{"Tahmini okuma s\u00fcresi":"4 dakika"},"schema":{"@context":"https:\/\/schema.org","@graph":[{"@type":"WebPage","@id":"https:\/\/jackpotlotteryonline.com\/buy-tickets\/lotto-america\/","url":"https:\/\/jackpotlotteryonline.com\/buy-tickets\/lotto-america\/","name":"ABD d\u0131\u015f\u0131ndan Lotto America bileti sat\u0131n al\u0131n | Lotto America \u00e7evrimi\u00e7i","isPartOf":{"@id":"https:\/\/jackpotlotteryonline.com\/#website"},"primaryImageOfPage":{"@id":"https:\/\/jackpotlotteryonline.com\/buy-tickets\/lotto-america\/#primaryimage"},"image":{"@id":"https:\/\/jackpotlotteryonline.com\/buy-tickets\/lotto-america\/#primaryimage"},"thumbnailUrl":"https:\/\/jackpotlotteryonline.com\/wp-content\/uploads\/2022\/11\/1_win_lottery_usa_online.jpg","datePublished":"2022-11-09T09:24:15+00:00","dateModified":"2023-01-04T09:24:13+00:00","description":"Lotto America ABD d\u0131\u015f\u0131ndan da oynanabilir - Lotto America biletinizi \u00e7evrimi\u00e7i bilet hizmetimiz arac\u0131l\u0131\u011f\u0131yla sat\u0131n alman\u0131z yeterlidir","breadcrumb":{"@id":"https:\/\/jackpotlotteryonline.com\/buy-tickets\/lotto-america\/#breadcrumb"},"inLanguage":"tr","potentialAction":[{"@type":"ReadAction","target":["https:\/\/jackpotlotteryonline.com\/buy-tickets\/lotto-america\/"]}]},{"@type":"ImageObject","inLanguage":"tr","@id":"https:\/\/jackpotlotteryonline.com\/buy-tickets\/lotto-america\/#primaryimage","url":"https:\/\/jackpotlotteryonline.com\/wp-content\/uploads\/2022\/11\/1_win_lottery_usa_online.jpg","contentUrl":"https:\/\/jackpotlotteryonline.com\/wp-content\/uploads\/2022\/11\/1_win_lottery_usa_online.jpg"},{"@type":"BreadcrumbList","@id":"https:\/\/jackpotlotteryonline.com\/buy-tickets\/lotto-america\/#breadcrumb","itemListElement":[{"@type":"ListItem","position":1,"name":"Home","item":"https:\/\/jackpotlotteryonline.com\/tr\/"},{"@type":"ListItem","position":2,"name":"\u0130nternetten Piyango Bileti Nas\u0131l Al\u0131n\u0131r","item":"https:\/\/jackpotlotteryonline.com\/tr\/bilet-satin-al\/"},{"@type":"ListItem","position":3,"name":"Lotto America biletleri \u00e7evrimi\u00e7i"}]},{"@type":"WebSite","@id":"https:\/\/jackpotlotteryonline.com\/#website","url":"https:\/\/jackpotlotteryonline.com\/","name":"Lotto Online - Crack The International Lottery Jackpots","description":"","potentialAction":[{"@type":"SearchAction","target":{"@type":"EntryPoint","urlTemplate":"https:\/\/jackpotlotteryonline.com\/?s={search_term_string}"},"query-input":"required name=search_term_string"}],"inLanguage":"tr"}]}},"_links":{"self":[{"href":"https:\/\/jackpotlotteryonline.com\/tr\/wp-json\/wp\/v2\/pages\/36865","targetHints":{"allow":["GET"]}}],"collection":[{"href":"https:\/\/jackpotlotteryonline.com\/tr\/wp-json\/wp\/v2\/pages"}],"about":[{"href":"https:\/\/jackpotlotteryonline.com\/tr\/wp-json\/wp\/v2\/types\/page"}],"author":[{"embeddable":true,"href":"https:\/\/jackpotlotteryonline.com\/tr\/wp-json\/wp\/v2\/users\/1"}],"replies":[{"embeddable":true,"href":"https:\/\/jackpotlotteryonline.com\/tr\/wp-json\/wp\/v2\/comments?post=36865"}],"version-history":[{"count":0,"href":"https:\/\/jackpotlotteryonline.com\/tr\/wp-json\/wp\/v2\/pages\/36865\/revisions"}],"up":[{"embeddable":true,"href":"https:\/\/jackpotlotteryonline.com\/tr\/wp-json\/wp\/v2\/pages\/35786"}],"wp:attachment":[{"href":"https:\/\/jackpotlotteryonline.com\/tr\/wp-json\/wp\/v2\/media?parent=36865"}],"curies":[{"name":"wp","href":"https:\/\/api.w.org\/{rel}","templated":true}]}}