{"id":36917,"date":"2022-11-09T10:26:05","date_gmt":"2022-11-09T10:26:05","guid":{"rendered":"https:\/\/jackpotlotteryonline.com\/?page_id=36917"},"modified":"2022-12-22T13:06:04","modified_gmt":"2022-12-22T13:06:04","slug":"uk-lottery","status":"publish","type":"page","link":"https:\/\/jackpotlotteryonline.com\/tr\/bilet-satin-al\/uk-lottery\/","title":{"rendered":"Birle\u015fik Krall\u0131k Piyangosu"},"content":{"rendered":"<h2>Lottery UK Online Genel Bak\u0131\u015f<\/h2>\n<p><strong>Birle\u015fik Krall\u0131k<\/strong> Piyangosu, milyonerler yaratma kabiliyeti nedeniyle pop\u00fcler bir oyundur. Online olarak da oynanabilir. <a href=\"https:\/\/jackpotlotteryonline.com\/tr\/kazanan-sayilar\/uk-lottery\">Oyun \u00c7ar\u015famba ve Cumartesi<\/a> g\u00fcnleri olmak \u00fczere haftada iki kez \u00e7ekilmektedir.<\/p>\n<h2>Birle\u015fik Krall\u0131k Piyangosu Nas\u0131l \u00c7al\u0131\u015f\u0131r?<\/h2>\n<p>Her oyuncu biletinde 1-49 say\u0131lar\u0131 aras\u0131ndan 6 say\u0131 se\u00e7melidir. \u00c7ekili\u015f ger\u00e7ekle\u015fti\u011finde, bir bonus say\u0131 ile birlikte alt\u0131 say\u0131 se\u00e7ilir. Nispeten k\u00fc\u00e7\u00fck \u00f6deme y\u00fczdesi nedeniyle bu piyangoyu \u00f6nermiyoruz. Daha iyi \u00f6demelere ve daha y\u00fcksek ikramiyelere sahip \u00e7ok say\u0131da ba\u015fka uluslararas\u0131 piyango oyunu \u00e7evrimi\u00e7i olarak mevcuttur.<\/p>\n<section class=\"layout\" style=\"border: solid 1px; width: 100%;\">\n<div class=\"img-div\" style=\"margin-top: 5px;\"><img decoding=\"async\" class=\"wp-image-17212 alignleft\" style=\"height: 45px; margin: 8px 8px 0px;\" src=\"http:\/\/jackpotlotteryonline.com\/wp-content\/uploads\/2022\/11\/read1.jpg\" alt=\"okuyun\" width=\"\" height=\"\" \/><\/div>\n<div style=\"padding-left: 5px;\">\n<div style=\"font-size: 1.1em;\">\n<p><strong>Avrupa Piyangolar\u0131<\/strong><\/p>\n<p style=\"font-size: 0.85em; margin-top: -1.5em;\">Hangi Avrupa piyangolar\u0131 en iyisidir?\u00a0<a href=\"https:\/\/jackpotlotteryonline.com\/tr\/en-i\u0307yi\u0307-avrupa-pi\u0307yangolari-hangi\u0307leri\u0307di\u0307r\"> daha fazla oku<\/a><\/p>\n<\/div>\n<\/div>\n<\/section>\n<h2>Birle\u015fik Krall\u0131k Piyangosunu Kazanmak<\/h2>\n<p><img loading=\"lazy\" decoding=\"async\" class=\"alignright size-medium wp-image-19520\" src=\"http:\/\/jackpotlotteryonline.com\/wp-content\/uploads\/2022\/10\/2_ticket_uk_lottery-192x300.jpg\" alt=\"\u0130ngiltere piyango bileti sat\u0131n al\" width=\"192\" height=\"300\" srcset=\"https:\/\/jackpotlotteryonline.com\/wp-content\/uploads\/2022\/10\/2_ticket_uk_lottery-192x300.jpg 192w, https:\/\/jackpotlotteryonline.com\/wp-content\/uploads\/2022\/10\/2_ticket_uk_lottery.jpg 250w\" sizes=\"auto, (max-width: 192px) 100vw, 192px\" \/><\/p>\n<p>Bir \u00f6d\u00fcl kazanmak i\u00e7in \u00e7ekilen ana say\u0131larla en az \u00fc\u00e7 say\u0131y\u0131 e\u015fle\u015ftirmeniz gerekir. Bonus numaras\u0131 yaln\u0131zca \u00e7ekili\u015fteki ana say\u0131lardan en az be\u015fini e\u015fle\u015ftirmeniz durumunda ge\u00e7erlidir.<\/p>\n<p>Kazanc\u0131n\u0131z\u0131 talep etmek kolayd\u0131r. 2500\u20ac&#8217;ya kadar kazan\u0131rsan\u0131z, do\u011frudan sitemizdeki piyango oyuncu hesab\u0131n\u0131za \u00f6deme yap\u0131lacakt\u0131r. 2.500\u20ac&#8217;dan y\u00fcksek kazan\u00e7lar i\u00e7in m\u00fc\u015fteri destek departman\u0131m\u0131z sizinle ileti\u015fime ge\u00e7ecek ve piyango \u015firketinden do\u011frudan bir \u00f6deme ayarlayacakt\u0131r.<\/p>\n<p>T\u00fcm Birle\u015fik Krall\u0131k loto fonlar\u0131n\u0131n yakla\u015f\u0131k %45&#8217;i para \u00f6d\u00fcl\u00fcne gitmektedir. E\u011fer ana say\u0131lardan alt\u0131s\u0131n\u0131 tutturursan\u0131z, havuzun fonunun %52&#8217;si size \u00f6denecektir; e\u011fer be\u015f ana say\u0131 ve bonus say\u0131y\u0131 tutturursan\u0131z, havuzun kalan fonunun %16&#8217;s\u0131 size \u00f6denecektir; e\u011fer be\u015f ana say\u0131 tutturursan\u0131z, havuzun kalan fonunun %10&#8217;u size \u00f6denecektir; e\u011fer d\u00f6rt ana say\u0131 tutturursan\u0131z, havuzun kalan fonunun %22&#8217;si size \u00f6denecektir ve e\u011fer 3 ana say\u0131 tutturursan\u0131z, genellikle \u00a310 \u00f6denecektir. UK Lotto ayr\u0131ca \u00e7evrimi\u00e7i an\u0131nda kazanma oyunlar\u0131 da sunmaktad\u0131r.<\/p>\n<h2>\u0130ngiltere Piyangosunu \u00c7evrimi\u00e7i Oynamak<\/h2>\n<p><a href=\"https:\/\/jackpotlotteryonline.com\/tr\/nasil-oynanir\/uk-lottery\">Birle\u015fik Krall\u0131k Loto&#8217;sunu \u00e7evrimi\u00e7i olarak oynayabilirsiniz<\/a>, bu da onu daha eri\u015filebilir ve kullan\u0131\u015fl\u0131 hale getirir. Art\u0131k bir perakendeciden Birle\u015fik Krall\u0131k loto bileti almak i\u00e7in d\u0131\u015far\u0131 \u00e7\u0131kmak zorunda de\u011filsiniz; art\u0131k kendi evinizin rahatl\u0131\u011f\u0131nda bilet sat\u0131n alabilirsiniz ve bu Birle\u015fik Krall\u0131k&#8217;ta ya\u015faman\u0131za ba\u011fl\u0131 de\u011fildir.<\/p>\n<p>Birle\u015fik Krall\u0131k loto oyununu \u00e7evrimi\u00e7i olarak ve Birle\u015fik Krall\u0131k d\u0131\u015f\u0131ndan oynamak i\u00e7in, Birle\u015fik Krall\u0131k loto oyunu i\u00e7in yukar\u0131daki ba\u015fl\u0131\u011fa t\u0131klaman\u0131z gerekecektir. Kay\u0131t olman\u0131z ve ard\u0131ndan \u00e7evrimi\u00e7i \u00f6demeyi tamamlaman\u0131z yeterlidir.<\/p>\n<h2>Neden uluslararas\u0131 piyango ikramiyelerinin \u00e7o\u011fu Birle\u015fik Krall\u0131k Piyangosundan daha cazip?<\/h2>\n<ul>\n<li>Uluslararas\u0131 piyangolarda ikramiyeler \u00e7ok daha y\u00fcksektir (\u00fcstteki ba\u015fl\u0131ktaki miktarlar\u0131 kontrol edin)<\/li>\n<li>\u0130ngiltere Loto&#8217;su fonlar\u0131n sadece %45&#8217;ini kazan\u00e7 olarak da\u011f\u0131t\u0131yor<\/li>\n<li>Web sitemizde, aralar\u0131ndan se\u00e7im yapabilece\u011finiz \u00e7e\u015fitli mega piyangolar ve b\u00fcy\u00fck ikramiyeler var!<\/li>\n<\/ul>\n","protected":false},"excerpt":{"rendered":"<p>Lottery UK Online Genel Bak\u0131\u015f Birle\u015fik Krall\u0131k Piyangosu, milyonerler yaratma kabiliyeti nedeniyle pop\u00fcler bir oyundur. Online olarak da oynanabilir. Oyun \u00c7ar\u015famba ve Cumartesi g\u00fcnleri olmak \u00fczere haftada iki kez \u00e7ekilmektedir. Birle\u015fik Krall\u0131k Piyangosu Nas\u0131l \u00c7al\u0131\u015f\u0131r? Her oyuncu biletinde 1-49 say\u0131lar\u0131 aras\u0131ndan 6 say\u0131 se\u00e7melidir. \u00c7ekili\u015f ger\u00e7ekle\u015fti\u011finde, bir bonus say\u0131 ile birlikte alt\u0131 say\u0131 se\u00e7ilir. Nispeten [&hellip;]<\/p>\n","protected":false},"author":1,"featured_media":0,"parent":35786,"menu_order":10,"comment_status":"closed","ping_status":"closed","template":"lotto-uk-info.php","meta":{"_et_pb_use_builder":"","_et_pb_old_content":"","_et_gb_content_width":"","exclude_from_search":false,"footnotes":""},"class_list":["post-36917","page","type-page","status-publish","hentry"],"yoast_head":"<!-- This site is optimized with the Yoast SEO plugin v23.3 - https:\/\/yoast.com\/wordpress\/plugins\/seo\/ -->\n<title>Birle\u015fik Krall\u0131k d\u0131\u015f\u0131ndan Birle\u015fik Krall\u0131k Piyangosu i\u00e7in \u00e7evrimi\u00e7i bilet sat\u0131n al\u0131n<\/title>\n<meta name=\"description\" content=\"Birle\u015fik Krall\u0131k Piyangosu nas\u0131l \u00e7al\u0131\u015f\u0131r ve Birle\u015fik Krall\u0131k d\u0131\u015f\u0131ndan nas\u0131l bilet al\u0131n\u0131r ve \u00e7evrimi\u00e7i kazan\u0131l\u0131r?\" \/>\n<meta name=\"robots\" content=\"index, follow, max-snippet:-1, max-image-preview:large, max-video-preview:-1\" \/>\n<link rel=\"canonical\" href=\"https:\/\/jackpotlotteryonline.com\/tr\/bilet-satin-al\/uk-lottery\/\" \/>\n<meta property=\"og:locale\" content=\"tr_TR\" \/>\n<meta property=\"og:type\" content=\"article\" \/>\n<meta property=\"og:title\" content=\"Birle\u015fik Krall\u0131k d\u0131\u015f\u0131ndan Birle\u015fik Krall\u0131k Piyangosu i\u00e7in \u00e7evrimi\u00e7i bilet sat\u0131n al\u0131n\" \/>\n<meta property=\"og:description\" content=\"Birle\u015fik Krall\u0131k Piyangosu nas\u0131l \u00e7al\u0131\u015f\u0131r ve Birle\u015fik Krall\u0131k d\u0131\u015f\u0131ndan nas\u0131l bilet al\u0131n\u0131r ve \u00e7evrimi\u00e7i kazan\u0131l\u0131r?\" \/>\n<meta property=\"og:url\" content=\"https:\/\/jackpotlotteryonline.com\/tr\/bilet-satin-al\/uk-lottery\/\" \/>\n<meta property=\"og:site_name\" content=\"Lotto Online - Crack The International Lottery Jackpots\" \/>\n<meta property=\"article:modified_time\" content=\"2022-12-22T13:06:04+00:00\" \/>\n<meta property=\"og:image\" content=\"http:\/\/jackpotlotteryonline.com\/wp-content\/uploads\/2022\/11\/read1.jpg\" \/>\n<meta name=\"twitter:card\" content=\"summary_large_image\" \/>\n<meta name=\"twitter:label1\" content=\"Tahmini okuma s\u00fcresi\" \/>\n\t<meta name=\"twitter:data1\" content=\"2 dakika\" \/>\n<!-- \/ Yoast SEO plugin. -->","yoast_head_json":{"title":"Birle\u015fik Krall\u0131k d\u0131\u015f\u0131ndan Birle\u015fik Krall\u0131k Piyangosu i\u00e7in \u00e7evrimi\u00e7i bilet sat\u0131n al\u0131n","description":"Birle\u015fik Krall\u0131k Piyangosu nas\u0131l \u00e7al\u0131\u015f\u0131r ve Birle\u015fik Krall\u0131k d\u0131\u015f\u0131ndan nas\u0131l bilet al\u0131n\u0131r ve \u00e7evrimi\u00e7i kazan\u0131l\u0131r?","robots":{"index":"index","follow":"follow","max-snippet":"max-snippet:-1","max-image-preview":"max-image-preview:large","max-video-preview":"max-video-preview:-1"},"canonical":"https:\/\/jackpotlotteryonline.com\/tr\/bilet-satin-al\/uk-lottery\/","og_locale":"tr_TR","og_type":"article","og_title":"Birle\u015fik Krall\u0131k d\u0131\u015f\u0131ndan Birle\u015fik Krall\u0131k Piyangosu i\u00e7in \u00e7evrimi\u00e7i bilet sat\u0131n al\u0131n","og_description":"Birle\u015fik Krall\u0131k Piyangosu nas\u0131l \u00e7al\u0131\u015f\u0131r ve Birle\u015fik Krall\u0131k d\u0131\u015f\u0131ndan nas\u0131l bilet al\u0131n\u0131r ve \u00e7evrimi\u00e7i kazan\u0131l\u0131r?","og_url":"https:\/\/jackpotlotteryonline.com\/tr\/bilet-satin-al\/uk-lottery\/","og_site_name":"Lotto Online - Crack The International Lottery Jackpots","article_modified_time":"2022-12-22T13:06:04+00:00","og_image":[{"url":"http:\/\/jackpotlotteryonline.com\/wp-content\/uploads\/2022\/11\/read1.jpg"}],"twitter_card":"summary_large_image","twitter_misc":{"Tahmini okuma s\u00fcresi":"2 dakika"},"schema":{"@context":"https:\/\/schema.org","@graph":[{"@type":"WebPage","@id":"https:\/\/jackpotlotteryonline.com\/tr\/bilet-satin-al\/uk-lottery\/","url":"https:\/\/jackpotlotteryonline.com\/tr\/bilet-satin-al\/uk-lottery\/","name":"Birle\u015fik Krall\u0131k d\u0131\u015f\u0131ndan Birle\u015fik Krall\u0131k Piyangosu i\u00e7in \u00e7evrimi\u00e7i bilet sat\u0131n al\u0131n","isPartOf":{"@id":"https:\/\/jackpotlotteryonline.com\/#website"},"primaryImageOfPage":{"@id":"https:\/\/jackpotlotteryonline.com\/tr\/bilet-satin-al\/uk-lottery\/#primaryimage"},"image":{"@id":"https:\/\/jackpotlotteryonline.com\/tr\/bilet-satin-al\/uk-lottery\/#primaryimage"},"thumbnailUrl":"http:\/\/jackpotlotteryonline.com\/wp-content\/uploads\/2022\/11\/read1.jpg","datePublished":"2022-11-09T10:26:05+00:00","dateModified":"2022-12-22T13:06:04+00:00","description":"Birle\u015fik Krall\u0131k Piyangosu nas\u0131l \u00e7al\u0131\u015f\u0131r ve Birle\u015fik Krall\u0131k d\u0131\u015f\u0131ndan nas\u0131l bilet al\u0131n\u0131r ve \u00e7evrimi\u00e7i kazan\u0131l\u0131r?","breadcrumb":{"@id":"https:\/\/jackpotlotteryonline.com\/tr\/bilet-satin-al\/uk-lottery\/#breadcrumb"},"inLanguage":"tr","potentialAction":[{"@type":"ReadAction","target":["https:\/\/jackpotlotteryonline.com\/tr\/bilet-satin-al\/uk-lottery\/"]}]},{"@type":"ImageObject","inLanguage":"tr","@id":"https:\/\/jackpotlotteryonline.com\/tr\/bilet-satin-al\/uk-lottery\/#primaryimage","url":"http:\/\/jackpotlotteryonline.com\/wp-content\/uploads\/2022\/11\/read1.jpg","contentUrl":"http:\/\/jackpotlotteryonline.com\/wp-content\/uploads\/2022\/11\/read1.jpg"},{"@type":"BreadcrumbList","@id":"https:\/\/jackpotlotteryonline.com\/tr\/bilet-satin-al\/uk-lottery\/#breadcrumb","itemListElement":[{"@type":"ListItem","position":1,"name":"Home","item":"https:\/\/jackpotlotteryonline.com\/tr\/"},{"@type":"ListItem","position":2,"name":"\u0130nternetten Piyango Bileti Nas\u0131l Al\u0131n\u0131r","item":"https:\/\/jackpotlotteryonline.com\/tr\/bilet-satin-al\/"},{"@type":"ListItem","position":3,"name":"Birle\u015fik Krall\u0131k Piyangosu"}]},{"@type":"WebSite","@id":"https:\/\/jackpotlotteryonline.com\/#website","url":"https:\/\/jackpotlotteryonline.com\/","name":"Lotto Online - Crack The International Lottery Jackpots","description":"","potentialAction":[{"@type":"SearchAction","target":{"@type":"EntryPoint","urlTemplate":"https:\/\/jackpotlotteryonline.com\/?s={search_term_string}"},"query-input":"required name=search_term_string"}],"inLanguage":"tr"}]}},"_links":{"self":[{"href":"https:\/\/jackpotlotteryonline.com\/tr\/wp-json\/wp\/v2\/pages\/36917","targetHints":{"allow":["GET"]}}],"collection":[{"href":"https:\/\/jackpotlotteryonline.com\/tr\/wp-json\/wp\/v2\/pages"}],"about":[{"href":"https:\/\/jackpotlotteryonline.com\/tr\/wp-json\/wp\/v2\/types\/page"}],"author":[{"embeddable":true,"href":"https:\/\/jackpotlotteryonline.com\/tr\/wp-json\/wp\/v2\/users\/1"}],"replies":[{"embeddable":true,"href":"https:\/\/jackpotlotteryonline.com\/tr\/wp-json\/wp\/v2\/comments?post=36917"}],"version-history":[{"count":0,"href":"https:\/\/jackpotlotteryonline.com\/tr\/wp-json\/wp\/v2\/pages\/36917\/revisions"}],"up":[{"embeddable":true,"href":"https:\/\/jackpotlotteryonline.com\/tr\/wp-json\/wp\/v2\/pages\/35786"}],"wp:attachment":[{"href":"https:\/\/jackpotlotteryonline.com\/tr\/wp-json\/wp\/v2\/media?parent=36917"}],"curies":[{"name":"wp","href":"https:\/\/api.w.org\/{rel}","templated":true}]}}