{"id":36971,"date":"2022-11-09T11:46:02","date_gmt":"2022-11-09T11:46:02","guid":{"rendered":"https:\/\/jackpotlotteryonline.com\/?page_id=36971"},"modified":"2023-01-04T08:25:46","modified_gmt":"2023-01-04T08:25:46","slug":"set-for-life","status":"publish","type":"page","link":"https:\/\/jackpotlotteryonline.com\/tr\/bilet-satin-al\/set-for-life\/","title":{"rendered":"Set for Life biletleri sat\u0131n al\u0131n"},"content":{"rendered":"<p>\u00d6m\u00fcr boyu s\u00fcrecek bir \u015fansa haz\u0131r m\u0131s\u0131n\u0131z? \u00d6n\u00fcm\u00fczdeki 30 y\u0131l boyunca her ay 10.000 \u00a3 kazanma \u015fans\u0131n\u0131 yakalamak i\u00e7in \u015fimdiki zaman gibisi yok ve her \u015fey Birle\u015fik Krall\u0131k<a href=\"https:\/\/jackpotlotteryonline.com\/tr\/nasil-oynanir\/saturday-lotto-2\"> piyangosunu oynamakla ba\u015fl\u0131yor.<\/a><\/p>\n<p>Bu piyango Birle\u015fik Krall\u0131k Milli Piyangosu taraf\u0131ndan i\u015fletilmektedir ve ilk \u00e7ekili\u015fi 1999 y\u0131l\u0131nda yap\u0131lm\u0131\u015ft\u0131r. O zamandan beri \u0130ngiliz piyango oyuncular\u0131n\u0131n g\u00f6zdesi olmu\u015ftur \u00e7\u00fcnk\u00fc 30 y\u0131l boyunca ayda 10.000 sterlin kazanma cazibesine kar\u015f\u0131 koymak onlar i\u00e7in neredeyse \u00e7ok zor g\u00f6r\u00fcnmektedir. Siz de bu konuda direnmemelisiniz. Bu piyangoyu kazanmak neredeyse Noel Baba&#8217;n\u0131n her ay evinize gelmesi gibidir.<br \/>\n<img loading=\"lazy\" decoding=\"async\" class=\"alignright size-medium wp-image-35457\" src=\"https:\/\/jackpotlotteryonline.com\/wp-content\/uploads\/2022\/11\/2_ticket_uk_lottery-192x300.jpg\" alt=\"Set for Life biletleri\" width=\"192\" height=\"300\" srcset=\"https:\/\/jackpotlotteryonline.com\/wp-content\/uploads\/2022\/11\/2_ticket_uk_lottery-192x300.jpg 192w, https:\/\/jackpotlotteryonline.com\/wp-content\/uploads\/2022\/11\/2_ticket_uk_lottery.jpg 250w\" sizes=\"auto, (max-width: 192px) 100vw, 192px\" \/><\/p>\n<p>Bu \u0130ngiliz piyangosu i\u00e7in biletler \u00fclkedeki geni\u015f bir sat\u0131c\u0131 a\u011f\u0131 aras\u0131nda sat\u0131lmaktad\u0131r. Ancak, Birle\u015fik Krall\u0131k d\u0131\u015f\u0131nda ya\u015f\u0131yorsan\u0131z, piyango i\u00e7in bilet sat\u0131n alamaman\u0131z i\u00e7in hi\u00e7bir neden yoktur. Jackpotlotteryonline.com, loto merakl\u0131lar\u0131na bilgisayarlar\u0131n\u0131n veya mobil cihazlar\u0131n\u0131n rahatl\u0131\u011f\u0131nda en iyi uluslararas\u0131 piyangolara eri\u015fim sa\u011flar.<\/p>\n<p>Birle\u015fik Krall\u0131k&#8217;ta ve d\u00fcnyan\u0131n geri kalan\u0131nda piyango oynamaya ba\u015flamak i\u00e7in bize kaydolun.<\/p>\n<h2>Set for Life Online Nas\u0131l Oynan\u0131r?<\/h2>\n<p>Bu di\u011fer piyangolardan farkl\u0131d\u0131r \u00e7\u00fcnk\u00fc bu bir y\u0131ll\u0131k piyangodur, bu nedenle kazananlar eve milyonlarca avro veya sterlinle gitmeyecektir. Bununla birlikte, tek fark \u00f6d\u00fcl\u00fcn verili\u015f \u015feklidir. Di\u011fer piyangolar gibi, bir oyuncunun belirli bir aral\u0131ktan ana say\u0131lar\u0131 ve \u00f6zel bir say\u0131 se\u00e7mesi gerekir.<\/p>\n<p>Set for Life biletlerini online olarak almak i\u00e7in, se\u00e7ti\u011finiz siteyi ziyaret edin, ard\u0131ndan 1 ile 47 aras\u0131nda be\u015f ana numara se\u00e7in. &#8220;Ya\u015fam Topu numaras\u0131&#8221; ad\u0131 verilen ek bir bonus numaras\u0131n\u0131 1 ila 10 aral\u0131\u011f\u0131ndan se\u00e7in. \u015eansl\u0131 say\u0131lar\u0131n\u0131z\u0131 kullanabilir veya rastgele bir say\u0131 sat\u0131r\u0131 se\u00e7mek i\u00e7in otomatik se\u00e7im arac\u0131n\u0131 kullanabilirsiniz. Ayr\u0131ca, kazanma \u015fans\u0131n\u0131z\u0131 art\u0131rmak i\u00e7in birden fazla say\u0131 sat\u0131r\u0131 se\u00e7ebilirsiniz.<\/p>\n<p>Piyangoyu kazanmak i\u00e7in \u00e7ekilen 6 say\u0131n\u0131n t\u00fcm\u00fcn\u00fc e\u015fle\u015ftirmeniz gerekir. Bize kay\u0131t olursan\u0131z <a href=\"https:\/\/jackpotlotteryonline.com\/tr\/kazanan-sayilar\/set-for-life\">\u00e7ekili\u015flere birka\u00e7 hafta \u00f6nceden kat\u0131labilirsiniz.<\/a><\/p>\n<h2>\u00d6d\u00fcller<\/h2>\n<p><img loading=\"lazy\" decoding=\"async\" class=\"size-medium wp-image-30128 alignright\" src=\"https:\/\/jackpotlotteryonline.com\/wp-content\/uploads\/2022\/11\/1_win_online_lottery_jackpot-300x182.jpg\" alt=\"\u0130ngiliz piyango \u00f6d\u00fcl\u00fc\" width=\"300\" height=\"182\" srcset=\"https:\/\/jackpotlotteryonline.com\/wp-content\/uploads\/2022\/11\/1_win_online_lottery_jackpot-300x182.jpg 300w, https:\/\/jackpotlotteryonline.com\/wp-content\/uploads\/2022\/11\/1_win_online_lottery_jackpot.jpg 320w\" sizes=\"auto, (max-width: 300px) 100vw, 300px\" \/><\/p>\n<p>Yani, 30 y\u0131l boyunca her ay 10.000 \u00a3 olan b\u00fcy\u00fck ikramiyeden bahsettik. Ancak bu piyango oyuncular\u0131 i\u00e7in tek \u00f6d\u00fcl bu de\u011fildir. \u00d6rne\u011fin, sadece 5 ana say\u0131y\u0131 e\u015fle\u015ftirirseniz, bir y\u0131l boyunca her ay 10.000 \u00a3 alacaks\u0131n\u0131z. Fena de\u011fil, de\u011fil mi?<\/p>\n<p>\u015eimdi \u00f6d\u00fcl da\u011f\u0131l\u0131m\u0131na ve oyuncular\u0131n bu \u0130ngiliz piyangosuna bilet sat\u0131n ald\u0131klar\u0131nda ne kazanmay\u0131 beklediklerine bir g\u00f6z atal\u0131m.<\/p>\n<p>5 ana say\u0131y\u0131 e\u015fle\u015ftir + Ya\u015fam Topu &#8211; 30 y\u0131l boyunca her ay \u00a310,000<br \/>\nSadece 5 ana numaray\u0131 e\u015fle\u015ftirin &#8211; 1 y\u0131l boyunca her ay \u00a310,000<br \/>\n4 ana say\u0131y\u0131 e\u015fle\u015ftir + Ya\u015fam Topu &#8211; \u00a3250<br \/>\nSadece 4 ana numaray\u0131 e\u015fle\u015ftirin &#8211; \u00a350<br \/>\n3 ana say\u0131y\u0131 e\u015fle\u015ftir + Ya\u015fam Topu &#8211; \u00a330<br \/>\nSadece 3 ana numaray\u0131 e\u015fle\u015ftirin &#8211; \u00a320<br \/>\n2 ana say\u0131y\u0131 e\u015fle\u015ftir + Ya\u015fam Topu &#8211; \u00a310<br \/>\nSadece 2 ana numaray\u0131 e\u015fle\u015ftirin &#8211; \u00a35<\/p>\n<h2>\u00d6d\u00fcl\u00fcn\u00fcz\u00fc talep etme<\/h2>\n<p>\u00d6d\u00fcl\u00fcn\u00fcz\u00fc talep etmek i\u00e7in 180 g\u00fcn\u00fcn\u00fcz vard\u0131r, aksi takdirde art\u0131k talep edemezsiniz. Birle\u015fik Krall\u0131k&#8217;ta piyango \u00f6d\u00fclleri vergiden muaft\u0131r, b\u00f6ylece t\u00fcm kazanc\u0131n\u0131z\u0131n tad\u0131n\u0131 istedi\u011finiz gibi \u00e7\u0131karabilirsiniz. Ancak, \u00fclke d\u0131\u015f\u0131ndan oynayanlar i\u00e7in, ya\u015fad\u0131\u011f\u0131n\u0131z yerdeki vergi yasalar\u0131n\u0131n ne oldu\u011funu \u00f6\u011frenmek iyi bir fikirdir.<\/p>\n<section class=\"layout\" style=\"border: solid 1px; width: 100%;\">\n<div class=\"img-div\" style=\"margin-top: 5px;\"><img decoding=\"async\" class=\"wp-image-17212 alignleft\" style=\"height: 45px; margin: 8px 8px 0px;\" src=\"https:\/\/jackpotlotteryonline.com\/wp-content\/uploads\/2022\/11\/read1.jpg\" alt=\"okuyun\" width=\"\" height=\"\" \/><\/div>\n<div style=\"padding-left: 5px;\">\n<div style=\"font-size: 1.1em;\">\n<p><strong>Piyango Kazan\u00e7lar\u0131 \u00dczerindeki Vergiler<\/strong><\/p>\n<p style=\"font-size: 0.85em; margin-top: -1.5em;\">Piyango Kazan\u00e7lar\u0131 \u0130\u00e7in Vergi \u00d6demek Zorunda m\u0131y\u0131m?\u00a0 <a href=\"https:\/\/jackpotlotteryonline.com\/tr\/piyango-kazanclari-icin-vergi-odemek-zorunda-miyim\">daha fazla oku<\/a><\/p>\n<\/div>\n<\/div>\n<\/section>\n<h2>Hayat boyu inan\u0131lmaz bir f\u0131rsat<\/h2>\n<p>Set for Life kazanma \u015fans\u0131 \u00f6m\u00fcr boyu s\u00fcrecek bir f\u0131rsatt\u0131r. Kazanman\u0131z halinde bir daha asla mali durumunuz hakk\u0131nda endi\u015felenmenize gerek kalmayaca\u011f\u0131 anlam\u0131na gelir. T\u00fcm servetini harcayan ve \u015fimdi iflas etmi\u015f olan piyango kazananlar\u0131n\u0131n hikayeleri var. Bu piyango ile, bunun sizin ba\u015f\u0131n\u0131za gelmesine gerek yok. \u0130lk ay hepsini harcasan\u0131z bile, bir sonraki ay daha iyi kullanabilece\u011finizi biliyorsunuz.<\/p>\n<p>Bu t\u00fcr bir miktar\u0131 30 y\u0131l boyunca her ay alman\u0131n ne anlama gelece\u011fini bir d\u00fc\u015f\u00fcn\u00fcn.<\/p>\n<h2>Set for Life oynamak i\u00e7in bize kaydolun<\/h2>\n<p>Birle\u015fik Krall\u0131k y\u0131ll\u0131k gelir piyangosuna herhangi bir yerden bilet almak hi\u00e7 bu kadar kolay olmam\u0131\u015ft\u0131. Bize kaydoldu\u011funuzda, d\u00fcnyan\u0131n d\u00f6rt bir yan\u0131ndaki en iyi piyangolar\u0131 sorunsuz ve endi\u015fesiz bir \u015fekilde oynaman\u0131z\u0131 kolayla\u015ft\u0131r\u0131yoruz. Hepimiz m\u00fc\u015fterilerimiz i\u00e7in unutulmaz deneyimler yaratmakla ilgileniyoruz. Bu y\u00fczden d\u00fcnyan\u0131n her yerinden Set for Life bileti sat\u0131n almak i\u00e7in bug\u00fcn bize kaydolun.<\/p>\n","protected":false},"excerpt":{"rendered":"<p>\u00d6m\u00fcr boyu s\u00fcrecek bir \u015fansa haz\u0131r m\u0131s\u0131n\u0131z? \u00d6n\u00fcm\u00fczdeki 30 y\u0131l boyunca her ay 10.000 \u00a3 kazanma \u015fans\u0131n\u0131 yakalamak i\u00e7in \u015fimdiki zaman gibisi yok ve her \u015fey Birle\u015fik Krall\u0131k piyangosunu oynamakla ba\u015fl\u0131yor. Bu piyango Birle\u015fik Krall\u0131k Milli Piyangosu taraf\u0131ndan i\u015fletilmektedir ve ilk \u00e7ekili\u015fi 1999 y\u0131l\u0131nda yap\u0131lm\u0131\u015ft\u0131r. O zamandan beri \u0130ngiliz piyango oyuncular\u0131n\u0131n g\u00f6zdesi olmu\u015ftur \u00e7\u00fcnk\u00fc 30 [&hellip;]<\/p>\n","protected":false},"author":1,"featured_media":0,"parent":35786,"menu_order":11,"comment_status":"closed","ping_status":"closed","template":"set-for-life-info.php","meta":{"_et_pb_use_builder":"","_et_pb_old_content":"","_et_gb_content_width":"","exclude_from_search":false,"footnotes":""},"class_list":["post-36971","page","type-page","status-publish","hentry"],"yoast_head":"<!-- This site is optimized with the Yoast SEO plugin v23.3 - https:\/\/yoast.com\/wordpress\/plugins\/seo\/ -->\n<title>Set for Life biletlerini Birle\u015fik Krall\u0131k d\u0131\u015f\u0131ndan sat\u0131n al\u0131n | Set For Life biletlerini \u00e7evrimi\u00e7i al\u0131n<\/title>\n<meta name=\"description\" content=\"Set for Life \u00e7ok \u00f6zel bir piyango, ancak Birle\u015fik Krall\u0131k d\u0131\u015f\u0131ndan kat\u0131lmak i\u00e7in buradan online bilet alman\u0131z gerekiyor\" \/>\n<meta name=\"robots\" content=\"index, follow, max-snippet:-1, max-image-preview:large, max-video-preview:-1\" \/>\n<link rel=\"canonical\" href=\"https:\/\/jackpotlotteryonline.com\/tr\/bilet-satin-al\/set-for-life\/\" \/>\n<meta property=\"og:locale\" content=\"tr_TR\" \/>\n<meta property=\"og:type\" content=\"article\" \/>\n<meta property=\"og:title\" content=\"Set for Life biletlerini Birle\u015fik Krall\u0131k d\u0131\u015f\u0131ndan sat\u0131n al\u0131n | Set For Life biletlerini \u00e7evrimi\u00e7i al\u0131n\" \/>\n<meta property=\"og:description\" content=\"Set for Life \u00e7ok \u00f6zel bir piyango, ancak Birle\u015fik Krall\u0131k d\u0131\u015f\u0131ndan kat\u0131lmak i\u00e7in buradan online bilet alman\u0131z gerekiyor\" \/>\n<meta property=\"og:url\" content=\"https:\/\/jackpotlotteryonline.com\/tr\/bilet-satin-al\/set-for-life\/\" \/>\n<meta property=\"og:site_name\" content=\"Lotto Online - Crack The International Lottery Jackpots\" \/>\n<meta property=\"article:modified_time\" content=\"2023-01-04T08:25:46+00:00\" \/>\n<meta property=\"og:image\" content=\"https:\/\/jackpotlotteryonline.com\/wp-content\/uploads\/2022\/11\/2_ticket_uk_lottery-192x300.jpg\" \/>\n<meta name=\"twitter:card\" content=\"summary_large_image\" \/>\n<meta name=\"twitter:label1\" content=\"Tahmini okuma s\u00fcresi\" \/>\n\t<meta name=\"twitter:data1\" content=\"3 dakika\" \/>\n<!-- \/ Yoast SEO plugin. -->","yoast_head_json":{"title":"Set for Life biletlerini Birle\u015fik Krall\u0131k d\u0131\u015f\u0131ndan sat\u0131n al\u0131n | Set For Life biletlerini \u00e7evrimi\u00e7i al\u0131n","description":"Set for Life \u00e7ok \u00f6zel bir piyango, ancak Birle\u015fik Krall\u0131k d\u0131\u015f\u0131ndan kat\u0131lmak i\u00e7in buradan online bilet alman\u0131z gerekiyor","robots":{"index":"index","follow":"follow","max-snippet":"max-snippet:-1","max-image-preview":"max-image-preview:large","max-video-preview":"max-video-preview:-1"},"canonical":"https:\/\/jackpotlotteryonline.com\/tr\/bilet-satin-al\/set-for-life\/","og_locale":"tr_TR","og_type":"article","og_title":"Set for Life biletlerini Birle\u015fik Krall\u0131k d\u0131\u015f\u0131ndan sat\u0131n al\u0131n | Set For Life biletlerini \u00e7evrimi\u00e7i al\u0131n","og_description":"Set for Life \u00e7ok \u00f6zel bir piyango, ancak Birle\u015fik Krall\u0131k d\u0131\u015f\u0131ndan kat\u0131lmak i\u00e7in buradan online bilet alman\u0131z gerekiyor","og_url":"https:\/\/jackpotlotteryonline.com\/tr\/bilet-satin-al\/set-for-life\/","og_site_name":"Lotto Online - Crack The International Lottery Jackpots","article_modified_time":"2023-01-04T08:25:46+00:00","og_image":[{"url":"https:\/\/jackpotlotteryonline.com\/wp-content\/uploads\/2022\/11\/2_ticket_uk_lottery-192x300.jpg"}],"twitter_card":"summary_large_image","twitter_misc":{"Tahmini okuma s\u00fcresi":"3 dakika"},"schema":{"@context":"https:\/\/schema.org","@graph":[{"@type":"WebPage","@id":"https:\/\/jackpotlotteryonline.com\/tr\/bilet-satin-al\/set-for-life\/","url":"https:\/\/jackpotlotteryonline.com\/tr\/bilet-satin-al\/set-for-life\/","name":"Set for Life biletlerini Birle\u015fik Krall\u0131k d\u0131\u015f\u0131ndan sat\u0131n al\u0131n | Set For Life biletlerini \u00e7evrimi\u00e7i al\u0131n","isPartOf":{"@id":"https:\/\/jackpotlotteryonline.com\/#website"},"primaryImageOfPage":{"@id":"https:\/\/jackpotlotteryonline.com\/tr\/bilet-satin-al\/set-for-life\/#primaryimage"},"image":{"@id":"https:\/\/jackpotlotteryonline.com\/tr\/bilet-satin-al\/set-for-life\/#primaryimage"},"thumbnailUrl":"https:\/\/jackpotlotteryonline.com\/wp-content\/uploads\/2022\/11\/2_ticket_uk_lottery-192x300.jpg","datePublished":"2022-11-09T11:46:02+00:00","dateModified":"2023-01-04T08:25:46+00:00","description":"Set for Life \u00e7ok \u00f6zel bir piyango, ancak Birle\u015fik Krall\u0131k d\u0131\u015f\u0131ndan kat\u0131lmak i\u00e7in buradan online bilet alman\u0131z gerekiyor","breadcrumb":{"@id":"https:\/\/jackpotlotteryonline.com\/tr\/bilet-satin-al\/set-for-life\/#breadcrumb"},"inLanguage":"tr","potentialAction":[{"@type":"ReadAction","target":["https:\/\/jackpotlotteryonline.com\/tr\/bilet-satin-al\/set-for-life\/"]}]},{"@type":"ImageObject","inLanguage":"tr","@id":"https:\/\/jackpotlotteryonline.com\/tr\/bilet-satin-al\/set-for-life\/#primaryimage","url":"https:\/\/jackpotlotteryonline.com\/wp-content\/uploads\/2022\/11\/2_ticket_uk_lottery-192x300.jpg","contentUrl":"https:\/\/jackpotlotteryonline.com\/wp-content\/uploads\/2022\/11\/2_ticket_uk_lottery-192x300.jpg"},{"@type":"BreadcrumbList","@id":"https:\/\/jackpotlotteryonline.com\/tr\/bilet-satin-al\/set-for-life\/#breadcrumb","itemListElement":[{"@type":"ListItem","position":1,"name":"Home","item":"https:\/\/jackpotlotteryonline.com\/tr\/"},{"@type":"ListItem","position":2,"name":"\u0130nternetten Piyango Bileti Nas\u0131l Al\u0131n\u0131r","item":"https:\/\/jackpotlotteryonline.com\/tr\/bilet-satin-al\/"},{"@type":"ListItem","position":3,"name":"Set for Life biletleri sat\u0131n al\u0131n"}]},{"@type":"WebSite","@id":"https:\/\/jackpotlotteryonline.com\/#website","url":"https:\/\/jackpotlotteryonline.com\/","name":"Lotto Online - Crack The International Lottery Jackpots","description":"","potentialAction":[{"@type":"SearchAction","target":{"@type":"EntryPoint","urlTemplate":"https:\/\/jackpotlotteryonline.com\/?s={search_term_string}"},"query-input":"required name=search_term_string"}],"inLanguage":"tr"}]}},"_links":{"self":[{"href":"https:\/\/jackpotlotteryonline.com\/tr\/wp-json\/wp\/v2\/pages\/36971","targetHints":{"allow":["GET"]}}],"collection":[{"href":"https:\/\/jackpotlotteryonline.com\/tr\/wp-json\/wp\/v2\/pages"}],"about":[{"href":"https:\/\/jackpotlotteryonline.com\/tr\/wp-json\/wp\/v2\/types\/page"}],"author":[{"embeddable":true,"href":"https:\/\/jackpotlotteryonline.com\/tr\/wp-json\/wp\/v2\/users\/1"}],"replies":[{"embeddable":true,"href":"https:\/\/jackpotlotteryonline.com\/tr\/wp-json\/wp\/v2\/comments?post=36971"}],"version-history":[{"count":0,"href":"https:\/\/jackpotlotteryonline.com\/tr\/wp-json\/wp\/v2\/pages\/36971\/revisions"}],"up":[{"embeddable":true,"href":"https:\/\/jackpotlotteryonline.com\/tr\/wp-json\/wp\/v2\/pages\/35786"}],"wp:attachment":[{"href":"https:\/\/jackpotlotteryonline.com\/tr\/wp-json\/wp\/v2\/media?parent=36971"}],"curies":[{"name":"wp","href":"https:\/\/api.w.org\/{rel}","templated":true}]}}