{"id":37023,"date":"2022-11-09T19:02:27","date_gmt":"2022-11-09T19:02:27","guid":{"rendered":"https:\/\/jackpotlotteryonline.com\/?page_id=37023"},"modified":"2022-12-24T09:26:31","modified_gmt":"2022-12-24T09:26:31","slug":"mega-sena","status":"publish","type":"page","link":"https:\/\/jackpotlotteryonline.com\/tr\/bilet-satin-al\/mega-sena\/","title":{"rendered":"Mega Sena biletleri sat\u0131n al\u0131n"},"content":{"rendered":"<p>Mega Sena, d\u00fcnyan\u0131n en b\u00fcy\u00fck ikramiyelerinden birine sahip Brezilya&#8217;daki en b\u00fcy\u00fck piyangodur. Her yerdeki bahis\u00e7ilerin b\u00fcy\u00fck ikramiyeyi kazanma \u015fans\u0131 i\u00e7in hevesli olmalar\u0131 \u015fa\u015f\u0131rt\u0131c\u0131 de\u011fildir. \u0130lgin\u00e7 bir \u015fekilde, Mega Sena ayn\u0131 zamanda oynamas\u0131 kolay bir piyangodur, di\u011fer bir\u00e7ok uluslararas\u0131 piyangodan daha kolayd\u0131r. Piyangoyu oynaman\u0131n kolayl\u0131\u011f\u0131, b\u00fcy\u00fck ikramiye ve elveri\u015fli oranlar, bu piyangoyu her yerdeki oyuncular i\u00e7in son derece cazip hale getirmektedir.<\/p>\n<p><a href=\"https:\/\/jackpotlotteryonline.com\/tr\/nasil-oynanir\/mega-sena-2\">Mega Sena piyangosunu oynamak,<\/a> \u00e7ekilen alt\u0131 say\u0131y\u0131 e\u015fle\u015ftirmek kadar basittir. Bu piyangoyu oynarken \u00f6zel veya bonus say\u0131lar yoktur. Sadece 1&#8217;den 60&#8217;a kadar 6 say\u0131 se\u00e7in ve<a href=\"https:\/\/jackpotlotteryonline.com\/tr\/kazanan-sayilar\/mega-sena\"> \u00e7ekili\u015fe kat\u0131l\u0131n<\/a>.<\/p>\n<p>\u00c7ekili\u015fe kat\u0131lmak i\u00e7in alt\u0131 say\u0131 se\u00e7meniz gerekmesine ra\u011fmen, se\u00e7ebilece\u011finiz sat\u0131r say\u0131s\u0131nda bir s\u0131n\u0131r yoktur. B\u00f6ylece, piyangoyu kazanma \u015fans\u0131n\u0131z\u0131 art\u0131rmak i\u00e7in alt\u0131 say\u0131dan olu\u015fan on sat\u0131r se\u00e7ebilirsiniz.<\/p>\n<h2>Mega Sena biletleri nereden al\u0131n\u0131r<\/h2>\n<p><img loading=\"lazy\" decoding=\"async\" class=\"alignright size-full wp-image-28778\" src=\"https:\/\/jackpotlotteryonline.com\/wp-content\/uploads\/2022\/11\/1_online_ticket_eurojackpot2.jpg\" alt=\"Mega Sena biletleri sat\u0131n al\u0131n\" width=\"300\" height=\"200\" \/><\/p>\n<p>Brezilya&#8217;da ya\u015f\u0131yorsan\u0131z, bu piyangoya kat\u0131lmak, biletlerinizi almak i\u00e7in bir piyango bayisine gitmek kadar basittir. Ancak bu, \u00fclke d\u0131\u015f\u0131nda ya\u015fayan oyuncular i\u00e7in biraz zorluk te\u015fkil edebilir. Bu yetki alan\u0131n\u0131n d\u0131\u015f\u0131nda ya\u015f\u0131yorsan\u0131z, size a\u00e7\u0131k bir se\u00e7enek var. Biletlerinizi \u00e7evrimi\u00e7i sat\u0131n alman\u0131z gerekir.<\/p>\n<h2>Mega Sena biletlerini \u00e7evrimi\u00e7i sat\u0131n alma<\/h2>\n<p>\u00c7evrimi\u00e7i piyango oynamak olduk\u00e7a basittir ve oyunculara d\u00fcnyan\u0131n d\u00f6rt bir yan\u0131ndan piyangolara kat\u0131lma f\u0131rsat\u0131 verir. Normalde, belirli bir \u00fclkede ya\u015famayan oyuncular o \u00fclkeden piyango oynayamazlard\u0131. \u0130nternet, daha \u00f6nce co\u011frafi s\u0131n\u0131rlar nedeniyle haklar\u0131ndan mahrum b\u0131rak\u0131lan oyuncular i\u00e7in bir yol sa\u011flayarak piyango kat\u0131l\u0131m\u0131n\u0131 demokratikle\u015ftirdi.<\/p>\n<p>Art\u0131k Mega Sena piyangosunu oynamak, jackpotlotteryonline.com gibi bir \u00e7evrimi\u00e7i piyango sitesini ziyaret etmek kadar basit. Orada numaralar\u0131n\u0131z\u0131 se\u00e7erek biletinizi sat\u0131n alabilir ve ard\u0131ndan ka\u00e7 \u00e7ekili\u015fe kat\u0131lmak istedi\u011finize karar verebilirsiniz. Bu yap\u0131ld\u0131ktan sonra tek yapman\u0131z gereken \u00e7ekili\u015f sonu\u00e7lar\u0131n\u0131 beklemektir.<\/p>\n<h2>Bu piyango i\u00e7in b\u00fcy\u00fck ikramiye nedir?<\/h2>\n<p>Mega Sena&#8217;n\u0131n d\u00fcnyan\u0131n en b\u00fcy\u00fck piyangolar\u0131ndan biri oldu\u011funu s\u00f6ylemi\u015f miydik? \u00d6zellikle daha b\u00fcy\u00fck ba\u015flang\u0131\u00e7 ikramiyelerine sahip di\u011fer baz\u0131 piyangolar\u0131n yan\u0131na yerle\u015ftirildi\u011finde, 450,00 $&#8217;l\u0131k ba\u015flang\u0131\u00e7 ikramiyesi \u00f6d\u00fcl\u00fcn\u00fc d\u00fc\u015f\u00fcnd\u00fc\u011f\u00fcn\u00fczde buna inanmak zor g\u00f6r\u00fcnebilir.<\/p>\n<p>Ancak Mega Sena&#8217;n\u0131n g\u00fczelli\u011fi, ikramiyelerin inan\u0131lmaz b\u00fcy\u00fck miktarlara ula\u015fabilmesidir. Mega Sena oyuncular\u0131n\u0131n kazand\u0131\u011f\u0131 en b\u00fcy\u00fck ikramiyelerden baz\u0131lar\u0131 milyonlarca ABD dolar\u0131na ula\u015fm\u0131\u015ft\u0131r. En b\u00fcy\u00fck ikramiye 73 milyon dolar\u0131n biraz \u00fczerindeydi.<\/p>\n<p>Bunu g\u00f6z \u00f6n\u00fcnde bulundurdu\u011funuzda, girilecek piyangolar\u0131 ararken Mega Sena piyangosunu oynaman\u0131n \u00e7ok iyi bir se\u00e7enek olabilece\u011fi a\u00e7\u0131kt\u0131r.<\/p>\n<section class=\"layout\" style=\"border: solid 1px; width: 100%;\">\n<div class=\"img-div\" style=\"margin-top: 5px;\"><img decoding=\"async\" class=\"wp-image-17212 alignleft\" style=\"height: 45px; margin: 8px 8px 0px;\" src=\"https:\/\/jackpotlotteryonline.com\/wp-content\/uploads\/2022\/11\/read1.jpg\" alt=\"okuyun\" width=\"\" height=\"\" \/><\/div>\n<div style=\"padding-left: 5px;\">\n<div style=\"font-size: 1.1em;\">\n<p><strong>Numaralar\u0131n\u0131z\u0131 se\u00e7mek i\u00e7in birka\u00e7 p\u00fcf noktas\u0131 ve ipucu<\/strong><\/p>\n<p style=\"font-size: 0.85em; margin-top: -1.5em;\">Kazanma \u015fans\u0131n\u0131z\u0131 art\u0131r\u0131n &#8211; say\u0131lar\u0131n\u0131z\u0131 se\u00e7mek i\u00e7in biraz strateji kullan\u0131n\u00a0 <a href=\"https:\/\/jackpotlotteryonline.com\/tr\/a-few-tricks-and-tips-for-choosing-your-numbers\">daha fazla oku<\/a><\/p>\n<\/div>\n<\/div>\n<\/section>\n<h2>Piyangoyu kazan\u0131rsan\u0131z ne olur?<\/h2>\n<p>Bu, \u00f6zellikle G\u00fcney Amerika \u00fclkesi d\u0131\u015f\u0131ndan Mega Sena piyango bileti sat\u0131n alanlardan \u00e7ok\u00e7a kar\u015f\u0131la\u015ft\u0131\u011f\u0131m\u0131z bir sorudur. \u00d6d\u00fcl\u00fcn\u00fcz\u00fc almak i\u00e7in o G\u00fcney Amerika \u00fclkesine kadar u\u00e7man\u0131z gerekip gerekmedi\u011fini merak ediyor olabilirsiniz. Ancak, bu hi\u00e7 de gerekli de\u011fildir, ancak sitelerin tad\u0131n\u0131 \u00e7\u0131karmak i\u00e7in bir ziyaret yapmak isterseniz, o zaman kesinlikle bir u\u00e7u\u015f rezervasyonu yap\u0131n.<\/p>\n<p>Bununla birlikte, piyango oynaman\u0131n ve kazanc\u0131n\u0131z\u0131 t\u00fcm stres olmadan talep etmenin sorunsuz bir yolunu ar\u0131yorsan\u0131z, \u00e7evrimi\u00e7i oynamak bunu yapman\u0131n harika bir yoludur.<\/p>\n<p>Bize kaydoldu\u011funuzda, Mega Sena piyangosu da dahil olmak \u00fczere se\u00e7ti\u011finiz uluslararas\u0131 piyangolara girebilmenizi sa\u011flayarak bunu bir ad\u0131m \u00f6teye ta\u015f\u0131yoruz. Sadece bu da de\u011fil, ayn\u0131 zamanda kazanc\u0131n\u0131z\u0131 sitemizden hesab\u0131n\u0131za kolayca \u00e7ekebilirsiniz. Piyango oynamak hi\u00e7 bu kadar kolay olmam\u0131\u015ft\u0131.<\/p>\n<h2>Peki ya Mega da Virada?<\/h2>\n<p><img loading=\"lazy\" decoding=\"async\" class=\"alignright size-full wp-image-35593\" src=\"https:\/\/jackpotlotteryonline.com\/wp-content\/uploads\/2022\/11\/2_ticket_uk_lottery2-1-190x300-1.jpg\" alt=\"Mega Sena piyango bileti\" width=\"190\" height=\"300\" \/><\/p>\n<p>Bunu sordu\u011funuza \u00f6zellikle sevindik \u00e7\u00fcnk\u00fc bu piyasadaki en b\u00fcy\u00fck ikramiyelerden biri. Asl\u0131nda, Brezilya&#8217;da y\u0131l\u0131n en b\u00fcy\u00fck ikramiyesi ve miktar 60 milyon dolara kadar \u00e7\u0131kabilir.<\/p>\n<p>Mega da Virada, Mega Sena piyangosunun y\u0131lda bir kez ger\u00e7ekle\u015fen \u00f6zel bir ikramiyesidir. Mega Virada \u00e7ekili\u015fi her y\u0131l 31 Ekim&#8217;de yap\u0131l\u0131r ve oyunculara b\u00fcy\u00fck kazanma f\u0131rsat\u0131 verir.<\/p>\n<p>Ayr\u0131ca, Mega da Virada devretmez, bu nedenle \u00f6d\u00fcl\u00fcn kazan\u0131lmas\u0131 gerekir, aksi takdirde y\u0131l i\u00e7in kaybolur.<\/p>\n<h2>D\u00fczenli Mega Sena \u00e7ekili\u015f g\u00fcnleri<\/h2>\n<p>Mega Sena bileti sat\u0131n ald\u0131\u011f\u0131n\u0131zda, \u00e7ekili\u015fe \u00c7ar\u015famba veya Cumartesi g\u00fcn\u00fc kat\u0131lma se\u00e7ene\u011finiz vard\u0131r. Tabii ki, her ikisine de girebilirsiniz, bunu tavsiye ediyoruz \u00e7\u00fcnk\u00fc \u00f6d\u00fcl kazanma \u015fans\u0131n\u0131z\u0131 art\u0131r\u0131yor.<\/p>\n<p>B\u00fcy\u00fck ikramiyeyi kazanma \u015fans\u0131n\u0131z\u0131 art\u0131rmaya ger\u00e7ekten hevesliyseniz, bir piyango sendikas\u0131na kat\u0131lmay\u0131 d\u00fc\u015f\u00fcnmelisiniz. Bunun avantaj\u0131, t\u00fcm paran\u0131z\u0131 harcamadan birden fazla \u00e7ekili\u015fe girmenize olanak tan\u0131yan bir havuza eri\u015fiminizin olmas\u0131d\u0131r.<\/p>\n<h2>\u00d6d\u00fcl Kademeleri<\/h2>\n<p>Mega Sena piyangosu, b\u00fcy\u00fck ikramiyeyi de i\u00e7eren \u00fc\u00e7 \u00f6d\u00fcl kademesine sahiptir. Bu, oyuncular\u0131n b\u00fcy\u00fck ikramiye \u00f6d\u00fcl\u00fcn\u00fcn yan\u0131 s\u0131ra di\u011fer iki kategoride de \u00f6d\u00fcl kazanma \u015fans\u0131na sahip olduklar\u0131 anlam\u0131na gelir. Bunlar\u0131 a\u015fa\u011f\u0131da listeleyece\u011fiz ve bu kademelerde nas\u0131l kazanabilece\u011finizi g\u00f6sterece\u011fiz.<\/p>\n<p>6 say\u0131y\u0131 e\u015fle\u015ftir &#8211; Jackpot &#8211; \u00f6d\u00fcl havuzundaki paran\u0131n %35&#8217;i<br \/>\n5 say\u0131 e\u015fle\u015ftirme &#8211; Kademe 2 &#8211; \u00d6d\u00fcl havuzundaki paran\u0131n %19&#8217;u<br \/>\n4 numara e\u015fle\u015ftirme &#8211; Kademe 3 &#8211; \u00d6d\u00fcl havuzundaki paran\u0131n %19&#8217;u<\/p>\n<p><strong>\u0130lgin\u00e7 ger\u00e7ek: 6 say\u0131dan olu\u015fan tek bir bilet giri\u015fi oynad\u0131\u011f\u0131n\u0131zda \u00f6d\u00fcl kazanma olas\u0131l\u0131\u011f\u0131 2.298&#8217;de 1&#8217;dir.<\/strong><\/p>\n<h2>Mega Sena \u00e7ekili\u015fine kat\u0131lmak i\u00e7in bize kaydolun<\/h2>\n<p>G\u00fcney Amerika&#8217;da ya\u015fam\u0131yor olman\u0131z\u0131n sizi Mega Sena piyangosunun keyfini \u00e7\u0131karmaktan al\u0131koymas\u0131na izin vermeyin. Kazanma \u015fans\u0131 harika ve \u00f6d\u00fcller cazip. E\u011fer Brezilya d\u0131\u015f\u0131nda ya\u015f\u0131yorsan\u0131z, bize kay\u0131t olarak Mega Sena biletlerini sitemizden sat\u0131n alabilirsiniz.<\/p>\n<p>T\u00fcm piyango oynama s\u00fcrecini basitle\u015ftiren tek noktadan bir \u00e7\u00f6z\u00fcm sunuyoruz. Art\u0131k rahatlayabilir ve bahsinizi kolayl\u0131kla oynayabilirsiniz \u00e7\u00fcnk\u00fc stresli k\u0131sm\u0131 sizin i\u00e7in biz hallediyoruz. B\u00fcy\u00fck kazanma \u015fans\u0131 i\u00e7in neden Mega Sena biletlerinizi \u015fimdi sat\u0131n alm\u0131yorsunuz?<\/p>\n","protected":false},"excerpt":{"rendered":"<p>Mega Sena, d\u00fcnyan\u0131n en b\u00fcy\u00fck ikramiyelerinden birine sahip Brezilya&#8217;daki en b\u00fcy\u00fck piyangodur. Her yerdeki bahis\u00e7ilerin b\u00fcy\u00fck ikramiyeyi kazanma \u015fans\u0131 i\u00e7in hevesli olmalar\u0131 \u015fa\u015f\u0131rt\u0131c\u0131 de\u011fildir. \u0130lgin\u00e7 bir \u015fekilde, Mega Sena ayn\u0131 zamanda oynamas\u0131 kolay bir piyangodur, di\u011fer bir\u00e7ok uluslararas\u0131 piyangodan daha kolayd\u0131r. Piyangoyu oynaman\u0131n kolayl\u0131\u011f\u0131, b\u00fcy\u00fck ikramiye ve elveri\u015fli oranlar, bu piyangoyu her yerdeki oyuncular i\u00e7in [&hellip;]<\/p>\n","protected":false},"author":1,"featured_media":0,"parent":35786,"menu_order":15,"comment_status":"closed","ping_status":"closed","template":"megasena-info.php","meta":{"_et_pb_use_builder":"","_et_pb_old_content":"","_et_gb_content_width":"","exclude_from_search":false,"footnotes":""},"class_list":["post-37023","page","type-page","status-publish","hentry"],"yoast_head":"<!-- This site is optimized with the Yoast SEO plugin v23.3 - https:\/\/yoast.com\/wordpress\/plugins\/seo\/ -->\n<title>Brezilya d\u0131\u015f\u0131ndan Mega Sena biletleri sat\u0131n al\u0131n | Mega Sena biletlerini \u00e7evrimi\u00e7i al\u0131n<\/title>\n<meta name=\"description\" content=\"Mega Sena&#039;ya kat\u0131lmak i\u00e7in Brezilya&#039;da olman\u0131za gerek yok, Mega Sena biletinizi web sitemizden \u00e7evrimi\u00e7i olarak sat\u0131n al\u0131n\" \/>\n<meta name=\"robots\" content=\"index, follow, max-snippet:-1, max-image-preview:large, max-video-preview:-1\" \/>\n<link rel=\"canonical\" href=\"https:\/\/jackpotlotteryonline.com\/tr\/bilet-satin-al\/mega-sena\/\" \/>\n<meta property=\"og:locale\" content=\"tr_TR\" \/>\n<meta property=\"og:type\" content=\"article\" \/>\n<meta property=\"og:title\" content=\"Brezilya d\u0131\u015f\u0131ndan Mega Sena biletleri sat\u0131n al\u0131n | Mega Sena biletlerini \u00e7evrimi\u00e7i al\u0131n\" \/>\n<meta property=\"og:description\" content=\"Mega Sena&#039;ya kat\u0131lmak i\u00e7in Brezilya&#039;da olman\u0131za gerek yok, Mega Sena biletinizi web sitemizden \u00e7evrimi\u00e7i olarak sat\u0131n al\u0131n\" \/>\n<meta property=\"og:url\" content=\"https:\/\/jackpotlotteryonline.com\/tr\/bilet-satin-al\/mega-sena\/\" \/>\n<meta property=\"og:site_name\" content=\"Lotto Online - Crack The International Lottery Jackpots\" \/>\n<meta property=\"article:modified_time\" content=\"2022-12-24T09:26:31+00:00\" \/>\n<meta property=\"og:image\" content=\"https:\/\/jackpotlotteryonline.com\/wp-content\/uploads\/2022\/11\/1_online_ticket_eurojackpot2.jpg\" \/>\n<meta name=\"twitter:card\" content=\"summary_large_image\" \/>\n<meta name=\"twitter:label1\" content=\"Tahmini okuma s\u00fcresi\" \/>\n\t<meta name=\"twitter:data1\" content=\"4 dakika\" \/>\n<!-- \/ Yoast SEO plugin. -->","yoast_head_json":{"title":"Brezilya d\u0131\u015f\u0131ndan Mega Sena biletleri sat\u0131n al\u0131n | Mega Sena biletlerini \u00e7evrimi\u00e7i al\u0131n","description":"Mega Sena'ya kat\u0131lmak i\u00e7in Brezilya'da olman\u0131za gerek yok, Mega Sena biletinizi web sitemizden \u00e7evrimi\u00e7i olarak sat\u0131n al\u0131n","robots":{"index":"index","follow":"follow","max-snippet":"max-snippet:-1","max-image-preview":"max-image-preview:large","max-video-preview":"max-video-preview:-1"},"canonical":"https:\/\/jackpotlotteryonline.com\/tr\/bilet-satin-al\/mega-sena\/","og_locale":"tr_TR","og_type":"article","og_title":"Brezilya d\u0131\u015f\u0131ndan Mega Sena biletleri sat\u0131n al\u0131n | Mega Sena biletlerini \u00e7evrimi\u00e7i al\u0131n","og_description":"Mega Sena'ya kat\u0131lmak i\u00e7in Brezilya'da olman\u0131za gerek yok, Mega Sena biletinizi web sitemizden \u00e7evrimi\u00e7i olarak sat\u0131n al\u0131n","og_url":"https:\/\/jackpotlotteryonline.com\/tr\/bilet-satin-al\/mega-sena\/","og_site_name":"Lotto Online - Crack The International Lottery Jackpots","article_modified_time":"2022-12-24T09:26:31+00:00","og_image":[{"url":"https:\/\/jackpotlotteryonline.com\/wp-content\/uploads\/2022\/11\/1_online_ticket_eurojackpot2.jpg"}],"twitter_card":"summary_large_image","twitter_misc":{"Tahmini okuma s\u00fcresi":"4 dakika"},"schema":{"@context":"https:\/\/schema.org","@graph":[{"@type":"WebPage","@id":"https:\/\/jackpotlotteryonline.com\/tr\/bilet-satin-al\/mega-sena\/","url":"https:\/\/jackpotlotteryonline.com\/tr\/bilet-satin-al\/mega-sena\/","name":"Brezilya d\u0131\u015f\u0131ndan Mega Sena biletleri sat\u0131n al\u0131n | Mega Sena biletlerini \u00e7evrimi\u00e7i al\u0131n","isPartOf":{"@id":"https:\/\/jackpotlotteryonline.com\/#website"},"primaryImageOfPage":{"@id":"https:\/\/jackpotlotteryonline.com\/tr\/bilet-satin-al\/mega-sena\/#primaryimage"},"image":{"@id":"https:\/\/jackpotlotteryonline.com\/tr\/bilet-satin-al\/mega-sena\/#primaryimage"},"thumbnailUrl":"https:\/\/jackpotlotteryonline.com\/wp-content\/uploads\/2022\/11\/1_online_ticket_eurojackpot2.jpg","datePublished":"2022-11-09T19:02:27+00:00","dateModified":"2022-12-24T09:26:31+00:00","description":"Mega Sena'ya kat\u0131lmak i\u00e7in Brezilya'da olman\u0131za gerek yok, Mega Sena biletinizi web sitemizden \u00e7evrimi\u00e7i olarak sat\u0131n al\u0131n","breadcrumb":{"@id":"https:\/\/jackpotlotteryonline.com\/tr\/bilet-satin-al\/mega-sena\/#breadcrumb"},"inLanguage":"tr","potentialAction":[{"@type":"ReadAction","target":["https:\/\/jackpotlotteryonline.com\/tr\/bilet-satin-al\/mega-sena\/"]}]},{"@type":"ImageObject","inLanguage":"tr","@id":"https:\/\/jackpotlotteryonline.com\/tr\/bilet-satin-al\/mega-sena\/#primaryimage","url":"https:\/\/jackpotlotteryonline.com\/wp-content\/uploads\/2022\/11\/1_online_ticket_eurojackpot2.jpg","contentUrl":"https:\/\/jackpotlotteryonline.com\/wp-content\/uploads\/2022\/11\/1_online_ticket_eurojackpot2.jpg"},{"@type":"BreadcrumbList","@id":"https:\/\/jackpotlotteryonline.com\/tr\/bilet-satin-al\/mega-sena\/#breadcrumb","itemListElement":[{"@type":"ListItem","position":1,"name":"Home","item":"https:\/\/jackpotlotteryonline.com\/tr\/"},{"@type":"ListItem","position":2,"name":"\u0130nternetten Piyango Bileti Nas\u0131l Al\u0131n\u0131r","item":"https:\/\/jackpotlotteryonline.com\/tr\/bilet-satin-al\/"},{"@type":"ListItem","position":3,"name":"Mega Sena biletleri sat\u0131n al\u0131n"}]},{"@type":"WebSite","@id":"https:\/\/jackpotlotteryonline.com\/#website","url":"https:\/\/jackpotlotteryonline.com\/","name":"Lotto Online - Crack The International Lottery Jackpots","description":"","potentialAction":[{"@type":"SearchAction","target":{"@type":"EntryPoint","urlTemplate":"https:\/\/jackpotlotteryonline.com\/?s={search_term_string}"},"query-input":"required name=search_term_string"}],"inLanguage":"tr"}]}},"_links":{"self":[{"href":"https:\/\/jackpotlotteryonline.com\/tr\/wp-json\/wp\/v2\/pages\/37023","targetHints":{"allow":["GET"]}}],"collection":[{"href":"https:\/\/jackpotlotteryonline.com\/tr\/wp-json\/wp\/v2\/pages"}],"about":[{"href":"https:\/\/jackpotlotteryonline.com\/tr\/wp-json\/wp\/v2\/types\/page"}],"author":[{"embeddable":true,"href":"https:\/\/jackpotlotteryonline.com\/tr\/wp-json\/wp\/v2\/users\/1"}],"replies":[{"embeddable":true,"href":"https:\/\/jackpotlotteryonline.com\/tr\/wp-json\/wp\/v2\/comments?post=37023"}],"version-history":[{"count":0,"href":"https:\/\/jackpotlotteryonline.com\/tr\/wp-json\/wp\/v2\/pages\/37023\/revisions"}],"up":[{"embeddable":true,"href":"https:\/\/jackpotlotteryonline.com\/tr\/wp-json\/wp\/v2\/pages\/35786"}],"wp:attachment":[{"href":"https:\/\/jackpotlotteryonline.com\/tr\/wp-json\/wp\/v2\/media?parent=37023"}],"curies":[{"name":"wp","href":"https:\/\/api.w.org\/{rel}","templated":true}]}}