{"id":37077,"date":"2022-11-10T07:47:39","date_gmt":"2022-11-10T07:47:39","guid":{"rendered":"https:\/\/jackpotlotteryonline.com\/?page_id=37077"},"modified":"2023-01-06T10:14:50","modified_gmt":"2023-01-06T10:14:50","slug":"new-york-lottery","status":"publish","type":"page","link":"https:\/\/jackpotlotteryonline.com\/tr\/bilet-satin-al\/new-york-lottery\/","title":{"rendered":"New York Piyangosu i\u00e7in Biletler"},"content":{"rendered":"<p>Renkli bir ge\u00e7mi\u015fe sahip bir piyango ar\u0131yorsan\u0131z, New York Loto en iyi se\u00e7ene\u011finizdir. Tarih ve skandallarla dolu olan bu piyango ayn\u0131 zamanda iyi bir ama\u00e7 i\u00e7in kurulmu\u015f bir piyangodur. <a href=\"https:\/\/jackpotlotteryonline.com\/tr\/nasil-oynanir\/new-york-lottery-2\">Piyango oynamak<\/a> e\u011flenmek i\u00e7in iyi bir yoldur ve ayn\u0131 zamanda size d\u00f6rt g\u00f6zle bekleyece\u011finiz bir \u015fey verir.<\/p>\n<p>Bu piyangoya bilet almak isteyen ABD d\u0131\u015f\u0131ndaki oyuncular i\u00e7in bunu jackpotlotteryonline.com adresini ziyaret ederek yapabilirsiniz. Oyunculara d\u00fcnyan\u0131n neresinde olurlarsa olsunlar en iyi uluslararas\u0131 piyangolara eri\u015fim sa\u011fl\u0131yoruz.<\/p>\n<h2>New York Loto&#8217;sunun k\u0131sa tarih\u00e7esi<\/h2>\n<p>Bu, ABD&#8217;de New York eyalet h\u00fck\u00fcmeti taraf\u0131ndan y\u00fcr\u00fct\u00fclen bir piyangodur. Eyalette e\u011fitimin finanse edilmesine yard\u0131mc\u0131 olmak amac\u0131yla 1967 y\u0131l\u0131nda kurulmu\u015ftur. Eyalet vatanda\u015flar\u0131 bir referandumla anayasan\u0131n devlet taraf\u0131ndan y\u00f6netilen bir piyangoya izin verecek \u015fekilde de\u011fi\u015ftirilmesi i\u00e7in oy kulland\u0131lar. \u0130lgin\u00e7tir ki piyangonun ilk slogan\u0131 &#8220;E\u011fitime yard\u0131m etmek i\u00e7in hayat\u0131n\u0131z\u0131n \u015fans\u0131&#8221; idi.<\/p>\n<p>E\u011fer piyango oynad\u0131\u011f\u0131n\u0131z i\u00e7in kendinizi iyi hissetmek istiyorsan\u0131z, bu piyango sizin i\u00e7in iyi bir f\u0131rsat. Sadece b\u00fcy\u00fck kazanma \u015fans\u0131 elde etmekle kalmaz, ayn\u0131 zamanda bu s\u00fcre\u00e7te iyi bir \u015fey yapt\u0131\u011f\u0131n\u0131z\u0131 da bilirsiniz.<\/p>\n<p>Bir ba\u015fka ilgin\u00e7 ger\u00e7ek de, bu piyangonun ilk ba\u015flarda bir de\u011fil iki kez skandala kurban gitmi\u015f olmas\u0131d\u0131r. 1975-6 y\u0131llar\u0131nda sat\u0131\u015flar durduruldu \u00e7\u00fcnk\u00fc sat\u0131lmayan biletlerin kazanan ilan edildi\u011fi ortaya \u00e7\u0131kt\u0131. Ard\u0131ndan 1980&#8217;lerde devlet \u00e7al\u0131\u015fanlar\u0131 sonu\u00e7lar\u0131 aile ve arkada\u015flar lehine manip\u00fcle etti. O g\u00fcnler \u00e7oktan geride kald\u0131 ve Loto \u00fclkedeki en g\u00fcvenilir piyangolardan biri haline geldi.<\/p>\n<h2>ABD d\u0131\u015f\u0131ndan Loto bileti nas\u0131l al\u0131n\u0131r<\/h2>\n<p><img loading=\"lazy\" decoding=\"async\" class=\"alignright size-full wp-image-26402\" src=\"https:\/\/jackpotlotteryonline.com\/wp-content\/uploads\/2022\/11\/1_buy_online_ticket_powerball.jpg\" alt=\"New York Piyango \u00f6d\u00fcl\u00fc\" width=\"300\" height=\"194\" \/><\/p>\n<p>Amerika Birle\u015fik Devletleri d\u0131\u015f\u0131nda ya\u015f\u0131yorsan\u0131z, piyango bileti sat\u0131n alman\u0131n tek bir yasal yolu vard\u0131r. O da biletleri internet \u00fczerinden jackpotlotteryonline.com gibi bir online piyango sat\u0131c\u0131s\u0131ndan sat\u0131n almakt\u0131r.<\/p>\n<p>Biletleri sat\u0131n almak i\u00e7in siteyi ziyaret etmeniz ve istedi\u011finiz piyangoya t\u0131klaman\u0131z yeterlidir. Ard\u0131ndan, 1 ile 59 aras\u0131nda alt\u0131 say\u0131 se\u00e7in. Kazanma \u015fans\u0131n\u0131z\u0131 art\u0131rmak i\u00e7in birden fazla giri\u015f sat\u0131r\u0131 sat\u0131n almaktan \u00e7ekinmeyin. Numaralar\u0131n\u0131z\u0131 se\u00e7tikten sonra, se\u00e7ti\u011finiz \u00e7ekili\u015fe girin ve \u00f6demeyi yap\u0131n.<\/p>\n<p>Amerika Birle\u015fik Devletleri d\u0131\u015f\u0131ndan internet \u00fczerinden piyango oynamak yasal ve me\u015frudur. Ayr\u0131ca d\u00fcnyan\u0131n d\u00f6rt bir yan\u0131ndaki oyunculara bir olas\u0131l\u0131klar d\u00fcnyas\u0131 a\u00e7ar. S\u0131n\u0131rlar olmadan kolayca bahis oynayabilece\u011finiz i\u00e7in art\u0131k co\u011frafya ile k\u0131s\u0131tlanman\u0131za gerek yok.<\/p>\n<h2>Bonus numaras\u0131<\/h2>\n<p>Evet, bir bonus numaras\u0131 vard\u0131r ve bu numara \u00e7ekilen yedinci numarad\u0131r. Ancak ikramiye numaras\u0131 jackpot \u00f6d\u00fcl\u00fcn\u00fc belirlemek i\u00e7in kullan\u0131lmaz, ikinci \u00f6d\u00fcl i\u00e7in kullan\u0131l\u0131r. \u0130kinci \u00f6d\u00fcl kategorisini kazanmak i\u00e7in bir oyuncunun \u00e7ekilen alt\u0131 say\u0131y\u0131 ve bonus numaras\u0131n\u0131 e\u015fle\u015ftirmesi gerekir.<\/p>\n<section class=\"layout\" style=\"border: solid 1px; width: 100%;\">\n<div class=\"img-div\" style=\"margin-top: 5px;\"><img decoding=\"async\" class=\"wp-image-17212 alignleft\" style=\"height: 45px; margin: 8px 8px 0px;\" src=\"https:\/\/jackpotlotteryonline.com\/wp-content\/uploads\/2022\/11\/read1.jpg\" alt=\"okuyun\" width=\"\" height=\"\" \/><\/div>\n<div style=\"padding-left: 5px;\">\n<div style=\"font-size: 1.1em;\">\n<p><strong>Piyango \u0130pu\u00e7lar\u0131<\/strong><\/p>\n<p style=\"font-size: 0.85em; margin-top: -1.5em;\">Piyangoda kazanman\u0131za yard\u0131mc\u0131 olacak ipu\u00e7lar\u0131\u00a0<a href=\"https:\/\/jackpotlotteryonline.com\/tr\/piyangoda-kazanmaniza-yardimci-olacak-ipuclari\"> daha fazla oku<\/a><\/p>\n<\/div>\n<\/div>\n<\/section>\n<h2>\u00d6d\u00fcl kategorileri<\/h2>\n<p>Toplamda \u00f6d\u00fcl kazanma olas\u0131l\u0131\u011f\u0131 92,05&#8217;te 1&#8217;dir. \u00d6d\u00fcllerin da\u011f\u0131l\u0131m\u0131 toplam sat\u0131\u015flara ba\u011fl\u0131d\u0131r. B\u00f6ylece, her loto i\u00e7in, sat\u0131\u015flar\u0131n %40&#8217;\u0131 para \u00f6d\u00fcl\u00fc olarak tahsis edilir. \u0130kramiye bunun bir y\u00fczdesidir ve kilitli bir miktar de\u011fildir. \u00d6d\u00fcl kategorileri a\u015fa\u011f\u0131da \u00f6zetlenmi\u015ftir:<\/p>\n<p>Kategori 1: 6 say\u0131 &#8211; b\u00fcy\u00fck ikramiye (%30)<br \/>\nKategori 2: 5 + Bonus numaras\u0131 &#8211; sat\u0131\u015flar\u0131n %2,9&#8217;u<br \/>\nKategori 3: 5 say\u0131 &#8211; sat\u0131\u015flar\u0131n %2,2&#8217;si<br \/>\nKategori 4: 4 numara &#8211; sat\u0131\u015flar\u0131n %2,5&#8217;i<br \/>\nKategori 5: 3 numara &#8211; sat\u0131\u015flar\u0131n %2,4&#8217;\u00fc<\/p>\n<h2>New York Loto \u00e7ekili\u015f g\u00fcnleri<\/h2>\n<p><a href=\"https:\/\/jackpotlotteryonline.com\/tr\/kazanan-sayilar\/new-york-lottery\">New York piyangosunun (bazen b\u00f6yle adland\u0131r\u0131l\u0131r) her hafta iki \u00e7ekili\u015f g\u00fcn\u00fc vard\u0131r<\/a>. Bunlar \u00c7ar\u015famba ve Cumartesi g\u00fcnleridir. Dolay\u0131s\u0131yla, birka\u00e7 hafta \u00f6nceden birden fazla \u00e7ekili\u015f g\u00fcn\u00fc i\u00e7in giri\u015f yapabilirsiniz.<\/p>\n<p>Bir \u00f6d\u00fcl kazan\u0131p kazanmad\u0131\u011f\u0131n\u0131z\u0131 \u00f6\u011frenmek i\u00e7in \u00e7ekili\u015fleri televizyondan izleyebilir veya \u00e7ekili\u015f sonu\u00e7lar\u0131 i\u00e7in haberleri kontrol edebilirsiniz. Ancak, \u00f6zellikle o s\u0131rada me\u015fgulseniz, bu kolayca yorucu hale gelebilir. Daha basit bir alternatif i\u00e7in bize kaydolun ve kazand\u0131\u011f\u0131n\u0131zda sizi hemen uyaral\u0131m.<\/p>\n<h2>Neden New York piyangosunu oynamal\u0131s\u0131n\u0131z?<\/h2>\n<p>Para \u00f6d\u00fcl\u00fcn\u00fcn sat\u0131\u015flara g\u00f6re belirlendi\u011fi ger\u00e7e\u011fini d\u00fc\u015f\u00fcnd\u00fc\u011f\u00fcn\u00fczde, cesaretiniz k\u0131r\u0131labilir. Sat\u0131\u015flar iyi de\u011filse ne olur? Bu, ikramiye \u00f6d\u00fcl\u00fcn\u00fcn \u00f6nemli \u00f6l\u00e7\u00fcde azalabilece\u011fi anlam\u0131na gelir. Bu, bahis\u00e7ilerin bu piyangoyu oynarken kar\u015f\u0131la\u015ft\u0131klar\u0131 ger\u00e7ek bir korkudur.<\/p>\n<p>Ancak, New York eyalet h\u00fck\u00fcmeti taraf\u0131ndan y\u00fcr\u00fct\u00fclen piyangonun lehine i\u015fleyen birka\u00e7 \u015fey var. Birincisi, bu piyangoya \u00e7ok fazla ilgi var, bu nedenle sat\u0131\u015flar hala olduk\u00e7a iyi. B\u00fcy\u00fck ikramiye di\u011fer baz\u0131 uluslararas\u0131 piyangolar kadar b\u00fcy\u00fck de\u011fildir, ancak oyuncular 10 milyon dolara kadar kazanabilirler.<\/p>\n<p>Ayr\u0131ca, \u00f6d\u00fcl kazanma olas\u0131l\u0131\u011f\u0131 daha b\u00fcy\u00fck ikramiyeli di\u011fer piyangolardan \u00e7ok daha y\u00fcksektir. Baz\u0131 bahis\u00e7iler bunu y\u00fcksek riskli bahis olarak g\u00f6rmese de, uygun oranlar kesinlikle anla\u015fmay\u0131 tatland\u0131r\u0131yor. Ayr\u0131ca, b\u00fcy\u00fck ikramiye \u00f6d\u00fcl\u00fc hi\u00e7 de fena de\u011fildir ve yine de kazananlar\u0131 milyoner yapabilir.<\/p>\n<h2>Stressiz bir deneyim i\u00e7in bize kaydolun<\/h2>\n<p><img loading=\"lazy\" decoding=\"async\" class=\"size-full wp-image-35321 alignright\" src=\"https:\/\/jackpotlotteryonline.com\/wp-content\/uploads\/2022\/11\/2_ticket_superenalotto-1.jpg\" alt=\"New York Loto bileti\" width=\"228\" height=\"300\" \/><\/p>\n<p>Bize kay\u0131t oldu\u011funuzda New York Loto&#8217;sunu oynamak kolay ve sorunsuzdur. Sitemizi ziyaret etti\u011finizde, girebilece\u011finiz \u00e7ok say\u0131da uluslararas\u0131 piyango bulacaks\u0131n\u0131z. Bir bilet al\u0131n ve se\u00e7ti\u011finiz piyangoya bahis yap\u0131n ve isterseniz birden fazla giri\u015f se\u00e7in. Se\u00e7ece\u011finiz say\u0131lardan emin de\u011filseniz, otomatik se\u00e7me arac\u0131m\u0131z size bu konuda yard\u0131mc\u0131 olacakt\u0131r.<\/p>\n<p>Numaralar\u0131n\u0131z\u0131 se\u00e7tikten sonra \u00e7ekili\u015fe girin ve \u00f6deme alan\u0131na gidin. Bu noktada sizden kay\u0131t olman\u0131z\u0131 isteyece\u011fiz. Bunun nedeni a\u015fa\u011f\u0131daki gibidir:<\/p>\n<ul>\n<li>Kay\u0131t oldu\u011funuzda, kazand\u0131\u011f\u0131n\u0131z \u00f6d\u00fclleri kolayca talep edebilmeniz i\u00e7in biletlerinizin g\u00fcvende tutulmas\u0131n\u0131 sa\u011flayabilirsiniz<\/li>\n<li>Herhangi bir \u00f6d\u00fcl kazan\u0131rsan\u0131z, kontrol panelinizde ve e-posta yoluyla bir uyar\u0131 alacaks\u0131n\u0131z<\/li>\n<li>\u00d6d\u00fcl\u00fcn\u00fcz\u00fc \u00e7ekmek hi\u00e7 bu kadar kolay olmam\u0131\u015ft\u0131, \u00e7\u00fcnk\u00fc bunu do\u011frudan platformumuzda yapabilirsiniz<\/li>\n<\/ul>\n<h2>Piyangoya kat\u0131ld\u0131\u011f\u0131n\u0131z\u0131 nas\u0131l anlars\u0131n\u0131z?<\/h2>\n<p>Bu me\u015fru bir sorudur \u00e7\u00fcnk\u00fc piyango bileti satan ancak size piyangoya eri\u015fim sa\u011flamayan birka\u00e7 hizmet vard\u0131r. Yapt\u0131klar\u0131 \u015fey, size b\u00fcy\u00fck ikramiyeye kar\u015f\u0131 bahis oynama \u015fans\u0131 vermeleridir. Yani kazansan\u0131z bile ikramiye tutar\u0131n\u0131n yaln\u0131zca bir k\u0131sm\u0131n\u0131 alabilirsiniz. Biz bunu yapm\u0131yoruz.<\/p>\n<p>M\u00fc\u015fterilerimizin se\u00e7tikleri piyangolara ger\u00e7ek zamanl\u0131 eri\u015fimini sa\u011flayan bir konsiyerj hizmeti y\u00fcr\u00fct\u00fcyoruz. Bir giri\u015f sat\u0131n ald\u0131\u011f\u0131n\u0131zda, New York&#8217;taki acentelerimiz tercih etti\u011finiz numaralar\u0131 i\u00e7eren fiziksel bir bilet de sat\u0131n alacakt\u0131r. Bunun anlam\u0131, numaralar\u0131n\u0131z \u00e7ekilen numaralarla e\u015fle\u015firse, ikramiyeyi kazanm\u0131\u015f olaca\u011f\u0131n\u0131zd\u0131r.<\/p>\n<p>Bu, piyangonun bir \u015fans oyunu oldu\u011funu belirtmek i\u00e7in iyi bir zaman gibi g\u00f6r\u00fcn\u00fcyor. Dolay\u0131s\u0131yla, kimin kazanaca\u011f\u0131n\u0131 belirlemenin bir yolu yoktur. Bildi\u011fimiz \u015fey, kazanma \u015fans\u0131na sahip olman\u0131n tek yolunun bahis oynamak oldu\u011fudur. Bu nedenle, m\u00fc\u015fterilerimizin bu f\u0131rsata sahip olmas\u0131n\u0131 sa\u011flamak i\u00e7in fazladan yol kat ediyoruz.<\/p>\n<h2>New York Loto&#8217;yu bug\u00fcn \u00e7evrimi\u00e7i oynay\u0131n<\/h2>\n<p>Piyango bileti almay\u0131 d\u00fc\u015f\u00fcnmeyi b\u0131rak\u0131p bir tane alman\u0131n zaman\u0131 geldi. Bu, hayat boyu s\u00fcrecek bir maceran\u0131n ba\u015flang\u0131c\u0131 olabilir. \u00d6yleyse neden bug\u00fcn d\u00fcnyan\u0131n herhangi bir yerinden bahis oynamak i\u00e7in jackpotlotteryonline.com adresinden bizi ziyaret etmiyorsunuz? Piyangoyu ne zaman kazanaca\u011f\u0131n\u0131z\u0131 asla bilemezsiniz.<\/p>\n","protected":false},"excerpt":{"rendered":"<p>Renkli bir ge\u00e7mi\u015fe sahip bir piyango ar\u0131yorsan\u0131z, New York Loto en iyi se\u00e7ene\u011finizdir. Tarih ve skandallarla dolu olan bu piyango ayn\u0131 zamanda iyi bir ama\u00e7 i\u00e7in kurulmu\u015f bir piyangodur. Piyango oynamak e\u011flenmek i\u00e7in iyi bir yoldur ve ayn\u0131 zamanda size d\u00f6rt g\u00f6zle bekleyece\u011finiz bir \u015fey verir. Bu piyangoya bilet almak isteyen ABD d\u0131\u015f\u0131ndaki oyuncular i\u00e7in [&hellip;]<\/p>\n","protected":false},"author":1,"featured_media":0,"parent":35786,"menu_order":14,"comment_status":"closed","ping_status":"closed","template":"newyork-info.php","meta":{"_et_pb_use_builder":"","_et_pb_old_content":"","_et_gb_content_width":"","exclude_from_search":false,"footnotes":""},"class_list":["post-37077","page","type-page","status-publish","hentry"],"yoast_head":"<!-- This site is optimized with the Yoast SEO plugin v23.3 - https:\/\/yoast.com\/wordpress\/plugins\/seo\/ -->\n<title>New York Lottery i\u00e7in ABD d\u0131\u015f\u0131ndan bilet sat\u0131n al\u0131n | New York Lotery biletlerini \u00e7evrimi\u00e7i al\u0131n<\/title>\n<meta name=\"description\" content=\"New York Piyangosu i\u00e7in bilet almak istiyorsunuz ama ABD d\u0131\u015f\u0131nda m\u0131 ya\u015f\u0131yorsunuz? Loto biletlerinizi buradan online al\u0131n\" \/>\n<meta name=\"robots\" content=\"index, follow, max-snippet:-1, max-image-preview:large, max-video-preview:-1\" \/>\n<link rel=\"canonical\" href=\"https:\/\/jackpotlotteryonline.com\/tr\/bilet-satin-al\/new-york-lottery\/\" \/>\n<meta property=\"og:locale\" content=\"tr_TR\" \/>\n<meta property=\"og:type\" content=\"article\" \/>\n<meta property=\"og:title\" content=\"New York Lottery i\u00e7in ABD d\u0131\u015f\u0131ndan bilet sat\u0131n al\u0131n | New York Lotery biletlerini \u00e7evrimi\u00e7i al\u0131n\" \/>\n<meta property=\"og:description\" content=\"New York Piyangosu i\u00e7in bilet almak istiyorsunuz ama ABD d\u0131\u015f\u0131nda m\u0131 ya\u015f\u0131yorsunuz? Loto biletlerinizi buradan online al\u0131n\" \/>\n<meta property=\"og:url\" content=\"https:\/\/jackpotlotteryonline.com\/tr\/bilet-satin-al\/new-york-lottery\/\" \/>\n<meta property=\"og:site_name\" content=\"Lotto Online - Crack The International Lottery Jackpots\" \/>\n<meta property=\"article:modified_time\" content=\"2023-01-06T10:14:50+00:00\" \/>\n<meta property=\"og:image\" content=\"https:\/\/jackpotlotteryonline.com\/wp-content\/uploads\/2022\/11\/1_buy_online_ticket_powerball.jpg\" \/>\n<meta name=\"twitter:card\" content=\"summary_large_image\" \/>\n<meta name=\"twitter:label1\" content=\"Tahmini okuma s\u00fcresi\" \/>\n\t<meta name=\"twitter:data1\" content=\"5 dakika\" \/>\n<!-- \/ Yoast SEO plugin. -->","yoast_head_json":{"title":"New York Lottery i\u00e7in ABD d\u0131\u015f\u0131ndan bilet sat\u0131n al\u0131n | New York Lotery biletlerini \u00e7evrimi\u00e7i al\u0131n","description":"New York Piyangosu i\u00e7in bilet almak istiyorsunuz ama ABD d\u0131\u015f\u0131nda m\u0131 ya\u015f\u0131yorsunuz? Loto biletlerinizi buradan online al\u0131n","robots":{"index":"index","follow":"follow","max-snippet":"max-snippet:-1","max-image-preview":"max-image-preview:large","max-video-preview":"max-video-preview:-1"},"canonical":"https:\/\/jackpotlotteryonline.com\/tr\/bilet-satin-al\/new-york-lottery\/","og_locale":"tr_TR","og_type":"article","og_title":"New York Lottery i\u00e7in ABD d\u0131\u015f\u0131ndan bilet sat\u0131n al\u0131n | New York Lotery biletlerini \u00e7evrimi\u00e7i al\u0131n","og_description":"New York Piyangosu i\u00e7in bilet almak istiyorsunuz ama ABD d\u0131\u015f\u0131nda m\u0131 ya\u015f\u0131yorsunuz? Loto biletlerinizi buradan online al\u0131n","og_url":"https:\/\/jackpotlotteryonline.com\/tr\/bilet-satin-al\/new-york-lottery\/","og_site_name":"Lotto Online - Crack The International Lottery Jackpots","article_modified_time":"2023-01-06T10:14:50+00:00","og_image":[{"url":"https:\/\/jackpotlotteryonline.com\/wp-content\/uploads\/2022\/11\/1_buy_online_ticket_powerball.jpg"}],"twitter_card":"summary_large_image","twitter_misc":{"Tahmini okuma s\u00fcresi":"5 dakika"},"schema":{"@context":"https:\/\/schema.org","@graph":[{"@type":"WebPage","@id":"https:\/\/jackpotlotteryonline.com\/tr\/bilet-satin-al\/new-york-lottery\/","url":"https:\/\/jackpotlotteryonline.com\/tr\/bilet-satin-al\/new-york-lottery\/","name":"New York Lottery i\u00e7in ABD d\u0131\u015f\u0131ndan bilet sat\u0131n al\u0131n | New York Lotery biletlerini \u00e7evrimi\u00e7i al\u0131n","isPartOf":{"@id":"https:\/\/jackpotlotteryonline.com\/#website"},"primaryImageOfPage":{"@id":"https:\/\/jackpotlotteryonline.com\/tr\/bilet-satin-al\/new-york-lottery\/#primaryimage"},"image":{"@id":"https:\/\/jackpotlotteryonline.com\/tr\/bilet-satin-al\/new-york-lottery\/#primaryimage"},"thumbnailUrl":"https:\/\/jackpotlotteryonline.com\/wp-content\/uploads\/2022\/11\/1_buy_online_ticket_powerball.jpg","datePublished":"2022-11-10T07:47:39+00:00","dateModified":"2023-01-06T10:14:50+00:00","description":"New York Piyangosu i\u00e7in bilet almak istiyorsunuz ama ABD d\u0131\u015f\u0131nda m\u0131 ya\u015f\u0131yorsunuz? Loto biletlerinizi buradan online al\u0131n","breadcrumb":{"@id":"https:\/\/jackpotlotteryonline.com\/tr\/bilet-satin-al\/new-york-lottery\/#breadcrumb"},"inLanguage":"tr","potentialAction":[{"@type":"ReadAction","target":["https:\/\/jackpotlotteryonline.com\/tr\/bilet-satin-al\/new-york-lottery\/"]}]},{"@type":"ImageObject","inLanguage":"tr","@id":"https:\/\/jackpotlotteryonline.com\/tr\/bilet-satin-al\/new-york-lottery\/#primaryimage","url":"https:\/\/jackpotlotteryonline.com\/wp-content\/uploads\/2022\/11\/1_buy_online_ticket_powerball.jpg","contentUrl":"https:\/\/jackpotlotteryonline.com\/wp-content\/uploads\/2022\/11\/1_buy_online_ticket_powerball.jpg"},{"@type":"BreadcrumbList","@id":"https:\/\/jackpotlotteryonline.com\/tr\/bilet-satin-al\/new-york-lottery\/#breadcrumb","itemListElement":[{"@type":"ListItem","position":1,"name":"Home","item":"https:\/\/jackpotlotteryonline.com\/tr\/"},{"@type":"ListItem","position":2,"name":"\u0130nternetten Piyango Bileti Nas\u0131l Al\u0131n\u0131r","item":"https:\/\/jackpotlotteryonline.com\/tr\/bilet-satin-al\/"},{"@type":"ListItem","position":3,"name":"New York Piyangosu i\u00e7in Biletler"}]},{"@type":"WebSite","@id":"https:\/\/jackpotlotteryonline.com\/#website","url":"https:\/\/jackpotlotteryonline.com\/","name":"Lotto Online - Crack The International Lottery Jackpots","description":"","potentialAction":[{"@type":"SearchAction","target":{"@type":"EntryPoint","urlTemplate":"https:\/\/jackpotlotteryonline.com\/?s={search_term_string}"},"query-input":"required name=search_term_string"}],"inLanguage":"tr"}]}},"_links":{"self":[{"href":"https:\/\/jackpotlotteryonline.com\/tr\/wp-json\/wp\/v2\/pages\/37077","targetHints":{"allow":["GET"]}}],"collection":[{"href":"https:\/\/jackpotlotteryonline.com\/tr\/wp-json\/wp\/v2\/pages"}],"about":[{"href":"https:\/\/jackpotlotteryonline.com\/tr\/wp-json\/wp\/v2\/types\/page"}],"author":[{"embeddable":true,"href":"https:\/\/jackpotlotteryonline.com\/tr\/wp-json\/wp\/v2\/users\/1"}],"replies":[{"embeddable":true,"href":"https:\/\/jackpotlotteryonline.com\/tr\/wp-json\/wp\/v2\/comments?post=37077"}],"version-history":[{"count":0,"href":"https:\/\/jackpotlotteryonline.com\/tr\/wp-json\/wp\/v2\/pages\/37077\/revisions"}],"up":[{"embeddable":true,"href":"https:\/\/jackpotlotteryonline.com\/tr\/wp-json\/wp\/v2\/pages\/35786"}],"wp:attachment":[{"href":"https:\/\/jackpotlotteryonline.com\/tr\/wp-json\/wp\/v2\/media?parent=37077"}],"curies":[{"name":"wp","href":"https:\/\/api.w.org\/{rel}","templated":true}]}}