{"id":37129,"date":"2022-11-10T09:51:48","date_gmt":"2022-11-10T09:51:48","guid":{"rendered":"https:\/\/jackpotlotteryonline.com\/?page_id=37129"},"modified":"2023-01-04T08:56:17","modified_gmt":"2023-01-04T08:56:17","slug":"thunderball-biletleri-satin-alin","status":"publish","type":"page","link":"https:\/\/jackpotlotteryonline.com\/tr\/bilet-satin-al\/thunderball-biletleri-satin-alin\/","title":{"rendered":"Thunderball biletleri sat\u0131n al\u0131n"},"content":{"rendered":"<p>Birle\u015fik Krall\u0131k&#8217;taki oyuncular\u0131n oynayabilece\u011fi piyango s\u0131k\u0131nt\u0131s\u0131 yoktur. Loto oyunlar\u0131ndan y\u0131ll\u0131k gelir oyunlar\u0131na kadar, herkes i\u00e7in ve neredeyse her g\u00fcn bir \u015feyler vard\u0131r. Ancak bahis\u00e7ilerin en sevdi\u011fi oyunlardan biri Thunderball&#8217;d\u0131r. \u0130lgin\u00e7tir, \u00e7\u00fcnk\u00fc bu milyonlarca pound de\u011ferinde bir ikramiye sunmayan bir piyangodur. Asl\u0131nda, b\u00fcy\u00fck ikramiyeyi kazansan\u0131z bile milyoner olmayaca\u011f\u0131n\u0131z\u0131 garanti edebiliriz. O zaman oyuncular neden bu piyangoyu seviyor gibi g\u00f6r\u00fcn\u00fcyor?<\/p>\n<p>Nedeni basit; oranlar daha b\u00fcy\u00fck ikramiyeli di\u011fer oyunlara g\u00f6re \u00e7ok daha iyi. D\u00f6rt haftal\u0131k \u00e7ekili\u015f ve d\u00fczenli bir ikramiye tutar\u0131 ile loto merakl\u0131lar\u0131n\u0131n her hafta bu piyangoya ak\u0131n etmesine \u015fa\u015fmamal\u0131.<\/p>\n<p>Birle\u015fik Krall\u0131k d\u0131\u015f\u0131nda ya\u015f\u0131yorsan\u0131z, \u00e7ekili\u015flerden herhangi birine de kat\u0131labilirsiniz. Nerede olursan\u0131z olun piyango bileti sat\u0131n alman\u0131n etkili ve stressiz bir yolu i\u00e7in jackpotlotteryonline.com adresini ziyaret edin.<\/p>\n<h2>Thunderball nas\u0131l \u00e7al\u0131\u015f\u0131r?<\/h2>\n<p><img loading=\"lazy\" decoding=\"async\" class=\"alignright size-medium wp-image-30425\" src=\"https:\/\/jackpotlotteryonline.com\/wp-content\/uploads\/2022\/11\/1_you_win_jackpot-300x300.jpg\" alt=\"Thunderball nas\u0131l oynan\u0131r\" width=\"300\" height=\"300\" srcset=\"https:\/\/jackpotlotteryonline.com\/wp-content\/uploads\/2022\/11\/1_you_win_jackpot-300x300.jpg 300w, https:\/\/jackpotlotteryonline.com\/wp-content\/uploads\/2022\/11\/1_you_win_jackpot-100x100.jpg 100w, https:\/\/jackpotlotteryonline.com\/wp-content\/uploads\/2022\/11\/1_you_win_jackpot-150x150.jpg 150w, https:\/\/jackpotlotteryonline.com\/wp-content\/uploads\/2022\/11\/1_you_win_jackpot.jpg 320w\" sizes=\"auto, (max-width: 300px) 100vw, 300px\" \/><\/p>\n<p>Bu \u0130ngiliz piyangosu basit ve oynamas\u0131 kolayd\u0131r ve deneyimli loto oyuncular\u0131 bu \u0130ngiliz piyangosunda sorun ya\u015famayacakt\u0131r.<\/p>\n<p>Bu <a href=\"https:\/\/jackpotlotteryonline.com\/tr\/nasil-oynanir\/thunderball\">\u0130ngiliz piyangosunu oynamak<\/a> i\u00e7in oyuncular\u0131n 1 ile 39 aras\u0131nda be\u015f ana say\u0131 ve 1 ile 14 aras\u0131nda bir \u00f6zel say\u0131 se\u00e7meleri gerekir. \u00d6zel say\u0131 Thunderball olarak adland\u0131r\u0131l\u0131r.<\/p>\n<p>Numaralar\u0131n\u0131z\u0131 se\u00e7tikten sonra, bir sonraki ad\u0131m <a href=\"https:\/\/jackpotlotteryonline.com\/tr\/kazanan-sayilar\/thunderball\">\u00e7ekili\u015flere girmek<\/a> ve sonu\u00e7lar\u0131 beklemektir. D\u00f6rt haftal\u0131k \u00e7ekili\u015f sundu\u011fundan daha \u00f6nce bahsetmi\u015ftik. Bu da ikramiyeyi kazanmak i\u00e7in d\u00f6rt f\u0131rsat demek! \u00c7ekili\u015fler Sal\u0131, \u00c7ar\u015famba, Per\u015fembe ve Cumartesi g\u00fcnleri yap\u0131lmaktad\u0131r.<\/p>\n<h2>\u0130ngiltere&#8217;de \u00e7evrimi\u00e7i piyango bileti sat\u0131n almak yasal m\u0131?<\/h2>\n<p>\u0130nternet \u00fczerinden piyangoya girip giremeyece\u011finizle ilgili soru ge\u00e7erli bir endi\u015fedir. D\u0131\u015far\u0131da doland\u0131r\u0131c\u0131l\u0131k oldu\u011fu do\u011frudur ve bunu g\u00f6rmezden gelmek aptall\u0131k olur. Ancak, d\u00fcnyan\u0131n d\u00f6rt bir yan\u0131ndaki piyangolara bilet satan yasal piyango siteleri vard\u0131r ve bu tamamen yasald\u0131r.<\/p>\n<p>Her \u015feyden \u00f6nce, bu \u0130ngiliz piyangosu Birle\u015fik Krall\u0131k vatanda\u015flar\u0131yla s\u0131n\u0131rl\u0131 de\u011fildir. Tek k\u0131s\u0131tlama co\u011frafi olup, fiziksel fi\u015fler \u00fclkedeki sat\u0131c\u0131lar taraf\u0131ndan sat\u0131lmaktad\u0131r. Biletlerinizi \u00e7evrimi\u00e7i sat\u0131n almak, \u00fclke d\u0131\u015f\u0131ndan piyango oynaman\u0131n tek yoludur.<\/p>\n<p>Bir piyango giri\u015fi sat\u0131n almadan \u00f6nce, yasal bir piyango sat\u0131c\u0131s\u0131, \u00f6zellikle de iyi bir \u00fcne sahip bir sat\u0131c\u0131 kulland\u0131\u011f\u0131n\u0131zdan emin olun. Kontrol etmenin iyi bir yolu, kazanc\u0131n\u0131z\u0131 kaybetmemeniz i\u00e7in kazan\u00e7lar\u0131 \u00f6deme ge\u00e7mi\u015fine sahip olup olmad\u0131klar\u0131n\u0131 g\u00f6rmektir.<\/p>\n<section class=\"layout\" style=\"border: solid 1px; width: 100%;\">\n<div class=\"img-div\" style=\"margin-top: 5px;\"><img decoding=\"async\" class=\"wp-image-17212 alignleft\" style=\"height: 45px; margin: 8px 8px 0px;\" src=\"https:\/\/jackpotlotteryonline.com\/wp-content\/uploads\/2022\/11\/read1.jpg\" alt=\"okuyun\" width=\"\" height=\"\" \/><\/div>\n<div style=\"padding-left: 5px;\">\n<div style=\"font-size: 1.1em;\">\n<p><strong>Uluslararas\u0131 kar\u015f\u0131la\u015ft\u0131rmada milli piyangonuz<\/strong><\/p>\n<p style=\"font-size: 0.85em; margin-top: -1.5em;\">Yerel piyangonuz en k\u00f6t\u00fc se\u00e7ene\u011finiz olabilir &#8211; neden daha fazla \u00f6deyip daha b\u00fcy\u00fck ikramiyelere y\u00f6nelmek daha mant\u0131kl\u0131?\u00a0 <a href=\"https:\/\/jackpotlotteryonline.com\/tr\/uluslararasi-karsilastirmada-ulusal-potonuz\"> daha fazla oku<\/a><\/p>\n<\/div>\n<\/div>\n<\/section>\n<h2>Jackpot ve \u00f6d\u00fcller<\/h2>\n<p>Peki bu \u0130ngiliz piyangosunun jackpot \u00f6d\u00fcl\u00fc tam olarak nedir? B\u00fcy\u00fck ikramiye \u00f6d\u00fcl\u00fc be\u015f y\u00fcz bin pounddur ve her \u00e7ekili\u015f i\u00e7in garanti edilir. \u00c7ekilen be\u015f say\u0131 ve \u00f6zel say\u0131 ile e\u015fle\u015fen herhangi bir bilet b\u00fcy\u00fck ikramiyeyi kazan\u0131r.<\/p>\n<p>B\u00fcy\u00fck ikramiye, oyuncular\u0131n bu piyango ile kazanabilecekleri tek \u00f6d\u00fcl de\u011fildir, \u00e7\u00fcnk\u00fc ba\u015fka \u00f6d\u00fcl kademeleri de vard\u0131r. \u0130kinci kademe \u00f6d\u00fcl\u00fc de sabit bir miktar olan be\u015f bin pounddur ve bu ger\u00e7ekten harikad\u0131r. Toplamda dokuz \u00f6d\u00fcl kademesi vard\u0131r ve sadece \u00f6zel numaray\u0131 e\u015fle\u015ftirmek i\u00e7in bir \u00f6d\u00fcl vard\u0131r.<\/p>\n<p>Yine, bu piyango i\u00e7in oranlar inan\u0131lmazd\u0131r, bu y\u00fczden 1999&#8217;daki ilk \u00e7ekili\u015ften bu yana bu kadar \u00e7ok kazanan \u00fcretmi\u015ftir. Piyangoya olan y\u00fcksek talep nedeniyle, haftada sadece bir \u00e7ekili\u015ften haftada d\u00f6rt \u00e7ekili\u015fe \u00e7\u0131km\u0131\u015ft\u0131r. Bu \u0130ngiliz piyangosunu oynarsan\u0131z, b\u00fcy\u00fck ikramiyeyi kazanma olas\u0131l\u0131\u011f\u0131n\u0131z 8.060.598&#8217;de 1 iken, herhangi bir \u00f6d\u00fcl\u00fc kazanma olas\u0131l\u0131\u011f\u0131n\u0131z 13&#8217;te 1&#8217;dir.<br \/>\n<img loading=\"lazy\" decoding=\"async\" class=\"alignright size-medium wp-image-35457\" src=\"https:\/\/jackpotlotteryonline.com\/wp-content\/uploads\/2022\/11\/2_ticket_uk_lottery-192x300.jpg\" alt=\"thunderball bi\u0307leti\u0307\" width=\"192\" height=\"300\" srcset=\"https:\/\/jackpotlotteryonline.com\/wp-content\/uploads\/2022\/11\/2_ticket_uk_lottery-192x300.jpg 192w, https:\/\/jackpotlotteryonline.com\/wp-content\/uploads\/2022\/11\/2_ticket_uk_lottery.jpg 250w\" sizes=\"auto, (max-width: 192px) 100vw, 192px\" \/><\/p>\n<p><strong>Bu piyangoyu oynad\u0131\u011f\u0131n\u0131zda, i\u015fte kazanmay\u0131 bekleyebilece\u011finiz \u015feyler:<\/strong><\/p>\n<p>5 say\u0131 + \u00f6zel say\u0131y\u0131 e\u015fle\u015ftirin &#8211; \u00a3500,000 (Jackpot)<br \/>\nSadece 5 say\u0131y\u0131 e\u015fle\u015ftirin &#8211; \u00a35000<br \/>\n4 say\u0131 + \u00f6zel say\u0131y\u0131 e\u015fle\u015ftirin &#8211; \u00a3250<br \/>\nSadece 4 say\u0131y\u0131 e\u015fle\u015ftirin &#8211; \u00a3100<br \/>\n3 say\u0131 + \u00f6zel say\u0131y\u0131 e\u015fle\u015ftirin &#8211; \u00a320<br \/>\nSadece 3 say\u0131y\u0131 e\u015fle\u015ftirin &#8211; \u00a310<br \/>\n2 say\u0131 + \u00f6zel say\u0131y\u0131 e\u015fle\u015ftirin &#8211; \u00a310<br \/>\n1 say\u0131 + \u00f6zel say\u0131y\u0131 e\u015fle\u015ftirin &#8211; \u00a35<br \/>\n0 numara + \u00f6zel numara e\u015fle\u015ftir &#8211; \u00a33<\/p>\n<h2>\u00d6d\u00fcl\u00fcn\u00fcz\u00fc nas\u0131l talep edebilirsiniz?<\/h2>\n<p>\u00d6d\u00fcl\u00fcn\u00fcz\u00fc nas\u0131l talep edece\u011finiz, piyango biletinizi nas\u0131l sat\u0131n ald\u0131\u011f\u0131n\u0131za ba\u011fl\u0131 olacakt\u0131r. Piyangoya sitemiz arac\u0131l\u0131\u011f\u0131yla kat\u0131ld\u0131ysan\u0131z, hesab\u0131n\u0131za giri\u015f yaparak ve kazanc\u0131n\u0131z\u0131 platformumuzdan \u00e7ekerek \u00f6d\u00fcl\u00fcn\u00fcz\u00fc talep edebilirsiniz.<\/p>\n<p>\u00d6d\u00fcl\u00fcn\u00fcz\u00fc talep etmeden \u00f6nce, Birle\u015fik Krall\u0131k&#8217;ta piyango oynamak hakk\u0131nda birka\u00e7 \u015fey bilmek \u00f6nemlidir. Piyangonun milliyetten ba\u011f\u0131ms\u0131z olarak herkese a\u00e7\u0131k oldu\u011funu zaten biliyoruz, ancak burada dikkat edilmesi gereken birka\u00e7 \u015fey var:<\/p>\n<ul>\n<li>Piyango 16 ya\u015f\u0131ndan b\u00fcy\u00fck oyunculara a\u00e7\u0131kt\u0131r<\/li>\n<li>\u00d6d\u00fcller toplu olarak \u00f6denir<\/li>\n<li>Piyango kazan\u00e7lar\u0131 \u00fclkede vergiye tabi de\u011fildir. Ancak, \u00fclke d\u0131\u015f\u0131ndan oynuyorsan\u0131z, \u00fclkenizin vergi yasalar\u0131n\u0131 kontrol etmelisiniz<\/li>\n<li>Herhangi bir kazanc\u0131 havuza geri d\u00f6nmeden \u00f6nce talep etmek i\u00e7in 180 g\u00fcn\u00fcn\u00fcz var<\/li>\n<li>Piyangoya fiziksel bir sat\u0131c\u0131 arac\u0131l\u0131\u011f\u0131yla kat\u0131ld\u0131ysan\u0131z, kazanc\u0131n\u0131z\u0131 talep etmek i\u00e7in piyango d\u00fczenleyicileri ile ileti\u015fime ge\u00e7meniz gerekebilir.<\/li>\n<\/ul>\n<h2>Neden bizimle piyango oynamal\u0131s\u0131n\u0131z?<\/h2>\n<p>D\u00fcnyan\u0131n d\u00f6rt bir yan\u0131ndaki oyunculara en iyi uluslararas\u0131 piyangolara eri\u015fim sa\u011flayan \u0131smarlama bir konsiyerj hizmetiyiz. M\u00fc\u015fterilerimizin keyifli ve stressiz heyecan verici bir deneyim ya\u015famalar\u0131n\u0131 sa\u011flamak i\u00e7in s\u00fcreci iyile\u015ftirmek i\u00e7in y\u0131llar harcad\u0131k.<\/p>\n<p>Bize kaydoldu\u011funuzda, tek bir \u00e7evrimi\u00e7i platformdan \u00e7e\u015fitli piyangolara rahat\u00e7a girebilirsiniz. Giri\u015f fi\u015finizin g\u00fcvende oldu\u011funu bilmenin ek g\u00fcvenli\u011fini sa\u011fl\u0131yoruz, b\u00f6ylece kaybetme konusunda endi\u015felenmenize gerek kalm\u0131yor. Ayr\u0131ca herhangi bir kazanc\u0131 ka\u00e7\u0131rmayaca\u011f\u0131n\u0131z\u0131 bilerek rahatlayabilirsiniz \u00e7\u00fcnk\u00fc bir \u00f6d\u00fcl kazan\u0131r kazanmaz size haber verece\u011fiz.<\/p>\n<p>Temel olarak, piyango oynaman\u0131n getirdi\u011fi t\u00fcm c\u0131vata ve g\u0131c\u0131rt\u0131lar\u0131 ortadan kald\u0131r\u0131yoruz ve sizi en \u00e7ok keyif ald\u0131\u011f\u0131n\u0131z \u015feyi yapmakta \u00f6zg\u00fcr b\u0131rak\u0131yoruz: e\u011flenmek. D\u00fcnyan\u0131n neresinde olursan\u0131z olun, internet ba\u011flant\u0131n\u0131z oldu\u011funda en iyi uluslararas\u0131 piyangolara kat\u0131labilirsiniz.<\/p>\n<p>Jackpotlotteryonline.com ile \u00e7e\u015fitli se\u00e7eneklere sahip olursunuz. Bir veya birden fazla piyango oynayabilir, bir veya birden fazla \u00e7ekili\u015fe kat\u0131labilir ve hatta giri\u015flerinizin otomatik pilotta \u00e7al\u0131\u015fmas\u0131 i\u00e7in bir abonelik kurabilirsiniz. \u0130ngiltere d\u0131\u015f\u0131ndan Thunderball bileti sat\u0131n almak i\u00e7in neden bug\u00fcn bizi ziyaret etmiyorsunuz?<\/p>\n","protected":false},"excerpt":{"rendered":"<p>Birle\u015fik Krall\u0131k&#8217;taki oyuncular\u0131n oynayabilece\u011fi piyango s\u0131k\u0131nt\u0131s\u0131 yoktur. Loto oyunlar\u0131ndan y\u0131ll\u0131k gelir oyunlar\u0131na kadar, herkes i\u00e7in ve neredeyse her g\u00fcn bir \u015feyler vard\u0131r. Ancak bahis\u00e7ilerin en sevdi\u011fi oyunlardan biri Thunderball&#8217;d\u0131r. \u0130lgin\u00e7tir, \u00e7\u00fcnk\u00fc bu milyonlarca pound de\u011ferinde bir ikramiye sunmayan bir piyangodur. Asl\u0131nda, b\u00fcy\u00fck ikramiyeyi kazansan\u0131z bile milyoner olmayaca\u011f\u0131n\u0131z\u0131 garanti edebiliriz. O zaman oyuncular neden bu piyangoyu [&hellip;]<\/p>\n","protected":false},"author":1,"featured_media":0,"parent":35786,"menu_order":12,"comment_status":"closed","ping_status":"closed","template":"thunderball-info.php","meta":{"_et_pb_use_builder":"","_et_pb_old_content":"","_et_gb_content_width":"","exclude_from_search":false,"footnotes":""},"class_list":["post-37129","page","type-page","status-publish","hentry"],"yoast_head":"<!-- This site is optimized with the Yoast SEO plugin v23.3 - https:\/\/yoast.com\/wordpress\/plugins\/seo\/ -->\n<title>Thunderball biletlerini Birle\u015fik Krall\u0131k d\u0131\u015f\u0131ndan sat\u0131n al\u0131n | Thunderball Lottery online<\/title>\n<meta name=\"description\" content=\"\u0130ngiltere d\u0131\u015f\u0131ndan Thunderball biletinizi buradan online sat\u0131n al\u0131n! Taranm\u0131\u015f Thunderball biletinizi yasal hizmetimiz arac\u0131l\u0131\u011f\u0131yla al\u0131n\" \/>\n<meta name=\"robots\" content=\"index, follow, max-snippet:-1, max-image-preview:large, max-video-preview:-1\" \/>\n<link rel=\"canonical\" href=\"https:\/\/jackpotlotteryonline.com\/tr\/bilet-satin-al\/thunderball-biletleri-satin-alin\/\" \/>\n<meta property=\"og:locale\" content=\"tr_TR\" \/>\n<meta property=\"og:type\" content=\"article\" \/>\n<meta property=\"og:title\" content=\"Thunderball biletlerini Birle\u015fik Krall\u0131k d\u0131\u015f\u0131ndan sat\u0131n al\u0131n | Thunderball Lottery online\" \/>\n<meta property=\"og:description\" content=\"\u0130ngiltere d\u0131\u015f\u0131ndan Thunderball biletinizi buradan online sat\u0131n al\u0131n! Taranm\u0131\u015f Thunderball biletinizi yasal hizmetimiz arac\u0131l\u0131\u011f\u0131yla al\u0131n\" \/>\n<meta property=\"og:url\" content=\"https:\/\/jackpotlotteryonline.com\/tr\/bilet-satin-al\/thunderball-biletleri-satin-alin\/\" \/>\n<meta property=\"og:site_name\" content=\"Lotto Online - Crack The International Lottery Jackpots\" \/>\n<meta property=\"article:modified_time\" content=\"2023-01-04T08:56:17+00:00\" \/>\n<meta property=\"og:image\" content=\"https:\/\/jackpotlotteryonline.com\/wp-content\/uploads\/2022\/11\/1_you_win_jackpot-300x300.jpg\" \/>\n<meta name=\"twitter:card\" content=\"summary_large_image\" \/>\n<meta name=\"twitter:label1\" content=\"Tahmini okuma s\u00fcresi\" \/>\n\t<meta name=\"twitter:data1\" content=\"5 dakika\" \/>\n<!-- \/ Yoast SEO plugin. -->","yoast_head_json":{"title":"Thunderball biletlerini Birle\u015fik Krall\u0131k d\u0131\u015f\u0131ndan sat\u0131n al\u0131n | Thunderball Lottery online","description":"\u0130ngiltere d\u0131\u015f\u0131ndan Thunderball biletinizi buradan online sat\u0131n al\u0131n! Taranm\u0131\u015f Thunderball biletinizi yasal hizmetimiz arac\u0131l\u0131\u011f\u0131yla al\u0131n","robots":{"index":"index","follow":"follow","max-snippet":"max-snippet:-1","max-image-preview":"max-image-preview:large","max-video-preview":"max-video-preview:-1"},"canonical":"https:\/\/jackpotlotteryonline.com\/tr\/bilet-satin-al\/thunderball-biletleri-satin-alin\/","og_locale":"tr_TR","og_type":"article","og_title":"Thunderball biletlerini Birle\u015fik Krall\u0131k d\u0131\u015f\u0131ndan sat\u0131n al\u0131n | Thunderball Lottery online","og_description":"\u0130ngiltere d\u0131\u015f\u0131ndan Thunderball biletinizi buradan online sat\u0131n al\u0131n! Taranm\u0131\u015f Thunderball biletinizi yasal hizmetimiz arac\u0131l\u0131\u011f\u0131yla al\u0131n","og_url":"https:\/\/jackpotlotteryonline.com\/tr\/bilet-satin-al\/thunderball-biletleri-satin-alin\/","og_site_name":"Lotto Online - Crack The International Lottery Jackpots","article_modified_time":"2023-01-04T08:56:17+00:00","og_image":[{"url":"https:\/\/jackpotlotteryonline.com\/wp-content\/uploads\/2022\/11\/1_you_win_jackpot-300x300.jpg"}],"twitter_card":"summary_large_image","twitter_misc":{"Tahmini okuma s\u00fcresi":"5 dakika"},"schema":{"@context":"https:\/\/schema.org","@graph":[{"@type":"WebPage","@id":"https:\/\/jackpotlotteryonline.com\/tr\/bilet-satin-al\/thunderball-biletleri-satin-alin\/","url":"https:\/\/jackpotlotteryonline.com\/tr\/bilet-satin-al\/thunderball-biletleri-satin-alin\/","name":"Thunderball biletlerini Birle\u015fik Krall\u0131k d\u0131\u015f\u0131ndan sat\u0131n al\u0131n | Thunderball Lottery online","isPartOf":{"@id":"https:\/\/jackpotlotteryonline.com\/#website"},"primaryImageOfPage":{"@id":"https:\/\/jackpotlotteryonline.com\/tr\/bilet-satin-al\/thunderball-biletleri-satin-alin\/#primaryimage"},"image":{"@id":"https:\/\/jackpotlotteryonline.com\/tr\/bilet-satin-al\/thunderball-biletleri-satin-alin\/#primaryimage"},"thumbnailUrl":"https:\/\/jackpotlotteryonline.com\/wp-content\/uploads\/2022\/11\/1_you_win_jackpot-300x300.jpg","datePublished":"2022-11-10T09:51:48+00:00","dateModified":"2023-01-04T08:56:17+00:00","description":"\u0130ngiltere d\u0131\u015f\u0131ndan Thunderball biletinizi buradan online sat\u0131n al\u0131n! Taranm\u0131\u015f Thunderball biletinizi yasal hizmetimiz arac\u0131l\u0131\u011f\u0131yla al\u0131n","breadcrumb":{"@id":"https:\/\/jackpotlotteryonline.com\/tr\/bilet-satin-al\/thunderball-biletleri-satin-alin\/#breadcrumb"},"inLanguage":"tr","potentialAction":[{"@type":"ReadAction","target":["https:\/\/jackpotlotteryonline.com\/tr\/bilet-satin-al\/thunderball-biletleri-satin-alin\/"]}]},{"@type":"ImageObject","inLanguage":"tr","@id":"https:\/\/jackpotlotteryonline.com\/tr\/bilet-satin-al\/thunderball-biletleri-satin-alin\/#primaryimage","url":"https:\/\/jackpotlotteryonline.com\/wp-content\/uploads\/2022\/11\/1_you_win_jackpot-300x300.jpg","contentUrl":"https:\/\/jackpotlotteryonline.com\/wp-content\/uploads\/2022\/11\/1_you_win_jackpot-300x300.jpg"},{"@type":"BreadcrumbList","@id":"https:\/\/jackpotlotteryonline.com\/tr\/bilet-satin-al\/thunderball-biletleri-satin-alin\/#breadcrumb","itemListElement":[{"@type":"ListItem","position":1,"name":"Home","item":"https:\/\/jackpotlotteryonline.com\/tr\/"},{"@type":"ListItem","position":2,"name":"\u0130nternetten Piyango Bileti Nas\u0131l Al\u0131n\u0131r","item":"https:\/\/jackpotlotteryonline.com\/tr\/bilet-satin-al\/"},{"@type":"ListItem","position":3,"name":"Thunderball biletleri sat\u0131n al\u0131n"}]},{"@type":"WebSite","@id":"https:\/\/jackpotlotteryonline.com\/#website","url":"https:\/\/jackpotlotteryonline.com\/","name":"Lotto Online - Crack The International Lottery Jackpots","description":"","potentialAction":[{"@type":"SearchAction","target":{"@type":"EntryPoint","urlTemplate":"https:\/\/jackpotlotteryonline.com\/?s={search_term_string}"},"query-input":"required name=search_term_string"}],"inLanguage":"tr"}]}},"_links":{"self":[{"href":"https:\/\/jackpotlotteryonline.com\/tr\/wp-json\/wp\/v2\/pages\/37129","targetHints":{"allow":["GET"]}}],"collection":[{"href":"https:\/\/jackpotlotteryonline.com\/tr\/wp-json\/wp\/v2\/pages"}],"about":[{"href":"https:\/\/jackpotlotteryonline.com\/tr\/wp-json\/wp\/v2\/types\/page"}],"author":[{"embeddable":true,"href":"https:\/\/jackpotlotteryonline.com\/tr\/wp-json\/wp\/v2\/users\/1"}],"replies":[{"embeddable":true,"href":"https:\/\/jackpotlotteryonline.com\/tr\/wp-json\/wp\/v2\/comments?post=37129"}],"version-history":[{"count":0,"href":"https:\/\/jackpotlotteryonline.com\/tr\/wp-json\/wp\/v2\/pages\/37129\/revisions"}],"up":[{"embeddable":true,"href":"https:\/\/jackpotlotteryonline.com\/tr\/wp-json\/wp\/v2\/pages\/35786"}],"wp:attachment":[{"href":"https:\/\/jackpotlotteryonline.com\/tr\/wp-json\/wp\/v2\/media?parent=37129"}],"curies":[{"name":"wp","href":"https:\/\/api.w.org\/{rel}","templated":true}]}}