{"id":37184,"date":"2022-11-10T13:11:07","date_gmt":"2022-11-10T13:11:07","guid":{"rendered":"https:\/\/jackpotlotteryonline.com\/?page_id=37184"},"modified":"2022-12-24T16:30:48","modified_gmt":"2022-12-24T16:30:48","slug":"powerball-australia","status":"publish","type":"page","link":"https:\/\/jackpotlotteryonline.com\/tr\/bilet-satin-al\/powerball-australia\/","title":{"rendered":"Powerball Avustralya biletleri sat\u0131n al\u0131n"},"content":{"rendered":"<p>Bu piyangoyu d\u00fc\u015f\u00fcnd\u00fc\u011f\u00fcn\u00fczde, akl\u0131n\u0131za ilk gelen ABD piyangosudur, Avustralya versiyonu de\u011fil. Bu muhte\u015fem piyango Avustralyal\u0131 loto merakl\u0131lar\u0131 taraf\u0131ndan \u00e7ok sevilmektedir. Powerball Avustralya, d\u00fcnyan\u0131n d\u00f6rt bir yan\u0131ndaki bahis\u00e7ilerin potansiyelinin fark\u0131na varmas\u0131yla h\u0131zla pop\u00fcler uluslararas\u0131 piyangolardan biri haline geliyor.<\/p>\n<p>Garantili minimum 3 milyon dolarl\u0131k ikramiye ile, bir \u00e7ekili\u015ften sonra kazanan olmazsa toplam tutar devrediyor. Olduk\u00e7a b\u00fcy\u00fck hale gelene kadar birka\u00e7 kez devredebilir. Rekor ikramiye tutar\u0131 olan 160 milyon dolar Ekim 2022&#8217;de tek bir bilet taraf\u0131ndan kazan\u0131lm\u0131\u015ft\u0131r.<\/p>\n<p>Bir piyango oyuncusu olarak eri\u015fim alan\u0131n\u0131z\u0131 geni\u015fletmek istiyorsan\u0131z, Powerball Avustralya&#8217;y\u0131 d\u00fc\u015f\u00fcnmelisiniz. E\u011flenceli, ruh dolu ve oyunculara ABD versiyonunun \u00e7\u0131lg\u0131n oranlar\u0131 olmadan b\u00fcy\u00fck kazanma f\u0131rsat\u0131 veriyor. Ayr\u0131ca, <a href=\"https:\/\/jackpotlotteryonline.com\/tr\/nasil-oynanir\/powerball-australia\">jackpotlotteryonline.com adresinden \u00e7evrimi\u00e7i oynayabilece\u011finiz<\/a> i\u00e7in nerede ya\u015fad\u0131\u011f\u0131n\u0131z \u00f6nemli de\u011fildir.<\/p>\n<h2>Powerball Avustralya nas\u0131l \u00e7al\u0131\u015f\u0131r?<\/h2>\n<p><img loading=\"lazy\" decoding=\"async\" class=\"size-full wp-image-31181 alignright\" src=\"https:\/\/jackpotlotteryonline.com\/wp-content\/uploads\/2022\/11\/logo_powerball-300x50-1.jpg\" alt=\"Powerball Avustralya\" width=\"300\" height=\"50\" \/><\/p>\n<p>Bu piyangoda iki farkl\u0131 varilde iki say\u0131 k\u00fcmesi i\u00e7eren toplar vard\u0131r. Toplar her varilden rastgele \u00e7ekilir ve \u00e7ekilen say\u0131larla e\u015fle\u015fen herhangi bir giri\u015f kazan\u0131r. \u0130lk varilde 35 top vard\u0131r ve oyuncular bu aral\u0131kta 7 say\u0131 se\u00e7mek zorundad\u0131r. \u0130kinci varilde 20 say\u0131 vard\u0131r ve oyuncular bu aral\u0131kta B\u0130R say\u0131 se\u00e7erler.<\/p>\n<p>Bir giri\u015f sat\u0131r\u0131nda 8 say\u0131 bulunur ve bir bilette birden fazla giri\u015f sat\u0131r\u0131 olabilir. Asl\u0131nda, kazanma \u015fans\u0131n\u0131 art\u0131rmak i\u00e7in birden fazla sat\u0131r girilmesi tavsiye edilir. B\u00fcy\u00fck ikramiyeyi kazanma olas\u0131l\u0131\u011f\u0131 1:134,490,400&#8217;de 1&#8217;dir.<\/p>\n<p>Evet, oranlar olduk\u00e7a y\u00fcksektir ancak piyango bu \u015fekilde i\u015fler. Bu bir say\u0131 oyunudur ve pek \u00e7ok \u015fey \u015fansla ilgilidir. \u015eans\u0131n ne zaman bir oyuncunun lehine karar verece\u011fini s\u00f6ylemek m\u00fcmk\u00fcn de\u011fildir. Ayr\u0131ca, g\u00fcc\u00fcn\u00fcz\u00fcn yetti\u011fine ba\u011fl\u0131 kald\u0131\u011f\u0131n\u0131z s\u00fcrece e\u011flenceli bir hobidir.<\/p>\n<h2>Kazanma \u015fans\u0131n\u0131z\u0131 art\u0131rabilir misiniz?<\/h2>\n<p>\u0130lgin\u00e7 bir \u015fekilde, b\u00fcy\u00fck ikramiyeyi kazanma \u015fans\u0131n\u0131z\u0131 art\u0131rabilirsiniz. Garantili bir y\u00f6ntem yoktur, ancak kazananlar\u0131n \u00e7o\u011fu bir \u015fey kazanmadan \u00f6nce birden \u00e7ok kez oynad\u0131klar\u0131n\u0131 itiraf etmektedir. \u0130\u015fin s\u0131rr\u0131 burada yat\u0131yor.<\/p>\n<p>Bildi\u011fimiz kadar\u0131yla, kazanma olas\u0131l\u0131\u011f\u0131n\u0131 kendi lehinize \u00e7evirmenin yolu daha fazla giri\u015f sat\u0131n almakt\u0131r. Bu da birden fazla giri\u015f hatt\u0131 ve birden fazla \u00e7ekili\u015f anlam\u0131na gelir. Piyango \u00e7ekili\u015fleri haftada bir kez Per\u015fembe g\u00fcnleri yap\u0131lmaktad\u0131r. Biletlerinizi sitemizden al\u0131rsan\u0131z, \u00e7ekili\u015flere birka\u00e7 hafta \u00f6nceden girebilirsiniz.<\/p>\n<p>Ba\u015fka bir se\u00e7enek de bir piyango sendikas\u0131na kat\u0131lmakt\u0131r. Bir sendikaya kat\u0131lman\u0131n avantaj\u0131, paran\u0131z\u0131n tek ba\u015f\u0131n\u0131za oynad\u0131\u011f\u0131n\u0131zdan \u00e7ok daha fazla gitmesidir. Elbette, bir bilet kazan\u0131rsa, sendikan\u0131n her \u00fcyesi kazanc\u0131 payla\u015facakt\u0131r.<\/p>\n<section class=\"layout\" style=\"border: solid 1px; width: 100%;\">\n<div class=\"img-div\" style=\"margin-top: 5px;\"><img decoding=\"async\" class=\"wp-image-17212 alignleft\" style=\"height: 45px; margin: 8px 8px 0px;\" src=\"https:\/\/jackpotlotteryonline.com\/wp-content\/uploads\/2022\/11\/read1.jpg\" alt=\"okuyun\" width=\"\" height=\"\" \/><\/div>\n<div style=\"padding-left: 5px;\">\n<div style=\"font-size: 1.1em;\">\n<p><strong>Kazanan loto numaralar\u0131 nas\u0131l olu\u015fturulur?<\/strong><\/p>\n<p style=\"font-size: 0.85em; margin-top: -1.5em;\">Kazanan loto numaralar\u0131 nas\u0131l olu\u015fturulur? <a href=\"https:\/\/jackpotlotteryonline.com\/tr\/kazanan-loto-numaralari-nasil-olusturulur\">daha fazla oku<\/a><\/p>\n<\/div>\n<\/div>\n<\/section>\n<h2>Aussie piyangosu \u00e7evrimi\u00e7i nas\u0131l oynan\u0131r<\/h2>\n<p><img loading=\"lazy\" decoding=\"async\" class=\"alignright size-medium wp-image-34538\" src=\"https:\/\/jackpotlotteryonline.com\/wp-content\/uploads\/2022\/11\/2_ticket_powerball_au-157x300.jpg\" alt=\"Avustralyal\u0131 piyango bileti\" width=\"157\" height=\"300\" srcset=\"https:\/\/jackpotlotteryonline.com\/wp-content\/uploads\/2022\/11\/2_ticket_powerball_au-157x300.jpg 157w, https:\/\/jackpotlotteryonline.com\/wp-content\/uploads\/2022\/11\/2_ticket_powerball_au.jpg 250w\" sizes=\"auto, (max-width: 157px) 100vw, 157px\" \/><\/p>\n<p>\u00c7evrimi\u00e7i piyango oynamak basittir ve bunu nerede olursan\u0131z olun yapabilirsiniz. Bizi jackpotlotteryonline.com adresinde ziyaret etti\u011finizde, Aussie piyangolar\u0131 da dahil olmak \u00fczere en iyi uluslararas\u0131 piyangolara kolayca giri\u015f sat\u0131n alabilirsiniz. Giri\u015flerinizi sat\u0131n almak i\u00e7in numaralar\u0131n\u0131z\u0131 se\u00e7meniz ve \u00e7ekili\u015fe girmeniz yeterlidir. Hangi say\u0131lar\u0131 kullanaca\u011f\u0131n\u0131zdan emin de\u011filseniz, rastgele say\u0131lar olu\u015fturmak i\u00e7in h\u0131zl\u0131 se\u00e7im arac\u0131m\u0131z\u0131 kullan\u0131n.<\/p>\n<p>\u00d6deme sayfas\u0131na geldi\u011finizde sizden kay\u0131t olman\u0131z\u0131 isteyece\u011fiz. Bu, kuponunuzun hesab\u0131n\u0131zda g\u00fcvende kalmas\u0131 i\u00e7indir. Piyango oyunlar\u0131n\u0131z\u0131 otomatik pilota da ayarlayabilirsiniz, b\u00f6ylece se\u00e7ti\u011finiz \u00e7ekili\u015flere otomatik olarak kat\u0131l\u0131rs\u0131n\u0131z. Bir \u00f6d\u00fcl kazan\u0131rsan\u0131z, sizi derhal bilgilendirece\u011fiz ve ard\u0131ndan \u00f6d\u00fcl\u00fc platformumuzdan \u00e7ekebilirsiniz.<\/p>\n<p>Rahatlayabilmeniz ve iyi vakit ge\u00e7irmeye odaklanabilmeniz i\u00e7in piyango deneyimini sizin i\u00e7in basitle\u015ftirmek i\u00e7in \u00e7ok \u00e7al\u0131\u015f\u0131yoruz.<\/p>\n<h2>\u00d6d\u00fcl b\u00f6l\u00fcmleri<\/h2>\n<p>Bu Avustralya piyangosunda 9 \u00f6d\u00fcl b\u00f6l\u00fcm\u00fc vard\u0131r ve oyuncular\u0131n bir \u00f6d\u00fcl kazanmak i\u00e7in \u00e7ekilen 8 say\u0131n\u0131n t\u00fcm\u00fcn\u00fc e\u015fle\u015ftirmeleri gerekmez. Jackpot \u00f6d\u00fcl\u00fc 3 milyon dolardan ba\u015flamas\u0131na ra\u011fmen, \u00e7ok daha b\u00fcy\u00fck bir \u00f6d\u00fcl olana kadar birka\u00e7 kez devredebilir.<\/p>\n<p>B\u00fcy\u00fck ikramiyenin b\u00fcy\u00fckl\u00fc\u011f\u00fcnde bir s\u0131n\u0131r olmad\u0131\u011f\u0131n\u0131, ancak 3 milyon dolara d\u00f6nmeden \u00f6nce yaln\u0131zca 25 kez devredebilece\u011fini unutmay\u0131n.<\/p>\n<p>Alt b\u00f6l\u00fcmlerdeki \u00f6d\u00fcller, \u00f6d\u00fcl havuzunun bir y\u00fczdesidir. Size bir fikir vermek i\u00e7in ortalama \u00f6demeyi payla\u015faca\u011f\u0131z. Tutarlar de\u011fi\u015febilece\u011finden, bu her \u00e7ekili\u015f i\u00e7in garanti edilen \u00f6deme de\u011fildir.<\/p>\n<p>7 ana say\u0131 + \u00f6zel say\u0131y\u0131 e\u015fle\u015ftirin &#8211; $23,043,155.47 (ortalama \u00f6deme)<br \/>\nSadece 7 say\u0131y\u0131 e\u015fle\u015ftirin &#8211; 126,484.05 $<br \/>\n6 say\u0131 + \u00f6zel say\u0131y\u0131 e\u015fle\u015ftirin &#8211; 5,326.97 $<br \/>\nYaln\u0131zca 6 numaray\u0131 e\u015fle\u015ftirin &#8211; 454,35 $<br \/>\n5 numara + \u00f6zel numara e\u015fle\u015fmesi &#8211; 158,34 $<br \/>\n4 numara + \u00f6zel numara e\u015fle\u015fmesi &#8211; 70,85$<br \/>\nYaln\u0131zca 5 numaray\u0131 e\u015fle\u015ftirin &#8211; 42,23 $<br \/>\n3 say\u0131 + \u00f6zel say\u0131 e\u015fle\u015ftirmesi &#8211; 17,57 $<br \/>\n2 say\u0131 + \u00f6zel say\u0131 e\u015fle\u015ftir &#8211; 10,71$<\/p>\n<h2>Sonu\u00e7lar nas\u0131l kontrol edilir<\/h2>\n<p>Sonu\u00e7lar her \u00e7ekili\u015ften sonra sitemizde yay\u0131nlanmaktad\u0131r. \u00c7ekili\u015fler her Per\u015fembe saat 7:25&#8217;te (AEST) yap\u0131lmaktad\u0131r.<\/p>\n<p>Bazen hayat \u015fartlar\u0131 nedeniyle <a href=\"https:\/\/jackpotlotteryonline.com\/tr\/kazanan-sayilar\/powerball-australia\">\u00e7ekili\u015f sonu\u00e7lar\u0131n\u0131 hemen kontrol edemeyebilece\u011finizi<\/a> biliyoruz. Bu nedenle, herhangi bir \u00f6d\u00fcl kazan\u0131rsan\u0131z, sizi yaln\u0131zca hesab\u0131n\u0131z arac\u0131l\u0131\u011f\u0131yla uyarmakla kalmayacak, ayn\u0131 zamanda size bir e-posta da g\u00f6nderece\u011fiz. Bu \u015fekilde, \u00f6d\u00fcl\u00fcn\u00fcz\u00fc alma f\u0131rsat\u0131n\u0131 ka\u00e7\u0131rmak zorunda kalmazs\u0131n\u0131z.<\/p>\n<h2>Powerball Avustralya biletlerini \u00e7evrimi\u00e7i sat\u0131n almak i\u00e7in bize kaydolun<\/h2>\n<p>Bu piyangoyu oynama ihtimali sizi heyecanland\u0131r\u0131yor mu? Biz de \u00f6yleyiz ve bunu yak\u0131n\u0131n\u0131zdaki bir mobil cihaza getirmekten mutluluk duyuyoruz. Bir internet ba\u011flant\u0131n\u0131z oldu\u011funda, Avustralya piyangosuna bir giri\u015f sat\u0131n alabilirsiniz.<\/p>\n<p>Piyango e\u011flenceli bir oyundur ve her yerde piyango kazananlar\u0131n\u0131n hikayeleri vard\u0131r. Bir sonraki kazanan siz olabilirsiniz ancak \u00e7ekili\u015fe kat\u0131lmad\u0131\u011f\u0131n\u0131z s\u00fcrece bunu bilemezsiniz. S\u00fcreci sizin i\u00e7in stressiz bir deneyim haline getirmek i\u00e7in basitle\u015ftirdik. Piyango ile ilgili herhangi bir g\u00f6revinizi yerine getirmek i\u00e7in sayfam\u0131zdan ayr\u0131lman\u0131za gerek yok. Bu kadar basit.<\/p>\n<p>D\u00fcnyan\u0131n neresinde olursan\u0131z olun, Avustralya&#8217;n\u0131n en b\u00fcy\u00fck piyangosuna sitemizden giri\u015f yapabilirsiniz. Bug\u00fcn bize kaydolun.<\/p>\n","protected":false},"excerpt":{"rendered":"<p>Bu piyangoyu d\u00fc\u015f\u00fcnd\u00fc\u011f\u00fcn\u00fczde, akl\u0131n\u0131za ilk gelen ABD piyangosudur, Avustralya versiyonu de\u011fil. Bu muhte\u015fem piyango Avustralyal\u0131 loto merakl\u0131lar\u0131 taraf\u0131ndan \u00e7ok sevilmektedir. Powerball Avustralya, d\u00fcnyan\u0131n d\u00f6rt bir yan\u0131ndaki bahis\u00e7ilerin potansiyelinin fark\u0131na varmas\u0131yla h\u0131zla pop\u00fcler uluslararas\u0131 piyangolardan biri haline geliyor. Garantili minimum 3 milyon dolarl\u0131k ikramiye ile, bir \u00e7ekili\u015ften sonra kazanan olmazsa toplam tutar devrediyor. Olduk\u00e7a b\u00fcy\u00fck hale [&hellip;]<\/p>\n","protected":false},"author":1,"featured_media":0,"parent":35786,"menu_order":17,"comment_status":"closed","ping_status":"closed","template":"powerball-au-info.php","meta":{"_et_pb_use_builder":"","_et_pb_old_content":"","_et_gb_content_width":"","exclude_from_search":false,"footnotes":""},"class_list":["post-37184","page","type-page","status-publish","hentry"],"yoast_head":"<!-- This site is optimized with the Yoast SEO plugin v23.3 - https:\/\/yoast.com\/wordpress\/plugins\/seo\/ -->\n<title>Avustralya d\u0131\u015f\u0131ndan Powerball Avustralya bileti sat\u0131n al\u0131n<\/title>\n<meta name=\"description\" content=\"Powerball piyangosunun Avustralya versiyonu - web sitemizden online olarak bir bilet sat\u0131n al\u0131rsan\u0131z kat\u0131labilirsiniz\" \/>\n<meta name=\"robots\" content=\"index, follow, max-snippet:-1, max-image-preview:large, max-video-preview:-1\" \/>\n<link rel=\"canonical\" href=\"https:\/\/jackpotlotteryonline.com\/tr\/bilet-satin-al\/powerball-australia\/\" \/>\n<meta property=\"og:locale\" content=\"tr_TR\" \/>\n<meta property=\"og:type\" content=\"article\" \/>\n<meta property=\"og:title\" content=\"Avustralya d\u0131\u015f\u0131ndan Powerball Avustralya bileti sat\u0131n al\u0131n\" \/>\n<meta property=\"og:description\" content=\"Powerball piyangosunun Avustralya versiyonu - web sitemizden online olarak bir bilet sat\u0131n al\u0131rsan\u0131z kat\u0131labilirsiniz\" \/>\n<meta property=\"og:url\" content=\"https:\/\/jackpotlotteryonline.com\/tr\/bilet-satin-al\/powerball-australia\/\" \/>\n<meta property=\"og:site_name\" content=\"Lotto Online - Crack The International Lottery Jackpots\" \/>\n<meta property=\"article:modified_time\" content=\"2022-12-24T16:30:48+00:00\" \/>\n<meta property=\"og:image\" content=\"https:\/\/jackpotlotteryonline.com\/wp-content\/uploads\/2022\/11\/logo_powerball-300x50-1.jpg\" \/>\n<meta name=\"twitter:card\" content=\"summary_large_image\" \/>\n<meta name=\"twitter:label1\" content=\"Tahmini okuma s\u00fcresi\" \/>\n\t<meta name=\"twitter:data1\" content=\"4 dakika\" \/>\n<!-- \/ Yoast SEO plugin. -->","yoast_head_json":{"title":"Avustralya d\u0131\u015f\u0131ndan Powerball Avustralya bileti sat\u0131n al\u0131n","description":"Powerball piyangosunun Avustralya versiyonu - web sitemizden online olarak bir bilet sat\u0131n al\u0131rsan\u0131z kat\u0131labilirsiniz","robots":{"index":"index","follow":"follow","max-snippet":"max-snippet:-1","max-image-preview":"max-image-preview:large","max-video-preview":"max-video-preview:-1"},"canonical":"https:\/\/jackpotlotteryonline.com\/tr\/bilet-satin-al\/powerball-australia\/","og_locale":"tr_TR","og_type":"article","og_title":"Avustralya d\u0131\u015f\u0131ndan Powerball Avustralya bileti sat\u0131n al\u0131n","og_description":"Powerball piyangosunun Avustralya versiyonu - web sitemizden online olarak bir bilet sat\u0131n al\u0131rsan\u0131z kat\u0131labilirsiniz","og_url":"https:\/\/jackpotlotteryonline.com\/tr\/bilet-satin-al\/powerball-australia\/","og_site_name":"Lotto Online - Crack The International Lottery Jackpots","article_modified_time":"2022-12-24T16:30:48+00:00","og_image":[{"url":"https:\/\/jackpotlotteryonline.com\/wp-content\/uploads\/2022\/11\/logo_powerball-300x50-1.jpg"}],"twitter_card":"summary_large_image","twitter_misc":{"Tahmini okuma s\u00fcresi":"4 dakika"},"schema":{"@context":"https:\/\/schema.org","@graph":[{"@type":"WebPage","@id":"https:\/\/jackpotlotteryonline.com\/tr\/bilet-satin-al\/powerball-australia\/","url":"https:\/\/jackpotlotteryonline.com\/tr\/bilet-satin-al\/powerball-australia\/","name":"Avustralya d\u0131\u015f\u0131ndan Powerball Avustralya bileti sat\u0131n al\u0131n","isPartOf":{"@id":"https:\/\/jackpotlotteryonline.com\/#website"},"primaryImageOfPage":{"@id":"https:\/\/jackpotlotteryonline.com\/tr\/bilet-satin-al\/powerball-australia\/#primaryimage"},"image":{"@id":"https:\/\/jackpotlotteryonline.com\/tr\/bilet-satin-al\/powerball-australia\/#primaryimage"},"thumbnailUrl":"https:\/\/jackpotlotteryonline.com\/wp-content\/uploads\/2022\/11\/logo_powerball-300x50-1.jpg","datePublished":"2022-11-10T13:11:07+00:00","dateModified":"2022-12-24T16:30:48+00:00","description":"Powerball piyangosunun Avustralya versiyonu - web sitemizden online olarak bir bilet sat\u0131n al\u0131rsan\u0131z kat\u0131labilirsiniz","breadcrumb":{"@id":"https:\/\/jackpotlotteryonline.com\/tr\/bilet-satin-al\/powerball-australia\/#breadcrumb"},"inLanguage":"tr","potentialAction":[{"@type":"ReadAction","target":["https:\/\/jackpotlotteryonline.com\/tr\/bilet-satin-al\/powerball-australia\/"]}]},{"@type":"ImageObject","inLanguage":"tr","@id":"https:\/\/jackpotlotteryonline.com\/tr\/bilet-satin-al\/powerball-australia\/#primaryimage","url":"https:\/\/jackpotlotteryonline.com\/wp-content\/uploads\/2022\/11\/logo_powerball-300x50-1.jpg","contentUrl":"https:\/\/jackpotlotteryonline.com\/wp-content\/uploads\/2022\/11\/logo_powerball-300x50-1.jpg"},{"@type":"BreadcrumbList","@id":"https:\/\/jackpotlotteryonline.com\/tr\/bilet-satin-al\/powerball-australia\/#breadcrumb","itemListElement":[{"@type":"ListItem","position":1,"name":"Home","item":"https:\/\/jackpotlotteryonline.com\/tr\/"},{"@type":"ListItem","position":2,"name":"\u0130nternetten Piyango Bileti Nas\u0131l Al\u0131n\u0131r","item":"https:\/\/jackpotlotteryonline.com\/tr\/bilet-satin-al\/"},{"@type":"ListItem","position":3,"name":"Powerball Avustralya biletleri sat\u0131n al\u0131n"}]},{"@type":"WebSite","@id":"https:\/\/jackpotlotteryonline.com\/#website","url":"https:\/\/jackpotlotteryonline.com\/","name":"Lotto Online - Crack The International Lottery Jackpots","description":"","potentialAction":[{"@type":"SearchAction","target":{"@type":"EntryPoint","urlTemplate":"https:\/\/jackpotlotteryonline.com\/?s={search_term_string}"},"query-input":"required name=search_term_string"}],"inLanguage":"tr"}]}},"_links":{"self":[{"href":"https:\/\/jackpotlotteryonline.com\/tr\/wp-json\/wp\/v2\/pages\/37184","targetHints":{"allow":["GET"]}}],"collection":[{"href":"https:\/\/jackpotlotteryonline.com\/tr\/wp-json\/wp\/v2\/pages"}],"about":[{"href":"https:\/\/jackpotlotteryonline.com\/tr\/wp-json\/wp\/v2\/types\/page"}],"author":[{"embeddable":true,"href":"https:\/\/jackpotlotteryonline.com\/tr\/wp-json\/wp\/v2\/users\/1"}],"replies":[{"embeddable":true,"href":"https:\/\/jackpotlotteryonline.com\/tr\/wp-json\/wp\/v2\/comments?post=37184"}],"version-history":[{"count":0,"href":"https:\/\/jackpotlotteryonline.com\/tr\/wp-json\/wp\/v2\/pages\/37184\/revisions"}],"up":[{"embeddable":true,"href":"https:\/\/jackpotlotteryonline.com\/tr\/wp-json\/wp\/v2\/pages\/35786"}],"wp:attachment":[{"href":"https:\/\/jackpotlotteryonline.com\/tr\/wp-json\/wp\/v2\/media?parent=37184"}],"curies":[{"name":"wp","href":"https:\/\/api.w.org\/{rel}","templated":true}]}}