{"id":37239,"date":"2022-11-11T07:06:01","date_gmt":"2022-11-11T07:06:01","guid":{"rendered":"https:\/\/jackpotlotteryonline.com\/?page_id=37239"},"modified":"2022-12-24T11:05:35","modified_gmt":"2022-12-24T11:05:35","slug":"oz-lotto","status":"publish","type":"page","link":"https:\/\/jackpotlotteryonline.com\/tr\/bilet-satin-al\/oz-lotto\/","title":{"rendered":"Oz Lotto bileti sat\u0131n al\u0131n"},"content":{"rendered":"<p>Oz Lotto, Avustralya&#8217;n\u0131n ilk ulusal piyangosudur. 1994 y\u0131l\u0131nda ba\u015flam\u0131\u015ft\u0131r ve c\u00f6mert ikramiye \u00f6d\u00fcl\u00fc nedeniyle her yerde bahis\u00e7iler aras\u0131nda pop\u00fcler hale gelmi\u015ftir. Oyuncular\u0131 cezbeden sadece b\u00fcy\u00fck ikramiyeden daha fazlas\u0131 vard\u0131r.<\/p>\n<p>Farkl\u0131 piyangolar\u0131n kendi kurallar\u0131 ve y\u00f6ntemleri vard\u0131r, ancak ortak bir \u015fey, oranlar\u0131n her zaman uygun olmamas\u0131d\u0131r. Ancak, bu Avustralya piyangosunda durum b\u00f6yle de\u011fildir. E\u011fer inan\u0131lmaz oranlara sahip bir piyango ar\u0131yorsan\u0131z, o zaman bu Oz piyangosunu oynay\u0131n.<\/p>\n<p>Genel olarak konu\u015fursak, piyangolar piyangonun yap\u0131ld\u0131\u011f\u0131 \u00fclkelerde ikamet edenlere a\u00e7\u0131kt\u0131r. Dolay\u0131s\u0131yla, bu loto Avustralya&#8217;da ya\u015fayanlara a\u00e7\u0131kt\u0131r. Piyangoya kat\u0131lmak i\u00e7in vatanda\u015f olman\u0131z gerekmez. Ancak, \u00fclke d\u0131\u015f\u0131nda ya\u015f\u0131yorsan\u0131z, piyango biletlerinizi \u00e7evrimi\u00e7i sat\u0131n alman\u0131z gerekecektir.<\/p>\n<h2>D\u00fcnya \u00e7ap\u0131nda Oz Lotto biletleri nas\u0131l sat\u0131n al\u0131n\u0131r<\/h2>\n<p><img loading=\"lazy\" decoding=\"async\" class=\"alignright size-full wp-image-31532\" src=\"http:\/\/jackpotlotteryonline.com\/wp-content\/uploads\/2022\/11\/lottoballs.jpg\" alt=\"Oz Piyangosu\" width=\"245\" height=\"123\" \/><\/p>\n<p>Avustralya d\u0131\u015f\u0131ndan Oz Lottery&#8217;ye eri\u015fim sa\u011flaman\u0131n en kolay ve basit yolu internettir. Oyunculara en iyi uluslararas\u0131 piyangolara eri\u015fim sa\u011flayan \u00e7evrimi\u00e7i piyango sat\u0131c\u0131lar\u0131 vard\u0131r. Bu siteler, d\u00fcnyan\u0131n d\u00f6rt bir yan\u0131ndaki oyuncular\u0131n milyonlar kazanmak i\u00e7in ellerini denemeleri i\u00e7in me\u015fru bir yol sa\u011flar.<\/p>\n<p>\u0130nternet neredeyse sonsuz olas\u0131l\u0131klardan olu\u015fan bir d\u00fcnya sunar ve hepsi olumlu de\u011fildir. Herhangi bir rastgele piyango sitesi aramak ho\u015f olmayan deneyimlerle sonu\u00e7lanabilir. Bu nedenle, bahis\u00e7ilerle ge\u00e7mi\u015fi olan g\u00fcvenilir siteleri aramak her zaman iyi bir fikirdir. A\u015fa\u011f\u0131da, internette do\u011fru piyango sat\u0131c\u0131s\u0131n\u0131 se\u00e7menize yard\u0131mc\u0131 olacak ipu\u00e7lar\u0131n\u0131 payla\u015f\u0131yoruz.<\/p>\n<h2>Do\u011fru piyango sitesini kullanmak i\u00e7in ipu\u00e7lar\u0131<\/h2>\n<p>Yaln\u0131zca yasalara g\u00f6re kay\u0131tl\u0131 olan sat\u0131c\u0131lar\u0131 kullan\u0131n. Me\u015fru bir piyango sat\u0131c\u0131s\u0131n\u0131n bir i\u015fletme lisans\u0131 ve kay\u0131tl\u0131 bir ofisi olacakt\u0131r. Bu ayr\u0131nt\u0131lar \u00f6zg\u00fcnl\u00fck i\u00e7in web sitesinde g\u00f6sterilmelidir.<\/p>\n<p>\u00c7ok \u00e7e\u015fitli uluslararas\u0131 piyangolara sahip olduklar\u0131ndan emin olun. Sadece bir avu\u00e7 piyango g\u00f6steren bir siteye kaydolman\u0131n bir anlam\u0131 yoktur.<a href=\"https:\/\/jackpotlotteryonline.com\/tr\/nasil-oynanir\/oz-lotto\"> \u0130nternette piyango oynaman\u0131n<\/a> ana \u00f6z\u00fc eri\u015filebilirlik ve kolayl\u0131kt\u0131r. Tek bir \u00e7evrimi\u00e7i konumdan birden fazla uluslararas\u0131 piyangoya girme yetene\u011finden daha uygun ne olabilir?<\/p>\n<p>Piyangoya girmek istiyorsan\u0131z bir konsiyerj sitesi kullan\u0131n. Bu son ipucu \u00e7ok \u00f6nemlidir \u00e7\u00fcnk\u00fc piyangoya ger\u00e7ekten girmeden paran\u0131zla ayr\u0131labilirsiniz. Bunun nedeni, baz\u0131 piyango sitelerinin oyuncular\u0131n sonu\u00e7 \u00fczerine bahis oynamas\u0131na izin vermesidir. Yani numaralar\u0131n\u0131z e\u015fle\u015fse bile, piyangoya girmedi\u011finiz i\u00e7in ikramiyenin yaln\u0131zca bir k\u0131sm\u0131na hak kazanacaks\u0131n\u0131z.<\/p>\n<section class=\"layout\" style=\"border: solid 1px; width: 100%;\">\n<div class=\"img-div\" style=\"margin-top: 5px;\"><img decoding=\"async\" class=\"wp-image-17212 alignleft\" style=\"height: 45px; margin: 8px 8px 0px;\" src=\"http:\/\/jackpotlotteryonline.com\/wp-content\/uploads\/2022\/11\/read1.jpg\" alt=\"okuyun\" width=\"\" height=\"\" \/><\/div>\n<div style=\"padding-left: 5px;\">\n<div style=\"font-size: 1.1em;\">\n<p><strong>Dikkat etmeniz gereken piyango doland\u0131r\u0131c\u0131l\u0131klar\u0131<\/strong><\/p>\n<p style=\"font-size: 0.85em; margin-top: -1.5em;\">Piyango tuzaklar\u0131na d\u00fc\u015fmeyin\u00a0 <a href=\"https:\/\/jackpotlotteryonline.com\/tr\/online-piyango-dolandiriciligina-dikkat-edin\">daha fazla oku<\/a><\/p>\n<\/div>\n<\/div>\n<\/section>\n<h2>\u00c7evrimi\u00e7i piyangoya kat\u0131lmak i\u00e7in bize kaydolun<\/h2>\n<p><img loading=\"lazy\" decoding=\"async\" class=\"size-medium wp-image-34403 alignright\" src=\"http:\/\/jackpotlotteryonline.com\/wp-content\/uploads\/2022\/11\/2_ticket_oz_lotto2-179x300.jpg\" alt=\"Oz Loto biletleri\" width=\"179\" height=\"300\" srcset=\"https:\/\/jackpotlotteryonline.com\/wp-content\/uploads\/2022\/11\/2_ticket_oz_lotto2-179x300.jpg 179w, https:\/\/jackpotlotteryonline.com\/wp-content\/uploads\/2022\/11\/2_ticket_oz_lotto2.jpg 250w\" sizes=\"auto, (max-width: 179px) 100vw, 179px\" \/><\/p>\n<p>\u0130nternet \u00fczerinden veya bir mobil uygulama arac\u0131l\u0131\u011f\u0131yla piyango bileti sat\u0131n almak basit ve sorunsuzdur. Kullanmak istedi\u011finiz sat\u0131c\u0131y\u0131 belirledikten sonra, sitelerini ziyaret edin ve tercih etti\u011finiz piyangoyu se\u00e7in. Bir sonraki ad\u0131m say\u0131lar\u0131n\u0131z\u0131 se\u00e7mektir. Oz Lotto i\u00e7in 1&#8217;den 47&#8217;ye kadar on say\u0131 se\u00e7meniz gerekir.<\/p>\n<p><a href=\"https:\/\/jackpotlotteryonline.com\/tr\/kazanan-sayilar\/oz-loto\">\u00c7ekili\u015fe girin ve \u00f6deme yap\u0131n<\/a>. \u00c7ekili\u015f haftada bir kez Sal\u0131 g\u00fcn\u00fc ger\u00e7ekle\u015fir. \u00c7evrimi\u00e7i oynaman\u0131n ilgin\u00e7 yan\u0131, birden fazla bilet sat\u0131n alabilmeniz ve \u00f6nceden birka\u00e7 \u00e7ekili\u015fe girebilmenizdir. Ayr\u0131ca, hangi numaray\u0131 se\u00e7ece\u011finizden emin de\u011filseniz, otomatik numara se\u00e7iciyi kolayca kullanabilirsiniz.<\/p>\n<p>S\u00f6yledi\u011fimiz gibi, internet \u00fczerinden piyango oynamak, keyifli bir deneyim ya\u015faman\u0131n rahat ve stressiz bir yoludur. \u0130ster deneyimli bir bahis\u00e7i olun, ister yeni ba\u015flayan biri, burada harika bir yolculuk yapabilirsiniz. Konsiyerj hizmetlerimiz, oyunculara piyangoya kat\u0131lmalar\u0131 i\u00e7in me\u015fru bir yol sunar. Bizden bir Oz loto bileti sat\u0131n ald\u0131\u011f\u0131n\u0131zda, ger\u00e7ek bir anla\u015fma elde edersiniz.<\/p>\n","protected":false},"excerpt":{"rendered":"<p>Oz Lotto, Avustralya&#8217;n\u0131n ilk ulusal piyangosudur. 1994 y\u0131l\u0131nda ba\u015flam\u0131\u015ft\u0131r ve c\u00f6mert ikramiye \u00f6d\u00fcl\u00fc nedeniyle her yerde bahis\u00e7iler aras\u0131nda pop\u00fcler hale gelmi\u015ftir. Oyuncular\u0131 cezbeden sadece b\u00fcy\u00fck ikramiyeden daha fazlas\u0131 vard\u0131r. Farkl\u0131 piyangolar\u0131n kendi kurallar\u0131 ve y\u00f6ntemleri vard\u0131r, ancak ortak bir \u015fey, oranlar\u0131n her zaman uygun olmamas\u0131d\u0131r. Ancak, bu Avustralya piyangosunda durum b\u00f6yle de\u011fildir. E\u011fer inan\u0131lmaz oranlara [&hellip;]<\/p>\n","protected":false},"author":1,"featured_media":0,"parent":35786,"menu_order":16,"comment_status":"closed","ping_status":"closed","template":"","meta":{"_et_pb_use_builder":"","_et_pb_old_content":"","_et_gb_content_width":"","exclude_from_search":false,"footnotes":""},"class_list":["post-37239","page","type-page","status-publish","hentry"],"yoast_head":"<!-- This site is optimized with the Yoast SEO plugin v23.3 - https:\/\/yoast.com\/wordpress\/plugins\/seo\/ -->\n<title>Avustralya d\u0131\u015f\u0131ndan Oz Lotto bileti sat\u0131n al\u0131n | Oz Lotto biletlerini \u00e7evrimi\u00e7i sat\u0131n al\u0131n<\/title>\n<meta name=\"description\" content=\"OZ Lotto sizin i\u00e7in oynanabilir, Avustralya&#039;da ya\u015fam\u0131yorsan\u0131z, size bu Avustralya piyangosu i\u00e7in \u00e7evrimi\u00e7i yasal bir bilet alabiliriz\" \/>\n<meta name=\"robots\" content=\"index, follow, max-snippet:-1, max-image-preview:large, max-video-preview:-1\" \/>\n<link rel=\"canonical\" href=\"https:\/\/jackpotlotteryonline.com\/tr\/bilet-satin-al\/oz-lotto\/\" \/>\n<meta property=\"og:locale\" content=\"tr_TR\" \/>\n<meta property=\"og:type\" content=\"article\" \/>\n<meta property=\"og:title\" content=\"Avustralya d\u0131\u015f\u0131ndan Oz Lotto bileti sat\u0131n al\u0131n | Oz Lotto biletlerini \u00e7evrimi\u00e7i sat\u0131n al\u0131n\" \/>\n<meta property=\"og:description\" content=\"OZ Lotto sizin i\u00e7in oynanabilir, Avustralya&#039;da ya\u015fam\u0131yorsan\u0131z, size bu Avustralya piyangosu i\u00e7in \u00e7evrimi\u00e7i yasal bir bilet alabiliriz\" \/>\n<meta property=\"og:url\" content=\"https:\/\/jackpotlotteryonline.com\/tr\/bilet-satin-al\/oz-lotto\/\" \/>\n<meta property=\"og:site_name\" content=\"Lotto Online - Crack The International Lottery Jackpots\" \/>\n<meta property=\"article:modified_time\" content=\"2022-12-24T11:05:35+00:00\" \/>\n<meta property=\"og:image\" content=\"http:\/\/jackpotlotteryonline.com\/wp-content\/uploads\/2022\/11\/lottoballs.jpg\" \/>\n<meta name=\"twitter:card\" content=\"summary_large_image\" \/>\n<meta name=\"twitter:label1\" content=\"Tahmini okuma s\u00fcresi\" \/>\n\t<meta name=\"twitter:data1\" content=\"3 dakika\" \/>\n<!-- \/ Yoast SEO plugin. -->","yoast_head_json":{"title":"Avustralya d\u0131\u015f\u0131ndan Oz Lotto bileti sat\u0131n al\u0131n | Oz Lotto biletlerini \u00e7evrimi\u00e7i sat\u0131n al\u0131n","description":"OZ Lotto sizin i\u00e7in oynanabilir, Avustralya'da ya\u015fam\u0131yorsan\u0131z, size bu Avustralya piyangosu i\u00e7in \u00e7evrimi\u00e7i yasal bir bilet alabiliriz","robots":{"index":"index","follow":"follow","max-snippet":"max-snippet:-1","max-image-preview":"max-image-preview:large","max-video-preview":"max-video-preview:-1"},"canonical":"https:\/\/jackpotlotteryonline.com\/tr\/bilet-satin-al\/oz-lotto\/","og_locale":"tr_TR","og_type":"article","og_title":"Avustralya d\u0131\u015f\u0131ndan Oz Lotto bileti sat\u0131n al\u0131n | Oz Lotto biletlerini \u00e7evrimi\u00e7i sat\u0131n al\u0131n","og_description":"OZ Lotto sizin i\u00e7in oynanabilir, Avustralya'da ya\u015fam\u0131yorsan\u0131z, size bu Avustralya piyangosu i\u00e7in \u00e7evrimi\u00e7i yasal bir bilet alabiliriz","og_url":"https:\/\/jackpotlotteryonline.com\/tr\/bilet-satin-al\/oz-lotto\/","og_site_name":"Lotto Online - Crack The International Lottery Jackpots","article_modified_time":"2022-12-24T11:05:35+00:00","og_image":[{"url":"http:\/\/jackpotlotteryonline.com\/wp-content\/uploads\/2022\/11\/lottoballs.jpg"}],"twitter_card":"summary_large_image","twitter_misc":{"Tahmini okuma s\u00fcresi":"3 dakika"},"schema":{"@context":"https:\/\/schema.org","@graph":[{"@type":"WebPage","@id":"https:\/\/jackpotlotteryonline.com\/tr\/bilet-satin-al\/oz-lotto\/","url":"https:\/\/jackpotlotteryonline.com\/tr\/bilet-satin-al\/oz-lotto\/","name":"Avustralya d\u0131\u015f\u0131ndan Oz Lotto bileti sat\u0131n al\u0131n | Oz Lotto biletlerini \u00e7evrimi\u00e7i sat\u0131n al\u0131n","isPartOf":{"@id":"https:\/\/jackpotlotteryonline.com\/#website"},"primaryImageOfPage":{"@id":"https:\/\/jackpotlotteryonline.com\/tr\/bilet-satin-al\/oz-lotto\/#primaryimage"},"image":{"@id":"https:\/\/jackpotlotteryonline.com\/tr\/bilet-satin-al\/oz-lotto\/#primaryimage"},"thumbnailUrl":"http:\/\/jackpotlotteryonline.com\/wp-content\/uploads\/2022\/11\/lottoballs.jpg","datePublished":"2022-11-11T07:06:01+00:00","dateModified":"2022-12-24T11:05:35+00:00","description":"OZ Lotto sizin i\u00e7in oynanabilir, Avustralya'da ya\u015fam\u0131yorsan\u0131z, size bu Avustralya piyangosu i\u00e7in \u00e7evrimi\u00e7i yasal bir bilet alabiliriz","breadcrumb":{"@id":"https:\/\/jackpotlotteryonline.com\/tr\/bilet-satin-al\/oz-lotto\/#breadcrumb"},"inLanguage":"tr","potentialAction":[{"@type":"ReadAction","target":["https:\/\/jackpotlotteryonline.com\/tr\/bilet-satin-al\/oz-lotto\/"]}]},{"@type":"ImageObject","inLanguage":"tr","@id":"https:\/\/jackpotlotteryonline.com\/tr\/bilet-satin-al\/oz-lotto\/#primaryimage","url":"http:\/\/jackpotlotteryonline.com\/wp-content\/uploads\/2022\/11\/lottoballs.jpg","contentUrl":"http:\/\/jackpotlotteryonline.com\/wp-content\/uploads\/2022\/11\/lottoballs.jpg"},{"@type":"BreadcrumbList","@id":"https:\/\/jackpotlotteryonline.com\/tr\/bilet-satin-al\/oz-lotto\/#breadcrumb","itemListElement":[{"@type":"ListItem","position":1,"name":"Home","item":"https:\/\/jackpotlotteryonline.com\/tr\/"},{"@type":"ListItem","position":2,"name":"\u0130nternetten Piyango Bileti Nas\u0131l Al\u0131n\u0131r","item":"https:\/\/jackpotlotteryonline.com\/tr\/bilet-satin-al\/"},{"@type":"ListItem","position":3,"name":"Oz Lotto bileti sat\u0131n al\u0131n"}]},{"@type":"WebSite","@id":"https:\/\/jackpotlotteryonline.com\/#website","url":"https:\/\/jackpotlotteryonline.com\/","name":"Lotto Online - Crack The International Lottery Jackpots","description":"","potentialAction":[{"@type":"SearchAction","target":{"@type":"EntryPoint","urlTemplate":"https:\/\/jackpotlotteryonline.com\/?s={search_term_string}"},"query-input":"required name=search_term_string"}],"inLanguage":"tr"}]}},"_links":{"self":[{"href":"https:\/\/jackpotlotteryonline.com\/tr\/wp-json\/wp\/v2\/pages\/37239","targetHints":{"allow":["GET"]}}],"collection":[{"href":"https:\/\/jackpotlotteryonline.com\/tr\/wp-json\/wp\/v2\/pages"}],"about":[{"href":"https:\/\/jackpotlotteryonline.com\/tr\/wp-json\/wp\/v2\/types\/page"}],"author":[{"embeddable":true,"href":"https:\/\/jackpotlotteryonline.com\/tr\/wp-json\/wp\/v2\/users\/1"}],"replies":[{"embeddable":true,"href":"https:\/\/jackpotlotteryonline.com\/tr\/wp-json\/wp\/v2\/comments?post=37239"}],"version-history":[{"count":0,"href":"https:\/\/jackpotlotteryonline.com\/tr\/wp-json\/wp\/v2\/pages\/37239\/revisions"}],"up":[{"embeddable":true,"href":"https:\/\/jackpotlotteryonline.com\/tr\/wp-json\/wp\/v2\/pages\/35786"}],"wp:attachment":[{"href":"https:\/\/jackpotlotteryonline.com\/tr\/wp-json\/wp\/v2\/media?parent=37239"}],"curies":[{"name":"wp","href":"https:\/\/api.w.org\/{rel}","templated":true}]}}