{"id":37296,"date":"2022-11-11T09:28:12","date_gmt":"2022-11-11T09:28:12","guid":{"rendered":"https:\/\/jackpotlotteryonline.com\/?page_id=37296"},"modified":"2022-12-24T21:45:59","modified_gmt":"2022-12-24T21:45:59","slug":"saturday-lotto","status":"publish","type":"page","link":"https:\/\/jackpotlotteryonline.com\/tr\/bilet-satin-al\/saturday-lotto\/","title":{"rendered":"Avustralya Cumartesi Loto&#8217;su i\u00e7in bilet sat\u0131n al\u0131n"},"content":{"rendered":"<p>Avustralya&#8217;da \u00c7ar\u015famba Loto&#8217;su, Powerball ve Cumartesi Loto&#8217;su gibi bir\u00e7ok piyango vard\u0131r. Cumartesi piyangosu oyuncular aras\u0131nda pop\u00fclerdir ve insanlara her hafta d\u00f6rt g\u00f6zle bekleyecekleri bir \u015fey verir. Bu piyango ilk ba\u015flad\u0131\u011f\u0131nda, sadece Oz&#8217;daki oyuncular kat\u0131labiliyordu. Neyse ki, art\u0131k d\u00fcnyan\u0131n d\u00f6rt bir yan\u0131ndaki bahis\u00e7iler Cumartesi piyangosuna kat\u0131labiliyor.<\/p>\n<p>Peki, Cumartesi Loto&#8217;su i\u00e7in \u00fclke d\u0131\u015f\u0131ndan nas\u0131l bilet al\u0131rs\u0131n\u0131z? \u00d6\u011frenmek i\u00e7in neden okumaya devam etmiyorsunuz? Sizi s\u00fcre\u00e7 boyunca y\u00f6nlendirece\u011fiz ve sorular\u0131n\u0131z\u0131 yan\u0131tlayaca\u011f\u0131z. Bu piyangoya a\u015fina olmayanlar i\u00e7in, bunun hakk\u0131nda konu\u015fmak i\u00e7in de biraz zaman ay\u0131raca\u011f\u0131z. Umar\u0131z, okumay\u0131 bitirdi\u011finizde, bu piyango i\u00e7in bilet almaya hevesli olacaks\u0131n\u0131z.<\/p>\n<h2>Avustralya Cumartesi Loto nedir<\/h2>\n<p>Bu, 1972 y\u0131l\u0131nda \u00fclkeye tan\u0131t\u0131lan ve g\u00fcn\u00fcm\u00fczde bahis\u00e7ilerin en sevdi\u011fi piyangolardan biri haline gelen bir piyangodur. \u00dclkenin baz\u0131 b\u00f6lgelerinde Tatts lotto, X lotto ve Gold lotto olarak bilinen bu piyango Tatts lottery group taraf\u0131ndan y\u00fcr\u00fct\u00fclmektedir.<\/p>\n<p>Bu piyangonun alt\u0131 \u00f6d\u00fcl b\u00f6l\u00fcm\u00fc vard\u0131r ve bunlardan birazdan bahsedece\u011fiz. Cumartesi piyangosunun ba\u015flang\u0131\u00e7 ikramiyesi 5 milyon AUD&#8217;dir. \u015ea\u015f\u0131rt\u0131c\u0131 olan \u015fey, b\u00fcy\u00fck ikramiyeyi kazanma \u015fans\u0131n\u0131n ger\u00e7ekten \u00e7ok y\u00fcksek olmas\u0131d\u0131r. Di\u011fer piyangolar\u0131n aksine, bir oyuncunun ikramiyeyi kazanmak i\u00e7in yaln\u0131zca ana say\u0131lar\u0131 e\u015fle\u015ftirmesi gerekir.<\/p>\n<p>Tamamlay\u0131c\u0131 say\u0131lar vard\u0131r, ancak bunlar di\u011fer \u00f6d\u00fcl b\u00f6l\u00fcmlerinin kazananlar\u0131n\u0131 belirlemek i\u00e7in kullan\u0131l\u0131r. Haftan\u0131n neredeyse her g\u00fcn\u00fc i\u00e7in bir piyango olmas\u0131na ra\u011fmen, Avustralyal\u0131lar\u0131n bu piyangoya \u00e7ekilmesi \u00e7ok \u015fey anlat\u0131yor. A\u015fa\u011f\u0131da bu piyangonun nas\u0131l oynanaca\u011f\u0131 ve farkl\u0131 \u00f6d\u00fcl b\u00f6l\u00fcmleri hakk\u0131nda konu\u015faca\u011f\u0131z.<\/p>\n<h2>Cumartesi Piyangosu nas\u0131l oynan\u0131r<\/h2>\n<p><img loading=\"lazy\" decoding=\"async\" class=\"alignright size-full wp-image-35132\" src=\"https:\/\/jackpotlotteryonline.com\/wp-content\/uploads\/2022\/11\/2_ticket_saturday_lotto_au2-1-180x300-1.jpg\" alt=\"Cumartesi piyango bileti\" width=\"180\" height=\"300\" \/><\/p>\n<p><a href=\"https:\/\/jackpotlotteryonline.com\/tr\/nasil-oynanir\/saturday-lotto\">Bu piyangoyu oynamak i\u00e7in<\/a>, bir oyuncunun 1 ile 45 aras\u0131nda 6 ana say\u0131 se\u00e7mesi gerekir. Ard\u0131ndan 1&#8217;den 6&#8217;ya kadar 2 ek say\u0131. Ek say\u0131lar b\u00fcy\u00fck ikramiyenin belirlenmesinde kullan\u0131lmaz. Bir oyuncunun ikramiyeyi kazanmak i\u00e7in tek yapmas\u0131 gereken \u00e7ekilen sekiz say\u0131y\u0131 e\u015fle\u015ftirmektir.<\/p>\n<p>\u00c7ekili\u015fler s\u0131ras\u0131nda, 45 topun bulundu\u011fu bir varilden rastgele alt\u0131 top se\u00e7ilir. Bu toplar\u0131n \u00fczerindeki say\u0131lar kazanan say\u0131lard\u0131r ve bunlarla e\u015fle\u015fen herhangi bir bilet kazanan bilettir. Daha sonra alt\u0131 topun bulundu\u011fu ba\u015fka bir varilden iki top daha se\u00e7ilir. Bunlar, di\u011fer \u00f6d\u00fcl kategorilerinin belirlenmesinde kullan\u0131lan tamamlay\u0131c\u0131 say\u0131lard\u0131r.<\/p>\n<p>Ad\u0131ndan da anla\u015f\u0131laca\u011f\u0131 gibi, \u00e7ekili\u015fler her hafta Cumartesi g\u00fcn\u00fc yap\u0131l\u0131r. \u00c7ekili\u015fler Cumartesi g\u00fcn\u00fc AEST saatiyle 19:25&#8217;te sona erer. O haftaki \u00e7ekili\u015fe kat\u0131lmak isteyen oyuncular\u0131n biletlerini kapan\u0131\u015f saatinden \u00f6nce sat\u0131n almalar\u0131 gerekmektedir.<\/p>\n<h2>\u00d6d\u00fcl B\u00f6l\u00fcmleri<\/h2>\n<p>Tatts lotosunun sekiz \u00f6d\u00fcl b\u00f6l\u00fcm\u00fc vard\u0131r. Bu piyango i\u00e7in bir bilet sat\u0131n ald\u0131\u011f\u0131n\u0131zda, bu \u00f6d\u00fcl kategorilerinden herhangi birini kazanma \u015fans\u0131na sahip olursunuz. Her b\u00f6l\u00fcm i\u00e7in kazanan kombinasyon a\u015fa\u011f\u0131da belirtilmi\u015ftir.<\/p>\n<p>B\u00f6l\u00fcm 1 (Jackpot) &#8211; 6 ana say\u0131y\u0131 e\u015fle\u015ftirin<br \/>\nB\u00f6l\u00fcm 2 &#8211; Herhangi 5 ana say\u0131 + 1 ek say\u0131y\u0131 e\u015fle\u015ftirin<br \/>\nB\u00f6l\u00fcm 3 &#8211; Mart herhangi 5 ana numara<br \/>\nB\u00f6l\u00fcm 4 &#8211; Herhangi 4 ana say\u0131y\u0131 e\u015fle\u015ftirin<br \/>\nB\u00f6l\u00fcm 5 &#8211; Herhangi 3 ana say\u0131 + 1 ek say\u0131y\u0131 e\u015fle\u015ftirin<br \/>\nB\u00f6l\u00fcm 6 &#8211; Herhangi 3 ana say\u0131y\u0131 e\u015fle\u015ftirin<\/p>\n<p>Organizat\u00f6rler, oyuncular\u0131n bu piyangoyu kazanmalar\u0131n\u0131 m\u00fcmk\u00fcn k\u0131lm\u0131\u015ft\u0131r. Oranlar harika ve ikramiye tutar\u0131 5 milyon AUD, oyuncular\u0131n Cumartesi piyangosunu sevmesi \u015fa\u015f\u0131rt\u0131c\u0131 m\u0131? Hen\u00fcz yapmad\u0131ysan\u0131z, bilet almay\u0131 d\u00fc\u015f\u00fcnmek i\u00e7in iyi bir zaman.<\/p>\n<h2>\u00d6nceki Kazananlar<\/h2>\n<p>Oz d\u0131\u015f\u0131ndaki bu piyangoya nas\u0131l bilet alaca\u011f\u0131n\u0131z\u0131 sizinle payla\u015fmadan \u00f6nce, \u00f6nceki kazananlar hakk\u0131nda konu\u015fmak iyi bir fikir olabilir. Y\u0131llar boyunca \u00e7ok say\u0131da kazanan oldu, bu nedenle sadece son kazananlardan baz\u0131lar\u0131n\u0131 se\u00e7ece\u011fiz ve ilham alaca\u011f\u0131n\u0131z\u0131 umuyoruz.<\/p>\n<p>Listemizdeki ilk talihli ismini vermek istemeyen Avustralyal\u0131 bir anne. Cumartesi ikramiyesini ba\u015fka bir talihli ile birlikte kazand\u0131. Raporlara g\u00f6re, b\u00fcy\u00fck ikramiyeyi kazand\u0131\u011f\u0131n\u0131 fark etmesi iki haftas\u0131n\u0131 alm\u0131\u015f. E\u011fer daha fazla bekleseydi, \u00f6d\u00fcl\u00fcn\u00fc talep edemeyecekti. Neyse ki, kontrol etmek i\u00e7in geri d\u00f6nd\u00fc ve kazand\u0131\u011f\u0131n\u0131 ke\u015ffetti.<\/p>\n<p>Bir di\u011fer kazanan ise birka\u00e7 y\u0131ld\u0131r ayn\u0131 numaralarla Cumartesi piyangosu oynayan bir adamd\u0131. Azmi sonu\u00e7 verdi ve b\u00fcy\u00fck ikramiyeyi kazand\u0131. Bir\u00e7ok piyango kazanan\u0131, piyangoyu kazanmadan \u00f6nce y\u0131llard\u0131r oynad\u0131klar\u0131n\u0131 s\u00f6yl\u00fcyor. Bazen istedi\u011finiz sonu\u00e7lar\u0131 elde etmek i\u00e7in inan\u00e7 ve tutarl\u0131l\u0131k gerekir.<\/p>\n<section class=\"layout\" style=\"border: solid 1px; width: 100%;\">\n<div class=\"img-div\" style=\"margin-top: 5px;\"><img decoding=\"async\" class=\"wp-image-17212 alignleft\" style=\"height: 45px; margin: 8px 8px 0px;\" src=\"https:\/\/jackpotlotteryonline.com\/wp-content\/uploads\/2022\/11\/read1.jpg\" alt=\"okuyun\" width=\"\" height=\"\" \/><\/div>\n<div style=\"padding-left: 5px;\">\n<div style=\"font-size: 1.1em;\">\n<p><strong>Baz\u0131 piyango talihlileri topluma geri d\u00f6nd\u00fc<\/strong><\/p>\n<p style=\"font-size: 0.85em; margin-top: -1.5em;\">Geri \u00f6deme yapan piyango kazananlar\u0131 hakk\u0131nda baz\u0131 ilgin\u00e7 ve i\u00e7 a\u00e7\u0131c\u0131 hikayeler\u00a0 <a href=\"https:\/\/jackpotlotteryonline.com\/tr\/piyango-kazananlari-geri-verme-hakkinda-hikayeler\"> daha fazla oku<\/a><\/p>\n<\/div>\n<\/div>\n<\/section>\n<h2>Avustralya d\u0131\u015f\u0131ndan bilet sat\u0131n al\u0131n<\/h2>\n<p>Peki, Oz&#8217;un g\u00fczel \u00fclkesinde ya\u015fam\u0131yorsan\u0131z, Cumartesi Loto&#8217;su i\u00e7in nas\u0131l bilet sat\u0131n alabilirsiniz? \u0130nternetten \u00f6nce bu imkans\u0131z ya da en az\u0131ndan \u00e7ok zor olurdu. Ancak internet sayesinde, Tatts piyango biletlerinizi \u00e7evrimi\u00e7i olarak sat\u0131n alabilirsiniz.<\/p>\n<p>Oyuncular\u0131n en iyi uluslararas\u0131 piyangolara bilet sat\u0131n almas\u0131na izin veren \u00e7evrimi\u00e7i piyango sat\u0131c\u0131lar\u0131 vard\u0131r. Bu sat\u0131c\u0131lar, oyuncular\u0131n herhangi bir \u00fclkede piyango bileti sat\u0131n almalar\u0131na yard\u0131mc\u0131 olan bir konsiyerj hizmeti olarak bilinen \u015feyi \u00e7al\u0131\u015ft\u0131r\u0131r. Bu sitelere kaydoldu\u011funuzda, Cumartesi piyangosuna kolayca girebilir ve herhangi bir kazanc\u0131n\u0131z\u0131 talep edebilirsiniz.<\/p>\n<p>jackpotlotteryonline.com&#8217;da kullan\u0131c\u0131lar\u0131m\u0131za sorunsuz bir deneyim sa\u011flayan bir konsiyerj hizmeti y\u00fcr\u00fct\u00fcyoruz. Bize kaydoldu\u011funuzda, Cumartesi piyangosu ve di\u011fer bir\u00e7ok uluslararas\u0131 piyango i\u00e7in biletinizi kolayca sat\u0131n alabilirsiniz. Kazan\u0131rsan\u0131z \u00f6d\u00fcl\u00fcn\u00fcz\u00fc nas\u0131l talep edece\u011finiz konusunda endi\u015feli misiniz? \u00d6d\u00fcl\u00fcn\u00fcz\u00fc platformumuzdan s\u0131f\u0131r g\u00fc\u00e7l\u00fckle nakde \u00e7evirin.<\/p>\n<h2>S\u0131k\u00e7a Sorulan Sorular<\/h2>\n<p><img loading=\"lazy\" decoding=\"async\" class=\"wp-image-29264 alignright\" src=\"https:\/\/jackpotlotteryonline.com\/wp-content\/uploads\/2022\/11\/1_play_online_lotto-300x300.jpg\" alt=\"Avustralya \u00c7evrimi\u00e7i Cumartesi Loto\" width=\"235\" height=\"235\" srcset=\"https:\/\/jackpotlotteryonline.com\/wp-content\/uploads\/2022\/11\/1_play_online_lotto-300x300.jpg 300w, https:\/\/jackpotlotteryonline.com\/wp-content\/uploads\/2022\/11\/1_play_online_lotto-100x100.jpg 100w, https:\/\/jackpotlotteryonline.com\/wp-content\/uploads\/2022\/11\/1_play_online_lotto-150x150.jpg 150w, https:\/\/jackpotlotteryonline.com\/wp-content\/uploads\/2022\/11\/1_play_online_lotto.jpg 480w\" sizes=\"auto, (max-width: 235px) 100vw, 235px\" \/><\/p>\n<p>Akl\u0131n\u0131zdan muhtemelen birka\u00e7 soru ge\u00e7ti\u011fini biliyoruz. Sorun de\u011fil, sorular\u0131n\u0131z\u0131 yan\u0131tlamak i\u00e7in buraday\u0131z. Burada her \u015feyi ele almaya \u00e7al\u0131\u015faca\u011f\u0131z, ancak yine de herhangi bir endi\u015feniz varsa, bize ula\u015fmaktan \u00e7ekinmeyin. Sizden haber almaktan her zaman mutluluk duyar\u0131z. Piyango kazanan\u0131 olma yolculu\u011funuzda size yard\u0131mc\u0131 olmak i\u00e7in elimizden gelen her \u015feyi yapaca\u011f\u0131z.<\/p>\n<h2>\u0130nternetten piyango bileti sat\u0131n alabilir miyim?<\/h2>\n<p>Evet, \u00e7evrimi\u00e7i piyango bileti sat\u0131n alabilirsiniz ve bu tamamen yasald\u0131r. Piyangoya kat\u0131ld\u0131\u011f\u0131n\u0131zdan emin olmak i\u00e7in g\u00fcvenilir bir piyango sat\u0131c\u0131s\u0131 kulland\u0131\u011f\u0131n\u0131zdan emin olun. Bir\u00e7ok piyango grubunun web sitesi vard\u0131r. Ancak, birden fazla piyango oynamak istiyorsan\u0131z, bir piyango sat\u0131c\u0131s\u0131na kaydolman\u0131z daha iyi olacakt\u0131r. \u00d6zellikle, di\u011fer bir\u00e7ok piyangoya eri\u015fim sa\u011flayan bir piyango.<\/p>\n<h2>Nas\u0131l bilet sat\u0131n alabilirim?<\/h2>\n<p>Bize kay\u0131tl\u0131 oldu\u011funuzda piyango bileti sat\u0131n almak kolayd\u0131r. Sadece numaralar\u0131n\u0131z\u0131 se\u00e7in ve \u00e7ekili\u015fe kat\u0131l\u0131n. \u00d6d\u00fcl kazanma \u015fans\u0131n\u0131z\u0131 art\u0131rmak i\u00e7in birden fazla giri\u015f sat\u0131n alabilirsiniz. Her \u015fey size ba\u011fl\u0131. Hangi numaray\u0131 se\u00e7ece\u011finizden emin de\u011filseniz, otomatik se\u00e7ici sizin i\u00e7in i\u015fi yapabilir. S\u00fcrecin oyuncular i\u00e7in kolay ve sezgisel olmas\u0131n\u0131 sa\u011flamak i\u00e7in \u00e7ok \u00e7al\u0131\u015f\u0131yoruz.<\/p>\n<h2>Konsiyerj hizmeti tam olarak nedir?<\/h2>\n<p>Sordu\u011funuza sevindik. Bir konsiyerj hizmeti y\u00fcr\u00fctt\u00fc\u011f\u00fcm\u00fcz\u00fc s\u00f6yledi\u011fimizde, Avustralya da dahil olmak \u00fczere farkl\u0131 \u00fclkelerde acentelerimiz oldu\u011fu anlam\u0131na gelir. Piyango biletinizi bizden sat\u0131n ald\u0131\u011f\u0131n\u0131zda, acentelerimiz d\u0131\u015far\u0131 \u00e7\u0131kar ve ilgili numaralara sahip fiziksel bir bilet sat\u0131n al\u0131r. Bu, nerede olursan\u0131z olun, piyangoya kat\u0131ld\u0131\u011f\u0131n\u0131z anlam\u0131na gelir.<\/p>\n<h2>Nas\u0131l kazanabilirim?<\/h2>\n<p>Bu Avustralya piyangosunu kazanmak i\u00e7in tek yapman\u0131z gereken, \u00e7ekilen alt\u0131 ana say\u0131y\u0131 e\u015fle\u015ftirmektir ve b\u00fcy\u00fck ikramiyenin kazanan\u0131 olursunuz. B\u00f6l\u00fcm 2 ve 5&#8217;teki \u00f6d\u00fclleri belirlemek i\u00e7in kullan\u0131ld\u0131klar\u0131 i\u00e7in ek say\u0131lar\u0131 e\u015fle\u015ftirmeniz gerekmez.<\/p>\n<h2>Sonu\u00e7lar\u0131 nas\u0131l kontrol edebilirim?<\/h2>\n<p>Her \u00e7ekili\u015ften sonra sonu\u00e7lar\u0131 jackpotlotteryonline.com adresinde yay\u0131nl\u0131yoruz. Cumartesi \u00e7ekili\u015fi i\u00e7in, sonu\u00e7lar\u0131 bulmak i\u00e7in Cumartesi g\u00fcn\u00fc \u00e7ekili\u015flerden sonra<a href=\"https:\/\/jackpotlotteryonline.com\/tr\/kazanan-sayilar\/saturday-lotto\"> Cumartesi \u00e7ekili\u015fi sayfas\u0131n\u0131<\/a> ziyaret etmeniz yeterlidir.<\/p>\n<h2>Sonu\u00e7lar\u0131 kontrol etmeyi unutursam ne olur?<\/h2>\n<p>Bu en iyi k\u0131sm\u0131. Bizden sat\u0131n ald\u0131\u011f\u0131n\u0131zda, loto sonu\u00e7lar\u0131n\u0131 kontrol etmeyi unutman\u0131z \u00f6nemli de\u011fil \u00e7\u00fcnk\u00fc arkan\u0131zday\u0131z. Bir \u00f6d\u00fcl kazan\u0131rsan\u0131z, kontrol panelinizde size bir mesaj ve sizi uyarmak i\u00e7in bir e-posta g\u00f6nderece\u011fiz. Bizden bir piyango kuponu sat\u0131n ald\u0131\u011f\u0131n\u0131zda, g\u00fcvence alt\u0131nda oldu\u011funuzu bilirsiniz.<\/p>\n<h2>Kazand\u0131m, \u015fimdi ne olacak?<\/h2>\n<p>E\u011fer piyangoyu kazand\u0131ysan\u0131z, \u00f6ncelikle tebrikler! Sizin i\u00e7in \u00e7ok heyecanl\u0131y\u0131z. Bize kaydolduysan\u0131z, bir sonraki ad\u0131m basittir. Kontrol panelinize gidin ve mevcut y\u00f6ntemler arac\u0131l\u0131\u011f\u0131yla paran\u0131z\u0131 \u00e7ekin. \u0130\u015fte bu kadar kolay.<\/p>\n<h2>Bug\u00fcn bize kaydolun!<\/h2>\n<p>Piyango oynamak e\u011flencelidir ve oyunculara her hafta d\u00f6rt g\u00f6zle bekleyecekleri bir \u015fey verir. Cumartesi piyangosu g\u00fczel bir ikramiye \u00f6d\u00fcl\u00fcne ve uygun oranlara sahiptir, bu da onu hem yeni hem de eski bahis\u00e7iler i\u00e7in ideal k\u0131lar. Art\u0131k her yerdeki insanlar piyangoya giri\u015f sat\u0131n alabildi\u011finden, art\u0131k Avustralyal\u0131larla s\u0131n\u0131rl\u0131 de\u011fil.<\/p>\n<p>Oynamak i\u00e7in ilgin\u00e7 bir oyun ar\u0131yorsan\u0131z, neden Tatts piyangosunu denemiyorsunuz? Nerede olursan\u0131z olun, bize kay\u0131t olarak bu piyango i\u00e7in bir fi\u015f sat\u0131n alabilirsiniz. birden fazla giri\u015f sat\u0131n al\u0131n ve kolayl\u0131kla birka\u00e7 \u00e7ekili\u015fe \u00f6nceden girin. \u0130\u015fimiz, se\u00e7ti\u011finiz piyangolar\u0131 en az stresle oynaman\u0131z\u0131 m\u00fcmk\u00fcn k\u0131lmakt\u0131r.<\/p>\n<p>Rahatlay\u0131n ve oynarken e\u011flenin, bunun b\u00fcy\u00fck kazand\u0131\u011f\u0131n\u0131z g\u00fcn olup olmayaca\u011f\u0131n\u0131 asla bilemezsiniz. Neden bug\u00fcn bize kaydolarak piyangoya eri\u015fim sat\u0131n alm\u0131yorsunuz?<\/p>\n","protected":false},"excerpt":{"rendered":"<p>Avustralya&#8217;da \u00c7ar\u015famba Loto&#8217;su, Powerball ve Cumartesi Loto&#8217;su gibi bir\u00e7ok piyango vard\u0131r. Cumartesi piyangosu oyuncular aras\u0131nda pop\u00fclerdir ve insanlara her hafta d\u00f6rt g\u00f6zle bekleyecekleri bir \u015fey verir. Bu piyango ilk ba\u015flad\u0131\u011f\u0131nda, sadece Oz&#8217;daki oyuncular kat\u0131labiliyordu. Neyse ki, art\u0131k d\u00fcnyan\u0131n d\u00f6rt bir yan\u0131ndaki bahis\u00e7iler Cumartesi piyangosuna kat\u0131labiliyor. Peki, Cumartesi Loto&#8217;su i\u00e7in \u00fclke d\u0131\u015f\u0131ndan nas\u0131l bilet al\u0131rs\u0131n\u0131z? \u00d6\u011frenmek [&hellip;]<\/p>\n","protected":false},"author":1,"featured_media":0,"parent":35786,"menu_order":18,"comment_status":"closed","ping_status":"closed","template":"saturday-lotto-info.php","meta":{"_et_pb_use_builder":"","_et_pb_old_content":"","_et_gb_content_width":"","exclude_from_search":false,"footnotes":""},"class_list":["post-37296","page","type-page","status-publish","hentry"],"yoast_head":"<!-- This site is optimized with the Yoast SEO plugin v23.3 - https:\/\/yoast.com\/wordpress\/plugins\/seo\/ -->\n<title>Avustralya d\u0131\u015f\u0131ndan Saturday Lotto Australia i\u00e7in bilet sat\u0131n al\u0131n<\/title>\n<meta name=\"description\" content=\"Pop\u00fcler Avustralya Cumartesi lotosunda b\u00fcy\u00fck ikramiyeler var. Her yerden oyuncular art\u0131k Cumartesi lotolar\u0131 i\u00e7in online bilet alabilirler\" \/>\n<meta name=\"robots\" content=\"index, follow, max-snippet:-1, max-image-preview:large, max-video-preview:-1\" \/>\n<link rel=\"canonical\" href=\"https:\/\/jackpotlotteryonline.com\/tr\/bilet-satin-al\/saturday-lotto\/\" \/>\n<meta property=\"og:locale\" content=\"tr_TR\" \/>\n<meta property=\"og:type\" content=\"article\" \/>\n<meta property=\"og:title\" content=\"Avustralya d\u0131\u015f\u0131ndan Saturday Lotto Australia i\u00e7in bilet sat\u0131n al\u0131n\" \/>\n<meta property=\"og:description\" content=\"Pop\u00fcler Avustralya Cumartesi lotosunda b\u00fcy\u00fck ikramiyeler var. Her yerden oyuncular art\u0131k Cumartesi lotolar\u0131 i\u00e7in online bilet alabilirler\" \/>\n<meta property=\"og:url\" content=\"https:\/\/jackpotlotteryonline.com\/tr\/bilet-satin-al\/saturday-lotto\/\" \/>\n<meta property=\"og:site_name\" content=\"Lotto Online - Crack The International Lottery Jackpots\" \/>\n<meta property=\"article:modified_time\" content=\"2022-12-24T21:45:59+00:00\" \/>\n<meta property=\"og:image\" content=\"https:\/\/jackpotlotteryonline.com\/wp-content\/uploads\/2022\/11\/2_ticket_saturday_lotto_au2-1-180x300-1.jpg\" \/>\n<meta name=\"twitter:card\" content=\"summary_large_image\" \/>\n<meta name=\"twitter:label1\" content=\"Tahmini okuma s\u00fcresi\" \/>\n\t<meta name=\"twitter:data1\" content=\"6 dakika\" \/>\n<!-- \/ Yoast SEO plugin. -->","yoast_head_json":{"title":"Avustralya d\u0131\u015f\u0131ndan Saturday Lotto Australia i\u00e7in bilet sat\u0131n al\u0131n","description":"Pop\u00fcler Avustralya Cumartesi lotosunda b\u00fcy\u00fck ikramiyeler var. Her yerden oyuncular art\u0131k Cumartesi lotolar\u0131 i\u00e7in online bilet alabilirler","robots":{"index":"index","follow":"follow","max-snippet":"max-snippet:-1","max-image-preview":"max-image-preview:large","max-video-preview":"max-video-preview:-1"},"canonical":"https:\/\/jackpotlotteryonline.com\/tr\/bilet-satin-al\/saturday-lotto\/","og_locale":"tr_TR","og_type":"article","og_title":"Avustralya d\u0131\u015f\u0131ndan Saturday Lotto Australia i\u00e7in bilet sat\u0131n al\u0131n","og_description":"Pop\u00fcler Avustralya Cumartesi lotosunda b\u00fcy\u00fck ikramiyeler var. Her yerden oyuncular art\u0131k Cumartesi lotolar\u0131 i\u00e7in online bilet alabilirler","og_url":"https:\/\/jackpotlotteryonline.com\/tr\/bilet-satin-al\/saturday-lotto\/","og_site_name":"Lotto Online - Crack The International Lottery Jackpots","article_modified_time":"2022-12-24T21:45:59+00:00","og_image":[{"url":"https:\/\/jackpotlotteryonline.com\/wp-content\/uploads\/2022\/11\/2_ticket_saturday_lotto_au2-1-180x300-1.jpg"}],"twitter_card":"summary_large_image","twitter_misc":{"Tahmini okuma s\u00fcresi":"6 dakika"},"schema":{"@context":"https:\/\/schema.org","@graph":[{"@type":"WebPage","@id":"https:\/\/jackpotlotteryonline.com\/tr\/bilet-satin-al\/saturday-lotto\/","url":"https:\/\/jackpotlotteryonline.com\/tr\/bilet-satin-al\/saturday-lotto\/","name":"Avustralya d\u0131\u015f\u0131ndan Saturday Lotto Australia i\u00e7in bilet sat\u0131n al\u0131n","isPartOf":{"@id":"https:\/\/jackpotlotteryonline.com\/#website"},"primaryImageOfPage":{"@id":"https:\/\/jackpotlotteryonline.com\/tr\/bilet-satin-al\/saturday-lotto\/#primaryimage"},"image":{"@id":"https:\/\/jackpotlotteryonline.com\/tr\/bilet-satin-al\/saturday-lotto\/#primaryimage"},"thumbnailUrl":"https:\/\/jackpotlotteryonline.com\/wp-content\/uploads\/2022\/11\/2_ticket_saturday_lotto_au2-1-180x300-1.jpg","datePublished":"2022-11-11T09:28:12+00:00","dateModified":"2022-12-24T21:45:59+00:00","description":"Pop\u00fcler Avustralya Cumartesi lotosunda b\u00fcy\u00fck ikramiyeler var. Her yerden oyuncular art\u0131k Cumartesi lotolar\u0131 i\u00e7in online bilet alabilirler","breadcrumb":{"@id":"https:\/\/jackpotlotteryonline.com\/tr\/bilet-satin-al\/saturday-lotto\/#breadcrumb"},"inLanguage":"tr","potentialAction":[{"@type":"ReadAction","target":["https:\/\/jackpotlotteryonline.com\/tr\/bilet-satin-al\/saturday-lotto\/"]}]},{"@type":"ImageObject","inLanguage":"tr","@id":"https:\/\/jackpotlotteryonline.com\/tr\/bilet-satin-al\/saturday-lotto\/#primaryimage","url":"https:\/\/jackpotlotteryonline.com\/wp-content\/uploads\/2022\/11\/2_ticket_saturday_lotto_au2-1-180x300-1.jpg","contentUrl":"https:\/\/jackpotlotteryonline.com\/wp-content\/uploads\/2022\/11\/2_ticket_saturday_lotto_au2-1-180x300-1.jpg"},{"@type":"BreadcrumbList","@id":"https:\/\/jackpotlotteryonline.com\/tr\/bilet-satin-al\/saturday-lotto\/#breadcrumb","itemListElement":[{"@type":"ListItem","position":1,"name":"Home","item":"https:\/\/jackpotlotteryonline.com\/tr\/"},{"@type":"ListItem","position":2,"name":"\u0130nternetten Piyango Bileti Nas\u0131l Al\u0131n\u0131r","item":"https:\/\/jackpotlotteryonline.com\/tr\/bilet-satin-al\/"},{"@type":"ListItem","position":3,"name":"Avustralya Cumartesi Loto&#8217;su i\u00e7in bilet sat\u0131n al\u0131n"}]},{"@type":"WebSite","@id":"https:\/\/jackpotlotteryonline.com\/#website","url":"https:\/\/jackpotlotteryonline.com\/","name":"Lotto Online - Crack The International Lottery Jackpots","description":"","potentialAction":[{"@type":"SearchAction","target":{"@type":"EntryPoint","urlTemplate":"https:\/\/jackpotlotteryonline.com\/?s={search_term_string}"},"query-input":"required name=search_term_string"}],"inLanguage":"tr"}]}},"_links":{"self":[{"href":"https:\/\/jackpotlotteryonline.com\/tr\/wp-json\/wp\/v2\/pages\/37296","targetHints":{"allow":["GET"]}}],"collection":[{"href":"https:\/\/jackpotlotteryonline.com\/tr\/wp-json\/wp\/v2\/pages"}],"about":[{"href":"https:\/\/jackpotlotteryonline.com\/tr\/wp-json\/wp\/v2\/types\/page"}],"author":[{"embeddable":true,"href":"https:\/\/jackpotlotteryonline.com\/tr\/wp-json\/wp\/v2\/users\/1"}],"replies":[{"embeddable":true,"href":"https:\/\/jackpotlotteryonline.com\/tr\/wp-json\/wp\/v2\/comments?post=37296"}],"version-history":[{"count":0,"href":"https:\/\/jackpotlotteryonline.com\/tr\/wp-json\/wp\/v2\/pages\/37296\/revisions"}],"up":[{"embeddable":true,"href":"https:\/\/jackpotlotteryonline.com\/tr\/wp-json\/wp\/v2\/pages\/35786"}],"wp:attachment":[{"href":"https:\/\/jackpotlotteryonline.com\/tr\/wp-json\/wp\/v2\/media?parent=37296"}],"curies":[{"name":"wp","href":"https:\/\/api.w.org\/{rel}","templated":true}]}}