{"id":37789,"date":"2022-11-15T08:56:57","date_gmt":"2022-11-15T08:56:57","guid":{"rendered":"https:\/\/jackpotlotteryonline.com\/?page_id=37789"},"modified":"2022-11-15T08:56:57","modified_gmt":"2022-11-15T08:56:57","slug":"faq","status":"publish","type":"page","link":"https:\/\/jackpotlotteryonline.com\/tr\/faq\/","title":{"rendered":"SSS"},"content":{"rendered":"<h2>\u00c7evrimi\u00e7i Piyango SSS<\/h2>\n<p>Online piyango ve online loto ikramiyeleri hakk\u0131nda en s\u0131k sorulan sorulara burada cevap verece\u011fiz. Piyangolar\u0131 \u00e7evrimi\u00e7i oynamak, b\u00fcy\u00fck uluslararas\u0131 Loto ikramiyelerine el koyman\u0131n en uygun ve en kolay yoludur.<\/p>\n<h2>Nas\u0131l \u00e7al\u0131\u015f\u0131r?<\/h2>\n<p>Siz ve \u00e7e\u015fitli piyangolar aras\u0131nda bir el\u00e7i hizmeti olarak hareket ediyoruz. Bileti sizin ad\u0131n\u0131za ve sizin ad\u0131n\u0131za sat\u0131n al\u0131yor, ard\u0131ndan yeni biletinizi tar\u0131yor ve taramay\u0131 m\u00fc\u015fteri hesab\u0131n\u0131za y\u00fckl\u00fcyor, kazand\u0131\u011f\u0131n\u0131zda size bir mesaj g\u00f6nderiyor ve kazand\u0131\u011f\u0131n\u0131zda da paran\u0131z\u0131 alman\u0131za yard\u0131mc\u0131 oluyoruz.<\/p>\n<h2>Bizim arac\u0131l\u0131\u011f\u0131m\u0131zla oynaman\u0131n avantajlar\u0131 nelerdir?<\/h2>\n<ul>\n<li>Bir piyango ma\u011fazas\u0131na gitmenize gerek yoktur. Evinizden veya ofisinizden kolayca oynayabilirsiniz<\/li>\n<li>\u00f6rne\u011fin kredi kart\u0131yla veya ba\u015fka yollarla \u00e7evrimi\u00e7i \u00f6deme yapabilirsiniz<\/li>\n<li>2500\u20ac&#8217;ya kadar olan loto kazanc\u0131n\u0131z hesab\u0131n\u0131za yat\u0131r\u0131lacakt\u0131r<\/li>\n<li>2500\u20ac&#8217;dan fazla kazan\u0131rsan\u0131z, paran\u0131z\u0131 alman\u0131zda size \u00fccretsiz olarak yard\u0131mc\u0131 olaca\u011f\u0131z<\/li>\n<li>Para kazan\u0131rsan\u0131z ek \u00fccret \u00f6demezsiniz.<\/li>\n<\/ul>\n<p><strong>Piyangolar\u0131 kimler oynayabilir?<\/strong><\/p>\n<p>18 ya\u015f\u0131ndan b\u00fcy\u00fck herkes piyango oynayabilir.<\/p>\n<p><strong>Yabanc\u0131 bir \u00fclkeden piyango oynayabilir miyim?<\/strong><\/p>\n<p>Evet, oynayabilirsiniz. Hangi \u00fclkede ikamet etti\u011finiz \u00f6nemli de\u011fildir, istedi\u011finiz \u00fclkedeki herhangi bir piyango ve loto ikramiyesini oynayabilirsiniz.<\/p>\n<p><strong>Kendi loto numaralar\u0131m\u0131 se\u00e7ebilir miyim?<\/strong><\/p>\n<p>Evet. \u0130stedi\u011finiz say\u0131lar\u0131 se\u00e7ebilir veya bilgisayar\u0131n sizin i\u00e7in say\u0131lar\u0131n\u0131z\u0131 rastgele se\u00e7mesini sa\u011flayabilirsiniz.<\/p>\n<p><strong>Piyango biletimi nas\u0131l alaca\u011f\u0131m?<\/strong><\/p>\n<p>\u00d6demeniz i\u015fleme konulduktan sonra, sat\u0131n alma onay\u0131n\u0131z\u0131 e-posta ile g\u00f6nderece\u011fiz. Se\u00e7ti\u011finiz numaralar hesab\u0131n\u0131zda g\u00f6r\u00fclebilir. K\u0131sa bir s\u00fcre sonra, taranm\u0131\u015f bileti de hesab\u0131n\u0131zda g\u00f6rebilirsiniz.<\/p>\n<p><strong>Loto veya biletim i\u00e7in nas\u0131l \u00f6deme yapabilirim?<\/strong><\/p>\n<p>Kullanabilece\u011finiz bir dizi \u00f6deme se\u00e7ene\u011fi vard\u0131r, bunlar aras\u0131nda kredi kart\u0131, banka havalesi, \u00e7e\u015fitli kripto para birimleri ve daha fazlas\u0131 ile \u00f6deme vard\u0131r.<\/p>\n<p><strong>Kazanc\u0131mdan pay al\u0131yor musunuz?<\/strong><\/p>\n<p>T\u00fcm piyango kazan\u00e7lar\u0131, herhangi bir \u00fccret kesintisi yap\u0131lmaks\u0131z\u0131n size tam olarak \u00f6denecektir.<\/p>\n<p><strong>Piyango bileti sipari\u015fimi ne zaman verebilirim?<\/strong><\/p>\n<p>Bir piyangoya kat\u0131lmak i\u00e7in biletinizi \u00e7ekili\u015ften en az 2 saat \u00f6nce sipari\u015f etmelisiniz. Bu, Loto bileti sipari\u015finizi i\u015fleme koymam\u0131z\u0131 sa\u011flar.<\/p>\n<p><strong>Kazan\u0131p kazanmad\u0131\u011f\u0131m\u0131 nas\u0131l \u00f6\u011frenebilirim?<\/strong><\/p>\n<p>E\u011fer kazan\u0131rsan\u0131z, size kazand\u0131\u011f\u0131n\u0131z\u0131 bildiren bir e-posta g\u00f6nderece\u011fiz. Ayr\u0131ca, t\u00fcm piyangolar\u0131n kazanan numaralar\u0131 web sitemizde yay\u0131nlanacakt\u0131r.<\/p>\n<p><strong>Kazan\u0131rsam param\u0131 nas\u0131l alabilirim?<\/strong><\/p>\n<p>2500\u20ac&#8217;nun alt\u0131nda bir miktar kazan\u0131rsan\u0131z, para oyuncu hesab\u0131n\u0131za yat\u0131r\u0131lacakt\u0131r. 2500\u20ac&#8217;dan y\u00fcksek tutarlar i\u00e7in size doldurman\u0131z gereken bir talep formu g\u00f6nderece\u011fiz. Kendinizi tan\u0131tman\u0131z gerekecek ve ard\u0131ndan talebinizi piyango \u015firketine iletece\u011fiz. Piyango \u015firketi daha sonra size bir \u00e7ek d\u00fczenleyecektir. Baz\u0131 piyango \u015firketlerinin, b\u00fcy\u00fck ikramiye \u00f6d\u00fcl\u00fc kazanman\u0131z durumunda kazanc\u0131n\u0131z\u0131 \u015fahsen talep etmenizi istedi\u011fini l\u00fctfen unutmay\u0131n.<\/p>\n<p><strong>Bu yasal bir hizmet mi?<\/strong><\/p>\n<p>Evet, yasal. Bizimki yaln\u0131zca bir kurye hizmeti oldu\u011fundan, bu tamamen yasald\u0131r.<\/p>\n<p><strong>Benim ad\u0131ma bir piyango bileti sat\u0131n al\u0131nd\u0131\u011f\u0131n\u0131 nas\u0131l bilebilirim?<\/strong><\/p>\n<p>Piyango biletiniz i\u00e7in \u00f6deme yapt\u0131ktan sonra bir \u00f6deme onay\u0131 alacaks\u0131n\u0131z. Loto biletiniz aktif oldu\u011fu s\u00fcrece bir e-posta bildirimi alacaks\u0131n\u0131z ve giri\u015f yapt\u0131ktan sonra biletlerinizi web sitemizdeki m\u00fc\u015fteri alan\u0131n\u0131zda g\u00f6rebilirsiniz.<\/p>\n","protected":false},"excerpt":{"rendered":"<p>\u00c7evrimi\u00e7i Piyango SSS Online piyango ve online loto ikramiyeleri hakk\u0131nda en s\u0131k sorulan sorulara burada cevap verece\u011fiz. Piyangolar\u0131 \u00e7evrimi\u00e7i oynamak, b\u00fcy\u00fck uluslararas\u0131 Loto ikramiyelerine el koyman\u0131n en uygun ve en kolay yoludur. Nas\u0131l \u00e7al\u0131\u015f\u0131r? Siz ve \u00e7e\u015fitli piyangolar aras\u0131nda bir el\u00e7i hizmeti olarak hareket ediyoruz. Bileti sizin ad\u0131n\u0131za ve sizin ad\u0131n\u0131za sat\u0131n al\u0131yor, ard\u0131ndan yeni [&hellip;]<\/p>\n","protected":false},"author":1,"featured_media":0,"parent":0,"menu_order":6,"comment_status":"closed","ping_status":"closed","template":"","meta":{"_et_pb_use_builder":"","_et_pb_old_content":"","_et_gb_content_width":"","exclude_from_search":false,"footnotes":""},"class_list":["post-37789","page","type-page","status-publish","hentry"],"yoast_head":"<!-- This site is optimized with the Yoast SEO plugin v23.3 - https:\/\/yoast.com\/wordpress\/plugins\/seo\/ -->\n<title>Piyango SSS | \u00c7evrimi\u00e7i Loto hakk\u0131nda s\u0131k sorulan sorular<\/title>\n<meta name=\"description\" content=\"Online piyango hakk\u0131nda en s\u0131k sorulan sorular\u0131n yan\u0131tlar\u0131n\u0131 ve en iyi hizmetleri burada bulabilirsiniz\" \/>\n<meta name=\"robots\" content=\"index, follow, max-snippet:-1, max-image-preview:large, max-video-preview:-1\" \/>\n<link rel=\"canonical\" href=\"https:\/\/jackpotlotteryonline.com\/tr\/faq\/\" \/>\n<meta property=\"og:locale\" content=\"tr_TR\" \/>\n<meta property=\"og:type\" content=\"article\" \/>\n<meta property=\"og:title\" content=\"Piyango SSS | \u00c7evrimi\u00e7i Loto hakk\u0131nda s\u0131k sorulan sorular\" \/>\n<meta property=\"og:description\" content=\"Online piyango hakk\u0131nda en s\u0131k sorulan sorular\u0131n yan\u0131tlar\u0131n\u0131 ve en iyi hizmetleri burada bulabilirsiniz\" \/>\n<meta property=\"og:url\" content=\"https:\/\/jackpotlotteryonline.com\/tr\/faq\/\" \/>\n<meta property=\"og:site_name\" content=\"Lotto Online - Crack The International Lottery Jackpots\" \/>\n<meta name=\"twitter:card\" content=\"summary_large_image\" \/>\n<meta name=\"twitter:label1\" content=\"Tahmini okuma s\u00fcresi\" \/>\n\t<meta name=\"twitter:data1\" content=\"2 dakika\" \/>\n<!-- \/ Yoast SEO plugin. -->","yoast_head_json":{"title":"Piyango SSS | \u00c7evrimi\u00e7i Loto hakk\u0131nda s\u0131k sorulan sorular","description":"Online piyango hakk\u0131nda en s\u0131k sorulan sorular\u0131n yan\u0131tlar\u0131n\u0131 ve en iyi hizmetleri burada bulabilirsiniz","robots":{"index":"index","follow":"follow","max-snippet":"max-snippet:-1","max-image-preview":"max-image-preview:large","max-video-preview":"max-video-preview:-1"},"canonical":"https:\/\/jackpotlotteryonline.com\/tr\/faq\/","og_locale":"tr_TR","og_type":"article","og_title":"Piyango SSS | \u00c7evrimi\u00e7i Loto hakk\u0131nda s\u0131k sorulan sorular","og_description":"Online piyango hakk\u0131nda en s\u0131k sorulan sorular\u0131n yan\u0131tlar\u0131n\u0131 ve en iyi hizmetleri burada bulabilirsiniz","og_url":"https:\/\/jackpotlotteryonline.com\/tr\/faq\/","og_site_name":"Lotto Online - Crack The International Lottery Jackpots","twitter_card":"summary_large_image","twitter_misc":{"Tahmini okuma s\u00fcresi":"2 dakika"},"schema":{"@context":"https:\/\/schema.org","@graph":[{"@type":"WebPage","@id":"https:\/\/jackpotlotteryonline.com\/tr\/faq\/","url":"https:\/\/jackpotlotteryonline.com\/tr\/faq\/","name":"Piyango SSS | \u00c7evrimi\u00e7i Loto hakk\u0131nda s\u0131k sorulan sorular","isPartOf":{"@id":"https:\/\/jackpotlotteryonline.com\/#website"},"datePublished":"2022-11-15T08:56:57+00:00","dateModified":"2022-11-15T08:56:57+00:00","description":"Online piyango hakk\u0131nda en s\u0131k sorulan sorular\u0131n yan\u0131tlar\u0131n\u0131 ve en iyi hizmetleri burada bulabilirsiniz","breadcrumb":{"@id":"https:\/\/jackpotlotteryonline.com\/tr\/faq\/#breadcrumb"},"inLanguage":"tr","potentialAction":[{"@type":"ReadAction","target":["https:\/\/jackpotlotteryonline.com\/tr\/faq\/"]}]},{"@type":"BreadcrumbList","@id":"https:\/\/jackpotlotteryonline.com\/tr\/faq\/#breadcrumb","itemListElement":[{"@type":"ListItem","position":1,"name":"Home","item":"https:\/\/jackpotlotteryonline.com\/tr\/"},{"@type":"ListItem","position":2,"name":"SSS"}]},{"@type":"WebSite","@id":"https:\/\/jackpotlotteryonline.com\/#website","url":"https:\/\/jackpotlotteryonline.com\/","name":"Lotto Online - Crack The International Lottery Jackpots","description":"","potentialAction":[{"@type":"SearchAction","target":{"@type":"EntryPoint","urlTemplate":"https:\/\/jackpotlotteryonline.com\/?s={search_term_string}"},"query-input":"required name=search_term_string"}],"inLanguage":"tr"}]}},"_links":{"self":[{"href":"https:\/\/jackpotlotteryonline.com\/tr\/wp-json\/wp\/v2\/pages\/37789","targetHints":{"allow":["GET"]}}],"collection":[{"href":"https:\/\/jackpotlotteryonline.com\/tr\/wp-json\/wp\/v2\/pages"}],"about":[{"href":"https:\/\/jackpotlotteryonline.com\/tr\/wp-json\/wp\/v2\/types\/page"}],"author":[{"embeddable":true,"href":"https:\/\/jackpotlotteryonline.com\/tr\/wp-json\/wp\/v2\/users\/1"}],"replies":[{"embeddable":true,"href":"https:\/\/jackpotlotteryonline.com\/tr\/wp-json\/wp\/v2\/comments?post=37789"}],"version-history":[{"count":0,"href":"https:\/\/jackpotlotteryonline.com\/tr\/wp-json\/wp\/v2\/pages\/37789\/revisions"}],"wp:attachment":[{"href":"https:\/\/jackpotlotteryonline.com\/tr\/wp-json\/wp\/v2\/media?parent=37789"}],"curies":[{"name":"wp","href":"https:\/\/api.w.org\/{rel}","templated":true}]}}