{"id":39258,"date":"2022-11-22T12:19:44","date_gmt":"2022-11-22T12:19:44","guid":{"rendered":"https:\/\/jackpotlotteryonline.com\/?page_id=39258"},"modified":"2023-01-03T08:58:54","modified_gmt":"2023-01-03T08:58:54","slug":"la-primitiva-2","status":"publish","type":"page","link":"https:\/\/jackpotlotteryonline.com\/tr\/nasil-oynanir\/la-primitiva-2\/","title":{"rendered":"La Primitiva online oyna"},"content":{"rendered":"<p>\u0130spanyol piyangosu Avrupa&#8217;n\u0131n en pop\u00fcler piyangolar\u0131ndan biridir ve \u00fclke \u00e7ap\u0131nda loto hayranlar\u0131n\u0131n ilgisini \u00e7ekmektedir. La Primitiva ayn\u0131 zamanda d\u00fcnyan\u0131n en eski piyangolar\u0131ndan biridir. 1763&#8217;te kurulmu\u015ftur ve neredeyse 260 y\u0131ld\u0131r \u00fclkedeki piyango hayranlar\u0131n\u0131 memnun etmektedir. \u015eimdiye kadar, yaln\u0131zca o co\u011frafi b\u00f6lgede ya\u015fayan bahis\u00e7ilerle s\u0131n\u0131rl\u0131yd\u0131, ancak internet sayesinde art\u0131k d\u00fcnyan\u0131n her yerinden bahis\u00e7iler bu piyangoya kat\u0131labiliyor. Loto oyunlar\u0131 b\u00fcy\u00fck \u00f6l\u00e7\u00fcde \u015fansa ba\u011fl\u0131d\u0131r ve bu da bir istisna de\u011fildir. Bu nedenle, her \u00e7ekili\u015fte \u00e7ok say\u0131da kat\u0131l\u0131m olmakta ve bahis\u00e7iler b\u00fcy\u00fck kazanma \u015fans\u0131 yakalamaya \u00e7al\u0131\u015fmaktad\u0131r.<\/p>\n<p>La Primitiva da dahil olmak \u00fczere <a href=\"https:\/\/jackpotlotteryonline.com\/tr\/bilet-satin-al\/la-primitiva\">en iyi uluslararas\u0131 piyangolar i\u00e7in bilet<\/a> almak istiyorsan\u0131z, ba\u015flamak i\u00e7in hemen jackptlotteryonline.com adresini ziyaret edin.<\/p>\n<h2>La Primitiva Nas\u0131l Oynan\u0131r?<\/h2>\n<p><img loading=\"lazy\" decoding=\"async\" class=\"alignright size-medium wp-image-28103\" src=\"http:\/\/jackpotlotteryonline.com\/wp-content\/uploads\/2022\/11\/1_lotto_jackpot_online-257x300.jpg\" alt=\"La Primitiva Oyna\" width=\"257\" height=\"300\" srcset=\"https:\/\/jackpotlotteryonline.com\/wp-content\/uploads\/2022\/11\/1_lotto_jackpot_online-257x300.jpg 257w, https:\/\/jackpotlotteryonline.com\/wp-content\/uploads\/2022\/11\/1_lotto_jackpot_online.jpg 321w\" sizes=\"auto, (max-width: 257px) 100vw, 257px\" \/><\/p>\n<p>\u0130spanyol piyangosunu oynamak ne kadar e\u011flenceli olsa da, piyangoya yeni ba\u015flayanlar i\u00e7in biraz kafa kar\u0131\u015ft\u0131r\u0131c\u0131 olabilir. Baz\u0131 bahis\u00e7ilerin al\u0131\u015f\u0131k olabilece\u011finden biraz daha fazla say\u0131 var gibi g\u00f6r\u00fcn\u00fcyor ve anla\u015f\u0131lmas\u0131 zor olabilecek ba\u015fka kavramlar da var. Ancak, La Primitiva&#8217;y\u0131 nas\u0131l oynayaca\u011f\u0131n\u0131z\u0131 \u00f6\u011frendikten sonra, ger\u00e7ekten basit hale gelir.<\/p>\n<p>Bu piyangoyu oynamakla ilgili anla\u015f\u0131lmas\u0131 gereken ilk \u015fey Reintegro ve Complementario&#8217;dur. Reintegro ve Complementarior, jackpot kazanan\u0131n\u0131 belirlemek i\u00e7in \u00e7ok \u00f6nemlidir. B\u00fcy\u00fck ikramiyeyi kazanmay\u0131 planl\u0131yorsan\u0131z, bunlar\u0131n ne hakk\u0131nda oldu\u011funu ve nas\u0131l \u00e7al\u0131\u015ft\u0131klar\u0131n\u0131 bilmek \u00e7ok \u00f6nemlidir.<\/p>\n<p>Temel olarak, Reintegro (\u0130ngilizce&#8217;de geri \u00f6deme olarak \u00e7evrilir) \u00f6d\u00fcl kazananlar\u0131n se\u00e7iminde kullan\u0131lan bonus say\u0131lar\u0131ndan biridir. Complementario (\u0130ngilizce&#8217;de Tamamlay\u0131c\u0131 olarak \u00e7evrilir) ikinci bonus numaras\u0131d\u0131r.<\/p>\n<p>La Primitiva oynamak i\u00e7in bir oyuncunun 1&#8217;den 49&#8217;a kadar be\u015f ana say\u0131 ve 0&#8217;dan 9&#8217;a kadar Reintegro se\u00e7mesi gerekir. \u00c7ekilen say\u0131larla e\u015fle\u015fen bir bilete sahip olan herkes ikramiyeyi kazan\u0131r.<\/p>\n<h2>Ancak Reintegro&#8217;da daha fazlas\u0131 var<\/h2>\n<p>Reintegro, jackpot kazanan\u0131n\u0131 se\u00e7mek i\u00e7in kullan\u0131l\u0131r. Dolay\u0131s\u0131yla, b\u00fcy\u00fck ikramiyeyi kazanmak i\u00e7in be\u015f ana say\u0131y\u0131 ve Reintegro say\u0131s\u0131n\u0131 e\u015fle\u015ftirmeniz gerekir.<\/p>\n<p>Ayr\u0131ca, Reintegro ba\u015fka bir \u00f6d\u00fcl kategorisini belirlemek i\u00e7in kullan\u0131l\u0131r. Sadece Reintegro numaras\u0131n\u0131 e\u015fle\u015ftiren bahis\u00e7iler biletlerinin bedelini geri kazan\u0131rlar. Bu y\u00fczden buna &#8220;geri \u00f6deme&#8221; denir.<\/p>\n<section class=\"layout\" style=\"border: solid 1px; width: 100%;\">\n<div class=\"img-div\" style=\"margin-top: 5px;\"><img decoding=\"async\" class=\"wp-image-17212 alignleft\" style=\"height: 45px; margin: 8px 8px 0px;\" src=\"http:\/\/jackpotlotteryonline.com\/wp-content\/uploads\/2022\/11\/read1.jpg\" alt=\"okuyun\" width=\"\" height=\"\" \/><\/div>\n<div style=\"padding-left: 5px;\">\n<div style=\"font-size: 1.1em;\">\n<p><strong>Piyango ba\u015far\u0131s\u0131n\u0131n s\u0131rr\u0131 nedir?<\/strong><\/p>\n<p style=\"font-size: 0.85em; margin-top: -1.5em;\">Piyango Nas\u0131l Ba\u015far\u0131yla Oynan\u0131r?\u00a0 <a href=\"https:\/\/jackpotlotteryonline.com\/tr\/piyango-basarisinin-sirri-ne-dir\">daha fazla oku<\/a><\/p>\n<\/div>\n<\/div>\n<\/section>\n<h2>Peki ya Complementario?<\/h2>\n<p>Di\u011fer bonus numaras\u0131 b\u00fcy\u00fck ikramiyeyi kazanmakla ilgili de\u011fildir, ancak 2. B\u00f6l\u00fcm \u00f6d\u00fcl kategorisinin belirlenmesinde kullan\u0131l\u0131r. Yani be\u015f ana say\u0131y\u0131 ve Complementario say\u0131s\u0131n\u0131 e\u015fle\u015ftiren bir bahis\u00e7i bir \u00f6d\u00fcl kazanacakt\u0131r.<\/p>\n<h2>Joker&#8217;in nas\u0131l \u00e7al\u0131\u015ft\u0131\u011f\u0131n\u0131 anlamak<\/h2>\n<p>La Primitiva biletlerini ilk kez sat\u0131n al\u0131yorsan\u0131z, Joker ba\u015fka bir gizemdir \u00e7\u00fcnk\u00fc tamamen farkl\u0131 bir \u00f6d\u00fcl kategorisi yarat\u0131yor gibi g\u00f6r\u00fcnmektedir. Asl\u0131nda, farkl\u0131 bir \u00f6d\u00fcl kategorisi yarat\u0131r.\u00a0 Yine de iste\u011fe ba\u011fl\u0131d\u0131r ve piyango biletinizi sat\u0131n al\u0131rken ek bir \u00fccret kar\u015f\u0131l\u0131\u011f\u0131nda Joker&#8217;i dahil etmeyi se\u00e7ebilirsiniz.<\/p>\n<p>Joker, bir piyangodan \u00e7ok bir \u00e7ekili\u015fe benzer \u00e7\u00fcnk\u00fc bahis\u00e7iler say\u0131lar\u0131n\u0131 se\u00e7emezler. Joker&#8217;i tercih ederseniz biletinize yedi rastgele say\u0131 eklenir. Bu piyango biletinizi ge\u00e7ersiz k\u0131lmaz, sadece bir eklemedir. Joker, bahis\u00e7ilere 1 Milyon Euro&#8217;ya kadar kazanma \u015fans\u0131 verir. Yedi \u00f6d\u00fcl kategorisi vard\u0131r. Onlar\u0131 a\u015fa\u011f\u0131da bulabilirsiniz:<\/p>\n<p>1. \u00d6d\u00fcl &#8211; 1.000.000 \u20ac<\/p>\n<p>2. \u00d6d\u00fcl &#8211; 10.000 \u20ac<\/p>\n<p>3. \u00d6d\u00fcl &#8211; 1,000 \u20ac<\/p>\n<p>4. \u00d6d\u00fcl &#8211; 300 \u20ac<\/p>\n<p>5. \u00d6d\u00fcl &#8211; 50 \u20ac<\/p>\n<p>6. \u00d6d\u00fcl &#8211; 5 \u20ac<\/p>\n<p>7. \u00d6d\u00fcl &#8211; 5 \u20ac<\/p>\n<h2>Joker&#8217;i Kazanmak<\/h2>\n<p>Hem piyangoyu hem de Joker&#8217;i kazan\u0131rsan\u0131z, bahis\u00e7iler tek bir bilet i\u00e7in tek bir \u00e7ekili\u015fte her iki \u00f6d\u00fcl\u00fc de talep edemeyece\u011finden birini se\u00e7meniz gerekecektir. Ancak, daha y\u00fcksek bir \u00f6d\u00fcl \u00f6denecektir.<\/p>\n<h2>\u00c7evrimi\u00e7i piyango oynamak i\u00e7in ad\u0131mlar<\/h2>\n<p><img loading=\"lazy\" decoding=\"async\" class=\"alignright size-medium wp-image-33512\" src=\"http:\/\/jackpotlotteryonline.com\/wp-content\/uploads\/2022\/11\/2_ticket_la_primitiva2-210x300.jpg\" alt=\"La Primitiva online bilet\" width=\"210\" height=\"300\" srcset=\"https:\/\/jackpotlotteryonline.com\/wp-content\/uploads\/2022\/11\/2_ticket_la_primitiva2-210x300.jpg 210w, https:\/\/jackpotlotteryonline.com\/wp-content\/uploads\/2022\/11\/2_ticket_la_primitiva2.jpg 250w\" sizes=\"auto, (max-width: 210px) 100vw, 210px\" \/><\/p>\n<p>\u00c7evrimi\u00e7i piyango bileti almak, \u00e7o\u011funlukla her \u015feyin ne kadar rahat ve kullan\u0131\u015fl\u0131 olmas\u0131 nedeniyle hayat\u0131n basit zevklerinden biridir. Sadece birka\u00e7 kayd\u0131rma veya dokunma ile biletinizi alabilirsiniz. \u0130\u015fte bu sitede bunu yapmak i\u00e7in ad\u0131m ad\u0131m bir k\u0131lavuz.<\/p>\n<p><strong>Ad\u0131m 1:<\/strong> Se\u00e7ti\u011finiz siteyi ziyaret edin ve oynamak istedi\u011finiz piyangoyu aray\u0131n. Piyango hayranlar\u0131na La Primitiva da dahil olmak \u00fczere \u00e7ok \u00e7e\u015fitli uluslararas\u0131 piyangolara eri\u015fim sa\u011fl\u0131yoruz.<\/p>\n<p><strong>Ad\u0131m 2:<\/strong> Be\u015f ana say\u0131y\u0131 ve iki bonus say\u0131y\u0131 se\u00e7in. Hangi say\u0131lar\u0131 kullanmak istedi\u011finizden emin de\u011filseniz, sitedeki rastgele say\u0131 \u00fcretecini kullanabilirsiniz. Ayr\u0131ca, kazanma \u015fans\u0131n\u0131z\u0131 art\u0131rmak i\u00e7in birden fazla say\u0131 sat\u0131r\u0131 se\u00e7ebilirsiniz.<\/p>\n<p><strong>3. Ad\u0131m:<\/strong><a href=\"https:\/\/jackpotlotteryonline.com\/tr\/kazanan-sayilar\/la-primitiva\"> \u00c7ekili\u015fe kat\u0131l\u0131n<\/a>. Tek bir \u00e7ekili\u015fe kat\u0131l\u0131yorsan\u0131z, bunu yaln\u0131zca Pazartesi g\u00fcn\u00fc yapabilece\u011finizi unutmay\u0131n. Di\u011fer \u00e7ekili\u015fler haftal\u0131k \u00e7ekili\u015flerdir ve isterseniz hepsine girebilirsiniz.<\/p>\n<p><strong>4. Ad\u0131m:<\/strong> Kaydolun ve \u00f6deme yap\u0131n. \u00d6deme sayfas\u0131na geldi\u011finizde, kaydolman\u0131z istenecektir. Bu, biletinize hesab\u0131n\u0131zdan kolayca eri\u015febilmeniz ve ayr\u0131ca herhangi bir \u00f6d\u00fcl kazand\u0131\u011f\u0131n\u0131zda sizi uyarabilmemiz i\u00e7indir. Yaln\u0131zca bir kez kaydolman\u0131z gerekecek ve sonraki seferlerde hesab\u0131n\u0131za giri\u015f yapman\u0131z yeterli olacakt\u0131r.<\/p>\n<p>Bilgisayar\u0131n\u0131z\u0131n veya mobil cihaz\u0131n\u0131z\u0131n rahatl\u0131\u011f\u0131nda en iyi uluslararas\u0131 piyangolara eri\u015fmek i\u00e7in gereken tek \u015fey bu!<\/p>\n<h2>La Primitiva \u00e7ekili\u015f sonu\u00e7lar\u0131<\/h2>\n<p>\u00c7ekili\u015f g\u00fcnleri heyecan doludur ve bir\u00e7ok piyango bahis\u00e7isi bu g\u00fcnleri d\u00f6rt g\u00f6zle bekler. Bu, \u00e7ekili\u015fe kat\u0131lanlar\u0131n b\u00fcy\u00fck ikramiyeyi kazan\u0131p kazanmad\u0131klar\u0131n\u0131 \u00f6\u011frenecekleri zamand\u0131r. B\u00fcy\u00fck ikramiyenin yan\u0131 s\u0131ra bahis\u00e7ilerin kazanabilece\u011fi ba\u015fka \u00f6d\u00fcller de vard\u0131r ve bunlar\u0131n hepsi \u00e7ekili\u015f g\u00fcn\u00fcnde a\u00e7\u0131klan\u0131r.<\/p>\n<p>\u0130spanyol piyangosu Pazartesi, Per\u015fembe ve Cumartesi g\u00fcnleri olmak \u00fczere \u00fc\u00e7 haftal\u0131k \u00e7ekili\u015f d\u00fczenlemektedir. Bu da bahis\u00e7ilerin her hafta piyangoyu kazanmak i\u00e7in \u00fc\u00e7 \u015fans\u0131 oldu\u011fu anlam\u0131na gelir. La Primitive&#8217;i internet \u00fczerinden oynarsan\u0131z, bir sonraki \u00e7ekili\u015fe kat\u0131labilir veya her \u00e7ekili\u015fe otomatik olarak kat\u0131labilirsiniz. Ne kadar \u00e7ok \u00e7ekili\u015fe kat\u0131l\u0131rsan\u0131z, piyangoyu kazanma \u015fans\u0131n\u0131z\u0131n o kadar y\u00fcksek olaca\u011f\u0131n\u0131 unutmay\u0131n.<\/p>\n<p>\u00c7ekili\u015fler a\u00e7\u0131kland\u0131\u011f\u0131nda, bahis\u00e7iler \u00e7ekili\u015f sonu\u00e7lar\u0131n\u0131 canl\u0131 olarak dinleyebilirler. Ancak, bunu yapmak i\u00e7in zaman\u0131n\u0131z yoksa, \u00e7ekili\u015f sonu\u00e7lar\u0131n\u0131 almak i\u00e7in buraya geri d\u00f6nebilirsiniz. Sadece \u00e7ekilen t\u00fcm say\u0131larla e\u015fle\u015fen say\u0131lar\u0131 yay\u0131nlam\u0131yoruz, ayn\u0131 zamanda di\u011fer kademeler i\u00e7in sonu\u00e7lar\u0131 da yay\u0131nl\u0131yoruz.<\/p>\n<h2>La Primitiva \u00f6d\u00fclleri hakk\u0131nda: ne kazanabilirsiniz?<\/h2>\n<p>La Primitiva&#8217;da birincilik \u00f6d\u00fcl\u00fcn\u00fcn yan\u0131 s\u0131ra 5 \u00f6d\u00fcl kademesi daha vard\u0131r. B\u00fcy\u00fck ikramiyeyi de dahil ederseniz, bu toplamda 6 kademe yapar. Sadece Reintegro numaras\u0131n\u0131 e\u015fle\u015ftirmek i\u00e7in bile bir \u00f6d\u00fcl var. Bu \u00f6d\u00fcller milyonlarca olmayabilir, ancak birka\u00e7 bin avroya geliyorlar. Yani, kesinlikle kontrol etmeye de\u011fer.<\/p>\n<p>Di\u011fer kademeler i\u00e7in belirli bir \u00f6d\u00fcl olmad\u0131\u011f\u0131n\u0131 anlamak \u00f6nemlidir, \u00e7\u00fcnk\u00fc bu \u00e7ekili\u015f i\u00e7in bahis\u00e7i say\u0131s\u0131na ba\u011fl\u0131d\u0131r. B\u00fcy\u00fck ikramiye, garanti edilen tek \u00f6d\u00fcl seviyesidir. Jackpot miktar\u0131n\u0131n %40&#8217;\u0131 di\u011fer \u00f6d\u00fcl kademeleri i\u00e7in ayr\u0131l\u0131r ve bu kategorilerdeki kazananlara da\u011f\u0131t\u0131l\u0131r.<\/p>\n<p>Ancak, potansiyel kazanc\u0131 \u00f6nemli \u00f6l\u00e7\u00fcde art\u0131ran Joker oynamay\u0131 da se\u00e7ebilirsiniz. Joker&#8217;de ana \u00f6d\u00fcl kategorilerinden ayr\u0131 olarak La Primitiva bahis\u00e7ilerine daha fazla kazanma \u015fans\u0131 veren yedi \u00f6d\u00fcl kategorisi daha vard\u0131r.<\/p>\n<h2>\u00d6d\u00fcl Kademeleri<\/h2>\n<p>Jackpot &#8211; 6 ana say\u0131y\u0131 e\u015fle\u015ftir + Reintegro<\/p>\n<p>B\u00f6l\u00fcm 1 &#8211; Ma\u00e7 6 ana numaralar\u0131<\/p>\n<p>B\u00f6l\u00fcm 2 &#8211; 5 ana numara + Tamamlay\u0131c\u0131 numaray\u0131 e\u015fle\u015ftirin<\/p>\n<p>B\u00f6l\u00fcm 3 &#8211; Ma\u00e7 5 ana numaralar\u0131<\/p>\n<p>B\u00f6l\u00fcm 4 &#8211; Ma\u00e7 4 ana numaralar\u0131<\/p>\n<p>B\u00f6l\u00fcm 5 &#8211; 3 ana numaray\u0131 e\u015fle\u015ftirin<\/p>\n<p>Reintegro &#8211; Yaln\u0131zca Reintegro numaras\u0131n\u0131 e\u015fle\u015ftirin<\/p>\n<h2>Kazanc\u0131n\u0131z\u0131 nas\u0131l \u00e7ekebilirsiniz?<\/h2>\n<p>Bahis\u00e7iler genellikle internet \u00fczerinden oynad\u0131klar\u0131nda kazan\u00e7lar\u0131na nas\u0131l eri\u015febileceklerini merak ederler. Bunun cevab\u0131 ger\u00e7ekten de kulland\u0131\u011f\u0131n\u0131z piyango sitesine ba\u011fl\u0131d\u0131r. Baz\u0131 piyango siteleri kazananlara \u00f6deme yapma konusunda \u00e7ok iyi de\u011fildir, ancak bunun kuraldan ziyade istisna oldu\u011funu g\u00f6receksiniz. Yine de, g\u00fcvende kalmak ve g\u00fcvenilir bir piyango sat\u0131c\u0131s\u0131yla \u00e7al\u0131\u015fmak her zaman iyi bir fikirdir.<\/p>\n<p>Bizimle piyango oynarsan\u0131z, kazanc\u0131n\u0131z\u0131 kolayca \u00e7ekebilirsiniz. Sistemimizi maksimum kullan\u0131m kolayl\u0131\u011f\u0131 ve s\u0131f\u0131r stres sunacak \u015fekilde tasarlad\u0131k. Birden fazla para \u00e7ekme se\u00e7ene\u011fi ile kazanc\u0131n\u0131z\u0131 alman\u0131z i\u00e7in g\u00fcvenli bir y\u00f6ntem sunuyoruz.<\/p>\n<p>Kazanc\u0131n\u0131z belirli bir miktar\u0131n \u00fczerindeyse (b\u00fcy\u00fck ikramiyeyi kazanman\u0131z gibi), kendinizi piyango \u015firketine tan\u0131tman\u0131z gerekecektir. Ancak endi\u015felenmeyin, doldurman\u0131z i\u00e7in bir form sa\u011flayaca\u011f\u0131z ve bunu yapt\u0131ktan sonra taleplerinizi sizin i\u00e7in i\u015fleme koyaca\u011f\u0131z.<\/p>\n<h2>B\u00fcy\u00fck kazanma \u015fans\u0131 i\u00e7in bizimle oynay\u0131n<\/h2>\n<p>Biletlerinizi nereden sat\u0131n ald\u0131\u011f\u0131n\u0131z \u00e7ok \u00f6nemlidir ve sitemizde, d\u00fcnyan\u0131n her yerindeki bahis\u00e7iler i\u00e7in g\u00fcvenli bir yer olu\u015fturmak i\u00e7in elimizden gelenin en iyisini yapt\u0131k. \u00c7ok \u00e7e\u015fitli uluslararas\u0131 piyangolarla, La Primitiva da dahil olmak \u00fczere herhangi bir oyundan se\u00e7im yapabilirsiniz. Jackpot \u00f6d\u00fclleri b\u00fcy\u00fckt\u00fcr, ancak \u00e7o\u011fu piyango oyununun \u00e7ok c\u00f6mert miktarlara sahip birka\u00e7 \u00f6d\u00fcl seviyesi oldu\u011funu unutmay\u0131n.<\/p>\n<p>La Primitiva ile b\u00fcy\u00fck kazanma \u015fans\u0131na haz\u0131rsan\u0131z, \u015fimdi bizi ziyaret edin ve biletlerinizi al\u0131n. Haftal\u0131k \u00fc\u00e7 \u00e7ekili\u015fle, \u0130spanyol piyangosu bahis\u00e7ilere her hafta b\u00fcy\u00fck ikramiyeyi kazanmak i\u00e7in birka\u00e7 \u015fans verir. Jackpotlotteryonline.com&#8217;da her zaman girebilece\u011finiz bir \u00e7ekili\u015f vard\u0131r ve bug\u00fcn\u00fcn b\u00fcy\u00fck kazanaca\u011f\u0131n\u0131z g\u00fcn olup olmad\u0131\u011f\u0131n\u0131 asla bilemezsiniz.<\/p>\n","protected":false},"excerpt":{"rendered":"<p>\u0130spanyol piyangosu Avrupa&#8217;n\u0131n en pop\u00fcler piyangolar\u0131ndan biridir ve \u00fclke \u00e7ap\u0131nda loto hayranlar\u0131n\u0131n ilgisini \u00e7ekmektedir. La Primitiva ayn\u0131 zamanda d\u00fcnyan\u0131n en eski piyangolar\u0131ndan biridir. 1763&#8217;te kurulmu\u015ftur ve neredeyse 260 y\u0131ld\u0131r \u00fclkedeki piyango hayranlar\u0131n\u0131 memnun etmektedir. \u015eimdiye kadar, yaln\u0131zca o co\u011frafi b\u00f6lgede ya\u015fayan bahis\u00e7ilerle s\u0131n\u0131rl\u0131yd\u0131, ancak internet sayesinde art\u0131k d\u00fcnyan\u0131n her yerinden bahis\u00e7iler bu piyangoya kat\u0131labiliyor. Loto [&hellip;]<\/p>\n","protected":false},"author":1,"featured_media":0,"parent":35727,"menu_order":7,"comment_status":"closed","ping_status":"closed","template":"la-primitiva.php","meta":{"_et_pb_use_builder":"","_et_pb_old_content":"","_et_gb_content_width":"","exclude_from_search":false,"footnotes":""},"class_list":["post-39258","page","type-page","status-publish","hentry"],"yoast_head":"<!-- This site is optimized with the Yoast SEO plugin v23.3 - https:\/\/yoast.com\/wordpress\/plugins\/seo\/ -->\n<title>Herhangi bir \u00fclkeden \u0130spanyolca La Primitiva \u00e7evrimi\u00e7i piyangosunu oynay\u0131n<\/title>\n<meta name=\"description\" content=\"La Primitiva nas\u0131l oynan\u0131r ve d\u00fcnyan\u0131n herhangi bir yerinden nas\u0131l b\u00fcy\u00fck kazan\u0131l\u0131r. \u00c7evrimi\u00e7i piyango oynaman\u0131n ad\u0131mlar\u0131n\u0131 ve kazan\u0131lacak \u00f6d\u00fclleri \u00f6\u011frenin.\" \/>\n<meta name=\"robots\" content=\"index, follow, max-snippet:-1, max-image-preview:large, max-video-preview:-1\" \/>\n<link rel=\"canonical\" href=\"https:\/\/jackpotlotteryonline.com\/tr\/nasil-oynanir\/la-primitiva-2\/\" \/>\n<meta property=\"og:locale\" content=\"tr_TR\" \/>\n<meta property=\"og:type\" content=\"article\" \/>\n<meta property=\"og:title\" content=\"Herhangi bir \u00fclkeden \u0130spanyolca La Primitiva \u00e7evrimi\u00e7i piyangosunu oynay\u0131n\" \/>\n<meta property=\"og:description\" content=\"La Primitiva nas\u0131l oynan\u0131r ve d\u00fcnyan\u0131n herhangi bir yerinden nas\u0131l b\u00fcy\u00fck kazan\u0131l\u0131r. \u00c7evrimi\u00e7i piyango oynaman\u0131n ad\u0131mlar\u0131n\u0131 ve kazan\u0131lacak \u00f6d\u00fclleri \u00f6\u011frenin.\" \/>\n<meta property=\"og:url\" content=\"https:\/\/jackpotlotteryonline.com\/tr\/nasil-oynanir\/la-primitiva-2\/\" \/>\n<meta property=\"og:site_name\" content=\"Lotto Online - Crack The International Lottery Jackpots\" \/>\n<meta property=\"article:modified_time\" content=\"2023-01-03T08:58:54+00:00\" \/>\n<meta property=\"og:image\" content=\"http:\/\/jackpotlotteryonline.com\/wp-content\/uploads\/2022\/11\/1_lotto_jackpot_online-257x300.jpg\" \/>\n<meta name=\"twitter:card\" content=\"summary_large_image\" \/>\n<meta name=\"twitter:label1\" content=\"Tahmini okuma s\u00fcresi\" \/>\n\t<meta name=\"twitter:data1\" content=\"6 dakika\" \/>\n<!-- \/ Yoast SEO plugin. -->","yoast_head_json":{"title":"Herhangi bir \u00fclkeden \u0130spanyolca La Primitiva \u00e7evrimi\u00e7i piyangosunu oynay\u0131n","description":"La Primitiva nas\u0131l oynan\u0131r ve d\u00fcnyan\u0131n herhangi bir yerinden nas\u0131l b\u00fcy\u00fck kazan\u0131l\u0131r. \u00c7evrimi\u00e7i piyango oynaman\u0131n ad\u0131mlar\u0131n\u0131 ve kazan\u0131lacak \u00f6d\u00fclleri \u00f6\u011frenin.","robots":{"index":"index","follow":"follow","max-snippet":"max-snippet:-1","max-image-preview":"max-image-preview:large","max-video-preview":"max-video-preview:-1"},"canonical":"https:\/\/jackpotlotteryonline.com\/tr\/nasil-oynanir\/la-primitiva-2\/","og_locale":"tr_TR","og_type":"article","og_title":"Herhangi bir \u00fclkeden \u0130spanyolca La Primitiva \u00e7evrimi\u00e7i piyangosunu oynay\u0131n","og_description":"La Primitiva nas\u0131l oynan\u0131r ve d\u00fcnyan\u0131n herhangi bir yerinden nas\u0131l b\u00fcy\u00fck kazan\u0131l\u0131r. \u00c7evrimi\u00e7i piyango oynaman\u0131n ad\u0131mlar\u0131n\u0131 ve kazan\u0131lacak \u00f6d\u00fclleri \u00f6\u011frenin.","og_url":"https:\/\/jackpotlotteryonline.com\/tr\/nasil-oynanir\/la-primitiva-2\/","og_site_name":"Lotto Online - Crack The International Lottery Jackpots","article_modified_time":"2023-01-03T08:58:54+00:00","og_image":[{"url":"http:\/\/jackpotlotteryonline.com\/wp-content\/uploads\/2022\/11\/1_lotto_jackpot_online-257x300.jpg"}],"twitter_card":"summary_large_image","twitter_misc":{"Tahmini okuma s\u00fcresi":"6 dakika"},"schema":{"@context":"https:\/\/schema.org","@graph":[{"@type":"WebPage","@id":"https:\/\/jackpotlotteryonline.com\/tr\/nasil-oynanir\/la-primitiva-2\/","url":"https:\/\/jackpotlotteryonline.com\/tr\/nasil-oynanir\/la-primitiva-2\/","name":"Herhangi bir \u00fclkeden \u0130spanyolca La Primitiva \u00e7evrimi\u00e7i piyangosunu oynay\u0131n","isPartOf":{"@id":"https:\/\/jackpotlotteryonline.com\/#website"},"primaryImageOfPage":{"@id":"https:\/\/jackpotlotteryonline.com\/tr\/nasil-oynanir\/la-primitiva-2\/#primaryimage"},"image":{"@id":"https:\/\/jackpotlotteryonline.com\/tr\/nasil-oynanir\/la-primitiva-2\/#primaryimage"},"thumbnailUrl":"http:\/\/jackpotlotteryonline.com\/wp-content\/uploads\/2022\/11\/1_lotto_jackpot_online-257x300.jpg","datePublished":"2022-11-22T12:19:44+00:00","dateModified":"2023-01-03T08:58:54+00:00","description":"La Primitiva nas\u0131l oynan\u0131r ve d\u00fcnyan\u0131n herhangi bir yerinden nas\u0131l b\u00fcy\u00fck kazan\u0131l\u0131r. \u00c7evrimi\u00e7i piyango oynaman\u0131n ad\u0131mlar\u0131n\u0131 ve kazan\u0131lacak \u00f6d\u00fclleri \u00f6\u011frenin.","breadcrumb":{"@id":"https:\/\/jackpotlotteryonline.com\/tr\/nasil-oynanir\/la-primitiva-2\/#breadcrumb"},"inLanguage":"tr","potentialAction":[{"@type":"ReadAction","target":["https:\/\/jackpotlotteryonline.com\/tr\/nasil-oynanir\/la-primitiva-2\/"]}]},{"@type":"ImageObject","inLanguage":"tr","@id":"https:\/\/jackpotlotteryonline.com\/tr\/nasil-oynanir\/la-primitiva-2\/#primaryimage","url":"http:\/\/jackpotlotteryonline.com\/wp-content\/uploads\/2022\/11\/1_lotto_jackpot_online-257x300.jpg","contentUrl":"http:\/\/jackpotlotteryonline.com\/wp-content\/uploads\/2022\/11\/1_lotto_jackpot_online-257x300.jpg"},{"@type":"BreadcrumbList","@id":"https:\/\/jackpotlotteryonline.com\/tr\/nasil-oynanir\/la-primitiva-2\/#breadcrumb","itemListElement":[{"@type":"ListItem","position":1,"name":"Home","item":"https:\/\/jackpotlotteryonline.com\/tr\/"},{"@type":"ListItem","position":2,"name":"Nas\u0131l oynan\u0131r","item":"https:\/\/jackpotlotteryonline.com\/tr\/nasil-oynanir\/"},{"@type":"ListItem","position":3,"name":"La Primitiva online oyna"}]},{"@type":"WebSite","@id":"https:\/\/jackpotlotteryonline.com\/#website","url":"https:\/\/jackpotlotteryonline.com\/","name":"Lotto Online - Crack The International Lottery Jackpots","description":"","potentialAction":[{"@type":"SearchAction","target":{"@type":"EntryPoint","urlTemplate":"https:\/\/jackpotlotteryonline.com\/?s={search_term_string}"},"query-input":"required name=search_term_string"}],"inLanguage":"tr"}]}},"_links":{"self":[{"href":"https:\/\/jackpotlotteryonline.com\/tr\/wp-json\/wp\/v2\/pages\/39258","targetHints":{"allow":["GET"]}}],"collection":[{"href":"https:\/\/jackpotlotteryonline.com\/tr\/wp-json\/wp\/v2\/pages"}],"about":[{"href":"https:\/\/jackpotlotteryonline.com\/tr\/wp-json\/wp\/v2\/types\/page"}],"author":[{"embeddable":true,"href":"https:\/\/jackpotlotteryonline.com\/tr\/wp-json\/wp\/v2\/users\/1"}],"replies":[{"embeddable":true,"href":"https:\/\/jackpotlotteryonline.com\/tr\/wp-json\/wp\/v2\/comments?post=39258"}],"version-history":[{"count":0,"href":"https:\/\/jackpotlotteryonline.com\/tr\/wp-json\/wp\/v2\/pages\/39258\/revisions"}],"up":[{"embeddable":true,"href":"https:\/\/jackpotlotteryonline.com\/tr\/wp-json\/wp\/v2\/pages\/35727"}],"wp:attachment":[{"href":"https:\/\/jackpotlotteryonline.com\/tr\/wp-json\/wp\/v2\/media?parent=39258"}],"curies":[{"name":"wp","href":"https:\/\/api.w.org\/{rel}","templated":true}]}}