{"id":39339,"date":"2022-11-23T11:37:17","date_gmt":"2022-11-23T11:37:17","guid":{"rendered":"https:\/\/jackpotlotteryonline.com\/?page_id=39339"},"modified":"2024-07-07T10:04:41","modified_gmt":"2024-07-07T10:04:41","slug":"lotto-america","status":"publish","type":"page","link":"https:\/\/jackpotlotteryonline.com\/tr\/nasil-oynanir\/lotto-america\/","title":{"rendered":"Lotto America&#8217;y\u0131 \u00e7evrimi\u00e7i oynay\u0131n"},"content":{"rendered":"<p>D\u00fcnyan\u0131n herhangi bir yerinden Lotto America&#8217;ya nas\u0131l bahis oynayaca\u011f\u0131n\u0131z\u0131 \u00f6\u011frenmek ister misiniz? ABD, Lotto America gibi d\u00fcnyan\u0131n en b\u00fcy\u00fck piyangolar\u0131ndan baz\u0131lar\u0131na sahiptir. \u0130lgin\u00e7 bir \u015fekilde, bu ayn\u0131 zamanda \u00e7ok daha b\u00fcy\u00fck kuzenleri Powerball ve Mega Millions lehine genellikle g\u00f6z ard\u0131 edilen bir loto. Bununla birlikte, ikramiyenin ne kadar inan\u0131lmaz oldu\u011funu bilen baz\u0131 deneyimli bahis\u00e7iler vard\u0131r, ayr\u0131ca ikramiyeyi kazanma olas\u0131l\u0131\u011f\u0131 \u00f6rne\u011fin US Powerball&#8217;dan \u00e7ok daha d\u00fc\u015f\u00fckt\u00fcr. Dolay\u0131s\u0131yla, size di\u011fer piyangolardan daha y\u00fcksek ikramiye kazanma \u015fans\u0131 veren bir ABD lotosu ar\u0131yorsan\u0131z, Lotto America&#8217;ya g\u00f6z atmal\u0131s\u0131n\u0131z.<\/p>\n<p>Lotto America&#8217;n\u0131n ABD merkezli bir loto oldu\u011fu ve bu nedenle biletlerin ABD&#8217;de sat\u0131ld\u0131\u011f\u0131 do\u011frudur. Ancak, bahis\u00e7iler jackpotlotteryonline.com gibi bir siteyi kullanarak bu piyango i\u00e7in biletlerini sat\u0131n alabilirler. Bununla ilgili baz\u0131 ayr\u0131nt\u0131lar\u0131 payla\u015faca\u011f\u0131z ve ayr\u0131ca Lotto America hakk\u0131nda s\u0131k\u00e7a sorulan sorular\u0131 yan\u0131tlamak i\u00e7in elimizden gelenin en iyisini yapaca\u011f\u0131z.<\/p>\n<p>Lotto America hakk\u0131nda bilgi edinmek ve bilet sat\u0131n alma ve kazan\u00e7lar\u0131n\u0131z\u0131 toplama s\u00fcrecinde yolunuzu nas\u0131l bulaca\u011f\u0131n\u0131z\u0131 \u00f6\u011frenmek i\u00e7in okumaya devam edin.<\/p>\n<section class=\"layout\" style=\"border: solid 1px; width: 100%;\">\n<div class=\"img-div\" style=\"margin-top: 5px;\"><img decoding=\"async\" class=\"wp-image-17212 alignleft\" style=\"height: 45px; margin: 8px 8px 0px;\" src=\"http:\/\/jackpotlotteryonline.com\/wp-content\/uploads\/2022\/11\/read1.jpg\" alt=\"Okuyun \" width=\"\" height=\"\" \/><\/div>\n<div style=\"padding-left: 5px;\">\n<div style=\"font-size: 1.1em;\">\n<p><strong>Kazanan loto numaralar\u0131n\u0131 manuel olarak veya bir RNG kullanarak se\u00e7in<\/strong><\/p>\n<p style=\"font-size: 0.85em; margin-top: -1.5em;\">Kazanan loto numaralar\u0131 nas\u0131l olu\u015fturulur?\u00a0 <a href=\"https:\/\/jackpotlotteryonline.com\/tr\/kazanan-loto-numaralari-nasil-olusturulur\">daha fazla oku<\/a><\/p>\n<\/div>\n<\/div>\n<\/section>\n<h2>Lotto America hakk\u0131nda biraz bilgi<\/h2>\n<p><img loading=\"lazy\" decoding=\"async\" class=\"alignright size-full wp-image-29534\" src=\"http:\/\/jackpotlotteryonline.com\/wp-content\/uploads\/2022\/11\/1_results_lottery_online5.jpg\" alt=\"Amerika \u00e7evrimi\u00e7i loto oyna\" width=\"300\" height=\"200\" \/><\/p>\n<p>D\u00fcnyadaki di\u011fer piyangolarla kar\u015f\u0131la\u015ft\u0131r\u0131ld\u0131\u011f\u0131nda, Lotto America nispeten yenidir. Lotto America 2017 y\u0131l\u0131nda kuruldu ve sadece 5 y\u0131ld\u0131r faaliyet g\u00f6steriyor ve bir\u00e7ok skandalla dolu olan Hot Lotto&#8217;nun yerine kuruldu. Sizi ayr\u0131nt\u0131larla s\u0131kmayaca\u011f\u0131z, 5 y\u0131ll\u0131k faaliyeti boyunca Lotto America&#8217;n\u0131n skandals\u0131z oldu\u011funu bilmek yeterli.<\/p>\n<p>Lotto America \u00e7ok eyaletli bir piyangodur, yani Amerika&#8217;n\u0131n \u00e7e\u015fitli eyaletleri taraf\u0131ndan sunulmaktad\u0131r. Bu eyaletlerin sakinleri, eyaletteki herhangi bir piyango bayisine girerek Lotto America i\u00e7in kolayca bilet sat\u0131n alabilirler. Ancak, ABD d\u0131\u015f\u0131nda ya\u015f\u0131yorsan\u0131z ne olur?<\/p>\n<p>ABD d\u0131\u015f\u0131nda ya\u015fayan ve Lotto America&#8217;ya kat\u0131lmak isteyen bahis\u00e7iler i\u00e7in basit bir \u00e7\u00f6z\u00fcm var. \u0130nternet, d\u00fcnyan\u0131n d\u00f6rt bir yan\u0131ndaki oyuncular\u0131n bahislerini \u00e7evrimi\u00e7i bir piyango sat\u0131c\u0131s\u0131 arac\u0131l\u0131\u011f\u0131yla oynayarak en iyi uluslararas\u0131 piyangolara kat\u0131lmalar\u0131n\u0131 m\u00fcmk\u00fcn k\u0131lm\u0131\u015ft\u0131r. A\u015fa\u011f\u0131da, Lotto America&#8217;n\u0131n \u00e7evrimi\u00e7i olarak nas\u0131l oynanaca\u011f\u0131na dair ipu\u00e7lar\u0131n\u0131 payla\u015faca\u011f\u0131z.<\/p>\n<h2>Lotto America&#8217;y\u0131 \u00e7evrimi\u00e7i oynamak<\/h2>\n<p>Lotto America&#8217;y\u0131 \u00e7evrimi\u00e7i oynaman\u0131n ilk ad\u0131m\u0131, <a href=\"https:\/\/jackpotlotteryonline.com\/tr\/bilet-satin-al\/lotto-america\">biletleri sat\u0131n alman\u0131za<\/a> izin verecek bir web sitesi belirlemektir. Bu biraz a\u00e7\u0131k gibi g\u00f6r\u00fcn\u00fcyor, ancak bir dakika i\u00e7inde g\u00f6r\u00fcnd\u00fc\u011f\u00fc kadar basit olmad\u0131\u011f\u0131n\u0131 g\u00f6receksiniz.<\/p>\n<p>Ger\u00e7ek \u015fu ki, oyunculara Lotto America&#8217;ya girme f\u0131rsat\u0131 sundu\u011funu iddia eden birka\u00e7 site var. Ancak yaln\u0131zca loto sonucuna bahis yapma f\u0131rsat\u0131 sunuyorlar. Bu siteden bilet sat\u0131n al\u0131rsan\u0131z, asl\u0131nda Lotto America&#8217;ya girmemi\u015f olursunuz ve \u00e7ekilen t\u00fcm say\u0131lar\u0131 e\u015fle\u015ftirseniz bile, ikramiyeyi kazanamazs\u0131n\u0131z. Bu y\u00fczden kullanaca\u011f\u0131n\u0131z siteyi se\u00e7mek \u00e7ok \u00f6nemlidir.<\/p>\n<p><strong>Bir siteye karar verdikten sonra, a\u015fa\u011f\u0131daki ad\u0131mlar\u0131 izleyin:<\/strong><\/p>\n<ol>\n<li>Kullanmak istedi\u011finiz siteyi ziyaret edin ve Lotto America&#8217;ya t\u0131klay\u0131n<\/li>\n<li>1 ila 52 aral\u0131\u011f\u0131ndan 5 say\u0131 se\u00e7in (hangi say\u0131lar\u0131 kullanaca\u011f\u0131n\u0131zdan emin de\u011filseniz, otomatik say\u0131 \u00fcretecini deneyin)<\/li>\n<li>Ard\u0131ndan, 1&#8217;den 10&#8217;a kadar bir bonus say\u0131 (Y\u0131ld\u0131z Topu) se\u00e7in<\/li>\n<li>Daha y\u00fcksek kazanma \u015fans\u0131 i\u00e7in ek say\u0131 sat\u0131rlar\u0131 sat\u0131n al\u0131n<\/li>\n<li><a href=\"https:\/\/jackpotlotteryonline.com\/tr\/kazanan-sayilar\/lotto-america\">\u00c7ekili\u015flere kat\u0131l\u0131n<\/a> (birden fazla \u00e7ekili\u015fe kat\u0131labilirsiniz)<\/li>\n<li>Kay\u0131t olun ve giri\u015fleriniz i\u00e7in \u00f6deme yap\u0131n.<\/li>\n<\/ol>\n<h2>Abonelik hizmeti ne hakk\u0131nda?<\/h2>\n<p>Bizimki gibi bir site kullan\u0131yorsan\u0131z, sorunsuz ve stressiz bahis oynaman\u0131z\u0131 sa\u011flamak i\u00e7in abonelik hizmeti dedi\u011fimiz bir hizmet vard\u0131r. Tek seferlik bir oyuncu olmak (tercih etti\u011finiz buysa) tamamen uygun olsa da, \u00e7o\u011fu bahis\u00e7i s\u0131k s\u0131k oynar. Lotto America&#8217;y\u0131 kazanman\u0131n en iyi yolu d\u00fczenli olarak bahis oynamakt\u0131r ve bu hizmet de bununla ilgilidir.<\/p>\n<p>Gelecek \u00e7ekili\u015fler i\u00e7in otomatik olarak girilecek \u015fekilde ayarlayabilirsiniz. Lotto America&#8217;n\u0131n her hafta 3 \u00e7ekili\u015f g\u00fcn\u00fc vard\u0131r: Pazartesi, \u00c7ar\u015famba ve Cumartesi g\u00fcnleri. D\u00fcr\u00fcst olal\u0131m, her \u00e7ekili\u015f i\u00e7in bilet almay\u0131 hat\u0131rlamaya \u00e7al\u0131\u015fmak biraz yorucu olabilir, ama biz de bu y\u00fczden buraday\u0131z.<\/p>\n<p>Abonelik hizmetini kurduktan sonra rahatlayabilir ve Lotto America i\u00e7in hi\u00e7bir \u00e7ekili\u015fi ka\u00e7\u0131rmak zorunda kalmayaca\u011f\u0131n\u0131z\u0131 bilirsiniz.<\/p>\n<h2>Konsiyerj hizmetlerimiz hakk\u0131nda<\/h2>\n<p>Lotto America oynamak i\u00e7in internetteki herhangi bir siteyi kullanman\u0131n tehlikelerinden bahsetmi\u015ftik. Peki sitemizde oynarken Lotto America&#8217;ya girdi\u011finizi nas\u0131l anlars\u0131n\u0131z? \u00c7ok basit. Biletinizi piyangonun oynand\u0131\u011f\u0131 \u00fclkede sat\u0131n alman\u0131za yard\u0131mc\u0131 olan bir hizmet sunuyoruz. Ayr\u0131ca kazand\u0131\u011f\u0131n\u0131zda hak taleplerinizi de kolayla\u015ft\u0131r\u0131yoruz. Temel olarak, bizi piyango oyuncular\u0131 i\u00e7in bir konsiyerj hizmeti olarak d\u00fc\u015f\u00fcnebilirsiniz.<\/p>\n<p>Sitemizde Lotto America oynad\u0131\u011f\u0131n\u0131zda \u015f\u00f6yle bir \u015fey olur. Numaralar\u0131n\u0131z\u0131 se\u00e7ip \u00f6deme yapt\u0131ktan sonra, ABD&#8217;deki temsilcimiz numaralar\u0131n\u0131z\u0131 kullanarak fiziksel bir bilet sat\u0131n alacakt\u0131r. Bu elbette se\u00e7ti\u011finiz \u00e7ekili\u015f i\u00e7in olacakt\u0131r. Bu bilet daha sonra taran\u0131r ve hesab\u0131n\u0131za y\u00fcklenir.<\/p>\n<p>Bu, d\u00fcnyan\u0131n herhangi bir yerinden Lotto America oynaman\u0131n tamamen yasal bir yoludur. Ayr\u0131ca, se\u00e7ti\u011finiz piyangoya ger\u00e7ekten kat\u0131lm\u0131\u015f olman\u0131z\u0131 sa\u011flar.<\/p>\n<h2>\u00c7izimlerin kontrol edilmesi<\/h2>\n<p><img loading=\"lazy\" decoding=\"async\" class=\"alignright size-full wp-image-30506\" src=\"http:\/\/jackpotlotteryonline.com\/wp-content\/uploads\/2022\/11\/3_screen_buy_lotto_tickets_online.jpg\" alt=\"Lotto Amerika \u00e7ekili\u015fleri\" width=\"300\" height=\"217\" \/><\/p>\n<p>Lotto America&#8217;n\u0131n Pazartesi, \u00c7ar\u015famba ve Cumartesi olmak \u00fczere haftada \u00fc\u00e7 \u00e7ekili\u015f g\u00fcn\u00fc vard\u0131r. \u00c7ekili\u015fler s\u0131ras\u0131nda kazanan bilet a\u00e7\u0131klan\u0131r. B\u00fcy\u00fck ikramiyeyi kazanmak i\u00e7in biletinizin \u00e7ekilen alt\u0131 say\u0131yla e\u015fle\u015fmesi gerekir. Lotto America jackpot \u00f6d\u00fclleri 2 milyon dolardan ba\u015flar ve bir \u00e7ekili\u015ften sonra kazanan olmazsa devredebilir.<\/p>\n<p>Her \u00e7ekili\u015ften sonra devretti\u011fi i\u00e7in (kazanan yoksa), 18 milyon dolara kadar y\u00fckselebilir. Kazanmak i\u00e7in iyi bir miktar, de\u011fil mi?<\/p>\n<p>Her \u00e7ekili\u015ften sonra, bir \u00f6d\u00fcl kazan\u0131p kazanmad\u0131\u011f\u0131n\u0131z\u0131 \u00f6\u011frenmek i\u00e7in sitemizi tekrar kontrol edebilirsiniz. Lotto America&#8217;n\u0131n 9 farkl\u0131 \u00f6d\u00fcl kategorisi vard\u0131r ve herhangi bir \u00f6d\u00fcl kazan\u0131rsan\u0131z, size sizi uyaran bir e-posta g\u00f6nderece\u011fiz.<\/p>\n<h2>Kazan\u00e7lar\u0131n\u0131z\u0131 nas\u0131l talep edebilirsiniz?<\/h2>\n<p>Bahis\u00e7ilerden s\u0131k\u00e7a duydu\u011fumuz bir soru, Lotto America&#8217;ya \u00e7evrimi\u00e7i olarak girdiklerinde kazan\u00e7lar\u0131na nas\u0131l eri\u015febilecekleridir. Sitemiz \u00fczerinden Lotto America bileti sat\u0131n al\u0131rsan\u0131z, kazan\u00e7lar\u0131n\u0131z\u0131 talep etmeniz i\u00e7in basit ve sorunsuz bir y\u00f6ntem sunuyoruz. 2500 \u20ac tutar\u0131ndaki kazan\u00e7lar hesab\u0131n\u0131za yat\u0131r\u0131l\u0131r ve daha sonra hi\u00e7bir ek \u00fccret \u00f6demeden \u00e7ekebilirsiniz.<\/p>\n<p>Daha \u00f6nemli bir mebla\u011f kazan\u0131rsan\u0131z, prosed\u00fcr biraz farkl\u0131d\u0131r. Doldurman\u0131z i\u00e7in size bir talep formu verece\u011fiz ve bunu yapt\u0131ktan sonra talebinizi sizin i\u00e7in i\u015fleme koyaca\u011f\u0131z. Bunun nedeni, kendinizi tan\u0131tman\u0131z gerekecek olmas\u0131d\u0131r. Ayr\u0131ca, baz\u0131 piyango \u015firketleri daha b\u00fcy\u00fck mebla\u011flar\u0131 tahsil etmek i\u00e7in \u015fahsen gelmenizi isteyebilir. B\u00f6yle bir durumda, size hemen haber verece\u011fiz.<\/p>\n<h2>Bizimle Lotto America biletleri i\u00e7in al\u0131\u015fveri\u015f yap\u0131n<\/h2>\n<p>Bahis\u00e7ilerin g\u00fcvenli bir \u015fekilde bilet sat\u0131n alabilecekleri bir yer sa\u011flamak i\u00e7in modern teknolojiyi kullanarak ve kapsaml\u0131 deneyimlerden yararlanarak y\u0131llar ge\u00e7irdik. Lotto America veya sitemizde bulunan uluslararas\u0131 piyangolardan herhangi birine kolayca bilet sat\u0131n alabilirsiniz.<\/p>\n<p>Neden bug\u00fcn Lotto America&#8217;ya girerek biletinizi bizden sat\u0131n alm\u0131yorsunuz? En sevdi\u011finiz \u015feyi yapabilmeniz i\u00e7in ayr\u0131nt\u0131larla biz ilgileniyoruz. Daha fazla bilgi i\u00e7in jackpotlotteryonline.com adresini ziyaret edin.<\/p>\n","protected":false},"excerpt":{"rendered":"<p>D\u00fcnyan\u0131n herhangi bir yerinden Lotto America&#8217;ya nas\u0131l bahis oynayaca\u011f\u0131n\u0131z\u0131 \u00f6\u011frenmek ister misiniz? ABD, Lotto America gibi d\u00fcnyan\u0131n en b\u00fcy\u00fck piyangolar\u0131ndan baz\u0131lar\u0131na sahiptir. \u0130lgin\u00e7 bir \u015fekilde, bu ayn\u0131 zamanda \u00e7ok daha b\u00fcy\u00fck kuzenleri Powerball ve Mega Millions lehine genellikle g\u00f6z ard\u0131 edilen bir loto. Bununla birlikte, ikramiyenin ne kadar inan\u0131lmaz oldu\u011funu bilen baz\u0131 deneyimli bahis\u00e7iler vard\u0131r, [&hellip;]<\/p>\n","protected":false},"author":1,"featured_media":0,"parent":35727,"menu_order":13,"comment_status":"closed","ping_status":"closed","template":"lotto-america.php","meta":{"_et_pb_use_builder":"","_et_pb_old_content":"","_et_gb_content_width":"","exclude_from_search":false,"footnotes":""},"class_list":["post-39339","page","type-page","status-publish","hentry"],"yoast_head":"<!-- This site is optimized with the Yoast SEO plugin v23.3 - https:\/\/yoast.com\/wordpress\/plugins\/seo\/ -->\n<title>Lotto America&#039;y\u0131 \u00e7evrimi\u00e7i oynay\u0131n<\/title>\n<meta name=\"robots\" content=\"index, follow, max-snippet:-1, max-image-preview:large, max-video-preview:-1\" \/>\n<link rel=\"canonical\" href=\"https:\/\/jackpotlotteryonline.com\/tr\/nasil-oynanir\/lotto-america\/\" \/>\n<meta property=\"og:locale\" content=\"tr_TR\" \/>\n<meta property=\"og:type\" content=\"article\" \/>\n<meta property=\"og:title\" content=\"Lotto America&#039;y\u0131 \u00e7evrimi\u00e7i oynay\u0131n\" \/>\n<meta property=\"og:description\" content=\"D\u00fcnyan\u0131n herhangi bir yerinden Lotto America&#8217;ya nas\u0131l bahis oynayaca\u011f\u0131n\u0131z\u0131 \u00f6\u011frenmek ister misiniz? ABD, Lotto America gibi d\u00fcnyan\u0131n en b\u00fcy\u00fck piyangolar\u0131ndan baz\u0131lar\u0131na sahiptir. \u0130lgin\u00e7 bir \u015fekilde, bu ayn\u0131 zamanda \u00e7ok daha b\u00fcy\u00fck kuzenleri Powerball ve Mega Millions lehine genellikle g\u00f6z ard\u0131 edilen bir loto. Bununla birlikte, ikramiyenin ne kadar inan\u0131lmaz oldu\u011funu bilen baz\u0131 deneyimli bahis\u00e7iler vard\u0131r, [&hellip;]\" \/>\n<meta property=\"og:url\" content=\"https:\/\/jackpotlotteryonline.com\/tr\/nasil-oynanir\/lotto-america\/\" \/>\n<meta property=\"og:site_name\" content=\"Lotto Online - Crack The International Lottery Jackpots\" \/>\n<meta property=\"article:modified_time\" content=\"2024-07-07T10:04:41+00:00\" \/>\n<meta property=\"og:image\" content=\"http:\/\/jackpotlotteryonline.com\/wp-content\/uploads\/2022\/11\/read1.jpg\" \/>\n<meta name=\"twitter:card\" content=\"summary_large_image\" \/>\n<meta name=\"twitter:label1\" content=\"Tahmini okuma s\u00fcresi\" \/>\n\t<meta name=\"twitter:data1\" content=\"5 dakika\" \/>\n<!-- \/ Yoast SEO plugin. -->","yoast_head_json":{"title":"Lotto America'y\u0131 \u00e7evrimi\u00e7i oynay\u0131n","robots":{"index":"index","follow":"follow","max-snippet":"max-snippet:-1","max-image-preview":"max-image-preview:large","max-video-preview":"max-video-preview:-1"},"canonical":"https:\/\/jackpotlotteryonline.com\/tr\/nasil-oynanir\/lotto-america\/","og_locale":"tr_TR","og_type":"article","og_title":"Lotto America'y\u0131 \u00e7evrimi\u00e7i oynay\u0131n","og_description":"D\u00fcnyan\u0131n herhangi bir yerinden Lotto America&#8217;ya nas\u0131l bahis oynayaca\u011f\u0131n\u0131z\u0131 \u00f6\u011frenmek ister misiniz? ABD, Lotto America gibi d\u00fcnyan\u0131n en b\u00fcy\u00fck piyangolar\u0131ndan baz\u0131lar\u0131na sahiptir. \u0130lgin\u00e7 bir \u015fekilde, bu ayn\u0131 zamanda \u00e7ok daha b\u00fcy\u00fck kuzenleri Powerball ve Mega Millions lehine genellikle g\u00f6z ard\u0131 edilen bir loto. Bununla birlikte, ikramiyenin ne kadar inan\u0131lmaz oldu\u011funu bilen baz\u0131 deneyimli bahis\u00e7iler vard\u0131r, [&hellip;]","og_url":"https:\/\/jackpotlotteryonline.com\/tr\/nasil-oynanir\/lotto-america\/","og_site_name":"Lotto Online - Crack The International Lottery Jackpots","article_modified_time":"2024-07-07T10:04:41+00:00","og_image":[{"url":"http:\/\/jackpotlotteryonline.com\/wp-content\/uploads\/2022\/11\/read1.jpg"}],"twitter_card":"summary_large_image","twitter_misc":{"Tahmini okuma s\u00fcresi":"5 dakika"},"schema":{"@context":"https:\/\/schema.org","@graph":[{"@type":"WebPage","@id":"https:\/\/jackpotlotteryonline.com\/tr\/nasil-oynanir\/lotto-america\/","url":"https:\/\/jackpotlotteryonline.com\/tr\/nasil-oynanir\/lotto-america\/","name":"Lotto America'y\u0131 \u00e7evrimi\u00e7i oynay\u0131n","isPartOf":{"@id":"https:\/\/jackpotlotteryonline.com\/#website"},"primaryImageOfPage":{"@id":"https:\/\/jackpotlotteryonline.com\/tr\/nasil-oynanir\/lotto-america\/#primaryimage"},"image":{"@id":"https:\/\/jackpotlotteryonline.com\/tr\/nasil-oynanir\/lotto-america\/#primaryimage"},"thumbnailUrl":"http:\/\/jackpotlotteryonline.com\/wp-content\/uploads\/2022\/11\/read1.jpg","datePublished":"2022-11-23T11:37:17+00:00","dateModified":"2024-07-07T10:04:41+00:00","breadcrumb":{"@id":"https:\/\/jackpotlotteryonline.com\/tr\/nasil-oynanir\/lotto-america\/#breadcrumb"},"inLanguage":"tr","potentialAction":[{"@type":"ReadAction","target":["https:\/\/jackpotlotteryonline.com\/tr\/nasil-oynanir\/lotto-america\/"]}]},{"@type":"ImageObject","inLanguage":"tr","@id":"https:\/\/jackpotlotteryonline.com\/tr\/nasil-oynanir\/lotto-america\/#primaryimage","url":"http:\/\/jackpotlotteryonline.com\/wp-content\/uploads\/2022\/11\/read1.jpg","contentUrl":"http:\/\/jackpotlotteryonline.com\/wp-content\/uploads\/2022\/11\/read1.jpg"},{"@type":"BreadcrumbList","@id":"https:\/\/jackpotlotteryonline.com\/tr\/nasil-oynanir\/lotto-america\/#breadcrumb","itemListElement":[{"@type":"ListItem","position":1,"name":"Home","item":"https:\/\/jackpotlotteryonline.com\/tr\/"},{"@type":"ListItem","position":2,"name":"Nas\u0131l oynan\u0131r","item":"https:\/\/jackpotlotteryonline.com\/tr\/nasil-oynanir\/"},{"@type":"ListItem","position":3,"name":"Lotto America&#8217;y\u0131 \u00e7evrimi\u00e7i oynay\u0131n"}]},{"@type":"WebSite","@id":"https:\/\/jackpotlotteryonline.com\/#website","url":"https:\/\/jackpotlotteryonline.com\/","name":"Lotto Online - Crack The International Lottery Jackpots","description":"","potentialAction":[{"@type":"SearchAction","target":{"@type":"EntryPoint","urlTemplate":"https:\/\/jackpotlotteryonline.com\/?s={search_term_string}"},"query-input":"required name=search_term_string"}],"inLanguage":"tr"}]}},"_links":{"self":[{"href":"https:\/\/jackpotlotteryonline.com\/tr\/wp-json\/wp\/v2\/pages\/39339","targetHints":{"allow":["GET"]}}],"collection":[{"href":"https:\/\/jackpotlotteryonline.com\/tr\/wp-json\/wp\/v2\/pages"}],"about":[{"href":"https:\/\/jackpotlotteryonline.com\/tr\/wp-json\/wp\/v2\/types\/page"}],"author":[{"embeddable":true,"href":"https:\/\/jackpotlotteryonline.com\/tr\/wp-json\/wp\/v2\/users\/1"}],"replies":[{"embeddable":true,"href":"https:\/\/jackpotlotteryonline.com\/tr\/wp-json\/wp\/v2\/comments?post=39339"}],"version-history":[{"count":0,"href":"https:\/\/jackpotlotteryonline.com\/tr\/wp-json\/wp\/v2\/pages\/39339\/revisions"}],"up":[{"embeddable":true,"href":"https:\/\/jackpotlotteryonline.com\/tr\/wp-json\/wp\/v2\/pages\/35727"}],"wp:attachment":[{"href":"https:\/\/jackpotlotteryonline.com\/tr\/wp-json\/wp\/v2\/media?parent=39339"}],"curies":[{"name":"wp","href":"https:\/\/api.w.org\/{rel}","templated":true}]}}