{"id":39517,"date":"2022-11-28T06:26:17","date_gmt":"2022-11-28T06:26:17","guid":{"rendered":"https:\/\/jackpotlotteryonline.com\/?page_id=39517"},"modified":"2023-01-03T17:48:38","modified_gmt":"2023-01-03T17:48:38","slug":"mega-sena-2","status":"publish","type":"page","link":"https:\/\/jackpotlotteryonline.com\/tr\/nasil-oynanir\/mega-sena-2\/","title":{"rendered":"Mega-Sena piyangosunu \u00e7evrimi\u00e7i oynay\u0131n"},"content":{"rendered":"<p>D\u00fcnyan\u0131n herhangi bir yerinden Mega-Sena piyangosuna bilet almak ister misiniz? Mega-Sena Brezilya&#8217;n\u0131n en b\u00fcy\u00fck piyangosudur ve 1996 y\u0131l\u0131ndan beri d\u00fczenlenmektedir. Brezilya&#8217;daki milyonlarca loto hayran\u0131 her \u00e7ekili\u015ften \u00f6nce Mega-Sena bileti almak i\u00e7in acele ediyor ve \u015fimdi d\u00fcnyan\u0131n d\u00f6rt bir yan\u0131ndaki oyuncular da milyonlarca Real kazanma \u015fans\u0131na kat\u0131labilir.<\/p>\n<p>Mega-Sena&#8217;n\u0131n bu kadar pop\u00fcler olmas\u0131n\u0131n belki de bir nedeni, Brezilya&#8217;da devlete ait en b\u00fcy\u00fck banka olan bir banka taraf\u0131ndan i\u015fletilmesidir. Bir bankan\u0131n sahip oldu\u011fu bir piyangoya bilet alman\u0131n rahatlat\u0131c\u0131 ve g\u00fcvenilir bir yan\u0131 olmal\u0131.<\/p>\n<p>Brezilya d\u0131\u015f\u0131nda ya\u015fayanlar i\u00e7in Mega-Sena piyangosuna kat\u0131lmak art\u0131k ula\u015f\u0131lamaz bir arzu de\u011fil. Nerede ya\u015f\u0131yor olursan\u0131z olun, yasal ya\u015f\u0131n \u00fczerinde oldu\u011funuz s\u00fcrece Mega-Sena&#8217;ya eri\u015febilirsiniz. Brezilya loto biletlerine nas\u0131l eri\u015febilece\u011finizi \u00f6\u011frenmek istiyorsan\u0131z, okumaya devam edin.<\/p>\n<p>Mega-Sena her yerden oynayabilece\u011finiz tek loto de\u011fildir. Eri\u015febilece\u011finiz en iyi uluslararas\u0131 piyangolar hakk\u0131nda daha fazla bilgi edinmek i\u00e7in bizi jackpotlotteryonline.com adresinde ziyaret edin.<\/p>\n<h2>\u00c7evrimi\u00e7i Mega-Sena Nas\u0131l Oynan\u0131r<\/h2>\n<p>\u0130ster Brezilya&#8217;da ister bir k\u0131ta uzakta olun, Mega-Sena oynayabilirsiniz. Bunu yapman\u0131n yolu, bizim arac\u0131l\u0131\u011f\u0131m\u0131zla \u00e7evrimi\u00e7i <a href=\"https:\/\/jackpotlotteryonline.com\/tr\/bilet-satin-al\/mega-sena\">bilet sat\u0131n almakt\u0131r<\/a>. Kullan\u0131c\u0131lara Mega-Sena da dahil olmak \u00fczere d\u00fcnyan\u0131n d\u00f6rt bir yan\u0131ndan piyangolara eri\u015fim sa\u011fl\u0131yoruz. Mega-Sena oynamak i\u00e7in sitemizi kullan\u0131yorsan\u0131z, stressiz bir deneyim i\u00e7in basit bir s\u00fcre\u00e7 sunuyoruz.<\/p>\n<p>\u0130lk ad\u0131m web sitemizi ziyaret etmek ve ard\u0131ndan Mega-Sena piyangosunun ba\u011flant\u0131s\u0131n\u0131 t\u0131klamakt\u0131r. Daha sonra, 1 ila 60 aral\u0131\u011f\u0131ndan 6 say\u0131 se\u00e7meniz gerekir. B\u00fcy\u00fck ikramiyeyi kazanma \u015fans\u0131n\u0131z\u0131 art\u0131rmak i\u00e7in her \u00e7ekili\u015f i\u00e7in en fazla 6 say\u0131 k\u00fcmesi se\u00e7ebilirsiniz. Say\u0131lar\u0131n\u0131z\u0131 se\u00e7tikten sonra, \u00e7ekili\u015f g\u00fcnlerini se\u00e7in ve i\u015flemi tamamlay\u0131n.<\/p>\n<p>\u00c7evrimi\u00e7i oynarken, Mega-Sena&#8217;ya eri\u015fmenizi sa\u011flayacak bir hizmet kullanmak \u00e7ok \u00f6nemlidir. Bir\u00e7ok site bunu vaat ediyor, ancak ince bask\u0131y\u0131 okudu\u011funuzda, yaln\u0131zca loto sonucuna bahis oynaman\u0131za izin verdiklerini g\u00f6receksiniz. Sitemizden Mega-Sena biletleri sat\u0131n al\u0131rsan\u0131z, Mega-Sena&#8217;ya girmenizi sa\u011flayaca\u011f\u0131z ve biletiniz \u00e7ekilen say\u0131larla e\u015fle\u015firse, o zaman kazan\u0131rs\u0131n\u0131z.<\/p>\n<h2>Mega-Sena nas\u0131l kazan\u0131l\u0131r<\/h2>\n<p><img loading=\"lazy\" decoding=\"async\" class=\"size-medium wp-image-28319 alignright\" src=\"http:\/\/jackpotlotteryonline.com\/wp-content\/uploads\/2022\/11\/1_mega_lottery_jackpot-300x207.jpg\" alt=\"Mega-Sena piyangosunu kazan\" width=\"300\" height=\"207\" srcset=\"https:\/\/jackpotlotteryonline.com\/wp-content\/uploads\/2022\/11\/1_mega_lottery_jackpot-300x207.jpg 300w, https:\/\/jackpotlotteryonline.com\/wp-content\/uploads\/2022\/11\/1_mega_lottery_jackpot.jpg 320w\" sizes=\"auto, (max-width: 300px) 100vw, 300px\" \/><\/p>\n<p>D\u00fc\u015fen para. Beyaz \u00fczerine izole edilmi\u015f u\u00e7an ye\u015fil banknotlar, d\u00fcz nakit konfeti, piyango kazanma konsepti. Vekt\u00f6r ill\u00fcstrasyon afi\u015f para kazanma arka plan<\/p>\n<p><a href=\"https:\/\/jackpotlotteryonline.com\/tr\/kazanan-sayilar\/mega-sena\">Mega-Sena&#8217;y\u0131 kazanmak,<\/a> \u00e7ekilen say\u0131lar\u0131 e\u015fle\u015ftirece\u011finiz anlam\u0131na gelir. Temel olarak, olas\u0131 60 say\u0131 aras\u0131ndan rastgele \u00e7ekilen 6 say\u0131 vard\u0131r. \u00c7ekilen 6 say\u0131yla e\u015fle\u015fen herhangi bir bilet ikramiyeyi kazan\u0131r.<\/p>\n<p>Mega-Sena \u00e7ekili\u015fleri \u00c7ar\u015famba ve Cumartesi g\u00fcnleri olmak \u00fczere haftada iki kez yap\u0131l\u0131r. Mega-Sena biletlerinizi sat\u0131n al\u0131rken hangi \u00e7ekili\u015fe kat\u0131laca\u011f\u0131n\u0131z\u0131 se\u00e7ebilirsiniz. Ayr\u0131ca birden fazla \u00e7ekili\u015fe de kat\u0131labilirsiniz. Bu, en iyi oyuncular\u0131n m\u00fcmk\u00fcn oldu\u011funca \u00e7ok ikramiye kazanma \u015fans\u0131na sahip olduklar\u0131ndan emin olmak i\u00e7in yapt\u0131klar\u0131 \u015feydir.<\/p>\n<p>Sitemizi kullanman\u0131n bir ba\u015fka avantaj\u0131 da Mega-Sena biletleri sat\u0131n almak i\u00e7in kolayca otomatik bir abonelik hizmeti kurabilmenizdir. Bu, her \u00e7ekili\u015fe manuel olarak girmek zorunda olmad\u0131\u011f\u0131n\u0131z anlam\u0131na gelir. B\u00f6yle \u015feyleri unutmak ve girmedi\u011finiz \u00e7ekili\u015fin kazanabilece\u011finiz bir \u00e7ekili\u015f olmas\u0131 durumunda ne kadar korkun\u00e7 hissedece\u011finizi d\u00fc\u015f\u00fcnmek kolayd\u0131r. Her \u00e7ekili\u015f i\u00e7in otomatik olarak girilecek \u015fekilde ayarlay\u0131n.<\/p>\n<h2>Mega-Sena Jackpot<\/h2>\n<p>B\u00fcy\u00fck ikramiye \u00f6d\u00fcl\u00fc 3 milyon R$&#8217;dan ba\u015flar ve bir \u00e7ekili\u015ften sonra kazanan olmazsa daha da b\u00fcy\u00fcr. Ve olduk\u00e7a da b\u00fcy\u00fcyebilir. B\u00fcy\u00fck ikramiyeyi kazanma olas\u0131l\u0131\u011f\u0131 50 milyonda 1&#8217;dir ve bu da di\u011fer en iyi uluslararas\u0131 piyangolarla kar\u015f\u0131la\u015ft\u0131r\u0131ld\u0131\u011f\u0131nda ger\u00e7ekten iyidir.<\/p>\n<p>Mega-Sena&#8217;dan kazan\u0131lan en b\u00fcy\u00fck ikramiye yakla\u015f\u0131k 53 milyon Euro&#8217;dur. Bu, herhangi bir standarda g\u00f6re hayat de\u011fi\u015ftiren bir miktard\u0131r. \u015eimdiye kadarki en y\u00fcksek Mega-Sena ikramiyesi ise 73 milyon Avro&#8217;dur.<\/p>\n<p>Mega-Sena ikramiyesi milyarlarca dolara ula\u015fmasa da, bir oyuncunun bu piyangodan b\u00fcy\u00fck kazanabilece\u011fine \u015f\u00fcphe yok. Bu loto hakk\u0131nda karars\u0131z kald\u0131ysan\u0131z, \u015fimdi atlay\u0131p bir bilet alman\u0131n tam zaman\u0131.<\/p>\n<h2>Kazanabilece\u011finiz \u00f6d\u00fcller<\/h2>\n<p>Herhangi bir oyuncunun bu loto oyununa kat\u0131l\u0131rken kazanabilece\u011fi en b\u00fcy\u00fck \u00f6d\u00fcl olan Mega-Sena ikramiyesi hakk\u0131nda kapsaml\u0131 bir \u015fekilde konu\u015ftuk. Ancak, Mega-Sena hayranlar\u0131n\u0131n kazanabilece\u011fi tek \u00f6d\u00fcl b\u00fcy\u00fck ikramiye de\u011fildir.<\/p>\n<p>Mega-Sena, b\u00fcy\u00fck ikramiye de dahil olmak \u00fczere toplam 3 \u00f6d\u00fcl kademesine sahiptir. \u00d6d\u00fcl havuzunun bir y\u00fczdesi her kademeye tahsis edildi\u011finden, \u00f6d\u00fcllerin tam olarak ne kadar olaca\u011f\u0131n\u0131 s\u00f6ylemek biraz zor. S\u0131radaki \u00f6d\u00fcl kademeleri hakk\u0131nda bilgi edinin.<\/p>\n<p>Jackpot &#8211; Sena: 6 say\u0131y\u0131 e\u015fle\u015ftirin &#8211; \u00f6d\u00fcl havuzunun %35&#8217;i<\/p>\n<p>Kademe 2 &#8211; Quina: 5 say\u0131y\u0131 e\u015fle\u015ftirin &#8211; \u00f6d\u00fcl havuzunun %19&#8217;u<\/p>\n<p>Kademe 3 &#8211; Quadra: 4 say\u0131y\u0131 e\u015fle\u015ftirin &#8211; \u00f6d\u00fcl havuzunun %19&#8217;u<\/p>\n<h2>Mega da virada<\/h2>\n<p>Mega da virada nedir? Mega-Sena oynamay\u0131 daha \u00f6nce d\u00fc\u015f\u00fcnd\u00fcyseniz, mega da virada ile kar\u015f\u0131la\u015fm\u0131\u015fs\u0131n\u0131zd\u0131r. Ba\u015fka bir oyun mu yoksa bir \u00f6d\u00fcl kategorisi mi? \u0130kisi de de\u011fil. Bunun yerine, Mega-Sena piyangosunun bir par\u00e7as\u0131d\u0131r, ancak her y\u0131l Yeni Y\u0131l arifesinde d\u00fczenlenen \u00f6zel bir \u00e7ekili\u015ftir.<\/p>\n<p>Mega da virada, ikramiyenin genellikle ne kadar b\u00fcy\u00fck oldu\u011fu nedeniyle her yerde deneyimli bahis\u00e7ilerin ilgisini \u00e7eken bir \u00e7ekili\u015f. 2022 y\u0131l\u0131n\u0131n b\u00fcy\u00fck ikramiyesi 450 milyon R$&#8217;d\u0131r ve Mega-Sena tarihindeki en b\u00fcy\u00fck \u00f6d\u00fcl oldu\u011fu s\u00f6ylenmektedir! Loto merakl\u0131lar\u0131n\u0131n bu \u00e7ekili\u015fe kat\u0131lmak i\u00e7in acele etmelerine \u015fa\u015fmamak gerek.<\/p>\n<p>Mega da virada&#8217;ya do\u011frudan sitemizden kat\u0131labilirsiniz. Sadece mega da virada&#8217;ya girmek i\u00e7in \u00e7emberlerden ve d\u00f6ng\u00fclerden ge\u00e7mek zorunda de\u011filsiniz. Size bir s\u0131r verelim: mega da virada asl\u0131nda Mega-Sena&#8217;d\u0131r, ancak bu y\u0131l\u0131n son \u00e7ekili\u015fidir. \u0130\u015fte bu kadar. Bu y\u00fczden b\u00fcy\u00fck kazanma \u015fans\u0131 i\u00e7in 31 Aral\u0131k Mega-Sena \u00e7ekili\u015fine kat\u0131l\u0131n.<\/p>\n<h2>Mega-Sena piyangosunu \u00e7evrimi\u00e7i oynama hakk\u0131ndaki ger\u00e7ekler<\/h2>\n<p><img loading=\"lazy\" decoding=\"async\" class=\"alignright size-medium wp-image-32000\" src=\"http:\/\/jackpotlotteryonline.com\/wp-content\/uploads\/2022\/11\/1_mega_lotto_ticket-213x300.jpg\" alt=\"Mega-Sena piyango online bileti\" width=\"213\" height=\"300\" srcset=\"https:\/\/jackpotlotteryonline.com\/wp-content\/uploads\/2022\/11\/1_mega_lotto_ticket-213x300.jpg 213w, https:\/\/jackpotlotteryonline.com\/wp-content\/uploads\/2022\/11\/1_mega_lotto_ticket.jpg 320w\" sizes=\"auto, (max-width: 213px) 100vw, 213px\" \/><\/p>\n<p>Pekala, size internette Mega-Sena oynamakla ilgili baz\u0131 ipu\u00e7lar\u0131 vermek i\u00e7in birka\u00e7 dakikan\u0131z\u0131 ay\u0131rmak istiyoruz. Mega-Sena i\u00e7in bir bilet sat\u0131n almadan \u00f6nce, piyangoya kat\u0131ld\u0131\u011f\u0131n\u0131zdan emin olman\u0131z gerekir. Bunun en iyi yolu, sitenin bir acente gibi davran\u0131p davranmad\u0131\u011f\u0131n\u0131 \u00f6\u011frenmektir. Yani Brezilya&#8217;da fiziksel Mega-Sena biletleri sat\u0131n alacak acenteleri var.<\/p>\n<p>Bu oyun hakk\u0131nda dikkat edilmesi gereken bir ba\u015fka \u015fey de bunun bir say\u0131 oyunu oldu\u011fudur. Temel olarak, her \u015fey ne kadar \u015fansl\u0131 oldu\u011funuzla ilgilidir. Bununla birlikte, \u015fansa yard\u0131mc\u0131 olman\u0131n ve kazanma \u015fans\u0131n\u0131z\u0131 art\u0131rman\u0131n birka\u00e7 yolu vard\u0131r. Bunun bir yolu birden fazla giri\u015f sat\u0131n almakt\u0131r.<\/p>\n<p>Mega-Sena bahis\u00e7iler i\u00e7in ger\u00e7ekten iyi oranlara sahiptir, bu nedenle ne kadar \u00e7ok bilet sat\u0131n al\u0131rsan\u0131z, piyangoyu kazanma \u015fans\u0131n\u0131z o kadar y\u00fcksek olur. Ayn\u0131 \u015fey birden fazla \u00e7ekili\u015fe kat\u0131lmak i\u00e7in de ge\u00e7erlidir. Birka\u00e7 \u00e7ekili\u015fe kat\u0131lmak her zaman iyi bir oyun plan\u0131d\u0131r.<\/p>\n<h2>Neden bizimle piyango oynamal\u0131s\u0131n\u0131z?<\/h2>\n<p>Size Mega-Sena piyangosunu oynama \u015fans\u0131 sunan birka\u00e7 piyango sitesi var. Bunun yerine neden bizi se\u00e7melisiniz?<\/p>\n<ul>\n<li>Biz d\u00fcnyan\u0131n her yerinde piyango acenteleri olan bir konsiyerj sitesiyiz. Bizden bir Mega-Sena bileti sat\u0131n ald\u0131\u011f\u0131n\u0131zda, Brezilya&#8217;daki acentelerimiz se\u00e7ti\u011finiz numaralar\u0131 i\u00e7eren bir bilet sat\u0131n alacakt\u0131r. Bu, Mega-Sena \u00e7ekili\u015fine kat\u0131lman\u0131z\u0131 sa\u011flar.<\/li>\n<li>Kazanc\u0131n\u0131z\u0131 (belirli bir miktara kadar) sitemizden \u00e7ekebilirsiniz. Ne kadar kazand\u0131\u011f\u0131n\u0131za bak\u0131lmaks\u0131z\u0131n, herhangi bir komisyon alm\u0131yoruz.<\/li>\n<li>Sitemizden bilet sat\u0131n ald\u0131\u011f\u0131n\u0131zda, \u00e7ekili\u015fleri ka\u00e7\u0131rma konusunda endi\u015felenmenize gerek yok. \u00c7ekili\u015f sonu\u00e7lar\u0131n\u0131 sitemizde yay\u0131nl\u0131yoruz ve herhangi bir \u00f6d\u00fcl kazan\u0131rsan\u0131z size bir e-posta g\u00f6nderece\u011fiz.<\/li>\n<li>Burada g\u00fcvendesiniz. Biletinizi korumak i\u00e7in ekstra yol kat ediyoruz, b\u00f6ylece asla bir bilet kaybetme konusunda endi\u015felenmenize gerek kalm\u0131yor.<\/li>\n<\/ul>\n<p>Temel olarak, piyango biletlerinizi bizden sat\u0131n almak, g\u00f6n\u00fcl rahatl\u0131\u011f\u0131n\u0131z\u0131 g\u00fcvence alt\u0131na ald\u0131\u011f\u0131n\u0131z anlam\u0131na gelir. Detaylar hakk\u0131nda endi\u015felenmenizi istemiyoruz, bu y\u00fczden siz \u00f6nemli olana odaklan\u0131rken b\u0131rak\u0131n bunu biz halledelim.<\/p>\n<section class=\"layout\" style=\"border: solid 1px; width: 100%;\">\n<div class=\"img-div\" style=\"margin-top: 5px;\"><img decoding=\"async\" class=\"wp-image-17212 alignleft\" style=\"height: 45px; margin: 8px 8px 0px;\" src=\"http:\/\/jackpotlotteryonline.com\/wp-content\/uploads\/2022\/11\/read1.jpg\" alt=\"Okuyun \" width=\"\" height=\"\" \/><\/div>\n<div style=\"padding-left: 5px;\">\n<div style=\"font-size: 1.1em;\">\n<p><strong>Piyango Kazan\u00e7lar\u0131 \u00dczerindeki Vergiler<\/strong><\/p>\n<p style=\"font-size: 0.85em; margin-top: -1.5em;\">Piyango Kazan\u00e7lar\u0131 \u0130\u00e7in Vergi \u00d6demek Zorunda m\u0131y\u0131m?\u00a0<a href=\"https:\/\/jackpotlotteryonline.com\/tr\/piyango-kazanclari-icin-vergi-odemek-zorunda-miyim\"> daha fazla oku<\/a><\/p>\n<\/div>\n<\/div>\n<\/section>\n<h2>\u00c7evrimi\u00e7i Mega-Sena oynamak i\u00e7in bize kaydolun<\/h2>\n<p>Mega-Sena loto oyununa kat\u0131lmaya haz\u0131r m\u0131s\u0131n\u0131z? Ba\u015fka yere bakman\u0131za gerek yok, ba\u015flamak i\u00e7in bize kaydolman\u0131z yeterli. Kaydolduktan sonra, Mega-Sena da dahil olmak \u00fczere en iyi uluslararas\u0131 piyangolara eri\u015febileceksiniz. En iyi yan\u0131, bizimle oynad\u0131\u011f\u0131n\u0131zda kazanc\u0131n\u0131z\u0131n g\u00fcvende olmas\u0131d\u0131r; kazand\u0131\u011f\u0131n\u0131z\u0131 geri \u00e7ekebilirsiniz.<\/p>\n<p>M\u00fc\u015fterilerimize \u00e7e\u015fitli se\u00e7enekler sunmaktan mutluluk duyuyoruz. \u0130ki d\u00fczineden fazla farkl\u0131 oyun oynayabilecekken neden kendinizi sadece bir piyango ile s\u0131n\u0131rlayas\u0131n\u0131z ki? Sitemizde US Powerball, La Primitiva ve Eurojackpot gibi en iyi oyunlar\u0131 bulacaks\u0131n\u0131z. Sitemizdeki her oyuna girmek kolayd\u0131r.<\/p>\n<p>\u00c7itin \u00fczerinde oturmay\u0131 b\u0131rakman\u0131n zaman\u0131 geldi. B\u00fcy\u00fck kazanmak konusunda ciddiyseniz, bug\u00fcn Mega-Sena&#8217;ya girmek i\u00e7in kaydolun. Bir sonraki \u00e7ekili\u015f bekledi\u011finiz \u015fansl\u0131 f\u0131rsat olabilir. \u015eimdi sitemize gidin ve \u00e7ok \u00e7e\u015fitli piyangolar aras\u0131ndan se\u00e7im yap\u0131n. Mega da virada i\u00e7in \u00f6nceden plan yapmay\u0131 unutmay\u0131n.<\/p>\n","protected":false},"excerpt":{"rendered":"<p>D\u00fcnyan\u0131n herhangi bir yerinden Mega-Sena piyangosuna bilet almak ister misiniz? Mega-Sena Brezilya&#8217;n\u0131n en b\u00fcy\u00fck piyangosudur ve 1996 y\u0131l\u0131ndan beri d\u00fczenlenmektedir. Brezilya&#8217;daki milyonlarca loto hayran\u0131 her \u00e7ekili\u015ften \u00f6nce Mega-Sena bileti almak i\u00e7in acele ediyor ve \u015fimdi d\u00fcnyan\u0131n d\u00f6rt bir yan\u0131ndaki oyuncular da milyonlarca Real kazanma \u015fans\u0131na kat\u0131labilir. Mega-Sena&#8217;n\u0131n bu kadar pop\u00fcler olmas\u0131n\u0131n belki de bir nedeni, [&hellip;]<\/p>\n","protected":false},"author":1,"featured_media":0,"parent":35727,"menu_order":15,"comment_status":"closed","ping_status":"closed","template":"megasena.php","meta":{"_et_pb_use_builder":"","_et_pb_old_content":"","_et_gb_content_width":"","exclude_from_search":false,"footnotes":""},"class_list":["post-39517","page","type-page","status-publish","hentry"],"yoast_head":"<!-- This site is optimized with the Yoast SEO plugin v23.3 - https:\/\/yoast.com\/wordpress\/plugins\/seo\/ -->\n<title>Mega-Sena Biletlerini Online Sat\u0131n Al\u0131n<\/title>\n<meta name=\"description\" content=\"Mega-Sena piyangosu i\u00e7in online bilet sat\u0131n alabilirsiniz. Nas\u0131l oynayaca\u011f\u0131n\u0131z\u0131 ve kazan\u00e7lar\u0131n\u0131z\u0131 nas\u0131l nakde \u00e7evirece\u011finizi buradan \u00f6\u011frenin.\" \/>\n<meta name=\"robots\" content=\"index, follow, max-snippet:-1, max-image-preview:large, max-video-preview:-1\" \/>\n<link rel=\"canonical\" href=\"https:\/\/jackpotlotteryonline.com\/tr\/nasil-oynanir\/mega-sena-2\/\" \/>\n<meta property=\"og:locale\" content=\"tr_TR\" \/>\n<meta property=\"og:type\" content=\"article\" \/>\n<meta property=\"og:title\" content=\"Mega-Sena Biletlerini Online Sat\u0131n Al\u0131n\" \/>\n<meta property=\"og:description\" content=\"Mega-Sena piyangosu i\u00e7in online bilet sat\u0131n alabilirsiniz. Nas\u0131l oynayaca\u011f\u0131n\u0131z\u0131 ve kazan\u00e7lar\u0131n\u0131z\u0131 nas\u0131l nakde \u00e7evirece\u011finizi buradan \u00f6\u011frenin.\" \/>\n<meta property=\"og:url\" content=\"https:\/\/jackpotlotteryonline.com\/tr\/nasil-oynanir\/mega-sena-2\/\" \/>\n<meta property=\"og:site_name\" content=\"Lotto Online - Crack The International Lottery Jackpots\" \/>\n<meta property=\"article:modified_time\" content=\"2023-01-03T17:48:38+00:00\" \/>\n<meta property=\"og:image\" content=\"http:\/\/jackpotlotteryonline.com\/wp-content\/uploads\/2022\/11\/1_mega_lottery_jackpot-300x207.jpg\" \/>\n<meta name=\"twitter:card\" content=\"summary_large_image\" \/>\n<meta name=\"twitter:label1\" content=\"Tahmini okuma s\u00fcresi\" \/>\n\t<meta name=\"twitter:data1\" content=\"6 dakika\" \/>\n<!-- \/ Yoast SEO plugin. -->","yoast_head_json":{"title":"Mega-Sena Biletlerini Online Sat\u0131n Al\u0131n","description":"Mega-Sena piyangosu i\u00e7in online bilet sat\u0131n alabilirsiniz. Nas\u0131l oynayaca\u011f\u0131n\u0131z\u0131 ve kazan\u00e7lar\u0131n\u0131z\u0131 nas\u0131l nakde \u00e7evirece\u011finizi buradan \u00f6\u011frenin.","robots":{"index":"index","follow":"follow","max-snippet":"max-snippet:-1","max-image-preview":"max-image-preview:large","max-video-preview":"max-video-preview:-1"},"canonical":"https:\/\/jackpotlotteryonline.com\/tr\/nasil-oynanir\/mega-sena-2\/","og_locale":"tr_TR","og_type":"article","og_title":"Mega-Sena Biletlerini Online Sat\u0131n Al\u0131n","og_description":"Mega-Sena piyangosu i\u00e7in online bilet sat\u0131n alabilirsiniz. Nas\u0131l oynayaca\u011f\u0131n\u0131z\u0131 ve kazan\u00e7lar\u0131n\u0131z\u0131 nas\u0131l nakde \u00e7evirece\u011finizi buradan \u00f6\u011frenin.","og_url":"https:\/\/jackpotlotteryonline.com\/tr\/nasil-oynanir\/mega-sena-2\/","og_site_name":"Lotto Online - Crack The International Lottery Jackpots","article_modified_time":"2023-01-03T17:48:38+00:00","og_image":[{"url":"http:\/\/jackpotlotteryonline.com\/wp-content\/uploads\/2022\/11\/1_mega_lottery_jackpot-300x207.jpg"}],"twitter_card":"summary_large_image","twitter_misc":{"Tahmini okuma s\u00fcresi":"6 dakika"},"schema":{"@context":"https:\/\/schema.org","@graph":[{"@type":"WebPage","@id":"https:\/\/jackpotlotteryonline.com\/tr\/nasil-oynanir\/mega-sena-2\/","url":"https:\/\/jackpotlotteryonline.com\/tr\/nasil-oynanir\/mega-sena-2\/","name":"Mega-Sena Biletlerini Online Sat\u0131n Al\u0131n","isPartOf":{"@id":"https:\/\/jackpotlotteryonline.com\/#website"},"primaryImageOfPage":{"@id":"https:\/\/jackpotlotteryonline.com\/tr\/nasil-oynanir\/mega-sena-2\/#primaryimage"},"image":{"@id":"https:\/\/jackpotlotteryonline.com\/tr\/nasil-oynanir\/mega-sena-2\/#primaryimage"},"thumbnailUrl":"http:\/\/jackpotlotteryonline.com\/wp-content\/uploads\/2022\/11\/1_mega_lottery_jackpot-300x207.jpg","datePublished":"2022-11-28T06:26:17+00:00","dateModified":"2023-01-03T17:48:38+00:00","description":"Mega-Sena piyangosu i\u00e7in online bilet sat\u0131n alabilirsiniz. Nas\u0131l oynayaca\u011f\u0131n\u0131z\u0131 ve kazan\u00e7lar\u0131n\u0131z\u0131 nas\u0131l nakde \u00e7evirece\u011finizi buradan \u00f6\u011frenin.","breadcrumb":{"@id":"https:\/\/jackpotlotteryonline.com\/tr\/nasil-oynanir\/mega-sena-2\/#breadcrumb"},"inLanguage":"tr","potentialAction":[{"@type":"ReadAction","target":["https:\/\/jackpotlotteryonline.com\/tr\/nasil-oynanir\/mega-sena-2\/"]}]},{"@type":"ImageObject","inLanguage":"tr","@id":"https:\/\/jackpotlotteryonline.com\/tr\/nasil-oynanir\/mega-sena-2\/#primaryimage","url":"http:\/\/jackpotlotteryonline.com\/wp-content\/uploads\/2022\/11\/1_mega_lottery_jackpot-300x207.jpg","contentUrl":"http:\/\/jackpotlotteryonline.com\/wp-content\/uploads\/2022\/11\/1_mega_lottery_jackpot-300x207.jpg"},{"@type":"BreadcrumbList","@id":"https:\/\/jackpotlotteryonline.com\/tr\/nasil-oynanir\/mega-sena-2\/#breadcrumb","itemListElement":[{"@type":"ListItem","position":1,"name":"Home","item":"https:\/\/jackpotlotteryonline.com\/tr\/"},{"@type":"ListItem","position":2,"name":"Nas\u0131l oynan\u0131r","item":"https:\/\/jackpotlotteryonline.com\/tr\/nasil-oynanir\/"},{"@type":"ListItem","position":3,"name":"Mega-Sena piyangosunu \u00e7evrimi\u00e7i oynay\u0131n"}]},{"@type":"WebSite","@id":"https:\/\/jackpotlotteryonline.com\/#website","url":"https:\/\/jackpotlotteryonline.com\/","name":"Lotto Online - Crack The International Lottery Jackpots","description":"","potentialAction":[{"@type":"SearchAction","target":{"@type":"EntryPoint","urlTemplate":"https:\/\/jackpotlotteryonline.com\/?s={search_term_string}"},"query-input":"required name=search_term_string"}],"inLanguage":"tr"}]}},"_links":{"self":[{"href":"https:\/\/jackpotlotteryonline.com\/tr\/wp-json\/wp\/v2\/pages\/39517","targetHints":{"allow":["GET"]}}],"collection":[{"href":"https:\/\/jackpotlotteryonline.com\/tr\/wp-json\/wp\/v2\/pages"}],"about":[{"href":"https:\/\/jackpotlotteryonline.com\/tr\/wp-json\/wp\/v2\/types\/page"}],"author":[{"embeddable":true,"href":"https:\/\/jackpotlotteryonline.com\/tr\/wp-json\/wp\/v2\/users\/1"}],"replies":[{"embeddable":true,"href":"https:\/\/jackpotlotteryonline.com\/tr\/wp-json\/wp\/v2\/comments?post=39517"}],"version-history":[{"count":0,"href":"https:\/\/jackpotlotteryonline.com\/tr\/wp-json\/wp\/v2\/pages\/39517\/revisions"}],"up":[{"embeddable":true,"href":"https:\/\/jackpotlotteryonline.com\/tr\/wp-json\/wp\/v2\/pages\/35727"}],"wp:attachment":[{"href":"https:\/\/jackpotlotteryonline.com\/tr\/wp-json\/wp\/v2\/media?parent=39517"}],"curies":[{"name":"wp","href":"https:\/\/api.w.org\/{rel}","templated":true}]}}