{"id":39569,"date":"2022-11-28T07:55:12","date_gmt":"2022-11-28T07:55:12","guid":{"rendered":"https:\/\/jackpotlotteryonline.com\/?page_id=39569"},"modified":"2023-01-03T18:12:45","modified_gmt":"2023-01-03T18:12:45","slug":"powerball-australia","status":"publish","type":"page","link":"https:\/\/jackpotlotteryonline.com\/tr\/nasil-oynanir\/powerball-australia\/","title":{"rendered":"Powerball Avustralya online oyna"},"content":{"rendered":"<p>D\u00fcnyan\u0131n d\u00f6rt bir yan\u0131ndaki piyango merakl\u0131lar\u0131n\u0131n Avustralya Powerball&#8217;u oynamak i\u00e7in acele etmelerinin bir nedeni var. 2022 mega ikramiyelerin y\u0131l\u0131 oldu ve bir\u00e7ok oyuncunun uluslararas\u0131 piyangolardan milyonlarca dolar kazand\u0131\u011f\u0131n\u0131 g\u00f6rd\u00fck. T\u00fcm bunlar\u0131n i\u00e7inde, 160 milyon A$&#8217;l\u0131k en b\u00fcy\u00fck ikramiye Ekim 2022&#8217;de kazan\u0131ld\u0131\u011f\u0131 i\u00e7in Powerball AU bir istisna olmad\u0131. Tek bilet sahipleri taraf\u0131ndan kazan\u0131lan birka\u00e7 b\u00fcy\u00fck ikramiye ile bu Powerball&#8217;u oynamay\u0131 d\u00fc\u015f\u00fcnmelisiniz.<\/p>\n<p>\u0130lgin\u00e7 bir \u015fekilde, bu Powerball bir s\u00fcredir piyasada. \u0130lk \u00e7ekili\u015f 23 May\u0131s 1996&#8217;da yap\u0131lm\u0131\u015ft\u0131r ve bu da onu 25 ya\u015f\u0131nda yapmaktad\u0131r. \u0130spanyol La Primitiva gibi piyangolarla k\u0131yasland\u0131\u011f\u0131nda Oz Powerball&#8217;un neredeyse bir bebek oldu\u011fu do\u011frudur. (La Primitiva 1763 y\u0131l\u0131nda kurulmu\u015ftur ve bu piyangoya jackpotlotteryonline.com adresinden kat\u0131labilirsiniz).<\/p>\n<p>Ge\u00e7ti\u011fimiz 25 y\u0131l boyunca Oz Powerball, c\u00f6mert \u00f6demeleri ve ate\u015fli hayranlar\u0131yla \u00fcn\u00fcn\u00fc korumu\u015ftur. \u00d6nceden, sadece k\u0131tada ya\u015fayan oyuncular taraf\u0131ndan eri\u015filebiliyordu. Art\u0131k her yerden bahis\u00e7iler bilgisayarlar\u0131n\u0131n veya mobil cihazlar\u0131n\u0131n rahatl\u0131\u011f\u0131nda \u00e7evrimi\u00e7i Powerball AU oynayabilirler. Bu piyangoyu \u00e7evrimi\u00e7i olarak nas\u0131l oynayabilece\u011finizi \u00f6\u011frenmek i\u00e7in okumaya devam edin.<\/p>\n<h2>Powerball Avustralya nas\u0131l oynan\u0131r<\/h2>\n<p><img loading=\"lazy\" decoding=\"async\" class=\"alignright size-full wp-image-26402\" src=\"https:\/\/jackpotlotteryonline.com\/wp-content\/uploads\/2022\/11\/1_buy_online_ticket_powerball.jpg\" alt=\"Powerball Avustralya online oyna\" width=\"300\" height=\"194\" \/><\/p>\n<p>Bu piyango ile ilgili \u015fa\u015f\u0131rt\u0131c\u0131 \u015feylerden biri de b\u00fcy\u00fck oranlara sahip olmas\u0131d\u0131r. B\u00fcy\u00fck ikramiyeyi kazanma olas\u0131l\u0131\u011f\u0131 yakla\u015f\u0131k 76 milyonda 1&#8217;dir. Yine de birka\u00e7 ba\u015fka b\u00f6l\u00fcm daha vard\u0131r ve bunlar harika oranlara sahiptir.<\/p>\n<p>Bu Powerball&#8217;u oynamak i\u00e7in 1&#8217;den 35&#8217;e kadar 7 say\u0131 ve 1&#8217;den 20&#8217;ye kadar bir Powerball say\u0131s\u0131 se\u00e7meniz gerekir. Bu, her sat\u0131r i\u00e7in toplam 8 say\u0131d\u0131r. Piyangoyu kazanma \u015fans\u0131n\u0131z\u0131 art\u0131rmak i\u00e7in birden fazla sat\u0131r da girebilece\u011finizi unutmay\u0131n. Ne kadar \u00e7ok sat\u0131r girerseniz, kazanma \u015fans\u0131n\u0131z o kadar y\u00fcksek olur.<\/p>\n<p>Numaralar\u0131n\u0131z\u0131 se\u00e7tikten sonra, bir sonraki ad\u0131m \u00e7ekili\u015flere girmektir. Bu piyangonun sadece bir \u00e7ekili\u015f g\u00fcn\u00fc vard\u0131r ve o da her Per\u015fembe gecesidir. Tahmin edebilece\u011finiz gibi, Per\u015fembe geceleri k\u0131tadaki bahis\u00e7iler i\u00e7in heyecanla doludur. Siz de Powerball oynayarak bu heyecana kat\u0131labilirsiniz.<\/p>\n<h2>Neden Powerball Avustralya?<\/h2>\n<p>Bu ger\u00e7ekten g\u00fczel bir soru. \u0130nternet sayesinde, d\u00fcnyan\u0131n her yerindeki piyango merakl\u0131lar\u0131 girebilecekleri \u00e7ok \u00e7e\u015fitli piyangolara sahipler. Neden Oz Powerball oynamay\u0131 d\u00fc\u015f\u00fcnesiniz ki? Temel olarak, bu piyango ile inan\u0131lmaz derecede y\u00fcksek oranlarla kar\u015f\u0131la\u015fmadan milyonlar kazanma \u015fans\u0131 elde edersiniz.<\/p>\n<p>D\u00fcnyan\u0131n di\u011fer b\u00f6lgelerindeki di\u011fer daha pop\u00fcler piyangolar\u0131n \u00e7o\u011fundaki sorun, y\u00fcksek oranlard\u0131r. \u00d6rne\u011fin ABD&#8217;deki Powerball&#8217;u ele alal\u0131m; bu piyangoyu kazanma olas\u0131l\u0131\u011f\u0131 200 milyonda 1&#8217;dir. Oz Powerball&#8217;un 76 milyonda 1&#8217;lik oran\u0131yla kar\u015f\u0131la\u015ft\u0131r\u0131ld\u0131\u011f\u0131nda, bir\u00e7ok bahis\u00e7inin neden buna y\u00f6neldi\u011fini anlamak kolayd\u0131r.<\/p>\n<section class=\"layout\" style=\"border: solid 1px; width: 100%;\">\n<div class=\"img-div\" style=\"margin-top: 5px;\"><img decoding=\"async\" class=\"wp-image-17212 alignleft\" style=\"height: 45px; margin: 8px 8px 0px;\" src=\"https:\/\/jackpotlotteryonline.com\/wp-content\/uploads\/2022\/11\/read1.jpg\" alt=\"Okuyun \" width=\"\" height=\"\" \/><\/div>\n<div style=\"padding-left: 5px;\">\n<div style=\"font-size: 1.1em;\">\n<p><strong>Dikkat etmeniz gereken piyango doland\u0131r\u0131c\u0131l\u0131klar\u0131<\/strong><\/p>\n<p style=\"font-size: 0.85em; margin-top: -1.5em;\">Piyango tuzaklar\u0131na d\u00fc\u015fmeyin\u00a0<a href=\"https:\/\/jackpotlotteryonline.com\/tr\/online-piyango-dolandiriciligina-dikkat-edin\"> daha fazla oku<\/a><\/p>\n<\/div>\n<\/div>\n<\/section>\n<h2>Powerball Avustralya vs Powerball ABD: Farkl\u0131 olan ne?<\/h2>\n<p>Peki, Oz ve ABD Powerball aras\u0131nda herhangi bir fark var m\u0131? \u0130lk ve en belirgin fark ikramiyelerin b\u00fcy\u00fckl\u00fc\u011f\u00fcd\u00fcr. D\u00fcnyada ABD Powerball&#8217;u ile k\u0131yaslanabilecek b\u00fcy\u00fckl\u00fckte \u00e7ok az ikramiye vard\u0131r. K\u0131sa s\u00fcre \u00f6nce 2 Milyar ABD Dolar\u0131na ula\u015ft\u0131. Oz Powerball oynarsan\u0131z, buna yak\u0131n bir \u015fey elde edemezsiniz.<\/p>\n<p>Yine, ABD versiyonu 1&#8217;den 69&#8217;a kadar olan bir aral\u0131ktad\u0131r. Bu, 69 topun bulundu\u011fu bir varilden 5 top \u00e7ekildi\u011fi anlam\u0131na gelir. OZ versiyonunda ise sadece 35 topun bulundu\u011fu bir varilden \u00e7ekilen 7 say\u0131 vard\u0131r. Ayr\u0131ca, ABD&#8217;deki Powerball 26 bilyeli bir varilden \u00e7ekilirken, Avustralya&#8217;da bu say\u0131 20&#8217;dir.<\/p>\n<p>Y\u00fcksek oranlarla u\u011fra\u015fmadan milyonlar kazanabilece\u011finiz bir piyango istiyorsan\u0131z, Avustralya Powerball&#8217;u oynamal\u0131s\u0131n\u0131z.<\/p>\n<h2>\u00c7evrimi\u00e7i oynamak<\/h2>\n<p>Art\u0131k Oz Powerball&#8217;u her yerden oynayabilece\u011finizi bildi\u011finize g\u00f6re, i\u015fte bunu nas\u0131l yapaca\u011f\u0131n\u0131z.<\/p>\n<ul>\n<li>\u0130lk ad\u0131m, jackpotlotteryonline.com gibi bir piyango sat\u0131c\u0131s\u0131n\u0131 ziyaret etmek ve Avustralya Powerball sayfas\u0131na gitmektir.<\/li>\n<li>Ard\u0131ndan, say\u0131lar\u0131n\u0131z\u0131 se\u00e7in (say\u0131lar\u0131 rastgele se\u00e7mek i\u00e7in otomatik say\u0131 \u00fcretecini kullanabilirsiniz).<\/li>\n<li><a href=\"https:\/\/jackpotlotteryonline.com\/uk\/winning-numbers\/powerball-australia\">\u00c7ekili\u015fe girin<\/a> ve i\u015flemi tamamlay\u0131n<\/li>\n<li>B\u00fcy\u00fck ikramiyeyi kazanmak<\/li>\n<\/ul>\n<p>\u00c7ekili\u015f haftada bir kez Per\u015fembe g\u00fcnleri yap\u0131lmaktad\u0131r. \u00c7ekili\u015fe kat\u0131ld\u0131\u011f\u0131n\u0131zda, bir sonraki ad\u0131m sonu\u00e7lar\u0131 beklemektir. \u00c7ekilen 8 say\u0131yla e\u015fle\u015fen herhangi bir bilet b\u00fcy\u00fck ikramiyeyi kazan\u0131r.<\/p>\n<p>Sadece 2 say\u0131y\u0131 ve bonus numaras\u0131n\u0131 e\u015fle\u015ftirmek i\u00e7in bir \u00f6d\u00fcl de dahil olmak \u00fczere farkl\u0131 say\u0131lar\u0131 e\u015fle\u015ftirmek i\u00e7in ba\u015fka \u00f6d\u00fcller de vard\u0131r.<\/p>\n<h2>Kazanabilece\u011finiz \u00f6d\u00fcller<\/h2>\n<p><img loading=\"lazy\" decoding=\"async\" class=\"alignright size-medium wp-image-19277\" src=\"https:\/\/jackpotlotteryonline.com\/wp-content\/uploads\/2022\/10\/2_ticket_powerball_au2-163x300.jpg\" alt=\"Piyango bileti taramas\u0131\" width=\"163\" height=\"300\" srcset=\"https:\/\/jackpotlotteryonline.com\/wp-content\/uploads\/2022\/10\/2_ticket_powerball_au2-163x300.jpg 163w, https:\/\/jackpotlotteryonline.com\/wp-content\/uploads\/2022\/10\/2_ticket_powerball_au2.jpg 250w\" sizes=\"auto, (max-width: 163px) 100vw, 163px\" \/><\/p>\n<p>Piyango oynad\u0131\u011f\u0131n\u0131zda, toplam 9 \u00f6d\u00fcl b\u00f6l\u00fcm\u00fc vard\u0131r.<\/p>\n<p>B\u00f6l\u00fcm 1: 7 say\u0131 + bonus say\u0131 &#8211; b\u00fcy\u00fck ikramiye (ortalama 8 milyon AU$)<\/p>\n<p>B\u00f6l\u00fcm 2: Sadece 7 say\u0131<\/p>\n<p>B\u00f6l\u00fcm 3: 6 say\u0131 + bonus say\u0131<\/p>\n<p>B\u00f6l\u00fcm 4: Sadece 6 numara<\/p>\n<p>B\u00f6l\u00fcm 5: 5 say\u0131 + bonus say\u0131<\/p>\n<p>B\u00f6l\u00fcm 6: Sadece 5 numara<\/p>\n<p>B\u00f6l\u00fcm 7: 4 say\u0131 + bonus say\u0131<\/p>\n<p>B\u00f6l\u00fcm 8: 3 say\u0131 + bonus say\u0131<\/p>\n<p>B\u00f6l\u00fcm 9: 2 say\u0131 + bonus say\u0131<\/p>\n<p>Her b\u00f6l\u00fcme tahsis edilen \u00f6d\u00fcller, \u00f6d\u00fcl havuzunun bir y\u00fczdesidir. Yani \u00f6d\u00fcl havuzu ne kadar y\u00fcksek olursa, her b\u00f6l\u00fcme o kadar fazla para gider. B\u00f6l\u00fcm 2 \u00f6d\u00fclleri 800.000 AU$ kadar y\u00fcksek olmu\u015ftur.<\/p>\n<h2>Piyango biletlerinizi \u00e7evrimi\u00e7i sat\u0131n al\u0131n<\/h2>\n<p>E\u011fer bir piyango hayran\u0131ysan\u0131z, art\u0131k sitemiz \u00fczerinden online piyango oynayabilirsiniz. \u0130htiyac\u0131n\u0131z olan her \u015feyi tek bir yerde sunarak m\u00fc\u015fterilerimiz i\u00e7in s\u00fcreci kolayla\u015ft\u0131r\u0131yoruz. B\u00f6ylece, biletlerinizi sat\u0131n alabilir, sonu\u00e7lar\u0131 kontrol edebilir ve kazan\u0131rsan\u0131z, kazanc\u0131n\u0131z\u0131 do\u011frudan sitemizden nakde \u00e7evirebilirsiniz.<\/p>\n<p>Piyango biletlerinizi \u00f6demek i\u00e7in kullanabilece\u011finiz <a href=\"https:\/\/jackpotlotteryonline.com\/uk\/buy-tickets\/powerball-australia\">\u00e7e\u015fitli se\u00e7eneklerimiz var<\/a>. Ayr\u0131ca, hesab\u0131n\u0131z\u0131 \u00f6nceden birka\u00e7 \u00e7ekili\u015fe otomatik olarak girecek \u015fekilde ayarlayabilirsiniz. M\u00fc\u015fterilerimiz \u00e7ekili\u015f sonu\u00e7lar\u0131n\u0131 kontrol etmek zorunda kalmama l\u00fcks\u00fcn\u00fcn tad\u0131n\u0131 \u00e7\u0131kar\u0131yor \u00e7\u00fcnk\u00fc bir \u015fey kazan\u0131rsan\u0131z size bildirece\u011fiz.<\/p>\n<p>Son olarak, bizimle bir piyango bileti sat\u0131n ald\u0131\u011f\u0131n\u0131zda, se\u00e7ti\u011finiz piyangoyu oynad\u0131\u011f\u0131n\u0131zdan emin olursunuz. Bunun nedeni, farkl\u0131 \u00fclkelerde ilgili numaralar\u0131n\u0131zla fiziksel bileti sat\u0131n alacak temsilcilerimizin olmas\u0131d\u0131r. Bu \u015fekilde, piyangoyu oynamak i\u00e7in fiziksel olarak bir \u00fclkede olman\u0131z gerekmez. Devam edin ve \u015fimdi Powerball Avustralya oynay\u0131n.<\/p>\n","protected":false},"excerpt":{"rendered":"<p>D\u00fcnyan\u0131n d\u00f6rt bir yan\u0131ndaki piyango merakl\u0131lar\u0131n\u0131n Avustralya Powerball&#8217;u oynamak i\u00e7in acele etmelerinin bir nedeni var. 2022 mega ikramiyelerin y\u0131l\u0131 oldu ve bir\u00e7ok oyuncunun uluslararas\u0131 piyangolardan milyonlarca dolar kazand\u0131\u011f\u0131n\u0131 g\u00f6rd\u00fck. T\u00fcm bunlar\u0131n i\u00e7inde, 160 milyon A$&#8217;l\u0131k en b\u00fcy\u00fck ikramiye Ekim 2022&#8217;de kazan\u0131ld\u0131\u011f\u0131 i\u00e7in Powerball AU bir istisna olmad\u0131. Tek bilet sahipleri taraf\u0131ndan kazan\u0131lan birka\u00e7 b\u00fcy\u00fck ikramiye [&hellip;]<\/p>\n","protected":false},"author":1,"featured_media":0,"parent":35727,"menu_order":17,"comment_status":"closed","ping_status":"closed","template":"powerball-au.php","meta":{"_et_pb_use_builder":"","_et_pb_old_content":"","_et_gb_content_width":"","exclude_from_search":false,"footnotes":""},"class_list":["post-39569","page","type-page","status-publish","hentry"],"yoast_head":"<!-- This site is optimized with the Yoast SEO plugin v23.3 - https:\/\/yoast.com\/wordpress\/plugins\/seo\/ -->\n<title>Avustralya d\u0131\u015f\u0131ndan Powerball Avustralya oynay\u0131n<\/title>\n<meta name=\"description\" content=\"Powerball Avustralya oynamak i\u00e7in Avustralya&#039;da ya\u015famak zorunda de\u011filsiniz. Nas\u0131l \u00e7evrimi\u00e7i oynayaca\u011f\u0131n\u0131z\u0131 \u00f6\u011frenin.\" \/>\n<meta name=\"robots\" content=\"index, follow, max-snippet:-1, max-image-preview:large, max-video-preview:-1\" \/>\n<link rel=\"canonical\" href=\"https:\/\/jackpotlotteryonline.com\/tr\/nasil-oynanir\/powerball-australia\/\" \/>\n<meta property=\"og:locale\" content=\"tr_TR\" \/>\n<meta property=\"og:type\" content=\"article\" \/>\n<meta property=\"og:title\" content=\"Avustralya d\u0131\u015f\u0131ndan Powerball Avustralya oynay\u0131n\" \/>\n<meta property=\"og:description\" content=\"Powerball Avustralya oynamak i\u00e7in Avustralya&#039;da ya\u015famak zorunda de\u011filsiniz. Nas\u0131l \u00e7evrimi\u00e7i oynayaca\u011f\u0131n\u0131z\u0131 \u00f6\u011frenin.\" \/>\n<meta property=\"og:url\" content=\"https:\/\/jackpotlotteryonline.com\/tr\/nasil-oynanir\/powerball-australia\/\" \/>\n<meta property=\"og:site_name\" content=\"Lotto Online - Crack The International Lottery Jackpots\" \/>\n<meta property=\"article:modified_time\" content=\"2023-01-03T18:12:45+00:00\" \/>\n<meta property=\"og:image\" content=\"https:\/\/jackpotlotteryonline.com\/wp-content\/uploads\/2022\/11\/1_buy_online_ticket_powerball.jpg\" \/>\n<meta name=\"twitter:card\" content=\"summary_large_image\" \/>\n<meta name=\"twitter:label1\" content=\"Tahmini okuma s\u00fcresi\" \/>\n\t<meta name=\"twitter:data1\" content=\"5 dakika\" \/>\n<!-- \/ Yoast SEO plugin. -->","yoast_head_json":{"title":"Avustralya d\u0131\u015f\u0131ndan Powerball Avustralya oynay\u0131n","description":"Powerball Avustralya oynamak i\u00e7in Avustralya'da ya\u015famak zorunda de\u011filsiniz. Nas\u0131l \u00e7evrimi\u00e7i oynayaca\u011f\u0131n\u0131z\u0131 \u00f6\u011frenin.","robots":{"index":"index","follow":"follow","max-snippet":"max-snippet:-1","max-image-preview":"max-image-preview:large","max-video-preview":"max-video-preview:-1"},"canonical":"https:\/\/jackpotlotteryonline.com\/tr\/nasil-oynanir\/powerball-australia\/","og_locale":"tr_TR","og_type":"article","og_title":"Avustralya d\u0131\u015f\u0131ndan Powerball Avustralya oynay\u0131n","og_description":"Powerball Avustralya oynamak i\u00e7in Avustralya'da ya\u015famak zorunda de\u011filsiniz. Nas\u0131l \u00e7evrimi\u00e7i oynayaca\u011f\u0131n\u0131z\u0131 \u00f6\u011frenin.","og_url":"https:\/\/jackpotlotteryonline.com\/tr\/nasil-oynanir\/powerball-australia\/","og_site_name":"Lotto Online - Crack The International Lottery Jackpots","article_modified_time":"2023-01-03T18:12:45+00:00","og_image":[{"url":"https:\/\/jackpotlotteryonline.com\/wp-content\/uploads\/2022\/11\/1_buy_online_ticket_powerball.jpg"}],"twitter_card":"summary_large_image","twitter_misc":{"Tahmini okuma s\u00fcresi":"5 dakika"},"schema":{"@context":"https:\/\/schema.org","@graph":[{"@type":"WebPage","@id":"https:\/\/jackpotlotteryonline.com\/tr\/nasil-oynanir\/powerball-australia\/","url":"https:\/\/jackpotlotteryonline.com\/tr\/nasil-oynanir\/powerball-australia\/","name":"Avustralya d\u0131\u015f\u0131ndan Powerball Avustralya oynay\u0131n","isPartOf":{"@id":"https:\/\/jackpotlotteryonline.com\/#website"},"primaryImageOfPage":{"@id":"https:\/\/jackpotlotteryonline.com\/tr\/nasil-oynanir\/powerball-australia\/#primaryimage"},"image":{"@id":"https:\/\/jackpotlotteryonline.com\/tr\/nasil-oynanir\/powerball-australia\/#primaryimage"},"thumbnailUrl":"https:\/\/jackpotlotteryonline.com\/wp-content\/uploads\/2022\/11\/1_buy_online_ticket_powerball.jpg","datePublished":"2022-11-28T07:55:12+00:00","dateModified":"2023-01-03T18:12:45+00:00","description":"Powerball Avustralya oynamak i\u00e7in Avustralya'da ya\u015famak zorunda de\u011filsiniz. Nas\u0131l \u00e7evrimi\u00e7i oynayaca\u011f\u0131n\u0131z\u0131 \u00f6\u011frenin.","breadcrumb":{"@id":"https:\/\/jackpotlotteryonline.com\/tr\/nasil-oynanir\/powerball-australia\/#breadcrumb"},"inLanguage":"tr","potentialAction":[{"@type":"ReadAction","target":["https:\/\/jackpotlotteryonline.com\/tr\/nasil-oynanir\/powerball-australia\/"]}]},{"@type":"ImageObject","inLanguage":"tr","@id":"https:\/\/jackpotlotteryonline.com\/tr\/nasil-oynanir\/powerball-australia\/#primaryimage","url":"https:\/\/jackpotlotteryonline.com\/wp-content\/uploads\/2022\/11\/1_buy_online_ticket_powerball.jpg","contentUrl":"https:\/\/jackpotlotteryonline.com\/wp-content\/uploads\/2022\/11\/1_buy_online_ticket_powerball.jpg"},{"@type":"BreadcrumbList","@id":"https:\/\/jackpotlotteryonline.com\/tr\/nasil-oynanir\/powerball-australia\/#breadcrumb","itemListElement":[{"@type":"ListItem","position":1,"name":"Home","item":"https:\/\/jackpotlotteryonline.com\/tr\/"},{"@type":"ListItem","position":2,"name":"Nas\u0131l oynan\u0131r","item":"https:\/\/jackpotlotteryonline.com\/tr\/nasil-oynanir\/"},{"@type":"ListItem","position":3,"name":"Powerball Avustralya online oyna"}]},{"@type":"WebSite","@id":"https:\/\/jackpotlotteryonline.com\/#website","url":"https:\/\/jackpotlotteryonline.com\/","name":"Lotto Online - Crack The International Lottery Jackpots","description":"","potentialAction":[{"@type":"SearchAction","target":{"@type":"EntryPoint","urlTemplate":"https:\/\/jackpotlotteryonline.com\/?s={search_term_string}"},"query-input":"required name=search_term_string"}],"inLanguage":"tr"}]}},"_links":{"self":[{"href":"https:\/\/jackpotlotteryonline.com\/tr\/wp-json\/wp\/v2\/pages\/39569","targetHints":{"allow":["GET"]}}],"collection":[{"href":"https:\/\/jackpotlotteryonline.com\/tr\/wp-json\/wp\/v2\/pages"}],"about":[{"href":"https:\/\/jackpotlotteryonline.com\/tr\/wp-json\/wp\/v2\/types\/page"}],"author":[{"embeddable":true,"href":"https:\/\/jackpotlotteryonline.com\/tr\/wp-json\/wp\/v2\/users\/1"}],"replies":[{"embeddable":true,"href":"https:\/\/jackpotlotteryonline.com\/tr\/wp-json\/wp\/v2\/comments?post=39569"}],"version-history":[{"count":0,"href":"https:\/\/jackpotlotteryonline.com\/tr\/wp-json\/wp\/v2\/pages\/39569\/revisions"}],"up":[{"embeddable":true,"href":"https:\/\/jackpotlotteryonline.com\/tr\/wp-json\/wp\/v2\/pages\/35727"}],"wp:attachment":[{"href":"https:\/\/jackpotlotteryonline.com\/tr\/wp-json\/wp\/v2\/media?parent=39569"}],"curies":[{"name":"wp","href":"https:\/\/api.w.org\/{rel}","templated":true}]}}