{"id":39624,"date":"2022-11-28T10:06:23","date_gmt":"2022-11-28T10:06:23","guid":{"rendered":"https:\/\/jackpotlotteryonline.com\/?page_id=39624"},"modified":"2023-01-03T19:00:44","modified_gmt":"2023-01-03T19:00:44","slug":"saturday-lotto","status":"publish","type":"page","link":"https:\/\/jackpotlotteryonline.com\/tr\/nasil-oynanir\/saturday-lotto\/","title":{"rendered":"Cumartesi Loto&#8217;sunu \u00e7evrimi\u00e7i oyna"},"content":{"rendered":"<p>Cumartesi Loto&#8217;su Avustralya&#8217;n\u0131n pop\u00fcler piyangolar\u0131ndan biridir ve \u00fclkenin d\u00f6rt bir yan\u0131ndaki oyuncular d\u00f6rt g\u00f6zle beklemektedir. Bunun nedenlerinden biri, \u00e7ok say\u0131da milyoner \u00e7\u0131karma ge\u00e7mi\u015fine sahip olmas\u0131d\u0131r. B\u00fcy\u00fck ikramiye 10 milyon AU$&#8217;a kadar \u00e7\u0131kabilmektedir ki bu d\u00fc\u015f\u00fcn\u00fcld\u00fc\u011f\u00fcnde inan\u0131lmaz bir \u00f6d\u00fcld\u00fcr. \u015eimdiye kadar, bu piyangoyu oynayabilmeniz i\u00e7in Avustralya&#8217;da ikamet ediyor olman\u0131z gerekirdi, \u00e7\u00fcnk\u00fc biletler yaln\u0131zca \u00fclkede mevcuttu. \u0130nternetle birlikte, d\u00fcnyan\u0131n her yerinden oyuncular art\u0131k her yerden piyango oynayabildi\u011fi i\u00e7in t\u00fcm bunlar de\u011fi\u015fti.<\/p>\n<p>Yani, Cumartesi loto oynamak istiyorsan\u0131z, tek yapman\u0131z gereken jackpotlotteryonline.com adresini ziyaret ederek <a href=\"https:\/\/jackpotlotteryonline.com\/tr\/bilet-satin-al\/saturday-lotto\">piyango biletinizi almak<\/a>. \u0130lgin\u00e7 bir \u015fekilde, burada t\u00fcm en iyi uluslararas\u0131 piyangolara da bilet alabilirsiniz.<\/p>\n<h2>Cumartesi Loto&#8217;sunun K\u00f6keni<\/h2>\n<p><img loading=\"lazy\" decoding=\"async\" class=\"alignright size-medium wp-image-28103\" src=\"https:\/\/jackpotlotteryonline.com\/wp-content\/uploads\/2022\/11\/1_lotto_jackpot_online-257x300.jpg\" alt=\"Cumartesi loto ikramiyesi\" width=\"257\" height=\"300\" srcset=\"https:\/\/jackpotlotteryonline.com\/wp-content\/uploads\/2022\/11\/1_lotto_jackpot_online-257x300.jpg 257w, https:\/\/jackpotlotteryonline.com\/wp-content\/uploads\/2022\/11\/1_lotto_jackpot_online.jpg 321w\" sizes=\"auto, (max-width: 257px) 100vw, 257px\" \/><\/p>\n<p>\u0130lk \u00e7ekili\u015f 24 Haziran 1972&#8217;de ger\u00e7ekle\u015fmi\u015ftir ve Avustralya&#8217;da kendi t\u00fcr\u00fcndeki ilk loto olmu\u015ftur. Ayn\u0131 zamanda Avustralya&#8217;da en uzun s\u00fcredir devam eden loto&#8217;dur. Avustralya&#8217;n\u0131n farkl\u0131 b\u00f6lgelerindeki oyuncular taraf\u0131ndan farkl\u0131 isimlerle bilinmektedir: Tattslotto, Gold lotto, X lotto ya da sadece loto.<\/p>\n<p>Oynad\u0131\u011f\u0131n\u0131zda garanti edilen minimum ikramiye tutar\u0131 5 milyon AU$&#8217;d\u0131r ve kazanan olmazsa bir sonraki haftaya devretmektedir. Bu loto ile ilgili inan\u0131lmaz olan \u015fey, oyuncular\u0131n b\u00fcy\u00fck ikramiyeyi kazanma olas\u0131l\u0131klar\u0131n\u0131n ger\u00e7ekten y\u00fcksek olmas\u0131d\u0131r. \u0130htimaller o kadar d\u00fc\u015f\u00fckt\u00fcr ki b\u00fcy\u00fck ikramiye \u00f6d\u00fcl\u00fc nadiren devretmektedir \u00e7\u00fcnk\u00fc genellikle her zaman bir kazanan vard\u0131r.<\/p>\n<p>Cumartesi lotosu ayr\u0131ca y\u0131lda bir kez Noel&#8217;den sonra ger\u00e7ekle\u015fen bir mega \u00e7ekili\u015f d\u00fczenler. Mega \u00e7ekili\u015flerin ikramiyesi olduk\u00e7a b\u00fcy\u00fckt\u00fcr ve 30 milyon AU$&#8217;a y\u00fckseltilmi\u015ftir. Mega \u00e7ekili\u015f genellikle birden fazla kazanan \u00fcretir.<\/p>\n<h2>Cumartesi Loto&#8217;su \u00e7evrimi\u00e7i nas\u0131l oynan\u0131r<\/h2>\n<p>Cumartesi Loto&#8217;sunu oynamak i\u00e7in jackpotlotteryonline.com adresini ziyaret edin ve Loto sayfas\u0131na gidin. 1-45 aras\u0131nda alt\u0131 say\u0131 se\u00e7in. Say\u0131lar\u0131n\u0131z\u0131 her zaman manuel olarak se\u00e7ebilir veya rastgele say\u0131lar olu\u015fturmak i\u00e7in otomatik sistemimizi kullanabilirsiniz.<\/p>\n<p><a href=\"https:\/\/jackpotlotteryonline.com\/tr\/kazanan-sayilar\/saturday-lotto\">Ard\u0131ndan, \u00e7ekili\u015fleri girin<\/a>. Asl\u0131nda haftada sadece bir \u00e7ekili\u015f vard\u0131r ve o da Cumartesi g\u00fcn\u00fcd\u00fcr. Bu nedenle ad\u0131: Cumartesi Loto. Ancak, art arda 10 \u00e7ekili\u015fe kadar girmeyi se\u00e7ebilirsiniz. Bu se\u00e7ene\u011fi se\u00e7erseniz, \u00f6n\u00fcm\u00fczdeki 10 hafta boyunca her \u00e7ekili\u015fe otomatik olarak kat\u0131lacaks\u0131n\u0131z.<\/p>\n<p>T\u00fcm bunlar\u0131 yapt\u0131ktan sonra, bir sonraki ad\u0131m \u00f6demenizi i\u015fleme koymakt\u0131r. Oynarken biletinizi g\u00fcvende tutabilmemiz i\u00e7in bize kay\u0131t olman\u0131z\u0131 isteyece\u011fiz. Ayr\u0131ca bir \u015fey kazan\u0131rsan\u0131z sizi bilgilendirece\u011fiz ve ard\u0131ndan kazanc\u0131n\u0131z\u0131 platformumuzdan nakde \u00e7evirebilirsiniz.<\/p>\n<section class=\"layout\" style=\"border: solid 1px; width: 100%;\">\n<div class=\"img-div\" style=\"margin-top: 5px;\"><img decoding=\"async\" class=\"wp-image-17212 alignleft\" style=\"height: 45px; margin: 8px 8px 0px;\" src=\"https:\/\/jackpotlotteryonline.com\/wp-content\/uploads\/2022\/11\/read1.jpg\" alt=\"okuyun\" width=\"\" height=\"\" \/><\/div>\n<div style=\"padding-left: 5px;\">\n<div style=\"font-size: 1.1em;\">\n<p><strong>Numaralar\u0131n\u0131z\u0131 se\u00e7mek i\u00e7in birka\u00e7 p\u00fcf noktas\u0131 ve ipucu<\/strong><\/p>\n<p style=\"font-size: 0.85em; margin-top: -1.5em;\">Kazanma \u015fans\u0131n\u0131z\u0131 art\u0131r\u0131n &#8211; say\u0131lar\u0131n\u0131z\u0131 se\u00e7mek i\u00e7in biraz strateji kullan\u0131n<a href=\"https:\/\/jackpotlotteryonline.com\/tr\/a-few-tricks-and-tips-for-choosing-your-numbers\"> daha fazla oku<\/a><\/p>\n<\/div>\n<\/div>\n<\/section>\n<h2>Avantajlar<\/h2>\n<p>Fiziksel piyango bileti almaya ve kazanman\u0131n getirdi\u011fi tantanaya al\u0131\u015fk\u0131n olanlar i\u00e7in internet \u00fczerinden oynaman\u0131n avantajlar\u0131n\u0131 g\u00f6rmek zor olabilir. Ancak burada birka\u00e7\u0131n\u0131 payla\u015faca\u011f\u0131z.<\/p>\n<p>Cumartesi Loto&#8217;sunu \u00e7evrimi\u00e7i oynamak \u00e7ok kolay. Bilgisayar\u0131n\u0131zdan veya mobil cihaz\u0131n\u0131zdan kolayca oynayabilece\u011finiz i\u00e7in herhangi bir yere gitmek i\u00e7in bulundu\u011funuz yerden ayr\u0131lmak zorunda de\u011filsiniz. Ayr\u0131ca, art\u0131k d\u00fcnyan\u0131n d\u00f6rt bir yan\u0131ndan daha geni\u015f bir piyango \u00e7e\u015fitlili\u011fine eri\u015febilece\u011finiz anlam\u0131na gelir.<\/p>\n<p>Piyango oynaman\u0131n tek avantaj\u0131 bilet sat\u0131n almak de\u011fildir. Belki de en \u00f6nemli avantaj, kazanc\u0131n\u0131z\u0131 kolayca \u00e7ekebilmenizdir. Bu basittir ve kazanc\u0131n\u0131z\u0131 almak i\u00e7in genellikle herhangi bir karma\u015f\u0131k prosed\u00fcrden ge\u00e7meniz gerekmez.<\/p>\n<h2>Cumartesi lotosunu kazanmak<\/h2>\n<p>Loto kazanmak i\u00e7in \u00e7ekilen alt\u0131 say\u0131n\u0131n hepsini tutturman\u0131z gerekir. \u00c7ekilen alt\u0131 say\u0131n\u0131n hepsiyle e\u015fle\u015fen herhangi bir bilet b\u00fcy\u00fck ikramiyeyi kazan\u0131r. Kazanabilece\u011finiz ba\u015fka \u00f6d\u00fcller de var ve bunlardan daha sonra bahsedece\u011fiz. Ancak \u00e7ekilen 3 say\u0131y\u0131 e\u015fle\u015ftirerek bir \u00f6d\u00fcl kazanabilece\u011finizi unutmay\u0131n.<\/p>\n<p>Piyangoyu kazan\u0131rsan\u0131z, kazanc\u0131n\u0131z\u0131 platformumuzdan do\u011frudan hesab\u0131n\u0131za \u00e7ekebilirsiniz.<\/p>\n<p>Kazanc\u0131n\u0131z\u0131n #2500&#8217;den y\u00fcksek oldu\u011fu durumlarda, kazanc\u0131n\u0131z\u0131 do\u011frudan piyango \u015firketinden talep etmeniz gerekece\u011fini l\u00fctfen unutmay\u0131n. Ancak endi\u015felenmeyin, doldurman\u0131z i\u00e7in size bir talep formu vererek bu konuda size yard\u0131mc\u0131 olaca\u011f\u0131z.<\/p>\n<h2>Tamamlay\u0131c\u0131 numaralar<\/h2>\n<p><img loading=\"lazy\" decoding=\"async\" class=\"alignright size-medium wp-image-29183\" src=\"https:\/\/jackpotlotteryonline.com\/wp-content\/uploads\/2022\/11\/1_play_lotto-online-300x199.jpg\" alt=\"Cumartesi loto online oyna\" width=\"300\" height=\"199\" srcset=\"https:\/\/jackpotlotteryonline.com\/wp-content\/uploads\/2022\/11\/1_play_lotto-online-300x199.jpg 300w, https:\/\/jackpotlotteryonline.com\/wp-content\/uploads\/2022\/11\/1_play_lotto-online.jpg 350w\" sizes=\"auto, (max-width: 300px) 100vw, 300px\" \/><\/p>\n<p>\u00d6d\u00fcl b\u00f6l\u00fcmlerini kontrol ederseniz, baz\u0131 b\u00f6l\u00fcmlerin ek say\u0131lardan yararland\u0131\u011f\u0131n\u0131 fark edebilirsiniz. Bunlar sizin se\u00e7ti\u011finiz say\u0131lar de\u011fildir ve ikramiyeyi kazanmakla hi\u00e7bir ilgileri yoktur. Bunlar sadece her \u00e7ekili\u015f s\u0131ras\u0131nda se\u00e7ilen rastgele olu\u015fturulmu\u015f say\u0131lard\u0131r ve 2. ve 5. b\u00f6l\u00fcmleri belirlemek i\u00e7in kullan\u0131l\u0131rlar.<\/p>\n<h2>\u00d6d\u00fcller<\/h2>\n<p>Bu Loto&#8217;nun alt\u0131 farkl\u0131 \u00f6d\u00fcl b\u00f6l\u00fcm\u00fc vard\u0131r ve sadece 3 ana say\u0131y\u0131 e\u015fle\u015ftirerek bir \u00f6d\u00fcl kazanabilirsiniz. Tabii ki, ne kadar \u00e7ok say\u0131 e\u015fle\u015ftirebilirseniz, \u00f6d\u00fcl o kadar y\u00fcksek olur. B\u00f6l\u00fcm 1 \u00f6d\u00fcl\u00fc b\u00fcy\u00fck ikramiyedir ve bu \u00f6d\u00fcle hak kazanmak i\u00e7in 6 say\u0131n\u0131n tamam\u0131n\u0131 e\u015fle\u015ftirmeniz gerekir.<\/p>\n<p>Oyuncular genellikle 1. B\u00f6l\u00fcm \u00f6d\u00fcl\u00fcne, yani di\u011fer \u00f6d\u00fcl b\u00f6l\u00fcmlerini g\u00f6z ard\u0131 ederek b\u00fcy\u00fck ikramiyeye odaklan\u0131rlar. Ancak, bu di\u011fer b\u00f6l\u00fcmlerden de iyi bir miktar kazanman\u0131z m\u00fcmk\u00fcnd\u00fcr. A\u015fa\u011f\u0131da, Cumartesi Loto&#8217;sunun \u00f6d\u00fcl b\u00f6l\u00fcmlerini ve her b\u00f6l\u00fcm\u00fc kazanma olas\u0131l\u0131klar\u0131n\u0131 payla\u015f\u0131yoruz.<\/p>\n<p>1. B\u00f6l\u00fcm: 6 ana numara &#8211; b\u00fcy\u00fck ikramiye (8.145.060&#8217;da 1)<\/p>\n<p>B\u00f6l\u00fcm 2: 5 ana numara + 1 veya 2 ek numara (678.755&#8217;te 1)<\/p>\n<p>B\u00f6l\u00fcm 3: 5 ana numara (36,689&#8217;da 1)<\/p>\n<p>B\u00f6l\u00fcm 4: 4 ana numara (733&#8217;te 1)<\/p>\n<p>B\u00f6l\u00fcm 5: 3 ana numara + 1 veya 2 Ek numara (297&#8217;de 1)<\/p>\n<p>B\u00f6l\u00fcm 6: 3 ana numara (53&#8217;te 1)<\/p>\n<h2>Cumartesi lotosunu oynamak i\u00e7in \u015fimdi kaydolun<\/h2>\n<p>Loto oynamaya haz\u0131rsan\u0131z, loto biletlerinizi buradan sitemizden sat\u0131n alabilirsiniz. \u00c7ekili\u015fe kat\u0131ld\u0131\u011f\u0131n\u0131zda milyonlar kazanma \u015fans\u0131n\u0131 yakalayacaks\u0131n\u0131z.<\/p>\n<p>Buradayken, di\u011fer piyangolara da g\u00f6z atabilirsiniz. En iyi uluslararas\u0131 piyangolardan olu\u015fan geni\u015f bir koleksiyonumuz var ve m\u00fc\u015fterilerimize bu piyangolara eri\u015fim sa\u011fl\u0131yoruz. Nerede ya\u015f\u0131yor olursan\u0131z olun ABD, Avrupa ve Avustralya&#8217;dan piyango biletlerinizi sat\u0131n alabilirsiniz.<\/p>\n<p>Bir numaral\u0131 piyango konsiyerj sitesi olarak, m\u00fc\u015fterilerimize inan\u0131lmaz bir deneyim sunmak i\u00e7in s\u00fcreci kolayla\u015ft\u0131rd\u0131k. Loto oynamak i\u00e7in bug\u00fcn bize kaydolun.<\/p>\n","protected":false},"excerpt":{"rendered":"<p>Cumartesi Loto&#8217;su Avustralya&#8217;n\u0131n pop\u00fcler piyangolar\u0131ndan biridir ve \u00fclkenin d\u00f6rt bir yan\u0131ndaki oyuncular d\u00f6rt g\u00f6zle beklemektedir. Bunun nedenlerinden biri, \u00e7ok say\u0131da milyoner \u00e7\u0131karma ge\u00e7mi\u015fine sahip olmas\u0131d\u0131r. B\u00fcy\u00fck ikramiye 10 milyon AU$&#8217;a kadar \u00e7\u0131kabilmektedir ki bu d\u00fc\u015f\u00fcn\u00fcld\u00fc\u011f\u00fcnde inan\u0131lmaz bir \u00f6d\u00fcld\u00fcr. \u015eimdiye kadar, bu piyangoyu oynayabilmeniz i\u00e7in Avustralya&#8217;da ikamet ediyor olman\u0131z gerekirdi, \u00e7\u00fcnk\u00fc biletler yaln\u0131zca \u00fclkede mevcuttu. \u0130nternetle [&hellip;]<\/p>\n","protected":false},"author":1,"featured_media":0,"parent":35727,"menu_order":18,"comment_status":"closed","ping_status":"closed","template":"saturday-lotto.php","meta":{"_et_pb_use_builder":"","_et_pb_old_content":"","_et_gb_content_width":"","exclude_from_search":false,"footnotes":""},"class_list":["post-39624","page","type-page","status-publish","hentry"],"yoast_head":"<!-- This site is optimized with the Yoast SEO plugin v23.3 - https:\/\/yoast.com\/wordpress\/plugins\/seo\/ -->\n<title>Cumartesi Loto&#039;sunu \u00e7evrimi\u00e7i oynay\u0131n<\/title>\n<meta name=\"description\" content=\"Nerede olursan\u0131z olun \u00e7evrimi\u00e7i oynayarak Cumartesi Loto&#039;suyla b\u00fcy\u00fck kazanma \u015fans\u0131n\u0131n tad\u0131n\u0131 \u00e7\u0131kar\u0131n. Nas\u0131l oldu\u011funu \u00f6\u011frenin.\" \/>\n<meta name=\"robots\" content=\"index, follow, max-snippet:-1, max-image-preview:large, max-video-preview:-1\" \/>\n<link rel=\"canonical\" href=\"https:\/\/jackpotlotteryonline.com\/tr\/nasil-oynanir\/saturday-lotto\/\" \/>\n<meta property=\"og:locale\" content=\"tr_TR\" \/>\n<meta property=\"og:type\" content=\"article\" \/>\n<meta property=\"og:title\" content=\"Cumartesi Loto&#039;sunu \u00e7evrimi\u00e7i oynay\u0131n\" \/>\n<meta property=\"og:description\" content=\"Nerede olursan\u0131z olun \u00e7evrimi\u00e7i oynayarak Cumartesi Loto&#039;suyla b\u00fcy\u00fck kazanma \u015fans\u0131n\u0131n tad\u0131n\u0131 \u00e7\u0131kar\u0131n. Nas\u0131l oldu\u011funu \u00f6\u011frenin.\" \/>\n<meta property=\"og:url\" content=\"https:\/\/jackpotlotteryonline.com\/tr\/nasil-oynanir\/saturday-lotto\/\" \/>\n<meta property=\"og:site_name\" content=\"Lotto Online - Crack The International Lottery Jackpots\" \/>\n<meta property=\"article:modified_time\" content=\"2023-01-03T19:00:44+00:00\" \/>\n<meta property=\"og:image\" content=\"https:\/\/jackpotlotteryonline.com\/wp-content\/uploads\/2022\/11\/1_lotto_jackpot_online-257x300.jpg\" \/>\n<meta name=\"twitter:card\" content=\"summary_large_image\" \/>\n<meta name=\"twitter:label1\" content=\"Tahmini okuma s\u00fcresi\" \/>\n\t<meta name=\"twitter:data1\" content=\"4 dakika\" \/>\n<!-- \/ Yoast SEO plugin. -->","yoast_head_json":{"title":"Cumartesi Loto'sunu \u00e7evrimi\u00e7i oynay\u0131n","description":"Nerede olursan\u0131z olun \u00e7evrimi\u00e7i oynayarak Cumartesi Loto'suyla b\u00fcy\u00fck kazanma \u015fans\u0131n\u0131n tad\u0131n\u0131 \u00e7\u0131kar\u0131n. Nas\u0131l oldu\u011funu \u00f6\u011frenin.","robots":{"index":"index","follow":"follow","max-snippet":"max-snippet:-1","max-image-preview":"max-image-preview:large","max-video-preview":"max-video-preview:-1"},"canonical":"https:\/\/jackpotlotteryonline.com\/tr\/nasil-oynanir\/saturday-lotto\/","og_locale":"tr_TR","og_type":"article","og_title":"Cumartesi Loto'sunu \u00e7evrimi\u00e7i oynay\u0131n","og_description":"Nerede olursan\u0131z olun \u00e7evrimi\u00e7i oynayarak Cumartesi Loto'suyla b\u00fcy\u00fck kazanma \u015fans\u0131n\u0131n tad\u0131n\u0131 \u00e7\u0131kar\u0131n. Nas\u0131l oldu\u011funu \u00f6\u011frenin.","og_url":"https:\/\/jackpotlotteryonline.com\/tr\/nasil-oynanir\/saturday-lotto\/","og_site_name":"Lotto Online - Crack The International Lottery Jackpots","article_modified_time":"2023-01-03T19:00:44+00:00","og_image":[{"url":"https:\/\/jackpotlotteryonline.com\/wp-content\/uploads\/2022\/11\/1_lotto_jackpot_online-257x300.jpg"}],"twitter_card":"summary_large_image","twitter_misc":{"Tahmini okuma s\u00fcresi":"4 dakika"},"schema":{"@context":"https:\/\/schema.org","@graph":[{"@type":"WebPage","@id":"https:\/\/jackpotlotteryonline.com\/tr\/nasil-oynanir\/saturday-lotto\/","url":"https:\/\/jackpotlotteryonline.com\/tr\/nasil-oynanir\/saturday-lotto\/","name":"Cumartesi Loto'sunu \u00e7evrimi\u00e7i oynay\u0131n","isPartOf":{"@id":"https:\/\/jackpotlotteryonline.com\/#website"},"primaryImageOfPage":{"@id":"https:\/\/jackpotlotteryonline.com\/tr\/nasil-oynanir\/saturday-lotto\/#primaryimage"},"image":{"@id":"https:\/\/jackpotlotteryonline.com\/tr\/nasil-oynanir\/saturday-lotto\/#primaryimage"},"thumbnailUrl":"https:\/\/jackpotlotteryonline.com\/wp-content\/uploads\/2022\/11\/1_lotto_jackpot_online-257x300.jpg","datePublished":"2022-11-28T10:06:23+00:00","dateModified":"2023-01-03T19:00:44+00:00","description":"Nerede olursan\u0131z olun \u00e7evrimi\u00e7i oynayarak Cumartesi Loto'suyla b\u00fcy\u00fck kazanma \u015fans\u0131n\u0131n tad\u0131n\u0131 \u00e7\u0131kar\u0131n. Nas\u0131l oldu\u011funu \u00f6\u011frenin.","breadcrumb":{"@id":"https:\/\/jackpotlotteryonline.com\/tr\/nasil-oynanir\/saturday-lotto\/#breadcrumb"},"inLanguage":"tr","potentialAction":[{"@type":"ReadAction","target":["https:\/\/jackpotlotteryonline.com\/tr\/nasil-oynanir\/saturday-lotto\/"]}]},{"@type":"ImageObject","inLanguage":"tr","@id":"https:\/\/jackpotlotteryonline.com\/tr\/nasil-oynanir\/saturday-lotto\/#primaryimage","url":"https:\/\/jackpotlotteryonline.com\/wp-content\/uploads\/2022\/11\/1_lotto_jackpot_online-257x300.jpg","contentUrl":"https:\/\/jackpotlotteryonline.com\/wp-content\/uploads\/2022\/11\/1_lotto_jackpot_online-257x300.jpg"},{"@type":"BreadcrumbList","@id":"https:\/\/jackpotlotteryonline.com\/tr\/nasil-oynanir\/saturday-lotto\/#breadcrumb","itemListElement":[{"@type":"ListItem","position":1,"name":"Home","item":"https:\/\/jackpotlotteryonline.com\/tr\/"},{"@type":"ListItem","position":2,"name":"Nas\u0131l oynan\u0131r","item":"https:\/\/jackpotlotteryonline.com\/tr\/nasil-oynanir\/"},{"@type":"ListItem","position":3,"name":"Cumartesi Loto&#8217;sunu \u00e7evrimi\u00e7i oyna"}]},{"@type":"WebSite","@id":"https:\/\/jackpotlotteryonline.com\/#website","url":"https:\/\/jackpotlotteryonline.com\/","name":"Lotto Online - Crack The International Lottery Jackpots","description":"","potentialAction":[{"@type":"SearchAction","target":{"@type":"EntryPoint","urlTemplate":"https:\/\/jackpotlotteryonline.com\/?s={search_term_string}"},"query-input":"required name=search_term_string"}],"inLanguage":"tr"}]}},"_links":{"self":[{"href":"https:\/\/jackpotlotteryonline.com\/tr\/wp-json\/wp\/v2\/pages\/39624","targetHints":{"allow":["GET"]}}],"collection":[{"href":"https:\/\/jackpotlotteryonline.com\/tr\/wp-json\/wp\/v2\/pages"}],"about":[{"href":"https:\/\/jackpotlotteryonline.com\/tr\/wp-json\/wp\/v2\/types\/page"}],"author":[{"embeddable":true,"href":"https:\/\/jackpotlotteryonline.com\/tr\/wp-json\/wp\/v2\/users\/1"}],"replies":[{"embeddable":true,"href":"https:\/\/jackpotlotteryonline.com\/tr\/wp-json\/wp\/v2\/comments?post=39624"}],"version-history":[{"count":0,"href":"https:\/\/jackpotlotteryonline.com\/tr\/wp-json\/wp\/v2\/pages\/39624\/revisions"}],"up":[{"embeddable":true,"href":"https:\/\/jackpotlotteryonline.com\/tr\/wp-json\/wp\/v2\/pages\/35727"}],"wp:attachment":[{"href":"https:\/\/jackpotlotteryonline.com\/tr\/wp-json\/wp\/v2\/media?parent=39624"}],"curies":[{"name":"wp","href":"https:\/\/api.w.org\/{rel}","templated":true}]}}