{"id":39676,"date":"2022-11-28T12:59:18","date_gmt":"2022-11-28T12:59:18","guid":{"rendered":"https:\/\/jackpotlotteryonline.com\/?page_id=39676"},"modified":"2022-12-31T13:31:44","modified_gmt":"2022-12-31T13:31:44","slug":"saturday-lotto-2","status":"publish","type":"page","link":"https:\/\/jackpotlotteryonline.com\/tr\/nasil-oynanir\/saturday-lotto-2\/","title":{"rendered":"Set For Life online oyna"},"content":{"rendered":"<p>D\u00fcnya \u00e7ap\u0131nda \u00e7ok daha fazla bahis\u00e7i, hayatlar\u0131n\u0131n geri kalan\u0131 i\u00e7in haz\u0131r olman\u0131n g\u00fczelli\u011fini fark etmeye ba\u015fl\u0131yor. \u0130\u015fte Birle\u015fik Krall\u0131k Set for Life piyangosunun oyunculara sundu\u011fu \u015fey de bu: 30 y\u0131l boyunca her ay 10.000 \u00a3 kazanma \u015fans\u0131. Buna y\u0131ll\u0131k gelir piyangosu denmesinin nedeni, kazanan\u0131n toplu bir para almamas\u0131d\u0131r. \u0130lk bak\u0131\u015fta milyarlarca avro kazanmak kadar cazip g\u00f6r\u00fcnmeyebilir. Ancak, tek seferde bu kadar \u00e7ok paray\u0131 idare etme konusunda pek rahat olmayan baz\u0131 oyuncular var. Ayr\u0131ca, birka\u00e7 y\u0131l sonra be\u015f paras\u0131z kalan piyango kazananlar\u0131 hakk\u0131nda okumu\u015ftuk. Bu Birle\u015fik Krall\u0131k piyangosunda, kazanan her ay hatas\u0131z 10.000 \u00a3 ald\u0131\u011f\u0131 i\u00e7in bunun ger\u00e7ekle\u015fme \u015fans\u0131 yoktur.<\/p>\n<p>Bu Birle\u015fik Krall\u0131k y\u0131ll\u0131k gelirini Birle\u015fik Krall\u0131k d\u0131\u015f\u0131ndan nas\u0131l oynayabilece\u011finizi merak ediyorsan\u0131z, \u015fansl\u0131s\u0131n\u0131z. Burada, piyangoyu nas\u0131l oynayaca\u011f\u0131n\u0131z\u0131 ve Birle\u015fik Krall\u0131k d\u0131\u015f\u0131ndan oynamak i\u00e7in ipu\u00e7lar\u0131n\u0131 payla\u015faca\u011f\u0131z.<\/p>\n<h2>Set For Life&#8217;\u0131 Birle\u015fik Krall\u0131k d\u0131\u015f\u0131ndan oynayabilir misiniz?<\/h2>\n<p><img loading=\"lazy\" decoding=\"async\" class=\"alignright size-medium wp-image-27941\" src=\"http:\/\/jackpotlotteryonline.com\/wp-content\/uploads\/2022\/11\/1_lottery_winner_ticket-200x300.jpg\" alt=\"Set for life ile b\u00fcy\u00fck kazan\u0131n\" width=\"200\" height=\"300\" srcset=\"https:\/\/jackpotlotteryonline.com\/wp-content\/uploads\/2022\/11\/1_lottery_winner_ticket-200x300.jpg 200w, https:\/\/jackpotlotteryonline.com\/wp-content\/uploads\/2022\/11\/1_lottery_winner_ticket.jpg 320w\" sizes=\"auto, (max-width: 200px) 100vw, 200px\" \/><\/p>\n<p>Set For Life esasen bir Birle\u015fik Krall\u0131k piyangosu olabilir, ancak her ay b\u00fcy\u00fck kazanma arzusu her yerdeki bahis\u00e7iler taraf\u0131ndan payla\u015f\u0131lan bir arzudur. D\u00fcr\u00fcst olal\u0131m, 30 y\u0131l boyunca her ay 10.000 \u00a3 kazanma d\u00fc\u015f\u00fcncesi kimin ho\u015funa gitmez ki? Set For Life genellikle sadece \u0130ngiltere&#8217;de oynan\u0131r, \u00e7\u00fcnk\u00fc biletler orada sat\u0131l\u0131r. Ancak oyuncular art\u0131k her yerden bilet sat\u0131n alabiliyor.<\/p>\n<p>\u0130nternet pek \u00e7ok \u015feyi m\u00fcmk\u00fcn k\u0131ld\u0131, \u00f6zellikle de bilgiye eri\u015fimi. Art\u0131k d\u00fcnyan\u0131n her yerinden bahis\u00e7iler Set For Life da dahil olmak \u00fczere en iyi uluslararas\u0131 piyangolara bilet sat\u0131n alabiliyor. Bu nedenle, Birle\u015fik Krall\u0131k d\u0131\u015f\u0131nda bir oyuncuysan\u0131z, jackpotlotteryonline.com adresini ziyaret ederek <a href=\"https:\/\/jackpotlotteryonline.com\/tr\/bilet-satin-al\/set-for-life\">Birle\u015fik Krall\u0131k y\u0131ll\u0131k gelir piyangosu i\u00e7in kolayca bilet sat\u0131n<\/a> alabilirsiniz.<\/p>\n<p>Hayat\u0131n\u0131z\u0131n geri kalan\u0131 i\u00e7in haz\u0131r olma d\u00fc\u015f\u00fcncesinden ho\u015flan\u0131yorsan\u0131z, \u015fimdi acele edin ve bir sonraki \u00e7ekili\u015ften \u00f6nce bir bilet al\u0131n.<\/p>\n<h2>Nas\u0131l oynan\u0131r<\/h2>\n<p>Birle\u015fik Krall\u0131k piyangosunu oynamak i\u00e7in oyuncular\u0131n 1&#8217;den 47&#8217;ye kadar 5 say\u0131 ve 1&#8217;den 10&#8217;a kadar 1 Life Ball say\u0131s\u0131 se\u00e7meleri gerekir. Ard\u0131ndan, girmek istedi\u011finiz <a href=\"https:\/\/jackpotlotteryonline.com\/tr\/kazanan-sayilar\/set-for-life\">\u00e7ekili\u015f g\u00fcnlerini ve<\/a> oynamak istedi\u011finiz hafta say\u0131s\u0131n\u0131 se\u00e7ersiniz.<\/p>\n<p>Sitemizi kulland\u0131\u011f\u0131n\u0131zda, say\u0131lar\u0131n\u0131z\u0131 rastgele se\u00e7mek i\u00e7in say\u0131 \u00fcretecimizi kullanabilirsiniz. Ayr\u0131ca, her \u00e7ekili\u015fe birka\u00e7 hafta \u00f6nceden otomatik olarak kat\u0131lacak \u015fekilde ayarlayabilirsiniz. Bu \u015fekilde, bir \u00e7ekili\u015fi ka\u00e7\u0131rma konusunda endi\u015felenmenize gerek kalmaz. Ayr\u0131ca, ham sonu\u00e7lar\u0131 do\u011frudan burada sitemizde yay\u0131nl\u0131yoruz.<\/p>\n<p>Set For Life \u00e7ekili\u015fleri her Pazartesi ve Per\u015fembe gecesi yap\u0131lmaktad\u0131r. Bizimle piyango oynamak, biletinizi kapanmadan \u00f6nce almad\u0131\u011f\u0131n\u0131z i\u00e7in bir \u00e7ekili\u015fi ka\u00e7\u0131rmak zorunda kalmayaca\u011f\u0131n\u0131z anlam\u0131na gelir.<\/p>\n<h2>\u00c7evrimi\u00e7i oynamak i\u00e7in ipu\u00e7lar\u0131<\/h2>\n<p>Piyango biletinizi internet \u00fczerinden sat\u0131n almadan \u00f6nce birka\u00e7 \u015feyi bilmeniz \u00f6nemlidir. Bunlar, daha keyifli bir oyun deneyimi ya\u015faman\u0131za yard\u0131mc\u0131 olacak baz\u0131 ipu\u00e7lar\u0131d\u0131r.<\/p>\n<ul>\n<li>Piyango biletlerinizi sat\u0131n almak i\u00e7in her zaman bir konsiyerj sitesi kullan\u0131n<\/li>\n<li>Kazanc\u0131n\u0131z\u0131 siteden sorunsuz bir \u015fekilde \u00e7ekebilece\u011finizden emin olun<\/li>\n<li>Kazanma \u015fans\u0131n\u0131z\u0131 art\u0131rmak i\u00e7in birden fazla bilet sat\u0131n al\u0131n ve birden fazla \u00e7ekili\u015fe kat\u0131l\u0131n<\/li>\n<li>Bir \u00f6d\u00fcl kazand\u0131\u011f\u0131n\u0131zda size (e-posta yoluyla) haber verecek bir site kullan\u0131n<\/li>\n<\/ul>\n<h2>Set For Life \u00f6d\u00fcl kategorileri<\/h2>\n<div id=\"attachment_27779\" style=\"width: 222px\" class=\"wp-caption alignright\"><img loading=\"lazy\" decoding=\"async\" aria-describedby=\"caption-attachment-27779\" class=\"size-full wp-image-27779\" src=\"http:\/\/jackpotlotteryonline.com\/wp-content\/uploads\/2022\/11\/1_lottery_ticket.jpg\" alt=\"Set for life nas\u0131l oynan\u0131r\" width=\"212\" height=\"142\" \/><p id=\"caption-attachment-27779\" class=\"wp-caption-text\">Ah\u015fap masa \u00fczerinde kalemle piyango bileti doldurma, yak\u0131n \u00e7ekim. Metin i\u00e7in bo\u015fluk<\/p><\/div>\n<p>\u0130ngiltere&#8217;deki bu piyangonun en b\u00fcy\u00fck \u00f6d\u00fcl\u00fc, \u00f6n\u00fcm\u00fczdeki 30 y\u0131l boyunca her ay 10.000 Sterlin gibi inan\u0131lmaz bir rakam. Bu, 30 y\u0131l boyunca tatil yapmak i\u00e7in ayda 10 bin sterlin almak gibi bir \u015fey. Bu \u00f6d\u00fcl pek \u00e7ok oyuncuyu heyecanland\u0131ran bir \u00f6d\u00fcld\u00fcr. Ancak daha da heyecan verici olan, bu piyangonun ba\u015fka heyecan verici \u00f6d\u00fcl seviyelerine de sahip olmas\u0131d\u0131r. \u0130\u015fte \u00f6d\u00fcl kategorileri.<\/p>\n<p>Kategori 1: 5 say\u0131 + Ya\u015fam Topunu e\u015fle\u015ftirin &#8211; 30 y\u0131l boyunca her ay 10.000 \u00a3<\/p>\n<p>Kategori 2: Yaln\u0131zca 5 numaray\u0131 e\u015fle\u015ftirin &#8211; 1 y\u0131l boyunca her ay 10.000 \u00a3<\/p>\n<p>Kategori 3: 4 say\u0131y\u0131 e\u015fle\u015ftir + Ya\u015fam Topu &#8211; \u00a3250<\/p>\n<p>Kategori 4: Sadece 4 say\u0131y\u0131 e\u015fle\u015ftirin &#8211; \u00a350<\/p>\n<p>Kategori 5: 3 say\u0131y\u0131 e\u015fle\u015ftir + Ya\u015fam Topu &#8211; \u00a330<\/p>\n<p>Kategori 6: Sadece 3 say\u0131y\u0131 e\u015fle\u015ftirin &#8211; \u00a320<\/p>\n<p>Kategori 7: 2 say\u0131y\u0131 e\u015fle\u015ftir + Ya\u015fam Topu &#8211; \u00a310<\/p>\n<p>Kategori 8 Sadece 2 numara e\u015fle\u015ftirin &#8211; \u00a35<\/p>\n<section class=\"layout\" style=\"border: solid 1px; width: 100%;\">\n<div class=\"img-div\" style=\"margin-top: 5px;\"><img decoding=\"async\" class=\"wp-image-17212 alignleft\" style=\"height: 45px; margin: 8px 8px 0px;\" src=\"http:\/\/jackpotlotteryonline.com\/wp-content\/uploads\/2022\/11\/read1.jpg\" alt=\"Okuyun \" width=\"\" height=\"\" \/><\/div>\n<div style=\"padding-left: 5px;\">\n<div style=\"font-size: 1.1em;\">\n<p><strong>Baz\u0131 piyango talihlileri topluma geri d\u00f6nd\u00fc<\/strong><\/p>\n<p style=\"font-size: 0.85em; margin-top: -1.5em;\">Geri \u00f6deme yapan piyango kazananlar\u0131 hakk\u0131nda baz\u0131 ilgin\u00e7 ve i\u00e7 a\u00e7\u0131c\u0131 hikayeler <a href=\"https:\/\/jackpotlotteryonline.com\/tr\/piyango-kazananlari-geri-verme-hakkinda-hikayeler\">daha fazla oku<\/a><\/p>\n<\/div>\n<\/div>\n<\/section>\n<h2>Birle\u015fik Krall\u0131k y\u0131ll\u0131k gelir piyangosunu bug\u00fcn burada oynay\u0131n<\/h2>\n<p>D\u00fcnyan\u0131n d\u00f6rt bir yan\u0131ndaki oyuncular\u0131n en iyi uluslararas\u0131 piyangolara eri\u015fmesini m\u00fcmk\u00fcn k\u0131lan bir konsiyerj piyango sitesiyiz. Piyango biletlerinizi bizden ald\u0131\u011f\u0131n\u0131zda, hi\u00e7bir g\u00fc\u00e7l\u00fckle kar\u015f\u0131la\u015fmadan piyango oynaman\u0131n keyfini \u00e7\u0131kar\u0131rs\u0131n\u0131z.<\/p>\n<p>Herhangi bir \u00f6d\u00fcl kazan\u0131rsan\u0131z, kazanc\u0131n\u0131z\u0131 sitemizden kolayca \u00e7ekebilirsiniz. Bunu bu kadar basit hale getiriyoruz. Ve \u00f6d\u00fcl\u00fcn\u00fcz belirli bir miktardan fazlaysa, kazanc\u0131n\u0131z\u0131 tahsil edebilmeniz i\u00e7in size bir talep formu konusunda yard\u0131mc\u0131 olaca\u011f\u0131z.<\/p>\n<p>Yapt\u0131\u011f\u0131m\u0131z her \u015fey, m\u00fc\u015fterilerimiz i\u00e7in sorunsuz bir piyango deneyimi sa\u011flamay\u0131 hedefliyor. \u00d6yleyse devam edin ve UK Set for Life piyangosuna bug\u00fcn kat\u0131l\u0131n.<\/p>\n","protected":false},"excerpt":{"rendered":"<p>D\u00fcnya \u00e7ap\u0131nda \u00e7ok daha fazla bahis\u00e7i, hayatlar\u0131n\u0131n geri kalan\u0131 i\u00e7in haz\u0131r olman\u0131n g\u00fczelli\u011fini fark etmeye ba\u015fl\u0131yor. \u0130\u015fte Birle\u015fik Krall\u0131k Set for Life piyangosunun oyunculara sundu\u011fu \u015fey de bu: 30 y\u0131l boyunca her ay 10.000 \u00a3 kazanma \u015fans\u0131. Buna y\u0131ll\u0131k gelir piyangosu denmesinin nedeni, kazanan\u0131n toplu bir para almamas\u0131d\u0131r. \u0130lk bak\u0131\u015fta milyarlarca avro kazanmak kadar cazip [&hellip;]<\/p>\n","protected":false},"author":1,"featured_media":0,"parent":35727,"menu_order":11,"comment_status":"closed","ping_status":"closed","template":"set-for-life.php","meta":{"_et_pb_use_builder":"","_et_pb_old_content":"","_et_gb_content_width":"","exclude_from_search":false,"footnotes":""},"class_list":["post-39676","page","type-page","status-publish","hentry"],"yoast_head":"<!-- This site is optimized with the Yoast SEO plugin v23.3 - https:\/\/yoast.com\/wordpress\/plugins\/seo\/ -->\n<title>Birle\u015fik Krall\u0131k d\u0131\u015f\u0131ndan Ya\u015fam i\u00e7in Oyun Seti<\/title>\n<meta name=\"description\" content=\"Birle\u015fik Krall\u0131k y\u0131ll\u0131k gelir piyangosunu \u00e7evrimi\u00e7i oynay\u0131n ve hayat\u0131n\u0131z\u0131n geri kalan\u0131n\u0131 belirleme \u015fans\u0131n\u0131 kazan\u0131n.\" \/>\n<meta name=\"robots\" content=\"index, follow, max-snippet:-1, max-image-preview:large, max-video-preview:-1\" \/>\n<link rel=\"canonical\" href=\"https:\/\/jackpotlotteryonline.com\/tr\/nasil-oynanir\/saturday-lotto-2\/\" \/>\n<meta property=\"og:locale\" content=\"tr_TR\" \/>\n<meta property=\"og:type\" content=\"article\" \/>\n<meta property=\"og:title\" content=\"Birle\u015fik Krall\u0131k d\u0131\u015f\u0131ndan Ya\u015fam i\u00e7in Oyun Seti\" \/>\n<meta property=\"og:description\" content=\"Birle\u015fik Krall\u0131k y\u0131ll\u0131k gelir piyangosunu \u00e7evrimi\u00e7i oynay\u0131n ve hayat\u0131n\u0131z\u0131n geri kalan\u0131n\u0131 belirleme \u015fans\u0131n\u0131 kazan\u0131n.\" \/>\n<meta property=\"og:url\" content=\"https:\/\/jackpotlotteryonline.com\/tr\/nasil-oynanir\/saturday-lotto-2\/\" \/>\n<meta property=\"og:site_name\" content=\"Lotto Online - Crack The International Lottery Jackpots\" \/>\n<meta property=\"article:modified_time\" content=\"2022-12-31T13:31:44+00:00\" \/>\n<meta property=\"og:image\" content=\"http:\/\/jackpotlotteryonline.com\/wp-content\/uploads\/2022\/11\/1_lottery_winner_ticket-200x300.jpg\" \/>\n<meta name=\"twitter:card\" content=\"summary_large_image\" \/>\n<meta name=\"twitter:label1\" content=\"Tahmini okuma s\u00fcresi\" \/>\n\t<meta name=\"twitter:data1\" content=\"4 dakika\" \/>\n<!-- \/ Yoast SEO plugin. -->","yoast_head_json":{"title":"Birle\u015fik Krall\u0131k d\u0131\u015f\u0131ndan Ya\u015fam i\u00e7in Oyun Seti","description":"Birle\u015fik Krall\u0131k y\u0131ll\u0131k gelir piyangosunu \u00e7evrimi\u00e7i oynay\u0131n ve hayat\u0131n\u0131z\u0131n geri kalan\u0131n\u0131 belirleme \u015fans\u0131n\u0131 kazan\u0131n.","robots":{"index":"index","follow":"follow","max-snippet":"max-snippet:-1","max-image-preview":"max-image-preview:large","max-video-preview":"max-video-preview:-1"},"canonical":"https:\/\/jackpotlotteryonline.com\/tr\/nasil-oynanir\/saturday-lotto-2\/","og_locale":"tr_TR","og_type":"article","og_title":"Birle\u015fik Krall\u0131k d\u0131\u015f\u0131ndan Ya\u015fam i\u00e7in Oyun Seti","og_description":"Birle\u015fik Krall\u0131k y\u0131ll\u0131k gelir piyangosunu \u00e7evrimi\u00e7i oynay\u0131n ve hayat\u0131n\u0131z\u0131n geri kalan\u0131n\u0131 belirleme \u015fans\u0131n\u0131 kazan\u0131n.","og_url":"https:\/\/jackpotlotteryonline.com\/tr\/nasil-oynanir\/saturday-lotto-2\/","og_site_name":"Lotto Online - Crack The International Lottery Jackpots","article_modified_time":"2022-12-31T13:31:44+00:00","og_image":[{"url":"http:\/\/jackpotlotteryonline.com\/wp-content\/uploads\/2022\/11\/1_lottery_winner_ticket-200x300.jpg"}],"twitter_card":"summary_large_image","twitter_misc":{"Tahmini okuma s\u00fcresi":"4 dakika"},"schema":{"@context":"https:\/\/schema.org","@graph":[{"@type":"WebPage","@id":"https:\/\/jackpotlotteryonline.com\/tr\/nasil-oynanir\/saturday-lotto-2\/","url":"https:\/\/jackpotlotteryonline.com\/tr\/nasil-oynanir\/saturday-lotto-2\/","name":"Birle\u015fik Krall\u0131k d\u0131\u015f\u0131ndan Ya\u015fam i\u00e7in Oyun Seti","isPartOf":{"@id":"https:\/\/jackpotlotteryonline.com\/#website"},"primaryImageOfPage":{"@id":"https:\/\/jackpotlotteryonline.com\/tr\/nasil-oynanir\/saturday-lotto-2\/#primaryimage"},"image":{"@id":"https:\/\/jackpotlotteryonline.com\/tr\/nasil-oynanir\/saturday-lotto-2\/#primaryimage"},"thumbnailUrl":"http:\/\/jackpotlotteryonline.com\/wp-content\/uploads\/2022\/11\/1_lottery_winner_ticket-200x300.jpg","datePublished":"2022-11-28T12:59:18+00:00","dateModified":"2022-12-31T13:31:44+00:00","description":"Birle\u015fik Krall\u0131k y\u0131ll\u0131k gelir piyangosunu \u00e7evrimi\u00e7i oynay\u0131n ve hayat\u0131n\u0131z\u0131n geri kalan\u0131n\u0131 belirleme \u015fans\u0131n\u0131 kazan\u0131n.","breadcrumb":{"@id":"https:\/\/jackpotlotteryonline.com\/tr\/nasil-oynanir\/saturday-lotto-2\/#breadcrumb"},"inLanguage":"tr","potentialAction":[{"@type":"ReadAction","target":["https:\/\/jackpotlotteryonline.com\/tr\/nasil-oynanir\/saturday-lotto-2\/"]}]},{"@type":"ImageObject","inLanguage":"tr","@id":"https:\/\/jackpotlotteryonline.com\/tr\/nasil-oynanir\/saturday-lotto-2\/#primaryimage","url":"http:\/\/jackpotlotteryonline.com\/wp-content\/uploads\/2022\/11\/1_lottery_winner_ticket-200x300.jpg","contentUrl":"http:\/\/jackpotlotteryonline.com\/wp-content\/uploads\/2022\/11\/1_lottery_winner_ticket-200x300.jpg"},{"@type":"BreadcrumbList","@id":"https:\/\/jackpotlotteryonline.com\/tr\/nasil-oynanir\/saturday-lotto-2\/#breadcrumb","itemListElement":[{"@type":"ListItem","position":1,"name":"Home","item":"https:\/\/jackpotlotteryonline.com\/tr\/"},{"@type":"ListItem","position":2,"name":"Nas\u0131l oynan\u0131r","item":"https:\/\/jackpotlotteryonline.com\/tr\/nasil-oynanir\/"},{"@type":"ListItem","position":3,"name":"Set For Life online oyna"}]},{"@type":"WebSite","@id":"https:\/\/jackpotlotteryonline.com\/#website","url":"https:\/\/jackpotlotteryonline.com\/","name":"Lotto Online - Crack The International Lottery Jackpots","description":"","potentialAction":[{"@type":"SearchAction","target":{"@type":"EntryPoint","urlTemplate":"https:\/\/jackpotlotteryonline.com\/?s={search_term_string}"},"query-input":"required name=search_term_string"}],"inLanguage":"tr"}]}},"_links":{"self":[{"href":"https:\/\/jackpotlotteryonline.com\/tr\/wp-json\/wp\/v2\/pages\/39676","targetHints":{"allow":["GET"]}}],"collection":[{"href":"https:\/\/jackpotlotteryonline.com\/tr\/wp-json\/wp\/v2\/pages"}],"about":[{"href":"https:\/\/jackpotlotteryonline.com\/tr\/wp-json\/wp\/v2\/types\/page"}],"author":[{"embeddable":true,"href":"https:\/\/jackpotlotteryonline.com\/tr\/wp-json\/wp\/v2\/users\/1"}],"replies":[{"embeddable":true,"href":"https:\/\/jackpotlotteryonline.com\/tr\/wp-json\/wp\/v2\/comments?post=39676"}],"version-history":[{"count":0,"href":"https:\/\/jackpotlotteryonline.com\/tr\/wp-json\/wp\/v2\/pages\/39676\/revisions"}],"up":[{"embeddable":true,"href":"https:\/\/jackpotlotteryonline.com\/tr\/wp-json\/wp\/v2\/pages\/35727"}],"wp:attachment":[{"href":"https:\/\/jackpotlotteryonline.com\/tr\/wp-json\/wp\/v2\/media?parent=39676"}],"curies":[{"name":"wp","href":"https:\/\/api.w.org\/{rel}","templated":true}]}}