{"id":39734,"date":"2022-11-29T08:43:38","date_gmt":"2022-11-29T08:43:38","guid":{"rendered":"https:\/\/jackpotlotteryonline.com\/?page_id=39734"},"modified":"2023-01-03T10:30:14","modified_gmt":"2023-01-03T10:30:14","slug":"new-york-lottery-2","status":"publish","type":"page","link":"https:\/\/jackpotlotteryonline.com\/tr\/nasil-oynanir\/new-york-lottery-2\/","title":{"rendered":"New York loto online oyna"},"content":{"rendered":"<p>New York lotosunun tarihi iyi i\u015fler ve genel olarak pozitiflikle doludur. Eyaletteki e\u011fitime yard\u0131mc\u0131 olmak i\u00e7in olu\u015fturulmu\u015f bir piyango olarak, e\u011flenceleriyle birlikte biraz fedakarl\u0131ktan ho\u015flanan bahis\u00e7iler i\u00e7in iyi bir se\u00e7enektir. Temel olarak, d\u00fcnyaya iyi bir katk\u0131da bulundu\u011funuzu hissetmenizi sa\u011flayan bir piyango istiyorsan\u0131z, New York lotosunu d\u00fc\u015f\u00fcnmelisiniz.<\/p>\n<p>\u00c7o\u011fu oyuncu i\u00e7in as\u0131l soru, d\u00fcnyan\u0131n farkl\u0131 bir yerinden bu piyangoya nas\u0131l kat\u0131lacaklar\u0131d\u0131r. Muhtemelen ad\u0131ndan da tahmin etti\u011finiz gibi, New York lotosu ABD&#8217;deki New York eyaletinin devlet piyangosudur. Dolay\u0131s\u0131yla, bu eyalette ya\u015fayan loto merakl\u0131lar\u0131na a\u00e7\u0131kt\u0131r ve piyango biletlerine eyaletteki bayilerden kolayca eri\u015filebilir. Eyalet d\u0131\u015f\u0131nda &#8211; hatta tamamen farkl\u0131 bir k\u0131tada &#8211; ya\u015f\u0131yorsan\u0131z, bu tamamen farkl\u0131 bir hikaye.<\/p>\n<p>Ama asla korkmay\u0131n, size d\u00fcnyan\u0131n herhangi bir yerinden piyango bileti sat\u0131n alman\u0131n en iyi yolunu g\u00f6sterece\u011fiz. Bir sonraki \u00e7ekili\u015fe kat\u0131lmak i\u00e7in aceleniz varsa, ba\u015flamak i\u00e7in neden jackpotlotteryonline.com adresini ziyaret etmiyorsunuz?<\/p>\n<h2>New York loto oynamak i\u00e7in ipu\u00e7lar\u0131<\/h2>\n<p>\u015eimdi, burada bulunma sebebimize gelelim; New York lotosunu her yerden nas\u0131l oynayaca\u011f\u0131m\u0131za. Ayr\u0131nt\u0131lara girmeden \u00f6nce, loto oynamak i\u00e7in birka\u00e7 ipucu payla\u015fmak muhtemelen iyi bir fikir olacakt\u0131r. Her ne kadar burada belirli bir loto hakk\u0131nda konu\u015fuyor olsak da, bu ipu\u00e7lar\u0131 di\u011fer en iyi uluslararas\u0131 lotolar i\u00e7in de ge\u00e7erlidir, bu arada buraya da girebilirsiniz.<\/p>\n<p><strong>Bununla birlikte, i\u015fte New York lotosunu oynamak i\u00e7in ipu\u00e7lar\u0131m\u0131z:<\/strong><\/p>\n<ul>\n<li>Numaralar\u0131n\u0131z\u0131 dikkatlice se\u00e7in. Hangi numaralar\u0131n loto kazanaca\u011f\u0131n\u0131 tahmin etmenin ger\u00e7ek bir yolu olmad\u0131\u011f\u0131 do\u011frudur, ancak sizin i\u00e7in bir anlam ifade eden numaralar\u0131 se\u00e7me konusunda s\u00f6ylenecek bir \u015fey vard\u0131r.<\/li>\n<li>Bonus numaras\u0131na dikkat edin. Ve bu, pek \u00e7ok oyuncunun ger\u00e7ekten anlamad\u0131\u011f\u0131 bir \u015feydir; kazanabilece\u011finiz tek \u015feyin ikramiye olmad\u0131\u011f\u0131 ger\u00e7e\u011fi. Bonus numaras\u0131, ikinci kademe \u00f6d\u00fcl\u00fc belirleyen \u015feydir ve bu da eve gitmek i\u00e7in sa\u011fl\u0131kl\u0131 bir miktard\u0131r.<\/li>\n<li>\u00c7ekili\u015fleri ka\u00e7\u0131rmay\u0131n. E\u011fer kazanmak i\u00e7in bu i\u015fin i\u00e7indeyseniz o zaman \u00e7ekili\u015flere kat\u0131lmaya odaklanmal\u0131s\u0131n\u0131z. New York lotosunun \u00c7ar\u015famba ve Cumartesi olmak \u00fczere haftada iki \u00e7ekili\u015fi vard\u0131r. Her iki \u00e7ekili\u015fe de kat\u0131lmak i\u00e7in \u00e7aba g\u00f6sterin. \u00c7ekili\u015flere birka\u00e7 hafta \u00f6nceden de girebilirsiniz (nas\u0131l yapaca\u011f\u0131n\u0131z\u0131 daha sonra g\u00f6sterece\u011fiz).<\/li>\n<\/ul>\n<h2>\u00c7evrimd\u0131\u015f\u0131 vs \u00c7evrimi\u00e7i<\/h2>\n<p><img loading=\"lazy\" decoding=\"async\" class=\"alignright size-full wp-image-31505\" src=\"http:\/\/jackpotlotteryonline.com\/wp-content\/uploads\/2022\/11\/lotto2-300x84-1.png\" alt=\"New York loto online oyna \" width=\"300\" height=\"84\" \/>\u00c7evrimi\u00e7i ve \u00e7evrimd\u0131\u015f\u0131 piyango oynamak aras\u0131ndaki fark nedir ve herhangi bir avantaj\u0131 var m\u0131? Evet, bu sorular\u0131 \u00e7ok duyuyoruz ve bunlar ge\u00e7erli sorular. \u00d6rne\u011fin NYC&#8217;de ya\u015f\u0131yorsan\u0131z, piyangoya \u00e7evrimi\u00e7i olarak girmenin herhangi bir avantaj\u0131 olup olmad\u0131\u011f\u0131n\u0131 merak etmeniz do\u011fald\u0131r. Size bir tane verebiliriz: kolayl\u0131k.<\/p>\n<p>Hangi sat\u0131c\u0131n\u0131n hangi piyango biletini satt\u0131\u011f\u0131n\u0131 bulmaya \u00e7al\u0131\u015fmak, \u00f6zellikle bilet sat\u0131\u015flar\u0131 kapanmadan \u00f6nce ay\u0131racak sadece birka\u00e7 dakikan\u0131z varsa stresli olabilir. Ayr\u0131ca, birden fazla piyangoya kat\u0131lmak isteyebilirsiniz ve bir sat\u0131c\u0131dan di\u011ferine ge\u00e7meniz gerekiyorsa bu sadece da\u011f\u0131n\u0131k hale gelir.<\/p>\n<p>\u00c7evrimi\u00e7i piyango oynamak, bahis\u00e7ilere \u015fimdiye kadar hayal bile edilemeyen bir kolayl\u0131k sa\u011flar. Bilgisayar\u0131n\u0131z\u0131n veya mobil cihaz\u0131n\u0131z\u0131n rahatl\u0131\u011f\u0131nda loto bileti sat\u0131n alabilir, \u00e7ekili\u015f sonu\u00e7lar\u0131n\u0131 kontrol edebilir ve kazand\u0131klar\u0131n\u0131z\u0131 nakde \u00e7evirebilirsiniz. \u00c7evrimi\u00e7i piyango oynamay\u0131 bir kez denedi\u011finizde, geri d\u00f6n\u00fc\u015f olmayacak, bunu garanti edebiliriz.<\/p>\n<h2>Online Nas\u0131l Oynan\u0131r<\/h2>\n<p>\u0130ster deneyimli bir bahis\u00e7i ister yeni ba\u015flayan biri olun, \u00e7evrimi\u00e7i piyangoya girmek h\u0131zl\u0131, basit ve tamamen anla\u015f\u0131l\u0131rd\u0131r. E\u011fer New York lotosunu oynuyorsan\u0131z, a\u015fa\u011f\u0131daki ad\u0131mlar\u0131 takip edin:<\/p>\n<ul>\n<li>Oynamak istedi\u011finiz piyangoya t\u0131klay\u0131n.<\/li>\n<li>1&#8217;den 59&#8217;a kadar olan aral\u0131ktan 6 say\u0131 se\u00e7in. Bir 7. say\u0131 vard\u0131r, ancak bu loto \u015firketi taraf\u0131ndan rastgele \u00e7ekilir ve biletinizin bir par\u00e7as\u0131 de\u011fildir.<\/li>\n<li>Her hafta \u00c7ar\u015famba ve Cumartesi g\u00fcnleri olan <a href=\"https:\/\/jackpotlotteryonline.com\/tr\/kazanan-sayilar\/new-york-lottery\">\u00e7ekili\u015flere kat\u0131l\u0131n<\/a>. Sadece bir \u00e7ekili\u015fe veya her ikisine birden girebilirsiniz.<\/li>\n<li>\u00d6demenizi tamamlay\u0131n. \u00c7o\u011fu piyango sitesi, \u00f6demenizi tamamlamak i\u00e7in kay\u0131t olman\u0131z\u0131 isteyecektir. Bu, biletinizi sat\u0131n ald\u0131ktan sonra kolayca eri\u015febilmeniz i\u00e7indir.<\/li>\n<\/ul>\n<p>\u00c7evrimi\u00e7i piyango oynamak ger\u00e7ekten bu kadar basit. ABD&#8217;nin New York eyaleti d\u0131\u015f\u0131ndan New York lotosuna bilet alman\u0131n ba\u015fka bir yolu olmad\u0131\u011f\u0131 d\u00fc\u015f\u00fcn\u00fcld\u00fc\u011f\u00fcnde, bu ayn\u0131 zamanda d\u00fcnyan\u0131n ba\u015fka bir yerinde ya\u015fad\u0131\u011f\u0131n\u0131zda da harika bir y\u00f6ntemdir.<\/p>\n<section class=\"layout\" style=\"border: solid 1px; width: 100%;\">\n<div class=\"img-div\" style=\"margin-top: 5px;\"><img decoding=\"async\" class=\"wp-image-17212 alignleft\" style=\"height: 45px; margin: 8px 8px 0px;\" src=\"http:\/\/jackpotlotteryonline.com\/wp-content\/uploads\/2022\/11\/read1.jpg\" alt=\"Okuyun \" width=\"\" height=\"\" \/><\/div>\n<div style=\"padding-left: 5px;\">\n<div style=\"font-size: 1.1em;\">\n<p><strong>\u00c7evrimi\u00e7i Piyangoyu Kazan\u0131rsam Nas\u0131l \u00d6deme Al\u0131r\u0131m?<\/strong><\/p>\n<p style=\"font-size: 0.85em; margin-top: -1.5em;\">\u00c7evrimi\u00e7i piyangoyu kazan\u0131rsan\u0131z paran\u0131z\u0131 \u015fu \u015fekilde al\u0131rs\u0131n\u0131z\u00a0 <a href=\"https:\/\/jackpotlotteryonline.com\/tr\/piyangoyu-online-kazanirsam-odemeyi-nasil-alirim\">daha fazla oku<\/a><\/p>\n<\/div>\n<\/div>\n<\/section>\n<h2>Kazanan numaralar nas\u0131l se\u00e7ilir<\/h2>\n<p>Kazanan numaralar\u0131 se\u00e7me konusu karma\u015f\u0131k bir konudur, ancak yak\u0131ndan bakarsan\u0131z \u00f6yle olmamas\u0131 gerekir. Piyangoyu kazanman\u0131z i\u00e7in size s\u00f6zde matematiksel form\u00fcller vermek isteyenler taraf\u0131ndan a\u015f\u0131r\u0131 karma\u015f\u0131kla\u015ft\u0131r\u0131lm\u0131\u015ft\u0131r. Cidden, hi\u00e7bir s\u00f6zde bilimsel y\u00f6nteme g\u00fcvenmeyin.<\/p>\n<p>Piyango bir \u015fans oyunudur ve New York lotosu da bir istisna de\u011fildir. Say\u0131lar rastgele olu\u015fturulur ve \u015fans\u0131n piyangoyu kimin kazanaca\u011f\u0131yla \u00e7ok ilgisi vard\u0131r.<\/p>\n<p>Bunu ak\u0131lda tutarak, \u015fansl\u0131 say\u0131lar\u0131n\u0131z\u0131 se\u00e7erek \u015fans fakt\u00f6r\u00fcnden biraz faydalanmak her zaman iyi bir fikirdir. B\u00f6ylece, do\u011fum g\u00fcnlerini, y\u0131ld\u00f6n\u00fcmlerini, hayat\u0131n\u0131z boyunca sizin i\u00e7in \u015fansl\u0131 olan say\u0131lar\u0131 vb. se\u00e7ebilirsiniz. Ya da rastgele say\u0131 se\u00e7mek i\u00e7in sitemizdeki otomatik jenerat\u00f6r arac\u0131n\u0131 kullanabilirsiniz. G\u00fcn\u00fcn sonunda, her \u015fey \u015fansla ilgilidir.<\/p>\n<h2>New York lotosu i\u00e7in nereden bilet al\u0131n\u0131r?<\/h2>\n<p><img loading=\"lazy\" decoding=\"async\" class=\"alignright size-medium wp-image-28913\" src=\"http:\/\/jackpotlotteryonline.com\/wp-content\/uploads\/2022\/11\/1_pick_lottery_numbers-300x200.jpg\" alt=\"New York loto bileti sat\u0131n al\" width=\"300\" height=\"200\" srcset=\"https:\/\/jackpotlotteryonline.com\/wp-content\/uploads\/2022\/11\/1_pick_lottery_numbers-300x200.jpg 300w, https:\/\/jackpotlotteryonline.com\/wp-content\/uploads\/2022\/11\/1_pick_lottery_numbers.jpg 320w\" sizes=\"auto, (max-width: 300px) 100vw, 300px\" \/>New York lotosuna kat\u0131lmaya haz\u0131rsan\u0131z, bir sonraki ad\u0131m <a href=\"https:\/\/jackpotlotteryonline.com\/tr\/bilet-satin-al\/new-york-lottery\">biletlerinizi sat\u0131n<\/a> almakt\u0131r. Bunu jackpotlotteryonline.com gibi bir piyango sat\u0131c\u0131 sitesinden \u00e7evrimi\u00e7i olarak yapabilirsiniz. Biletlerinizi tam olarak nas\u0131l alacaklar\u0131n\u0131 size s\u00f6ylemeyen piyango sitelerine kar\u015f\u0131 dikkatli olmak \u00f6nemlidir. Bu t\u00fcr siteler, piyangoya fiilen kat\u0131lmadan yaln\u0131zca piyangonun sonucu \u00fczerine bahis oynaman\u0131za izin verebilir.<\/p>\n<p>Piyango biletlerinizi bizden sat\u0131n ald\u0131\u011f\u0131n\u0131zda, New York&#8217;taki acentelerimiz ilgili numaralara sahip biletleri sat\u0131n alacakt\u0131r. Bu neredeyse d\u00fcnyan\u0131n farkl\u0131 yerlerinde ki\u015fisel piyango temsilcinizin olmas\u0131 gibidir.<\/p>\n<h2>New York lotosu i\u00e7in \u00f6d\u00fcl kademeleri<\/h2>\n<p>New York lotosunun \u00e7e\u015fitli \u00f6d\u00fcl kademeleri vard\u0131r. \u00c7o\u011fu bahis\u00e7i b\u00fcy\u00fck ikramiyeyi hedeflese de ve siz de hedeflemelisiniz, herkesin b\u00fcy\u00fck ikramiyeyi kazanamayaca\u011f\u0131 hayat\u0131n bir ger\u00e7e\u011fidir. Bununla birlikte, bahis\u00e7ilerin kazanabilece\u011fi ba\u015fka \u00f6d\u00fcl kategorileri de vard\u0131r.<\/p>\n<p>Yani, jackpot \u00f6d\u00fcl\u00fc 2 milyon dolardan ba\u015flar, ancak bu miktar sizi yan\u0131ltmas\u0131n. Bir \u00e7ekili\u015ften sonra kazanan olmad\u0131\u011f\u0131nda, \u00f6d\u00fcl devreder ve b\u00fcy\u00fcmeye ve b\u00fcy\u00fcmeye ba\u015flar. Bu piyango i\u00e7in \u015fimdiye kadarki en b\u00fcy\u00fck ikramiye \u00f6d\u00fcl\u00fc 176 milyon dolard\u0131. Evet, tamamen hayat de\u011fi\u015ftirici.<\/p>\n<p>Kademe 1 (b\u00fcy\u00fck ikramiye) &#8211; \u00e7ekilen 6 say\u0131n\u0131n t\u00fcm\u00fcn\u00fc e\u015fle\u015ftirin<\/p>\n<p>Kademe 2 &#8211; 5 say\u0131 + bonus say\u0131y\u0131 e\u015fle\u015ftirin<\/p>\n<p>Kademe 3 &#8211; 5 say\u0131y\u0131 e\u015fle\u015ftirin<\/p>\n<p>Kademe 4 &#8211; 4 numaray\u0131 e\u015fle\u015ftirin<\/p>\n<p>Kademe 5 &#8211; 3 say\u0131y\u0131 e\u015fle\u015ftirin<\/p>\n<h2>Kazanma ve Nakde \u00c7evirme<\/h2>\n<p>New York lotosunu kazanmak, \u00e7ekilen numaralarla e\u015fle\u015fen bir bilete sahip olmak anlam\u0131na gelir. \u00c7ekilen numaralar\u0131 e\u015fle\u015ftiren ki\u015fi piyangoyu kazan\u0131r. Piyangoyu kazan\u0131p kazanmad\u0131\u011f\u0131n\u0131z\u0131 \u00f6\u011frenmek i\u00e7in \u00e7ekili\u015f sonu\u00e7lar\u0131n\u0131 kontrol etmeniz gerekir. Bize kay\u0131tl\u0131ysan\u0131z, bir \u00f6d\u00fcl kazand\u0131\u011f\u0131n\u0131zda size bir e-posta g\u00f6nderece\u011fiz.<\/p>\n<p>Loto biletlerinizi bizden sat\u0131n al\u0131rsan\u0131z, kazan\u00e7lar\u0131n\u0131z\u0131 platformumuzdan hesab\u0131n\u0131za kolayca \u00e7ekebilirsiniz. 2500 Euro veya daha az kazan\u0131rsan\u0131z, paran\u0131z\u0131 basit bir t\u0131klama ile \u00e7ekebilirsiniz. Bundan daha fazlaysa, doldurman\u0131z i\u00e7in size bir talep formu g\u00f6nderece\u011fiz ve ard\u0131ndan kazanc\u0131n\u0131z\u0131n i\u015flenmesine yard\u0131mc\u0131 olaca\u011f\u0131z.<\/p>\n<p>\u015eimdi jackpotlotteryonline.com adresinden New York loto biletlerine g\u00f6z at\u0131n.<\/p>\n","protected":false},"excerpt":{"rendered":"<p>New York lotosunun tarihi iyi i\u015fler ve genel olarak pozitiflikle doludur. Eyaletteki e\u011fitime yard\u0131mc\u0131 olmak i\u00e7in olu\u015fturulmu\u015f bir piyango olarak, e\u011flenceleriyle birlikte biraz fedakarl\u0131ktan ho\u015flanan bahis\u00e7iler i\u00e7in iyi bir se\u00e7enektir. Temel olarak, d\u00fcnyaya iyi bir katk\u0131da bulundu\u011funuzu hissetmenizi sa\u011flayan bir piyango istiyorsan\u0131z, New York lotosunu d\u00fc\u015f\u00fcnmelisiniz. \u00c7o\u011fu oyuncu i\u00e7in as\u0131l soru, d\u00fcnyan\u0131n farkl\u0131 bir yerinden [&hellip;]<\/p>\n","protected":false},"author":1,"featured_media":0,"parent":35727,"menu_order":14,"comment_status":"closed","ping_status":"closed","template":"newyork.php","meta":{"_et_pb_use_builder":"","_et_pb_old_content":"","_et_gb_content_width":"","exclude_from_search":false,"footnotes":""},"class_list":["post-39734","page","type-page","status-publish","hentry"],"yoast_head":"<!-- This site is optimized with the Yoast SEO plugin v23.3 - https:\/\/yoast.com\/wordpress\/plugins\/seo\/ -->\n<title>New York lotosunu her yerden nas\u0131l oynayabilirsiniz?<\/title>\n<meta name=\"description\" content=\"Nerede olursan\u0131z olun, New York lotosuna \u00e7evrimi\u00e7i olarak kat\u0131labilirsiniz. Nas\u0131l oynayaca\u011f\u0131n\u0131z ve kazanaca\u011f\u0131n\u0131z hakk\u0131nda daha fazla bilgiyi burada bulabilirsiniz.\" \/>\n<meta name=\"robots\" content=\"index, follow, max-snippet:-1, max-image-preview:large, max-video-preview:-1\" \/>\n<link rel=\"canonical\" href=\"https:\/\/jackpotlotteryonline.com\/tr\/nasil-oynanir\/new-york-lottery-2\/\" \/>\n<meta property=\"og:locale\" content=\"tr_TR\" \/>\n<meta property=\"og:type\" content=\"article\" \/>\n<meta property=\"og:title\" content=\"New York lotosunu her yerden nas\u0131l oynayabilirsiniz?\" \/>\n<meta property=\"og:description\" content=\"Nerede olursan\u0131z olun, New York lotosuna \u00e7evrimi\u00e7i olarak kat\u0131labilirsiniz. Nas\u0131l oynayaca\u011f\u0131n\u0131z ve kazanaca\u011f\u0131n\u0131z hakk\u0131nda daha fazla bilgiyi burada bulabilirsiniz.\" \/>\n<meta property=\"og:url\" content=\"https:\/\/jackpotlotteryonline.com\/tr\/nasil-oynanir\/new-york-lottery-2\/\" \/>\n<meta property=\"og:site_name\" content=\"Lotto Online - Crack The International Lottery Jackpots\" \/>\n<meta property=\"article:modified_time\" content=\"2023-01-03T10:30:14+00:00\" \/>\n<meta property=\"og:image\" content=\"http:\/\/jackpotlotteryonline.com\/wp-content\/uploads\/2022\/11\/lotto2-300x84-1.png\" \/>\n<meta name=\"twitter:card\" content=\"summary_large_image\" \/>\n<meta name=\"twitter:label1\" content=\"Tahmini okuma s\u00fcresi\" \/>\n\t<meta name=\"twitter:data1\" content=\"5 dakika\" \/>\n<!-- \/ Yoast SEO plugin. -->","yoast_head_json":{"title":"New York lotosunu her yerden nas\u0131l oynayabilirsiniz?","description":"Nerede olursan\u0131z olun, New York lotosuna \u00e7evrimi\u00e7i olarak kat\u0131labilirsiniz. Nas\u0131l oynayaca\u011f\u0131n\u0131z ve kazanaca\u011f\u0131n\u0131z hakk\u0131nda daha fazla bilgiyi burada bulabilirsiniz.","robots":{"index":"index","follow":"follow","max-snippet":"max-snippet:-1","max-image-preview":"max-image-preview:large","max-video-preview":"max-video-preview:-1"},"canonical":"https:\/\/jackpotlotteryonline.com\/tr\/nasil-oynanir\/new-york-lottery-2\/","og_locale":"tr_TR","og_type":"article","og_title":"New York lotosunu her yerden nas\u0131l oynayabilirsiniz?","og_description":"Nerede olursan\u0131z olun, New York lotosuna \u00e7evrimi\u00e7i olarak kat\u0131labilirsiniz. Nas\u0131l oynayaca\u011f\u0131n\u0131z ve kazanaca\u011f\u0131n\u0131z hakk\u0131nda daha fazla bilgiyi burada bulabilirsiniz.","og_url":"https:\/\/jackpotlotteryonline.com\/tr\/nasil-oynanir\/new-york-lottery-2\/","og_site_name":"Lotto Online - Crack The International Lottery Jackpots","article_modified_time":"2023-01-03T10:30:14+00:00","og_image":[{"url":"http:\/\/jackpotlotteryonline.com\/wp-content\/uploads\/2022\/11\/lotto2-300x84-1.png"}],"twitter_card":"summary_large_image","twitter_misc":{"Tahmini okuma s\u00fcresi":"5 dakika"},"schema":{"@context":"https:\/\/schema.org","@graph":[{"@type":"WebPage","@id":"https:\/\/jackpotlotteryonline.com\/tr\/nasil-oynanir\/new-york-lottery-2\/","url":"https:\/\/jackpotlotteryonline.com\/tr\/nasil-oynanir\/new-york-lottery-2\/","name":"New York lotosunu her yerden nas\u0131l oynayabilirsiniz?","isPartOf":{"@id":"https:\/\/jackpotlotteryonline.com\/#website"},"primaryImageOfPage":{"@id":"https:\/\/jackpotlotteryonline.com\/tr\/nasil-oynanir\/new-york-lottery-2\/#primaryimage"},"image":{"@id":"https:\/\/jackpotlotteryonline.com\/tr\/nasil-oynanir\/new-york-lottery-2\/#primaryimage"},"thumbnailUrl":"http:\/\/jackpotlotteryonline.com\/wp-content\/uploads\/2022\/11\/lotto2-300x84-1.png","datePublished":"2022-11-29T08:43:38+00:00","dateModified":"2023-01-03T10:30:14+00:00","description":"Nerede olursan\u0131z olun, New York lotosuna \u00e7evrimi\u00e7i olarak kat\u0131labilirsiniz. Nas\u0131l oynayaca\u011f\u0131n\u0131z ve kazanaca\u011f\u0131n\u0131z hakk\u0131nda daha fazla bilgiyi burada bulabilirsiniz.","breadcrumb":{"@id":"https:\/\/jackpotlotteryonline.com\/tr\/nasil-oynanir\/new-york-lottery-2\/#breadcrumb"},"inLanguage":"tr","potentialAction":[{"@type":"ReadAction","target":["https:\/\/jackpotlotteryonline.com\/tr\/nasil-oynanir\/new-york-lottery-2\/"]}]},{"@type":"ImageObject","inLanguage":"tr","@id":"https:\/\/jackpotlotteryonline.com\/tr\/nasil-oynanir\/new-york-lottery-2\/#primaryimage","url":"http:\/\/jackpotlotteryonline.com\/wp-content\/uploads\/2022\/11\/lotto2-300x84-1.png","contentUrl":"http:\/\/jackpotlotteryonline.com\/wp-content\/uploads\/2022\/11\/lotto2-300x84-1.png"},{"@type":"BreadcrumbList","@id":"https:\/\/jackpotlotteryonline.com\/tr\/nasil-oynanir\/new-york-lottery-2\/#breadcrumb","itemListElement":[{"@type":"ListItem","position":1,"name":"Home","item":"https:\/\/jackpotlotteryonline.com\/tr\/"},{"@type":"ListItem","position":2,"name":"Nas\u0131l oynan\u0131r","item":"https:\/\/jackpotlotteryonline.com\/tr\/nasil-oynanir\/"},{"@type":"ListItem","position":3,"name":"New York loto online oyna"}]},{"@type":"WebSite","@id":"https:\/\/jackpotlotteryonline.com\/#website","url":"https:\/\/jackpotlotteryonline.com\/","name":"Lotto Online - Crack The International Lottery Jackpots","description":"","potentialAction":[{"@type":"SearchAction","target":{"@type":"EntryPoint","urlTemplate":"https:\/\/jackpotlotteryonline.com\/?s={search_term_string}"},"query-input":"required name=search_term_string"}],"inLanguage":"tr"}]}},"_links":{"self":[{"href":"https:\/\/jackpotlotteryonline.com\/tr\/wp-json\/wp\/v2\/pages\/39734","targetHints":{"allow":["GET"]}}],"collection":[{"href":"https:\/\/jackpotlotteryonline.com\/tr\/wp-json\/wp\/v2\/pages"}],"about":[{"href":"https:\/\/jackpotlotteryonline.com\/tr\/wp-json\/wp\/v2\/types\/page"}],"author":[{"embeddable":true,"href":"https:\/\/jackpotlotteryonline.com\/tr\/wp-json\/wp\/v2\/users\/1"}],"replies":[{"embeddable":true,"href":"https:\/\/jackpotlotteryonline.com\/tr\/wp-json\/wp\/v2\/comments?post=39734"}],"version-history":[{"count":0,"href":"https:\/\/jackpotlotteryonline.com\/tr\/wp-json\/wp\/v2\/pages\/39734\/revisions"}],"up":[{"embeddable":true,"href":"https:\/\/jackpotlotteryonline.com\/tr\/wp-json\/wp\/v2\/pages\/35727"}],"wp:attachment":[{"href":"https:\/\/jackpotlotteryonline.com\/tr\/wp-json\/wp\/v2\/media?parent=39734"}],"curies":[{"name":"wp","href":"https:\/\/api.w.org\/{rel}","templated":true}]}}