{"id":40338,"date":"2022-12-02T11:08:49","date_gmt":"2022-12-02T11:08:49","guid":{"rendered":"https:\/\/jackpotlotteryonline.com\/?page_id=40338"},"modified":"2022-12-19T15:12:10","modified_gmt":"2022-12-19T15:12:10","slug":"mega-millions","status":"publish","type":"page","link":"https:\/\/jackpotlotteryonline.com\/tr\/bilet-satin-al\/mega-millions\/","title":{"rendered":"Mega Millions biletleri"},"content":{"rendered":"<h2>\u0130nternetten nas\u0131l Mega Millions bileti sat\u0131n alabilirsiniz?<\/h2>\n<p>E\u011fer bu yaz\u0131y\u0131 okuyorsan\u0131z, muhtemelen bir Mega Millions bileti sat\u0131n almakla ilgileniyorsunuzdur. Mega Millions, kazananlar\u0131na b\u00fcy\u00fck ikramiyeler sunan bir\u00e7ok piyangodan biridir. \u015eimdi kendinize &#8220;Mega Millions biletini internetten nas\u0131l sat\u0131n alabilirim?&#8221; diye soruyor olabilirsiniz.<\/p>\n<p>Pekala, sizi teminat alt\u0131na ald\u0131k. \u0130\u015fte size \u00e7evrimi\u00e7i Mega Millions bileti sat\u0131n alman\u0131za yard\u0131mc\u0131 olacak bir rehber.<\/p>\n<h2>Neden internetten Mega Millions bileti sat\u0131n almal\u0131y\u0131m?<\/h2>\n<p><img loading=\"lazy\" decoding=\"async\" class=\"alignright size-full wp-image-31073\" src=\"https:\/\/jackpotlotteryonline.com\/wp-content\/uploads\/2022\/11\/logo_Mega_Millions_233x110.png\" alt=\"mega millions biletini \u00e7evrimi\u00e7i sat\u0131n al\u0131n\" width=\"232\" height=\"110\" \/>Mega Million, genellikle y\u00fcz milyonlarca liraya ula\u015fan b\u00fcy\u00fck, hayat de\u011fi\u015ftiren ikramiyeleri olan ABD merkezli bir piyangodur. Bu ikramiyeyi kazanmak hayat\u0131n\u0131z\u0131 bir gecede de\u011fi\u015ftirebilir, ancak yaln\u0131zca kazanan t\u00fcm say\u0131lar\u0131 do\u011fru bir \u015fekilde e\u015fle\u015ftirecek kadar \u015fansl\u0131ysan\u0131z.<\/p>\n<p>Bu <a href=\"https:\/\/jackpotlotteryonline.com\/tr\/nasil-oynanir\/mega-millions\">piyangoyu \u00e7evrimi\u00e7i oynamay\u0131<\/a> planl\u0131yorsan\u0131z, biletleri sizin ad\u0131n\u0131za yerel perakendeci acentelerimiz arac\u0131l\u0131\u011f\u0131yla sat\u0131n alaca\u011f\u0131m\u0131z anlam\u0131na gelir. D\u00fcnyan\u0131n her yerindeki m\u00fc\u015fterilerimiz i\u00e7in bu hizmetleri sa\u011flayan g\u00fcvenilir bir konsiyerj hizmet sa\u011flay\u0131c\u0131s\u0131y\u0131z. M\u00fc\u015fterilerimizin hizmetlerimizden en iyi \u015fekilde yararlanmas\u0131n\u0131 sa\u011fl\u0131yoruz, \u00f6yleyse neden bizimle sat\u0131n alm\u0131yorsunuz?<\/p>\n<p>Mega Millions b\u00fcy\u00fck bir ikramiye oldu\u011fundan ve bir\u00e7ok ki\u015fi kat\u0131ld\u0131\u011f\u0131ndan, kazanma olas\u0131l\u0131\u011f\u0131 olduk\u00e7a y\u00fcksektir ve \u00e7o\u011fu insan bu ikramiyede kazanma \u015fanslar\u0131n\u0131 art\u0131rmak i\u00e7in kullanabilecekleri y\u00f6ntemler arar.<\/p>\n<p>\u015eans\u0131n\u0131z\u0131 art\u0131rman\u0131n bir yolu Mega Millions biletinizi \u00e7evrimi\u00e7i sat\u0131n almakt\u0131r. Bunu web sitemizden d\u00fcnyan\u0131n herhangi bir yerinden bir bilet sipari\u015f ederek yapabilirsiniz ve Mega Millions biletinin bir taramas\u0131 hesab\u0131n\u0131zda mevcut olacakt\u0131r. Mega Millions biletinizi \u00e7evrimi\u00e7i sat\u0131n ald\u0131\u011f\u0131n\u0131zda, bilet bilgileriniz g\u00fcvenli bir \u015fekilde saklanaca\u011f\u0131 i\u00e7in biletinizi kaybetme veya \u00e7ald\u0131rma konusunda endi\u015felenmenize gerek yoktur.<\/p>\n<p>Ayr\u0131ca, d\u00fcnyan\u0131n herhangi bir yerinden evinizin rahatl\u0131\u011f\u0131nda sipari\u015finizi verebilece\u011finiz i\u00e7in, \u00e7evrimi\u00e7i bir Mega Millions bileti sat\u0131n almak fiziksel ma\u011fazaya gitmekten daha uygundur. \u00c7ekili\u015fleri beklerken t\u0131pk\u0131 bir ABD vatanda\u015f\u0131 gibi bu Mega Millions piyangosuna kat\u0131lacaks\u0131n\u0131z.<\/p>\n<h2>Mega Millions biletlerini \u00e7evrimi\u00e7i sat\u0131n alma s\u00fcreci<\/h2>\n<p>Mega Millions biletinizi bizden sat\u0131n almadan \u00f6nce, siz ve piyango aras\u0131nda bir arac\u0131 olarak hareket edece\u011fimizi ve fiziksel bir piyango perakende ma\u011fazas\u0131n\u0131 ziyaret etmek zorunda kalmadan \u00e7evrimi\u00e7i oynaman\u0131za ve bilet sat\u0131n alman\u0131za izin verece\u011fimizi bilmelisiniz.<\/p>\n<p>\u015eimdi Mega Millions biletinizi \u00e7evrimi\u00e7i sat\u0131n almaya haz\u0131r m\u0131s\u0131n\u0131z? E\u011fer haz\u0131rsan\u0131z, bilet sat\u0131n alma i\u015fleminizin ba\u015far\u0131l\u0131 olmas\u0131 i\u00e7in izlemeniz gereken birka\u00e7 ad\u0131m\u0131 a\u015fa\u011f\u0131da bulabilirsiniz.<\/p>\n<p><strong>1. Bir hesap olu\u015fturun.<\/strong><br \/>\n<img loading=\"lazy\" decoding=\"async\" class=\"alignright size-full wp-image-34025\" src=\"https:\/\/jackpotlotteryonline.com\/wp-content\/uploads\/2022\/11\/2_ticket_mega_millions3-1.jpg\" alt=\"mega millions biletini \u00e7evrimi\u00e7i sat\u0131n al\u0131n\" width=\"180\" height=\"193\" \/>E\u011fer yeniyseniz, gerekli bilgileri verece\u011finiz kay\u0131t sayfas\u0131na y\u00f6nlendirileceksiniz. Oyuncu hesab\u0131n\u0131z\u0131 ba\u015far\u0131yla olu\u015fturduktan sonra, Mega Millions piyango sayfas\u0131na gidin ve a\u015fa\u011f\u0131dakileri yap\u0131n:<\/p>\n<p>Oynamak istedi\u011finiz say\u0131lar\u0131 se\u00e7in. Bunu manuel olarak yapabilir veya say\u0131lar\u0131n\u0131z\u0131 rastgele se\u00e7mek i\u00e7in rastgele say\u0131 \u00fcretecimizi kullanabilirsiniz.<\/p>\n<p>Ard\u0131ndan kat\u0131lmak istedi\u011finiz \u00e7ekili\u015f say\u0131s\u0131n\u0131 se\u00e7in. Tek bir \u00e7ekili\u015f se\u00e7ebilir veya \u00e7oklu \u00e7ekili\u015f bileti sat\u0131n alabilirsiniz. Birden fazla \u00e7ekili\u015fe kat\u0131lmak Mega Millions ikramiyesini kazanma \u015fans\u0131n\u0131z\u0131 art\u0131r\u0131r.<\/p>\n<p><strong>2. &#8220;Devam&#8221; d\u00fc\u011fmesine t\u0131klay\u0131n ve \u00f6deme sayfas\u0131na gidin.<\/strong><\/p>\n<p><strong>3. \u00d6deme y\u00f6ntemleri<\/strong><\/p>\n<p>\u00d6deme sayfas\u0131na gidin ve biletleriniz i\u00e7in \u00f6deme yap\u0131n. Mega Millions biletinizin taramas\u0131 bir s\u00fcre sonra hesab\u0131n\u0131za y\u00fcklenecektir.<\/p>\n<p><strong>4. Art\u0131k tek yapman\u0131z gereken her Sal\u0131 ve Cuma g\u00fcn\u00fc saat 11:00&#8217;de yap\u0131lan \u00e7ekili\u015fleri beklemek.<\/strong> Saat dilimleri farkl\u0131l\u0131k g\u00f6sterebilir, bu nedenle <a href=\"https:\/\/jackpotlotteryonline.com\/tr\/kazanan-sayilar\/mega-millions\">\u00e7ekili\u015fleri<\/a> beklerken saat dilimini onaylaman\u0131z tavsiye edilir.<\/p>\n<h2>Mega Millions ikramiyesini kazand\u0131ktan sonra ne olur?<\/h2>\n<p>T\u00fcm say\u0131lar\u0131 do\u011fru bir \u015fekilde e\u015fle\u015ftirdiyseniz, bundan sonra ne yapaca\u011f\u0131n\u0131z\u0131 veya \u00f6d\u00fcl\u00fcn\u00fcz\u00fc nas\u0131l alaca\u011f\u0131n\u0131z\u0131 merak ediyor olabilirsiniz. T\u00fcm kazanc\u0131n\u0131z\u0131 alacaks\u0131n\u0131z ve Mega Millions \u00f6d\u00fcl\u00fcn\u00fcz\u00fc almak i\u00e7in ABD&#8217;ye seyahat etmek zorunda kalmayacaks\u0131n\u0131z. Sadece bilet taraman\u0131z\u0131n kat\u0131l\u0131m kan\u0131t\u0131 olarak hizmet edece\u011fini bilin, bu y\u00fczden onu g\u00fcvende tutun; ihtiyac\u0131n\u0131z olacak.<\/p>\n<section class=\"layout\" style=\"border: solid 1px; width: 100%;\">\n<div class=\"img-div\" style=\"margin-top: 5px;\"><img decoding=\"async\" class=\"wp-image-17212 alignleft\" style=\"height: 45px; margin: 8px 8px 0px;\" src=\"https:\/\/jackpotlotteryonline.com\/wp-content\/uploads\/2022\/11\/read1.jpg\" alt=\"kazanan\u0131 \u00f6d\u00fcllendirmek\" width=\"\" height=\"\" \/><\/div>\n<div style=\"padding-left: 5px;\">\n<div style=\"font-size: 1.1em;\">\n<p><strong>\u00c7evrimi\u00e7i Piyangoyu Kazan\u0131rsam Nas\u0131l \u00d6deme Al\u0131r\u0131m?<\/strong><\/p>\n<p style=\"font-size: 0.85em; margin-top: -1.5em;\">\u00c7evrimi\u00e7i piyangoyu kazan\u0131rsan\u0131z paran\u0131z\u0131 \u015fu \u015fekilde al\u0131rs\u0131n\u0131z \u00a0<a href=\"https:\/\/jackpotlotteryonline.com\/tr\/piyangoyu-online-kazanirsam-odemeyi-nasil-alirim\">daha fazla oku<\/a><\/p>\n<\/div>\n<\/div>\n<\/section>\n<h2>Mega Millions ikramiyesi ile \u00e7\u0131kman\u0131za yard\u0131mc\u0131 olacak ipu\u00e7lar\u0131<\/h2>\n<p><img loading=\"lazy\" decoding=\"async\" class=\"size-medium wp-image-29858 alignright\" src=\"https:\/\/jackpotlotteryonline.com\/wp-content\/uploads\/2022\/11\/1_win_euromillions_lottery-300x164.jpg\" alt=\"mega millions biletini \u00e7evrimi\u00e7i sat\u0131n al\u0131n\" width=\"300\" height=\"164\" srcset=\"https:\/\/jackpotlotteryonline.com\/wp-content\/uploads\/2022\/11\/1_win_euromillions_lottery-300x164.jpg 300w, https:\/\/jackpotlotteryonline.com\/wp-content\/uploads\/2022\/11\/1_win_euromillions_lottery.jpg 350w\" sizes=\"auto, (max-width: 300px) 100vw, 300px\" \/>Mega Millions piyangosunu oynamay\u0131 ve b\u00fcy\u00fck ikramiyeyi kazanmay\u0131 planl\u0131yorsan\u0131z, kazanma \u015fans\u0131n\u0131z\u0131 art\u0131rmak i\u00e7in g\u00f6z \u00f6n\u00fcnde bulundurman\u0131z gereken birka\u00e7 \u015fey vard\u0131r.<\/p>\n<p>\u0130lk olarak, bir ba\u015flang\u0131\u00e7 olarak, say\u0131lar\u0131n\u0131z\u0131 dikkatlice se\u00e7in. \u00c7ok yayg\u0131n olan say\u0131lar\u0131 se\u00e7meyin; bunun yerine, \u015fansl\u0131 say\u0131lar\u0131n\u0131z\u0131 kullanmay\u0131 veya say\u0131lar\u0131 rastgele se\u00e7meyi d\u00fc\u015f\u00fcn\u00fcn. Di\u011fer oyuncularla ayn\u0131 say\u0131lar\u0131 se\u00e7mekten ka\u00e7\u0131nmak i\u00e7in e\u015fit \u015fekilde da\u011f\u0131ld\u0131klar\u0131ndan emin olun.<\/p>\n<p>\u0130kinci olarak, en son kazanan say\u0131lar\u0131 kar\u015f\u0131la\u015ft\u0131r\u0131n ve say\u0131 kal\u0131plar\u0131n\u0131 inceleyin. Se\u00e7ti\u011finiz say\u0131lardan son zamanlarda \u00e7ekilenleri eleyin.<\/p>\n<p>Ayr\u0131ca, en yayg\u0131n kazanan say\u0131lar\u0131n \u00f6r\u00fcnt\u00fcs\u00fcn\u00fc inceleyin ve bunlar\u0131 en y\u00fcksek kazanma s\u0131kl\u0131\u011f\u0131na sahip olanlar olarak etiketleyin. Bunlar\u0131 g\u00f6zlemledikten sonra, baz\u0131lar\u0131n\u0131 se\u00e7ti\u011finiz say\u0131lara g\u00f6re da\u011f\u0131t\u0131n.<\/p>\n<p>Son olarak, Mega Millions piyangosunu bir sendikada oynama se\u00e7ene\u011finiz vard\u0131r. Bu, bir grup olarak bilet sat\u0131n almak gibidir ve t\u00fcm kazan\u00e7lar kat\u0131lan t\u00fcm oyuncular aras\u0131nda e\u015fit olarak payla\u015ft\u0131r\u0131lacakt\u0131r. Bu, b\u00fcy\u00fck ikramiyeyi kazanma \u015fans\u0131n\u0131z\u0131 art\u0131rmak i\u00e7in harika bir y\u00f6ntemdir.<\/p>\n<p>Yukar\u0131daki ipu\u00e7lar\u0131n\u0131 g\u00f6z \u00f6n\u00fcnde bulundurarak Mega Millions oynarsan\u0131z, kim bilir? B\u00fcy\u00fck ikramiyeyi kapacak bir sonraki kazanan siz olabilirsiniz. Bug\u00fcn \u015fans\u0131n\u0131z\u0131 deneyin!<\/p>\n<h2>Sonu\u00e7<\/h2>\n<p>E\u011fer ABD&#8217;de ikamet etmiyorsan\u0131z ve Mega Millions ikramiyesini kazanmay\u0131 umuyorsan\u0131z, o zaman en iyi se\u00e7ene\u011finiz Mega Millions biletini online olarak sat\u0131n almakt\u0131r. Bu piyangoya d\u00fcnyan\u0131n herhangi bir \u00fclkesinden kat\u0131labilirsiniz. \u00d6yleyse ne bekliyorsunuz? Biletlerinizi bug\u00fcn sat\u0131n al\u0131n ve \u015fansl\u0131 bir ikramiye kazanan\u0131 olma \u015fans\u0131n\u0131 yakalay\u0131n.<\/p>\n<p>Bu piyango hakk\u0131nda daha fazla bilgi i\u00e7in l\u00fctfen SSS sayfam\u0131z\u0131 ziyaret edin veya sorunuzu g\u00f6nderin; m\u00fc\u015fteri destek ekibimiz uygun bilgilerle yan\u0131t verecektir. Bu arada, web sitemizde bulunan di\u011fer piyangolar\u0131 da ke\u015ffedebilirsiniz ve e\u011fer ilgileniyorsan\u0131z, sadece oynat d\u00fc\u011fmesine bas\u0131n ve di\u011fer piyangolarda da kazan\u0131n.<\/p>\n","protected":false},"excerpt":{"rendered":"<p>\u0130nternetten nas\u0131l Mega Millions bileti sat\u0131n alabilirsiniz? E\u011fer bu yaz\u0131y\u0131 okuyorsan\u0131z, muhtemelen bir Mega Millions bileti sat\u0131n almakla ilgileniyorsunuzdur. Mega Millions, kazananlar\u0131na b\u00fcy\u00fck ikramiyeler sunan bir\u00e7ok piyangodan biridir. \u015eimdi kendinize &#8220;Mega Millions biletini internetten nas\u0131l sat\u0131n alabilirim?&#8221; diye soruyor olabilirsiniz. Pekala, sizi teminat alt\u0131na ald\u0131k. \u0130\u015fte size \u00e7evrimi\u00e7i Mega Millions bileti sat\u0131n alman\u0131za yard\u0131mc\u0131 olacak [&hellip;]<\/p>\n","protected":false},"author":1,"featured_media":0,"parent":35786,"menu_order":1,"comment_status":"closed","ping_status":"closed","template":"megamillion.php","meta":{"_et_pb_use_builder":"","_et_pb_old_content":"","_et_gb_content_width":"","exclude_from_search":false,"footnotes":""},"class_list":["post-40338","page","type-page","status-publish","hentry"],"yoast_head":"<!-- This site is optimized with the Yoast SEO plugin v23.3 - https:\/\/yoast.com\/wordpress\/plugins\/seo\/ -->\n<title>Mega Millions biletlerini \u00e7evrimi\u00e7i sat\u0131n al\u0131n | Mega Millions i\u00e7in ABD d\u0131\u015f\u0131ndan biletler<\/title>\n<meta name=\"description\" content=\"ABD d\u0131\u015f\u0131nda ya\u015f\u0131yorsan\u0131z, Mega Millions biletlerini buradan online olarak sat\u0131n alabilirsiniz. Sizin i\u00e7in ger\u00e7ek Mega Millions biletleri sat\u0131n al\u0131yor ve onlar\u0131 tar\u0131yoruz\" \/>\n<meta name=\"robots\" content=\"index, follow, max-snippet:-1, max-image-preview:large, max-video-preview:-1\" \/>\n<link rel=\"canonical\" href=\"https:\/\/jackpotlotteryonline.com\/tr\/bilet-satin-al\/mega-millions\/\" \/>\n<meta property=\"og:locale\" content=\"tr_TR\" \/>\n<meta property=\"og:type\" content=\"article\" \/>\n<meta property=\"og:title\" content=\"Mega Millions biletlerini \u00e7evrimi\u00e7i sat\u0131n al\u0131n | Mega Millions i\u00e7in ABD d\u0131\u015f\u0131ndan biletler\" \/>\n<meta property=\"og:description\" content=\"ABD d\u0131\u015f\u0131nda ya\u015f\u0131yorsan\u0131z, Mega Millions biletlerini buradan online olarak sat\u0131n alabilirsiniz. Sizin i\u00e7in ger\u00e7ek Mega Millions biletleri sat\u0131n al\u0131yor ve onlar\u0131 tar\u0131yoruz\" \/>\n<meta property=\"og:url\" content=\"https:\/\/jackpotlotteryonline.com\/tr\/bilet-satin-al\/mega-millions\/\" \/>\n<meta property=\"og:site_name\" content=\"Lotto Online - Crack The International Lottery Jackpots\" \/>\n<meta property=\"article:modified_time\" content=\"2022-12-19T15:12:10+00:00\" \/>\n<meta property=\"og:image\" content=\"https:\/\/jackpotlotteryonline.com\/wp-content\/uploads\/2022\/11\/logo_Mega_Millions_233x110.png\" \/>\n<meta name=\"twitter:card\" content=\"summary_large_image\" \/>\n<meta name=\"twitter:label1\" content=\"Tahmini okuma s\u00fcresi\" \/>\n\t<meta name=\"twitter:data1\" content=\"5 dakika\" \/>\n<!-- \/ Yoast SEO plugin. -->","yoast_head_json":{"title":"Mega Millions biletlerini \u00e7evrimi\u00e7i sat\u0131n al\u0131n | Mega Millions i\u00e7in ABD d\u0131\u015f\u0131ndan biletler","description":"ABD d\u0131\u015f\u0131nda ya\u015f\u0131yorsan\u0131z, Mega Millions biletlerini buradan online olarak sat\u0131n alabilirsiniz. Sizin i\u00e7in ger\u00e7ek Mega Millions biletleri sat\u0131n al\u0131yor ve onlar\u0131 tar\u0131yoruz","robots":{"index":"index","follow":"follow","max-snippet":"max-snippet:-1","max-image-preview":"max-image-preview:large","max-video-preview":"max-video-preview:-1"},"canonical":"https:\/\/jackpotlotteryonline.com\/tr\/bilet-satin-al\/mega-millions\/","og_locale":"tr_TR","og_type":"article","og_title":"Mega Millions biletlerini \u00e7evrimi\u00e7i sat\u0131n al\u0131n | Mega Millions i\u00e7in ABD d\u0131\u015f\u0131ndan biletler","og_description":"ABD d\u0131\u015f\u0131nda ya\u015f\u0131yorsan\u0131z, Mega Millions biletlerini buradan online olarak sat\u0131n alabilirsiniz. Sizin i\u00e7in ger\u00e7ek Mega Millions biletleri sat\u0131n al\u0131yor ve onlar\u0131 tar\u0131yoruz","og_url":"https:\/\/jackpotlotteryonline.com\/tr\/bilet-satin-al\/mega-millions\/","og_site_name":"Lotto Online - Crack The International Lottery Jackpots","article_modified_time":"2022-12-19T15:12:10+00:00","og_image":[{"url":"https:\/\/jackpotlotteryonline.com\/wp-content\/uploads\/2022\/11\/logo_Mega_Millions_233x110.png"}],"twitter_card":"summary_large_image","twitter_misc":{"Tahmini okuma s\u00fcresi":"5 dakika"},"schema":{"@context":"https:\/\/schema.org","@graph":[{"@type":"WebPage","@id":"https:\/\/jackpotlotteryonline.com\/tr\/bilet-satin-al\/mega-millions\/","url":"https:\/\/jackpotlotteryonline.com\/tr\/bilet-satin-al\/mega-millions\/","name":"Mega Millions biletlerini \u00e7evrimi\u00e7i sat\u0131n al\u0131n | Mega Millions i\u00e7in ABD d\u0131\u015f\u0131ndan biletler","isPartOf":{"@id":"https:\/\/jackpotlotteryonline.com\/#website"},"primaryImageOfPage":{"@id":"https:\/\/jackpotlotteryonline.com\/tr\/bilet-satin-al\/mega-millions\/#primaryimage"},"image":{"@id":"https:\/\/jackpotlotteryonline.com\/tr\/bilet-satin-al\/mega-millions\/#primaryimage"},"thumbnailUrl":"https:\/\/jackpotlotteryonline.com\/wp-content\/uploads\/2022\/11\/logo_Mega_Millions_233x110.png","datePublished":"2022-12-02T11:08:49+00:00","dateModified":"2022-12-19T15:12:10+00:00","description":"ABD d\u0131\u015f\u0131nda ya\u015f\u0131yorsan\u0131z, Mega Millions biletlerini buradan online olarak sat\u0131n alabilirsiniz. Sizin i\u00e7in ger\u00e7ek Mega Millions biletleri sat\u0131n al\u0131yor ve onlar\u0131 tar\u0131yoruz","breadcrumb":{"@id":"https:\/\/jackpotlotteryonline.com\/tr\/bilet-satin-al\/mega-millions\/#breadcrumb"},"inLanguage":"tr","potentialAction":[{"@type":"ReadAction","target":["https:\/\/jackpotlotteryonline.com\/tr\/bilet-satin-al\/mega-millions\/"]}]},{"@type":"ImageObject","inLanguage":"tr","@id":"https:\/\/jackpotlotteryonline.com\/tr\/bilet-satin-al\/mega-millions\/#primaryimage","url":"https:\/\/jackpotlotteryonline.com\/wp-content\/uploads\/2022\/11\/logo_Mega_Millions_233x110.png","contentUrl":"https:\/\/jackpotlotteryonline.com\/wp-content\/uploads\/2022\/11\/logo_Mega_Millions_233x110.png"},{"@type":"BreadcrumbList","@id":"https:\/\/jackpotlotteryonline.com\/tr\/bilet-satin-al\/mega-millions\/#breadcrumb","itemListElement":[{"@type":"ListItem","position":1,"name":"Home","item":"https:\/\/jackpotlotteryonline.com\/tr\/"},{"@type":"ListItem","position":2,"name":"\u0130nternetten Piyango Bileti Nas\u0131l Al\u0131n\u0131r","item":"https:\/\/jackpotlotteryonline.com\/tr\/bilet-satin-al\/"},{"@type":"ListItem","position":3,"name":"Mega Millions biletleri"}]},{"@type":"WebSite","@id":"https:\/\/jackpotlotteryonline.com\/#website","url":"https:\/\/jackpotlotteryonline.com\/","name":"Lotto Online - Crack The International Lottery Jackpots","description":"","potentialAction":[{"@type":"SearchAction","target":{"@type":"EntryPoint","urlTemplate":"https:\/\/jackpotlotteryonline.com\/?s={search_term_string}"},"query-input":"required name=search_term_string"}],"inLanguage":"tr"}]}},"_links":{"self":[{"href":"https:\/\/jackpotlotteryonline.com\/tr\/wp-json\/wp\/v2\/pages\/40338","targetHints":{"allow":["GET"]}}],"collection":[{"href":"https:\/\/jackpotlotteryonline.com\/tr\/wp-json\/wp\/v2\/pages"}],"about":[{"href":"https:\/\/jackpotlotteryonline.com\/tr\/wp-json\/wp\/v2\/types\/page"}],"author":[{"embeddable":true,"href":"https:\/\/jackpotlotteryonline.com\/tr\/wp-json\/wp\/v2\/users\/1"}],"replies":[{"embeddable":true,"href":"https:\/\/jackpotlotteryonline.com\/tr\/wp-json\/wp\/v2\/comments?post=40338"}],"version-history":[{"count":0,"href":"https:\/\/jackpotlotteryonline.com\/tr\/wp-json\/wp\/v2\/pages\/40338\/revisions"}],"up":[{"embeddable":true,"href":"https:\/\/jackpotlotteryonline.com\/tr\/wp-json\/wp\/v2\/pages\/35786"}],"wp:attachment":[{"href":"https:\/\/jackpotlotteryonline.com\/tr\/wp-json\/wp\/v2\/media?parent=40338"}],"curies":[{"name":"wp","href":"https:\/\/api.w.org\/{rel}","templated":true}]}}