{"id":40390,"date":"2022-12-02T14:45:39","date_gmt":"2022-12-02T14:45:39","guid":{"rendered":"https:\/\/jackpotlotteryonline.com\/?page_id=40390"},"modified":"2023-01-01T14:47:56","modified_gmt":"2023-01-01T14:47:56","slug":"oz-lotto","status":"publish","type":"page","link":"https:\/\/jackpotlotteryonline.com\/tr\/nasil-oynanir\/oz-lotto\/","title":{"rendered":"Oz Lotto \u00e7evrimi\u00e7i oyna"},"content":{"rendered":"<h2>Oz Lotto Hakk\u0131nda<\/h2>\n<p>Oz Lottery, 1994 y\u0131l\u0131nda ba\u015flat\u0131lan ve Tatts grubu ad\u0131 verilen bir grup taraf\u0131ndan y\u00f6netilen bir Avustralya piyangosudur. Oz Lotto hem Avustralya hem de Yeni Zelanda&#8217;da pop\u00fclerli\u011fini art\u0131rarak Avustralya&#8217;n\u0131n en b\u00fcy\u00fck piyango oyunu haline gelmi\u015ftir. <a href=\"https:\/\/jackpotlotteryonline.com\/tr\/kazanan-sayilar\/oz-loto\">Oz Lotto \u00e7ekili\u015fleri<\/a> her \u00c7ar\u015famba ve Cuma yap\u0131lmaktad\u0131r.<\/p>\n<p>A\u015fa\u011f\u0131da, d\u00fcnyan\u0131n her yerinden \u00e7evrimi\u00e7i olarak Oz Lotto oynaman\u0131za yard\u0131mc\u0131 olacak bir rehber bulunmaktad\u0131r.<\/p>\n<h2>Oz Lotto \u00e7evrimi\u00e7i nas\u0131l oynan\u0131r<\/h2>\n<p><img loading=\"lazy\" decoding=\"async\" class=\"alignright size-full wp-image-29777\" src=\"http:\/\/jackpotlotteryonline.com\/wp-content\/uploads\/2022\/11\/1_ticket_online_buying.jpg\" alt=\"oz loto online oyna\" width=\"300\" height=\"203\" \/>Kat\u0131lmak i\u00e7in heyecan verici ve heyecan verici bir piyango ar\u0131yorsan\u0131z, Avustralya Oz Lotto&#8217;ya g\u00f6z atman\u0131z gerekir. Konsiyerj hizmetleri sunarak oyunculara \u00e7evrimi\u00e7i uluslararas\u0131 piyango oynama f\u0131rsat\u0131 sunuyoruz. Oz Lotto&#8217;yu \u00e7evrimi\u00e7i oynamak i\u00e7in ihtiyac\u0131n\u0131z olan tek \u015fey bir bilgisayar ve internet ba\u011flant\u0131s\u0131d\u0131r.<\/p>\n<p>Oz Lotto&#8217;yu \u00e7evrimi\u00e7i oynamak i\u00e7in 1&#8217;den 47&#8217;ye kadar yedi ana say\u0131 se\u00e7meniz yeterlidir. Ek say\u0131lar olarak bilinen \u00fc\u00e7 say\u0131 daha \u00e7ekili\u015f s\u0131ras\u0131nda se\u00e7ilir. Say\u0131lar\u0131n\u0131z\u0131 rastgele say\u0131 \u00fcretecimizi kullanarak se\u00e7ebilir veya manuel olarak se\u00e7ebilirsiniz. Ard\u0131ndan kat\u0131lmak istedi\u011finiz \u00e7ekili\u015f say\u0131s\u0131n\u0131 se\u00e7in. \u00d6deme i\u015flemine ge\u00e7in ve <a href=\"https:\/\/jackpotlotteryonline.com\/tr\/bilet-satin-al\/oz-lotto\">biletleriniz i\u00e7in \u00f6deme yap\u0131n<\/a>, ard\u0131ndan \u00e7ekili\u015fi bekleyin.<\/p>\n<h2>Ek say\u0131lar nedir ve nas\u0131l kullan\u0131l\u0131r?<\/h2>\n<p>Ek say\u0131lar, Oz Lotto \u00e7ekili\u015fleri s\u0131ras\u0131nda &#8220;bonus toplar&#8221; olarak kabul edilir. \u00c7ekili\u015f s\u0131ras\u0131nda, on kazanan say\u0131 rastgele se\u00e7ilir ve ilk yedi say\u0131, ikramiye kazanan\u0131 i\u00e7in ana say\u0131lar olarak etiketlenir. Kademeler 2, 4 ve 7 kalan \u00fc\u00e7 &#8220;ek say\u0131&#8221; taraf\u0131ndan belirlenir.<\/p>\n<h2>Oz Lotto \u00f6d\u00fcl kademeleri<\/h2>\n<p>Avustralya Oz Loto&#8217;sunda toplam yedi \u00f6d\u00fcl kademesi vard\u0131r. Bunlar a\u015fa\u011f\u0131daki gibidir:<\/p>\n<ul>\n<li>Kademe 1: Jackpot: yedi say\u0131 e\u015fle\u015fti<\/li>\n<li>Kademe 2: E\u015fle\u015fen Alt\u0131 say\u0131 + ek say\u0131<\/li>\n<li>Kademe 3: Alt\u0131 Say\u0131 E\u015fle\u015fti<\/li>\n<li>Kademe 4: E\u015fle\u015fen Be\u015f say\u0131 + ek say\u0131<\/li>\n<li>Kademe 5: E\u015fle\u015fen Be\u015f Say\u0131<\/li>\n<li>Kademe 6: D\u00f6rt Say\u0131 E\u015fle\u015fti<\/li>\n<li>Kademe 7: E\u015fle\u015fen \u00dc\u00e7 say\u0131 + ek say\u0131<\/li>\n<\/ul>\n<h2>Oz Lotto oynamak i\u00e7in Avustralya&#8217;da olmak zorunda m\u0131y\u0131m?<\/h2>\n<p>Hay\u0131r, bu piyangoya kat\u0131lmak i\u00e7in Avustralya&#8217;da ikamet ediyor olman\u0131z gerekmez. Tek yapman\u0131z gereken, uluslararas\u0131 piyango oynama hayalinizi ger\u00e7ekle\u015ftirmek i\u00e7in jackpotlotteryonline.com adresini ziyaret etmek. M\u00fc\u015fterilerimize piyango hizmetleri sunuyoruz, \u00f6yle ki g\u00fcvenilir piyango acentelerimiz arac\u0131l\u0131\u011f\u0131yla fiziksel biletler sat\u0131n al\u0131yoruz. Fiziksel bilet g\u00fcvenli bir \u015fekilde saklan\u0131rken, bir taramas\u0131 oyuncunun hesab\u0131na y\u00fcklenecektir. T\u00fcm bunlar sizin i\u00e7in yap\u0131lacak ve geriye kalan \u015fey \u00e7ekili\u015f g\u00fcn\u00fcn\u00fc beklemek olacakt\u0131r.<\/p>\n<p>Yani Oz Lotto&#8217;ya kat\u0131lamama konusunda endi\u015felenmenize gerek yok. Bu piyangoyu t\u0131pk\u0131 Avustralya&#8217;da ikamet eden biri gibi oynayacaks\u0131n\u0131z. Oz Lotto oynamak bu kadar basit. Bug\u00fcn \u015fans\u0131n\u0131z\u0131 deneyin!<\/p>\n<h2>Oz Loto&#8217;yu Kazanmak<\/h2>\n<p>Oz Lotto jackpot \u00f6d\u00fcl\u00fcn\u00fc kazanmak i\u00e7in, bir oyuncunun toplam 47 say\u0131dan yedi tanesini e\u015fle\u015ftirmesi gerekir. Bu ikramiye 10 milyon dolardan ba\u015flar ve kazan\u0131lana kadar genellikle artar. Ana b\u00fcy\u00fck ikramiye \u00f6d\u00fcl\u00fcne ek olarak, o \u00e7ekili\u015f i\u00e7in d\u00f6rt veya be\u015f say\u0131y\u0131 do\u011fru e\u015fle\u015ftiren oyuncular taraf\u0131ndan sekiz k\u00fc\u00e7\u00fck \u00f6d\u00fcl b\u00f6l\u00fcm\u00fc kazan\u0131l\u0131r.<\/p>\n<section class=\"layout\" style=\"border: solid 1px; width: 100%;\">\n<div class=\"img-div\" style=\"margin-top: 5px;\"><img decoding=\"async\" class=\"wp-image-17212 alignleft\" style=\"height: 45px; margin: 8px 8px 0px;\" src=\"http:\/\/jackpotlotteryonline.com\/wp-content\/uploads\/2022\/11\/read1.jpg\" alt=\"Okuyun \" width=\"\" height=\"\" \/><\/div>\n<div style=\"padding-left: 5px;\">\n<div style=\"font-size: 1.1em;\">\n<p><strong>Tarihi, rekor k\u0131ran piyango ikramiyeleri<\/strong><\/p>\n<p style=\"font-size: 0.85em; margin-top: -1.5em;\">Tarihteki en b\u00fcy\u00fck loto ikramiyeleri ba\u015f\u0131n\u0131z\u0131 d\u00f6nd\u00fcrecek\u00a0 <a href=\"https:\/\/jackpotlotteryonline.com\/tr\/tarihteki-en-buyuk-loto-ikramiyeleri\"> daha fazla oku<\/a><\/p>\n<\/div>\n<\/div>\n<\/section>\n<h2>Avustralya Oz Loto&#8217;sunu kazanma \u015fans\u0131 nedir?<\/h2>\n<p><img loading=\"lazy\" decoding=\"async\" class=\"alignright wp-image-28697 size-medium\" src=\"http:\/\/jackpotlotteryonline.com\/wp-content\/uploads\/2022\/11\/1_online_lotto_winners-300x200.jpg\" alt=\"oz loto online oyna\" width=\"300\" height=\"200\" srcset=\"https:\/\/jackpotlotteryonline.com\/wp-content\/uploads\/2022\/11\/1_online_lotto_winners-300x200.jpg 300w, https:\/\/jackpotlotteryonline.com\/wp-content\/uploads\/2022\/11\/1_online_lotto_winners.jpg 320w\" sizes=\"auto, (max-width: 300px) 100vw, 300px\" \/>Oz Lotto pop\u00fclerlik kazanm\u0131\u015f ve bir\u00e7ok oyuncuya kazand\u0131rm\u0131\u015ft\u0131r, bu da ayn\u0131 zamanda \u00f6d\u00fcl kademelerinden herhangi birinde kazanma \u015fans\u0131n\u0131 olduk\u00e7a y\u00fcksek hale getirmi\u015ftir.<\/p>\n<p>Yedi say\u0131y\u0131 tutturup b\u00fcy\u00fck ikramiyeyi kazanma ihtimali 62.891.499&#8217;da 1&#8217;dir ve bu neredeyse imkans\u0131zd\u0131r. Ancak piyangolarla ilgili iyi olan \u015fey, oyunun tamamen \u015fansla ilgili olmas\u0131d\u0131r, kazanan olup olmayaca\u011f\u0131n\u0131z\u0131 asla bilemezsiniz ve piyangolara kat\u0131lmay\u0131 heyecan verici k\u0131lan da budur.<\/p>\n<p>Yedi \u00f6d\u00fclden herhangi birini kazanma \u015fans\u0131 51&#8217;de 1&#8217;dir.<\/p>\n<p>Oz Lotto hakk\u0131nda daha fazla bilgi i\u00e7in SSS sayfam\u0131z\u0131 ziyaret edebilir veya piyangonun resmi web sitesini ziyaret edebilirsiniz.<\/p>\n<p>Bug\u00fcn bir hesap a\u00e7\u0131n ve d\u00fcnyan\u0131n her yerinden bu piyangoya kat\u0131lma \u015fans\u0131 elde edin.<\/p>\n","protected":false},"excerpt":{"rendered":"<p>Oz Lotto Hakk\u0131nda Oz Lottery, 1994 y\u0131l\u0131nda ba\u015flat\u0131lan ve Tatts grubu ad\u0131 verilen bir grup taraf\u0131ndan y\u00f6netilen bir Avustralya piyangosudur. Oz Lotto hem Avustralya hem de Yeni Zelanda&#8217;da pop\u00fclerli\u011fini art\u0131rarak Avustralya&#8217;n\u0131n en b\u00fcy\u00fck piyango oyunu haline gelmi\u015ftir. Oz Lotto \u00e7ekili\u015fleri her \u00c7ar\u015famba ve Cuma yap\u0131lmaktad\u0131r. A\u015fa\u011f\u0131da, d\u00fcnyan\u0131n her yerinden \u00e7evrimi\u00e7i olarak Oz Lotto oynaman\u0131za yard\u0131mc\u0131 [&hellip;]<\/p>\n","protected":false},"author":1,"featured_media":0,"parent":35727,"menu_order":16,"comment_status":"closed","ping_status":"closed","template":"","meta":{"_et_pb_use_builder":"","_et_pb_old_content":"","_et_gb_content_width":"","exclude_from_search":false,"footnotes":""},"class_list":["post-40390","page","type-page","status-publish","hentry"],"yoast_head":"<!-- This site is optimized with the Yoast SEO plugin v23.3 - https:\/\/yoast.com\/wordpress\/plugins\/seo\/ -->\n<title>Avustralya d\u0131\u015f\u0131ndan \u00e7evrimi\u00e7i Oz Lotto oynay\u0131n<\/title>\n<meta name=\"description\" content=\"Art\u0131k Oz Lotto&#039;yu sadece Avustralya&#039;da de\u011fil, d\u00fcnyan\u0131n her yerinden online olarak oynayabilirsiniz\" \/>\n<meta name=\"robots\" content=\"index, follow, max-snippet:-1, max-image-preview:large, max-video-preview:-1\" \/>\n<link rel=\"canonical\" href=\"https:\/\/jackpotlotteryonline.com\/tr\/nasil-oynanir\/oz-lotto\/\" \/>\n<meta property=\"og:locale\" content=\"tr_TR\" \/>\n<meta property=\"og:type\" content=\"article\" \/>\n<meta property=\"og:title\" content=\"Avustralya d\u0131\u015f\u0131ndan \u00e7evrimi\u00e7i Oz Lotto oynay\u0131n\" \/>\n<meta property=\"og:description\" content=\"Art\u0131k Oz Lotto&#039;yu sadece Avustralya&#039;da de\u011fil, d\u00fcnyan\u0131n her yerinden online olarak oynayabilirsiniz\" \/>\n<meta property=\"og:url\" content=\"https:\/\/jackpotlotteryonline.com\/tr\/nasil-oynanir\/oz-lotto\/\" \/>\n<meta property=\"og:site_name\" content=\"Lotto Online - Crack The International Lottery Jackpots\" \/>\n<meta property=\"article:modified_time\" content=\"2023-01-01T14:47:56+00:00\" \/>\n<meta property=\"og:image\" content=\"http:\/\/jackpotlotteryonline.com\/wp-content\/uploads\/2022\/11\/1_ticket_online_buying.jpg\" \/>\n<meta name=\"twitter:card\" content=\"summary_large_image\" \/>\n<meta name=\"twitter:label1\" content=\"Tahmini okuma s\u00fcresi\" \/>\n\t<meta name=\"twitter:data1\" content=\"3 dakika\" \/>\n<!-- \/ Yoast SEO plugin. -->","yoast_head_json":{"title":"Avustralya d\u0131\u015f\u0131ndan \u00e7evrimi\u00e7i Oz Lotto oynay\u0131n","description":"Art\u0131k Oz Lotto'yu sadece Avustralya'da de\u011fil, d\u00fcnyan\u0131n her yerinden online olarak oynayabilirsiniz","robots":{"index":"index","follow":"follow","max-snippet":"max-snippet:-1","max-image-preview":"max-image-preview:large","max-video-preview":"max-video-preview:-1"},"canonical":"https:\/\/jackpotlotteryonline.com\/tr\/nasil-oynanir\/oz-lotto\/","og_locale":"tr_TR","og_type":"article","og_title":"Avustralya d\u0131\u015f\u0131ndan \u00e7evrimi\u00e7i Oz Lotto oynay\u0131n","og_description":"Art\u0131k Oz Lotto'yu sadece Avustralya'da de\u011fil, d\u00fcnyan\u0131n her yerinden online olarak oynayabilirsiniz","og_url":"https:\/\/jackpotlotteryonline.com\/tr\/nasil-oynanir\/oz-lotto\/","og_site_name":"Lotto Online - Crack The International Lottery Jackpots","article_modified_time":"2023-01-01T14:47:56+00:00","og_image":[{"url":"http:\/\/jackpotlotteryonline.com\/wp-content\/uploads\/2022\/11\/1_ticket_online_buying.jpg"}],"twitter_card":"summary_large_image","twitter_misc":{"Tahmini okuma s\u00fcresi":"3 dakika"},"schema":{"@context":"https:\/\/schema.org","@graph":[{"@type":"WebPage","@id":"https:\/\/jackpotlotteryonline.com\/tr\/nasil-oynanir\/oz-lotto\/","url":"https:\/\/jackpotlotteryonline.com\/tr\/nasil-oynanir\/oz-lotto\/","name":"Avustralya d\u0131\u015f\u0131ndan \u00e7evrimi\u00e7i Oz Lotto oynay\u0131n","isPartOf":{"@id":"https:\/\/jackpotlotteryonline.com\/#website"},"primaryImageOfPage":{"@id":"https:\/\/jackpotlotteryonline.com\/tr\/nasil-oynanir\/oz-lotto\/#primaryimage"},"image":{"@id":"https:\/\/jackpotlotteryonline.com\/tr\/nasil-oynanir\/oz-lotto\/#primaryimage"},"thumbnailUrl":"http:\/\/jackpotlotteryonline.com\/wp-content\/uploads\/2022\/11\/1_ticket_online_buying.jpg","datePublished":"2022-12-02T14:45:39+00:00","dateModified":"2023-01-01T14:47:56+00:00","description":"Art\u0131k Oz Lotto'yu sadece Avustralya'da de\u011fil, d\u00fcnyan\u0131n her yerinden online olarak oynayabilirsiniz","breadcrumb":{"@id":"https:\/\/jackpotlotteryonline.com\/tr\/nasil-oynanir\/oz-lotto\/#breadcrumb"},"inLanguage":"tr","potentialAction":[{"@type":"ReadAction","target":["https:\/\/jackpotlotteryonline.com\/tr\/nasil-oynanir\/oz-lotto\/"]}]},{"@type":"ImageObject","inLanguage":"tr","@id":"https:\/\/jackpotlotteryonline.com\/tr\/nasil-oynanir\/oz-lotto\/#primaryimage","url":"http:\/\/jackpotlotteryonline.com\/wp-content\/uploads\/2022\/11\/1_ticket_online_buying.jpg","contentUrl":"http:\/\/jackpotlotteryonline.com\/wp-content\/uploads\/2022\/11\/1_ticket_online_buying.jpg"},{"@type":"BreadcrumbList","@id":"https:\/\/jackpotlotteryonline.com\/tr\/nasil-oynanir\/oz-lotto\/#breadcrumb","itemListElement":[{"@type":"ListItem","position":1,"name":"Home","item":"https:\/\/jackpotlotteryonline.com\/tr\/"},{"@type":"ListItem","position":2,"name":"Nas\u0131l oynan\u0131r","item":"https:\/\/jackpotlotteryonline.com\/tr\/nasil-oynanir\/"},{"@type":"ListItem","position":3,"name":"Oz Lotto \u00e7evrimi\u00e7i oyna"}]},{"@type":"WebSite","@id":"https:\/\/jackpotlotteryonline.com\/#website","url":"https:\/\/jackpotlotteryonline.com\/","name":"Lotto Online - Crack The International Lottery Jackpots","description":"","potentialAction":[{"@type":"SearchAction","target":{"@type":"EntryPoint","urlTemplate":"https:\/\/jackpotlotteryonline.com\/?s={search_term_string}"},"query-input":"required name=search_term_string"}],"inLanguage":"tr"}]}},"_links":{"self":[{"href":"https:\/\/jackpotlotteryonline.com\/tr\/wp-json\/wp\/v2\/pages\/40390","targetHints":{"allow":["GET"]}}],"collection":[{"href":"https:\/\/jackpotlotteryonline.com\/tr\/wp-json\/wp\/v2\/pages"}],"about":[{"href":"https:\/\/jackpotlotteryonline.com\/tr\/wp-json\/wp\/v2\/types\/page"}],"author":[{"embeddable":true,"href":"https:\/\/jackpotlotteryonline.com\/tr\/wp-json\/wp\/v2\/users\/1"}],"replies":[{"embeddable":true,"href":"https:\/\/jackpotlotteryonline.com\/tr\/wp-json\/wp\/v2\/comments?post=40390"}],"version-history":[{"count":0,"href":"https:\/\/jackpotlotteryonline.com\/tr\/wp-json\/wp\/v2\/pages\/40390\/revisions"}],"up":[{"embeddable":true,"href":"https:\/\/jackpotlotteryonline.com\/tr\/wp-json\/wp\/v2\/pages\/35727"}],"wp:attachment":[{"href":"https:\/\/jackpotlotteryonline.com\/tr\/wp-json\/wp\/v2\/media?parent=40390"}],"curies":[{"name":"wp","href":"https:\/\/api.w.org\/{rel}","templated":true}]}}