{"id":40514,"date":"2022-12-05T09:11:23","date_gmt":"2022-12-05T09:11:23","guid":{"rendered":"https:\/\/jackpotlotteryonline.com\/?page_id=40514"},"modified":"2022-12-26T14:45:26","modified_gmt":"2022-12-26T14:45:26","slug":"powerball","status":"publish","type":"page","link":"https:\/\/jackpotlotteryonline.com\/tr\/kazanan-sayilar\/powerball\/","title":{"rendered":"Powerball \u00e7ekili\u015f sonu\u00e7lar\u0131"},"content":{"rendered":"<p>Powerball, t\u00fcm zamanlar\u0131n en b\u00fcy\u00fck ikramiyelerinden birine sahip olan bir ABD piyangosudur. ABD Powerball&#8217;unu kazanmak neredeyse her bahis\u00e7inin nihai hayalidir. Bazen 1 Milyar $&#8217;a kadar \u00e7\u0131kan inan\u0131lmaz b\u00fcy\u00fck ikramiyeleri nedeniyle, d\u00fcnyan\u0131n d\u00f6rt bir yan\u0131ndaki oyuncular Powerball biletlerini \u00e7evrimi\u00e7i olarak sat\u0131n almaktad\u0131r. Her oyuncu piyangoyu kazanmak i\u00e7in g\u00fc\u00e7l\u00fc umutlar besler. Ancak, bir piyango bileti sat\u0131n almak ba\u015fka bir \u015feydir ve kazanan numaralar\u0131 kontrol etmek ba\u015fka bir \u015feydir. Powerball piyangosu i\u00e7in kazanan bilete sahip olup olmad\u0131\u011f\u0131n\u0131z\u0131 \u00f6\u011frenmek i\u00e7in \u00e7ekili\u015f sonu\u00e7lar\u0131n\u0131 kontrol etmek \u00e7ok \u00f6nemlidir.<\/p>\n<p>Bu sayfada, kazanan sonu\u00e7lar\u0131 \u00e7evrimi\u00e7i olarak nas\u0131l kontrol edece\u011finizi sizlerle payla\u015faca\u011f\u0131z. Ayr\u0131ca, \u00e7evrimi\u00e7i bir oyuncu olsan\u0131z bile kazanc\u0131n\u0131za nas\u0131l eri\u015febilece\u011finizi g\u00f6sterece\u011fiz.<\/p>\n<p>Jackpotlotteryonline.com adresinden <a href=\"https:\/\/jackpotlotteryonline.com\/tr\/bilet-satin-al\/powerball\">Powerball i\u00e7in kazanan biletleri sat\u0131n alabilece\u011finizi<\/a> ve ayn\u0131 zamanda kazanan numaralar\u0131 kontrol edebilece\u011finizi unutmay\u0131n.<\/p>\n<h2>Powerball neden bu kadar pop\u00fcler?<\/h2>\n<p><img loading=\"lazy\" decoding=\"async\" class=\"alignright size-full wp-image-29588\" src=\"https:\/\/jackpotlotteryonline.com\/wp-content\/uploads\/2022\/11\/1_results_powerball.jpg\" alt=\"Powerball biletlerini kolayca sat\u0131n al\u0131n\" width=\"300\" height=\"224\" \/>Oyuncular\u0131n Powerball&#8217;a ak\u0131n etmesinin birka\u00e7 nedeni vard\u0131r. ABD&#8217;nin \u00e7ok eyaletli bir piyangosudur, yani biletler birka\u00e7 ABD eyaletinde sat\u0131lmaktad\u0131r. Dolay\u0131s\u0131yla bu eyaletlerde ya\u015fayanlar Powerball biletlerini kolayca sat\u0131n alabilirler. Ancak bu piyangoyu kazanma umuduyla giri\u015f sat\u0131n alanlar sadece ABD&#8217;li piyango merakl\u0131lar\u0131 de\u011fildir. D\u00fcnyan\u0131n d\u00f6rt bir yan\u0131ndaki bahis\u00e7iler de hevesle kazanan Powerball biletlerini sat\u0131n almaya \u00e7al\u0131\u015f\u0131yor.<\/p>\n<p>Ekim 2022&#8217;de Powerball ikramiyesi 1 milyar dolarl\u0131k bir rekora ula\u015ft\u0131 ve bu ikramiye tek bir bilet sahibi taraf\u0131ndan kazan\u0131ld\u0131. Sadece bir milyar dolar kazanma d\u00fc\u015f\u00fcncesi bile her yerdeki oyuncular\u0131 heyecanland\u0131rmaya yetiyor. Ayr\u0131ca, Powerball&#8217;u kazanma olas\u0131l\u0131\u011f\u0131 olduk\u00e7a y\u00fcksek olsa da, oyuncular genellikle ikramiyeyi kazanmaktad\u0131r.<\/p>\n<p>Yine, Powerball&#8217;un cazip \u00f6d\u00fcller i\u00e7eren \u00e7e\u015fitli kategorileri vard\u0131r. Yani, ilk \u00f6d\u00fcl\u00fc ka\u00e7\u0131rsan\u0131z bile, yine de b\u00fcy\u00fck bir kazan\u00e7la eve gidebilirsiniz.<\/p>\n<h2>Online Powerball oynamak ve kazanmak<\/h2>\n<p><a href=\"https:\/\/jackpotlotteryonline.com\/tr\/nasil-oynanir\/powerball\">Powerball&#8217;u \u00e7evrimi\u00e7i oynaman\u0131n<\/a> e\u011flenceli yan\u0131, bu ABD piyangosuna her yerden h\u0131zl\u0131 bir \u015fekilde eri\u015febilmenizdir. Kazanan biletinizi jackpotlotteryonline.com&#8217;dan sat\u0131n al\u0131rsan\u0131z, kazanan numaralar\u0131n\u0131z\u0131 kolayca se\u00e7ebilirsiniz. Basit\u00e7e 1&#8217;den 69&#8217;a kadar 5 say\u0131 ve 1&#8217;den 26&#8217;ya kadar 1 ek say\u0131 se\u00e7in.<\/p>\n<p>Kazanan numaralar\u0131n\u0131z\u0131 se\u00e7tikten sonra, bir sonraki ad\u0131m \u00e7ekili\u015flere kat\u0131lmakt\u0131r. Powerball&#8217;un Sal\u0131, Per\u015fembe ve Pazar g\u00fcnleri olmak \u00fczere \u00fc\u00e7 haftal\u0131k \u00e7ekili\u015fi vard\u0131r. Tercihinize ba\u011fl\u0131 olarak tek bir \u00e7ekili\u015fe veya birden fazla \u00e7ekili\u015fe kat\u0131lman\u0131z\u0131 kolayla\u015ft\u0131r\u0131yoruz. Ayr\u0131ca, \u00e7ekili\u015flere birka\u00e7 hafta \u00f6nceden girebilirsiniz.<\/p>\n<p>\u00d6demenizi i\u015fleme koyduktan sonra, bir sonraki ad\u0131m \u00e7ekili\u015fleri beklemektir. \u0130\u015fte o zaman kazanan numaralar a\u00e7\u0131klanacak ve piyangoyu kazan\u0131p kazanmad\u0131\u011f\u0131n\u0131z\u0131 anlayabileceksiniz.<\/p>\n<section class=\"layout\" style=\"border: solid 1px; width: 100%;\">\n<div class=\"img-div\" style=\"margin-top: 5px;\"><img decoding=\"async\" class=\"wp-image-17212 alignleft\" style=\"height: 45px; margin: 8px 8px 0px;\" src=\"https:\/\/jackpotlotteryonline.com\/wp-content\/uploads\/2022\/11\/read1.jpg\" alt=\"okuyun\" width=\"\" height=\"\" \/><\/div>\n<div style=\"padding-left: 5px;\">\n<div style=\"font-size: 1.1em;\">\n<p><strong>Tarihi, rekor k\u0131ran piyango ikramiyeleri<\/strong><\/p>\n<p style=\"font-size: 0.85em; margin-top: -1.5em;\">Tarihteki en b\u00fcy\u00fck loto ikramiyeleri ba\u015f\u0131n\u0131z\u0131 d\u00f6nd\u00fcrecek <a href=\"https:\/\/jackpotlotteryonline.com\/tr\/tarihteki-en-buyuk-loto-ikramiyeleri\">daha fazla oku<\/a><\/p>\n<\/div>\n<\/div>\n<\/section>\n<h2>Kazanan numaralar\u0131 kontrol etme<\/h2>\n<p><img loading=\"lazy\" decoding=\"async\" class=\"alignright size-full wp-image-30371\" src=\"https:\/\/jackpotlotteryonline.com\/wp-content\/uploads\/2022\/11\/1_winning_numbers_powerball.jpg\" alt=\"\u00e7evrimi\u00e7i Powerball oynamak\" width=\"300\" height=\"129\" \/>Powerball&#8217;u \u00e7evrimi\u00e7i oynad\u0131\u011f\u0131n\u0131z i\u00e7in, kazanan bilete sahip olup olmad\u0131\u011f\u0131n\u0131z\u0131 kontrol etmek i\u00e7in bir piyango bayisine gidemezsiniz. Bu y\u00fczden, bunu yapman\u0131n en iyi yolu \u00e7evrimi\u00e7i kontrol etmektir. Bizimle oynuyorsan\u0131z, kazanan numaralar\u0131 g\u00f6rmek i\u00e7in her \u00e7ekili\u015ften sonra bu sayfaya d\u00f6nebilirsiniz.<\/p>\n<p>Ancak, tekrar kontrol etmeseniz bile, herhangi bir \u00f6d\u00fcl kazan\u0131p kazanmad\u0131\u011f\u0131n\u0131z\u0131 \u00f6\u011frenebilirsiniz. \u00c7\u00fcnk\u00fc Powerball biletinizi sat\u0131n almak i\u00e7in bize kay\u0131tl\u0131 olman\u0131z gerekmektedir. Bunun nedeni, kazanan bir biletiniz oldu\u011fu anda sizi bilgilendirebilmemizdir. Kazanan bir biletiniz varsa, size haber vermek i\u00e7in bir e-posta g\u00f6nderece\u011fiz. Bu kadar basit, ger\u00e7ekten.<\/p>\n<h2>\u00d6d\u00fcl\u00fcn\u00fcz\u00fc nakde \u00e7evirmek<\/h2>\n<p>Kazanc\u0131n\u0131z\u0131 nakde \u00e7evirmek, \u00e7evrimi\u00e7i oyuncular i\u00e7in endi\u015fe verici olabilecek bir ba\u015fka husustur. \u00c7\u00fcnk\u00fc \u00e7evrimi\u00e7i Powerball oynuyorsan\u0131z, kazanc\u0131n\u0131za eri\u015febilece\u011finizden emin olmak istersiniz. Bizimle Powerball oynuyorsan\u0131z, \u00f6d\u00fcl\u00fcn\u00fcz\u00fc nakde \u00e7evirmek basit bir meseledir. Sistemimizi, kazanc\u0131n\u0131z\u0131 hesab\u0131n\u0131za \u00e7ekebilece\u011finiz \u015fekilde tasarlad\u0131k.<\/p>\n<p>Bu, 2.500 Euro&#8217;nun alt\u0131ndaki kazan\u00e7lar i\u00e7in ge\u00e7erlidir. Bu miktardan daha fazla kazan\u0131rsan\u0131z, bir talep formu doldurman\u0131za yard\u0131mc\u0131 olaca\u011f\u0131z. Kazanc\u0131n\u0131z\u0131 do\u011frudan piyango \u015firketinden talep etmek i\u00e7in bunu yapman\u0131z gerekecektir.<\/p>\n<h2>Powerball piyangosunu kazanmak<\/h2>\n<p>Powerball piyangosunu kazanmak, \u00e7ekilen sonu\u00e7larla e\u015fle\u015fen bir bilete sahip oldu\u011funuz anlam\u0131na gelir. Powerball&#8217;un ne kadar \u015fa\u015f\u0131rt\u0131c\u0131 oldu\u011funu g\u00f6stermek i\u00e7in, size di\u011fer \u00f6d\u00fcllerde neler kazanabilece\u011finizi g\u00f6sterelim.<\/p>\n<p>B\u00f6l\u00fcm 1: Match 5 + Powerball &#8211; Jackpot<\/p>\n<p>B\u00f6l\u00fcm 2: Yaln\u0131zca 5. Ma\u00e7 &#8211; 1 milyon dolar<\/p>\n<p>B\u00f6l\u00fcm 3: Ma\u00e7 4 + Powerball &#8211; $50,000<\/p>\n<p>B\u00f6l\u00fcm 4: Tek ba\u015f\u0131na 4. Ma\u00e7 &#8211; 100 $<\/p>\n<p>B\u00f6l\u00fcm 5: 3&#8217;l\u00fc E\u015fle\u015ftirme + Powerball &#8211; 100$<\/p>\n<p>B\u00f6l\u00fcm 6: Yaln\u0131z 3. Ma\u00e7 &#8211; 7 Dolar<\/p>\n<p>B\u00f6l\u00fcm 7: Ma\u00e7 2 + Powerball &#8211; 7 $<\/p>\n<p>B\u00f6l\u00fcm 8: Ma\u00e7 1 + Powerball &#8211; 4 Dolar<\/p>\n<p>B\u00f6l\u00fcm 9: Tek ba\u015f\u0131na Powerball E\u015fle\u015fmesi &#8211; 4$<\/p>\n<p>9 b\u00f6l\u00fcml\u00fc piyangoyu kazanmak oyuncular i\u00e7in heyecan verici bir olas\u0131l\u0131kt\u0131r. Bu ayn\u0131 zamanda \u00f6d\u00fcl kazanma \u015fans\u0131n\u0131n olduk\u00e7a y\u00fcksek oldu\u011fu anlam\u0131na gelir. Ayr\u0131ca, ikinci b\u00f6l\u00fcm\u00fc kazansan\u0131z bile, eve b\u00fcy\u00fck bir kazan\u00e7la d\u00f6nme \u015fans\u0131n\u0131z y\u00fcksektir.<\/p>\n<h2>Kazanan sonu\u00e7lar\u0131 buradan kontrol edin<\/h2>\n<p>Bir dahaki sefere piyango oynamak istedi\u011finizde, kazanan sonu\u00e7lar\u0131 nereden kontrol edece\u011finiz konusunda endi\u015felenmeyin. Jackpotlotteryonline.com&#8217;da kazanan numaralar\u0131n\u0131z\u0131 se\u00e7menizi ve kazanan sonu\u00e7lar\u0131 kontrol etmenizi kolayla\u015ft\u0131r\u0131yoruz. Biletinizi bizden sat\u0131n al\u0131n ve kazanan bir biletiniz oldu\u011funda sizi uyaraca\u011f\u0131z.<\/p>\n<p>Kazanc\u0131n\u0131z\u0131 sitemizden do\u011frudan hesab\u0131n\u0131za \u00e7ekebilece\u011finizi de unutmay\u0131n. Bu, piyango oynarken ya\u015fayaca\u011f\u0131n\u0131z stresi b\u00fcy\u00fck \u00f6l\u00e7\u00fcde azaltacakt\u0131r. Asl\u0131nda, m\u00fc\u015fterilerimize sorunsuz ve sorunsuz bir deneyim sunmay\u0131 i\u015fimiz haline getiriyoruz. Bu \u015fekilde, d\u00fcnya umurunuzda olmadan piyangoyu kazanmaya odaklanabilirsiniz.<\/p>\n","protected":false},"excerpt":{"rendered":"<p>Powerball, t\u00fcm zamanlar\u0131n en b\u00fcy\u00fck ikramiyelerinden birine sahip olan bir ABD piyangosudur. ABD Powerball&#8217;unu kazanmak neredeyse her bahis\u00e7inin nihai hayalidir. Bazen 1 Milyar $&#8217;a kadar \u00e7\u0131kan inan\u0131lmaz b\u00fcy\u00fck ikramiyeleri nedeniyle, d\u00fcnyan\u0131n d\u00f6rt bir yan\u0131ndaki oyuncular Powerball biletlerini \u00e7evrimi\u00e7i olarak sat\u0131n almaktad\u0131r. Her oyuncu piyangoyu kazanmak i\u00e7in g\u00fc\u00e7l\u00fc umutlar besler. Ancak, bir piyango bileti sat\u0131n almak [&hellip;]<\/p>\n","protected":false},"author":1,"featured_media":0,"parent":35860,"menu_order":1,"comment_status":"closed","ping_status":"closed","template":"powerball-usa-results.php","meta":{"_et_pb_use_builder":"","_et_pb_old_content":"","_et_gb_content_width":"","exclude_from_search":false,"footnotes":""},"class_list":["post-40514","page","type-page","status-publish","hentry"],"yoast_head":"<!-- This site is optimized with the Yoast SEO plugin v23.3 - https:\/\/yoast.com\/wordpress\/plugins\/seo\/ -->\n<title>Powerball kazanan numaralar ve \u00e7ekili\u015f sonu\u00e7lar\u0131<\/title>\n<meta name=\"description\" content=\"Powerball USA i\u00e7in t\u00fcm son \u00e7ekili\u015f sonu\u00e7lar\u0131 ve kazanan numaralar, ayr\u0131ca bir sonu\u00e7 ar\u015fivi, hepsi tek bir web sitesinde\" \/>\n<meta name=\"robots\" content=\"index, follow, max-snippet:-1, max-image-preview:large, max-video-preview:-1\" \/>\n<link rel=\"canonical\" href=\"https:\/\/jackpotlotteryonline.com\/tr\/kazanan-sayilar\/powerball\/\" \/>\n<meta property=\"og:locale\" content=\"tr_TR\" \/>\n<meta property=\"og:type\" content=\"article\" \/>\n<meta property=\"og:title\" content=\"Powerball kazanan numaralar ve \u00e7ekili\u015f sonu\u00e7lar\u0131\" \/>\n<meta property=\"og:description\" content=\"Powerball USA i\u00e7in t\u00fcm son \u00e7ekili\u015f sonu\u00e7lar\u0131 ve kazanan numaralar, ayr\u0131ca bir sonu\u00e7 ar\u015fivi, hepsi tek bir web sitesinde\" \/>\n<meta property=\"og:url\" content=\"https:\/\/jackpotlotteryonline.com\/tr\/kazanan-sayilar\/powerball\/\" \/>\n<meta property=\"og:site_name\" content=\"Lotto Online - Crack The International Lottery Jackpots\" \/>\n<meta property=\"article:modified_time\" content=\"2022-12-26T14:45:26+00:00\" \/>\n<meta property=\"og:image\" content=\"https:\/\/jackpotlotteryonline.com\/wp-content\/uploads\/2022\/11\/1_results_powerball.jpg\" \/>\n<meta name=\"twitter:card\" content=\"summary_large_image\" \/>\n<meta name=\"twitter:label1\" content=\"Tahmini okuma s\u00fcresi\" \/>\n\t<meta name=\"twitter:data1\" content=\"4 dakika\" \/>\n<!-- \/ Yoast SEO plugin. -->","yoast_head_json":{"title":"Powerball kazanan numaralar ve \u00e7ekili\u015f sonu\u00e7lar\u0131","description":"Powerball USA i\u00e7in t\u00fcm son \u00e7ekili\u015f sonu\u00e7lar\u0131 ve kazanan numaralar, ayr\u0131ca bir sonu\u00e7 ar\u015fivi, hepsi tek bir web sitesinde","robots":{"index":"index","follow":"follow","max-snippet":"max-snippet:-1","max-image-preview":"max-image-preview:large","max-video-preview":"max-video-preview:-1"},"canonical":"https:\/\/jackpotlotteryonline.com\/tr\/kazanan-sayilar\/powerball\/","og_locale":"tr_TR","og_type":"article","og_title":"Powerball kazanan numaralar ve \u00e7ekili\u015f sonu\u00e7lar\u0131","og_description":"Powerball USA i\u00e7in t\u00fcm son \u00e7ekili\u015f sonu\u00e7lar\u0131 ve kazanan numaralar, ayr\u0131ca bir sonu\u00e7 ar\u015fivi, hepsi tek bir web sitesinde","og_url":"https:\/\/jackpotlotteryonline.com\/tr\/kazanan-sayilar\/powerball\/","og_site_name":"Lotto Online - Crack The International Lottery Jackpots","article_modified_time":"2022-12-26T14:45:26+00:00","og_image":[{"url":"https:\/\/jackpotlotteryonline.com\/wp-content\/uploads\/2022\/11\/1_results_powerball.jpg"}],"twitter_card":"summary_large_image","twitter_misc":{"Tahmini okuma s\u00fcresi":"4 dakika"},"schema":{"@context":"https:\/\/schema.org","@graph":[{"@type":"WebPage","@id":"https:\/\/jackpotlotteryonline.com\/tr\/kazanan-sayilar\/powerball\/","url":"https:\/\/jackpotlotteryonline.com\/tr\/kazanan-sayilar\/powerball\/","name":"Powerball kazanan numaralar ve \u00e7ekili\u015f sonu\u00e7lar\u0131","isPartOf":{"@id":"https:\/\/jackpotlotteryonline.com\/#website"},"primaryImageOfPage":{"@id":"https:\/\/jackpotlotteryonline.com\/tr\/kazanan-sayilar\/powerball\/#primaryimage"},"image":{"@id":"https:\/\/jackpotlotteryonline.com\/tr\/kazanan-sayilar\/powerball\/#primaryimage"},"thumbnailUrl":"https:\/\/jackpotlotteryonline.com\/wp-content\/uploads\/2022\/11\/1_results_powerball.jpg","datePublished":"2022-12-05T09:11:23+00:00","dateModified":"2022-12-26T14:45:26+00:00","description":"Powerball USA i\u00e7in t\u00fcm son \u00e7ekili\u015f sonu\u00e7lar\u0131 ve kazanan numaralar, ayr\u0131ca bir sonu\u00e7 ar\u015fivi, hepsi tek bir web sitesinde","breadcrumb":{"@id":"https:\/\/jackpotlotteryonline.com\/tr\/kazanan-sayilar\/powerball\/#breadcrumb"},"inLanguage":"tr","potentialAction":[{"@type":"ReadAction","target":["https:\/\/jackpotlotteryonline.com\/tr\/kazanan-sayilar\/powerball\/"]}]},{"@type":"ImageObject","inLanguage":"tr","@id":"https:\/\/jackpotlotteryonline.com\/tr\/kazanan-sayilar\/powerball\/#primaryimage","url":"https:\/\/jackpotlotteryonline.com\/wp-content\/uploads\/2022\/11\/1_results_powerball.jpg","contentUrl":"https:\/\/jackpotlotteryonline.com\/wp-content\/uploads\/2022\/11\/1_results_powerball.jpg"},{"@type":"BreadcrumbList","@id":"https:\/\/jackpotlotteryonline.com\/tr\/kazanan-sayilar\/powerball\/#breadcrumb","itemListElement":[{"@type":"ListItem","position":1,"name":"Home","item":"https:\/\/jackpotlotteryonline.com\/tr\/"},{"@type":"ListItem","position":2,"name":"Piyango sonu\u00e7lar\u0131","item":"https:\/\/jackpotlotteryonline.com\/tr\/kazanan-sayilar\/"},{"@type":"ListItem","position":3,"name":"Powerball \u00e7ekili\u015f sonu\u00e7lar\u0131"}]},{"@type":"WebSite","@id":"https:\/\/jackpotlotteryonline.com\/#website","url":"https:\/\/jackpotlotteryonline.com\/","name":"Lotto Online - Crack The International Lottery Jackpots","description":"","potentialAction":[{"@type":"SearchAction","target":{"@type":"EntryPoint","urlTemplate":"https:\/\/jackpotlotteryonline.com\/?s={search_term_string}"},"query-input":"required name=search_term_string"}],"inLanguage":"tr"}]}},"_links":{"self":[{"href":"https:\/\/jackpotlotteryonline.com\/tr\/wp-json\/wp\/v2\/pages\/40514","targetHints":{"allow":["GET"]}}],"collection":[{"href":"https:\/\/jackpotlotteryonline.com\/tr\/wp-json\/wp\/v2\/pages"}],"about":[{"href":"https:\/\/jackpotlotteryonline.com\/tr\/wp-json\/wp\/v2\/types\/page"}],"author":[{"embeddable":true,"href":"https:\/\/jackpotlotteryonline.com\/tr\/wp-json\/wp\/v2\/users\/1"}],"replies":[{"embeddable":true,"href":"https:\/\/jackpotlotteryonline.com\/tr\/wp-json\/wp\/v2\/comments?post=40514"}],"version-history":[{"count":0,"href":"https:\/\/jackpotlotteryonline.com\/tr\/wp-json\/wp\/v2\/pages\/40514\/revisions"}],"up":[{"embeddable":true,"href":"https:\/\/jackpotlotteryonline.com\/tr\/wp-json\/wp\/v2\/pages\/35860"}],"wp:attachment":[{"href":"https:\/\/jackpotlotteryonline.com\/tr\/wp-json\/wp\/v2\/media?parent=40514"}],"curies":[{"name":"wp","href":"https:\/\/api.w.org\/{rel}","templated":true}]}}