{"id":40568,"date":"2022-12-05T12:11:44","date_gmt":"2022-12-05T12:11:44","guid":{"rendered":"https:\/\/jackpotlotteryonline.com\/?page_id=40568"},"modified":"2022-12-26T21:04:08","modified_gmt":"2022-12-26T21:04:08","slug":"mega-millions","status":"publish","type":"page","link":"https:\/\/jackpotlotteryonline.com\/tr\/kazanan-sayilar\/mega-millions\/","title":{"rendered":"Mega Millions \u00e7ekili\u015f sonu\u00e7lar\u0131"},"content":{"rendered":"<p>Mega Millions, mega ikramiyeleriyle bilinir ve her yerdeki bahis\u00e7iler bu piyangoyu kazanma d\u00fc\u015f\u00fcncesine bay\u0131l\u0131rlar. Mega Millions piyangosunu kazanmak Amerikan r\u00fcyas\u0131d\u0131r ve milyonlarca oyuncu bunun i\u00e7in \u00e7abalamaktad\u0131r. Neyse ki, d\u00fcnyan\u0131n d\u00f6rt bir yan\u0131ndan oyuncular art\u0131k \u00e7evrimi\u00e7i bilet sat\u0131n alarak Mega Millions kazanma \u015fans\u0131na sahipler. Bunu nas\u0131l yapaca\u011f\u0131n\u0131z\u0131 merak ediyorsan\u0131z, sizin i\u00e7in bir \u00f6nerimiz var.<\/p>\n<p>E\u011fer ilk kez oynuyorsan\u0131z (ya da d\u00fczenli olarak oynuyorsan\u0131z) <a href=\"https:\/\/jackpotlotteryonline.com\/tr\/bilet-satin-al\/mega-millions\">Mega Million biletlerini sitemizden sat\u0131n alabilirsiniz<\/a>. Sadece bu da de\u011fil, jackpotlotteryonline.com&#8217;da size en iyi uluslararas\u0131 piyangolar\u0131 kazanma \u015fans\u0131 da veriyoruz. Yani, Avustralya, Avrupa veya Amerika&#8217;dan piyango kazanmay\u0131 denemek istiyorsan\u0131z, o zaman bizimle kal\u0131n.<\/p>\n<section class=\"layout\" style=\"border: solid 1px; width: 100%;\">\n<div class=\"img-div\" style=\"margin-top: 5px;\"><img decoding=\"async\" class=\"wp-image-17212 alignleft\" style=\"height: 45px; margin: 8px 8px 0px;\" src=\"https:\/\/jackpotlotteryonline.com\/wp-content\/uploads\/2022\/11\/read1.jpg\" alt=\"okuyun\" width=\"\" height=\"\" \/><\/div>\n<div style=\"padding-left: 5px;\">\n<div style=\"font-size: 1.1em;\">\n<p><strong>Avrupa Piyangolar\u0131<\/strong><\/p>\n<p style=\"font-size: 0.85em; margin-top: -1.5em;\">Hangi Avrupa piyangolar\u0131 en iyisidir?\u00a0<a href=\"https:\/\/jackpotlotteryonline.com\/tr\/en-i\u0307yi\u0307-avrupa-pi\u0307yangolari-hangi\u0307leri\u0307di\u0307r\"> daha fazla oku<\/a><\/p>\n<\/div>\n<\/div>\n<\/section>\n<p>Ayr\u0131ca Mega Millions kazan\u00e7lar\u0131n\u0131za nas\u0131l eri\u015febilece\u011finizi de anlataca\u011f\u0131z. Mega Millions oynaman\u0131n, kazanman\u0131n ve \u00f6d\u00fcl\u00fcn\u00fcze eri\u015fememenin bir anlam\u0131 yok. Bu y\u00fczden rahatlay\u0131n ve <a href=\"https:\/\/jackpotlotteryonline.com\/tr\/nasil-oynanir\/mega-millions\">Mega Millions kazanan<\/a> numaralar\u0131 hakk\u0131nda bilmeniz gereken her \u015feyi \u00f6\u011frenmek i\u00e7in okumaya devam edin.<\/p>\n<h2>Mega Millions kazanan numaralar\u0131 nas\u0131l se\u00e7ilir<\/h2>\n<p><img loading=\"lazy\" decoding=\"async\" class=\"alignright size-full wp-image-31073\" src=\"https:\/\/jackpotlotteryonline.com\/wp-content\/uploads\/2022\/11\/logo_Mega_Millions_233x110.png\" alt=\"mega millions biletini \u00e7evrimi\u00e7i sat\u0131n al\u0131n\" width=\"232\" height=\"110\" \/>Piyango bileti alan herkes bir \u015fekilde kazanan biletin kendisine \u00e7\u0131kaca\u011f\u0131n\u0131 umar. Bu do\u011fal bir insan i\u00e7g\u00fcd\u00fcs\u00fcd\u00fcr. \u0130htimallerin y\u00fcksek olabilece\u011fini biliyoruz, ancak birinin kazanan bileti almas\u0131 gerekiyor. Ve bu ki\u015fi siz de olabilirsiniz, de\u011fil mi? Ama bunu nas\u0131l yapacaks\u0131n\u0131z? Oyuncular\u0131n kazanan numaralar\u0131 se\u00e7mek i\u00e7in kulland\u0131klar\u0131 baz\u0131 hileler var.<\/p>\n<p>A\u00e7\u0131k konu\u015faca\u011f\u0131z ve kazanan bileti kazanman\u0131n garantili bir yolu olmad\u0131\u011f\u0131n\u0131 size bildirece\u011fiz. Bu bir \u015fans oyunudur ve her oyuncu \u015fans\u0131n\u0131 denemek zorundad\u0131r. Bununla birlikte, kendinizi \u015fansl\u0131 hissetmenize yard\u0131mc\u0131 olabilecek yollar vard\u0131r. Bunun i\u00e7in se\u00e7ti\u011finiz kazanan numaralar \u00e7ok \u00f6nemlidir.<\/p>\n<p>Temel olarak, \u015fansl\u0131 tarihleri se\u00e7erek kazanan say\u0131lar\u0131 se\u00e7ebilirsiniz. Baz\u0131 insanlar do\u011fduklar\u0131 tarihleri \u015fansl\u0131 olarak g\u00f6r\u00fcrler. Baz\u0131 insanlar\u0131n \u015fansl\u0131 bir y\u0131ld\u0131z\u0131n alt\u0131nda do\u011fdu\u011fu s\u00f6ylenir. Kendinizi onlardan biri gibi hissediyorsan\u0131z, piyango biletiniz i\u00e7in do\u011fum tarihinizin tamam\u0131n\u0131 veya bir k\u0131sm\u0131n\u0131 kullanmak isteyebilirsiniz. Kendinizi o kadar \u015fansl\u0131 hissetmiyorsan\u0131z, rastgele kazanan numaralar\u0131 se\u00e7mek i\u00e7in otomatik jenerat\u00f6r\u00fc kullan\u0131n.<\/p>\n<h2>\u00c7evrimi\u00e7i Mega Millions Kazanmak<\/h2>\n<p>\u0130ster \u00e7evrimi\u00e7i ister \u00e7evrimd\u0131\u015f\u0131 oynuyor olun, oyunun kurallar\u0131 ayn\u0131d\u0131r. \u00c7evrimi\u00e7i kazanan numaralar\u0131 se\u00e7me s\u00fcrecinde size yard\u0131mc\u0131 olaca\u011f\u0131z. Bir kez anlad\u0131\u011f\u0131n\u0131zda, piyangoyu ba\u015fka bir \u015fekilde oynamak istemeyeceksiniz. Piyango biletinizi almak i\u00e7in hi\u00e7bir yere gitmek zorunda olmaman\u0131n inan\u0131lmaz bir yan\u0131 var. Sadece bilgisayar\u0131n\u0131z\u0131 veya mobil cihaz\u0131n\u0131z\u0131 kullan\u0131n.<\/p>\n<p>\u0130lk olarak, kurallar. Mega Millions i\u00e7in 1 ile 70 aras\u0131nda 5 say\u0131 ve 1 ile 25 aras\u0131nda bir Mega Ball se\u00e7meniz gerekir. Kazanan kombinasyonunuzu se\u00e7tikten sonra \u00e7ekili\u015flere kat\u0131labilirsiniz. \u00c7ekili\u015f g\u00fcnleri her hafta Sal\u0131 ve Cuma g\u00fcnleridir. Tek bir \u00e7ekili\u015fe veya her ikisine birden kat\u0131lma se\u00e7ene\u011finiz vard\u0131r.<\/p>\n<p>\u00c7ekili\u015flere birka\u00e7 hafta \u00f6ncesinden de kat\u0131labilirsiniz. Kazanan kombinasyonu e\u015fle\u015ftirirseniz, b\u00fcy\u00fck kazan\u0131rs\u0131n\u0131z. Giri\u015fleriniz i\u00e7in \u00f6deme yapmadan \u00f6nce sizden kay\u0131t olman\u0131z\u0131 isteyece\u011fiz. Bu, kazanc\u0131n\u0131za eri\u015fmenizi ve kazanc\u0131n\u0131z\u0131 talep etmenizi kolayla\u015ft\u0131rmak i\u00e7indir. Ancak, bunu daha sonra a\u00e7\u0131klayaca\u011f\u0131z, sadece okumaya devam edin.<\/p>\n<h2>Kazanan numaralar\u0131 kontrol etme<\/h2>\n<p>Mega Millions ikramiyesi 40 milyon dolardan ba\u015flar. Bu garanti edilen minimum tutard\u0131r ve ikramiye \u00f6d\u00fcl\u00fc bunun alt\u0131na d\u00fc\u015fmez. \u00c7ekili\u015flerden sonra kazanan numara \u00e7\u0131kmazsa, ikramiye bir sonraki \u00e7ekili\u015fe devredilir. Kazanan bir bilet bulunana kadar devretmeye devam eder.<\/p>\n<p>Mega Millions piyangosunun kazanan sonu\u00e7lar\u0131n\u0131 kontrol etmek i\u00e7in, her \u00e7ekili\u015ften sonra bu sayfaya d\u00f6nmeniz yeterlidir. Bu kadar basit. Her \u00e7ekili\u015f i\u00e7in kazanan sonu\u00e7lar\u0131 bu sayfada yay\u0131nl\u0131yoruz ve buna di\u011fer \u00f6d\u00fcl kategorileri de dahildir. Evet, Mega Millions oynad\u0131\u011f\u0131n\u0131zda kazanabilece\u011finiz tek \u015fey b\u00fcy\u00fck ikramiyeyi kazanmak de\u011fildir.<\/p>\n<p>Herhangi bir \u00f6d\u00fcl kazan\u0131rsan\u0131z, kazanc\u0131n\u0131z\u0131 talep edebilmeniz i\u00e7in sizi hemen e-posta yoluyla bilgilendirece\u011fiz.<\/p>\n<h2>Mega Millions \u00f6d\u00fcl kategorileri<\/h2>\n<p>Tamam, muhtemelen bu piyangoyu oynad\u0131\u011f\u0131n\u0131zda ba\u015fka \u00f6d\u00fcller kazanmay\u0131 merak etti\u011finizi biliyoruz. Hepimiz piyangoyu kazanmay\u0131 umuyoruz, ancak y\u0131ld\u0131zlar\u0131 hedefledi\u011finizde bazen g\u00f6ky\u00fcz\u00fcn\u00fc vurursunuz. Ve bu \u00f6d\u00fcller olduk\u00e7a harika. \u0130\u015fte \u00f6d\u00fcl da\u011f\u0131l\u0131m\u0131.<\/p>\n<p>B\u00f6l\u00fcm 1: 5 + Mega Top &#8211; Jackpot<\/p>\n<p>B\u00f6l\u00fcm 2: 5 &#8211; 1.000.000 $<\/p>\n<p>B\u00f6l\u00fcm 3: 4 + Mega Top &#8211; 10.000 $<\/p>\n<p>B\u00f6l\u00fcm 4: 4 &#8211; 500 $<\/p>\n<p>B\u00f6l\u00fcm 5: 3 + Mega Top &#8211; 200 $<\/p>\n<p>B\u00f6l\u00fcm 6 : 3 &#8211; 10 $<\/p>\n<p>B\u00f6l\u00fcm 7: 2 + Mega Top &#8211; $10<\/p>\n<p>B\u00f6l\u00fcm 8: 1 + Mega Top &#8211; $4<\/p>\n<p>B\u00f6l\u00fcm 8: Sadece Mega Top &#8211; 2 $<\/p>\n<p>\u0130kinci kademe \u00f6d\u00fcl\u00fc kazanmak da olduk\u00e7a dikkat \u00e7ekici olurdu, de\u011fil mi? Biz de \u00f6yle d\u00fc\u015f\u00fcn\u00fcyoruz.<\/p>\n<h2>\u00d6d\u00fcl\u00fcn\u00fcz\u00fc nas\u0131l talep edebilirsiniz?<\/h2>\n<p><img loading=\"lazy\" decoding=\"async\" class=\"alignright size-full wp-image-19115\" src=\"https:\/\/jackpotlotteryonline.com\/wp-content\/uploads\/2022\/10\/2_ticket_mega_millions3.jpg\" alt=\"mega millions bi\u0307let taramasi\" width=\"180\" height=\"193\" \/>\u00c7evrimi\u00e7i piyango oynamak iyi g\u00fczel de, kazanc\u0131n\u0131z\u0131 nas\u0131l talep edeceksiniz? Eh, biz de her \u015feyi ele ald\u0131k. Piyango biletinizi jackpotlotteryonline.com adresinden sat\u0131n ald\u0131ysan\u0131z, kazanc\u0131n\u0131za kolayca eri\u015febilirsiniz. Hesab\u0131n\u0131za giri\u015f yapt\u0131ktan sonra, platformumuzdan bankan\u0131za nakde \u00e7evirmeniz yeterlidir.<\/p>\n<p>Bu sorunsuz s\u00fcre\u00e7, m\u00fc\u015fterilerimizden kay\u0131t olmalar\u0131n\u0131 istememizin ana nedenidir. Nerede ya\u015f\u0131yor olursan\u0131z olun, kazanc\u0131n\u0131z\u0131 \u00e7ekmeyi \u00e7ok daha kolay hale getirir.<\/p>\n<p>Bunun genellikle 2.500 \u20ac&#8217;nun alt\u0131ndaki kazan\u00e7lar i\u00e7in oldu\u011funu unutmay\u0131n. Kazanc\u0131n\u0131z 2.500 \u20ac&#8217;dan y\u00fcksekse, kazanc\u0131n\u0131z\u0131 talep etmek i\u00e7in do\u011frudan piyango \u015firketiyle ileti\u015fime ge\u00e7meniz gerekebilir. Ancak, bir talep formu doldurman\u0131zda size yard\u0131mc\u0131 olaca\u011f\u0131m\u0131z i\u00e7in bu bir sorun de\u011fildir.<\/p>\n<h2>Neden jackpotlotteryonline.com&#8217;da piyango oynamal\u0131s\u0131n\u0131z?<\/h2>\n<p>Jackpotlotteryonline.com&#8217;da yapt\u0131\u011f\u0131m\u0131z her \u015fey Mega Millions oynad\u0131\u011f\u0131n\u0131zda size harika bir deneyim ya\u015fatmaya odaklanm\u0131\u015ft\u0131r. Hayatta zor olan pek \u00e7ok \u015fey vard\u0131r, ancak piyangoyu kazanmak bunlardan biri olmamal\u0131d\u0131r. Bu y\u00fczden, istedi\u011finiz kadar e\u011flenmeye odaklanabilmeniz i\u00e7in t\u00fcm bu sinir bozucu k\u00fc\u00e7\u00fck ayr\u0131nt\u0131larla ilgileniyoruz.<\/p>\n<p>Dahas\u0131, biz bir konsiyerj sitesiyiz. Yani m\u00fc\u015fterilerimize piyango kazanma \u015fans\u0131 veriyoruz. Pek \u00e7ok piyango sitesinde oldu\u011fu gibi Mega Millions&#8217;\u0131n sonucuna bahis oynam\u0131yorsunuz. Asl\u0131nda m\u00fc\u015fterilerimize Mega Millions gibi kazanan uluslararas\u0131 piyangolara eri\u015fim sa\u011fl\u0131yoruz. Sitemizden bilet sat\u0131n ald\u0131\u011f\u0131n\u0131zda, kazanan bilete sahipseniz, piyangoyu kazan\u0131rs\u0131n\u0131z.<\/p>\n<p>M\u00fc\u015fterilerimizin Mega Millions kazanan numaralar\u0131n\u0131 ve \u00e7ekili\u015f ge\u00e7mi\u015fini kontrol etmelerini kolayla\u015ft\u0131r\u0131yoruz. \u00c7ekili\u015f ge\u00e7mi\u015fini kontrol etmek, oyuncular\u0131n kazanan oyun stratejilerini olu\u015fturmalar\u0131na yard\u0131mc\u0131 olur. Son olarak, kazanc\u0131n\u0131za eri\u015fmek bir t\u0131klama kadar basittir. Bize kaydolarak bug\u00fcn Mega Millions piyangosunun tad\u0131n\u0131 \u00e7\u0131kar\u0131n.<\/p>\n","protected":false},"excerpt":{"rendered":"<p>Mega Millions, mega ikramiyeleriyle bilinir ve her yerdeki bahis\u00e7iler bu piyangoyu kazanma d\u00fc\u015f\u00fcncesine bay\u0131l\u0131rlar. Mega Millions piyangosunu kazanmak Amerikan r\u00fcyas\u0131d\u0131r ve milyonlarca oyuncu bunun i\u00e7in \u00e7abalamaktad\u0131r. Neyse ki, d\u00fcnyan\u0131n d\u00f6rt bir yan\u0131ndan oyuncular art\u0131k \u00e7evrimi\u00e7i bilet sat\u0131n alarak Mega Millions kazanma \u015fans\u0131na sahipler. Bunu nas\u0131l yapaca\u011f\u0131n\u0131z\u0131 merak ediyorsan\u0131z, sizin i\u00e7in bir \u00f6nerimiz var. E\u011fer ilk [&hellip;]<\/p>\n","protected":false},"author":1,"featured_media":0,"parent":35860,"menu_order":2,"comment_status":"closed","ping_status":"closed","template":"megamillion-results.php","meta":{"_et_pb_use_builder":"","_et_pb_old_content":"","_et_gb_content_width":"","exclude_from_search":false,"footnotes":""},"class_list":["post-40568","page","type-page","status-publish","hentry"],"yoast_head":"<!-- This site is optimized with the Yoast SEO plugin v23.3 - https:\/\/yoast.com\/wordpress\/plugins\/seo\/ -->\n<title>Mega Millions kazanan numaralar ve \u00e7ekili\u015f sonu\u00e7lar\u0131<\/title>\n<meta name=\"description\" content=\"Bu haftan\u0131n ve daha eski Mega Millions \u00e7ekili\u015f sonu\u00e7lar\u0131n\u0131 ve kazanan numaray\u0131 sitemizde bulabilirsiniz\" \/>\n<meta name=\"robots\" content=\"index, follow, max-snippet:-1, max-image-preview:large, max-video-preview:-1\" \/>\n<link rel=\"canonical\" href=\"https:\/\/jackpotlotteryonline.com\/tr\/kazanan-sayilar\/mega-millions\/\" \/>\n<meta property=\"og:locale\" content=\"tr_TR\" \/>\n<meta property=\"og:type\" content=\"article\" \/>\n<meta property=\"og:title\" content=\"Mega Millions kazanan numaralar ve \u00e7ekili\u015f sonu\u00e7lar\u0131\" \/>\n<meta property=\"og:description\" content=\"Bu haftan\u0131n ve daha eski Mega Millions \u00e7ekili\u015f sonu\u00e7lar\u0131n\u0131 ve kazanan numaray\u0131 sitemizde bulabilirsiniz\" \/>\n<meta property=\"og:url\" content=\"https:\/\/jackpotlotteryonline.com\/tr\/kazanan-sayilar\/mega-millions\/\" \/>\n<meta property=\"og:site_name\" content=\"Lotto Online - Crack The International Lottery Jackpots\" \/>\n<meta property=\"article:modified_time\" content=\"2022-12-26T21:04:08+00:00\" \/>\n<meta property=\"og:image\" content=\"https:\/\/jackpotlotteryonline.com\/wp-content\/uploads\/2022\/11\/read1.jpg\" \/>\n<meta name=\"twitter:card\" content=\"summary_large_image\" \/>\n<meta name=\"twitter:label1\" content=\"Tahmini okuma s\u00fcresi\" \/>\n\t<meta name=\"twitter:data1\" content=\"5 dakika\" \/>\n<!-- \/ Yoast SEO plugin. -->","yoast_head_json":{"title":"Mega Millions kazanan numaralar ve \u00e7ekili\u015f sonu\u00e7lar\u0131","description":"Bu haftan\u0131n ve daha eski Mega Millions \u00e7ekili\u015f sonu\u00e7lar\u0131n\u0131 ve kazanan numaray\u0131 sitemizde bulabilirsiniz","robots":{"index":"index","follow":"follow","max-snippet":"max-snippet:-1","max-image-preview":"max-image-preview:large","max-video-preview":"max-video-preview:-1"},"canonical":"https:\/\/jackpotlotteryonline.com\/tr\/kazanan-sayilar\/mega-millions\/","og_locale":"tr_TR","og_type":"article","og_title":"Mega Millions kazanan numaralar ve \u00e7ekili\u015f sonu\u00e7lar\u0131","og_description":"Bu haftan\u0131n ve daha eski Mega Millions \u00e7ekili\u015f sonu\u00e7lar\u0131n\u0131 ve kazanan numaray\u0131 sitemizde bulabilirsiniz","og_url":"https:\/\/jackpotlotteryonline.com\/tr\/kazanan-sayilar\/mega-millions\/","og_site_name":"Lotto Online - Crack The International Lottery Jackpots","article_modified_time":"2022-12-26T21:04:08+00:00","og_image":[{"url":"https:\/\/jackpotlotteryonline.com\/wp-content\/uploads\/2022\/11\/read1.jpg"}],"twitter_card":"summary_large_image","twitter_misc":{"Tahmini okuma s\u00fcresi":"5 dakika"},"schema":{"@context":"https:\/\/schema.org","@graph":[{"@type":"WebPage","@id":"https:\/\/jackpotlotteryonline.com\/tr\/kazanan-sayilar\/mega-millions\/","url":"https:\/\/jackpotlotteryonline.com\/tr\/kazanan-sayilar\/mega-millions\/","name":"Mega Millions kazanan numaralar ve \u00e7ekili\u015f sonu\u00e7lar\u0131","isPartOf":{"@id":"https:\/\/jackpotlotteryonline.com\/#website"},"primaryImageOfPage":{"@id":"https:\/\/jackpotlotteryonline.com\/tr\/kazanan-sayilar\/mega-millions\/#primaryimage"},"image":{"@id":"https:\/\/jackpotlotteryonline.com\/tr\/kazanan-sayilar\/mega-millions\/#primaryimage"},"thumbnailUrl":"https:\/\/jackpotlotteryonline.com\/wp-content\/uploads\/2022\/11\/read1.jpg","datePublished":"2022-12-05T12:11:44+00:00","dateModified":"2022-12-26T21:04:08+00:00","description":"Bu haftan\u0131n ve daha eski Mega Millions \u00e7ekili\u015f sonu\u00e7lar\u0131n\u0131 ve kazanan numaray\u0131 sitemizde bulabilirsiniz","breadcrumb":{"@id":"https:\/\/jackpotlotteryonline.com\/tr\/kazanan-sayilar\/mega-millions\/#breadcrumb"},"inLanguage":"tr","potentialAction":[{"@type":"ReadAction","target":["https:\/\/jackpotlotteryonline.com\/tr\/kazanan-sayilar\/mega-millions\/"]}]},{"@type":"ImageObject","inLanguage":"tr","@id":"https:\/\/jackpotlotteryonline.com\/tr\/kazanan-sayilar\/mega-millions\/#primaryimage","url":"https:\/\/jackpotlotteryonline.com\/wp-content\/uploads\/2022\/11\/read1.jpg","contentUrl":"https:\/\/jackpotlotteryonline.com\/wp-content\/uploads\/2022\/11\/read1.jpg"},{"@type":"BreadcrumbList","@id":"https:\/\/jackpotlotteryonline.com\/tr\/kazanan-sayilar\/mega-millions\/#breadcrumb","itemListElement":[{"@type":"ListItem","position":1,"name":"Home","item":"https:\/\/jackpotlotteryonline.com\/tr\/"},{"@type":"ListItem","position":2,"name":"Piyango sonu\u00e7lar\u0131","item":"https:\/\/jackpotlotteryonline.com\/tr\/kazanan-sayilar\/"},{"@type":"ListItem","position":3,"name":"Mega Millions \u00e7ekili\u015f sonu\u00e7lar\u0131"}]},{"@type":"WebSite","@id":"https:\/\/jackpotlotteryonline.com\/#website","url":"https:\/\/jackpotlotteryonline.com\/","name":"Lotto Online - Crack The International Lottery Jackpots","description":"","potentialAction":[{"@type":"SearchAction","target":{"@type":"EntryPoint","urlTemplate":"https:\/\/jackpotlotteryonline.com\/?s={search_term_string}"},"query-input":"required name=search_term_string"}],"inLanguage":"tr"}]}},"_links":{"self":[{"href":"https:\/\/jackpotlotteryonline.com\/tr\/wp-json\/wp\/v2\/pages\/40568","targetHints":{"allow":["GET"]}}],"collection":[{"href":"https:\/\/jackpotlotteryonline.com\/tr\/wp-json\/wp\/v2\/pages"}],"about":[{"href":"https:\/\/jackpotlotteryonline.com\/tr\/wp-json\/wp\/v2\/types\/page"}],"author":[{"embeddable":true,"href":"https:\/\/jackpotlotteryonline.com\/tr\/wp-json\/wp\/v2\/users\/1"}],"replies":[{"embeddable":true,"href":"https:\/\/jackpotlotteryonline.com\/tr\/wp-json\/wp\/v2\/comments?post=40568"}],"version-history":[{"count":0,"href":"https:\/\/jackpotlotteryonline.com\/tr\/wp-json\/wp\/v2\/pages\/40568\/revisions"}],"up":[{"embeddable":true,"href":"https:\/\/jackpotlotteryonline.com\/tr\/wp-json\/wp\/v2\/pages\/35860"}],"wp:attachment":[{"href":"https:\/\/jackpotlotteryonline.com\/tr\/wp-json\/wp\/v2\/media?parent=40568"}],"curies":[{"name":"wp","href":"https:\/\/api.w.org\/{rel}","templated":true}]}}