{"id":40621,"date":"2022-12-05T13:48:09","date_gmt":"2022-12-05T13:48:09","guid":{"rendered":"https:\/\/jackpotlotteryonline.com\/?page_id=40621"},"modified":"2022-12-27T09:02:59","modified_gmt":"2022-12-27T09:02:59","slug":"euromillions","status":"publish","type":"page","link":"https:\/\/jackpotlotteryonline.com\/tr\/kazanan-sayilar\/euromillions\/","title":{"rendered":"Euromillions \u00e7ekili\u015f sonu\u00e7lar\u0131"},"content":{"rendered":"<p>Piyango bileti sat\u0131n alan oyuncular genellikle piyango \u00f6d\u00fcllerini ka\u00e7\u0131rmaktan endi\u015fe ederler. Bunun nedeni insanlar\u0131n dikkatsiz olmas\u0131 ve biletlerin kaybolmas\u0131d\u0131r; piyango biletiniz olmadan \u00f6d\u00fcl\u00fcn\u00fcz\u00fc talep edemezsiniz. Ancak \u00e7evrimi\u00e7i piyango oynad\u0131\u011f\u0131n\u0131zda, her \u015fey dijital oldu\u011fu i\u00e7in kay\u0131p biletler konusunda asla endi\u015felenmenize gerek kalmaz. Ancak, ne yapaca\u011f\u0131n\u0131z\u0131 bilmiyorsan\u0131z kazanan numaralar\u0131 kontrol etmek yine de bir sorun olabilir. \u0130\u015fte bu y\u00fczden biz buraday\u0131z.<\/p>\n<p>Jackpotlotteryonline.com&#8217;da oyunculara en iyi uluslararas\u0131 piyangolara \u00e7evrimi\u00e7i eri\u015fim sa\u011fl\u0131yoruz. Ayr\u0131ca piyango biletlerinizi sat\u0131n alman\u0131z\u0131 ve nerede olursan\u0131z olun Euromillions kazanan numaralar\u0131n\u0131 kontrol etmenizi kolayla\u015ft\u0131r\u0131yoruz.<\/p>\n<h2>B\u00fcy\u00fck ikramiye nas\u0131l kazan\u0131l\u0131r?<\/h2>\n<p><img loading=\"lazy\" decoding=\"async\" class=\"alignright size-full wp-image-31019\" src=\"https:\/\/jackpotlotteryonline.com\/wp-content\/uploads\/2022\/11\/euromillions.png\" alt=\"Euromillions kazanmak\" width=\"200\" height=\"212\" \/>Piyango oynayan herkes kazanmak i\u00e7in ne gerekti\u011fini bilmek istedi\u011finden bu \u00f6nemli bir sorudur. Basit cevap, bir oyuncunun piyangoyu kazanmak i\u00e7in sadece \u00e7ekilen say\u0131lar\u0131 e\u015fle\u015ftirmesi gerekti\u011fidir. Tabii ki, hepimiz bunun bu kadar basit olmad\u0131\u011f\u0131n\u0131 biliyoruz. Piyango b\u00fcy\u00fck \u00f6l\u00e7\u00fcde \u015fansa ba\u011fl\u0131d\u0131r.<\/p>\n<p>Euromillions i\u00e7in bir oyuncunun 1&#8217;den 70&#8217;e kadar 5 rakam ve 2 \u015eansl\u0131 Y\u0131ld\u0131z se\u00e7mesi gerekir. \u00c7ekilen 7 rakam\u0131n t\u00fcm\u00fcn\u00fc e\u015fle\u015ftiren ki\u015fi piyangoyu kazan\u0131r.<\/p>\n<p>En \u00e7ok veya en az hangi rakamlar\u0131n olu\u015ftu\u011funu \u00f6\u011frenmek i\u00e7in ge\u00e7mi\u015f kombinasyonlar\u0131 buradan kontrol edebilirsiniz. Bu, Avrupa piyangosu i\u00e7in kazanma stratejinizi planlaman\u0131za yard\u0131mc\u0131 olabilir.<\/p>\n<h2>Kazanan nas\u0131l kontrol edilir<\/h2>\n<p>\u00c7evrimi\u00e7i piyango kazanan\u0131n\u0131 kontrol etmenin birka\u00e7 yolu vard\u0131r. Ancak rastgele herhangi bir siteyi kontrol etmenin sorunu, do\u011fru bilgi alamayabilece\u011finizdir. Ayr\u0131ca, haber sitelerini kontrol ederseniz, yaln\u0131zca b\u00fcy\u00fck ikramiyeyi kazanan kombinasyonu \u00f6\u011frenebilirsiniz.<\/p>\n<p>Avrupa piyangosunun \u00e7e\u015fitli \u00f6d\u00fcl kategorileri vard\u0131r ve en b\u00fcy\u00fck \u00f6d\u00fcl\u00fc kazanmam\u0131\u015f olsan\u0131z bile, yine de eve iyi bir miktarla gidebilirsiniz. Bu nedenle biletinizi di\u011fer \u00f6d\u00fcl b\u00f6l\u00fcmlerine g\u00f6re kontrol etmeniz \u00f6nemlidir.<\/p>\n<p><a href=\"https:\/\/jackpotlotteryonline.com\/tr\/bilet-satin-al\/euromillions\">Piyango biletinizi jackpotlotteryonline.com&#8217;dan sat\u0131n al\u0131rsan\u0131z<\/a>, bir \u00f6d\u00fcl kazan\u0131r kazanmaz size bir e-posta g\u00f6nderece\u011fiz. B\u00f6ylece, \u00f6d\u00fcllerinizi kaybetme konusunda endi\u015felenmenize gerek kalmaz.<\/p>\n<h2>Kazanc\u0131n\u0131za eri\u015fmek<\/h2>\n<p><a href=\"https:\/\/jackpotlotteryonline.com\/tr\/nasil-oynanir\/euromillions\">\u00c7evrimi\u00e7i piyango oynad\u0131\u011f\u0131n\u0131z<\/a> i\u00e7in, bir \u00f6d\u00fcl kazand\u0131\u011f\u0131n\u0131zda ne olaca\u011f\u0131n\u0131 merak etmeniz do\u011fald\u0131r. Bizimle oynuyorsan\u0131z, kazanc\u0131n\u0131za eri\u015fmek biletinizi sat\u0131n almak kadar basittir. Bununla, kazanc\u0131n\u0131z\u0131 sitemizden kolayca \u00e7ekebilece\u011finizi kastediyoruz. Hi\u00e7bir g\u00fc\u00e7l\u00fck ve komplikasyon yok.<\/p>\n<p>B\u00fcy\u00fck ikramiye veya 2500 \u20ac &#8216;dan y\u00fcksek bir miktar kazan\u0131rsan\u0131z, bir talep formu doldurman\u0131z gerekebilir. Ancak endi\u015felenmeyin, bu karma\u015f\u0131k bir s\u00fcre\u00e7 de\u011fildir ve size bu konuda rehberlik edece\u011fiz.<\/p>\n<section class=\"layout\" style=\"border: solid 1px; width: 100%;\">\n<div class=\"img-div\" style=\"margin-top: 5px;\"><img decoding=\"async\" class=\"wp-image-17212 alignleft\" style=\"height: 45px; margin: 8px 8px 0px;\" src=\"https:\/\/jackpotlotteryonline.com\/wp-content\/uploads\/2022\/11\/read1.jpg\" alt=\"okuyun\" width=\"\" height=\"\" \/><\/div>\n<div style=\"padding-left: 5px;\">\n<div style=\"font-size: 1.1em;\">\n<p><strong>\u00c7evrimi\u00e7i Piyangoyu Kazan\u0131rsam Nas\u0131l \u00d6deme Al\u0131r\u0131m?<\/strong><\/p>\n<p style=\"font-size: 0.85em; margin-top: -1.5em;\">\u00c7evrimi\u00e7i piyangoyu kazan\u0131rsan\u0131z paran\u0131z\u0131 \u015fu \u015fekilde al\u0131rs\u0131n\u0131z <a href=\"https:\/\/jackpotlotteryonline.com\/tr\/piyangoyu-online-kazanirsam-odemeyi-nasil-alirim\"> daha fazla oku<\/a><\/p>\n<\/div>\n<\/div>\n<\/section>\n<h2>Euromillions kazanan numaralar\u0131n\u0131z\u0131 bug\u00fcn kontrol edin<\/h2>\n<p>Oyuncular\u0131m\u0131z i\u00e7in g\u00fcvenli bir \u00e7evrimi\u00e7i ortam olu\u015fturmak i\u00e7in \u00e7ok \u00e7al\u0131\u015ft\u0131k. Piyangoyu rahat\u00e7a oynamak i\u00e7in ihtiyac\u0131n\u0131z olan her \u015feyi sa\u011fl\u0131yoruz. Bizimle, en iyi uluslararas\u0131 piyangolara eri\u015febilir ve \u00f6nceden birden fazla \u00e7ekili\u015fe kat\u0131labilirsiniz. Bunun \u00f6tesinde, \u00e7ekili\u015fleri buradan kolayca kontrol edebilir ve kazan\u00e7lar\u0131n\u0131z\u0131 \u00e7ekebilirsiniz.<\/p>\n","protected":false},"excerpt":{"rendered":"<p>Piyango bileti sat\u0131n alan oyuncular genellikle piyango \u00f6d\u00fcllerini ka\u00e7\u0131rmaktan endi\u015fe ederler. Bunun nedeni insanlar\u0131n dikkatsiz olmas\u0131 ve biletlerin kaybolmas\u0131d\u0131r; piyango biletiniz olmadan \u00f6d\u00fcl\u00fcn\u00fcz\u00fc talep edemezsiniz. Ancak \u00e7evrimi\u00e7i piyango oynad\u0131\u011f\u0131n\u0131zda, her \u015fey dijital oldu\u011fu i\u00e7in kay\u0131p biletler konusunda asla endi\u015felenmenize gerek kalmaz. Ancak, ne yapaca\u011f\u0131n\u0131z\u0131 bilmiyorsan\u0131z kazanan numaralar\u0131 kontrol etmek yine de bir sorun olabilir. \u0130\u015fte [&hellip;]<\/p>\n","protected":false},"author":1,"featured_media":0,"parent":35860,"menu_order":3,"comment_status":"closed","ping_status":"closed","template":"euromillions-results.php","meta":{"_et_pb_use_builder":"","_et_pb_old_content":"","_et_gb_content_width":"","exclude_from_search":false,"footnotes":""},"class_list":["post-40621","page","type-page","status-publish","hentry"],"yoast_head":"<!-- This site is optimized with the Yoast SEO plugin v23.3 - https:\/\/yoast.com\/wordpress\/plugins\/seo\/ -->\n<title>Euromillions kazanan numaralar ve \u00e7ekili\u015f sonu\u00e7lar\u0131<\/title>\n<meta name=\"description\" content=\"Euromillions \u00e7ekili\u015f sonu\u00e7lar\u0131 - son \u00e7ekili\u015f i\u00e7in kazanan numaralar ve ge\u00e7mi\u015f sonu\u00e7lar\u0131n ar\u015fivi\" \/>\n<meta name=\"robots\" content=\"index, follow, max-snippet:-1, max-image-preview:large, max-video-preview:-1\" \/>\n<link rel=\"canonical\" href=\"https:\/\/jackpotlotteryonline.com\/tr\/kazanan-sayilar\/euromillions\/\" \/>\n<meta property=\"og:locale\" content=\"tr_TR\" \/>\n<meta property=\"og:type\" content=\"article\" \/>\n<meta property=\"og:title\" content=\"Euromillions kazanan numaralar ve \u00e7ekili\u015f sonu\u00e7lar\u0131\" \/>\n<meta property=\"og:description\" content=\"Euromillions \u00e7ekili\u015f sonu\u00e7lar\u0131 - son \u00e7ekili\u015f i\u00e7in kazanan numaralar ve ge\u00e7mi\u015f sonu\u00e7lar\u0131n ar\u015fivi\" \/>\n<meta property=\"og:url\" content=\"https:\/\/jackpotlotteryonline.com\/tr\/kazanan-sayilar\/euromillions\/\" \/>\n<meta property=\"og:site_name\" content=\"Lotto Online - Crack The International Lottery Jackpots\" \/>\n<meta property=\"article:modified_time\" content=\"2022-12-27T09:02:59+00:00\" \/>\n<meta property=\"og:image\" content=\"https:\/\/jackpotlotteryonline.com\/wp-content\/uploads\/2022\/11\/euromillions.png\" \/>\n<meta name=\"twitter:card\" content=\"summary_large_image\" \/>\n<meta name=\"twitter:label1\" content=\"Tahmini okuma s\u00fcresi\" \/>\n\t<meta name=\"twitter:data1\" content=\"2 dakika\" \/>\n<!-- \/ Yoast SEO plugin. -->","yoast_head_json":{"title":"Euromillions kazanan numaralar ve \u00e7ekili\u015f sonu\u00e7lar\u0131","description":"Euromillions \u00e7ekili\u015f sonu\u00e7lar\u0131 - son \u00e7ekili\u015f i\u00e7in kazanan numaralar ve ge\u00e7mi\u015f sonu\u00e7lar\u0131n ar\u015fivi","robots":{"index":"index","follow":"follow","max-snippet":"max-snippet:-1","max-image-preview":"max-image-preview:large","max-video-preview":"max-video-preview:-1"},"canonical":"https:\/\/jackpotlotteryonline.com\/tr\/kazanan-sayilar\/euromillions\/","og_locale":"tr_TR","og_type":"article","og_title":"Euromillions kazanan numaralar ve \u00e7ekili\u015f sonu\u00e7lar\u0131","og_description":"Euromillions \u00e7ekili\u015f sonu\u00e7lar\u0131 - son \u00e7ekili\u015f i\u00e7in kazanan numaralar ve ge\u00e7mi\u015f sonu\u00e7lar\u0131n ar\u015fivi","og_url":"https:\/\/jackpotlotteryonline.com\/tr\/kazanan-sayilar\/euromillions\/","og_site_name":"Lotto Online - Crack The International Lottery Jackpots","article_modified_time":"2022-12-27T09:02:59+00:00","og_image":[{"url":"https:\/\/jackpotlotteryonline.com\/wp-content\/uploads\/2022\/11\/euromillions.png"}],"twitter_card":"summary_large_image","twitter_misc":{"Tahmini okuma s\u00fcresi":"2 dakika"},"schema":{"@context":"https:\/\/schema.org","@graph":[{"@type":"WebPage","@id":"https:\/\/jackpotlotteryonline.com\/tr\/kazanan-sayilar\/euromillions\/","url":"https:\/\/jackpotlotteryonline.com\/tr\/kazanan-sayilar\/euromillions\/","name":"Euromillions kazanan numaralar ve \u00e7ekili\u015f sonu\u00e7lar\u0131","isPartOf":{"@id":"https:\/\/jackpotlotteryonline.com\/#website"},"primaryImageOfPage":{"@id":"https:\/\/jackpotlotteryonline.com\/tr\/kazanan-sayilar\/euromillions\/#primaryimage"},"image":{"@id":"https:\/\/jackpotlotteryonline.com\/tr\/kazanan-sayilar\/euromillions\/#primaryimage"},"thumbnailUrl":"https:\/\/jackpotlotteryonline.com\/wp-content\/uploads\/2022\/11\/euromillions.png","datePublished":"2022-12-05T13:48:09+00:00","dateModified":"2022-12-27T09:02:59+00:00","description":"Euromillions \u00e7ekili\u015f sonu\u00e7lar\u0131 - son \u00e7ekili\u015f i\u00e7in kazanan numaralar ve ge\u00e7mi\u015f sonu\u00e7lar\u0131n ar\u015fivi","breadcrumb":{"@id":"https:\/\/jackpotlotteryonline.com\/tr\/kazanan-sayilar\/euromillions\/#breadcrumb"},"inLanguage":"tr","potentialAction":[{"@type":"ReadAction","target":["https:\/\/jackpotlotteryonline.com\/tr\/kazanan-sayilar\/euromillions\/"]}]},{"@type":"ImageObject","inLanguage":"tr","@id":"https:\/\/jackpotlotteryonline.com\/tr\/kazanan-sayilar\/euromillions\/#primaryimage","url":"https:\/\/jackpotlotteryonline.com\/wp-content\/uploads\/2022\/11\/euromillions.png","contentUrl":"https:\/\/jackpotlotteryonline.com\/wp-content\/uploads\/2022\/11\/euromillions.png"},{"@type":"BreadcrumbList","@id":"https:\/\/jackpotlotteryonline.com\/tr\/kazanan-sayilar\/euromillions\/#breadcrumb","itemListElement":[{"@type":"ListItem","position":1,"name":"Home","item":"https:\/\/jackpotlotteryonline.com\/tr\/"},{"@type":"ListItem","position":2,"name":"Piyango sonu\u00e7lar\u0131","item":"https:\/\/jackpotlotteryonline.com\/tr\/kazanan-sayilar\/"},{"@type":"ListItem","position":3,"name":"Euromillions \u00e7ekili\u015f sonu\u00e7lar\u0131"}]},{"@type":"WebSite","@id":"https:\/\/jackpotlotteryonline.com\/#website","url":"https:\/\/jackpotlotteryonline.com\/","name":"Lotto Online - Crack The International Lottery Jackpots","description":"","potentialAction":[{"@type":"SearchAction","target":{"@type":"EntryPoint","urlTemplate":"https:\/\/jackpotlotteryonline.com\/?s={search_term_string}"},"query-input":"required name=search_term_string"}],"inLanguage":"tr"}]}},"_links":{"self":[{"href":"https:\/\/jackpotlotteryonline.com\/tr\/wp-json\/wp\/v2\/pages\/40621","targetHints":{"allow":["GET"]}}],"collection":[{"href":"https:\/\/jackpotlotteryonline.com\/tr\/wp-json\/wp\/v2\/pages"}],"about":[{"href":"https:\/\/jackpotlotteryonline.com\/tr\/wp-json\/wp\/v2\/types\/page"}],"author":[{"embeddable":true,"href":"https:\/\/jackpotlotteryonline.com\/tr\/wp-json\/wp\/v2\/users\/1"}],"replies":[{"embeddable":true,"href":"https:\/\/jackpotlotteryonline.com\/tr\/wp-json\/wp\/v2\/comments?post=40621"}],"version-history":[{"count":0,"href":"https:\/\/jackpotlotteryonline.com\/tr\/wp-json\/wp\/v2\/pages\/40621\/revisions"}],"up":[{"embeddable":true,"href":"https:\/\/jackpotlotteryonline.com\/tr\/wp-json\/wp\/v2\/pages\/35860"}],"wp:attachment":[{"href":"https:\/\/jackpotlotteryonline.com\/tr\/wp-json\/wp\/v2\/media?parent=40621"}],"curies":[{"name":"wp","href":"https:\/\/api.w.org\/{rel}","templated":true}]}}