{"id":40692,"date":"2022-12-06T07:41:13","date_gmt":"2022-12-06T07:41:13","guid":{"rendered":"https:\/\/jackpotlotteryonline.com\/?page_id=40692"},"modified":"2022-12-28T09:12:19","modified_gmt":"2022-12-28T09:12:19","slug":"eurojackpot","status":"publish","type":"page","link":"https:\/\/jackpotlotteryonline.com\/tr\/kazanan-sayilar\/eurojackpot\/","title":{"rendered":"Eurojackpot \u00e7ekili\u015f sonu\u00e7lar\u0131"},"content":{"rendered":"<p>Eurojackpot piyangosu i\u00e7in kazanan numaralar\u0131 nas\u0131l kontrol edersiniz? Avrupa&#8217;daki en pop\u00fcler piyangolardan biri olarak, her yerdeki bahis\u00e7iler b\u00fcy\u00fck kazanma f\u0131rsat\u0131 i\u00e7in sab\u0131rs\u0131zlan\u0131yor. Avrupa d\u0131\u015f\u0131nda ya\u015f\u0131yorsan\u0131z, piyango i\u00e7in bilet sat\u0131n alabilir ve \u00e7ekili\u015f sonu\u00e7lar\u0131n\u0131 \u00e7evrimi\u00e7i olarak kontrol edebilirsiniz.<\/p>\n<p>Jackpotlotteryonline.com adresini ziyaret etti\u011finizde, d\u00fcnya \u00e7ap\u0131ndaki en iyi uluslararas\u0131 piyangolara eri\u015febilirsiniz. Piyango oynamak ve \u00e7ekili\u015fleri tek bir yerden kontrol etmek i\u00e7in basit ve kullan\u0131\u015fl\u0131 bir yol sunuyoruz.<\/p>\n<h2>Kazand\u0131ran Kombinasyon Nedir?<\/h2>\n<p><img loading=\"lazy\" decoding=\"async\" class=\"size-full wp-image-28751 alignright\" src=\"http:\/\/jackpotlotteryonline.com\/wp-content\/uploads\/2022\/11\/1_online_ticket_eurojackpot.jpg\" alt=\"Eurojackpot kazan\u00e7 kombinasyonlar\u0131\" width=\"300\" height=\"210\" \/>\u00c7o\u011fu insan b\u00fcy\u00fck kazanma \u015fans\u0131 i\u00e7in <a href=\"https:\/\/jackpotlotteryonline.com\/tr\/nasil-oynanir\/eurojackpot\">piyango oynar<\/a> ve bahis\u00e7iler \u00f6zellikle Eurojackpot&#8217;u birka\u00e7 nedenden dolay\u0131 severler. Bunlardan biri de y\u00fcksek kazanma \u015fans\u0131d\u0131r. Bu piyango, ilk ba\u015flat\u0131ld\u0131\u011f\u0131ndan beri bir\u00e7ok milyoner \u00fcretti.<\/p>\n<p>Temel olarak kazanan, \u00e7ekilen say\u0131larla e\u015fle\u015fen bilettir. \u00c7evrimi\u00e7i oynuyorsan\u0131z, 1 ile 50 aras\u0131ndan 5 rakam ve 1 ile 12 aras\u0131ndan 2 rakam se\u00e7meniz gerekir. \u00c7ekilen yedi rakam\u0131 e\u015fle\u015ftiren ki\u015fi ikramiyeyi kazan\u0131r.<\/p>\n<p>Say\u0131lar\u0131n\u0131z\u0131 se\u00e7erken, sizin i\u00e7in \u00f6zel olanlar\u0131 veya rastgele olanlar\u0131 se\u00e7ebilirsiniz. Baz\u0131 oyuncular rastgele se\u00e7im yapmak i\u00e7in otomatik jenerat\u00f6r\u00fcm\u00fcz\u00fc kullanmay\u0131 tercih eder. \u00d6nemli olan \u00e7ekili\u015flerden \u00f6nce biletinizi almakt\u0131r.<\/p>\n<h2>\u00c7ekili\u015f sonu\u00e7lar\u0131 nas\u0131l kontrol edilir<\/h2>\n<p>Bu Avrupa piyangosunun her hafta Sal\u0131 ve Cuma g\u00fcnleri olmak \u00fczere iki \u00e7ekili\u015f g\u00fcn\u00fc vard\u0131r. \u00c7ekili\u015f sonu\u00e7lar\u0131 genellikle canl\u0131 bir programda a\u00e7\u0131klan\u0131r. ancak, canl\u0131 \u00e7ekili\u015fleri izlemek i\u00e7in beklemek biraz garip olabilir. \u00d6zellikle de \u00f6nemli bir i\u015flevle veya i\u015finizle \u00e7ak\u0131\u015f\u0131yorsa. \u0130\u015fte bu y\u00fczden bizimle piyango oynamak harika bir se\u00e7enektir.<\/p>\n<p>Bizimle oynad\u0131\u011f\u0131n\u0131zda, \u00e7ekili\u015f sonu\u00e7lar\u0131n\u0131 \u00f6\u011frenmek i\u00e7in sadece tekrar kontrol etmeniz gerekir. Bunun nedeni, \u00e7ekili\u015f sonu\u00e7lar\u0131n\u0131 do\u011frudan burada sitemizde yay\u0131nlamam\u0131zd\u0131r.<\/p>\n<p>Ayr\u0131ca, bir \u00f6d\u00fcl kazan\u0131rsan\u0131z, kazan\u0131r kazanmaz size e-posta yoluyla haber verece\u011fiz. Ve platformumuzda hesab\u0131n\u0131za giri\u015f yapt\u0131\u011f\u0131n\u0131zda, bir uyar\u0131 alacaks\u0131n\u0131z. Piyango biletlerinizi bizden sat\u0131n ald\u0131\u011f\u0131n\u0131zda piyango oynamak daha da kolay ve rahatt\u0131r.<\/p>\n<h2>Kazand\u0131\u011f\u0131n\u0131zda ne yapmal\u0131s\u0131n\u0131z?<\/h2>\n<p>M\u00fc\u015fterilerimizin piyango kazanmas\u0131n\u0131 \u00e7ok seviyoruz \u00e7\u00fcnk\u00fc zaten bu y\u00fczden buraday\u0131z. Her yerdeki oyunculara bilgisayarlar\u0131n\u0131n veya mobil cihazlar\u0131n\u0131n rahatl\u0131\u011f\u0131ndan en iyi uluslararas\u0131 piyangolara eri\u015fim sa\u011flamak.<\/p>\n<p>Yani, bir \u00f6d\u00fcl kazan\u0131rsan\u0131z, sadece sizi uyarmakla kalmayaca\u011f\u0131z, ayn\u0131 zamanda kazanc\u0131n\u0131z\u0131 platformumuzdan kolayca \u00e7ekebilirsiniz. Bu do\u011fru. Piyango \u00f6d\u00fcl\u00fcn\u00fcze eri\u015fmek i\u00e7in herhangi bir yere gitmenize gerek yok, do\u011frudan hesab\u0131n\u0131za \u00e7ekmeniz yeterli.<\/p>\n<p>Bununla birlikte, belirli bir miktar\u0131n \u00fczerinde oldu\u011funda, bir talep formu doldurman\u0131z gerekebilece\u011fini belirtmeliyiz. Bu, piyango \u015firketinden kazanc\u0131n\u0131z\u0131 alman\u0131za yard\u0131mc\u0131 olmak i\u00e7indir. Ancak size yard\u0131mc\u0131 olmak ve s\u00fcreci olabildi\u011fince kolay ve anla\u015f\u0131l\u0131r hale getirmek i\u00e7in buraday\u0131z.<\/p>\n<section class=\"layout\" style=\"border: solid 1px; width: 100%;\">\n<div class=\"img-div\" style=\"margin-top: 5px;\"><img decoding=\"async\" class=\"wp-image-17212 alignleft\" style=\"height: 45px; margin: 8px 8px 0px;\" src=\"http:\/\/jackpotlotteryonline.com\/wp-content\/uploads\/2022\/11\/read1.jpg\" alt=\"okuyun\" width=\"\" height=\"\" \/><\/div>\n<div style=\"padding-left: 5px;\">\n<div style=\"font-size: 1.1em;\">\n<p><strong>\u00c7evrimi\u00e7i Piyangoyu Kazan\u0131rsam Nas\u0131l \u00d6deme Al\u0131r\u0131m?<\/strong><\/p>\n<p style=\"font-size: 0.85em; margin-top: -1.5em;\">\u00c7evrimi\u00e7i piyangoyu kazan\u0131rsan\u0131z paran\u0131z\u0131 \u015fu \u015fekilde al\u0131rs\u0131n\u0131z\u00a0<a href=\"https:\/\/jackpotlotteryonline.com\/tr\/piyangoyu-online-kazanirsam-odemeyi-nasil-alirim\"> daha fazla oku<\/a><\/p>\n<\/div>\n<\/div>\n<\/section>\n<h2>Eurojackpot kazanan numaralar\u0131n\u0131z\u0131 buradan kontrol edin<\/h2>\n<p><a href=\"https:\/\/jackpotlotteryonline.com\/tr\/bilet-satin-al\/eurojackpot\">Piyango biletlerinizi sat\u0131n al\u0131n<\/a>, \u00e7ekili\u015flere kat\u0131l\u0131n ve \u00e7ekili\u015f sonu\u00e7lar\u0131n\u0131 kontrol edin, hepsi tek bir siteden. Bug\u00fcn jackpotlotteryonline.com adresini ziyaret edin.<\/p>\n","protected":false},"excerpt":{"rendered":"<p>Eurojackpot piyangosu i\u00e7in kazanan numaralar\u0131 nas\u0131l kontrol edersiniz? Avrupa&#8217;daki en pop\u00fcler piyangolardan biri olarak, her yerdeki bahis\u00e7iler b\u00fcy\u00fck kazanma f\u0131rsat\u0131 i\u00e7in sab\u0131rs\u0131zlan\u0131yor. Avrupa d\u0131\u015f\u0131nda ya\u015f\u0131yorsan\u0131z, piyango i\u00e7in bilet sat\u0131n alabilir ve \u00e7ekili\u015f sonu\u00e7lar\u0131n\u0131 \u00e7evrimi\u00e7i olarak kontrol edebilirsiniz. Jackpotlotteryonline.com adresini ziyaret etti\u011finizde, d\u00fcnya \u00e7ap\u0131ndaki en iyi uluslararas\u0131 piyangolara eri\u015febilirsiniz. Piyango oynamak ve \u00e7ekili\u015fleri tek bir yerden [&hellip;]<\/p>\n","protected":false},"author":1,"featured_media":0,"parent":35860,"menu_order":4,"comment_status":"closed","ping_status":"closed","template":"eurojackpot-results.php","meta":{"_et_pb_use_builder":"","_et_pb_old_content":"","_et_gb_content_width":"","exclude_from_search":false,"footnotes":""},"class_list":["post-40692","page","type-page","status-publish","hentry"],"yoast_head":"<!-- This site is optimized with the Yoast SEO plugin v23.3 - https:\/\/yoast.com\/wordpress\/plugins\/seo\/ -->\n<title>Eurojackpot kazanan numaralar ve \u00e7ekili\u015f sonu\u00e7lar\u0131<\/title>\n<meta name=\"description\" content=\"Eurojackpot i\u00e7in kazanan numaralar\u0131 bilmek ister misiniz? Eurojackpot ve di\u011fer bir\u00e7ok piyango i\u00e7in t\u00fcm \u00e7ekili\u015f sonu\u00e7lar\u0131n\u0131 buradan kontrol edin!\" \/>\n<meta name=\"robots\" content=\"index, follow, max-snippet:-1, max-image-preview:large, max-video-preview:-1\" \/>\n<link rel=\"canonical\" href=\"https:\/\/jackpotlotteryonline.com\/tr\/kazanan-sayilar\/eurojackpot\/\" \/>\n<meta property=\"og:locale\" content=\"tr_TR\" \/>\n<meta property=\"og:type\" content=\"article\" \/>\n<meta property=\"og:title\" content=\"Eurojackpot kazanan numaralar ve \u00e7ekili\u015f sonu\u00e7lar\u0131\" \/>\n<meta property=\"og:description\" content=\"Eurojackpot i\u00e7in kazanan numaralar\u0131 bilmek ister misiniz? Eurojackpot ve di\u011fer bir\u00e7ok piyango i\u00e7in t\u00fcm \u00e7ekili\u015f sonu\u00e7lar\u0131n\u0131 buradan kontrol edin!\" \/>\n<meta property=\"og:url\" content=\"https:\/\/jackpotlotteryonline.com\/tr\/kazanan-sayilar\/eurojackpot\/\" \/>\n<meta property=\"og:site_name\" content=\"Lotto Online - Crack The International Lottery Jackpots\" \/>\n<meta property=\"article:modified_time\" content=\"2022-12-28T09:12:19+00:00\" \/>\n<meta property=\"og:image\" content=\"http:\/\/jackpotlotteryonline.com\/wp-content\/uploads\/2022\/11\/1_online_ticket_eurojackpot.jpg\" \/>\n<meta name=\"twitter:card\" content=\"summary_large_image\" \/>\n<meta name=\"twitter:label1\" content=\"Tahmini okuma s\u00fcresi\" \/>\n\t<meta name=\"twitter:data1\" content=\"3 dakika\" \/>\n<!-- \/ Yoast SEO plugin. -->","yoast_head_json":{"title":"Eurojackpot kazanan numaralar ve \u00e7ekili\u015f sonu\u00e7lar\u0131","description":"Eurojackpot i\u00e7in kazanan numaralar\u0131 bilmek ister misiniz? Eurojackpot ve di\u011fer bir\u00e7ok piyango i\u00e7in t\u00fcm \u00e7ekili\u015f sonu\u00e7lar\u0131n\u0131 buradan kontrol edin!","robots":{"index":"index","follow":"follow","max-snippet":"max-snippet:-1","max-image-preview":"max-image-preview:large","max-video-preview":"max-video-preview:-1"},"canonical":"https:\/\/jackpotlotteryonline.com\/tr\/kazanan-sayilar\/eurojackpot\/","og_locale":"tr_TR","og_type":"article","og_title":"Eurojackpot kazanan numaralar ve \u00e7ekili\u015f sonu\u00e7lar\u0131","og_description":"Eurojackpot i\u00e7in kazanan numaralar\u0131 bilmek ister misiniz? Eurojackpot ve di\u011fer bir\u00e7ok piyango i\u00e7in t\u00fcm \u00e7ekili\u015f sonu\u00e7lar\u0131n\u0131 buradan kontrol edin!","og_url":"https:\/\/jackpotlotteryonline.com\/tr\/kazanan-sayilar\/eurojackpot\/","og_site_name":"Lotto Online - Crack The International Lottery Jackpots","article_modified_time":"2022-12-28T09:12:19+00:00","og_image":[{"url":"http:\/\/jackpotlotteryonline.com\/wp-content\/uploads\/2022\/11\/1_online_ticket_eurojackpot.jpg"}],"twitter_card":"summary_large_image","twitter_misc":{"Tahmini okuma s\u00fcresi":"3 dakika"},"schema":{"@context":"https:\/\/schema.org","@graph":[{"@type":"WebPage","@id":"https:\/\/jackpotlotteryonline.com\/tr\/kazanan-sayilar\/eurojackpot\/","url":"https:\/\/jackpotlotteryonline.com\/tr\/kazanan-sayilar\/eurojackpot\/","name":"Eurojackpot kazanan numaralar ve \u00e7ekili\u015f sonu\u00e7lar\u0131","isPartOf":{"@id":"https:\/\/jackpotlotteryonline.com\/#website"},"primaryImageOfPage":{"@id":"https:\/\/jackpotlotteryonline.com\/tr\/kazanan-sayilar\/eurojackpot\/#primaryimage"},"image":{"@id":"https:\/\/jackpotlotteryonline.com\/tr\/kazanan-sayilar\/eurojackpot\/#primaryimage"},"thumbnailUrl":"http:\/\/jackpotlotteryonline.com\/wp-content\/uploads\/2022\/11\/1_online_ticket_eurojackpot.jpg","datePublished":"2022-12-06T07:41:13+00:00","dateModified":"2022-12-28T09:12:19+00:00","description":"Eurojackpot i\u00e7in kazanan numaralar\u0131 bilmek ister misiniz? Eurojackpot ve di\u011fer bir\u00e7ok piyango i\u00e7in t\u00fcm \u00e7ekili\u015f sonu\u00e7lar\u0131n\u0131 buradan kontrol edin!","breadcrumb":{"@id":"https:\/\/jackpotlotteryonline.com\/tr\/kazanan-sayilar\/eurojackpot\/#breadcrumb"},"inLanguage":"tr","potentialAction":[{"@type":"ReadAction","target":["https:\/\/jackpotlotteryonline.com\/tr\/kazanan-sayilar\/eurojackpot\/"]}]},{"@type":"ImageObject","inLanguage":"tr","@id":"https:\/\/jackpotlotteryonline.com\/tr\/kazanan-sayilar\/eurojackpot\/#primaryimage","url":"http:\/\/jackpotlotteryonline.com\/wp-content\/uploads\/2022\/11\/1_online_ticket_eurojackpot.jpg","contentUrl":"http:\/\/jackpotlotteryonline.com\/wp-content\/uploads\/2022\/11\/1_online_ticket_eurojackpot.jpg"},{"@type":"BreadcrumbList","@id":"https:\/\/jackpotlotteryonline.com\/tr\/kazanan-sayilar\/eurojackpot\/#breadcrumb","itemListElement":[{"@type":"ListItem","position":1,"name":"Home","item":"https:\/\/jackpotlotteryonline.com\/tr\/"},{"@type":"ListItem","position":2,"name":"Piyango sonu\u00e7lar\u0131","item":"https:\/\/jackpotlotteryonline.com\/tr\/kazanan-sayilar\/"},{"@type":"ListItem","position":3,"name":"Eurojackpot \u00e7ekili\u015f sonu\u00e7lar\u0131"}]},{"@type":"WebSite","@id":"https:\/\/jackpotlotteryonline.com\/#website","url":"https:\/\/jackpotlotteryonline.com\/","name":"Lotto Online - Crack The International Lottery Jackpots","description":"","potentialAction":[{"@type":"SearchAction","target":{"@type":"EntryPoint","urlTemplate":"https:\/\/jackpotlotteryonline.com\/?s={search_term_string}"},"query-input":"required name=search_term_string"}],"inLanguage":"tr"}]}},"_links":{"self":[{"href":"https:\/\/jackpotlotteryonline.com\/tr\/wp-json\/wp\/v2\/pages\/40692","targetHints":{"allow":["GET"]}}],"collection":[{"href":"https:\/\/jackpotlotteryonline.com\/tr\/wp-json\/wp\/v2\/pages"}],"about":[{"href":"https:\/\/jackpotlotteryonline.com\/tr\/wp-json\/wp\/v2\/types\/page"}],"author":[{"embeddable":true,"href":"https:\/\/jackpotlotteryonline.com\/tr\/wp-json\/wp\/v2\/users\/1"}],"replies":[{"embeddable":true,"href":"https:\/\/jackpotlotteryonline.com\/tr\/wp-json\/wp\/v2\/comments?post=40692"}],"version-history":[{"count":0,"href":"https:\/\/jackpotlotteryonline.com\/tr\/wp-json\/wp\/v2\/pages\/40692\/revisions"}],"up":[{"embeddable":true,"href":"https:\/\/jackpotlotteryonline.com\/tr\/wp-json\/wp\/v2\/pages\/35860"}],"wp:attachment":[{"href":"https:\/\/jackpotlotteryonline.com\/tr\/wp-json\/wp\/v2\/media?parent=40692"}],"curies":[{"name":"wp","href":"https:\/\/api.w.org\/{rel}","templated":true}]}}