{"id":40745,"date":"2022-12-06T09:18:05","date_gmt":"2022-12-06T09:18:05","guid":{"rendered":"https:\/\/jackpotlotteryonline.com\/?page_id=40745"},"modified":"2022-12-27T10:33:46","modified_gmt":"2022-12-27T10:33:46","slug":"superenalotto","status":"publish","type":"page","link":"https:\/\/jackpotlotteryonline.com\/tr\/kazanan-sayilar\/superenalotto\/","title":{"rendered":"Superenalotto kura sonu\u00e7lar\u0131"},"content":{"rendered":"<p>Superenalotto \u0130talya&#8217;n\u0131n milli piyangosudur ve \u00fclkedeki bahis\u00e7iler aras\u0131nda pop\u00fcler bir piyangodur. \u0130talya d\u0131\u015f\u0131ndan oynuyorsan\u0131z, kazanan numaralar\u0131 nas\u0131l kontrol edece\u011finizi \u00f6\u011frenmek iyi bir fikirdir. Daha fazlas\u0131n\u0131 \u00f6\u011frenmek i\u00e7in okumaya devam edin.<\/p>\n<h2>Superenalotto&#8217;yu \u00e7evrimi\u00e7i oynama ad\u0131mlar\u0131<\/h2>\n<p><a href=\"https:\/\/jackpotlotteryonline.com\/tr\/nasil-oynanir\/superenalotto\">Superenalotto&#8217;yu \u00e7evrimi\u00e7i oynamak<\/a> \u00e7evrimd\u0131\u015f\u0131 oynamak gibidir, ancak daha fazla rahatl\u0131k ve kolayl\u0131kla. Jackpotlotteryoneline.com adresindeki Superenalotto sayfas\u0131na gitti\u011finizde, 1&#8217;den 90&#8217;a kadar 6 say\u0131 se\u00e7ebilirsiniz. Ard\u0131ndan, girmek istedi\u011finiz \u00e7ekili\u015f say\u0131s\u0131n\u0131 se\u00e7in ve 5 hafta \u00f6ncesine kadar girebilirsiniz. Ne kadar \u00e7ok \u00e7ekili\u015fe kat\u0131l\u0131rsan\u0131z, kazanma \u015fans\u0131n\u0131z o kadar y\u00fcksek olur.<\/p>\n<p>Superenalotto Sal\u0131, Per\u015fembe ve Cumartesi g\u00fcnleri olmak \u00fczere \u00fc\u00e7 haftal\u0131k \u00e7ekili\u015f d\u00fczenler. Yani, birine ya da hepsine kat\u0131labilirsiniz. Piyangoyu kazanma \u015fans\u0131n\u0131z\u0131 art\u0131rmak i\u00e7in bir SuperStar numaras\u0131 se\u00e7ebilirsiniz. Ayr\u0131ca, 1&#8217;den 90&#8217;a kadar olan ve ikinci kademenin kazanan\u0131n\u0131 belirlemek i\u00e7in kullan\u0131lan &#8220;Jolly Numaras\u0131&#8221; vard\u0131r.<\/p>\n<h2>Kazanan numaralar\u0131n\u0131z\u0131 nas\u0131l kontrol edersiniz?<\/h2>\n<p><img loading=\"lazy\" decoding=\"async\" class=\"alignright size-full wp-image-31316\" src=\"http:\/\/jackpotlotteryonline.com\/wp-content\/uploads\/2022\/11\/logo_superenalotto.png\" alt=\"Superenalotto kura sonu\u00e7lar\u0131\" width=\"200\" height=\"212\" \/>Superenalotto oynarken kazanan numaralar\u0131 kontrol etmenin farkl\u0131 yollar\u0131 vard\u0131r. Canl\u0131 \u00e7ekili\u015fleri televizyondan izleyebilirsiniz, ancak bu yaln\u0131zca \u0130talya&#8217;da ya\u015f\u0131yorsan\u0131z ve \u0130talyanca konu\u015fuyorsan\u0131z m\u00fcmk\u00fcnd\u00fcr. Neyse ki, \u00e7ekili\u015flerden sonra kazanan numaralar\u0131 \u00e7evrimi\u00e7i olarak da kontrol edebilirsiniz. \u00c7o\u011fu haber sitesi \u00e7ekili\u015f sonu\u00e7lar\u0131n\u0131 yay\u0131nlayacakt\u0131r.<\/p>\n<p>Yine de bununla ilgili birka\u00e7 sorun var. Her \u015feyden \u00f6nce, \u00e7ekili\u015f sonu\u00e7lar\u0131n\u0131 kontrol etmeyi kolayca unutabilirsiniz. Muhtemelen kazananlar biletlerini kontrol etmeyi unuttuklar\u0131 i\u00e7in sahipsiz kalan ikramiye \u00f6d\u00fcllerinin hikayeleri vard\u0131r. Ayr\u0131ca, bir\u00e7ok site yaln\u0131zca ilk kademe i\u00e7in kazanan numaralar\u0131 yay\u0131nlamaktad\u0131r. \u00c7o\u011fu piyango birden fazla \u00f6d\u00fcl kademesine sahiptir.<\/p>\n<p>Bizimle Superenalotto oynarsan\u0131z, herhangi bir \u00f6d\u00fcl\u00fc ka\u00e7\u0131rma konusunda endi\u015felenmenize gerek kalmaz. Sadece bir \u00f6d\u00fcl kazand\u0131\u011f\u0131n\u0131zda sizi bilgilendirmekle kalmayaca\u011f\u0131z, ayn\u0131 zamanda giri\u015f yapt\u0131\u011f\u0131n\u0131zda bir bildirim alacaks\u0131n\u0131z. Ayr\u0131ca, \u00e7ekili\u015flerden hemen sonra piyango sonu\u00e7lar\u0131n\u0131 burada sitemizde yay\u0131nl\u0131yoruz. Bu nedenle, Superenalotto i\u00e7in kazanan numaralara sahip olup olmad\u0131\u011f\u0131n\u0131z\u0131 g\u00f6rmek i\u00e7in \u00e7ekili\u015flerden sonra tekrar gelin.<\/p>\n<h2>Superenalotto \u00f6d\u00fcl kademeleri<\/h2>\n<p>Superenalotto piyangosunun 2 milyon \u20ac&#8217;luk bir ikramiye \u00f6d\u00fcl\u00fcne sahip oldu\u011fundan daha \u00f6nce bahsetmi\u015ftik. Ancak, ikramiye tutar\u0131nda bir s\u0131n\u0131rlama olmad\u0131\u011f\u0131n\u0131 biliyor muydunuz? Bu, bir \u00e7ekili\u015ften sonra kazanan olmazsa, \u00f6d\u00fcl\u00fcn bir kazanan olana kadar devretmeye devam etti\u011fi anlam\u0131na gelir. B\u00fcy\u00fck ikramiye 2019 y\u0131l\u0131nda o kadar \u00e7ok devretti ki 209,1 milyon \u20ac gibi rekor bir miktara ula\u015ft\u0131.<\/p>\n<p>\u0130lk kademenin \u00f6d\u00fcl\u00fc olan b\u00fcy\u00fck ikramiyenin yan\u0131 s\u0131ra, bir oyuncunun kazanabilece\u011fi ba\u015fka \u00f6d\u00fcller de vard\u0131r. \u00d6d\u00fcller \u00f6d\u00fcl havuzu taraf\u0131ndan belirlenir, bu nedenle belirli bir miktar yoktur. Ancak, \u00e7ekili\u015f ba\u015f\u0131na ortalama tutar\u0131 payla\u015faca\u011f\u0131z.<\/p>\n<p>Ma\u00e7 6 &#8211; 92.056.091,66 \u20ac<\/p>\n<p>Ma\u00e7 5 + Jolly numaras\u0131 &#8211; 594.951,95 \u20ac<\/p>\n<p>Ma\u00e7 5 &#8211; \u20ac49,736.38<\/p>\n<p>Ma\u00e7 4 say\u0131lar\u0131 &#8211; 354,83 \u20ac<\/p>\n<p>E\u015fle\u015fen 3 say\u0131 &#8211; 27,15 \u20ac<\/p>\n<p>E\u015fle\u015fen 2 say\u0131 &#8211; 5,48 \u20ac<\/p>\n<section class=\"layout\" style=\"border: solid 1px; width: 100%;\">\n<div class=\"img-div\" style=\"margin-top: 5px;\"><img decoding=\"async\" class=\"wp-image-17212 alignleft\" style=\"height: 45px; margin: 8px 8px 0px;\" src=\"http:\/\/jackpotlotteryonline.com\/wp-content\/uploads\/2022\/11\/read1.jpg\" alt=\"okuyun\" width=\"\" height=\"\" \/><\/div>\n<div style=\"padding-left: 5px;\">\n<div style=\"font-size: 1.1em;\">\n<p><strong>B\u00fcy\u00fck kazanman\u0131z i\u00e7in en iyi oranlara sahip piyangolar<\/strong><\/p>\n<p style=\"font-size: 0.85em; margin-top: -1.5em;\">Hangi piyango en iyi kazanma \u015fans\u0131na sahip?\u00a0 <a href=\"https:\/\/jackpotlotteryonline.com\/tr\/hangi-piyango-en-iyi-kazanma-sansina-sahiptir\">daha fazla oku<\/a><\/p>\n<\/div>\n<\/div>\n<\/section>\n<h2>Superenalotto kazanc\u0131n\u0131z\u0131 talep etme<\/h2>\n<p>Superenalotto&#8217;yu \u00e7evrimi\u00e7i oynad\u0131\u011f\u0131n\u0131za g\u00f6re, bir \u00f6d\u00fcl kazand\u0131\u011f\u0131n\u0131zda ne olaca\u011f\u0131n\u0131 merak etmeniz do\u011fald\u0131r. Burada, \u0130talya d\u0131\u015f\u0131nda ya\u015f\u0131yor olsan\u0131z bile Superenalotto kazanc\u0131n\u0131z\u0131 nas\u0131l talep edebilece\u011finizi sizinle payla\u015faca\u011f\u0131z.<\/p>\n<p>Bizimle Superenalotto oynad\u0131\u011f\u0131n\u0131zda, kazan\u00e7lar\u0131n\u0131z\u0131 talep etmek burada hesab\u0131n\u0131za giri\u015f yapmak kadar basittir. 2500 \u20ac alt\u0131ndaki kazan\u00e7lar i\u00e7in, do\u011frudan platformumuzdan hesab\u0131n\u0131za para yat\u0131rabilirsiniz. Bu ger\u00e7ekten basit ve sorunsuzdur, b\u00f6ylece harika bir piyango deneyimine konsantre olabilirsiniz.<\/p>\n<p>Daha y\u00fcksek tutarlar i\u00e7in piyango \u015firketiyle ileti\u015fime ge\u00e7meniz ve bir talep formu doldurman\u0131z gerekebilir. Ancak, s\u00fcre\u00e7 boyunca size rehberlik etmek i\u00e7in burada olaca\u011f\u0131z. <a href=\"https:\/\/jackpotlotteryonline.com\/tr\/bilet-satin-al\/superenalotto\">Superenalotto biletinizi bug\u00fcn sat\u0131n al\u0131n<\/a> ve kazanan numaralar\u0131n\u0131z\u0131 se\u00e7in.<\/p>\n","protected":false},"excerpt":{"rendered":"<p>Superenalotto \u0130talya&#8217;n\u0131n milli piyangosudur ve \u00fclkedeki bahis\u00e7iler aras\u0131nda pop\u00fcler bir piyangodur. \u0130talya d\u0131\u015f\u0131ndan oynuyorsan\u0131z, kazanan numaralar\u0131 nas\u0131l kontrol edece\u011finizi \u00f6\u011frenmek iyi bir fikirdir. Daha fazlas\u0131n\u0131 \u00f6\u011frenmek i\u00e7in okumaya devam edin. Superenalotto&#8217;yu \u00e7evrimi\u00e7i oynama ad\u0131mlar\u0131 Superenalotto&#8217;yu \u00e7evrimi\u00e7i oynamak \u00e7evrimd\u0131\u015f\u0131 oynamak gibidir, ancak daha fazla rahatl\u0131k ve kolayl\u0131kla. Jackpotlotteryoneline.com adresindeki Superenalotto sayfas\u0131na gitti\u011finizde, 1&#8217;den 90&#8217;a kadar 6 [&hellip;]<\/p>\n","protected":false},"author":1,"featured_media":0,"parent":35860,"menu_order":5,"comment_status":"closed","ping_status":"closed","template":"superenalotto-results.php","meta":{"_et_pb_use_builder":"","_et_pb_old_content":"","_et_gb_content_width":"","exclude_from_search":false,"footnotes":""},"class_list":["post-40745","page","type-page","status-publish","hentry"],"yoast_head":"<!-- This site is optimized with the Yoast SEO plugin v23.3 - https:\/\/yoast.com\/wordpress\/plugins\/seo\/ -->\n<title>Superenalotto kazanan numaralar ve \u00e7ekili\u015f sonu\u00e7lar\u0131<\/title>\n<meta name=\"description\" content=\"\u0130talya&#039;n\u0131n Superenalotto \u00e7ekili\u015f sonu\u00e7lar\u0131n\u0131 ve kazanan numaralar\u0131 g\u00fcnl\u00fck g\u00fcncellemelerle piyango web sitemizden \u00f6\u011frenin\" \/>\n<meta name=\"robots\" content=\"index, follow, max-snippet:-1, max-image-preview:large, max-video-preview:-1\" \/>\n<link rel=\"canonical\" href=\"https:\/\/jackpotlotteryonline.com\/tr\/kazanan-sayilar\/superenalotto\/\" \/>\n<meta property=\"og:locale\" content=\"tr_TR\" \/>\n<meta property=\"og:type\" content=\"article\" \/>\n<meta property=\"og:title\" content=\"Superenalotto kazanan numaralar ve \u00e7ekili\u015f sonu\u00e7lar\u0131\" \/>\n<meta property=\"og:description\" content=\"\u0130talya&#039;n\u0131n Superenalotto \u00e7ekili\u015f sonu\u00e7lar\u0131n\u0131 ve kazanan numaralar\u0131 g\u00fcnl\u00fck g\u00fcncellemelerle piyango web sitemizden \u00f6\u011frenin\" \/>\n<meta property=\"og:url\" content=\"https:\/\/jackpotlotteryonline.com\/tr\/kazanan-sayilar\/superenalotto\/\" \/>\n<meta property=\"og:site_name\" content=\"Lotto Online - Crack The International Lottery Jackpots\" \/>\n<meta property=\"article:modified_time\" content=\"2022-12-27T10:33:46+00:00\" \/>\n<meta property=\"og:image\" content=\"http:\/\/jackpotlotteryonline.com\/wp-content\/uploads\/2022\/11\/logo_superenalotto.png\" \/>\n<meta name=\"twitter:card\" content=\"summary_large_image\" \/>\n<meta name=\"twitter:label1\" content=\"Tahmini okuma s\u00fcresi\" \/>\n\t<meta name=\"twitter:data1\" content=\"3 dakika\" \/>\n<!-- \/ Yoast SEO plugin. -->","yoast_head_json":{"title":"Superenalotto kazanan numaralar ve \u00e7ekili\u015f sonu\u00e7lar\u0131","description":"\u0130talya'n\u0131n Superenalotto \u00e7ekili\u015f sonu\u00e7lar\u0131n\u0131 ve kazanan numaralar\u0131 g\u00fcnl\u00fck g\u00fcncellemelerle piyango web sitemizden \u00f6\u011frenin","robots":{"index":"index","follow":"follow","max-snippet":"max-snippet:-1","max-image-preview":"max-image-preview:large","max-video-preview":"max-video-preview:-1"},"canonical":"https:\/\/jackpotlotteryonline.com\/tr\/kazanan-sayilar\/superenalotto\/","og_locale":"tr_TR","og_type":"article","og_title":"Superenalotto kazanan numaralar ve \u00e7ekili\u015f sonu\u00e7lar\u0131","og_description":"\u0130talya'n\u0131n Superenalotto \u00e7ekili\u015f sonu\u00e7lar\u0131n\u0131 ve kazanan numaralar\u0131 g\u00fcnl\u00fck g\u00fcncellemelerle piyango web sitemizden \u00f6\u011frenin","og_url":"https:\/\/jackpotlotteryonline.com\/tr\/kazanan-sayilar\/superenalotto\/","og_site_name":"Lotto Online - Crack The International Lottery Jackpots","article_modified_time":"2022-12-27T10:33:46+00:00","og_image":[{"url":"http:\/\/jackpotlotteryonline.com\/wp-content\/uploads\/2022\/11\/logo_superenalotto.png"}],"twitter_card":"summary_large_image","twitter_misc":{"Tahmini okuma s\u00fcresi":"3 dakika"},"schema":{"@context":"https:\/\/schema.org","@graph":[{"@type":"WebPage","@id":"https:\/\/jackpotlotteryonline.com\/tr\/kazanan-sayilar\/superenalotto\/","url":"https:\/\/jackpotlotteryonline.com\/tr\/kazanan-sayilar\/superenalotto\/","name":"Superenalotto kazanan numaralar ve \u00e7ekili\u015f sonu\u00e7lar\u0131","isPartOf":{"@id":"https:\/\/jackpotlotteryonline.com\/#website"},"primaryImageOfPage":{"@id":"https:\/\/jackpotlotteryonline.com\/tr\/kazanan-sayilar\/superenalotto\/#primaryimage"},"image":{"@id":"https:\/\/jackpotlotteryonline.com\/tr\/kazanan-sayilar\/superenalotto\/#primaryimage"},"thumbnailUrl":"http:\/\/jackpotlotteryonline.com\/wp-content\/uploads\/2022\/11\/logo_superenalotto.png","datePublished":"2022-12-06T09:18:05+00:00","dateModified":"2022-12-27T10:33:46+00:00","description":"\u0130talya'n\u0131n Superenalotto \u00e7ekili\u015f sonu\u00e7lar\u0131n\u0131 ve kazanan numaralar\u0131 g\u00fcnl\u00fck g\u00fcncellemelerle piyango web sitemizden \u00f6\u011frenin","breadcrumb":{"@id":"https:\/\/jackpotlotteryonline.com\/tr\/kazanan-sayilar\/superenalotto\/#breadcrumb"},"inLanguage":"tr","potentialAction":[{"@type":"ReadAction","target":["https:\/\/jackpotlotteryonline.com\/tr\/kazanan-sayilar\/superenalotto\/"]}]},{"@type":"ImageObject","inLanguage":"tr","@id":"https:\/\/jackpotlotteryonline.com\/tr\/kazanan-sayilar\/superenalotto\/#primaryimage","url":"http:\/\/jackpotlotteryonline.com\/wp-content\/uploads\/2022\/11\/logo_superenalotto.png","contentUrl":"http:\/\/jackpotlotteryonline.com\/wp-content\/uploads\/2022\/11\/logo_superenalotto.png"},{"@type":"BreadcrumbList","@id":"https:\/\/jackpotlotteryonline.com\/tr\/kazanan-sayilar\/superenalotto\/#breadcrumb","itemListElement":[{"@type":"ListItem","position":1,"name":"Home","item":"https:\/\/jackpotlotteryonline.com\/tr\/"},{"@type":"ListItem","position":2,"name":"Piyango sonu\u00e7lar\u0131","item":"https:\/\/jackpotlotteryonline.com\/tr\/kazanan-sayilar\/"},{"@type":"ListItem","position":3,"name":"Superenalotto kura sonu\u00e7lar\u0131"}]},{"@type":"WebSite","@id":"https:\/\/jackpotlotteryonline.com\/#website","url":"https:\/\/jackpotlotteryonline.com\/","name":"Lotto Online - Crack The International Lottery Jackpots","description":"","potentialAction":[{"@type":"SearchAction","target":{"@type":"EntryPoint","urlTemplate":"https:\/\/jackpotlotteryonline.com\/?s={search_term_string}"},"query-input":"required name=search_term_string"}],"inLanguage":"tr"}]}},"_links":{"self":[{"href":"https:\/\/jackpotlotteryonline.com\/tr\/wp-json\/wp\/v2\/pages\/40745","targetHints":{"allow":["GET"]}}],"collection":[{"href":"https:\/\/jackpotlotteryonline.com\/tr\/wp-json\/wp\/v2\/pages"}],"about":[{"href":"https:\/\/jackpotlotteryonline.com\/tr\/wp-json\/wp\/v2\/types\/page"}],"author":[{"embeddable":true,"href":"https:\/\/jackpotlotteryonline.com\/tr\/wp-json\/wp\/v2\/users\/1"}],"replies":[{"embeddable":true,"href":"https:\/\/jackpotlotteryonline.com\/tr\/wp-json\/wp\/v2\/comments?post=40745"}],"version-history":[{"count":0,"href":"https:\/\/jackpotlotteryonline.com\/tr\/wp-json\/wp\/v2\/pages\/40745\/revisions"}],"up":[{"embeddable":true,"href":"https:\/\/jackpotlotteryonline.com\/tr\/wp-json\/wp\/v2\/pages\/35860"}],"wp:attachment":[{"href":"https:\/\/jackpotlotteryonline.com\/tr\/wp-json\/wp\/v2\/media?parent=40745"}],"curies":[{"name":"wp","href":"https:\/\/api.w.org\/{rel}","templated":true}]}}