{"id":40797,"date":"2022-12-06T10:45:54","date_gmt":"2022-12-06T10:45:54","guid":{"rendered":"https:\/\/jackpotlotteryonline.com\/?page_id=40797"},"modified":"2022-12-28T14:59:00","modified_gmt":"2022-12-28T14:59:00","slug":"la-primitiva","status":"publish","type":"page","link":"https:\/\/jackpotlotteryonline.com\/tr\/kazanan-sayilar\/la-primitiva\/","title":{"rendered":"La Primitiva \u00e7ekili\u015f sonu\u00e7lar\u0131"},"content":{"rendered":"<h2>La Primitiva kazanan numaralar\u0131 nas\u0131l se\u00e7ilir?<\/h2>\n<p>Her \u015feyden \u00f6nce, La Primitiva oynamak istiyorsan\u0131z, 1 ila 49 aral\u0131\u011f\u0131ndan 6 say\u0131 se\u00e7meniz gerekir. Ek olarak, 0-9 aras\u0131ndan 1 say\u0131 se\u00e7meniz gerekir. Bu ekstra say\u0131ya Reintegro say\u0131s\u0131 denir. Ayr\u0131ca Complemantario numaras\u0131 da vard\u0131r ve baz\u0131 \u00f6d\u00fcl kademelerini belirlemek i\u00e7in kullan\u0131l\u0131r.<\/p>\n<p>Oyuncular\u0131n La Primitiva say\u0131lar\u0131n\u0131 se\u00e7mek i\u00e7in kulland\u0131klar\u0131 \u00e7e\u015fitli y\u00f6ntemler vard\u0131r. Baz\u0131lar\u0131 kendileri i\u00e7in \u00f6zel anlamlar\u0131 olan rakamlar\u0131 se\u00e7meyi tercih eder. Do\u011fum g\u00fcnleri veya y\u0131ld\u00f6n\u00fcmleri gibi. Di\u011ferleri sadece rastgele say\u0131lar se\u00e7er ve \u015fans\u0131n kendi taraflar\u0131nda olmas\u0131n\u0131 umarlar. Her piyango gibi La Primitiva da bir \u015fans oyunu oldu\u011fu i\u00e7in kimse onlar\u0131 su\u00e7layamaz.<\/p>\n<section class=\"layout\" style=\"border: solid 1px; width: 100%;\">\n<div class=\"img-div\" style=\"margin-top: 5px;\"><img decoding=\"async\" class=\"wp-image-17212 alignleft\" style=\"height: 45px; margin: 8px 8px 0px;\" src=\"http:\/\/jackpotlotteryonline.com\/wp-content\/uploads\/2022\/11\/read1.jpg\" alt=\"okuyun\" width=\"\" height=\"\" \/><\/div>\n<div style=\"padding-left: 5px;\">\n<div style=\"font-size: 1.1em;\">\n<p><strong>Piyango \u0130pu\u00e7lar\u0131<\/strong><\/p>\n<p style=\"font-size: 0.85em; margin-top: -1.5em;\">Piyangoda kazanman\u0131za yard\u0131mc\u0131 olacak ipu\u00e7lar\u0131\u00a0<a href=\"https:\/\/jackpotlotteryonline.com\/tr\/piyangoda-kazanmaniza-yardimci-olacak-ipuclari\"> daha fazla oku<\/a><\/p>\n<\/div>\n<\/div>\n<\/section>\n<h2>La Primitiva&#8217;y\u0131 Kazanmak<\/h2>\n<p>La Primitiva Pazartesi, Per\u015fembe ve Cumartesi g\u00fcnleri olmak \u00fczere haftada \u00fc\u00e7 \u00e7ekili\u015f d\u00fczenlemektedir. Numaralar\u0131n\u0131z\u0131 se\u00e7tikten sonra bir sonraki ad\u0131m se\u00e7ti\u011finiz \u00e7ekili\u015fe kat\u0131lmakt\u0131r. \u00c7ekili\u015flerden sonra, \u00e7ekilen sonu\u00e7larla e\u015fle\u015fen bilet piyangoyu kazan\u0131r.<\/p>\n<p>Bu nedenle, eve bir \u00f6d\u00fclle d\u00f6nmenin se\u00e7ti\u011finiz rakamlarla \u00e7ok ilgisi vard\u0131r.<\/p>\n<p>La Primitiva ikramiyesini kazanmak i\u00e7in, bir oyuncunun 7 say\u0131n\u0131n t\u00fcm\u00fcn\u00fc (6 ana ve Reintegro say\u0131s\u0131) e\u015fle\u015ftirmesi gerekir. Jackpot miktar\u0131 5 milyon \u20ac&#8217;dan ba\u015flar. Birden fazla kazanan\u0131n oldu\u011fu durumlarda, miktar kazananlar aras\u0131nda payla\u015ft\u0131r\u0131l\u0131r. \u0130\u015fte oyuncular\u0131n kazanabilece\u011fi \u00f6d\u00fcller.<br \/>\n<img loading=\"lazy\" decoding=\"async\" class=\"alignright size-full wp-image-27671\" src=\"http:\/\/jackpotlotteryonline.com\/wp-content\/uploads\/2022\/11\/1_lottery_online_winner3.jpg\" alt=\"La Primitiva'y\u0131 kazan\u0131n\" width=\"300\" height=\"300\" srcset=\"https:\/\/jackpotlotteryonline.com\/wp-content\/uploads\/2022\/11\/1_lottery_online_winner3.jpg 300w, https:\/\/jackpotlotteryonline.com\/wp-content\/uploads\/2022\/11\/1_lottery_online_winner3-100x100.jpg 100w, https:\/\/jackpotlotteryonline.com\/wp-content\/uploads\/2022\/11\/1_lottery_online_winner3-150x150.jpg 150w\" sizes=\"auto, (max-width: 300px) 100vw, 300px\" \/><br \/>\nJackpot &#8211; 6&#8217;l\u0131 E\u015fle\u015ftirme + Reintegro<\/p>\n<p>1. B\u00f6l\u00fcm &#8211; Sadece 6. Ma\u00e7<\/p>\n<p>B\u00f6l\u00fcm 2 &#8211; Ma\u00e7 5 + \u00dccretsiz numara<\/p>\n<p>B\u00f6l\u00fcm 3 &#8211; Sadece 5. Ma\u00e7<\/p>\n<p>B\u00f6l\u00fcm 4 &#8211; Sadece 4. Ma\u00e7<\/p>\n<p>B\u00f6l\u00fcm 5 &#8211; Sadece 3. Ma\u00e7<\/p>\n<p>Reintegro &#8211; Yaln\u0131zca Reintegro numaras\u0131n\u0131 e\u015fle\u015ftirin<\/p>\n<h2>La Primitiva&#8217;y\u0131 jackpotlotteryonline.com ile \u00e7evrimi\u00e7i oynamak<\/h2>\n<p><a href=\"https:\/\/jackpotlotteryonline.com\/tr\/nasil-oynanir\/la-primitiva-2\">La Primitiva piyangosunu bizimle oynad\u0131\u011f\u0131n\u0131zda<\/a>, sadece La Primitiva&#8217;ya de\u011fil, \u00e7ekili\u015f sonu\u00e7lar\u0131na da eri\u015febilirsiniz. \u00c7evrimi\u00e7i oynamak, hem deneyimli bahis\u00e7iler hem de yeni ba\u015flayanlar i\u00e7in bir f\u0131rsatlar d\u00fcnyas\u0131n\u0131n kap\u0131lar\u0131n\u0131 a\u00e7ar. Piyango biletlerinizi sat\u0131n almak, sonu\u00e7lar\u0131n\u0131z\u0131 kontrol etmek ve kazan\u00e7lar\u0131n\u0131za eri\u015fmek i\u00e7in uygun bir yol sunuyoruz. Ama buna birazdan gelece\u011fiz.<\/p>\n<p><a href=\"https:\/\/jackpotlotteryonline.com\/tr\/bilet-satin-al\/la-primitiva\">La Primitiva piyango biletinizi piyango<\/a> sayfas\u0131na giderek ve kazanan rakamlar\u0131n\u0131z\u0131 se\u00e7erek kolayca sat\u0131n alabilirsiniz. Ne se\u00e7ece\u011finizden emin de\u011filseniz, rastgele rakamlar se\u00e7mek i\u00e7in otomatik jenerat\u00f6r\u00fcm\u00fcz\u00fc kullanabilirsiniz. Ard\u0131ndan, se\u00e7ti\u011finiz \u00e7ekili\u015fi girin ve hen\u00fcz bize kay\u0131tl\u0131 de\u011filseniz, bir hesap i\u00e7in kaydolun.<\/p>\n<p>Kaydolmak \u00f6nemli bir ad\u0131md\u0131r ve a\u015fa\u011f\u0131daki nedenlerden dolay\u0131 bir hesaba ihtiyac\u0131n\u0131z olacakt\u0131r:<\/p>\n<ul>\n<li>Dijital biletinizi saklamak i\u00e7in<\/li>\n<li>Otomatik \u00e7ekili\u015f giri\u015flerini ayarlamak i\u00e7in<\/li>\n<li>\u00d6d\u00fcl kazand\u0131\u011f\u0131n\u0131zda bildirim almak i\u00e7in<\/li>\n<\/ul>\n<h2>La Primitiva piyango sonu\u00e7lar\u0131n\u0131z\u0131 kontrol edin<\/h2>\n<p>Bizimle online oynarken La Primitiva sonu\u00e7lar\u0131n\u0131z\u0131 kontrol etmek hi\u00e7 bu kadar kolay olmam\u0131\u015ft\u0131. Her \u00e7ekili\u015ften sonra, \u00e7ekili\u015f sonu\u00e7lar\u0131n\u0131 burada sayfam\u0131zda yay\u0131nl\u0131yoruz. Bunun \u00f6tesinde, bir \u00f6d\u00fcl kazand\u0131\u011f\u0131n\u0131zda sizi e-posta yoluyla bilgilendirece\u011fiz. B\u00f6ylece \u00f6d\u00fcl\u00fcn\u00fcz\u00fc almay\u0131 bir daha asla ka\u00e7\u0131rmak zorunda kalmazs\u0131n\u0131z.<\/p>\n<h2>Kazanc\u0131n\u0131z\u0131 talep etmek<\/h2>\n<p>La Primitiva&#8217;y\u0131 \u00e7evrimi\u00e7i oynaman\u0131n belki de en ilgin\u00e7 yan\u0131, kazan\u00e7lar\u0131n\u0131z\u0131 talep etmek i\u00e7in \u0130spanya&#8217;ya gitmek zorunda olmaman\u0131zd\u0131r. 2,500\u20ac&#8217;dan az olan kazan\u00e7lar i\u00e7in platformumuzdan hesab\u0131n\u0131za para \u00e7ekebilirsiniz.<\/p>\n<p>La Primitiva kazanan numaralar\u0131n\u0131z\u0131 \u00e7evrimi\u00e7i kontrol etmek i\u00e7in bizimle piyango oynay\u0131n.<\/p>\n","protected":false},"excerpt":{"rendered":"<p>La Primitiva kazanan numaralar\u0131 nas\u0131l se\u00e7ilir? Her \u015feyden \u00f6nce, La Primitiva oynamak istiyorsan\u0131z, 1 ila 49 aral\u0131\u011f\u0131ndan 6 say\u0131 se\u00e7meniz gerekir. Ek olarak, 0-9 aras\u0131ndan 1 say\u0131 se\u00e7meniz gerekir. Bu ekstra say\u0131ya Reintegro say\u0131s\u0131 denir. Ayr\u0131ca Complemantario numaras\u0131 da vard\u0131r ve baz\u0131 \u00f6d\u00fcl kademelerini belirlemek i\u00e7in kullan\u0131l\u0131r. Oyuncular\u0131n La Primitiva say\u0131lar\u0131n\u0131 se\u00e7mek i\u00e7in kulland\u0131klar\u0131 \u00e7e\u015fitli [&hellip;]<\/p>\n","protected":false},"author":1,"featured_media":0,"parent":35860,"menu_order":7,"comment_status":"closed","ping_status":"closed","template":"la-primitiva-results.php","meta":{"_et_pb_use_builder":"","_et_pb_old_content":"","_et_gb_content_width":"","exclude_from_search":false,"footnotes":""},"class_list":["post-40797","page","type-page","status-publish","hentry"],"yoast_head":"<!-- This site is optimized with the Yoast SEO plugin v23.3 - https:\/\/yoast.com\/wordpress\/plugins\/seo\/ -->\n<title>La Primitiva kazanan numaralar ve \u00e7ekili\u015f sonu\u00e7lar\u0131<\/title>\n<meta name=\"description\" content=\"\u0130spanya&#039;n\u0131n La Primitiva piyangosu - t\u00fcm \u00e7ekili\u015f sonu\u00e7lar\u0131 ve kazanan numaralar, ayr\u0131ca bir sonu\u00e7 ar\u015fivi, hepsi tek bir web sitesinde\" \/>\n<meta name=\"robots\" content=\"index, follow, max-snippet:-1, max-image-preview:large, max-video-preview:-1\" \/>\n<link rel=\"canonical\" href=\"https:\/\/jackpotlotteryonline.com\/tr\/kazanan-sayilar\/la-primitiva\/\" \/>\n<meta property=\"og:locale\" content=\"tr_TR\" \/>\n<meta property=\"og:type\" content=\"article\" \/>\n<meta property=\"og:title\" content=\"La Primitiva kazanan numaralar ve \u00e7ekili\u015f sonu\u00e7lar\u0131\" \/>\n<meta property=\"og:description\" content=\"\u0130spanya&#039;n\u0131n La Primitiva piyangosu - t\u00fcm \u00e7ekili\u015f sonu\u00e7lar\u0131 ve kazanan numaralar, ayr\u0131ca bir sonu\u00e7 ar\u015fivi, hepsi tek bir web sitesinde\" \/>\n<meta property=\"og:url\" content=\"https:\/\/jackpotlotteryonline.com\/tr\/kazanan-sayilar\/la-primitiva\/\" \/>\n<meta property=\"og:site_name\" content=\"Lotto Online - Crack The International Lottery Jackpots\" \/>\n<meta property=\"article:modified_time\" content=\"2022-12-28T14:59:00+00:00\" \/>\n<meta property=\"og:image\" content=\"http:\/\/jackpotlotteryonline.com\/wp-content\/uploads\/2022\/11\/read1.jpg\" \/>\n<meta name=\"twitter:card\" content=\"summary_large_image\" \/>\n<meta name=\"twitter:label1\" content=\"Tahmini okuma s\u00fcresi\" \/>\n\t<meta name=\"twitter:data1\" content=\"3 dakika\" \/>\n<!-- \/ Yoast SEO plugin. -->","yoast_head_json":{"title":"La Primitiva kazanan numaralar ve \u00e7ekili\u015f sonu\u00e7lar\u0131","description":"\u0130spanya'n\u0131n La Primitiva piyangosu - t\u00fcm \u00e7ekili\u015f sonu\u00e7lar\u0131 ve kazanan numaralar, ayr\u0131ca bir sonu\u00e7 ar\u015fivi, hepsi tek bir web sitesinde","robots":{"index":"index","follow":"follow","max-snippet":"max-snippet:-1","max-image-preview":"max-image-preview:large","max-video-preview":"max-video-preview:-1"},"canonical":"https:\/\/jackpotlotteryonline.com\/tr\/kazanan-sayilar\/la-primitiva\/","og_locale":"tr_TR","og_type":"article","og_title":"La Primitiva kazanan numaralar ve \u00e7ekili\u015f sonu\u00e7lar\u0131","og_description":"\u0130spanya'n\u0131n La Primitiva piyangosu - t\u00fcm \u00e7ekili\u015f sonu\u00e7lar\u0131 ve kazanan numaralar, ayr\u0131ca bir sonu\u00e7 ar\u015fivi, hepsi tek bir web sitesinde","og_url":"https:\/\/jackpotlotteryonline.com\/tr\/kazanan-sayilar\/la-primitiva\/","og_site_name":"Lotto Online - Crack The International Lottery Jackpots","article_modified_time":"2022-12-28T14:59:00+00:00","og_image":[{"url":"http:\/\/jackpotlotteryonline.com\/wp-content\/uploads\/2022\/11\/read1.jpg"}],"twitter_card":"summary_large_image","twitter_misc":{"Tahmini okuma s\u00fcresi":"3 dakika"},"schema":{"@context":"https:\/\/schema.org","@graph":[{"@type":"WebPage","@id":"https:\/\/jackpotlotteryonline.com\/tr\/kazanan-sayilar\/la-primitiva\/","url":"https:\/\/jackpotlotteryonline.com\/tr\/kazanan-sayilar\/la-primitiva\/","name":"La Primitiva kazanan numaralar ve \u00e7ekili\u015f sonu\u00e7lar\u0131","isPartOf":{"@id":"https:\/\/jackpotlotteryonline.com\/#website"},"primaryImageOfPage":{"@id":"https:\/\/jackpotlotteryonline.com\/tr\/kazanan-sayilar\/la-primitiva\/#primaryimage"},"image":{"@id":"https:\/\/jackpotlotteryonline.com\/tr\/kazanan-sayilar\/la-primitiva\/#primaryimage"},"thumbnailUrl":"http:\/\/jackpotlotteryonline.com\/wp-content\/uploads\/2022\/11\/read1.jpg","datePublished":"2022-12-06T10:45:54+00:00","dateModified":"2022-12-28T14:59:00+00:00","description":"\u0130spanya'n\u0131n La Primitiva piyangosu - t\u00fcm \u00e7ekili\u015f sonu\u00e7lar\u0131 ve kazanan numaralar, ayr\u0131ca bir sonu\u00e7 ar\u015fivi, hepsi tek bir web sitesinde","breadcrumb":{"@id":"https:\/\/jackpotlotteryonline.com\/tr\/kazanan-sayilar\/la-primitiva\/#breadcrumb"},"inLanguage":"tr","potentialAction":[{"@type":"ReadAction","target":["https:\/\/jackpotlotteryonline.com\/tr\/kazanan-sayilar\/la-primitiva\/"]}]},{"@type":"ImageObject","inLanguage":"tr","@id":"https:\/\/jackpotlotteryonline.com\/tr\/kazanan-sayilar\/la-primitiva\/#primaryimage","url":"http:\/\/jackpotlotteryonline.com\/wp-content\/uploads\/2022\/11\/read1.jpg","contentUrl":"http:\/\/jackpotlotteryonline.com\/wp-content\/uploads\/2022\/11\/read1.jpg"},{"@type":"BreadcrumbList","@id":"https:\/\/jackpotlotteryonline.com\/tr\/kazanan-sayilar\/la-primitiva\/#breadcrumb","itemListElement":[{"@type":"ListItem","position":1,"name":"Home","item":"https:\/\/jackpotlotteryonline.com\/tr\/"},{"@type":"ListItem","position":2,"name":"Piyango sonu\u00e7lar\u0131","item":"https:\/\/jackpotlotteryonline.com\/tr\/kazanan-sayilar\/"},{"@type":"ListItem","position":3,"name":"La Primitiva \u00e7ekili\u015f sonu\u00e7lar\u0131"}]},{"@type":"WebSite","@id":"https:\/\/jackpotlotteryonline.com\/#website","url":"https:\/\/jackpotlotteryonline.com\/","name":"Lotto Online - Crack The International Lottery Jackpots","description":"","potentialAction":[{"@type":"SearchAction","target":{"@type":"EntryPoint","urlTemplate":"https:\/\/jackpotlotteryonline.com\/?s={search_term_string}"},"query-input":"required name=search_term_string"}],"inLanguage":"tr"}]}},"_links":{"self":[{"href":"https:\/\/jackpotlotteryonline.com\/tr\/wp-json\/wp\/v2\/pages\/40797","targetHints":{"allow":["GET"]}}],"collection":[{"href":"https:\/\/jackpotlotteryonline.com\/tr\/wp-json\/wp\/v2\/pages"}],"about":[{"href":"https:\/\/jackpotlotteryonline.com\/tr\/wp-json\/wp\/v2\/types\/page"}],"author":[{"embeddable":true,"href":"https:\/\/jackpotlotteryonline.com\/tr\/wp-json\/wp\/v2\/users\/1"}],"replies":[{"embeddable":true,"href":"https:\/\/jackpotlotteryonline.com\/tr\/wp-json\/wp\/v2\/comments?post=40797"}],"version-history":[{"count":0,"href":"https:\/\/jackpotlotteryonline.com\/tr\/wp-json\/wp\/v2\/pages\/40797\/revisions"}],"up":[{"embeddable":true,"href":"https:\/\/jackpotlotteryonline.com\/tr\/wp-json\/wp\/v2\/pages\/35860"}],"wp:attachment":[{"href":"https:\/\/jackpotlotteryonline.com\/tr\/wp-json\/wp\/v2\/media?parent=40797"}],"curies":[{"name":"wp","href":"https:\/\/api.w.org\/{rel}","templated":true}]}}