{"id":40855,"date":"2022-12-07T07:23:13","date_gmt":"2022-12-07T07:23:13","guid":{"rendered":"https:\/\/jackpotlotteryonline.com\/?page_id=40855"},"modified":"2022-12-28T13:04:01","modified_gmt":"2022-12-28T13:04:01","slug":"el-gordo-draw-results","status":"publish","type":"page","link":"https:\/\/jackpotlotteryonline.com\/tr\/kazanan-sayilar\/el-gordo-draw-results\/","title":{"rendered":"El Gordo kura sonu\u00e7lar\u0131"},"content":{"rendered":"<p>Piyango merakl\u0131lar\u0131 El Gordo&#8217;yu duyduklar\u0131nda heyecanlan\u0131rlar, sadece Avrupa&#8217;n\u0131n en b\u00fcy\u00fck piyangolar\u0131ndan biri oldu\u011fu i\u00e7in de\u011fil. El Gordo, \u00e7ekili\u015flerin y\u0131lda bir kez yap\u0131lmas\u0131 nedeniyle t\u00fcm piyangolar\u0131n anas\u0131d\u0131r. Asl\u0131nda bu, \u0130spanyol piyangosunun bir par\u00e7as\u0131d\u0131r ve her y\u0131l \u00f6zel bir Noel \u00e7ekili\u015fi d\u00fczenler. Bu, heyecan dolu ve geleneklerle yo\u011frulmu\u015f bir etkinliktir. Aileleri, mahalleleri ve t\u00fcm topluluklar\u0131 bayram sezonunu kutlamak i\u00e7in bir araya getirir. \u0130spanya&#8217;daki bahis\u00e7iler i\u00e7in Noel sezonu, El Gordo kazanan numaralar\u0131na bakma zaman\u0131d\u0131r.<\/p>\n<p>El Gordo tipik olarak \u0130spanya&#8217;da ger\u00e7ekle\u015fen bir piyangodur. Yani e\u011fer o \u00fclkede ya\u015fam\u0131yorsan\u0131z, El Gordo bileti sat\u0131n almakta zorlan\u0131rs\u0131n\u0131z. Bu durum de\u011fi\u015fti \u00e7\u00fcnk\u00fc art\u0131k El Gordo kazanan numaralar\u0131n\u0131 internet \u00fczerinden kontrol edebilirsiniz.<\/p>\n<h2>El Gordo oynamak<\/h2>\n<p><img loading=\"lazy\" decoding=\"async\" class=\"alignright size-full wp-image-17870\" src=\"https:\/\/jackpotlotteryonline.com\/wp-content\/uploads\/2022\/10\/lotto_euros.jpg\" alt=\"El Gordo'yu oynamak\" width=\"225\" height=\"134\" \/>El Gordo &#8220;b\u00fcy\u00fck olan&#8221; anlam\u0131na gelir ve d\u00fcnyan\u0131n en b\u00fcy\u00fck ikramiyesidir. Bu piyango ile ilgili \u00f6zel olan \u015fey, b\u00fcy\u00fck ikramiyenin art\u0131k sadece bir ki\u015fi taraf\u0131ndan kazan\u0131l\u0131yor olmas\u0131d\u0131r. Bunun nedeni biletlerin \u00e7ok say\u0131da par\u00e7aya b\u00f6l\u00fcnm\u00fc\u015f olmas\u0131d\u0131r. Asl\u0131nda bu, El Gordo oynaman\u0131n biraz kafa kar\u0131\u015ft\u0131r\u0131c\u0131 olabilecek k\u0131sm\u0131d\u0131r. Her El Gordo bileti 10 b\u00f6l\u00fcme ayr\u0131l\u0131r ve bu b\u00f6l\u00fcmlerin her biri daha da b\u00f6l\u00fcn\u00fcr.<\/p>\n<p>Sat\u0131n alabilece\u011finiz en ucuz El Gordo bileti, tam biletin 1\/100&#8217;\u00fc kadard\u0131r.<\/p>\n<p><a href=\"https:\/\/jackpotlotteryonline.com\/tr\/nasil-oynanir\/el-gordo\">El Gordo oynamak<\/a> hakk\u0131nda daha fazla bilgi edinmek i\u00e7in jackpotlotteryonline.com adresini ziyaret edin ve <a href=\"https:\/\/jackpotlotteryonline.com\/tr\/bilet-satin-al\/el-gordo\">biletlerinizi hemen sat\u0131n al\u0131n.<\/a> El Gordo oynamak \u00e7ok e\u011flencelidir, \u00f6zellikle de \u00e7evrimi\u00e7i oynuyorsan\u0131z.<\/p>\n<h2>\u00c7evrimi\u00e7i Oynamak<\/h2>\n<p>El Gordo piyangosuna kat\u0131lmaya haz\u0131rsan\u0131z, sitemizi ziyaret edin ve kazanan rakamlar\u0131n\u0131z\u0131 se\u00e7in. Tek yapman\u0131z gereken 1&#8217;den 49&#8217;a kadar 6&#8217;y\u0131 se\u00e7mek. Elbette, oynamak istedi\u011finiz belirli bir \u015fey yoksa otomatik se\u00e7icimizin bunu sizin i\u00e7in yapmas\u0131na izin verebilirsiniz. Ard\u0131ndan \u00e7ekili\u015fe kat\u0131l\u0131n ve El Gordo kazanma sonu\u00e7lar\u0131n\u0131 bekleyin.<\/p>\n<h2>El Gordo Nas\u0131l Kazan\u0131l\u0131r<\/h2>\n<p>El Gordo&#8217;yu kazanmak basit\u00e7e kazanan kombinasyona sahip oldu\u011funuz anlam\u0131na gelir. Bu nedenle, rakamlar\u0131n\u0131z \u00e7ekilenle e\u015fle\u015firse, El Gordo piyangosunun kazanan\u0131 siz olursunuz.<\/p>\n<p>Oyuncular\u0131n El Gordo i\u00e7in kazanan kombinasyonlar\u0131 se\u00e7mek i\u00e7in kulland\u0131klar\u0131 birka\u00e7 strateji vard\u0131r. Bunlardan biri, \u015fansl\u0131 oldu\u011funu d\u00fc\u015f\u00fcnd\u00fckleri rakamlar\u0131 se\u00e7mektir. Baz\u0131lar\u0131 i\u00e7in bu, kendi do\u011fum g\u00fcnleri veya sevdiklerinin do\u011fum g\u00fcnleridir. Sizin i\u00e7in \u00f6zel olan herhangi bir say\u0131 olabilir. Di\u011fer oyuncular tamamen rastgele olu\u015fturulan say\u0131lara g\u00fcvenmeyi tercih eder. Ne se\u00e7ece\u011finiz size kalm\u0131\u015f.<\/p>\n<p>El Gordo i\u00e7in kazanan bir kombinasyon se\u00e7menin bir ba\u015fka yolu da ge\u00e7mi\u015f sonu\u00e7lara bakmakt\u0131r. Bu, \u00f6zellikle s\u0131k oynayan bir oyuncuysan\u0131z size yard\u0131mc\u0131 olacakt\u0131r. Bir\u00e7ok bahis\u00e7i i\u00e7in birden fazla bilet sat\u0131n almak her zaman iyi bir oyun plan\u0131d\u0131r. Her zaman arkada\u015flar\u0131n\u0131zdan veya ailenizden bir grup olu\u015fturabilir ve El Gordo biletleri sat\u0131n alabilirsiniz.<\/p>\n<h2>Kazanan numaralar nas\u0131l kontrol edilir<\/h2>\n<p><img loading=\"lazy\" decoding=\"async\" class=\"alignright size-full wp-image-30668\" src=\"https:\/\/jackpotlotteryonline.com\/wp-content\/uploads\/2022\/11\/3_screen_lottery_results_online.jpg\" alt=\"El Gordo'yu Kazanmak\" width=\"130\" height=\"120\" \/>El Gordo biletinizi sat\u0131n ald\u0131ktan sonra, bir sonraki ad\u0131m El Gordo \u00e7ekili\u015flerini beklemektir. \u00c7ekili\u015flerden sonra kazanan kombinasyonlar\u0131 kontrol etmek \u00f6nemlidir. Kazananlar piyango biletlerini hi\u00e7 kontrol etmedikleri i\u00e7in sahipsiz kalan ikramiyeler hakk\u0131nda birka\u00e7 hikaye var. Bizimle oynarsan\u0131z, bunun ba\u015f\u0131n\u0131za gelmesi konusunda asla endi\u015felenmenize gerek kalmaz.<\/p>\n<p>Her \u00e7ekili\u015ften sonra kazanan sonu\u00e7lar\u0131 burada, El Gordo sayfas\u0131nda yay\u0131nl\u0131yoruz. Yeni piyango oyuncular\u0131n\u0131n yapt\u0131\u011f\u0131 hatalardan biri de ba\u015fka \u00f6d\u00fcller kazan\u0131p kazanmad\u0131klar\u0131n\u0131 kontrol etmemektir.<\/p>\n<p>El Gordo piyangosunun 17 farkl\u0131 \u00f6d\u00fcl seviyesi vard\u0131r ve bir oyuncu bunlardan herhangi birini kazanabilir. Bizimle oynarsan\u0131z, herhangi bir \u00f6d\u00fcl\u00fcn kazanan\u0131 olup olmad\u0131\u011f\u0131n\u0131z\u0131 size bildirece\u011fiz. Bunu e-posta yoluyla yap\u0131yoruz, ayr\u0131ca platforma giri\u015f yapt\u0131\u011f\u0131n\u0131zda bir bildirim alacaks\u0131n\u0131z.<\/p>\n<h2>Kazan\u0131rsan\u0131z ne olur?<\/h2>\n<p>El Gordo&#8217;yu kazanmak harika bir deneyimdir \u00e7\u00fcnk\u00fc harika bir \u015feyin par\u00e7as\u0131 oldu\u011funuzu hissedersiniz. Bir nevi tarihin yaz\u0131l\u0131\u015f\u0131n\u0131n bir par\u00e7as\u0131 olmak gibi. El Gordo biletlerini i\u015f arkada\u015flar\u0131n\u0131z, dostlar\u0131n\u0131z veya ailenizle birlikte sat\u0131n ald\u0131ysan\u0131z bu daha da b\u00fcy\u00fck bir duygudur. O zaman hep birlikte kazanman\u0131z\u0131 kutlamaya gidebilirsiniz.<\/p>\n<p>Bununla birlikte, sitemizde oynarsan\u0131z El Gordo kazanc\u0131n\u0131z\u0131 \u00e7ekmek \u00e7ok kolayd\u0131r. Tek yapman\u0131z gereken, kazanc\u0131n\u0131z\u0131 \u00e7evrimi\u00e7i hesab\u0131n\u0131za nakde \u00e7evirmektir. Belirli bir miktardan fazla kazan\u0131rsan\u0131z, kazanc\u0131n\u0131z\u0131 piyango \u015firketinden almak i\u00e7in bir talep formu doldurman\u0131z gerekebilir. Ama biz bu y\u00fczden buraday\u0131z, i\u015fleri sizin i\u00e7in kolayla\u015ft\u0131rmak i\u00e7in.<\/p>\n<section class=\"layout\" style=\"border: solid 1px; width: 100%;\">\n<div class=\"img-div\" style=\"margin-top: 5px;\"><img decoding=\"async\" class=\"wp-image-17212 alignleft\" style=\"height: 45px; margin: 8px 8px 0px;\" src=\"https:\/\/jackpotlotteryonline.com\/wp-content\/uploads\/2022\/11\/read1.jpg\" alt=\"okuyun\" width=\"\" height=\"\" \/><\/div>\n<div style=\"padding-left: 5px;\">\n<div style=\"font-size: 1.1em;\">\n<p><strong>Piyango Kazan\u00e7lar\u0131 \u00dczerindeki Vergiler<\/strong><\/p>\n<p style=\"font-size: 0.85em; margin-top: -1.5em;\">Piyango Kazan\u00e7lar\u0131 \u0130\u00e7in Vergi \u00d6demek Zorunda m\u0131y\u0131m?\u00a0 <a href=\"https:\/\/jackpotlotteryonline.com\/tr\/piyango-kazanclari-icin-vergi-odemek-zorunda-miyim\"> daha fazla oku<\/a><\/p>\n<\/div>\n<\/div>\n<\/section>\n<h2>Neden bizimle \u00e7evrimi\u00e7i El Gordo oynamal\u0131s\u0131n\u0131z?<\/h2>\n<p>M\u00fc\u015fterilerimizin bizimle piyango oynamay\u0131 sevmesinin pek \u00e7ok nedeni var.<\/p>\n<ul>\n<li>El Gordo piyango biletinizi sat\u0131n almak, mobil cihaz\u0131n\u0131za birka\u00e7 kez dokunmak kadar kolay. Stres yok ve tamamen kullan\u0131\u015fl\u0131.<\/li>\n<li>El Gordo kazanan kombinasyonlar\u0131n\u0131z\u0131 ba\u015fka hi\u00e7bir yere gitmeden buradan kontrol edebilirsiniz.<\/li>\n<li>Miktar\u0131 ne olursa olsun, bir \u00f6d\u00fcl kazand\u0131\u011f\u0131n\u0131z anda sizi uyaraca\u011f\u0131z.<\/li>\n<li>Herhangi bir \u00f6d\u00fcl kazan\u0131rsan\u0131z, platformumuzdan hesab\u0131n\u0131za nakde \u00e7evirebilirsiniz.<\/li>\n<\/ul>\n<p>M\u00fc\u015fterilerimizin e\u011flenmesini ve piyango oynaman\u0131n keyfini \u00e7\u0131karmas\u0131n\u0131 tam anlam\u0131yla kolayla\u015ft\u0131r\u0131yoruz. Ger\u00e7ek \u015fu ki, hayatta zor olan pek \u00e7ok ba\u015fka \u015fey var, piyangoyu kazanmak bunlardan biri olmak zorunda de\u011fil.<\/p>\n<h2>Kazanan numaralar\u0131n\u0131z\u0131 kontrol edin<\/h2>\n<p>Biletinizi sat\u0131n almadan \u00f6nce, m\u00fc\u015fterilerimize ger\u00e7ek anla\u015fmaya eri\u015fim sa\u011flad\u0131\u011f\u0131m\u0131z\u0131 bilmeniz gerekir. Bizimle oynad\u0131\u011f\u0131n\u0131zda, sadece piyangonun sonucu \u00fczerine bahis oynamazs\u0131n\u0131z. Piyangoya kat\u0131ld\u0131\u011f\u0131n\u0131zdan emin oluyoruz. Bunu, \u0130spanya&#8217;daki temsilcimizin sizinkine kar\u015f\u0131l\u0131k gelen say\u0131lar\u0131 sat\u0131n ald\u0131\u011f\u0131 bir konsiyerj sistemi \u00e7al\u0131\u015ft\u0131rarak yap\u0131yoruz.<\/p>\n<p>El Gordo kazanan numaralara sahip oldu\u011funuzda, bu piyangoyu kazand\u0131\u011f\u0131n\u0131z anlam\u0131na gelir. Bu kadar basit, ger\u00e7ekten. Detaylar hakk\u0131nda endi\u015felenmenize gerek kalmamas\u0131n\u0131 sa\u011flamak i\u00e7in \u00e7ok \u00e7al\u0131\u015f\u0131yoruz. Bu y\u00fczden, sizin i\u00e7in en \u00f6nemli olan \u015feylere odaklanabilmeniz i\u00e7in k\u00fc\u00e7\u00fck \u015feylerle ilgileniyoruz.<\/p>\n<p>Bug\u00fcn bizi ziyaret edin ve en iyi uluslararas\u0131 piyangolar\u0131n kazanan numaralar\u0131n\u0131 buradan kontrol edin. Ya da El Gordo biletleri sat\u0131n al\u0131n ve kazanan numaralar i\u00e7in iade edin.<\/p>\n","protected":false},"excerpt":{"rendered":"<p>Piyango merakl\u0131lar\u0131 El Gordo&#8217;yu duyduklar\u0131nda heyecanlan\u0131rlar, sadece Avrupa&#8217;n\u0131n en b\u00fcy\u00fck piyangolar\u0131ndan biri oldu\u011fu i\u00e7in de\u011fil. El Gordo, \u00e7ekili\u015flerin y\u0131lda bir kez yap\u0131lmas\u0131 nedeniyle t\u00fcm piyangolar\u0131n anas\u0131d\u0131r. Asl\u0131nda bu, \u0130spanyol piyangosunun bir par\u00e7as\u0131d\u0131r ve her y\u0131l \u00f6zel bir Noel \u00e7ekili\u015fi d\u00fczenler. Bu, heyecan dolu ve geleneklerle yo\u011frulmu\u015f bir etkinliktir. Aileleri, mahalleleri ve t\u00fcm topluluklar\u0131 bayram sezonunu [&hellip;]<\/p>\n","protected":false},"author":1,"featured_media":0,"parent":35860,"menu_order":6,"comment_status":"closed","ping_status":"closed","template":"el-gordo-results.php","meta":{"_et_pb_use_builder":"","_et_pb_old_content":"","_et_gb_content_width":"","exclude_from_search":false,"footnotes":""},"class_list":["post-40855","page","type-page","status-publish","hentry"],"yoast_head":"<!-- This site is optimized with the Yoast SEO plugin v23.3 - https:\/\/yoast.com\/wordpress\/plugins\/seo\/ -->\n<title>El Gordo kazanan numaralar ve \u00e7ekili\u015f sonu\u00e7lar\u0131<\/title>\n<meta name=\"description\" content=\"Sonu\u00e7lar, El Gordo \u00e7ekili\u015fi i\u00e7in kazanan numaralar - bu haftan\u0131n yan\u0131 s\u0131ra ge\u00e7mi\u015f haftan\u0131n sonu\u00e7lar\u0131\" \/>\n<meta name=\"robots\" content=\"index, follow, max-snippet:-1, max-image-preview:large, max-video-preview:-1\" \/>\n<link rel=\"canonical\" href=\"https:\/\/jackpotlotteryonline.com\/tr\/kazanan-sayilar\/el-gordo-draw-results\/\" \/>\n<meta property=\"og:locale\" content=\"tr_TR\" \/>\n<meta property=\"og:type\" content=\"article\" \/>\n<meta property=\"og:title\" content=\"El Gordo kazanan numaralar ve \u00e7ekili\u015f sonu\u00e7lar\u0131\" \/>\n<meta property=\"og:description\" content=\"Sonu\u00e7lar, El Gordo \u00e7ekili\u015fi i\u00e7in kazanan numaralar - bu haftan\u0131n yan\u0131 s\u0131ra ge\u00e7mi\u015f haftan\u0131n sonu\u00e7lar\u0131\" \/>\n<meta property=\"og:url\" content=\"https:\/\/jackpotlotteryonline.com\/tr\/kazanan-sayilar\/el-gordo-draw-results\/\" \/>\n<meta property=\"og:site_name\" content=\"Lotto Online - Crack The International Lottery Jackpots\" \/>\n<meta property=\"article:modified_time\" content=\"2022-12-28T13:04:01+00:00\" \/>\n<meta property=\"og:image\" content=\"https:\/\/jackpotlotteryonline.com\/wp-content\/uploads\/2022\/10\/lotto_euros.jpg\" \/>\n<meta name=\"twitter:card\" content=\"summary_large_image\" \/>\n<meta name=\"twitter:label1\" content=\"Tahmini okuma s\u00fcresi\" \/>\n\t<meta name=\"twitter:data1\" content=\"4 dakika\" \/>\n<!-- \/ Yoast SEO plugin. -->","yoast_head_json":{"title":"El Gordo kazanan numaralar ve \u00e7ekili\u015f sonu\u00e7lar\u0131","description":"Sonu\u00e7lar, El Gordo \u00e7ekili\u015fi i\u00e7in kazanan numaralar - bu haftan\u0131n yan\u0131 s\u0131ra ge\u00e7mi\u015f haftan\u0131n sonu\u00e7lar\u0131","robots":{"index":"index","follow":"follow","max-snippet":"max-snippet:-1","max-image-preview":"max-image-preview:large","max-video-preview":"max-video-preview:-1"},"canonical":"https:\/\/jackpotlotteryonline.com\/tr\/kazanan-sayilar\/el-gordo-draw-results\/","og_locale":"tr_TR","og_type":"article","og_title":"El Gordo kazanan numaralar ve \u00e7ekili\u015f sonu\u00e7lar\u0131","og_description":"Sonu\u00e7lar, El Gordo \u00e7ekili\u015fi i\u00e7in kazanan numaralar - bu haftan\u0131n yan\u0131 s\u0131ra ge\u00e7mi\u015f haftan\u0131n sonu\u00e7lar\u0131","og_url":"https:\/\/jackpotlotteryonline.com\/tr\/kazanan-sayilar\/el-gordo-draw-results\/","og_site_name":"Lotto Online - Crack The International Lottery Jackpots","article_modified_time":"2022-12-28T13:04:01+00:00","og_image":[{"url":"https:\/\/jackpotlotteryonline.com\/wp-content\/uploads\/2022\/10\/lotto_euros.jpg"}],"twitter_card":"summary_large_image","twitter_misc":{"Tahmini okuma s\u00fcresi":"4 dakika"},"schema":{"@context":"https:\/\/schema.org","@graph":[{"@type":"WebPage","@id":"https:\/\/jackpotlotteryonline.com\/tr\/kazanan-sayilar\/el-gordo-draw-results\/","url":"https:\/\/jackpotlotteryonline.com\/tr\/kazanan-sayilar\/el-gordo-draw-results\/","name":"El Gordo kazanan numaralar ve \u00e7ekili\u015f sonu\u00e7lar\u0131","isPartOf":{"@id":"https:\/\/jackpotlotteryonline.com\/#website"},"primaryImageOfPage":{"@id":"https:\/\/jackpotlotteryonline.com\/tr\/kazanan-sayilar\/el-gordo-draw-results\/#primaryimage"},"image":{"@id":"https:\/\/jackpotlotteryonline.com\/tr\/kazanan-sayilar\/el-gordo-draw-results\/#primaryimage"},"thumbnailUrl":"https:\/\/jackpotlotteryonline.com\/wp-content\/uploads\/2022\/10\/lotto_euros.jpg","datePublished":"2022-12-07T07:23:13+00:00","dateModified":"2022-12-28T13:04:01+00:00","description":"Sonu\u00e7lar, El Gordo \u00e7ekili\u015fi i\u00e7in kazanan numaralar - bu haftan\u0131n yan\u0131 s\u0131ra ge\u00e7mi\u015f haftan\u0131n sonu\u00e7lar\u0131","breadcrumb":{"@id":"https:\/\/jackpotlotteryonline.com\/tr\/kazanan-sayilar\/el-gordo-draw-results\/#breadcrumb"},"inLanguage":"tr","potentialAction":[{"@type":"ReadAction","target":["https:\/\/jackpotlotteryonline.com\/tr\/kazanan-sayilar\/el-gordo-draw-results\/"]}]},{"@type":"ImageObject","inLanguage":"tr","@id":"https:\/\/jackpotlotteryonline.com\/tr\/kazanan-sayilar\/el-gordo-draw-results\/#primaryimage","url":"https:\/\/jackpotlotteryonline.com\/wp-content\/uploads\/2022\/10\/lotto_euros.jpg","contentUrl":"https:\/\/jackpotlotteryonline.com\/wp-content\/uploads\/2022\/10\/lotto_euros.jpg"},{"@type":"BreadcrumbList","@id":"https:\/\/jackpotlotteryonline.com\/tr\/kazanan-sayilar\/el-gordo-draw-results\/#breadcrumb","itemListElement":[{"@type":"ListItem","position":1,"name":"Home","item":"https:\/\/jackpotlotteryonline.com\/tr\/"},{"@type":"ListItem","position":2,"name":"Piyango sonu\u00e7lar\u0131","item":"https:\/\/jackpotlotteryonline.com\/tr\/kazanan-sayilar\/"},{"@type":"ListItem","position":3,"name":"El Gordo kura sonu\u00e7lar\u0131"}]},{"@type":"WebSite","@id":"https:\/\/jackpotlotteryonline.com\/#website","url":"https:\/\/jackpotlotteryonline.com\/","name":"Lotto Online - Crack The International Lottery Jackpots","description":"","potentialAction":[{"@type":"SearchAction","target":{"@type":"EntryPoint","urlTemplate":"https:\/\/jackpotlotteryonline.com\/?s={search_term_string}"},"query-input":"required name=search_term_string"}],"inLanguage":"tr"}]}},"_links":{"self":[{"href":"https:\/\/jackpotlotteryonline.com\/tr\/wp-json\/wp\/v2\/pages\/40855","targetHints":{"allow":["GET"]}}],"collection":[{"href":"https:\/\/jackpotlotteryonline.com\/tr\/wp-json\/wp\/v2\/pages"}],"about":[{"href":"https:\/\/jackpotlotteryonline.com\/tr\/wp-json\/wp\/v2\/types\/page"}],"author":[{"embeddable":true,"href":"https:\/\/jackpotlotteryonline.com\/tr\/wp-json\/wp\/v2\/users\/1"}],"replies":[{"embeddable":true,"href":"https:\/\/jackpotlotteryonline.com\/tr\/wp-json\/wp\/v2\/comments?post=40855"}],"version-history":[{"count":0,"href":"https:\/\/jackpotlotteryonline.com\/tr\/wp-json\/wp\/v2\/pages\/40855\/revisions"}],"up":[{"embeddable":true,"href":"https:\/\/jackpotlotteryonline.com\/tr\/wp-json\/wp\/v2\/pages\/35860"}],"wp:attachment":[{"href":"https:\/\/jackpotlotteryonline.com\/tr\/wp-json\/wp\/v2\/media?parent=40855"}],"curies":[{"name":"wp","href":"https:\/\/api.w.org\/{rel}","templated":true}]}}