{"id":40909,"date":"2022-12-07T09:25:14","date_gmt":"2022-12-07T09:25:14","guid":{"rendered":"https:\/\/jackpotlotteryonline.com\/?page_id=40909"},"modified":"2022-12-28T18:58:37","modified_gmt":"2022-12-28T18:58:37","slug":"german-lotto","status":"publish","type":"page","link":"https:\/\/jackpotlotteryonline.com\/tr\/kazanan-sayilar\/german-lotto\/","title":{"rendered":"Alman Loto \u00e7ekili\u015f sonu\u00e7lar\u0131"},"content":{"rendered":"<p>Alman Loto \u00e7ekili\u015f sonu\u00e7lar\u0131<a href=\"https:\/\/jackpotlotteryonline.com\/tr\/nasil-oynanir\/german-lotto\">Alman Loto oynad\u0131ysan\u0131z<\/a> veya denemek istiyorsan\u0131z, kazanan numaralar\u0131 kontrol etmek \u00e7ok \u00f6nemlidir. Piyangoyu kazanmak hayat\u0131n\u0131z\u0131 de\u011fi\u015ftirecek bir deneyimdir.<\/p>\n<p>6 aus 49 veya 6 out of 49 olarak bilinen bu oyun, Avrupa&#8217;daki en pop\u00fcler piyangolardan biridir. \u0130nan\u0131lmaz oranlar ve hayat de\u011fi\u015ftiren ikramiye \u00f6d\u00fclleri ile bu Alman loto dokuz farkl\u0131 \u00f6d\u00fcl kademesine sahiptir.<\/p>\n<p>Oynamas\u0131 kolayd\u0131r ve art\u0131k d\u00fcnyan\u0131n her yerinden Alman lotosuna kat\u0131labilirsiniz. Ayr\u0131ca jackpotlottoonline.com&#8217;da oynad\u0131\u011f\u0131n\u0131zda kazanan numaralar\u0131n\u0131z\u0131 kontrol edebilirsiniz.<\/p>\n<h2>Alman lotosu nas\u0131l oynan\u0131r?<\/h2>\n<p><img loading=\"lazy\" decoding=\"async\" class=\"alignright size-medium wp-image-29156\" src=\"https:\/\/jackpotlotteryonline.com\/wp-content\/uploads\/2022\/11\/1_play_lotto_to_win-300x214.jpg\" alt=\"\u00d6d\u00fcller kazanmak i\u00e7in Alman lotosuna kat\u0131l\u0131n\" width=\"300\" height=\"214\" srcset=\"https:\/\/jackpotlotteryonline.com\/wp-content\/uploads\/2022\/11\/1_play_lotto_to_win-300x214.jpg 300w, https:\/\/jackpotlotteryonline.com\/wp-content\/uploads\/2022\/11\/1_play_lotto_to_win.jpg 320w\" sizes=\"auto, (max-width: 300px) 100vw, 300px\" \/>Temel olarak, oyuncular sadece 1 ila 49 aral\u0131\u011f\u0131ndan 6 say\u0131 se\u00e7mek zorundad\u0131r ve \u00e7ekilen sonu\u00e7larla e\u015fle\u015fen ki\u015fi ikramiyeyi kazan\u0131r. Ayr\u0131ca S\u00fcper Say\u0131 ad\u0131 verilen bir bonus rakam da vard\u0131r. Bu rastgele se\u00e7ilir ve ikramiye dahil \u00fc\u00e7 kademenin kazananlar\u0131n\u0131 belirlemek i\u00e7in kullan\u0131l\u0131r.<\/p>\n<p>B\u00fcy\u00fck ikramiye tutar\u0131 bir milyon Euro garantilidir, ancak \u00e7ekili\u015flerden sonra kazanan olmazsa, devredecektir. Alman loto ikramiyesi 14.000.000 \u20ac&#8217;ya kadar \u00e7\u0131kabilir, ki bizce bu olduk\u00e7a harika.<\/p>\n<h2>Jackpotlottoonline.com&#8217;da oynamak<\/h2>\n<p><a href=\"https:\/\/jackpotlotteryonline.com\/tr\/bilet-satin-al\/lotto-germany\">Bizden bir bilet<\/a> sat\u0131n ald\u0131\u011f\u0131n\u0131zda, asl\u0131nda lotoya kat\u0131lm\u0131\u015f olursunuz. Oyunculara sadece sonu\u00e7 \u00fczerine bahis yapma \u015fans\u0131 veren baz\u0131 \u00e7evrimi\u00e7i loto siteleri gibi \u00e7al\u0131\u015fm\u0131yoruz. Sonu\u00e7 \u00fczerine bahis oynarsan\u0131z, kazanan numaralar\u0131 alsan\u0131z bile loto kazanamazs\u0131n\u0131z.<\/p>\n<p>Biz, m\u00fc\u015fterilerimize d\u00fcnyan\u0131n d\u00f6rt bir yan\u0131ndan piyangolara kat\u0131lma f\u0131rsat\u0131 veren bir konsiyerj sitesiyiz. \u00c7evrimi\u00e7i bir Alman loto bileti sat\u0131n ald\u0131\u011f\u0131n\u0131zda, \u00fclkedeki acentelerimiz fiziksel bir bilet sat\u0131n alacakt\u0131r. Fiziksel Alman loto bileti, se\u00e7ti\u011finiz numaralarla ayn\u0131 numaralara sahip olacakt\u0131r. Daha sonra bunu hesab\u0131n\u0131za tarayaca\u011f\u0131z.<\/p>\n<p><strong>Bizimle loto oynamak i\u00e7in:<\/strong><\/p>\n<ul>\n<li>49 say\u0131 aras\u0131ndan 6 say\u0131 se\u00e7in. Rastgele loto say\u0131lar\u0131 se\u00e7mek i\u00e7in otomatik jenerat\u00f6r\u00fcm\u00fcz\u00fc de kullanabilirsiniz<\/li>\n<li>\u00c7ekili\u015fleri girin. Tekli veya \u00e7oklu \u00e7ekili\u015flere girebilirsiniz.<\/li>\n<li>Ka\u00e7 hafta \u00f6nceden oynamak istedi\u011finizi se\u00e7in (veya yaln\u0131zca bir kez oynayabilirsiniz).<\/li>\n<li>\u00d6demenizi i\u015fleme koymak i\u00e7in kaydolun (bu, loto kazand\u0131\u011f\u0131n\u0131zda sizi uyarabilmemiz i\u00e7indir).<\/li>\n<\/ul>\n<h2>Alman lotosunu kazanmak (\u00f6d\u00fcl da\u011f\u0131l\u0131m\u0131)<\/h2>\n<p><img loading=\"lazy\" decoding=\"async\" class=\"alignright size-medium wp-image-28616\" src=\"https:\/\/jackpotlotteryonline.com\/wp-content\/uploads\/2022\/11\/1_online_lotto-300x128.jpg\" alt=\"Alman lotosunu oynay\u0131n\" width=\"300\" height=\"128\" srcset=\"https:\/\/jackpotlotteryonline.com\/wp-content\/uploads\/2022\/11\/1_online_lotto-300x128.jpg 300w, https:\/\/jackpotlotteryonline.com\/wp-content\/uploads\/2022\/11\/1_online_lotto.jpg 320w\" sizes=\"auto, (max-width: 300px) 100vw, 300px\" \/>Bu Avrupa lotosunun 9 farkl\u0131 \u00f6d\u00fcl kademesine sahip oldu\u011fundan daha \u00f6nce bahsetmi\u015ftik. Bu, bir oyuncunun kazanabilece\u011fi \u00e7ok say\u0131da \u00f6d\u00fcl demektir ve bu da bu loto&#8217;nun k\u0131tada neden bu kadar pop\u00fcler oldu\u011funu a\u00e7\u0131klamaktad\u0131r. B\u00fcy\u00fck ikramiyeyi kazanma olas\u0131l\u0131\u011f\u0131 139,838,160&#8217;da 1&#8217;dir.<\/p>\n<p>Farkl\u0131 \u00f6d\u00fcl kademeleri i\u00e7in \u00f6d\u00fcl da\u011f\u0131l\u0131m\u0131n\u0131 ve her kademe i\u00e7in oranlar\u0131 payla\u015faca\u011f\u0131z. Ayr\u0131ca, her b\u00f6l\u00fcm i\u00e7in tahmini \u00f6d\u00fcl\u00fc de ekleyece\u011fiz. \u00d6d\u00fcller genel loto havuzuna g\u00f6re belirlenir, ancak ge\u00e7mi\u015f kazan\u00e7lara dayanarak yakla\u015f\u0131k bir rakam elde etmek m\u00fcmk\u00fcnd\u00fcr.<\/p>\n<p>Kademe 1: 6 + S\u00fcper Say\u0131 &#8211; 12.585.434,40 \u20ac (ikramiye) &#8211; 1:139.838.160<\/p>\n<p>Kademe 2: Yaln\u0131zca 6 rakam &#8211; 1.003.509,30 \u20ac &#8211; 1: 15.537.573<\/p>\n<p>Kademe 3: 5 + S\u00fcper Say\u0131 &#8211; 12,135.40 \u20ac &#8211; 1:524,008<\/p>\n<p>Kademe 4: Sadece 5 rakam &#8211; 4,019.20 \u20ac &#8211; 1:60,223<\/p>\n<p>Kademe 5: 4 + S\u00fcper Numara &#8211; 191,10 \u20ac &#8211; 1:10,324<\/p>\n<p>Kademe 6: Sadece 4 fig\u00fcr &#8211; 50,30 \u20ac &#8211; 1:1,147<\/p>\n<p>Kademe 7: 3 + S\u00fcper Numara &#8211; 21,20 \u20ac &#8211; 1:567<\/p>\n<p>Kademe 8: Sadece 3 fig\u00fcr &#8211; 11,10 \u20ac &#8211; 1:63<\/p>\n<p>Kademe 9: 2 + S\u00fcper Say\u0131 &#8211; \u20ac6 &#8211; 1:76<\/p>\n<section class=\"layout\" style=\"border: solid 1px; width: 100%;\">\n<div class=\"img-div\" style=\"margin-top: 5px;\"><img decoding=\"async\" class=\"wp-image-17212 alignleft\" style=\"height: 45px; margin: 8px 8px 0px;\" src=\"https:\/\/jackpotlotteryonline.com\/wp-content\/uploads\/2022\/11\/read1.jpg\" alt=\"okuyun\" width=\"\" height=\"\" \/><\/div>\n<div style=\"padding-left: 5px;\">\n<div style=\"font-size: 1.1em;\">\n<p><strong>Uluslararas\u0131 kar\u015f\u0131la\u015ft\u0131rmada milli piyangonuz<\/strong><\/p>\n<p style=\"font-size: 0.85em; margin-top: -1.5em;\">Yerel piyangonuz en k\u00f6t\u00fc se\u00e7ene\u011finiz olabilir &#8211; neden daha fazla \u00f6deyip daha b\u00fcy\u00fck ikramiyelere y\u00f6nelmek daha mant\u0131kl\u0131?\u00a0<a href=\"https:\/\/jackpotlotteryonline.com\/tr\/uluslararasi-karsilastirmada-ulusal-potonuz\"> daha fazla oku<\/a><\/p>\n<\/div>\n<\/div>\n<\/section>\n<h2>Kazanan numaralar\u0131n\u0131z\u0131 \u00e7evrimi\u00e7i kontrol edin<\/h2>\n<p>Alman lotosunu oynamak inan\u0131lmaz derecede basit oldu\u011fu gibi, sonu\u00e7lar\u0131 kontrol etme s\u00fcrecini de basitle\u015ftirdik. Bu lotoyu oynuyorsan\u0131z, kazanan numaralar\u0131n\u0131z\u0131 \u00e7evrimi\u00e7i olarak kolayca kontrol edebilirsiniz. \u00d6d\u00fcl kazan\u0131p kazanmad\u0131\u011f\u0131n\u0131z\u0131 g\u00f6rmek i\u00e7in her \u00e7ekili\u015ften sonra tekrar kontrol edin. \u00c7ekili\u015f sonu\u00e7lar\u0131n\u0131 burada yay\u0131nl\u0131yoruz.<\/p>\n<p>Ancak, \u00e7ekili\u015flerden sonra kontrol etmeyi unutsan\u0131z bile, herhangi bir \u00f6d\u00fcl kazan\u0131p kazanmad\u0131\u011f\u0131n\u0131z\u0131 size bildirece\u011fiz. Sizi sadece hesab\u0131n\u0131z \u00fczerinden uyarmakla kalmayacak, ayn\u0131 zamanda size bir e-posta da g\u00f6nderece\u011fiz.<\/p>\n<h2>\u00d6d\u00fcl\u00fcn\u00fcz\u00fc nas\u0131l talep edebilirsiniz?<\/h2>\n<p>Alman loto \u00e7ekili\u015fleri haftada bir kez \u00c7ar\u015famba g\u00fcnleri yap\u0131l\u0131r. \u00c7ekili\u015flerden sonra kazanan numaralar a\u00e7\u0131klan\u0131r. Piyangoyu kazanmak sadece \u00e7ekilen sonu\u00e7larla e\u015fle\u015fen bir bilete sahip oldu\u011funuz anlam\u0131na gelir.<\/p>\n<p>Bir \u00f6d\u00fcl kazan\u0131rsan\u0131z, platformumuzdan hesab\u0131n\u0131za \u00e7ekerek \u00f6d\u00fcl\u00fcn\u00fcz\u00fc kolayca talep edebilirsiniz. Bu do\u011fru. 2,500\u20ac&#8217;dan az olan t\u00fcm \u00f6d\u00fcller do\u011frudan hesab\u0131n\u0131za \u00e7ekilebilir.<\/p>\n<p>2,500\u20ac&#8217;dan fazla olan tutarlar i\u00e7in loto \u015firketinden bir talep formu doldurman\u0131z gerekebilir. Ancak s\u00fcre\u00e7 boyunca size rehberlik edece\u011fiz. E\u011fer Alman loto biletinizi hen\u00fcz almad\u0131ysan\u0131z, hemen \u015fimdi al\u0131n. Ve kazanan numaralar\u0131 kontrol etmeyi unutmay\u0131n.<\/p>\n","protected":false},"excerpt":{"rendered":"<p>Alman Loto \u00e7ekili\u015f sonu\u00e7lar\u0131Alman Loto oynad\u0131ysan\u0131z veya denemek istiyorsan\u0131z, kazanan numaralar\u0131 kontrol etmek \u00e7ok \u00f6nemlidir. Piyangoyu kazanmak hayat\u0131n\u0131z\u0131 de\u011fi\u015ftirecek bir deneyimdir. 6 aus 49 veya 6 out of 49 olarak bilinen bu oyun, Avrupa&#8217;daki en pop\u00fcler piyangolardan biridir. \u0130nan\u0131lmaz oranlar ve hayat de\u011fi\u015ftiren ikramiye \u00f6d\u00fclleri ile bu Alman loto dokuz farkl\u0131 \u00f6d\u00fcl kademesine sahiptir. Oynamas\u0131 [&hellip;]<\/p>\n","protected":false},"author":1,"featured_media":0,"parent":35860,"menu_order":8,"comment_status":"closed","ping_status":"closed","template":"lotto-german-results.php","meta":{"_et_pb_use_builder":"","_et_pb_old_content":"","_et_gb_content_width":"","exclude_from_search":false,"footnotes":""},"class_list":["post-40909","page","type-page","status-publish","hentry"],"yoast_head":"<!-- This site is optimized with the Yoast SEO plugin v23.3 - https:\/\/yoast.com\/wordpress\/plugins\/seo\/ -->\n<title>Alman Loto kazanan numaralar ve \u00e7ekili\u015f sonu\u00e7lar\u0131<\/title>\n<meta name=\"description\" content=\"Burada t\u00fcm mevcut ve ge\u00e7mi\u015f kazanan numaralar\u0131, Almanya loto \u00e7ekili\u015f sonu\u00e7lar\u0131n\u0131 listeleyin\" \/>\n<meta name=\"robots\" content=\"index, follow, max-snippet:-1, max-image-preview:large, max-video-preview:-1\" \/>\n<link rel=\"canonical\" href=\"https:\/\/jackpotlotteryonline.com\/tr\/kazanan-sayilar\/german-lotto\/\" \/>\n<meta property=\"og:locale\" content=\"tr_TR\" \/>\n<meta property=\"og:type\" content=\"article\" \/>\n<meta property=\"og:title\" content=\"Alman Loto kazanan numaralar ve \u00e7ekili\u015f sonu\u00e7lar\u0131\" \/>\n<meta property=\"og:description\" content=\"Burada t\u00fcm mevcut ve ge\u00e7mi\u015f kazanan numaralar\u0131, Almanya loto \u00e7ekili\u015f sonu\u00e7lar\u0131n\u0131 listeleyin\" \/>\n<meta property=\"og:url\" content=\"https:\/\/jackpotlotteryonline.com\/tr\/kazanan-sayilar\/german-lotto\/\" \/>\n<meta property=\"og:site_name\" content=\"Lotto Online - Crack The International Lottery Jackpots\" \/>\n<meta property=\"article:modified_time\" content=\"2022-12-28T18:58:37+00:00\" \/>\n<meta property=\"og:image\" content=\"https:\/\/jackpotlotteryonline.com\/wp-content\/uploads\/2022\/11\/1_play_lotto_to_win-300x214.jpg\" \/>\n<meta name=\"twitter:card\" content=\"summary_large_image\" \/>\n<meta name=\"twitter:label1\" content=\"Tahmini okuma s\u00fcresi\" \/>\n\t<meta name=\"twitter:data1\" content=\"4 dakika\" \/>\n<!-- \/ Yoast SEO plugin. -->","yoast_head_json":{"title":"Alman Loto kazanan numaralar ve \u00e7ekili\u015f sonu\u00e7lar\u0131","description":"Burada t\u00fcm mevcut ve ge\u00e7mi\u015f kazanan numaralar\u0131, Almanya loto \u00e7ekili\u015f sonu\u00e7lar\u0131n\u0131 listeleyin","robots":{"index":"index","follow":"follow","max-snippet":"max-snippet:-1","max-image-preview":"max-image-preview:large","max-video-preview":"max-video-preview:-1"},"canonical":"https:\/\/jackpotlotteryonline.com\/tr\/kazanan-sayilar\/german-lotto\/","og_locale":"tr_TR","og_type":"article","og_title":"Alman Loto kazanan numaralar ve \u00e7ekili\u015f sonu\u00e7lar\u0131","og_description":"Burada t\u00fcm mevcut ve ge\u00e7mi\u015f kazanan numaralar\u0131, Almanya loto \u00e7ekili\u015f sonu\u00e7lar\u0131n\u0131 listeleyin","og_url":"https:\/\/jackpotlotteryonline.com\/tr\/kazanan-sayilar\/german-lotto\/","og_site_name":"Lotto Online - Crack The International Lottery Jackpots","article_modified_time":"2022-12-28T18:58:37+00:00","og_image":[{"url":"https:\/\/jackpotlotteryonline.com\/wp-content\/uploads\/2022\/11\/1_play_lotto_to_win-300x214.jpg"}],"twitter_card":"summary_large_image","twitter_misc":{"Tahmini okuma s\u00fcresi":"4 dakika"},"schema":{"@context":"https:\/\/schema.org","@graph":[{"@type":"WebPage","@id":"https:\/\/jackpotlotteryonline.com\/tr\/kazanan-sayilar\/german-lotto\/","url":"https:\/\/jackpotlotteryonline.com\/tr\/kazanan-sayilar\/german-lotto\/","name":"Alman Loto kazanan numaralar ve \u00e7ekili\u015f sonu\u00e7lar\u0131","isPartOf":{"@id":"https:\/\/jackpotlotteryonline.com\/#website"},"primaryImageOfPage":{"@id":"https:\/\/jackpotlotteryonline.com\/tr\/kazanan-sayilar\/german-lotto\/#primaryimage"},"image":{"@id":"https:\/\/jackpotlotteryonline.com\/tr\/kazanan-sayilar\/german-lotto\/#primaryimage"},"thumbnailUrl":"https:\/\/jackpotlotteryonline.com\/wp-content\/uploads\/2022\/11\/1_play_lotto_to_win-300x214.jpg","datePublished":"2022-12-07T09:25:14+00:00","dateModified":"2022-12-28T18:58:37+00:00","description":"Burada t\u00fcm mevcut ve ge\u00e7mi\u015f kazanan numaralar\u0131, Almanya loto \u00e7ekili\u015f sonu\u00e7lar\u0131n\u0131 listeleyin","breadcrumb":{"@id":"https:\/\/jackpotlotteryonline.com\/tr\/kazanan-sayilar\/german-lotto\/#breadcrumb"},"inLanguage":"tr","potentialAction":[{"@type":"ReadAction","target":["https:\/\/jackpotlotteryonline.com\/tr\/kazanan-sayilar\/german-lotto\/"]}]},{"@type":"ImageObject","inLanguage":"tr","@id":"https:\/\/jackpotlotteryonline.com\/tr\/kazanan-sayilar\/german-lotto\/#primaryimage","url":"https:\/\/jackpotlotteryonline.com\/wp-content\/uploads\/2022\/11\/1_play_lotto_to_win-300x214.jpg","contentUrl":"https:\/\/jackpotlotteryonline.com\/wp-content\/uploads\/2022\/11\/1_play_lotto_to_win-300x214.jpg"},{"@type":"BreadcrumbList","@id":"https:\/\/jackpotlotteryonline.com\/tr\/kazanan-sayilar\/german-lotto\/#breadcrumb","itemListElement":[{"@type":"ListItem","position":1,"name":"Home","item":"https:\/\/jackpotlotteryonline.com\/tr\/"},{"@type":"ListItem","position":2,"name":"Piyango sonu\u00e7lar\u0131","item":"https:\/\/jackpotlotteryonline.com\/tr\/kazanan-sayilar\/"},{"@type":"ListItem","position":3,"name":"Alman Loto \u00e7ekili\u015f sonu\u00e7lar\u0131"}]},{"@type":"WebSite","@id":"https:\/\/jackpotlotteryonline.com\/#website","url":"https:\/\/jackpotlotteryonline.com\/","name":"Lotto Online - Crack The International Lottery Jackpots","description":"","potentialAction":[{"@type":"SearchAction","target":{"@type":"EntryPoint","urlTemplate":"https:\/\/jackpotlotteryonline.com\/?s={search_term_string}"},"query-input":"required name=search_term_string"}],"inLanguage":"tr"}]}},"_links":{"self":[{"href":"https:\/\/jackpotlotteryonline.com\/tr\/wp-json\/wp\/v2\/pages\/40909","targetHints":{"allow":["GET"]}}],"collection":[{"href":"https:\/\/jackpotlotteryonline.com\/tr\/wp-json\/wp\/v2\/pages"}],"about":[{"href":"https:\/\/jackpotlotteryonline.com\/tr\/wp-json\/wp\/v2\/types\/page"}],"author":[{"embeddable":true,"href":"https:\/\/jackpotlotteryonline.com\/tr\/wp-json\/wp\/v2\/users\/1"}],"replies":[{"embeddable":true,"href":"https:\/\/jackpotlotteryonline.com\/tr\/wp-json\/wp\/v2\/comments?post=40909"}],"version-history":[{"count":0,"href":"https:\/\/jackpotlotteryonline.com\/tr\/wp-json\/wp\/v2\/pages\/40909\/revisions"}],"up":[{"embeddable":true,"href":"https:\/\/jackpotlotteryonline.com\/tr\/wp-json\/wp\/v2\/pages\/35860"}],"wp:attachment":[{"href":"https:\/\/jackpotlotteryonline.com\/tr\/wp-json\/wp\/v2\/media?parent=40909"}],"curies":[{"name":"wp","href":"https:\/\/api.w.org\/{rel}","templated":true}]}}