{"id":40963,"date":"2022-12-07T11:04:19","date_gmt":"2022-12-07T11:04:19","guid":{"rendered":"https:\/\/jackpotlotteryonline.com\/?page_id=40963"},"modified":"2022-12-28T21:39:48","modified_gmt":"2022-12-28T21:39:48","slug":"france-lotto-2","status":"publish","type":"page","link":"https:\/\/jackpotlotteryonline.com\/tr\/kazanan-sayilar\/france-lotto-2\/","title":{"rendered":"Fransa Loto \u00e7ekili\u015f sonu\u00e7lar\u0131"},"content":{"rendered":"<p>Fransa Loto&#8217;su haftada \u00fc\u00e7 kez kazananlar \u00e7\u0131karan bir Avrupa loto&#8217;sudur. 1976&#8217;da ba\u015flat\u0131lm\u0131\u015ft\u0131r ve \u00e7ekili\u015f g\u00fcnleri Pazartesi, \u00c7ar\u015famba ve Cumartesi g\u00fcnleridir. Fransa Loto kazanan numaralar\u0131 bu g\u00fcnlerde a\u00e7\u0131klan\u0131r. D\u00fcnyan\u0131n her yerinden kazananlar, biletlerini \u00e7evrimi\u00e7i sat\u0131n alarak Fransa Loto&#8217;suna kat\u0131labilirler.<\/p>\n<h2>Kazanan numaralar\u0131 neden kontrol etmelisiniz?<\/h2>\n<p>Genellikle Fransa Loto \u015firketi bilet getirenlerin kimliklerini bilmemektedir. Dolay\u0131s\u0131yla, loto kazanan biletlerle ileti\u015fim kurman\u0131n bir yolu yoktur. Bu nedenle, kazan\u0131p kazanmad\u0131\u011f\u0131n\u0131z\u0131 \u00f6\u011frenmek i\u00e7in biletinizi \u00e7ekilen numaralarla s\u00fcrekli kontrol etmeniz gerekir.<\/p>\n<p>Ayr\u0131ca, Fransa Loto&#8217;sunun 10 \u00f6d\u00fcl b\u00f6l\u00fcm\u00fc vard\u0131r. Bir oyuncu b\u00fcy\u00fck ikramiyeyi kazanmam\u0131\u015f olabilir, ancak di\u011fer \u00f6d\u00fclleri kazanm\u0131\u015f olabilir.<\/p>\n<h2>Fransa Loto kazanma sonu\u00e7lar\u0131n\u0131 kontrol etme yollar\u0131<\/h2>\n<p><img loading=\"lazy\" decoding=\"async\" class=\"alignright wp-image-31748\" src=\"http:\/\/jackpotlotteryonline.com\/wp-content\/uploads\/2022\/11\/rf_results_page-300x225.jpg\" alt=\"Fransa Loto kazanan sonu\u00e7lar\u0131\" width=\"244\" height=\"183\" srcset=\"https:\/\/jackpotlotteryonline.com\/wp-content\/uploads\/2022\/11\/rf_results_page-300x225.jpg 300w, https:\/\/jackpotlotteryonline.com\/wp-content\/uploads\/2022\/11\/rf_results_page-600x449.jpg 600w, https:\/\/jackpotlotteryonline.com\/wp-content\/uploads\/2022\/11\/rf_results_page-768x575.jpg 768w, https:\/\/jackpotlotteryonline.com\/wp-content\/uploads\/2022\/11\/rf_results_page.jpg 801w\" sizes=\"auto, (max-width: 244px) 100vw, 244px\" \/>Fransa loto \u00e7ekili\u015f sonu\u00e7lar\u0131n\u0131 kontrol etmenin birka\u00e7 yolu vard\u0131r. Bu, ikramiye i\u00e7in kazanan bileti bulmak i\u00e7in \u00e7ok \u00f6nemlidir. Kazanan\u0131n, \u00e7ekilen rakamlarla e\u015fle\u015fen ki\u015fi oldu\u011funu unutmay\u0131n. Fransa Loto&#8217;suna bilet al\u0131rsan\u0131z, \u00e7ekili\u015f sonu\u00e7lar\u0131n\u0131 a\u015fa\u011f\u0131daki yollardan herhangi biriyle kontrol edebilirsiniz:<\/p>\n<h3>Canl\u0131 TV \u00e7ekili\u015fini izleyin<\/h3>\n<p>Bu ger\u00e7ekten olduk\u00e7a heyecan vericidir \u00e7\u00fcnk\u00fc say\u0131lar s\u00f6ylenir ve kazan\u0131p kazanmad\u0131\u011f\u0131n\u0131z\u0131 hemen \u00f6\u011frenebilirsiniz. Bununla ilgili sorun, Fransa loto canl\u0131 \u00e7ekili\u015flerini izlemek i\u00e7in Fransa&#8217;da ya\u015f\u0131yor olman\u0131z gerekti\u011fidir.<\/p>\n<section class=\"layout\" style=\"border: solid 1px; width: 100%;\">\n<div class=\"img-div\" style=\"margin-top: 5px;\"><img decoding=\"async\" class=\"wp-image-17212 alignleft\" style=\"height: 45px; margin: 8px 8px 0px;\" src=\"http:\/\/jackpotlotteryonline.com\/wp-content\/uploads\/2022\/11\/read1.jpg\" alt=\"okuyun\" width=\"\" height=\"\" \/><\/div>\n<div style=\"padding-left: 5px;\">\n<div style=\"font-size: 1.1em;\">\n<p><strong>D\u00fcnyan\u0131n en b\u00fcy\u00fck piyango ikramiyeleri i\u00e7in \u00e7ekili\u015f zamanlar\u0131n\u0131 ka\u00e7\u0131rmay\u0131n<\/strong><\/p>\n<p style=\"font-size: 0.85em; margin-top: -1.5em;\">Uluslararas\u0131 Piyangolar i\u00e7in \u00c7ekili\u015f Zamanlar\u0131n\u0131n bir listesi\u00a0 <a href=\"https:\/\/jackpotlotteryonline.com\/tr\/uluslararasi-pi\u0307yango-ceki\u0307li\u0307s-saatleri\u0307-ne-zaman\">daha fazla oku<\/a><\/p>\n<\/div>\n<\/div>\n<\/section>\n<h3>Haber sitelerini ziyaret edin<\/h3>\n<p>\u00c7ekili\u015f sonu\u00e7lar\u0131n\u0131 kontrol etmenin bir ba\u015fka yolu da haber sitelerini kontrol etmektir. \u00c7e\u015fitli haber siteleri kazanan kombinasyonlar\u0131 sayfalar\u0131nda yay\u0131nlamaktad\u0131r. Bu \u00f6zellikle Avrupa haber siteleri i\u00e7in ge\u00e7erlidir. E\u011fer b\u00fcy\u00fck ikramiyeyi kazan\u0131rsan\u0131z, bu harika bir se\u00e7enektir. Bununla birlikte, bir oyuncunun kazanabilece\u011fi ba\u015fka \u00f6d\u00fcl b\u00f6l\u00fcmleri de vard\u0131r. Ne yaz\u0131k ki, bu siteler genellikle bu b\u00f6l\u00fcmler i\u00e7in kazanan kombinasyonlar\u0131 yay\u0131nlamazlar. Dolay\u0131s\u0131yla, \u00f6rne\u011fin ikinci kademe bir \u00f6d\u00fcl kazan\u0131rsan\u0131z, bunu ka\u00e7\u0131rabilirsiniz.<\/p>\n<h3>Kontrol jackpotlotteryonline.com<\/h3>\n<p>Bize kay\u0131t oldu\u011funuzda, Fransa Loto&#8217;su i\u00e7in kazanan numaralar\u0131 kolayca kontrol edebilirsiniz. Her \u00e7ekili\u015ften sonra sonu\u00e7lar\u0131 burada, sayfam\u0131zda yay\u0131nl\u0131yoruz. Ayr\u0131ca, herhangi bir \u00f6d\u00fcl kazan\u0131rsan\u0131z, kazand\u0131\u011f\u0131n\u0131z \u00f6d\u00fcl b\u00f6l\u00fcm\u00fcne bak\u0131lmaks\u0131z\u0131n sizi hemen bilgilendirece\u011fiz. Ayr\u0131ca, loto kazanc\u0131n\u0131z\u0131 do\u011frudan sitemizden hesab\u0131n\u0131za \u00e7ekebilirsiniz.<\/p>\n<h2>Online oynaman\u0131n faydalar\u0131<\/h2>\n<p>\u00c7ekili\u015f sonu\u00e7lar\u0131n\u0131 rahat\u00e7a kontrol edebilmek, <a href=\"https:\/\/jackpotlotteryonline.com\/tr\/nasil-oynanir\/france-lotto\">\u00e7evrimi\u00e7i loto oynaman\u0131n<\/a> faydalar\u0131ndan sadece bir tanesidir. Ancak, bunun b\u00fcy\u00fck bir fayda oldu\u011funu kabul etmeliyiz. \u0130\u015fte k\u0131saca baz\u0131 faydalar:<\/p>\n<ul>\n<li>En iyi uluslararas\u0131 piyangolara her yerden eri\u015fim<\/li>\n<li>Bilgisayar\u0131n\u0131zdan veya mobil cihaz\u0131n\u0131zdan oynaman\u0131n rahatl\u0131\u011f\u0131<\/li>\n<li>Birka\u00e7 \u00e7ekili\u015fi \u00f6nceden kolayca planlay\u0131n<\/li>\n<li>\u00c7ekili\u015f sonu\u00e7lar\u0131n\u0131 rahat\u00e7a kontrol edin<\/li>\n<li>Kazanc\u0131n\u0131z\u0131 do\u011frudan hesab\u0131n\u0131za \u00e7ekin<\/li>\n<\/ul>\n<h2>Fransa Loto kazanan kombinasyonlar<\/h2>\n<p>Fransa loto biletiniz i\u00e7in do\u011fru kombinasyonu se\u00e7mek olduk\u00e7a zor olabilir. Bir\u00e7ok oyuncunun piyangoyu kazanma \u015fanslar\u0131n\u0131 art\u0131rmak i\u00e7in kulland\u0131klar\u0131 farkl\u0131 ipu\u00e7lar\u0131 vard\u0131r. Size s\u00f6yleyebilece\u011fimiz \u015fey, piyangoyu kazanman\u0131n garantili bir y\u00f6ntemi olmad\u0131\u011f\u0131d\u0131r. Bu bir \u015fans meselesidir. Ancak, oyuncular\u0131n kazanan rakamlar\u0131n\u0131 se\u00e7mek i\u00e7in kulland\u0131klar\u0131 baz\u0131 stratejileri payla\u015fabiliriz.<\/p>\n<p>Baz\u0131 oyuncular, d\u00fczenli olarak veya nadiren ortaya \u00e7\u0131kan say\u0131lar\u0131 bulmak i\u00e7in ge\u00e7mi\u015f kazanan kombinasyonlar\u0131 g\u00f6zden ge\u00e7irmeyi sever. Bir model belirleyebilir ve bunu piyango oynamak i\u00e7in bir strateji olu\u015fturmak i\u00e7in kullanabilirler. \u0130\u015fe yaray\u0131p yaramad\u0131\u011f\u0131n\u0131 s\u00f6ylemek zordur.<\/p>\n<p>Di\u011fer oyuncular birden fazla bilet sat\u0131n alarak ve birden fazla \u00e7ekili\u015fe kat\u0131larak s\u0131k s\u0131k oynamay\u0131 tercih eder. Bunun arkas\u0131ndaki mant\u0131k, piyangoyu ne kadar \u00e7ok oynarsan\u0131z, kazanma \u015fans\u0131n\u0131z\u0131n o kadar y\u00fcksek olmas\u0131d\u0131r. \u0130lgin\u00e7 bir \u015fekilde, kazananlar\u0131n \u00e7o\u011fu piyangoyu kazanmadan \u00f6nce y\u0131llarca oynam\u0131\u015ft\u0131r. Ancak, ilk kez oynad\u0131klar\u0131nda kazananlar da var.<\/p>\n<h2>Sonu\u00e7<\/h2>\n<p>Sonu\u00e7 olarak, Fransa loto bir \u015fans oyunudur. <a href=\"https:\/\/jackpotlotteryonline.com\/tr\/bilet-satin-al\/lotto-france\">Fransa loto biletlerinizi sat\u0131n<\/a> alabilir ve kazanan kombinasyonlar\u0131 jackpotlotteryonline.com adresinden kontrol edebilirsiniz.<\/p>\n","protected":false},"excerpt":{"rendered":"<p>Fransa Loto&#8217;su haftada \u00fc\u00e7 kez kazananlar \u00e7\u0131karan bir Avrupa loto&#8217;sudur. 1976&#8217;da ba\u015flat\u0131lm\u0131\u015ft\u0131r ve \u00e7ekili\u015f g\u00fcnleri Pazartesi, \u00c7ar\u015famba ve Cumartesi g\u00fcnleridir. Fransa Loto kazanan numaralar\u0131 bu g\u00fcnlerde a\u00e7\u0131klan\u0131r. D\u00fcnyan\u0131n her yerinden kazananlar, biletlerini \u00e7evrimi\u00e7i sat\u0131n alarak Fransa Loto&#8217;suna kat\u0131labilirler. Kazanan numaralar\u0131 neden kontrol etmelisiniz? Genellikle Fransa Loto \u015firketi bilet getirenlerin kimliklerini bilmemektedir. Dolay\u0131s\u0131yla, loto kazanan biletlerle [&hellip;]<\/p>\n","protected":false},"author":1,"featured_media":0,"parent":35860,"menu_order":9,"comment_status":"closed","ping_status":"closed","template":"lotto-fr-results.php","meta":{"_et_pb_use_builder":"","_et_pb_old_content":"","_et_gb_content_width":"","exclude_from_search":false,"footnotes":""},"class_list":["post-40963","page","type-page","status-publish","hentry"],"yoast_head":"<!-- This site is optimized with the Yoast SEO plugin v23.3 - https:\/\/yoast.com\/wordpress\/plugins\/seo\/ -->\n<title>Fransa Loto kazanan numaralar ve \u00e7ekili\u015f sonu\u00e7lar\u0131<\/title>\n<meta name=\"description\" content=\"Frans\u0131z lotosunun kazanan numaralar\u0131n\u0131 ve \u00e7ekili\u015f sonu\u00e7lar\u0131n\u0131 \u00f6\u011frenmek ister misiniz? Fransa Loto sonu\u00e7lar\u0131 sayfam\u0131z\u0131 ve ar\u015fivimizi kontrol edin\" \/>\n<meta name=\"robots\" content=\"index, follow, max-snippet:-1, max-image-preview:large, max-video-preview:-1\" \/>\n<link rel=\"canonical\" href=\"https:\/\/jackpotlotteryonline.com\/tr\/kazanan-sayilar\/france-lotto-2\/\" \/>\n<meta property=\"og:locale\" content=\"tr_TR\" \/>\n<meta property=\"og:type\" content=\"article\" \/>\n<meta property=\"og:title\" content=\"Fransa Loto kazanan numaralar ve \u00e7ekili\u015f sonu\u00e7lar\u0131\" \/>\n<meta property=\"og:description\" content=\"Frans\u0131z lotosunun kazanan numaralar\u0131n\u0131 ve \u00e7ekili\u015f sonu\u00e7lar\u0131n\u0131 \u00f6\u011frenmek ister misiniz? Fransa Loto sonu\u00e7lar\u0131 sayfam\u0131z\u0131 ve ar\u015fivimizi kontrol edin\" \/>\n<meta property=\"og:url\" content=\"https:\/\/jackpotlotteryonline.com\/tr\/kazanan-sayilar\/france-lotto-2\/\" \/>\n<meta property=\"og:site_name\" content=\"Lotto Online - Crack The International Lottery Jackpots\" \/>\n<meta property=\"article:modified_time\" content=\"2022-12-28T21:39:48+00:00\" \/>\n<meta property=\"og:image\" content=\"http:\/\/jackpotlotteryonline.com\/wp-content\/uploads\/2022\/11\/rf_results_page-300x225.jpg\" \/>\n<meta name=\"twitter:card\" content=\"summary_large_image\" \/>\n<meta name=\"twitter:label1\" content=\"Tahmini okuma s\u00fcresi\" \/>\n\t<meta name=\"twitter:data1\" content=\"3 dakika\" \/>\n<!-- \/ Yoast SEO plugin. -->","yoast_head_json":{"title":"Fransa Loto kazanan numaralar ve \u00e7ekili\u015f sonu\u00e7lar\u0131","description":"Frans\u0131z lotosunun kazanan numaralar\u0131n\u0131 ve \u00e7ekili\u015f sonu\u00e7lar\u0131n\u0131 \u00f6\u011frenmek ister misiniz? Fransa Loto sonu\u00e7lar\u0131 sayfam\u0131z\u0131 ve ar\u015fivimizi kontrol edin","robots":{"index":"index","follow":"follow","max-snippet":"max-snippet:-1","max-image-preview":"max-image-preview:large","max-video-preview":"max-video-preview:-1"},"canonical":"https:\/\/jackpotlotteryonline.com\/tr\/kazanan-sayilar\/france-lotto-2\/","og_locale":"tr_TR","og_type":"article","og_title":"Fransa Loto kazanan numaralar ve \u00e7ekili\u015f sonu\u00e7lar\u0131","og_description":"Frans\u0131z lotosunun kazanan numaralar\u0131n\u0131 ve \u00e7ekili\u015f sonu\u00e7lar\u0131n\u0131 \u00f6\u011frenmek ister misiniz? Fransa Loto sonu\u00e7lar\u0131 sayfam\u0131z\u0131 ve ar\u015fivimizi kontrol edin","og_url":"https:\/\/jackpotlotteryonline.com\/tr\/kazanan-sayilar\/france-lotto-2\/","og_site_name":"Lotto Online - Crack The International Lottery Jackpots","article_modified_time":"2022-12-28T21:39:48+00:00","og_image":[{"url":"http:\/\/jackpotlotteryonline.com\/wp-content\/uploads\/2022\/11\/rf_results_page-300x225.jpg"}],"twitter_card":"summary_large_image","twitter_misc":{"Tahmini okuma s\u00fcresi":"3 dakika"},"schema":{"@context":"https:\/\/schema.org","@graph":[{"@type":"WebPage","@id":"https:\/\/jackpotlotteryonline.com\/tr\/kazanan-sayilar\/france-lotto-2\/","url":"https:\/\/jackpotlotteryonline.com\/tr\/kazanan-sayilar\/france-lotto-2\/","name":"Fransa Loto kazanan numaralar ve \u00e7ekili\u015f sonu\u00e7lar\u0131","isPartOf":{"@id":"https:\/\/jackpotlotteryonline.com\/#website"},"primaryImageOfPage":{"@id":"https:\/\/jackpotlotteryonline.com\/tr\/kazanan-sayilar\/france-lotto-2\/#primaryimage"},"image":{"@id":"https:\/\/jackpotlotteryonline.com\/tr\/kazanan-sayilar\/france-lotto-2\/#primaryimage"},"thumbnailUrl":"http:\/\/jackpotlotteryonline.com\/wp-content\/uploads\/2022\/11\/rf_results_page-300x225.jpg","datePublished":"2022-12-07T11:04:19+00:00","dateModified":"2022-12-28T21:39:48+00:00","description":"Frans\u0131z lotosunun kazanan numaralar\u0131n\u0131 ve \u00e7ekili\u015f sonu\u00e7lar\u0131n\u0131 \u00f6\u011frenmek ister misiniz? Fransa Loto sonu\u00e7lar\u0131 sayfam\u0131z\u0131 ve ar\u015fivimizi kontrol edin","breadcrumb":{"@id":"https:\/\/jackpotlotteryonline.com\/tr\/kazanan-sayilar\/france-lotto-2\/#breadcrumb"},"inLanguage":"tr","potentialAction":[{"@type":"ReadAction","target":["https:\/\/jackpotlotteryonline.com\/tr\/kazanan-sayilar\/france-lotto-2\/"]}]},{"@type":"ImageObject","inLanguage":"tr","@id":"https:\/\/jackpotlotteryonline.com\/tr\/kazanan-sayilar\/france-lotto-2\/#primaryimage","url":"http:\/\/jackpotlotteryonline.com\/wp-content\/uploads\/2022\/11\/rf_results_page-300x225.jpg","contentUrl":"http:\/\/jackpotlotteryonline.com\/wp-content\/uploads\/2022\/11\/rf_results_page-300x225.jpg"},{"@type":"BreadcrumbList","@id":"https:\/\/jackpotlotteryonline.com\/tr\/kazanan-sayilar\/france-lotto-2\/#breadcrumb","itemListElement":[{"@type":"ListItem","position":1,"name":"Home","item":"https:\/\/jackpotlotteryonline.com\/tr\/"},{"@type":"ListItem","position":2,"name":"Piyango sonu\u00e7lar\u0131","item":"https:\/\/jackpotlotteryonline.com\/tr\/kazanan-sayilar\/"},{"@type":"ListItem","position":3,"name":"Fransa Loto \u00e7ekili\u015f sonu\u00e7lar\u0131"}]},{"@type":"WebSite","@id":"https:\/\/jackpotlotteryonline.com\/#website","url":"https:\/\/jackpotlotteryonline.com\/","name":"Lotto Online - Crack The International Lottery Jackpots","description":"","potentialAction":[{"@type":"SearchAction","target":{"@type":"EntryPoint","urlTemplate":"https:\/\/jackpotlotteryonline.com\/?s={search_term_string}"},"query-input":"required name=search_term_string"}],"inLanguage":"tr"}]}},"_links":{"self":[{"href":"https:\/\/jackpotlotteryonline.com\/tr\/wp-json\/wp\/v2\/pages\/40963","targetHints":{"allow":["GET"]}}],"collection":[{"href":"https:\/\/jackpotlotteryonline.com\/tr\/wp-json\/wp\/v2\/pages"}],"about":[{"href":"https:\/\/jackpotlotteryonline.com\/tr\/wp-json\/wp\/v2\/types\/page"}],"author":[{"embeddable":true,"href":"https:\/\/jackpotlotteryonline.com\/tr\/wp-json\/wp\/v2\/users\/1"}],"replies":[{"embeddable":true,"href":"https:\/\/jackpotlotteryonline.com\/tr\/wp-json\/wp\/v2\/comments?post=40963"}],"version-history":[{"count":0,"href":"https:\/\/jackpotlotteryonline.com\/tr\/wp-json\/wp\/v2\/pages\/40963\/revisions"}],"up":[{"embeddable":true,"href":"https:\/\/jackpotlotteryonline.com\/tr\/wp-json\/wp\/v2\/pages\/35860"}],"wp:attachment":[{"href":"https:\/\/jackpotlotteryonline.com\/tr\/wp-json\/wp\/v2\/media?parent=40963"}],"curies":[{"name":"wp","href":"https:\/\/api.w.org\/{rel}","templated":true}]}}