{"id":41018,"date":"2022-12-07T13:09:39","date_gmt":"2022-12-07T13:09:39","guid":{"rendered":"https:\/\/jackpotlotteryonline.com\/?page_id=41018"},"modified":"2023-01-03T09:35:02","modified_gmt":"2023-01-03T09:35:02","slug":"uk-lottery","status":"publish","type":"page","link":"https:\/\/jackpotlotteryonline.com\/tr\/nasil-oynanir\/uk-lottery\/","title":{"rendered":"Birle\u015fik Krall\u0131k Piyangosunu her yerden oynay\u0131n"},"content":{"rendered":"<p>Birle\u015fik Krall\u0131k piyangosu, Birle\u015fik Krall\u0131k&#8217;ta oynanan bir piyango oyunudur. Bu \u00fclke, bir y\u0131ll\u0131k gelir olan Set for Life oyunu da dahil olmak \u00fczere bir\u00e7ok piyango oyununa ev sahipli\u011fi yapmaktad\u0131r. Ancak, burada Set for Life hakk\u0131nda konu\u015fmak i\u00e7in bulunmuyoruz. Bu, oyuncular\u0131n e\u011flence i\u00e7in oynad\u0131\u011f\u0131 bir oyundur ve art\u0131k bu oyunu \u00e7evrimi\u00e7i olarak oynayabilirsiniz. Arada s\u0131rada milyoner kazand\u0131rd\u0131\u011f\u0131 bilinse de, \u00f6demeler \u00e7ok c\u00f6mert de\u011fildir. \u00c7\u00fcnk\u00fc \u00f6demeler \u00e7o\u011funlukla piyango havuzuna ba\u011fl\u0131d\u0131r.<\/p>\n<p>Bu ve di\u011fer en iyi uluslararas\u0131 piyangolar\u0131 sitemizde online olarak oynayabilirsiniz. Jackpotlotteryonline.com adresini ziyaret edin ve b\u00fcy\u00fck kazanma \u015fans\u0131 i\u00e7in bize kaydolun.<\/p>\n<h2>\u0130ngiltere Piyangosu Nas\u0131l Oynan\u0131r?<\/h2>\n<p><img loading=\"lazy\" decoding=\"async\" class=\"alignright size-full wp-image-31370\" src=\"https:\/\/jackpotlotteryonline.com\/wp-content\/uploads\/2022\/11\/lotteryticket.jpg\" alt=\"Birle\u015fik Krall\u0131k piyangosunu oynay\u0131n\" width=\"212\" height=\"142\" \/>Bu oyun di\u011fer piyango oyunlar\u0131na \u00e7ok benzer. Oyunun kurallar\u0131, bir oyuncunun 1&#8217;den 49&#8217;a kadar olan bir havuzdan 6 say\u0131 se\u00e7mesini sa\u011flar. \u00c7ekili\u015fler s\u0131ras\u0131nda se\u00e7ilen bir bonus numaras\u0131 da vard\u0131r. Bu, di\u011fer \u00f6d\u00fcl kategorilerinin kazananlar\u0131n\u0131 belirlemek i\u00e7in kullan\u0131l\u0131r. Bonus numaras\u0131 oyuncular taraf\u0131ndan de\u011fil, \u00e7ekili\u015fler s\u0131ras\u0131nda rastgele se\u00e7ilir.<\/p>\n<p>D\u00fcr\u00fcst olmak gerekirse, d\u00fc\u015f\u00fck \u00f6demeler nedeniyle Birle\u015fik Krall\u0131k piyangosunun hayran\u0131 de\u011filiz. \u00c7ekilen numaralar\u0131 e\u015fle\u015ftirseniz bile, eve ne g\u00f6t\u00fcrece\u011finizi garanti edemeyiz.<\/p>\n<p>Neden US Powerball ve Mega Millions gibi di\u011fer piyango oyunlar\u0131n\u0131 oynamak i\u00e7in sitemizi ziyaret etmiyorsunuz? Bu piyangolarda minimum ikramiye 40 milyon dolard\u0131r. Euromillions ve Eurojackpot gibi oynayabilece\u011finiz ba\u015fka Avrupa piyangolar\u0131 da var. M\u00fc\u015fterilerimiz i\u00e7in hayalimiz b\u00fcy\u00fck kazanmalar\u0131d\u0131r.<\/p>\n<h2>\u0130ngiltere piyangosuna \u00e7evrimi\u00e7i nas\u0131l girilir<\/h2>\n<p>\u00c7evrimi\u00e7i oynamak, fiziksel bir sat\u0131c\u0131 kullanmaktan biraz farkl\u0131d\u0131r. Bu fark k\u00f6t\u00fc bir \u015fey de\u011fildir. Asl\u0131nda, piyango oynamay\u0131 s\u00fcper kolay hale getirir. Sitemizde Birle\u015fik Krall\u0131k piyangosu oynamak i\u00e7in a\u015fa\u011f\u0131daki ad\u0131mlar\u0131 izleyin.<\/p>\n<ol>\n<li>Birle\u015fik Krall\u0131k piyango sayfas\u0131n\u0131 ziyaret edin<\/li>\n<li>1 ila 49 aral\u0131\u011f\u0131ndan 6 say\u0131 se\u00e7in (hangi say\u0131lar\u0131 kullanaca\u011f\u0131n\u0131zdan emin de\u011filseniz, otomatik say\u0131 \u00fcretecini deneyin)<\/li>\n<li><a href=\"https:\/\/jackpotlotteryonline.com\/tr\/bilet-satin-al\/uk-lottery\">Daha y\u00fcksek kazanma \u015fans\u0131 i\u00e7in<\/a> ek say\u0131 sat\u0131rlar\u0131 sat\u0131n al\u0131n<\/li>\n<li>\u00c7ekili\u015flere kat\u0131l\u0131n (birden fazla \u00e7ekili\u015fe kat\u0131labilirsiniz)<\/li>\n<li>Kay\u0131t olun ve giri\u015fleriniz i\u00e7in \u00f6deme yap\u0131n.<\/li>\n<\/ol>\n<section class=\"layout\" style=\"border: solid 1px; width: 100%;\">\n<div class=\"img-div\" style=\"margin-top: 5px;\"><img decoding=\"async\" class=\"wp-image-17212 alignleft\" style=\"height: 45px; margin: 8px 8px 0px;\" src=\"https:\/\/jackpotlotteryonline.com\/wp-content\/uploads\/2022\/11\/read1.jpg\" alt=\"okuyun\" width=\"\" height=\"\" \/><\/div>\n<div style=\"padding-left: 5px;\">\n<div style=\"font-size: 1.1em;\">\n<p><strong>Piyango \u0130pu\u00e7lar\u0131<\/strong><\/p>\n<p style=\"font-size: 0.85em; margin-top: -1.5em;\">Piyangoda kazanman\u0131za yard\u0131mc\u0131 olacak ipu\u00e7lar\u0131\u00a0<a href=\"https:\/\/jackpotlotteryonline.com\/tr\/piyangoda-kazanmaniza-yardimci-olacak-ipuclari\"> daha fazla oku<\/a><\/p>\n<\/div>\n<\/div>\n<\/section>\n<h2>Piyango \u00e7ekili\u015flerini kontrol etme<\/h2>\n<p><a href=\"https:\/\/jackpotlotteryonline.com\/tr\/kazanan-sayilar\/uk-lottery\">Birle\u015fik Krall\u0131k piyangosunun \u00c7ar\u015famba ve Cumartesi olmak \u00fczere haftada iki \u00e7ekili\u015f<\/a> g\u00fcn\u00fc vard\u0131r. Birle\u015fik Krall\u0131k piyangosunu kazanma \u015fans\u0131n\u0131z\u0131 art\u0131rmak i\u00e7in birden fazla \u00e7ekili\u015fe kat\u0131labilirsiniz. Ayr\u0131ca, abonelik hizmetimizi kullanarak \u00e7ekili\u015flere birka\u00e7 hafta \u00f6nceden kolayca girebilirsiniz.<\/p>\n<p>Kazanan bilet \u00e7ekili\u015fler s\u0131ras\u0131nda a\u00e7\u0131klan\u0131r. B\u00fcy\u00fck ikramiyeyi kazanmak i\u00e7in \u00e7ekilen 6 say\u0131y\u0131 e\u015fle\u015ftirmeniz yeterlidir. Birle\u015fik Krall\u0131k piyango ikramiye \u00f6d\u00fclleri 2 milyon sterlinden ba\u015flar ve bir \u00e7ekili\u015ften sonra kazanan yoksa devredebilir. Her \u00e7ekili\u015ften sonra devretti\u011fi i\u00e7in (kazanan yoksa), 2 milyon \u00a3 i\u015faretinden biraz daha y\u00fckse\u011fe \u00e7\u0131kabilir.<\/p>\n<p>Her \u00e7ekili\u015ften sonra, bir \u00f6d\u00fcl kazan\u0131p kazanmad\u0131\u011f\u0131n\u0131z\u0131 \u00f6\u011frenmek i\u00e7in sitemizi tekrar kontrol edebilirsiniz. \u0130ngiltere piyangosunun 6 farkl\u0131 \u00f6d\u00fcl kategorisi vard\u0131r ve herhangi bir \u00f6d\u00fcl kazan\u0131rsan\u0131z, size sizi uyaran bir e-posta g\u00f6nderece\u011fiz.<\/p>\n<h2>Abonelik hizmeti nedir?<\/h2>\n<p><img loading=\"lazy\" decoding=\"async\" class=\"alignright wp-image-28427\" src=\"https:\/\/jackpotlotteryonline.com\/wp-content\/uploads\/2022\/11\/1_mega_win-300x279.jpg\" alt=\"Birle\u015fik Krall\u0131k piyangosunu kazanmak\" width=\"237\" height=\"220\" srcset=\"https:\/\/jackpotlotteryonline.com\/wp-content\/uploads\/2022\/11\/1_mega_win-300x279.jpg 300w, https:\/\/jackpotlotteryonline.com\/wp-content\/uploads\/2022\/11\/1_mega_win.jpg 320w\" sizes=\"auto, (max-width: 237px) 100vw, 237px\" \/>Bizimki gibi bir site kullan\u0131yorsan\u0131z, oyuncular\u0131n sorunsuz ve stressiz bir \u015fekilde oynamalar\u0131n\u0131 sa\u011flamak i\u00e7in abonelik hizmeti dedi\u011fimiz bir hizmet vard\u0131r. Tek seferlik bir oyuncu olmak (e\u011fer tercihiniz buysa) tamamen uygun olsa da, \u00e7o\u011fu oyuncu s\u0131k s\u0131k oynar. Birle\u015fik Krall\u0131k piyangosunu oynaman\u0131n ve kazanman\u0131n en iyi yolu d\u00fczenli olarak oynamakt\u0131r ve bu hizmet de bununla ilgilidir.<\/p>\n<p>Gelecek \u00e7ekili\u015fler i\u00e7in otomatik olarak girilecek \u015fekilde ayarlayabilirsiniz. Birle\u015fik Krall\u0131k piyangosunun haftal\u0131k 2 \u00e7ekili\u015fi vard\u0131r: \u00c7ar\u015famba ve Cumartesi g\u00fcnleri. D\u00fcr\u00fcst olal\u0131m, her \u00e7ekili\u015fi oynamay\u0131 ve girmeyi hat\u0131rlamaya \u00e7al\u0131\u015fmak biraz yorucu olabilir, ama biz de bu y\u00fczden buraday\u0131z.<\/p>\n<p>Abonelik hizmetini kurduktan sonra rahatlayabilir ve Birle\u015fik Krall\u0131k piyangosu i\u00e7in hi\u00e7bir \u00e7ekili\u015fi ka\u00e7\u0131rmak zorunda kalmayaca\u011f\u0131n\u0131z\u0131 bilirsiniz.<\/p>\n<h2>\u00d6d\u00fcller<\/h2>\n<p>Bu piyango i\u00e7in \u00f6d\u00fcllerin piyango fonuna ba\u011fl\u0131 oldu\u011funu belirtmi\u015ftik. Bu y\u00fczden sadece belirli bir \u00e7ekili\u015ften elde edilen \u00f6d\u00fclleri payla\u015fabiliriz. Birden fazla kazanan varsa, \u00f6d\u00fcl\u00fcn aralar\u0131nda payla\u015ft\u0131r\u0131laca\u011f\u0131n\u0131 unutmay\u0131n.<\/p>\n<p>B\u00f6l\u00fcm 1: Ma\u00e7 6 &#8211; \u00a32,000,000 (b\u00fcy\u00fck ikramiye)<\/p>\n<p>B\u00f6l\u00fcm 2: Ma\u00e7 5 + Bonus &#8211; \u00a31,000,000<\/p>\n<p>B\u00f6l\u00fcm 3: Ma\u00e7 5 &#8211; \u00a31,750<\/p>\n<p>B\u00f6l\u00fcm 4: Ma\u00e7 4 &#8211; \u00a3140<\/p>\n<p>B\u00f6l\u00fcm 5: Ma\u00e7 3 &#8211; \u00a330<\/p>\n<p>B\u00f6l\u00fcm 6: Ma\u00e7 2 &#8211; \u00dccretsiz loto \u015fansl\u0131 dald\u0131rma<\/p>\n<p>Bu \u00f6d\u00fclleri kazansan\u0131z bile, g\u00f6sterilen miktar\u0131n \u00f6deme olarak alaca\u011f\u0131n\u0131z miktar olmad\u0131\u011f\u0131n\u0131 anlay\u0131n. Bunun nedeni, piyango fonlar\u0131n\u0131n yakla\u015f\u0131k %45&#8217;inin para \u00f6d\u00fcl\u00fcne gitmesidir. Dolay\u0131s\u0131yla, fonda ne oldu\u011funa ba\u011fl\u0131 olarak daha az veya daha fazla olabilir.<\/p>\n<h2>Kazanc\u0131n\u0131z\u0131 nas\u0131l talep edebilirsiniz?<\/h2>\n<p>Bize kay\u0131tl\u0131ysan\u0131z, kazanc\u0131n\u0131z\u0131 talep etmek kolay ve anla\u015f\u0131l\u0131rd\u0131r. Kazanc\u0131n\u0131z 2500 \u20ac veya daha az ise, buna do\u011frudan sitemizden eri\u015febilirsiniz. Bunun nedeni, piyango \u015firketinin bunu do\u011frudan sitemize \u00f6deyecek olmas\u0131 ve daha sonra hesab\u0131n\u0131za \u00e7ekebilmenizdir.<\/p>\n<p>E\u011fer 2500 \u20ac&#8217;dan fazla ise, kazanc\u0131n\u0131z\u0131 do\u011frudan piyango \u015firketinden talep etmeniz gerekecektir. Doldurman\u0131z i\u00e7in bir talep formu sa\u011flayarak bu konuda size yard\u0131mc\u0131 olaca\u011f\u0131z, bu y\u00fczden endi\u015felenmenize gerek yok.<\/p>\n<p><strong>Piyango \u015firketinin, kazanc\u0131n\u0131z\u0131 talep etme konusunda birka\u00e7 d\u00fczenlemesi vard\u0131r.<\/strong><\/p>\n<ul>\n<li>Piyango oynamak i\u00e7in 18 ya\u015f\u0131ndan b\u00fcy\u00fck olmal\u0131s\u0131n\u0131z<\/li>\n<li>Kazan\u00e7lar \u00e7ekili\u015ften sonraki 180 g\u00fcn i\u00e7inde talep edilmelidir. Bunun tek istisnas\u0131, i\u015fleme 7 g\u00fcn i\u00e7inde ba\u015flam\u0131\u015f olman\u0131zd\u0131r.<\/li>\n<li>An\u0131nda kazanma oyunlar\u0131, an\u0131nda kazanma oyununu sat\u0131n ald\u0131\u011f\u0131n\u0131z tarihten itibaren 180 g\u00fcn i\u00e7inde talep edilmelidir<\/li>\n<li>Kaz\u0131 kazan oyunlar\u0131 da kaz\u0131 kazan kart\u0131n\u0131 sat\u0131n ald\u0131\u011f\u0131n\u0131z tarihten itibaren 180 g\u00fcn i\u00e7inde talep edilmelidir<\/li>\n<\/ul>\n<h2>Konsiyerj hizmetlerimiz hakk\u0131nda<\/h2>\n<p>Ne yapt\u0131\u011f\u0131m\u0131z\u0131 ve neden bir konsiyerj hizmeti y\u00fcr\u00fctt\u00fc\u011f\u00fcm\u00fcz\u00fc a\u00e7\u0131klamak i\u00e7in bir dakikan\u0131z\u0131 ay\u0131rmak istiyoruz. Oyunculara d\u00fcnya \u00e7ap\u0131ndaki piyangolara giri\u015f hakk\u0131 verdi\u011fini iddia eden birka\u00e7 \u00e7evrimi\u00e7i piyango sitesi var. Ancak, asl\u0131nda yapt\u0131klar\u0131 \u015fey sonu\u00e7 \u00fczerine bahis oynaman\u0131za izin vermektir. Biz bunu yapm\u0131yoruz. Oyunculara en iyi uluslararas\u0131 piyangolar\u0131 oynama \u015fans\u0131 veriyoruz.<\/p>\n<p>Sitemizde Birle\u015fik Krall\u0131k piyangosu oynad\u0131\u011f\u0131n\u0131zda \u015f\u00f6yle olur. Numaralar\u0131n\u0131z\u0131 se\u00e7ip \u00f6deme yapt\u0131ktan sonra, ABD&#8217;deki temsilcimiz numaralar\u0131n\u0131z\u0131 kullanarak fiziksel bir bilet sat\u0131n alacakt\u0131r. Bu elbette se\u00e7ti\u011finiz \u00e7ekili\u015f i\u00e7in olacakt\u0131r. Bu bilet daha sonra taran\u0131r ve hesab\u0131n\u0131za y\u00fcklenir.<\/p>\n<p>Bu, d\u00fcnyan\u0131n herhangi bir yerinden Birle\u015fik Krall\u0131k piyangosunu \u00e7evrimi\u00e7i oynaman\u0131n tamamen yasal bir yoludur. Ayr\u0131ca, se\u00e7ti\u011finiz piyangoya ger\u00e7ekten kat\u0131lm\u0131\u015f olman\u0131z\u0131 sa\u011flar. Dahas\u0131, \u00e7ekili\u015f sonu\u00e7lar\u0131n\u0131 burada sitemizde yay\u0131nl\u0131yor ve kazan\u0131rsan\u0131z sizi bilgilendiriyoruz. Biz bir konsiyerj hizmetiyiz \u00e7\u00fcnk\u00fc sizin i\u00e7in t\u00fcm sinir bozucu k\u00fc\u00e7\u00fck ayr\u0131nt\u0131lar\u0131 hallediyoruz, b\u00f6ylece piyango deneyiminizin tad\u0131n\u0131 \u00e7\u0131karabilirsiniz.<\/p>\n<h2>En iyi uluslararas\u0131 piyangolar\u0131 online oynamak i\u00e7in bize kaydolun<\/h2>\n<p>Birle\u015fik Krall\u0131k&#8217;ta \u00e7evrimi\u00e7i oynayabilece\u011finiz \u00e7ok say\u0131da piyango vard\u0131r. E\u011fer piyangoyu denemek istiyorsan\u0131z, o zaman bunu yapabilirsiniz. Ancak daha geni\u015f bir se\u00e7ene\u011fe ihtiyac\u0131n\u0131z varsa, neden bir y\u0131ll\u0131k gelir olan Set for Life piyangosunu denemiyorsunuz? Ya da Eurojackpot piyangosu ve Euromillions oynayabilirsiniz. Bunlar\u0131n hepsini sitemizde \u00e7evrimi\u00e7i olarak bulabilirsiniz. B\u00fcy\u00fck kazanma \u015fans\u0131n\u0131z i\u00e7in \u015fimdi kaydolun.<\/p>\n","protected":false},"excerpt":{"rendered":"<p>Birle\u015fik Krall\u0131k piyangosu, Birle\u015fik Krall\u0131k&#8217;ta oynanan bir piyango oyunudur. Bu \u00fclke, bir y\u0131ll\u0131k gelir olan Set for Life oyunu da dahil olmak \u00fczere bir\u00e7ok piyango oyununa ev sahipli\u011fi yapmaktad\u0131r. Ancak, burada Set for Life hakk\u0131nda konu\u015fmak i\u00e7in bulunmuyoruz. Bu, oyuncular\u0131n e\u011flence i\u00e7in oynad\u0131\u011f\u0131 bir oyundur ve art\u0131k bu oyunu \u00e7evrimi\u00e7i olarak oynayabilirsiniz. Arada s\u0131rada milyoner [&hellip;]<\/p>\n","protected":false},"author":1,"featured_media":0,"parent":35727,"menu_order":10,"comment_status":"closed","ping_status":"closed","template":"lotto-uk.php","meta":{"_et_pb_use_builder":"","_et_pb_old_content":"","_et_gb_content_width":"","exclude_from_search":false,"footnotes":""},"class_list":["post-41018","page","type-page","status-publish","hentry"],"yoast_head":"<!-- This site is optimized with the Yoast SEO plugin v23.3 - https:\/\/yoast.com\/wordpress\/plugins\/seo\/ -->\n<title>Birle\u015fik Krall\u0131k&#039;ta ya\u015fam\u0131yor olsan\u0131z bile Birle\u015fik Krall\u0131k Piyangosunu \u00e7evrimi\u00e7i oynay\u0131n<\/title>\n<meta name=\"description\" content=\"Birle\u015fik Krall\u0131k piyangosunu oynamak istiyorsunuz ama Birle\u015fik Krall\u0131k d\u0131\u015f\u0131nda m\u0131s\u0131n\u0131z? Sorun de\u011fil, bu lotoyu her yerden oynamak i\u00e7in \u00e7evrimi\u00e7i hizmetimizi kullanabilirsiniz\" \/>\n<meta name=\"robots\" content=\"index, follow, max-snippet:-1, max-image-preview:large, max-video-preview:-1\" \/>\n<link rel=\"canonical\" href=\"https:\/\/jackpotlotteryonline.com\/tr\/nasil-oynanir\/uk-lottery\/\" \/>\n<meta property=\"og:locale\" content=\"tr_TR\" \/>\n<meta property=\"og:type\" content=\"article\" \/>\n<meta property=\"og:title\" content=\"Birle\u015fik Krall\u0131k&#039;ta ya\u015fam\u0131yor olsan\u0131z bile Birle\u015fik Krall\u0131k Piyangosunu \u00e7evrimi\u00e7i oynay\u0131n\" \/>\n<meta property=\"og:description\" content=\"Birle\u015fik Krall\u0131k piyangosunu oynamak istiyorsunuz ama Birle\u015fik Krall\u0131k d\u0131\u015f\u0131nda m\u0131s\u0131n\u0131z? Sorun de\u011fil, bu lotoyu her yerden oynamak i\u00e7in \u00e7evrimi\u00e7i hizmetimizi kullanabilirsiniz\" \/>\n<meta property=\"og:url\" content=\"https:\/\/jackpotlotteryonline.com\/tr\/nasil-oynanir\/uk-lottery\/\" \/>\n<meta property=\"og:site_name\" content=\"Lotto Online - Crack The International Lottery Jackpots\" \/>\n<meta property=\"article:modified_time\" content=\"2023-01-03T09:35:02+00:00\" \/>\n<meta property=\"og:image\" content=\"https:\/\/jackpotlotteryonline.com\/wp-content\/uploads\/2022\/11\/lotteryticket.jpg\" \/>\n<meta name=\"twitter:card\" content=\"summary_large_image\" \/>\n<meta name=\"twitter:label1\" content=\"Tahmini okuma s\u00fcresi\" \/>\n\t<meta name=\"twitter:data1\" content=\"5 dakika\" \/>\n<!-- \/ Yoast SEO plugin. -->","yoast_head_json":{"title":"Birle\u015fik Krall\u0131k'ta ya\u015fam\u0131yor olsan\u0131z bile Birle\u015fik Krall\u0131k Piyangosunu \u00e7evrimi\u00e7i oynay\u0131n","description":"Birle\u015fik Krall\u0131k piyangosunu oynamak istiyorsunuz ama Birle\u015fik Krall\u0131k d\u0131\u015f\u0131nda m\u0131s\u0131n\u0131z? Sorun de\u011fil, bu lotoyu her yerden oynamak i\u00e7in \u00e7evrimi\u00e7i hizmetimizi kullanabilirsiniz","robots":{"index":"index","follow":"follow","max-snippet":"max-snippet:-1","max-image-preview":"max-image-preview:large","max-video-preview":"max-video-preview:-1"},"canonical":"https:\/\/jackpotlotteryonline.com\/tr\/nasil-oynanir\/uk-lottery\/","og_locale":"tr_TR","og_type":"article","og_title":"Birle\u015fik Krall\u0131k'ta ya\u015fam\u0131yor olsan\u0131z bile Birle\u015fik Krall\u0131k Piyangosunu \u00e7evrimi\u00e7i oynay\u0131n","og_description":"Birle\u015fik Krall\u0131k piyangosunu oynamak istiyorsunuz ama Birle\u015fik Krall\u0131k d\u0131\u015f\u0131nda m\u0131s\u0131n\u0131z? Sorun de\u011fil, bu lotoyu her yerden oynamak i\u00e7in \u00e7evrimi\u00e7i hizmetimizi kullanabilirsiniz","og_url":"https:\/\/jackpotlotteryonline.com\/tr\/nasil-oynanir\/uk-lottery\/","og_site_name":"Lotto Online - Crack The International Lottery Jackpots","article_modified_time":"2023-01-03T09:35:02+00:00","og_image":[{"url":"https:\/\/jackpotlotteryonline.com\/wp-content\/uploads\/2022\/11\/lotteryticket.jpg"}],"twitter_card":"summary_large_image","twitter_misc":{"Tahmini okuma s\u00fcresi":"5 dakika"},"schema":{"@context":"https:\/\/schema.org","@graph":[{"@type":"WebPage","@id":"https:\/\/jackpotlotteryonline.com\/tr\/nasil-oynanir\/uk-lottery\/","url":"https:\/\/jackpotlotteryonline.com\/tr\/nasil-oynanir\/uk-lottery\/","name":"Birle\u015fik Krall\u0131k'ta ya\u015fam\u0131yor olsan\u0131z bile Birle\u015fik Krall\u0131k Piyangosunu \u00e7evrimi\u00e7i oynay\u0131n","isPartOf":{"@id":"https:\/\/jackpotlotteryonline.com\/#website"},"primaryImageOfPage":{"@id":"https:\/\/jackpotlotteryonline.com\/tr\/nasil-oynanir\/uk-lottery\/#primaryimage"},"image":{"@id":"https:\/\/jackpotlotteryonline.com\/tr\/nasil-oynanir\/uk-lottery\/#primaryimage"},"thumbnailUrl":"https:\/\/jackpotlotteryonline.com\/wp-content\/uploads\/2022\/11\/lotteryticket.jpg","datePublished":"2022-12-07T13:09:39+00:00","dateModified":"2023-01-03T09:35:02+00:00","description":"Birle\u015fik Krall\u0131k piyangosunu oynamak istiyorsunuz ama Birle\u015fik Krall\u0131k d\u0131\u015f\u0131nda m\u0131s\u0131n\u0131z? Sorun de\u011fil, bu lotoyu her yerden oynamak i\u00e7in \u00e7evrimi\u00e7i hizmetimizi kullanabilirsiniz","breadcrumb":{"@id":"https:\/\/jackpotlotteryonline.com\/tr\/nasil-oynanir\/uk-lottery\/#breadcrumb"},"inLanguage":"tr","potentialAction":[{"@type":"ReadAction","target":["https:\/\/jackpotlotteryonline.com\/tr\/nasil-oynanir\/uk-lottery\/"]}]},{"@type":"ImageObject","inLanguage":"tr","@id":"https:\/\/jackpotlotteryonline.com\/tr\/nasil-oynanir\/uk-lottery\/#primaryimage","url":"https:\/\/jackpotlotteryonline.com\/wp-content\/uploads\/2022\/11\/lotteryticket.jpg","contentUrl":"https:\/\/jackpotlotteryonline.com\/wp-content\/uploads\/2022\/11\/lotteryticket.jpg"},{"@type":"BreadcrumbList","@id":"https:\/\/jackpotlotteryonline.com\/tr\/nasil-oynanir\/uk-lottery\/#breadcrumb","itemListElement":[{"@type":"ListItem","position":1,"name":"Home","item":"https:\/\/jackpotlotteryonline.com\/tr\/"},{"@type":"ListItem","position":2,"name":"Nas\u0131l oynan\u0131r","item":"https:\/\/jackpotlotteryonline.com\/tr\/nasil-oynanir\/"},{"@type":"ListItem","position":3,"name":"Birle\u015fik Krall\u0131k Piyangosunu her yerden oynay\u0131n"}]},{"@type":"WebSite","@id":"https:\/\/jackpotlotteryonline.com\/#website","url":"https:\/\/jackpotlotteryonline.com\/","name":"Lotto Online - Crack The International Lottery Jackpots","description":"","potentialAction":[{"@type":"SearchAction","target":{"@type":"EntryPoint","urlTemplate":"https:\/\/jackpotlotteryonline.com\/?s={search_term_string}"},"query-input":"required name=search_term_string"}],"inLanguage":"tr"}]}},"_links":{"self":[{"href":"https:\/\/jackpotlotteryonline.com\/tr\/wp-json\/wp\/v2\/pages\/41018","targetHints":{"allow":["GET"]}}],"collection":[{"href":"https:\/\/jackpotlotteryonline.com\/tr\/wp-json\/wp\/v2\/pages"}],"about":[{"href":"https:\/\/jackpotlotteryonline.com\/tr\/wp-json\/wp\/v2\/types\/page"}],"author":[{"embeddable":true,"href":"https:\/\/jackpotlotteryonline.com\/tr\/wp-json\/wp\/v2\/users\/1"}],"replies":[{"embeddable":true,"href":"https:\/\/jackpotlotteryonline.com\/tr\/wp-json\/wp\/v2\/comments?post=41018"}],"version-history":[{"count":0,"href":"https:\/\/jackpotlotteryonline.com\/tr\/wp-json\/wp\/v2\/pages\/41018\/revisions"}],"up":[{"embeddable":true,"href":"https:\/\/jackpotlotteryonline.com\/tr\/wp-json\/wp\/v2\/pages\/35727"}],"wp:attachment":[{"href":"https:\/\/jackpotlotteryonline.com\/tr\/wp-json\/wp\/v2\/media?parent=41018"}],"curies":[{"name":"wp","href":"https:\/\/api.w.org\/{rel}","templated":true}]}}