{"id":41071,"date":"2022-12-08T07:44:55","date_gmt":"2022-12-08T07:44:55","guid":{"rendered":"https:\/\/jackpotlotteryonline.com\/?page_id=41071"},"modified":"2022-12-31T14:28:35","modified_gmt":"2022-12-31T14:28:35","slug":"thunderball","status":"publish","type":"page","link":"https:\/\/jackpotlotteryonline.com\/tr\/nasil-oynanir\/thunderball\/","title":{"rendered":"Thunderball \u00e7evrimi\u00e7i &#8211; bu Birle\u015fik Krall\u0131k piyangosunu her yerden oynay\u0131n"},"content":{"rendered":"<p>Birle\u015fik Krall\u0131k Thunderball olduk\u00e7a uzun bir s\u00fcredir var. \u0130lk \u00e7ekili\u015fi 1999 y\u0131l\u0131nda yap\u0131ld\u0131\u011f\u0131 i\u00e7in di\u011fer baz\u0131 Avrupa piyangolar\u0131 (La Primitiva gibi) kadar eski de\u011fil. Ancak bu s\u00fcre i\u00e7inde Thunderball bir\u00e7ok hayat\u0131 de\u011fi\u015ftirdi ve de\u011fi\u015ftirmeye devam ediyor. Be\u015f y\u00fcz bin poundluk b\u00fcy\u00fck ikramiye \u00f6d\u00fcl\u00fc \u00e7ok gibi g\u00f6r\u00fcnmese de hayat de\u011fi\u015ftiren bir miktard\u0131r. Birle\u015fik Krall\u0131k&#8217;taki bahis\u00e7iler de Thunderball \u00e7ekili\u015fleri i\u00e7in bilet alan bir\u00e7ok oyuncuyla ayn\u0131 fikirde.<\/p>\n<p>Birle\u015fik Krall\u0131k d\u0131\u015f\u0131nda bir oyuncuysan\u0131z, Thunderball&#8217;\u0131 \u00e7evrimi\u00e7i olarak da oynayabilirsiniz. Bilgisayar\u0131n\u0131z\u0131n veya mobil cihaz\u0131n\u0131z\u0131n rahatl\u0131\u011f\u0131nda <a href=\"https:\/\/jackpotlotteryonline.com\/tr\/bilet-satin-al\/thunderball-biletleri-satin-alin\">bilet sat\u0131n alabilir<\/a>, <a href=\"https:\/\/jackpotlotteryonline.com\/tr\/kazanan-sayilar\/thunderball\">\u00e7ekili\u015f sonu\u00e7lar\u0131n\u0131<\/a> kontrol edebilir ve kazanc\u0131n\u0131z\u0131 \u00e7ekebilirsiniz. Thunderball&#8217;\u0131 \u00e7evrimi\u00e7i olarak nas\u0131l oynayaca\u011f\u0131n\u0131z\u0131 \u00f6\u011frenmek i\u00e7in okumaya devam edin.<\/p>\n<h2>Thunderball kazananlar\u0131<\/h2>\n<p><img loading=\"lazy\" decoding=\"async\" class=\"alignright size-full wp-image-31370\" src=\"https:\/\/jackpotlotteryonline.com\/wp-content\/uploads\/2022\/11\/lotteryticket.jpg\" alt=\"Thunderball \u00e7evrimi\u00e7i oyna.\" width=\"212\" height=\"142\" \/>Son birka\u00e7 on y\u0131lda \u00e7ok say\u0131da kazanan \u00e7\u0131karan bir piyango varsa, o da Thunderball&#8217;d\u0131r. Bu Birle\u015fik Krall\u0131k piyangosu, \u00e7ok say\u0131da kazanan \u00e7\u0131kard\u0131\u011f\u0131 i\u00e7in hayatlar\u0131 de\u011fi\u015ftirmesiyle \u00fcn kazanm\u0131\u015ft\u0131r. Y\u0131llard\u0131r oynayan ve anneleri vefat ettikten sonra bile devam eden Knowles ailesinin hikayesi var. Kazanmak onlar i\u00e7in olduk\u00e7a \u00f6zeldi.<\/p>\n<p>Karen ve David Ainger hayatlar\u0131n\u0131 de\u011fi\u015ftiren Thunderball ikramiyesini kazanan bir \u00e7ift. Kazand\u0131klar\u0131 ikramiyenin emekliliklerine gidece\u011fini s\u00f6yledikleri i\u00e7in olduk\u00e7a sevindiler. Thunderball&#8217;\u0131 kazanan bir ba\u015fka \u00e7ift de Alf ve Rita Boorman&#8217;d\u0131. Onlar\u0131nki olduk\u00e7a ilgin\u00e7 bir kazan\u00e7t\u0131 \u00e7\u00fcnk\u00fc bundan 30 y\u0131l \u00f6nce Alf&#8217;in babas\u0131 da kazanm\u0131\u015ft\u0131. Ku\u015faklar aras\u0131 bir kazan\u00e7tan bahsediyoruz.<\/p>\n<h2>Thunderball \u00e7evrimi\u00e7i nas\u0131l oynan\u0131r<\/h2>\n<p>Thunderball oynamak e\u011flencelidir ve e\u011fer deneyimli bir bahis\u00e7iyseniz, o zaman ne yapaca\u011f\u0131n\u0131z\u0131 zaten biliyorsunuzdur. Oyuncular 1&#8217;den 39&#8217;a kadar 5 say\u0131 ve 1&#8217;den 14&#8217;e kadar \u00f6zel bir say\u0131 se\u00e7mek zorundad\u0131r. Bu \u00f6zel say\u0131ya &#8220;Thunderball&#8221; ad\u0131 verilir.<\/p>\n<p>\u00c7evrimi\u00e7i Thunderball oynuyorsan\u0131z, rastgele say\u0131lar se\u00e7mek i\u00e7in say\u0131 \u00fcretecini kullanabilirsiniz. Bu, fiziksel biletlere al\u0131\u015fk\u0131n olanlar i\u00e7in bir t\u00fcr &#8220;\u015fansl\u0131 dal\u0131\u015f&#8221; gibidir. Thunderball kazanma \u015fans\u0131n\u0131z\u0131 art\u0131rmak i\u00e7in birka\u00e7 hat ve birden fazla bilet se\u00e7ebilirsiniz. Bir sonraki ad\u0131m \u00e7ekili\u015fe kat\u0131lmakt\u0131r ve bu en iyi k\u0131s\u0131md\u0131r.<\/p>\n<p>Thunderball&#8217;\u0131n her hafta d\u00f6rt \u00e7ekili\u015fi vard\u0131r. Bu, Thunderball ile b\u00fcy\u00fck ikramiyeyi kazanma olas\u0131l\u0131\u011f\u0131n\u0131z\u0131n d\u00f6rt kat daha fazla oldu\u011fu anlam\u0131na gelir. Tek bir \u00e7ekili\u015fe kat\u0131labilirsiniz, ancak kazanma \u015fans\u0131n\u0131z\u0131n \u00e7ok daha y\u00fcksek olmas\u0131 i\u00e7in birden fazla \u00e7ekili\u015fe kat\u0131lmak muhtemelen en iyisidir. Bizimle oynad\u0131\u011f\u0131n\u0131zda, sizden kay\u0131t olman\u0131z\u0131 isteyece\u011fiz. B\u00f6ylece bir \u00f6d\u00fcl kazand\u0131\u011f\u0131n\u0131zda sizi uyarabiliriz.<\/p>\n<section class=\"layout\" style=\"border: solid 1px; width: 100%;\">\n<div class=\"img-div\" style=\"margin-top: 5px;\"><img decoding=\"async\" class=\"wp-image-17212 alignleft\" style=\"height: 45px; margin: 8px 8px 0px;\" src=\"https:\/\/jackpotlotteryonline.com\/wp-content\/uploads\/2022\/11\/read1.jpg\" alt=\"Okuyun \" width=\"\" height=\"\" \/><\/div>\n<div style=\"padding-left: 5px;\">\n<div style=\"font-size: 1.1em;\">\n<p><strong>Di\u011fer \u00dclkelerin Piyangolar\u0131n\u0131 \u00c7evrimi\u00e7i Oynamak Yasal m\u0131?<\/strong><\/p>\n<p style=\"font-size: 0.85em; margin-top: -1.5em;\">\u0130nternetten piyango bileti almak yasal m\u0131 ve ger\u00e7ekten \u00f6deme alacak m\u0131y\u0131m?\u00a0 <a href=\"https:\/\/jackpotlotteryonline.com\/tr\/diger-ulkelerden-cevrimici-piyango-oynamak-yasal-mi\"> daha fazla oku<\/a><\/p>\n<\/div>\n<\/div>\n<\/section>\n<h2>Kazand\u0131\u011f\u0131n\u0131zda ne yapmal\u0131s\u0131n\u0131z?<\/h2>\n<p>E\u011fer bir \u00f6d\u00fcl kazan\u0131rsan\u0131z, sizi bilgilendirmek i\u00e7in bir e-posta g\u00f6nderece\u011fiz. Ayr\u0131ca, bir sonraki giri\u015finizde bildirim alabilmeniz i\u00e7in platformumuzda bir uyar\u0131 olacakt\u0131r. Ancak, bunun da \u00f6tesine ge\u00e7er.<\/p>\n<p>\u00d6d\u00fcl\u00fcn\u00fcz 2500 \u20ac&#8217;dan azsa, \u00f6d\u00fcl\u00fcn\u00fcz\u00fc do\u011frudan platformumuzdan kolayca \u00e7ekebilirsiniz. Herhangi bir protokole veya gereksiz prosed\u00fcre gerek yoktur; sadece paran\u0131z\u0131 \u00e7ekin. 2500\u20ac&#8217;dan fazla olan miktarlar i\u00e7in, piyango \u015firketinden talep etmek i\u00e7in bir talep formu doldurman\u0131z gerekebilir. Ancak endi\u015felenmeyin, bu konuda da size yard\u0131mc\u0131 olmak i\u00e7in buraday\u0131z.<\/p>\n<h2>Kazanabilece\u011finiz \u00f6d\u00fcller<\/h2>\n<p>Bununla birlikte, Thunderball piyangosunu oynad\u0131\u011f\u0131n\u0131zda tam olarak ne kazanabilirsiniz? Bu Birle\u015fik Krall\u0131k Thunderball&#8217;unun \u00e7e\u015fitli \u00f6d\u00fcl kategorileri vard\u0131r ve sadece Thunderball&#8217;u e\u015fle\u015ftirmek i\u00e7in bile bir \u00f6d\u00fcl vard\u0131r. Yani, bir \u015feyler kazanma \u015fans\u0131 olduk\u00e7a y\u00fcksektir. \u0130\u015fte UK Thunderball i\u00e7in \u00f6d\u00fcl kategorilerinin d\u00f6k\u00fcm\u00fc ve kazanma olas\u0131l\u0131klar\u0131.<\/p>\n<p>Kategori 1: Match 5 + Thunderball &#8211; 8.060.598&#8217;de 1 &#8211; \u00a3500.000<\/p>\n<p>Kategori 2: Yaln\u0131zca E\u015fle\u015fme 5 &#8211; 620.046&#8217;da 1 &#8211; 5000 \u00a3<\/p>\n<p>Kategori 3: Match 4 + Thunderball &#8211; 47.416&#8217;da 1 &#8211; \u00a3250<\/p>\n<p>Kategori 4: Sadece Ma\u00e7 4 &#8211; 3.648&#8217;de 1 &#8211; \u00a3100<\/p>\n<p>Kategori 5: Match 3 + Thunderball &#8211; 1.437&#8217;de 1 &#8211; \u00a320<\/p>\n<p>Kategori 6: Sadece 3. Ma\u00e7 &#8211; 111&#8217;de 1 &#8211; \u00a310<\/p>\n<p>Kategori 7: Match 2 + Thunderball &#8211; 135&#8217;te 1 &#8211; \u00a310<\/p>\n<p>Kategori 8: Match 1 + Thunderball &#8211; 35&#8217;te 1 &#8211; \u00a35<\/p>\n<p>Kategori 9: Ma\u00e7 Thunderball &#8211; 29&#8217;da 1 &#8211; \u00a33<\/p>\n<p>Thunderball ile herkes i\u00e7in bir \u015feyler var ve Birle\u015fik Krall\u0131k&#8217;ta ya\u015fay\u0131p ya\u015famad\u0131\u011f\u0131n\u0131z \u00f6nemli de\u011fil. Art\u0131k kazanma \u015fans\u0131 i\u00e7in bu Birle\u015fik Krall\u0131k piyangosunu oynayabilir ve bizimle oynad\u0131\u011f\u0131n\u0131zda kazanc\u0131n\u0131z\u0131 kolayca \u00e7ekebilirsiniz.<\/p>\n<h2>Bir konsiyerj sitesinin faydalar\u0131<\/h2>\n<p><img loading=\"lazy\" decoding=\"async\" class=\"alignright size-full wp-image-28940\" src=\"https:\/\/jackpotlotteryonline.com\/wp-content\/uploads\/2022\/11\/1_pick_winning_numbers_lottery.jpg\" alt=\"Thunderball piyango biletinizi sat\u0131n al\u0131n\" width=\"300\" height=\"200\" \/>Bir konsiyerj sitesiyle ilgili harika olan \u015fey, piyangoya ger\u00e7ekten girip girmedi\u011finizi asla merak etmek zorunda kalmaman\u0131zd\u0131r. Bu ger\u00e7ek bir sorun \u00e7\u00fcnk\u00fc d\u0131\u015far\u0131daki bir\u00e7ok site m\u00fc\u015fterilerine piyangoya eri\u015fim sa\u011flam\u0131yor. Yapt\u0131klar\u0131 \u015fey, kullan\u0131c\u0131lar\u0131n piyangonun sonucu \u00fczerine bahis oynamas\u0131na izin vermektir, ki bu hi\u00e7 de ayn\u0131 \u015fey de\u011fildir.<\/p>\n<p>Jackpotlotteryonline.com ile kullan\u0131c\u0131lar\u0131m\u0131za d\u00fcnyan\u0131n d\u00f6rt bir yan\u0131ndaki en iyi uluslararas\u0131 piyangolara eri\u015fim sa\u011fl\u0131yoruz. Bunun nedeni, d\u00fcnyan\u0131n farkl\u0131 yerlerinde acentelerimizin bulundu\u011fu bir konsiyerj sitesi i\u015fletmemizdir. Bizden piyango bileti sat\u0131n ald\u0131\u011f\u0131n\u0131zda, o \u00fclkedeki temsilcimiz ilgili numaralar\u0131 i\u00e7eren fiziksel bir bilet sat\u0131n al\u0131r. Bilet daha sonra taran\u0131r ve size g\u00f6nderilir.<\/p>\n<p>Thunderball piyango biletinizi bizden sat\u0131n ald\u0131\u011f\u0131n\u0131zda, \u00e7ekilen numaralar\u0131 e\u015fle\u015ftirirseniz piyangoyu kazanaca\u011f\u0131n\u0131zdan emin olursunuz. Bu kadar basit olmas\u0131na ra\u011fmen, m\u00fc\u015fterilerimize \u00e7evrimi\u00e7i piyango oynamalar\u0131 i\u00e7in g\u00f6n\u00fcl rahatl\u0131\u011f\u0131 sa\u011flayan tek \u015fey budur.<\/p>\n<h2>Birle\u015fik Krall\u0131k Thunderball&#8217;u \u00e7evrimi\u00e7i oynay\u0131n<\/h2>\n<p>Thunderball piyangosunu oynamak i\u00e7in can at\u0131yorsan\u0131z ve Birle\u015fik Krall\u0131k d\u0131\u015f\u0131nda ya\u015f\u0131yorsan\u0131z, \u015fansl\u0131s\u0131n\u0131z. Jackpotlotteryonline.com adresini ziyaret etti\u011finizde, Thunderball da dahil olmak \u00fczere en iyi uluslararas\u0131 piyangolara eri\u015febilirsiniz. Biz bir konsiyerj sitesiyiz, bu y\u00fczden bizimle oynad\u0131\u011f\u0131n\u0131zda ger\u00e7ek anla\u015fmay\u0131 elde edersiniz.<\/p>\n<p>Thunderball ile hayat\u0131n\u0131z\u0131 de\u011fi\u015ftirecek bir \u00f6d\u00fcl kazanma \u015fans\u0131n\u0131 denemenin zaman\u0131 geldi. Piyangoyu kazanma \u015fans\u0131 i\u00e7in bug\u00fcn \u00e7evrimi\u00e7i Thunderball oynay\u0131n.<\/p>\n","protected":false},"excerpt":{"rendered":"<p>Birle\u015fik Krall\u0131k Thunderball olduk\u00e7a uzun bir s\u00fcredir var. \u0130lk \u00e7ekili\u015fi 1999 y\u0131l\u0131nda yap\u0131ld\u0131\u011f\u0131 i\u00e7in di\u011fer baz\u0131 Avrupa piyangolar\u0131 (La Primitiva gibi) kadar eski de\u011fil. Ancak bu s\u00fcre i\u00e7inde Thunderball bir\u00e7ok hayat\u0131 de\u011fi\u015ftirdi ve de\u011fi\u015ftirmeye devam ediyor. Be\u015f y\u00fcz bin poundluk b\u00fcy\u00fck ikramiye \u00f6d\u00fcl\u00fc \u00e7ok gibi g\u00f6r\u00fcnmese de hayat de\u011fi\u015ftiren bir miktard\u0131r. Birle\u015fik Krall\u0131k&#8217;taki bahis\u00e7iler de [&hellip;]<\/p>\n","protected":false},"author":1,"featured_media":0,"parent":35727,"menu_order":12,"comment_status":"closed","ping_status":"closed","template":"thunderball.php","meta":{"_et_pb_use_builder":"","_et_pb_old_content":"","_et_gb_content_width":"","exclude_from_search":false,"footnotes":""},"class_list":["post-41071","page","type-page","status-publish","hentry"],"yoast_head":"<!-- This site is optimized with the Yoast SEO plugin v23.3 - https:\/\/yoast.com\/wordpress\/plugins\/seo\/ -->\n<title>Birle\u015fik Krall\u0131k Thunderball piyangosunu Birle\u015fik Krall\u0131k d\u0131\u015f\u0131ndan bile \u00e7evrimi\u00e7i oynay\u0131n<\/title>\n<meta name=\"description\" content=\"Birle\u015fik Krall\u0131k d\u0131\u015f\u0131ndaki piyango hayranlar\u0131 art\u0131k Thunderball&#039;\u0131 \u00e7evrimi\u00e7i oynayabilir - biletlerinizi mesajla\u015fma hizmetimiz arac\u0131l\u0131\u011f\u0131yla \u00e7evrimi\u00e7i olarak al\u0131n.\" \/>\n<meta name=\"robots\" content=\"index, follow, max-snippet:-1, max-image-preview:large, max-video-preview:-1\" \/>\n<link rel=\"canonical\" href=\"https:\/\/jackpotlotteryonline.com\/tr\/nasil-oynanir\/thunderball\/\" \/>\n<meta property=\"og:locale\" content=\"tr_TR\" \/>\n<meta property=\"og:type\" content=\"article\" \/>\n<meta property=\"og:title\" content=\"Birle\u015fik Krall\u0131k Thunderball piyangosunu Birle\u015fik Krall\u0131k d\u0131\u015f\u0131ndan bile \u00e7evrimi\u00e7i oynay\u0131n\" \/>\n<meta property=\"og:description\" content=\"Birle\u015fik Krall\u0131k d\u0131\u015f\u0131ndaki piyango hayranlar\u0131 art\u0131k Thunderball&#039;\u0131 \u00e7evrimi\u00e7i oynayabilir - biletlerinizi mesajla\u015fma hizmetimiz arac\u0131l\u0131\u011f\u0131yla \u00e7evrimi\u00e7i olarak al\u0131n.\" \/>\n<meta property=\"og:url\" content=\"https:\/\/jackpotlotteryonline.com\/tr\/nasil-oynanir\/thunderball\/\" \/>\n<meta property=\"og:site_name\" content=\"Lotto Online - Crack The International Lottery Jackpots\" \/>\n<meta property=\"article:modified_time\" content=\"2022-12-31T14:28:35+00:00\" \/>\n<meta property=\"og:image\" content=\"https:\/\/jackpotlotteryonline.com\/wp-content\/uploads\/2022\/11\/lotteryticket.jpg\" \/>\n<meta name=\"twitter:card\" content=\"summary_large_image\" \/>\n<meta name=\"twitter:label1\" content=\"Tahmini okuma s\u00fcresi\" \/>\n\t<meta name=\"twitter:data1\" content=\"4 dakika\" \/>\n<!-- \/ Yoast SEO plugin. -->","yoast_head_json":{"title":"Birle\u015fik Krall\u0131k Thunderball piyangosunu Birle\u015fik Krall\u0131k d\u0131\u015f\u0131ndan bile \u00e7evrimi\u00e7i oynay\u0131n","description":"Birle\u015fik Krall\u0131k d\u0131\u015f\u0131ndaki piyango hayranlar\u0131 art\u0131k Thunderball'\u0131 \u00e7evrimi\u00e7i oynayabilir - biletlerinizi mesajla\u015fma hizmetimiz arac\u0131l\u0131\u011f\u0131yla \u00e7evrimi\u00e7i olarak al\u0131n.","robots":{"index":"index","follow":"follow","max-snippet":"max-snippet:-1","max-image-preview":"max-image-preview:large","max-video-preview":"max-video-preview:-1"},"canonical":"https:\/\/jackpotlotteryonline.com\/tr\/nasil-oynanir\/thunderball\/","og_locale":"tr_TR","og_type":"article","og_title":"Birle\u015fik Krall\u0131k Thunderball piyangosunu Birle\u015fik Krall\u0131k d\u0131\u015f\u0131ndan bile \u00e7evrimi\u00e7i oynay\u0131n","og_description":"Birle\u015fik Krall\u0131k d\u0131\u015f\u0131ndaki piyango hayranlar\u0131 art\u0131k Thunderball'\u0131 \u00e7evrimi\u00e7i oynayabilir - biletlerinizi mesajla\u015fma hizmetimiz arac\u0131l\u0131\u011f\u0131yla \u00e7evrimi\u00e7i olarak al\u0131n.","og_url":"https:\/\/jackpotlotteryonline.com\/tr\/nasil-oynanir\/thunderball\/","og_site_name":"Lotto Online - Crack The International Lottery Jackpots","article_modified_time":"2022-12-31T14:28:35+00:00","og_image":[{"url":"https:\/\/jackpotlotteryonline.com\/wp-content\/uploads\/2022\/11\/lotteryticket.jpg"}],"twitter_card":"summary_large_image","twitter_misc":{"Tahmini okuma s\u00fcresi":"4 dakika"},"schema":{"@context":"https:\/\/schema.org","@graph":[{"@type":"WebPage","@id":"https:\/\/jackpotlotteryonline.com\/tr\/nasil-oynanir\/thunderball\/","url":"https:\/\/jackpotlotteryonline.com\/tr\/nasil-oynanir\/thunderball\/","name":"Birle\u015fik Krall\u0131k Thunderball piyangosunu Birle\u015fik Krall\u0131k d\u0131\u015f\u0131ndan bile \u00e7evrimi\u00e7i oynay\u0131n","isPartOf":{"@id":"https:\/\/jackpotlotteryonline.com\/#website"},"primaryImageOfPage":{"@id":"https:\/\/jackpotlotteryonline.com\/tr\/nasil-oynanir\/thunderball\/#primaryimage"},"image":{"@id":"https:\/\/jackpotlotteryonline.com\/tr\/nasil-oynanir\/thunderball\/#primaryimage"},"thumbnailUrl":"https:\/\/jackpotlotteryonline.com\/wp-content\/uploads\/2022\/11\/lotteryticket.jpg","datePublished":"2022-12-08T07:44:55+00:00","dateModified":"2022-12-31T14:28:35+00:00","description":"Birle\u015fik Krall\u0131k d\u0131\u015f\u0131ndaki piyango hayranlar\u0131 art\u0131k Thunderball'\u0131 \u00e7evrimi\u00e7i oynayabilir - biletlerinizi mesajla\u015fma hizmetimiz arac\u0131l\u0131\u011f\u0131yla \u00e7evrimi\u00e7i olarak al\u0131n.","breadcrumb":{"@id":"https:\/\/jackpotlotteryonline.com\/tr\/nasil-oynanir\/thunderball\/#breadcrumb"},"inLanguage":"tr","potentialAction":[{"@type":"ReadAction","target":["https:\/\/jackpotlotteryonline.com\/tr\/nasil-oynanir\/thunderball\/"]}]},{"@type":"ImageObject","inLanguage":"tr","@id":"https:\/\/jackpotlotteryonline.com\/tr\/nasil-oynanir\/thunderball\/#primaryimage","url":"https:\/\/jackpotlotteryonline.com\/wp-content\/uploads\/2022\/11\/lotteryticket.jpg","contentUrl":"https:\/\/jackpotlotteryonline.com\/wp-content\/uploads\/2022\/11\/lotteryticket.jpg"},{"@type":"BreadcrumbList","@id":"https:\/\/jackpotlotteryonline.com\/tr\/nasil-oynanir\/thunderball\/#breadcrumb","itemListElement":[{"@type":"ListItem","position":1,"name":"Home","item":"https:\/\/jackpotlotteryonline.com\/tr\/"},{"@type":"ListItem","position":2,"name":"Nas\u0131l oynan\u0131r","item":"https:\/\/jackpotlotteryonline.com\/tr\/nasil-oynanir\/"},{"@type":"ListItem","position":3,"name":"Thunderball \u00e7evrimi\u00e7i &#8211; bu Birle\u015fik Krall\u0131k piyangosunu her yerden oynay\u0131n"}]},{"@type":"WebSite","@id":"https:\/\/jackpotlotteryonline.com\/#website","url":"https:\/\/jackpotlotteryonline.com\/","name":"Lotto Online - Crack The International Lottery Jackpots","description":"","potentialAction":[{"@type":"SearchAction","target":{"@type":"EntryPoint","urlTemplate":"https:\/\/jackpotlotteryonline.com\/?s={search_term_string}"},"query-input":"required name=search_term_string"}],"inLanguage":"tr"}]}},"_links":{"self":[{"href":"https:\/\/jackpotlotteryonline.com\/tr\/wp-json\/wp\/v2\/pages\/41071","targetHints":{"allow":["GET"]}}],"collection":[{"href":"https:\/\/jackpotlotteryonline.com\/tr\/wp-json\/wp\/v2\/pages"}],"about":[{"href":"https:\/\/jackpotlotteryonline.com\/tr\/wp-json\/wp\/v2\/types\/page"}],"author":[{"embeddable":true,"href":"https:\/\/jackpotlotteryonline.com\/tr\/wp-json\/wp\/v2\/users\/1"}],"replies":[{"embeddable":true,"href":"https:\/\/jackpotlotteryonline.com\/tr\/wp-json\/wp\/v2\/comments?post=41071"}],"version-history":[{"count":0,"href":"https:\/\/jackpotlotteryonline.com\/tr\/wp-json\/wp\/v2\/pages\/41071\/revisions"}],"up":[{"embeddable":true,"href":"https:\/\/jackpotlotteryonline.com\/tr\/wp-json\/wp\/v2\/pages\/35727"}],"wp:attachment":[{"href":"https:\/\/jackpotlotteryonline.com\/tr\/wp-json\/wp\/v2\/media?parent=41071"}],"curies":[{"name":"wp","href":"https:\/\/api.w.org\/{rel}","templated":true}]}}