{"id":41123,"date":"2022-12-08T09:45:31","date_gmt":"2022-12-08T09:45:31","guid":{"rendered":"https:\/\/jackpotlotteryonline.com\/?page_id=41123"},"modified":"2022-12-29T09:43:18","modified_gmt":"2022-12-29T09:43:18","slug":"uk-lottery","status":"publish","type":"page","link":"https:\/\/jackpotlotteryonline.com\/tr\/kazanan-sayilar\/uk-lottery\/","title":{"rendered":"Birle\u015fik Krall\u0131k Piyango \u00e7ekili\u015f sonu\u00e7lar\u0131"},"content":{"rendered":"<p>Birle\u015fik Krall\u0131k piyangosu, oyuncular\u0131 milyoner yapabilmesi a\u00e7\u0131s\u0131ndan ilgin\u00e7 bir oyundur. Birle\u015fik Krall\u0131k&#8217;taki bahis\u00e7iler aras\u0131nda pop\u00fcler olsa da, uluslararas\u0131 bahis\u00e7iler taraf\u0131ndan \u00e7ok iyi bilinmemektedir. \u00d6yleyse, elinizi uluslararas\u0131 bir piyangoda denemek istiyorsan\u0131z, neden bunu denemiyorsunuz? \u00d6d\u00fcller garanti edilmese de, kazanan bir numara se\u00e7mek kolayd\u0131r.<\/p>\n<p>Ancak bilmeniz gereken bir \u015fey var. Bu lotoyu kazan\u0131rsan\u0131z, eve ne kadarla d\u00f6nece\u011finizi ger\u00e7ekten s\u00f6yleyemeyiz. Bunun nedeni, ikramiye \u00f6d\u00fcl\u00fcn\u00fcn loto fonunun %52&#8217;si olmas\u0131d\u0131r. E\u011fer \u00e7ok fazla bilet sat\u0131lmad\u0131ysa, o zaman eve fazla bir \u015feyle gitmeyeceksiniz. Hay\u0131r, bunun bizimle bir ilgisi yok ve piyango \u015firketinin bir kural\u0131.<\/p>\n<p>Bu lotoya kat\u0131lmak veya di\u011fer \u00e7e\u015fitli piyangolardan birini se\u00e7mek i\u00e7in jackpotlottery.com adresindeki sitemizi kontrol edebilirsiniz. Sitemizde oynayabilece\u011finiz en iyi uluslararas\u0131 piyangolar var ve kazand\u0131klar\u0131n\u0131z\u0131 saklaman\u0131za izin veriyorlar. Ya da bunun yerine bunu deneyebilirsiniz. Bu tamamen size kalm\u0131\u015f.<\/p>\n<section class=\"layout\" style=\"border: solid 1px; width: 100%;\">\n<div class=\"img-div\" style=\"margin-top: 5px;\"><img decoding=\"async\" class=\"wp-image-17212 alignleft\" style=\"height: 45px; margin: 8px 8px 0px;\" src=\"http:\/\/jackpotlotteryonline.com\/wp-content\/uploads\/2022\/11\/read1.jpg\" alt=\"okuyun\" width=\"\" height=\"\" \/><\/div>\n<div style=\"padding-left: 5px;\">\n<div style=\"font-size: 1.1em;\">\n<p><strong>Hangi Uluslararas\u0131 Piyango En \u0130yisidir?<\/strong><\/p>\n<p style=\"font-size: 0.85em; margin-top: -1.5em;\">Uluslararas\u0131 Piyangolardan hangisi bg kazanmak i\u00e7in en iyi oranlara sahiptir?\u00a0 <a href=\"https:\/\/jackpotlotteryonline.com\/tr\/hangi-uluslararasi-piyango-en-iyisidir\"> daha fazla oku<\/a><\/p>\n<\/div>\n<\/div>\n<\/section>\n<h2>Birle\u015fik Krall\u0131k piyangosu nas\u0131l oynan\u0131r<\/h2>\n<p><img loading=\"lazy\" decoding=\"async\" class=\"alignright size-full wp-image-27482\" src=\"http:\/\/jackpotlotteryonline.com\/wp-content\/uploads\/2022\/11\/1_lottery_jackpot3.jpg\" alt=\"Birle\u015fik Krall\u0131k piyangosunu oynay\u0131n\" width=\"245\" height=\"123\" \/>Di\u011fer loto oyunlar\u0131nda oldu\u011fu gibi, 1&#8217;den 49&#8217;a kadar olan bir havuzdan 6 say\u0131 se\u00e7meniz gerekir. \u00c7ekili\u015fler s\u0131ras\u0131nda rastgele bir bonus numaras\u0131 da se\u00e7ilir ve bu \u00f6d\u00fcl\u00fcn belirlenmesinde kullan\u0131l\u0131r. Bu loto oyununu tavsiye etme konusunda pek istekli de\u011filiz. \u00c7ekilen say\u0131lar\u0131 tuttursan\u0131z bile, eve ne g\u00f6t\u00fcrece\u011finizi garanti edemeyiz.<\/p>\n<p>Sitemizi ziyaret ederseniz, US Powerball ve Mega Millions gibi di\u011fer oyunlara da kat\u0131labilirsiniz. Bu piyangolarda minimum ikramiye 40 milyon dolard\u0131r. Euromillions ve Eurojackpot gibi oynayabilece\u011finiz ba\u015fka Avrupa piyangolar\u0131 da vard\u0131r.<\/p>\n<p>Bu oyunlar\u0131 oynaman\u0131n \u00f6z\u00fc b\u00fcy\u00fck kazanmakt\u0131r ve bu bizim m\u00fc\u015fterilerimiz i\u00e7in hayalimizdir.<\/p>\n<h2>\u00c7ekili\u015fler<\/h2>\n<p>Birle\u015fik Krall\u0131k piyangosu her hafta \u00c7ar\u015famba ve Cumartesi g\u00fcnleri olmak \u00fczere iki \u00e7ekili\u015f d\u00fczenler. Dolay\u0131s\u0131yla, bir loto bileti sat\u0131n ald\u0131\u011f\u0131n\u0131zda, tek bir \u00e7ekili\u015fe veya birden fazla \u00e7ekili\u015fe kat\u0131lmay\u0131 se\u00e7ebilirsiniz. Birden fazla \u00e7ekili\u015fe kat\u0131lmak, \u00f6d\u00fcl kazanma \u015fans\u0131n\u0131z\u0131 art\u0131rman\u0131n harika bir yoludur.<\/p>\n<h2>Birle\u015fik Krall\u0131k piyangosunu kazanmak<\/h2>\n<p>Bu loto oyununu kazanmak i\u00e7in, oyuncular\u0131n \u00e7ekilen sonu\u00e7larla en az \u00fc\u00e7 ana say\u0131y\u0131 e\u015fle\u015ftirmeleri gerekir. B\u00fcy\u00fck ikramiye genellikle yakla\u015f\u0131k 3.000.000 \u00a3&#8217;dur, ancak daha fazla veya daha az olabilir. B\u00fcy\u00fck ikramiyeyi kazanmak i\u00e7in, \u00e7ekilen alt\u0131 say\u0131n\u0131n hepsini e\u015fle\u015ftirmeniz gerekir.<\/p>\n<p>Bu loto oyunu i\u00e7in ba\u015fka \u00f6d\u00fcl b\u00f6l\u00fcmleri de vard\u0131r ve bunlardan birazdan bahsedece\u011fiz.<\/p>\n<p>Loto&#8217;nun bir \u015fans oyunu oldu\u011funu ve kazanman\u0131n kesin bir yolu olmad\u0131\u011f\u0131n\u0131 unutmay\u0131n. \u015eimdiye kadarki en iyi strateji, birden fazla bilet sat\u0131n almak ve birden fazla \u00e7ekili\u015fe kat\u0131lmakt\u0131r. Bu, \u00f6d\u00fcl kazanma \u015fans\u0131n\u0131z\u0131 art\u0131rman\u0131n bir yoludur. Bu, oynamay\u0131 se\u00e7ti\u011finiz herhangi bir loto oyunu i\u00e7in ge\u00e7erlidir.<\/p>\n<h2>\u00d6d\u00fcl b\u00f6l\u00fcmleri<\/h2>\n<p>Payla\u015ft\u0131\u011f\u0131m\u0131z \u015fey, belirli bir Birle\u015fik Krall\u0131k piyango \u00e7ekili\u015fi i\u00e7in \u00f6d\u00fcl da\u011f\u0131l\u0131m\u0131n\u0131n bir \u00f6rne\u011fidir. L\u00fctfen di\u011fer \u00f6d\u00fcllerin \u00f6d\u00fcl fonunun bir y\u00fczdesi oldu\u011funu unutmay\u0131n. Bunun anlam\u0131, birden fazla kazanan varsa, \u00f6d\u00fcl\u00fcn aralar\u0131nda payla\u015ft\u0131r\u0131laca\u011f\u0131d\u0131r.<\/p>\n<p>B\u00f6l\u00fcm 1: Ma\u00e7 6 &#8211; \u00a32,000,000 (b\u00fcy\u00fck ikramiye)<\/p>\n<p>B\u00f6l\u00fcm 2: Ma\u00e7 5 + Bonus &#8211; \u00a31,000,000<\/p>\n<p>B\u00f6l\u00fcm 3: Ma\u00e7 5 &#8211; \u00a31,750<\/p>\n<p>B\u00f6l\u00fcm 4: Ma\u00e7 4 &#8211; \u00a3140<\/p>\n<p>B\u00f6l\u00fcm 5: Ma\u00e7 3 &#8211; \u00a330<\/p>\n<p>B\u00f6l\u00fcm 6: Ma\u00e7 2 &#8211; \u00dccretsiz loto \u015fansl\u0131 dald\u0131rma<\/p>\n<p>Bu \u00f6d\u00fclleri kazansan\u0131z bile, g\u00f6sterilen miktar\u0131n \u00f6deme olarak alaca\u011f\u0131n\u0131z miktar olmad\u0131\u011f\u0131n\u0131 anlay\u0131n. Bunun nedeni, loto fonlar\u0131n\u0131n yakla\u015f\u0131k %45&#8217;inin para \u00f6d\u00fcl\u00fcne gitmesidir. Dolay\u0131s\u0131yla, fonda ne oldu\u011funa ba\u011fl\u0131 olarak daha az veya daha fazla olabilir.<\/p>\n<h2>Kazan\u00e7lar\u0131n\u0131z\u0131 talep etme<\/h2>\n<p>Loto \u015firketinin kazan\u00e7lar\u0131n\u0131z\u0131 talep etme konusunda birka\u00e7 kural\u0131 vard\u0131r.<\/p>\n<ul>\n<li>Lotoya kat\u0131lmak i\u00e7in 18 ya\u015f\u0131ndan b\u00fcy\u00fck olmal\u0131s\u0131n\u0131z<\/li>\n<li>Kazan\u00e7lar \u00e7ekili\u015ften sonraki 180 g\u00fcn i\u00e7inde talep edilmelidir. Bunun tek istisnas\u0131, i\u015fleme 7 g\u00fcn i\u00e7inde ba\u015flam\u0131\u015f olman\u0131zd\u0131r.<\/li>\n<li>An\u0131nda kazanma oyunlar\u0131, an\u0131nda kazanma oyununu sat\u0131n ald\u0131\u011f\u0131n\u0131z tarihten itibaren 180 g\u00fcn i\u00e7inde talep edilmelidir<\/li>\n<li>Kaz\u0131 kazan oyunlar\u0131 da kaz\u0131 kazan kart\u0131n\u0131 sat\u0131n ald\u0131\u011f\u0131n\u0131z tarihten itibaren 180 g\u00fcn i\u00e7inde talep edilmelidir<\/li>\n<\/ul>\n<p><a href=\"https:\/\/jackpotlotteryonline.com\/tr\/nasil-oynanir\/uk-lottery\">Sitemizde piyango oynarsan\u0131z<\/a>, kazan\u00e7lar\u0131n\u0131z\u0131 talep etmenizi kolayla\u015ft\u0131r\u0131yoruz. 2500 \u20ac veya daha az olan kazan\u00e7lar i\u00e7in, onlara do\u011frudan sitemizden eri\u015febilirsiniz. Bunun nedeni, loto \u015firketinin do\u011frudan sitemize \u00f6deme yapmas\u0131 ve daha sonra hesab\u0131n\u0131za \u00e7ekebilmenizdir. E\u011fer 2500 \u20ac&#8217;dan fazla ise, kazanc\u0131n\u0131z\u0131 do\u011frudan loto \u015firketinden talep etmeniz gerekecektir. Doldurman\u0131z i\u00e7in bir talep formu sa\u011flayarak bu konuda size yard\u0131mc\u0131 olaca\u011f\u0131z, bu y\u00fczden endi\u015felenmenize gerek yok.<\/p>\n<h2>Kazanan numaralar\u0131n\u0131z\u0131 nas\u0131l kontrol edersiniz?<\/h2>\n<p><img loading=\"lazy\" decoding=\"async\" class=\"alignright size-medium wp-image-27563\" src=\"http:\/\/jackpotlotteryonline.com\/wp-content\/uploads\/2022\/11\/1_lottery_numbers_draw_results-300x201.jpg\" alt=\"Birle\u015fik Krall\u0131k piyangosunu kazanmak\" width=\"300\" height=\"201\" srcset=\"https:\/\/jackpotlotteryonline.com\/wp-content\/uploads\/2022\/11\/1_lottery_numbers_draw_results-300x201.jpg 300w, https:\/\/jackpotlotteryonline.com\/wp-content\/uploads\/2022\/11\/1_lottery_numbers_draw_results.jpg 320w\" sizes=\"auto, (max-width: 300px) 100vw, 300px\" \/>Bir \u00f6d\u00fcl kazan\u0131p kazanmad\u0131\u011f\u0131n\u0131z\u0131 bilmek i\u00e7in \u00f6ncelikle \u00e7ekilen numaralar\u0131 kontrol etmeniz gerekir. \u00c7evrimi\u00e7i oynuyorsan\u0131z bunu yapman\u0131n birka\u00e7 yolu vard\u0131r. Ancak a\u00e7\u0131k ara en etkili olan\u0131, \u00e7ekili\u015f sonu\u00e7lar\u0131n\u0131 kontrol etmek i\u00e7in buraya d\u00f6nmektir. Her \u00e7ekili\u015ften sonra \u00e7ekilen numaralar\u0131 yay\u0131nl\u0131yoruz.<\/p>\n<p>Ayr\u0131ca, e\u011fer bize kay\u0131t olduysan\u0131z, \u00f6d\u00fcl kazan\u0131p kazanmad\u0131\u011f\u0131n\u0131z\u0131 bildirmek i\u00e7in size bir e-posta g\u00f6nderece\u011fiz. Bu asl\u0131nda bizimle loto oynaman\u0131n ba\u015fl\u0131ca avantajlar\u0131ndan biridir. Tonlarca uluslararas\u0131 piyangoya eri\u015febilece\u011finiz ger\u00e7e\u011finin yan\u0131 s\u0131ra. Bizimle oynad\u0131\u011f\u0131n\u0131zda, \u00f6d\u00fcl\u00fcn\u00fcz\u00fc ka\u00e7\u0131rma konusunda endi\u015felenmenize gerek yok. Bir \u00f6d\u00fcl kazand\u0131\u011f\u0131n\u0131zda size haber verece\u011fiz. Ayr\u0131ca, 2500 \u20ac &#8216;dan azsa, bir sonraki giri\u015finizde hesab\u0131n\u0131zda g\u00fczel bir \u015fekilde oturuyor olacakt\u0131r.<\/p>\n<h2>Bizimle piyango oynaman\u0131n faydalar\u0131<\/h2>\n<ul>\n<li>En iyi uluslararas\u0131 piyangolara tek bir yerden eri\u015febileceksiniz<\/li>\n<li>Biz bir konsiyerj sitesiyiz. Bu, piyangonun sonucu \u00fczerine bahis oynamad\u0131\u011f\u0131n\u0131z anlam\u0131na gelir. Asl\u0131nda nerede olursan\u0131z olun piyango i\u00e7in bir giri\u015f sat\u0131n al\u0131yorsunuz<\/li>\n<li>Abonelik hizmetimizi kullanarak \u00e7ekili\u015flere birka\u00e7 hafta \u00f6nceden kat\u0131labilirsiniz<\/li>\n<li>\u00c7ekili\u015f sonu\u00e7lar\u0131n\u0131 buradan, sitemizden \u00f6\u011frenebilirsiniz<\/li>\n<li>Herhangi bir \u00f6d\u00fcl kazan\u0131rsan\u0131z sizi uyaraca\u011f\u0131z<\/li>\n<li>Kazanc\u0131n\u0131z\u0131 sitemizden bankan\u0131za kolayca nakde \u00e7evirin<\/li>\n<\/ul>\n<p>Sitemizden piyango oynad\u0131\u011f\u0131n\u0131zda pek \u00e7ok avantaj\u0131 vard\u0131r. M\u00fc\u015fterilerimize loto oyunlar\u0131n\u0131n keyfini \u00e7\u0131karabilmeleri i\u00e7in en uygun ve sorunsuz hizmeti sunmaya odaklan\u0131yoruz.<\/p>\n<h2>Loto kazanan numaralar\u0131n\u0131z\u0131 buradan kontrol edin<\/h2>\n<p>Bir\u00e7ok uluslararas\u0131 piyangoya eri\u015fim sa\u011flad\u0131\u011f\u0131m\u0131zdan bahsetmi\u015ftik. Sadece <a href=\"https:\/\/jackpotlotteryonline.com\/tr\/bilet-satin-al\/uk-lottery\">biletlerinizi her yerden sat\u0131n almakla<\/a> kalmaz, ayn\u0131 zamanda \u00e7ekilen numaralar\u0131 da kontrol edebilirsiniz. Hangi loto oyununu oynamay\u0131 se\u00e7erseniz se\u00e7in, sonu\u00e7lar\u0131 tam burada sitemizde yay\u0131nlayaca\u011f\u0131z.<\/p>\n<p>Hepsinden iyisi, herhangi bir \u00f6d\u00fcl kazan\u0131rsan\u0131z, kazanc\u0131n\u0131za ne olaca\u011f\u0131 konusunda endi\u015felenmenize gerek yok. Kazanc\u0131n\u0131zdan herhangi bir y\u00fczde alm\u0131yoruz; ne kazan\u0131rsan\u0131z kazan\u0131n hepsi sizindir. Ve platformumuzdan kolayca \u00e7ekebilirsiniz.<\/p>\n<p>Ger\u00e7ekten, piyango oynamak hi\u00e7 bu kadar basit ve sorunsuz olmam\u0131\u015ft\u0131. Rahat ve stressiz loto oyunlar\u0131n\u0131n keyfini ya\u015famak i\u00e7in neden bug\u00fcn bize kaydolmuyorsunuz?<\/p>\n","protected":false},"excerpt":{"rendered":"<p>Birle\u015fik Krall\u0131k piyangosu, oyuncular\u0131 milyoner yapabilmesi a\u00e7\u0131s\u0131ndan ilgin\u00e7 bir oyundur. Birle\u015fik Krall\u0131k&#8217;taki bahis\u00e7iler aras\u0131nda pop\u00fcler olsa da, uluslararas\u0131 bahis\u00e7iler taraf\u0131ndan \u00e7ok iyi bilinmemektedir. \u00d6yleyse, elinizi uluslararas\u0131 bir piyangoda denemek istiyorsan\u0131z, neden bunu denemiyorsunuz? \u00d6d\u00fcller garanti edilmese de, kazanan bir numara se\u00e7mek kolayd\u0131r. Ancak bilmeniz gereken bir \u015fey var. Bu lotoyu kazan\u0131rsan\u0131z, eve ne kadarla d\u00f6nece\u011finizi [&hellip;]<\/p>\n","protected":false},"author":1,"featured_media":0,"parent":35860,"menu_order":10,"comment_status":"closed","ping_status":"closed","template":"lotto-uk-results.php","meta":{"_et_pb_use_builder":"","_et_pb_old_content":"","_et_gb_content_width":"","exclude_from_search":false,"footnotes":""},"class_list":["post-41123","page","type-page","status-publish","hentry"],"yoast_head":"<!-- This site is optimized with the Yoast SEO plugin v23.3 - https:\/\/yoast.com\/wordpress\/plugins\/seo\/ -->\n<title>Birle\u015fik Krall\u0131k Piyango kazanan numaralar ve \u00e7ekili\u015f sonu\u00e7lar\u0131<\/title>\n<meta name=\"description\" content=\"\u00c7ekili\u015ften hemen sonra, \u0130ngiltere piyangosunun t\u00fcm sonu\u00e7lar\u0131n\u0131 ve kazanan numaralar\u0131 burada bulabilirsiniz\" \/>\n<meta name=\"robots\" content=\"index, follow, max-snippet:-1, max-image-preview:large, max-video-preview:-1\" \/>\n<link rel=\"canonical\" href=\"https:\/\/jackpotlotteryonline.com\/tr\/kazanan-sayilar\/uk-lottery\/\" \/>\n<meta property=\"og:locale\" content=\"tr_TR\" \/>\n<meta property=\"og:type\" content=\"article\" \/>\n<meta property=\"og:title\" content=\"Birle\u015fik Krall\u0131k Piyango kazanan numaralar ve \u00e7ekili\u015f sonu\u00e7lar\u0131\" \/>\n<meta property=\"og:description\" content=\"\u00c7ekili\u015ften hemen sonra, \u0130ngiltere piyangosunun t\u00fcm sonu\u00e7lar\u0131n\u0131 ve kazanan numaralar\u0131 burada bulabilirsiniz\" \/>\n<meta property=\"og:url\" content=\"https:\/\/jackpotlotteryonline.com\/tr\/kazanan-sayilar\/uk-lottery\/\" \/>\n<meta property=\"og:site_name\" content=\"Lotto Online - Crack The International Lottery Jackpots\" \/>\n<meta property=\"article:modified_time\" content=\"2022-12-29T09:43:18+00:00\" \/>\n<meta property=\"og:image\" content=\"http:\/\/jackpotlotteryonline.com\/wp-content\/uploads\/2022\/11\/read1.jpg\" \/>\n<meta name=\"twitter:card\" content=\"summary_large_image\" \/>\n<meta name=\"twitter:label1\" content=\"Tahmini okuma s\u00fcresi\" \/>\n\t<meta name=\"twitter:data1\" content=\"5 dakika\" \/>\n<!-- \/ Yoast SEO plugin. -->","yoast_head_json":{"title":"Birle\u015fik Krall\u0131k Piyango kazanan numaralar ve \u00e7ekili\u015f sonu\u00e7lar\u0131","description":"\u00c7ekili\u015ften hemen sonra, \u0130ngiltere piyangosunun t\u00fcm sonu\u00e7lar\u0131n\u0131 ve kazanan numaralar\u0131 burada bulabilirsiniz","robots":{"index":"index","follow":"follow","max-snippet":"max-snippet:-1","max-image-preview":"max-image-preview:large","max-video-preview":"max-video-preview:-1"},"canonical":"https:\/\/jackpotlotteryonline.com\/tr\/kazanan-sayilar\/uk-lottery\/","og_locale":"tr_TR","og_type":"article","og_title":"Birle\u015fik Krall\u0131k Piyango kazanan numaralar ve \u00e7ekili\u015f sonu\u00e7lar\u0131","og_description":"\u00c7ekili\u015ften hemen sonra, \u0130ngiltere piyangosunun t\u00fcm sonu\u00e7lar\u0131n\u0131 ve kazanan numaralar\u0131 burada bulabilirsiniz","og_url":"https:\/\/jackpotlotteryonline.com\/tr\/kazanan-sayilar\/uk-lottery\/","og_site_name":"Lotto Online - Crack The International Lottery Jackpots","article_modified_time":"2022-12-29T09:43:18+00:00","og_image":[{"url":"http:\/\/jackpotlotteryonline.com\/wp-content\/uploads\/2022\/11\/read1.jpg"}],"twitter_card":"summary_large_image","twitter_misc":{"Tahmini okuma s\u00fcresi":"5 dakika"},"schema":{"@context":"https:\/\/schema.org","@graph":[{"@type":"WebPage","@id":"https:\/\/jackpotlotteryonline.com\/tr\/kazanan-sayilar\/uk-lottery\/","url":"https:\/\/jackpotlotteryonline.com\/tr\/kazanan-sayilar\/uk-lottery\/","name":"Birle\u015fik Krall\u0131k Piyango kazanan numaralar ve \u00e7ekili\u015f sonu\u00e7lar\u0131","isPartOf":{"@id":"https:\/\/jackpotlotteryonline.com\/#website"},"primaryImageOfPage":{"@id":"https:\/\/jackpotlotteryonline.com\/tr\/kazanan-sayilar\/uk-lottery\/#primaryimage"},"image":{"@id":"https:\/\/jackpotlotteryonline.com\/tr\/kazanan-sayilar\/uk-lottery\/#primaryimage"},"thumbnailUrl":"http:\/\/jackpotlotteryonline.com\/wp-content\/uploads\/2022\/11\/read1.jpg","datePublished":"2022-12-08T09:45:31+00:00","dateModified":"2022-12-29T09:43:18+00:00","description":"\u00c7ekili\u015ften hemen sonra, \u0130ngiltere piyangosunun t\u00fcm sonu\u00e7lar\u0131n\u0131 ve kazanan numaralar\u0131 burada bulabilirsiniz","breadcrumb":{"@id":"https:\/\/jackpotlotteryonline.com\/tr\/kazanan-sayilar\/uk-lottery\/#breadcrumb"},"inLanguage":"tr","potentialAction":[{"@type":"ReadAction","target":["https:\/\/jackpotlotteryonline.com\/tr\/kazanan-sayilar\/uk-lottery\/"]}]},{"@type":"ImageObject","inLanguage":"tr","@id":"https:\/\/jackpotlotteryonline.com\/tr\/kazanan-sayilar\/uk-lottery\/#primaryimage","url":"http:\/\/jackpotlotteryonline.com\/wp-content\/uploads\/2022\/11\/read1.jpg","contentUrl":"http:\/\/jackpotlotteryonline.com\/wp-content\/uploads\/2022\/11\/read1.jpg"},{"@type":"BreadcrumbList","@id":"https:\/\/jackpotlotteryonline.com\/tr\/kazanan-sayilar\/uk-lottery\/#breadcrumb","itemListElement":[{"@type":"ListItem","position":1,"name":"Home","item":"https:\/\/jackpotlotteryonline.com\/tr\/"},{"@type":"ListItem","position":2,"name":"Piyango sonu\u00e7lar\u0131","item":"https:\/\/jackpotlotteryonline.com\/tr\/kazanan-sayilar\/"},{"@type":"ListItem","position":3,"name":"Birle\u015fik Krall\u0131k Piyango \u00e7ekili\u015f sonu\u00e7lar\u0131"}]},{"@type":"WebSite","@id":"https:\/\/jackpotlotteryonline.com\/#website","url":"https:\/\/jackpotlotteryonline.com\/","name":"Lotto Online - Crack The International Lottery Jackpots","description":"","potentialAction":[{"@type":"SearchAction","target":{"@type":"EntryPoint","urlTemplate":"https:\/\/jackpotlotteryonline.com\/?s={search_term_string}"},"query-input":"required name=search_term_string"}],"inLanguage":"tr"}]}},"_links":{"self":[{"href":"https:\/\/jackpotlotteryonline.com\/tr\/wp-json\/wp\/v2\/pages\/41123","targetHints":{"allow":["GET"]}}],"collection":[{"href":"https:\/\/jackpotlotteryonline.com\/tr\/wp-json\/wp\/v2\/pages"}],"about":[{"href":"https:\/\/jackpotlotteryonline.com\/tr\/wp-json\/wp\/v2\/types\/page"}],"author":[{"embeddable":true,"href":"https:\/\/jackpotlotteryonline.com\/tr\/wp-json\/wp\/v2\/users\/1"}],"replies":[{"embeddable":true,"href":"https:\/\/jackpotlotteryonline.com\/tr\/wp-json\/wp\/v2\/comments?post=41123"}],"version-history":[{"count":0,"href":"https:\/\/jackpotlotteryonline.com\/tr\/wp-json\/wp\/v2\/pages\/41123\/revisions"}],"up":[{"embeddable":true,"href":"https:\/\/jackpotlotteryonline.com\/tr\/wp-json\/wp\/v2\/pages\/35860"}],"wp:attachment":[{"href":"https:\/\/jackpotlotteryonline.com\/tr\/wp-json\/wp\/v2\/media?parent=41123"}],"curies":[{"name":"wp","href":"https:\/\/api.w.org\/{rel}","templated":true}]}}